{"id":2165,"date":"2021-03-08T14:58:25","date_gmt":"2021-03-08T14:58:25","guid":{"rendered":"http:\/\/progeo-cga.com\/?page_id=2165\/"},"modified":"2021-03-08T15:05:48","modified_gmt":"2021-03-08T15:05:48","slug":"tibidabo-new-funicular-bcn-spain","status":"publish","type":"page","link":"https:\/\/progeo-cga.com\/en\/projects\/slopes-and-landslides-projects\/tibidabo-new-funicular-bcn-spain\/","title":{"rendered":"TIBIDABO NEW FUNICULAR-BCN, SPAIN"},"content":{"rendered":"[vc_row row_type=&#8221;3&#8243; blox_image=&#8221;2159&#8243; blox_dark=&#8221;true&#8221; row_pattern=&#8221;max-pat&#8221;][vc_column][vc_empty_space height=&#8221;260px&#8221;][vc_column_text]\n<p class=\"head-nosotros\">TIBIDABO NEW FUNICULAR &#8211; BARCELONA (SPAIN, 2019-2020)<\/p>\n[\/vc_column_text][vc_empty_space height=&#8221;260px&#8221;][\/vc_column][\/vc_row][vc_row][vc_column][vc_empty_space height=&#8221;60px&#8221;][vc_row_inner][vc_column_inner width=&#8221;1\/2&#8243;][vc_column_text]A finales de 2019, se incian\u00a0las obras de la fase II de renovaci\u00f3n del Funicular del Tibidabo. Dicha renovaci\u00f3n incluye la reforma completa de las estaciones superior e inferior as\u00ed como un conjunto de actuaciones de renovaci\u00f3n integral de la v\u00eda. Estas actuaciones implican excavaciones en los taludes existentes, tanto en la traza del funicular como en las estaciones.<\/p>\n<p>En noviembre de 2019,\u00a0<strong>PRO GEO es contratada en fase de obra<\/strong>\u00a0para todos los aspectos relacionados con la\u00a0<strong>estabilidad de taludes i contenci\u00f3n de los mismos<\/strong>, as\u00ed como el dise\u00f1o de la\u00a0<strong>cimentaci\u00f3n del nuevo ascensor<\/strong>.[\/vc_column_text][\/vc_column_inner][vc_column_inner width=&#8221;1\/2&#8243;][vc_column_text]<strong>The services provided by PRO GEO <\/strong>are the following:<strong>\u00a0<\/strong><\/p>\n<ul>\n<li>Field visits including obtaining rock samples and conducting geomechanical stations.<\/li>\n<li>Kinematic and dynamic analysis of the discontinuities measured in the geomechanical stations.<\/li>\n<li>Bolting containment system design for inestable slopes.<\/li>\n<li>3D modeling of the upper station to study the interference of the required excavation\u00a0 for the new superstructure with the existing Ferris wheel\u00a0foundation.<\/li>\n<li>Foundations design of the future elevator for the upper station adaptation to reduced mobility people.<\/li>\n<\/ul>\n[\/vc_column_text][\/vc_column_inner][\/vc_row_inner][\/vc_column][\/vc_row][vc_row][vc_column width=&#8221;1\/6&#8243;][\/vc_column][vc_column width=&#8221;2\/3&#8243;][vc_images_carousel images=&#8221;2150,2151,2159,2152,2147,2146,2145&#8243; img_size=&#8221;full&#8221; autoplay=&#8221;yes&#8221; wrap=&#8221;yes&#8221;][\/vc_column][vc_column width=&#8221;1\/6&#8243;][\/vc_column][\/vc_row][vc_row][vc_column][vc_empty_space][\/vc_column][\/vc_row]\n","protected":false},"excerpt":{"rendered":"<p>[vc_row row_type=&#8221;3&#8243; blox_image=&#8221;2159&#8243; blox_dark=&#8221;true&#8221; row_pattern=&#8221;max-pat&#8221;][vc_column][vc_empty_space height=&#8221;260px&#8221;][vc_column_text] TIBIDABO NEW FUNICULAR &#8211; BARCELONA (SPAIN, 2019-2020) [\/vc_column_text][vc_empty_space height=&#8221;260px&#8221;][\/vc_column][\/vc_row][vc_row][vc_column][vc_empty_space height=&#8221;60px&#8221;][vc_row_inner][vc_column_inner width=&#8221;1\/2&#8243;][vc_column_text]A finales de 2019, se incian\u00a0las obras de la fase II de renovaci\u00f3n del Funicular del Tibidabo. Dicha renovaci\u00f3n incluye la reforma completa de las estaciones superior e inferior as\u00ed como un conjunto de actuaciones de renovaci\u00f3n integral de la v\u00eda. Estas actuaciones implican excavaciones en los taludes existentes,&#8230; <\/p>\n<p><a class=\"readmore\" href=\"https:\/\/progeo-cga.com\/en\/projects\/slopes-and-landslides-projects\/tibidabo-new-funicular-bcn-spain\/\">Read More<\/a><\/p>\n","protected":false},"author":3,"featured_media":0,"parent":1641,"menu_order":3,"comment_status":"closed","ping_status":"closed","template":"","meta":{"footnotes":""},"class_list":["post-2165","page","type-page","status-publish","hentry"],"yoast_head":"<!-- This site is optimized with the Yoast SEO plugin v24.0 - https:\/\/yoast.com\/wordpress\/plugins\/seo\/ -->\n<title>TIBIDABO NEW FUNICULAR-BCN, SPAIN - PRO GEO<\/title>\n<meta name=\"robots\" content=\"index, follow, max-snippet:-1, max-image-preview:large, max-video-preview:-1\" \/>\n<link rel=\"canonical\" href=\"https:\/\/progeo-cga.com\/en\/projects\/slopes-and-landslides-projects\/tibidabo-new-funicular-bcn-spain\/\" \/>\n<meta property=\"og:locale\" content=\"en_US\" \/>\n<meta property=\"og:type\" content=\"article\" \/>\n<meta property=\"og:title\" content=\"TIBIDABO NEW FUNICULAR-BCN, SPAIN - PRO GEO\" \/>\n<meta property=\"og:description\" content=\"[vc_row row_type=&#8221;3&#8243; blox_image=&#8221;2159&#8243; blox_dark=&#8221;true&#8221; row_pattern=&#8221;max-pat&#8221;][vc_column][vc_empty_space height=&#8221;260px&#8221;][vc_column_text] TIBIDABO NEW FUNICULAR &#8211; BARCELONA (SPAIN, 2019-2020) [\/vc_column_text][vc_empty_space height=&#8221;260px&#8221;][\/vc_column][\/vc_row][vc_row][vc_column][vc_empty_space height=&#8221;60px&#8221;][vc_row_inner][vc_column_inner width=&#8221;1\/2&#8243;][vc_column_text]A finales de 2019, se incian\u00a0las obras de la fase II de renovaci\u00f3n del Funicular del Tibidabo. Dicha renovaci\u00f3n incluye la reforma completa de las estaciones superior e inferior as\u00ed como un conjunto de actuaciones de renovaci\u00f3n integral de la v\u00eda. Estas actuaciones implican excavaciones en los taludes existentes,... Read More\" \/>\n<meta property=\"og:url\" content=\"https:\/\/progeo-cga.com\/en\/projects\/slopes-and-landslides-projects\/tibidabo-new-funicular-bcn-spain\/\" \/>\n<meta property=\"og:site_name\" content=\"PRO GEO\" \/>\n<meta property=\"article:modified_time\" content=\"2021-03-08T15:05:48+00:00\" \/>\n<meta name=\"twitter:card\" content=\"summary_large_image\" \/>\n<meta name=\"twitter:label1\" content=\"Est. reading time\" \/>\n\t<meta name=\"twitter:data1\" content=\"2 minutes\" \/>\n<script type=\"application\/ld+json\" class=\"yoast-schema-graph\">{\"@context\":\"https:\/\/schema.org\",\"@graph\":[{\"@type\":\"WebPage\",\"@id\":\"https:\/\/progeo-cga.com\/en\/projects\/slopes-and-landslides-projects\/tibidabo-new-funicular-bcn-spain\/\",\"url\":\"https:\/\/progeo-cga.com\/en\/projects\/slopes-and-landslides-projects\/tibidabo-new-funicular-bcn-spain\/\",\"name\":\"TIBIDABO NEW FUNICULAR-BCN, SPAIN - PRO GEO\",\"isPartOf\":{\"@id\":\"https:\/\/progeo-cga.com\/#website\"},\"datePublished\":\"2021-03-08T14:58:25+00:00\",\"dateModified\":\"2021-03-08T15:05:48+00:00\",\"breadcrumb\":{\"@id\":\"https:\/\/progeo-cga.com\/en\/projects\/slopes-and-landslides-projects\/tibidabo-new-funicular-bcn-spain\/#breadcrumb\"},\"inLanguage\":\"en-US\",\"potentialAction\":[{\"@type\":\"ReadAction\",\"target\":[\"https:\/\/progeo-cga.com\/en\/projects\/slopes-and-landslides-projects\/tibidabo-new-funicular-bcn-spain\/\"]}]},{\"@type\":\"BreadcrumbList\",\"@id\":\"https:\/\/progeo-cga.com\/en\/projects\/slopes-and-landslides-projects\/tibidabo-new-funicular-bcn-spain\/#breadcrumb\",\"itemListElement\":[{\"@type\":\"ListItem\",\"position\":1,\"name\":\"Home\",\"item\":\"https:\/\/progeo-cga.com\/en\/\"},{\"@type\":\"ListItem\",\"position\":2,\"name\":\"PROJECTS\",\"item\":\"https:\/\/progeo-cga.com\/en\/projects\/\"},{\"@type\":\"ListItem\",\"position\":3,\"name\":\"SLOPES AND LANDSLIDES &#8211; PROJECTS\",\"item\":\"https:\/\/progeo-cga.com\/en\/projects\/slopes-and-landslides-projects\/\"},{\"@type\":\"ListItem\",\"position\":4,\"name\":\"TIBIDABO NEW FUNICULAR-BCN, SPAIN\"}]},{\"@type\":\"WebSite\",\"@id\":\"https:\/\/progeo-cga.com\/#website\",\"url\":\"https:\/\/progeo-cga.com\/\",\"name\":\"PRO GEO\",\"description\":\"GEOTECHNICAL CONSULTANTS\",\"potentialAction\":[{\"@type\":\"SearchAction\",\"target\":{\"@type\":\"EntryPoint\",\"urlTemplate\":\"https:\/\/progeo-cga.com\/?s={search_term_string}\"},\"query-input\":{\"@type\":\"PropertyValueSpecification\",\"valueRequired\":true,\"valueName\":\"search_term_string\"}}],\"inLanguage\":\"en-US\"}]}<\/script>\n<!-- \/ Yoast SEO plugin. -->","yoast_head_json":{"title":"TIBIDABO NEW FUNICULAR-BCN, SPAIN - PRO GEO","robots":{"index":"index","follow":"follow","max-snippet":"max-snippet:-1","max-image-preview":"max-image-preview:large","max-video-preview":"max-video-preview:-1"},"canonical":"https:\/\/progeo-cga.com\/en\/projects\/slopes-and-landslides-projects\/tibidabo-new-funicular-bcn-spain\/","og_locale":"en_US","og_type":"article","og_title":"TIBIDABO NEW FUNICULAR-BCN, SPAIN - PRO GEO","og_description":"[vc_row row_type=&#8221;3&#8243; blox_image=&#8221;2159&#8243; blox_dark=&#8221;true&#8221; row_pattern=&#8221;max-pat&#8221;][vc_column][vc_empty_space height=&#8221;260px&#8221;][vc_column_text] TIBIDABO NEW FUNICULAR &#8211; BARCELONA (SPAIN, 2019-2020) [\/vc_column_text][vc_empty_space height=&#8221;260px&#8221;][\/vc_column][\/vc_row][vc_row][vc_column][vc_empty_space height=&#8221;60px&#8221;][vc_row_inner][vc_column_inner width=&#8221;1\/2&#8243;][vc_column_text]A finales de 2019, se incian\u00a0las obras de la fase II de renovaci\u00f3n del Funicular del Tibidabo. Dicha renovaci\u00f3n incluye la reforma completa de las estaciones superior e inferior as\u00ed como un conjunto de actuaciones de renovaci\u00f3n integral de la v\u00eda. Estas actuaciones implican excavaciones en los taludes existentes,... Read More","og_url":"https:\/\/progeo-cga.com\/en\/projects\/slopes-and-landslides-projects\/tibidabo-new-funicular-bcn-spain\/","og_site_name":"PRO GEO","article_modified_time":"2021-03-08T15:05:48+00:00","twitter_card":"summary_large_image","twitter_misc":{"Est. reading time":"2 minutes"},"schema":{"@context":"https:\/\/schema.org","@graph":[{"@type":"WebPage","@id":"https:\/\/progeo-cga.com\/en\/projects\/slopes-and-landslides-projects\/tibidabo-new-funicular-bcn-spain\/","url":"https:\/\/progeo-cga.com\/en\/projects\/slopes-and-landslides-projects\/tibidabo-new-funicular-bcn-spain\/","name":"TIBIDABO NEW FUNICULAR-BCN, SPAIN - PRO GEO","isPartOf":{"@id":"https:\/\/progeo-cga.com\/#website"},"datePublished":"2021-03-08T14:58:25+00:00","dateModified":"2021-03-08T15:05:48+00:00","breadcrumb":{"@id":"https:\/\/progeo-cga.com\/en\/projects\/slopes-and-landslides-projects\/tibidabo-new-funicular-bcn-spain\/#breadcrumb"},"inLanguage":"en-US","potentialAction":[{"@type":"ReadAction","target":["https:\/\/progeo-cga.com\/en\/projects\/slopes-and-landslides-projects\/tibidabo-new-funicular-bcn-spain\/"]}]},{"@type":"BreadcrumbList","@id":"https:\/\/progeo-cga.com\/en\/projects\/slopes-and-landslides-projects\/tibidabo-new-funicular-bcn-spain\/#breadcrumb","itemListElement":[{"@type":"ListItem","position":1,"name":"Home","item":"https:\/\/progeo-cga.com\/en\/"},{"@type":"ListItem","position":2,"name":"PROJECTS","item":"https:\/\/progeo-cga.com\/en\/projects\/"},{"@type":"ListItem","position":3,"name":"SLOPES AND LANDSLIDES &#8211; PROJECTS","item":"https:\/\/progeo-cga.com\/en\/projects\/slopes-and-landslides-projects\/"},{"@type":"ListItem","position":4,"name":"TIBIDABO NEW FUNICULAR-BCN, SPAIN"}]},{"@type":"WebSite","@id":"https:\/\/progeo-cga.com\/#website","url":"https:\/\/progeo-cga.com\/","name":"PRO GEO","description":"GEOTECHNICAL CONSULTANTS","potentialAction":[{"@type":"SearchAction","target":{"@type":"EntryPoint","urlTemplate":"https:\/\/progeo-cga.com\/?s={search_term_string}"},"query-input":{"@type":"PropertyValueSpecification","valueRequired":true,"valueName":"search_term_string"}}],"inLanguage":"en-US"}]}},"_links":{"self":[{"href":"https:\/\/progeo-cga.com\/en\/wp-json\/wp\/v2\/pages\/2165","targetHints":{"allow":["GET"]}}],"collection":[{"href":"https:\/\/progeo-cga.com\/en\/wp-json\/wp\/v2\/pages"}],"about":[{"href":"https:\/\/progeo-cga.com\/en\/wp-json\/wp\/v2\/types\/page"}],"author":[{"embeddable":true,"href":"https:\/\/progeo-cga.com\/en\/wp-json\/wp\/v2\/users\/3"}],"replies":[{"embeddable":true,"href":"https:\/\/progeo-cga.com\/en\/wp-json\/wp\/v2\/comments?post=2165"}],"version-history":[{"count":1,"href":"https:\/\/progeo-cga.com\/en\/wp-json\/wp\/v2\/pages\/2165\/revisions"}],"predecessor-version":[{"id":2166,"href":"https:\/\/progeo-cga.com\/en\/wp-json\/wp\/v2\/pages\/2165\/revisions\/2166"}],"up":[{"embeddable":true,"href":"https:\/\/progeo-cga.com\/en\/wp-json\/wp\/v2\/pages\/1641"}],"wp:attachment":[{"href":"https:\/\/progeo-cga.com\/en\/wp-json\/wp\/v2\/media?parent=2165"}],"curies":[{"name":"wp","href":"https:\/\/api.w.org\/{rel}","templated":true}]}}