{"id":2106,"date":"2021-03-08T11:14:49","date_gmt":"2021-03-08T11:14:49","guid":{"rendered":"http:\/\/progeo-cga.com\/?page_id=2106\/"},"modified":"2021-03-08T11:14:49","modified_gmt":"2021-03-08T11:14:49","slug":"placa-les-glories-new-tunnels-spain","status":"publish","type":"page","link":"https:\/\/progeo-cga.com\/en\/projects\/tunnels-projects\/placa-les-glories-new-tunnels-spain\/","title":{"rendered":"PLA\u00c7A DE LES GL\u00d2RIES NEW TUNNELS, SPAIN"},"content":{"rendered":"[vc_row row_type=&#8221;3&#8243; blox_height=&#8221;600&#8243; blox_image=&#8221;2036&#8243; blox_padding_top=&#8221;260&#8243; blox_padding_bottom=&#8221;70&#8243; blox_dark=&#8221;true&#8221; row_pattern=&#8221;max-pat&#8221;][vc_column][vc_column_text]\n<p class=\"head-nosotros\">PLA\u00c7A DE LES GL\u00d2RIES NEW TUNNELS (LOTS 2 AND 3), BARCELONA (SPAIN, 2018-2020)<\/p>\n[\/vc_column_text][\/vc_column][\/vc_row][vc_row][vc_column][vc_empty_space][\/vc_column][\/vc_row][vc_row][vc_column][vc_row_inner][vc_column_inner width=&#8221;1\/2&#8243;][vc_column_text]The underground road passage in Pla\u00e7a de las Gl\u00f2ries (Pla\u00e7a de les Gl\u00f2ries Tunnel) is built from excavation between walls and three underpasses of the existing tunnels (called Lots 1, 2 and 3). These steps consist\u00a0on the construction of tunnels in mine (metal tubes driven, concreted and prestressed at the top and on the sides). Subsequently, a single-celled box of reinforced concrete is executed in phases.<\/p>\n<p><strong>PRO GEO has been contracted<\/strong> for the geotechnical analysis of the construction sequence of <strong>Lot 2<\/strong> (underpass of the R3 \/ R4 Manresa-Puigcerd\u00e0 and R1 Ma\u00e7anet-Massanes commuter lines) and of Lot 3 (underpass of TMB line 1).[\/vc_column_text][\/vc_column_inner][vc_column_inner width=&#8221;1\/2&#8243;][vc_column_text]<strong>PRO GEO&#8217;s experience<\/strong> has helped solve the following problems:<\/p>\n<ul>\n<li>Three-dimensional geomechanical modeling in Plaxis 3D of the construction sequence of the underpasses of Lots 2 and 3.<\/li>\n<li>Estimation of the settlements and horizontal movements during the construction phases of the underpasses and comparison with the auscultation results.<\/li>\n<li>For Lot 3, the improvement of the soil of the excavation face through injections has been studied.<\/li>\n<li>For Lots 2 and 3, alternatives in the construction sequence have been studied.<\/li>\n<\/ul>\n[\/vc_column_text][\/vc_column_inner][\/vc_row_inner][vc_empty_space height=&#8221;60px&#8221;][vc_row_inner][vc_column_inner width=&#8221;1\/6&#8243;][\/vc_column_inner][vc_column_inner width=&#8221;2\/3&#8243;][vc_images_carousel images=&#8221;2019,2018,2017&#8243; img_size=&#8221;full&#8221;][\/vc_column_inner][vc_column_inner width=&#8221;1\/6&#8243;][\/vc_column_inner][\/vc_row_inner][\/vc_column][\/vc_row][vc_row][vc_column][vc_empty_space][\/vc_column][\/vc_row]\n","protected":false},"excerpt":{"rendered":"<p>[vc_row row_type=&#8221;3&#8243; blox_height=&#8221;600&#8243; blox_image=&#8221;2036&#8243; blox_padding_top=&#8221;260&#8243; blox_padding_bottom=&#8221;70&#8243; blox_dark=&#8221;true&#8221; row_pattern=&#8221;max-pat&#8221;][vc_column][vc_column_text] PLA\u00c7A DE LES GL\u00d2RIES NEW TUNNELS (LOTS 2 AND 3), BARCELONA (SPAIN, 2018-2020) [\/vc_column_text][\/vc_column][\/vc_row][vc_row][vc_column][vc_empty_space][\/vc_column][\/vc_row][vc_row][vc_column][vc_row_inner][vc_column_inner width=&#8221;1\/2&#8243;][vc_column_text]The underground road passage in Pla\u00e7a de las Gl\u00f2ries (Pla\u00e7a de les Gl\u00f2ries Tunnel) is built from excavation between walls and three underpasses of the existing tunnels (called Lots 1, 2 and 3). These steps consist\u00a0on the construction of tunnels in mine (metal&#8230; <\/p>\n<p><a class=\"readmore\" href=\"https:\/\/progeo-cga.com\/en\/projects\/tunnels-projects\/placa-les-glories-new-tunnels-spain\/\">Read More<\/a><\/p>\n","protected":false},"author":3,"featured_media":0,"parent":1643,"menu_order":9,"comment_status":"closed","ping_status":"closed","template":"","meta":{"footnotes":""},"class_list":["post-2106","page","type-page","status-publish","hentry"],"yoast_head":"<!-- This site is optimized with the Yoast SEO plugin v24.0 - https:\/\/yoast.com\/wordpress\/plugins\/seo\/ -->\n<title>PLA\u00c7A DE LES GL\u00d2RIES NEW TUNNELS, SPAIN - PRO GEO<\/title>\n<meta name=\"robots\" content=\"index, follow, max-snippet:-1, max-image-preview:large, max-video-preview:-1\" \/>\n<link rel=\"canonical\" href=\"https:\/\/progeo-cga.com\/en\/projects\/tunnels-projects\/placa-les-glories-new-tunnels-spain\/\" \/>\n<meta property=\"og:locale\" content=\"en_US\" \/>\n<meta property=\"og:type\" content=\"article\" \/>\n<meta property=\"og:title\" content=\"PLA\u00c7A DE LES GL\u00d2RIES NEW TUNNELS, SPAIN - PRO GEO\" \/>\n<meta property=\"og:description\" content=\"[vc_row row_type=&#8221;3&#8243; blox_height=&#8221;600&#8243; blox_image=&#8221;2036&#8243; blox_padding_top=&#8221;260&#8243; blox_padding_bottom=&#8221;70&#8243; blox_dark=&#8221;true&#8221; row_pattern=&#8221;max-pat&#8221;][vc_column][vc_column_text] PLA\u00c7A DE LES GL\u00d2RIES NEW TUNNELS (LOTS 2 AND 3), BARCELONA (SPAIN, 2018-2020) [\/vc_column_text][\/vc_column][\/vc_row][vc_row][vc_column][vc_empty_space][\/vc_column][\/vc_row][vc_row][vc_column][vc_row_inner][vc_column_inner width=&#8221;1\/2&#8243;][vc_column_text]The underground road passage in Pla\u00e7a de las Gl\u00f2ries (Pla\u00e7a de les Gl\u00f2ries Tunnel) is built from excavation between walls and three underpasses of the existing tunnels (called Lots 1, 2 and 3). These steps consist\u00a0on the construction of tunnels in mine (metal... Read More\" \/>\n<meta property=\"og:url\" content=\"https:\/\/progeo-cga.com\/en\/projects\/tunnels-projects\/placa-les-glories-new-tunnels-spain\/\" \/>\n<meta property=\"og:site_name\" content=\"PRO GEO\" \/>\n<meta name=\"twitter:card\" content=\"summary_large_image\" \/>\n<meta name=\"twitter:label1\" content=\"Est. reading time\" \/>\n\t<meta name=\"twitter:data1\" content=\"2 minutes\" \/>\n<script type=\"application\/ld+json\" class=\"yoast-schema-graph\">{\"@context\":\"https:\/\/schema.org\",\"@graph\":[{\"@type\":\"WebPage\",\"@id\":\"https:\/\/progeo-cga.com\/en\/projects\/tunnels-projects\/placa-les-glories-new-tunnels-spain\/\",\"url\":\"https:\/\/progeo-cga.com\/en\/projects\/tunnels-projects\/placa-les-glories-new-tunnels-spain\/\",\"name\":\"PLA\u00c7A DE LES GL\u00d2RIES NEW TUNNELS, SPAIN - PRO GEO\",\"isPartOf\":{\"@id\":\"https:\/\/progeo-cga.com\/#website\"},\"datePublished\":\"2021-03-08T11:14:49+00:00\",\"dateModified\":\"2021-03-08T11:14:49+00:00\",\"breadcrumb\":{\"@id\":\"https:\/\/progeo-cga.com\/en\/projects\/tunnels-projects\/placa-les-glories-new-tunnels-spain\/#breadcrumb\"},\"inLanguage\":\"en-US\",\"potentialAction\":[{\"@type\":\"ReadAction\",\"target\":[\"https:\/\/progeo-cga.com\/en\/projects\/tunnels-projects\/placa-les-glories-new-tunnels-spain\/\"]}]},{\"@type\":\"BreadcrumbList\",\"@id\":\"https:\/\/progeo-cga.com\/en\/projects\/tunnels-projects\/placa-les-glories-new-tunnels-spain\/#breadcrumb\",\"itemListElement\":[{\"@type\":\"ListItem\",\"position\":1,\"name\":\"Home\",\"item\":\"https:\/\/progeo-cga.com\/en\/\"},{\"@type\":\"ListItem\",\"position\":2,\"name\":\"PROJECTS\",\"item\":\"https:\/\/progeo-cga.com\/en\/projects\/\"},{\"@type\":\"ListItem\",\"position\":3,\"name\":\"TUNNELS &#8211; PROJECTS\",\"item\":\"https:\/\/progeo-cga.com\/en\/projects\/tunnels-projects\/\"},{\"@type\":\"ListItem\",\"position\":4,\"name\":\"PLA\u00c7A DE LES GL\u00d2RIES NEW TUNNELS, SPAIN\"}]},{\"@type\":\"WebSite\",\"@id\":\"https:\/\/progeo-cga.com\/#website\",\"url\":\"https:\/\/progeo-cga.com\/\",\"name\":\"PRO GEO\",\"description\":\"GEOTECHNICAL CONSULTANTS\",\"potentialAction\":[{\"@type\":\"SearchAction\",\"target\":{\"@type\":\"EntryPoint\",\"urlTemplate\":\"https:\/\/progeo-cga.com\/?s={search_term_string}\"},\"query-input\":{\"@type\":\"PropertyValueSpecification\",\"valueRequired\":true,\"valueName\":\"search_term_string\"}}],\"inLanguage\":\"en-US\"}]}<\/script>\n<!-- \/ Yoast SEO plugin. -->","yoast_head_json":{"title":"PLA\u00c7A DE LES GL\u00d2RIES NEW TUNNELS, SPAIN - PRO GEO","robots":{"index":"index","follow":"follow","max-snippet":"max-snippet:-1","max-image-preview":"max-image-preview:large","max-video-preview":"max-video-preview:-1"},"canonical":"https:\/\/progeo-cga.com\/en\/projects\/tunnels-projects\/placa-les-glories-new-tunnels-spain\/","og_locale":"en_US","og_type":"article","og_title":"PLA\u00c7A DE LES GL\u00d2RIES NEW TUNNELS, SPAIN - PRO GEO","og_description":"[vc_row row_type=&#8221;3&#8243; blox_height=&#8221;600&#8243; blox_image=&#8221;2036&#8243; blox_padding_top=&#8221;260&#8243; blox_padding_bottom=&#8221;70&#8243; blox_dark=&#8221;true&#8221; row_pattern=&#8221;max-pat&#8221;][vc_column][vc_column_text] PLA\u00c7A DE LES GL\u00d2RIES NEW TUNNELS (LOTS 2 AND 3), BARCELONA (SPAIN, 2018-2020) [\/vc_column_text][\/vc_column][\/vc_row][vc_row][vc_column][vc_empty_space][\/vc_column][\/vc_row][vc_row][vc_column][vc_row_inner][vc_column_inner width=&#8221;1\/2&#8243;][vc_column_text]The underground road passage in Pla\u00e7a de las Gl\u00f2ries (Pla\u00e7a de les Gl\u00f2ries Tunnel) is built from excavation between walls and three underpasses of the existing tunnels (called Lots 1, 2 and 3). These steps consist\u00a0on the construction of tunnels in mine (metal... Read More","og_url":"https:\/\/progeo-cga.com\/en\/projects\/tunnels-projects\/placa-les-glories-new-tunnels-spain\/","og_site_name":"PRO GEO","twitter_card":"summary_large_image","twitter_misc":{"Est. reading time":"2 minutes"},"schema":{"@context":"https:\/\/schema.org","@graph":[{"@type":"WebPage","@id":"https:\/\/progeo-cga.com\/en\/projects\/tunnels-projects\/placa-les-glories-new-tunnels-spain\/","url":"https:\/\/progeo-cga.com\/en\/projects\/tunnels-projects\/placa-les-glories-new-tunnels-spain\/","name":"PLA\u00c7A DE LES GL\u00d2RIES NEW TUNNELS, SPAIN - PRO GEO","isPartOf":{"@id":"https:\/\/progeo-cga.com\/#website"},"datePublished":"2021-03-08T11:14:49+00:00","dateModified":"2021-03-08T11:14:49+00:00","breadcrumb":{"@id":"https:\/\/progeo-cga.com\/en\/projects\/tunnels-projects\/placa-les-glories-new-tunnels-spain\/#breadcrumb"},"inLanguage":"en-US","potentialAction":[{"@type":"ReadAction","target":["https:\/\/progeo-cga.com\/en\/projects\/tunnels-projects\/placa-les-glories-new-tunnels-spain\/"]}]},{"@type":"BreadcrumbList","@id":"https:\/\/progeo-cga.com\/en\/projects\/tunnels-projects\/placa-les-glories-new-tunnels-spain\/#breadcrumb","itemListElement":[{"@type":"ListItem","position":1,"name":"Home","item":"https:\/\/progeo-cga.com\/en\/"},{"@type":"ListItem","position":2,"name":"PROJECTS","item":"https:\/\/progeo-cga.com\/en\/projects\/"},{"@type":"ListItem","position":3,"name":"TUNNELS &#8211; PROJECTS","item":"https:\/\/progeo-cga.com\/en\/projects\/tunnels-projects\/"},{"@type":"ListItem","position":4,"name":"PLA\u00c7A DE LES GL\u00d2RIES NEW TUNNELS, SPAIN"}]},{"@type":"WebSite","@id":"https:\/\/progeo-cga.com\/#website","url":"https:\/\/progeo-cga.com\/","name":"PRO GEO","description":"GEOTECHNICAL CONSULTANTS","potentialAction":[{"@type":"SearchAction","target":{"@type":"EntryPoint","urlTemplate":"https:\/\/progeo-cga.com\/?s={search_term_string}"},"query-input":{"@type":"PropertyValueSpecification","valueRequired":true,"valueName":"search_term_string"}}],"inLanguage":"en-US"}]}},"_links":{"self":[{"href":"https:\/\/progeo-cga.com\/en\/wp-json\/wp\/v2\/pages\/2106","targetHints":{"allow":["GET"]}}],"collection":[{"href":"https:\/\/progeo-cga.com\/en\/wp-json\/wp\/v2\/pages"}],"about":[{"href":"https:\/\/progeo-cga.com\/en\/wp-json\/wp\/v2\/types\/page"}],"author":[{"embeddable":true,"href":"https:\/\/progeo-cga.com\/en\/wp-json\/wp\/v2\/users\/3"}],"replies":[{"embeddable":true,"href":"https:\/\/progeo-cga.com\/en\/wp-json\/wp\/v2\/comments?post=2106"}],"version-history":[{"count":1,"href":"https:\/\/progeo-cga.com\/en\/wp-json\/wp\/v2\/pages\/2106\/revisions"}],"predecessor-version":[{"id":2107,"href":"https:\/\/progeo-cga.com\/en\/wp-json\/wp\/v2\/pages\/2106\/revisions\/2107"}],"up":[{"embeddable":true,"href":"https:\/\/progeo-cga.com\/en\/wp-json\/wp\/v2\/pages\/1643"}],"wp:attachment":[{"href":"https:\/\/progeo-cga.com\/en\/wp-json\/wp\/v2\/media?parent=2106"}],"curies":[{"name":"wp","href":"https:\/\/api.w.org\/{rel}","templated":true}]}}