{"id":845,"date":"2017-01-09T09:51:34","date_gmt":"2017-01-09T09:51:34","guid":{"rendered":"http:\/\/progeo.winworldev.es\/serveis\/vertederos\/"},"modified":"2017-06-16T10:47:55","modified_gmt":"2017-06-16T10:47:55","slug":"abocadors","status":"publish","type":"page","link":"https:\/\/progeo-cga.com\/ca\/serveis\/abocadors\/","title":{"rendered":"ABOCADORS"},"content":{"rendered":"[vc_row][vc_column][vc_empty_space][\/vc_column][\/vc_row][vc_row][vc_column][vc_column_text]\n<h3>ABOCADORS<\/h3>\n[\/vc_column_text][vc_separator][vc_column_text]<strong>PRO GEO Geotechnical Consultants <\/strong>compta amb experi\u00e8ncia en el disseny i an\u00e0lisis d\u2019 abocadors.<\/p>\n<p>Ens hem ocupat de problemes relacionats amb <strong>assentaments a llarg termini<\/strong> deguts a la <strong>consolidaci\u00f3 secund\u00e0ria<\/strong>, <strong>estabilitat global<\/strong> de l\u2019abocador i la <strong>producci\u00f3 de lixiviats<\/strong>.<\/p>\n<p>S\u2019han desenvolupat models geomec\u00e0nics tridimensionals d\u2019una elevada complexitat geom\u00e8trica.[\/vc_column_text][vc_empty_space height=&#8221;20px&#8221;][vc_row_inner][vc_column_inner width=&#8221;1\/6&#8243;][\/vc_column_inner][vc_column_inner width=&#8221;2\/3&#8243;][rev_slider_vc alias=&#8221;serv-7-cat&#8221;][\/vc_column_inner][vc_column_inner width=&#8221;1\/6&#8243;][\/vc_column_inner][\/vc_row_inner][\/vc_column][\/vc_row][vc_row][vc_column][vc_empty_space][\/vc_column][\/vc_row]\n","protected":false},"excerpt":{"rendered":"<p>[vc_row][vc_column][vc_empty_space][\/vc_column][\/vc_row][vc_row][vc_column][vc_column_text] ABOCADORS [\/vc_column_text][vc_separator][vc_column_text]PRO GEO Geotechnical Consultants compta amb experi\u00e8ncia en el disseny i an\u00e0lisis d\u2019 abocadors. Ens hem ocupat de problemes relacionats amb assentaments a llarg termini deguts a la consolidaci\u00f3 secund\u00e0ria, estabilitat global de l\u2019abocador i la producci\u00f3 de lixiviats. S\u2019han desenvolupat models geomec\u00e0nics tridimensionals d\u2019una elevada complexitat geom\u00e8trica.[\/vc_column_text][vc_empty_space height=&#8221;20px&#8221;][vc_row_inner][vc_column_inner width=&#8221;1\/6&#8243;][\/vc_column_inner][vc_column_inner width=&#8221;2\/3&#8243;][rev_slider_vc alias=&#8221;serv-7-cat&#8221;][\/vc_column_inner][vc_column_inner width=&#8221;1\/6&#8243;][\/vc_column_inner][\/vc_row_inner][\/vc_column][\/vc_row][vc_row][vc_column][vc_empty_space][\/vc_column][\/vc_row]<\/p>\n","protected":false},"author":1,"featured_media":0,"parent":814,"menu_order":7,"comment_status":"closed","ping_status":"closed","template":"","meta":{"footnotes":""},"class_list":["post-845","page","type-page","status-publish","hentry"],"yoast_head":"<!-- This site is optimized with the Yoast SEO plugin v24.0 - https:\/\/yoast.com\/wordpress\/plugins\/seo\/ -->\n<title>Abocadors | PRO GEO Geotechnical Consultants SL<\/title>\n<meta name=\"description\" content=\"PROGEO ha resolt problemes amb assentaments a llarg termini deguts a la consolidaci\u00f3 secund\u00e0ria, estabilitat global dels abocadors i producci\u00f3 de lixiviats.\" \/>\n<meta name=\"robots\" content=\"index, follow, max-snippet:-1, max-image-preview:large, max-video-preview:-1\" \/>\n<link rel=\"canonical\" href=\"https:\/\/progeo-cga.com\/ca\/serveis\/abocadors\/\" \/>\n<meta property=\"og:locale\" content=\"ca_ES\" \/>\n<meta property=\"og:type\" content=\"article\" \/>\n<meta property=\"og:title\" content=\"Abocadors | PRO GEO Geotechnical Consultants SL\" \/>\n<meta property=\"og:description\" content=\"PROGEO ha resolt problemes amb assentaments a llarg termini deguts a la consolidaci\u00f3 secund\u00e0ria, estabilitat global dels abocadors i producci\u00f3 de lixiviats.\" \/>\n<meta property=\"og:url\" content=\"https:\/\/progeo-cga.com\/ca\/serveis\/abocadors\/\" \/>\n<meta property=\"og:site_name\" content=\"PRO GEO\" \/>\n<meta property=\"article:modified_time\" content=\"2017-06-16T10:47:55+00:00\" \/>\n<meta name=\"twitter:card\" content=\"summary_large_image\" \/>\n<meta name=\"twitter:label1\" content=\"Temps estimat de lectura\" \/>\n\t<meta name=\"twitter:data1\" content=\"1 minut\" \/>\n<script type=\"application\/ld+json\" class=\"yoast-schema-graph\">{\"@context\":\"https:\/\/schema.org\",\"@graph\":[{\"@type\":\"WebPage\",\"@id\":\"https:\/\/progeo-cga.com\/ca\/serveis\/abocadors\/\",\"url\":\"https:\/\/progeo-cga.com\/ca\/serveis\/abocadors\/\",\"name\":\"Abocadors | PRO GEO Geotechnical Consultants SL\",\"isPartOf\":{\"@id\":\"https:\/\/progeo-cga.com\/#website\"},\"datePublished\":\"2017-01-09T09:51:34+00:00\",\"dateModified\":\"2017-06-16T10:47:55+00:00\",\"description\":\"PROGEO ha resolt problemes amb assentaments a llarg termini deguts a la consolidaci\u00f3 secund\u00e0ria, estabilitat global dels abocadors i producci\u00f3 de lixiviats.\",\"breadcrumb\":{\"@id\":\"https:\/\/progeo-cga.com\/ca\/serveis\/abocadors\/#breadcrumb\"},\"inLanguage\":\"ca\",\"potentialAction\":[{\"@type\":\"ReadAction\",\"target\":[\"https:\/\/progeo-cga.com\/ca\/serveis\/abocadors\/\"]}]},{\"@type\":\"BreadcrumbList\",\"@id\":\"https:\/\/progeo-cga.com\/ca\/serveis\/abocadors\/#breadcrumb\",\"itemListElement\":[{\"@type\":\"ListItem\",\"position\":1,\"name\":\"Home\",\"item\":\"https:\/\/progeo-cga.com\/ca\/\"},{\"@type\":\"ListItem\",\"position\":2,\"name\":\"Serveis\",\"item\":\"https:\/\/progeo-cga.com\/ca\/serveis\/\"},{\"@type\":\"ListItem\",\"position\":3,\"name\":\"ABOCADORS\"}]},{\"@type\":\"WebSite\",\"@id\":\"https:\/\/progeo-cga.com\/#website\",\"url\":\"https:\/\/progeo-cga.com\/\",\"name\":\"PRO GEO\",\"description\":\"GEOTECHNICAL CONSULTANTS\",\"potentialAction\":[{\"@type\":\"SearchAction\",\"target\":{\"@type\":\"EntryPoint\",\"urlTemplate\":\"https:\/\/progeo-cga.com\/?s={search_term_string}\"},\"query-input\":{\"@type\":\"PropertyValueSpecification\",\"valueRequired\":true,\"valueName\":\"search_term_string\"}}],\"inLanguage\":\"ca\"}]}<\/script>\n<!-- \/ Yoast SEO plugin. -->","yoast_head_json":{"title":"Abocadors | PRO GEO Geotechnical Consultants SL","description":"PROGEO ha resolt problemes amb assentaments a llarg termini deguts a la consolidaci\u00f3 secund\u00e0ria, estabilitat global dels abocadors i producci\u00f3 de lixiviats.","robots":{"index":"index","follow":"follow","max-snippet":"max-snippet:-1","max-image-preview":"max-image-preview:large","max-video-preview":"max-video-preview:-1"},"canonical":"https:\/\/progeo-cga.com\/ca\/serveis\/abocadors\/","og_locale":"ca_ES","og_type":"article","og_title":"Abocadors | PRO GEO Geotechnical Consultants SL","og_description":"PROGEO ha resolt problemes amb assentaments a llarg termini deguts a la consolidaci\u00f3 secund\u00e0ria, estabilitat global dels abocadors i producci\u00f3 de lixiviats.","og_url":"https:\/\/progeo-cga.com\/ca\/serveis\/abocadors\/","og_site_name":"PRO GEO","article_modified_time":"2017-06-16T10:47:55+00:00","twitter_card":"summary_large_image","twitter_misc":{"Temps estimat de lectura":"1 minut"},"schema":{"@context":"https:\/\/schema.org","@graph":[{"@type":"WebPage","@id":"https:\/\/progeo-cga.com\/ca\/serveis\/abocadors\/","url":"https:\/\/progeo-cga.com\/ca\/serveis\/abocadors\/","name":"Abocadors | PRO GEO Geotechnical Consultants SL","isPartOf":{"@id":"https:\/\/progeo-cga.com\/#website"},"datePublished":"2017-01-09T09:51:34+00:00","dateModified":"2017-06-16T10:47:55+00:00","description":"PROGEO ha resolt problemes amb assentaments a llarg termini deguts a la consolidaci\u00f3 secund\u00e0ria, estabilitat global dels abocadors i producci\u00f3 de lixiviats.","breadcrumb":{"@id":"https:\/\/progeo-cga.com\/ca\/serveis\/abocadors\/#breadcrumb"},"inLanguage":"ca","potentialAction":[{"@type":"ReadAction","target":["https:\/\/progeo-cga.com\/ca\/serveis\/abocadors\/"]}]},{"@type":"BreadcrumbList","@id":"https:\/\/progeo-cga.com\/ca\/serveis\/abocadors\/#breadcrumb","itemListElement":[{"@type":"ListItem","position":1,"name":"Home","item":"https:\/\/progeo-cga.com\/ca\/"},{"@type":"ListItem","position":2,"name":"Serveis","item":"https:\/\/progeo-cga.com\/ca\/serveis\/"},{"@type":"ListItem","position":3,"name":"ABOCADORS"}]},{"@type":"WebSite","@id":"https:\/\/progeo-cga.com\/#website","url":"https:\/\/progeo-cga.com\/","name":"PRO GEO","description":"GEOTECHNICAL CONSULTANTS","potentialAction":[{"@type":"SearchAction","target":{"@type":"EntryPoint","urlTemplate":"https:\/\/progeo-cga.com\/?s={search_term_string}"},"query-input":{"@type":"PropertyValueSpecification","valueRequired":true,"valueName":"search_term_string"}}],"inLanguage":"ca"}]}},"_links":{"self":[{"href":"https:\/\/progeo-cga.com\/ca\/wp-json\/wp\/v2\/pages\/845","targetHints":{"allow":["GET"]}}],"collection":[{"href":"https:\/\/progeo-cga.com\/ca\/wp-json\/wp\/v2\/pages"}],"about":[{"href":"https:\/\/progeo-cga.com\/ca\/wp-json\/wp\/v2\/types\/page"}],"author":[{"embeddable":true,"href":"https:\/\/progeo-cga.com\/ca\/wp-json\/wp\/v2\/users\/1"}],"replies":[{"embeddable":true,"href":"https:\/\/progeo-cga.com\/ca\/wp-json\/wp\/v2\/comments?post=845"}],"version-history":[{"count":4,"href":"https:\/\/progeo-cga.com\/ca\/wp-json\/wp\/v2\/pages\/845\/revisions"}],"predecessor-version":[{"id":1196,"href":"https:\/\/progeo-cga.com\/ca\/wp-json\/wp\/v2\/pages\/845\/revisions\/1196"}],"up":[{"embeddable":true,"href":"https:\/\/progeo-cga.com\/ca\/wp-json\/wp\/v2\/pages\/814"}],"wp:attachment":[{"href":"https:\/\/progeo-cga.com\/ca\/wp-json\/wp\/v2\/media?parent=845"}],"curies":[{"name":"wp","href":"https:\/\/api.w.org\/{rel}","templated":true}]}}