{"id":841,"date":"2017-01-04T12:19:43","date_gmt":"2017-01-04T12:19:43","guid":{"rendered":"http:\/\/progeo.winworldev.es\/serveis\/modelacion-thm\/"},"modified":"2017-01-30T08:12:00","modified_gmt":"2017-01-30T08:12:00","slug":"modelitzacio-thm","status":"publish","type":"page","link":"https:\/\/progeo-cga.com\/ca\/serveis\/modelitzacio-thm\/","title":{"rendered":"MODELITZACI\u00d3 THM"},"content":{"rendered":"[vc_row][vc_column][vc_empty_space][\/vc_column][\/vc_row][vc_row][vc_column][vc_column_text]\n<h3>MODELITZACI\u00d3 THM<\/h3>\n[\/vc_column_text][vc_separator][vc_column_text]<strong>PRO GEO Geotechnical Consultants<\/strong> compta amb una \u00e0mplia experi\u00e8ncia en an\u00e0lisis Termo-Hidro-Mec\u00e0nics (THM). Aquesta t\u00e8cnica est\u00e0 destinada a modelitzar el comportament del s\u00f2l sota condicions no saturades i no isot\u00e8rmiques, i ha estat utilitzada en els estudis relacionats amb l&#8217;eliminaci\u00f3 de residus nuclears (concepte geol\u00f2gic profund). Actualment, s\u2019est\u00e0 utilitzant aquesta t\u00e8cnica en el projecte d\u2019investigaci\u00f3 <strong>ALBEPAV <\/strong>per modelitzar el comportament THM del paviment.<\/p>\n<p>Una part del nostre personal t\u00e8cnic ha participat en la modelitzaci\u00f3 num\u00e8rica de FEBEX (Full-Scale Engineered Barriers Experiment), a <strong>Grimsel <\/strong>(Su\u00efssa).[\/vc_column_text][vc_empty_space height=&#8221;55px&#8221;][vc_row_inner][vc_column_inner width=&#8221;1\/6&#8243;][\/vc_column_inner][vc_column_inner width=&#8221;2\/3&#8243;][rev_slider_vc alias=&#8221;serv-5-cat&#8221;][\/vc_column_inner][vc_column_inner width=&#8221;1\/6&#8243;][\/vc_column_inner][\/vc_row_inner][\/vc_column][\/vc_row][vc_row][vc_column][vc_empty_space][\/vc_column][\/vc_row]\n","protected":false},"excerpt":{"rendered":"<p>[vc_row][vc_column][vc_empty_space][\/vc_column][\/vc_row][vc_row][vc_column][vc_column_text] MODELITZACI\u00d3 THM [\/vc_column_text][vc_separator][vc_column_text]PRO GEO Geotechnical Consultants compta amb una \u00e0mplia experi\u00e8ncia en an\u00e0lisis Termo-Hidro-Mec\u00e0nics (THM). Aquesta t\u00e8cnica est\u00e0 destinada a modelitzar el comportament del s\u00f2l sota condicions no saturades i no isot\u00e8rmiques, i ha estat utilitzada en els estudis relacionats amb l&#8217;eliminaci\u00f3 de residus nuclears (concepte geol\u00f2gic profund). Actualment, s\u2019est\u00e0 utilitzant aquesta t\u00e8cnica en el projecte d\u2019investigaci\u00f3 ALBEPAV per modelitzar el comportament THM del&#8230; <\/p>\n<p><a class=\"readmore\" href=\"https:\/\/progeo-cga.com\/ca\/serveis\/modelitzacio-thm\/\">Read More<\/a><\/p>\n","protected":false},"author":1,"featured_media":0,"parent":814,"menu_order":5,"comment_status":"closed","ping_status":"closed","template":"","meta":{"footnotes":""},"class_list":["post-841","page","type-page","status-publish","hentry"],"yoast_head":"<!-- This site is optimized with the Yoast SEO plugin v24.0 - https:\/\/yoast.com\/wordpress\/plugins\/seo\/ -->\n<title>MODELITZACI\u00d3 THM - PRO GEO<\/title>\n<meta name=\"robots\" content=\"index, follow, max-snippet:-1, max-image-preview:large, max-video-preview:-1\" \/>\n<link rel=\"canonical\" href=\"https:\/\/progeo-cga.com\/ca\/serveis\/modelitzacio-thm\/\" \/>\n<meta property=\"og:locale\" content=\"ca_ES\" \/>\n<meta property=\"og:type\" content=\"article\" \/>\n<meta property=\"og:title\" content=\"MODELITZACI\u00d3 THM - PRO GEO\" \/>\n<meta property=\"og:description\" content=\"[vc_row][vc_column][vc_empty_space][\/vc_column][\/vc_row][vc_row][vc_column][vc_column_text] MODELITZACI\u00d3 THM [\/vc_column_text][vc_separator][vc_column_text]PRO GEO Geotechnical Consultants compta amb una \u00e0mplia experi\u00e8ncia en an\u00e0lisis Termo-Hidro-Mec\u00e0nics (THM). Aquesta t\u00e8cnica est\u00e0 destinada a modelitzar el comportament del s\u00f2l sota condicions no saturades i no isot\u00e8rmiques, i ha estat utilitzada en els estudis relacionats amb l&#8217;eliminaci\u00f3 de residus nuclears (concepte geol\u00f2gic profund). Actualment, s\u2019est\u00e0 utilitzant aquesta t\u00e8cnica en el projecte d\u2019investigaci\u00f3 ALBEPAV per modelitzar el comportament THM del... Read More\" \/>\n<meta property=\"og:url\" content=\"https:\/\/progeo-cga.com\/ca\/serveis\/modelitzacio-thm\/\" \/>\n<meta property=\"og:site_name\" content=\"PRO GEO\" \/>\n<meta property=\"article:modified_time\" content=\"2017-01-30T08:12:00+00:00\" \/>\n<meta name=\"twitter:card\" content=\"summary_large_image\" \/>\n<meta name=\"twitter:label1\" content=\"Temps estimat de lectura\" \/>\n\t<meta name=\"twitter:data1\" content=\"1 minut\" \/>\n<script type=\"application\/ld+json\" class=\"yoast-schema-graph\">{\"@context\":\"https:\/\/schema.org\",\"@graph\":[{\"@type\":\"WebPage\",\"@id\":\"https:\/\/progeo-cga.com\/ca\/serveis\/modelitzacio-thm\/\",\"url\":\"https:\/\/progeo-cga.com\/ca\/serveis\/modelitzacio-thm\/\",\"name\":\"MODELITZACI\u00d3 THM - PRO GEO\",\"isPartOf\":{\"@id\":\"https:\/\/progeo-cga.com\/#website\"},\"datePublished\":\"2017-01-04T12:19:43+00:00\",\"dateModified\":\"2017-01-30T08:12:00+00:00\",\"breadcrumb\":{\"@id\":\"https:\/\/progeo-cga.com\/ca\/serveis\/modelitzacio-thm\/#breadcrumb\"},\"inLanguage\":\"ca\",\"potentialAction\":[{\"@type\":\"ReadAction\",\"target\":[\"https:\/\/progeo-cga.com\/ca\/serveis\/modelitzacio-thm\/\"]}]},{\"@type\":\"BreadcrumbList\",\"@id\":\"https:\/\/progeo-cga.com\/ca\/serveis\/modelitzacio-thm\/#breadcrumb\",\"itemListElement\":[{\"@type\":\"ListItem\",\"position\":1,\"name\":\"Home\",\"item\":\"https:\/\/progeo-cga.com\/ca\/\"},{\"@type\":\"ListItem\",\"position\":2,\"name\":\"Serveis\",\"item\":\"https:\/\/progeo-cga.com\/ca\/serveis\/\"},{\"@type\":\"ListItem\",\"position\":3,\"name\":\"MODELITZACI\u00d3 THM\"}]},{\"@type\":\"WebSite\",\"@id\":\"https:\/\/progeo-cga.com\/#website\",\"url\":\"https:\/\/progeo-cga.com\/\",\"name\":\"PRO GEO\",\"description\":\"GEOTECHNICAL CONSULTANTS\",\"potentialAction\":[{\"@type\":\"SearchAction\",\"target\":{\"@type\":\"EntryPoint\",\"urlTemplate\":\"https:\/\/progeo-cga.com\/?s={search_term_string}\"},\"query-input\":{\"@type\":\"PropertyValueSpecification\",\"valueRequired\":true,\"valueName\":\"search_term_string\"}}],\"inLanguage\":\"ca\"}]}<\/script>\n<!-- \/ Yoast SEO plugin. -->","yoast_head_json":{"title":"MODELITZACI\u00d3 THM - PRO GEO","robots":{"index":"index","follow":"follow","max-snippet":"max-snippet:-1","max-image-preview":"max-image-preview:large","max-video-preview":"max-video-preview:-1"},"canonical":"https:\/\/progeo-cga.com\/ca\/serveis\/modelitzacio-thm\/","og_locale":"ca_ES","og_type":"article","og_title":"MODELITZACI\u00d3 THM - PRO GEO","og_description":"[vc_row][vc_column][vc_empty_space][\/vc_column][\/vc_row][vc_row][vc_column][vc_column_text] MODELITZACI\u00d3 THM [\/vc_column_text][vc_separator][vc_column_text]PRO GEO Geotechnical Consultants compta amb una \u00e0mplia experi\u00e8ncia en an\u00e0lisis Termo-Hidro-Mec\u00e0nics (THM). Aquesta t\u00e8cnica est\u00e0 destinada a modelitzar el comportament del s\u00f2l sota condicions no saturades i no isot\u00e8rmiques, i ha estat utilitzada en els estudis relacionats amb l&#8217;eliminaci\u00f3 de residus nuclears (concepte geol\u00f2gic profund). Actualment, s\u2019est\u00e0 utilitzant aquesta t\u00e8cnica en el projecte d\u2019investigaci\u00f3 ALBEPAV per modelitzar el comportament THM del... Read More","og_url":"https:\/\/progeo-cga.com\/ca\/serveis\/modelitzacio-thm\/","og_site_name":"PRO GEO","article_modified_time":"2017-01-30T08:12:00+00:00","twitter_card":"summary_large_image","twitter_misc":{"Temps estimat de lectura":"1 minut"},"schema":{"@context":"https:\/\/schema.org","@graph":[{"@type":"WebPage","@id":"https:\/\/progeo-cga.com\/ca\/serveis\/modelitzacio-thm\/","url":"https:\/\/progeo-cga.com\/ca\/serveis\/modelitzacio-thm\/","name":"MODELITZACI\u00d3 THM - PRO GEO","isPartOf":{"@id":"https:\/\/progeo-cga.com\/#website"},"datePublished":"2017-01-04T12:19:43+00:00","dateModified":"2017-01-30T08:12:00+00:00","breadcrumb":{"@id":"https:\/\/progeo-cga.com\/ca\/serveis\/modelitzacio-thm\/#breadcrumb"},"inLanguage":"ca","potentialAction":[{"@type":"ReadAction","target":["https:\/\/progeo-cga.com\/ca\/serveis\/modelitzacio-thm\/"]}]},{"@type":"BreadcrumbList","@id":"https:\/\/progeo-cga.com\/ca\/serveis\/modelitzacio-thm\/#breadcrumb","itemListElement":[{"@type":"ListItem","position":1,"name":"Home","item":"https:\/\/progeo-cga.com\/ca\/"},{"@type":"ListItem","position":2,"name":"Serveis","item":"https:\/\/progeo-cga.com\/ca\/serveis\/"},{"@type":"ListItem","position":3,"name":"MODELITZACI\u00d3 THM"}]},{"@type":"WebSite","@id":"https:\/\/progeo-cga.com\/#website","url":"https:\/\/progeo-cga.com\/","name":"PRO GEO","description":"GEOTECHNICAL CONSULTANTS","potentialAction":[{"@type":"SearchAction","target":{"@type":"EntryPoint","urlTemplate":"https:\/\/progeo-cga.com\/?s={search_term_string}"},"query-input":{"@type":"PropertyValueSpecification","valueRequired":true,"valueName":"search_term_string"}}],"inLanguage":"ca"}]}},"_links":{"self":[{"href":"https:\/\/progeo-cga.com\/ca\/wp-json\/wp\/v2\/pages\/841","targetHints":{"allow":["GET"]}}],"collection":[{"href":"https:\/\/progeo-cga.com\/ca\/wp-json\/wp\/v2\/pages"}],"about":[{"href":"https:\/\/progeo-cga.com\/ca\/wp-json\/wp\/v2\/types\/page"}],"author":[{"embeddable":true,"href":"https:\/\/progeo-cga.com\/ca\/wp-json\/wp\/v2\/users\/1"}],"replies":[{"embeddable":true,"href":"https:\/\/progeo-cga.com\/ca\/wp-json\/wp\/v2\/comments?post=841"}],"version-history":[{"count":2,"href":"https:\/\/progeo-cga.com\/ca\/wp-json\/wp\/v2\/pages\/841\/revisions"}],"predecessor-version":[{"id":928,"href":"https:\/\/progeo-cga.com\/ca\/wp-json\/wp\/v2\/pages\/841\/revisions\/928"}],"up":[{"embeddable":true,"href":"https:\/\/progeo-cga.com\/ca\/wp-json\/wp\/v2\/pages\/814"}],"wp:attachment":[{"href":"https:\/\/progeo-cga.com\/ca\/wp-json\/wp\/v2\/media?parent=841"}],"curies":[{"name":"wp","href":"https:\/\/api.w.org\/{rel}","templated":true}]}}