{"id":837,"date":"2017-01-04T12:19:15","date_gmt":"2017-01-04T12:19:15","guid":{"rendered":"http:\/\/progeo.winworldev.es\/serveis\/mejora-del-terreno-y-diseno-de-cimentaciones-especiales\/"},"modified":"2017-01-30T08:06:14","modified_gmt":"2017-01-30T08:06:14","slug":"millora-del-terreny-i-disseny-de-fonamentacions-especials","status":"publish","type":"page","link":"https:\/\/progeo-cga.com\/ca\/serveis\/millora-del-terreny-i-disseny-de-fonamentacions-especials\/","title":{"rendered":"MILLORA DEL TERRENY I DISSENY DE FONAMENTACIONS ESPECIALS"},"content":{"rendered":"[vc_row][vc_column][vc_empty_space][\/vc_column][\/vc_row][vc_row][vc_column][vc_column_text]\n<h3>MILLORA DEL TERRENY I DISSENY DE FONAMENTACIONS ESPECIALS<\/h3>\n[\/vc_column_text][vc_separator][vc_column_text]<strong>PRO GEO Geotechnical Consultants<\/strong> compta amb una \u00e0mplia experi\u00e8ncia en t\u00e8cniques de millora del terreny i disseny de fonamentacions especials.<\/p>\n<p>Ens hem ocupat dels problemes relacionats amb <strong>fonamentacions per estructures singulars<\/strong> (com ponts atirantats) o situacions en qu\u00e8 cal una predicci\u00f3 precisa d\u2019assentaments.<\/p>\n<p>A m\u00e9s a m\u00e9s, les t\u00e8cniques de millora del terreny (t\u00e8cniques de vibrosubstituci\u00f3, columnes de cal o morter, <em>jet grouting<\/em>, etc.) han format part de moltes de les nostres solucions t\u00e8cniques, generalment desenvolupades en condicions geot\u00e8cniques dif\u00edcils . Hem assessorat als nostres clients en projectes d&#8217;alt nivell desenvolupats a <strong>Espanya, Fran\u00e7a, Brasil, Col\u00f2mbia i Vietnam<\/strong>.[\/vc_column_text][vc_empty_space height=&#8221;55px&#8221;][vc_row_inner][vc_column_inner width=&#8221;1\/6&#8243;][\/vc_column_inner][vc_column_inner width=&#8221;2\/3&#8243;][rev_slider_vc alias=&#8221;serv-3-cat&#8221;][\/vc_column_inner][vc_column_inner width=&#8221;1\/6&#8243;][\/vc_column_inner][\/vc_row_inner][\/vc_column][\/vc_row][vc_row][vc_column][vc_empty_space][\/vc_column][\/vc_row]\n","protected":false},"excerpt":{"rendered":"<p>[vc_row][vc_column][vc_empty_space][\/vc_column][\/vc_row][vc_row][vc_column][vc_column_text] MILLORA DEL TERRENY I DISSENY DE FONAMENTACIONS ESPECIALS [\/vc_column_text][vc_separator][vc_column_text]PRO GEO Geotechnical Consultants compta amb una \u00e0mplia experi\u00e8ncia en t\u00e8cniques de millora del terreny i disseny de fonamentacions especials. Ens hem ocupat dels problemes relacionats amb fonamentacions per estructures singulars (com ponts atirantats) o situacions en qu\u00e8 cal una predicci\u00f3 precisa d\u2019assentaments. A m\u00e9s a m\u00e9s, les t\u00e8cniques de millora del terreny (t\u00e8cniques de vibrosubstituci\u00f3,&#8230; <\/p>\n<p><a class=\"readmore\" href=\"https:\/\/progeo-cga.com\/ca\/serveis\/millora-del-terreny-i-disseny-de-fonamentacions-especials\/\">Read More<\/a><\/p>\n","protected":false},"author":1,"featured_media":0,"parent":814,"menu_order":3,"comment_status":"closed","ping_status":"closed","template":"","meta":{"footnotes":""},"class_list":["post-837","page","type-page","status-publish","hentry"],"yoast_head":"<!-- This site is optimized with the Yoast SEO plugin v24.0 - https:\/\/yoast.com\/wordpress\/plugins\/seo\/ -->\n<title>MILLORA DEL TERRENY I DISSENY DE FONAMENTACIONS ESPECIALS - PRO GEO<\/title>\n<meta name=\"robots\" content=\"index, follow, max-snippet:-1, max-image-preview:large, max-video-preview:-1\" \/>\n<link rel=\"canonical\" href=\"https:\/\/progeo-cga.com\/ca\/serveis\/millora-del-terreny-i-disseny-de-fonamentacions-especials\/\" \/>\n<meta property=\"og:locale\" content=\"ca_ES\" \/>\n<meta property=\"og:type\" content=\"article\" \/>\n<meta property=\"og:title\" content=\"MILLORA DEL TERRENY I DISSENY DE FONAMENTACIONS ESPECIALS - PRO GEO\" \/>\n<meta property=\"og:description\" content=\"[vc_row][vc_column][vc_empty_space][\/vc_column][\/vc_row][vc_row][vc_column][vc_column_text] MILLORA DEL TERRENY I DISSENY DE FONAMENTACIONS ESPECIALS [\/vc_column_text][vc_separator][vc_column_text]PRO GEO Geotechnical Consultants compta amb una \u00e0mplia experi\u00e8ncia en t\u00e8cniques de millora del terreny i disseny de fonamentacions especials. Ens hem ocupat dels problemes relacionats amb fonamentacions per estructures singulars (com ponts atirantats) o situacions en qu\u00e8 cal una predicci\u00f3 precisa d\u2019assentaments. A m\u00e9s a m\u00e9s, les t\u00e8cniques de millora del terreny (t\u00e8cniques de vibrosubstituci\u00f3,... Read More\" \/>\n<meta property=\"og:url\" content=\"https:\/\/progeo-cga.com\/ca\/serveis\/millora-del-terreny-i-disseny-de-fonamentacions-especials\/\" \/>\n<meta property=\"og:site_name\" content=\"PRO GEO\" \/>\n<meta property=\"article:modified_time\" content=\"2017-01-30T08:06:14+00:00\" \/>\n<meta name=\"twitter:card\" content=\"summary_large_image\" \/>\n<meta name=\"twitter:label1\" content=\"Temps estimat de lectura\" \/>\n\t<meta name=\"twitter:data1\" content=\"1 minut\" \/>\n<script type=\"application\/ld+json\" class=\"yoast-schema-graph\">{\"@context\":\"https:\/\/schema.org\",\"@graph\":[{\"@type\":\"WebPage\",\"@id\":\"https:\/\/progeo-cga.com\/ca\/serveis\/millora-del-terreny-i-disseny-de-fonamentacions-especials\/\",\"url\":\"https:\/\/progeo-cga.com\/ca\/serveis\/millora-del-terreny-i-disseny-de-fonamentacions-especials\/\",\"name\":\"MILLORA DEL TERRENY I DISSENY DE FONAMENTACIONS ESPECIALS - PRO GEO\",\"isPartOf\":{\"@id\":\"https:\/\/progeo-cga.com\/#website\"},\"datePublished\":\"2017-01-04T12:19:15+00:00\",\"dateModified\":\"2017-01-30T08:06:14+00:00\",\"breadcrumb\":{\"@id\":\"https:\/\/progeo-cga.com\/ca\/serveis\/millora-del-terreny-i-disseny-de-fonamentacions-especials\/#breadcrumb\"},\"inLanguage\":\"ca\",\"potentialAction\":[{\"@type\":\"ReadAction\",\"target\":[\"https:\/\/progeo-cga.com\/ca\/serveis\/millora-del-terreny-i-disseny-de-fonamentacions-especials\/\"]}]},{\"@type\":\"BreadcrumbList\",\"@id\":\"https:\/\/progeo-cga.com\/ca\/serveis\/millora-del-terreny-i-disseny-de-fonamentacions-especials\/#breadcrumb\",\"itemListElement\":[{\"@type\":\"ListItem\",\"position\":1,\"name\":\"Home\",\"item\":\"https:\/\/progeo-cga.com\/ca\/\"},{\"@type\":\"ListItem\",\"position\":2,\"name\":\"Serveis\",\"item\":\"https:\/\/progeo-cga.com\/ca\/serveis\/\"},{\"@type\":\"ListItem\",\"position\":3,\"name\":\"MILLORA DEL TERRENY I DISSENY DE FONAMENTACIONS ESPECIALS\"}]},{\"@type\":\"WebSite\",\"@id\":\"https:\/\/progeo-cga.com\/#website\",\"url\":\"https:\/\/progeo-cga.com\/\",\"name\":\"PRO GEO\",\"description\":\"GEOTECHNICAL CONSULTANTS\",\"potentialAction\":[{\"@type\":\"SearchAction\",\"target\":{\"@type\":\"EntryPoint\",\"urlTemplate\":\"https:\/\/progeo-cga.com\/?s={search_term_string}\"},\"query-input\":{\"@type\":\"PropertyValueSpecification\",\"valueRequired\":true,\"valueName\":\"search_term_string\"}}],\"inLanguage\":\"ca\"}]}<\/script>\n<!-- \/ Yoast SEO plugin. -->","yoast_head_json":{"title":"MILLORA DEL TERRENY I DISSENY DE FONAMENTACIONS ESPECIALS - PRO GEO","robots":{"index":"index","follow":"follow","max-snippet":"max-snippet:-1","max-image-preview":"max-image-preview:large","max-video-preview":"max-video-preview:-1"},"canonical":"https:\/\/progeo-cga.com\/ca\/serveis\/millora-del-terreny-i-disseny-de-fonamentacions-especials\/","og_locale":"ca_ES","og_type":"article","og_title":"MILLORA DEL TERRENY I DISSENY DE FONAMENTACIONS ESPECIALS - PRO GEO","og_description":"[vc_row][vc_column][vc_empty_space][\/vc_column][\/vc_row][vc_row][vc_column][vc_column_text] MILLORA DEL TERRENY I DISSENY DE FONAMENTACIONS ESPECIALS [\/vc_column_text][vc_separator][vc_column_text]PRO GEO Geotechnical Consultants compta amb una \u00e0mplia experi\u00e8ncia en t\u00e8cniques de millora del terreny i disseny de fonamentacions especials. Ens hem ocupat dels problemes relacionats amb fonamentacions per estructures singulars (com ponts atirantats) o situacions en qu\u00e8 cal una predicci\u00f3 precisa d\u2019assentaments. A m\u00e9s a m\u00e9s, les t\u00e8cniques de millora del terreny (t\u00e8cniques de vibrosubstituci\u00f3,... Read More","og_url":"https:\/\/progeo-cga.com\/ca\/serveis\/millora-del-terreny-i-disseny-de-fonamentacions-especials\/","og_site_name":"PRO GEO","article_modified_time":"2017-01-30T08:06:14+00:00","twitter_card":"summary_large_image","twitter_misc":{"Temps estimat de lectura":"1 minut"},"schema":{"@context":"https:\/\/schema.org","@graph":[{"@type":"WebPage","@id":"https:\/\/progeo-cga.com\/ca\/serveis\/millora-del-terreny-i-disseny-de-fonamentacions-especials\/","url":"https:\/\/progeo-cga.com\/ca\/serveis\/millora-del-terreny-i-disseny-de-fonamentacions-especials\/","name":"MILLORA DEL TERRENY I DISSENY DE FONAMENTACIONS ESPECIALS - PRO GEO","isPartOf":{"@id":"https:\/\/progeo-cga.com\/#website"},"datePublished":"2017-01-04T12:19:15+00:00","dateModified":"2017-01-30T08:06:14+00:00","breadcrumb":{"@id":"https:\/\/progeo-cga.com\/ca\/serveis\/millora-del-terreny-i-disseny-de-fonamentacions-especials\/#breadcrumb"},"inLanguage":"ca","potentialAction":[{"@type":"ReadAction","target":["https:\/\/progeo-cga.com\/ca\/serveis\/millora-del-terreny-i-disseny-de-fonamentacions-especials\/"]}]},{"@type":"BreadcrumbList","@id":"https:\/\/progeo-cga.com\/ca\/serveis\/millora-del-terreny-i-disseny-de-fonamentacions-especials\/#breadcrumb","itemListElement":[{"@type":"ListItem","position":1,"name":"Home","item":"https:\/\/progeo-cga.com\/ca\/"},{"@type":"ListItem","position":2,"name":"Serveis","item":"https:\/\/progeo-cga.com\/ca\/serveis\/"},{"@type":"ListItem","position":3,"name":"MILLORA DEL TERRENY I DISSENY DE FONAMENTACIONS ESPECIALS"}]},{"@type":"WebSite","@id":"https:\/\/progeo-cga.com\/#website","url":"https:\/\/progeo-cga.com\/","name":"PRO GEO","description":"GEOTECHNICAL CONSULTANTS","potentialAction":[{"@type":"SearchAction","target":{"@type":"EntryPoint","urlTemplate":"https:\/\/progeo-cga.com\/?s={search_term_string}"},"query-input":{"@type":"PropertyValueSpecification","valueRequired":true,"valueName":"search_term_string"}}],"inLanguage":"ca"}]}},"_links":{"self":[{"href":"https:\/\/progeo-cga.com\/ca\/wp-json\/wp\/v2\/pages\/837","targetHints":{"allow":["GET"]}}],"collection":[{"href":"https:\/\/progeo-cga.com\/ca\/wp-json\/wp\/v2\/pages"}],"about":[{"href":"https:\/\/progeo-cga.com\/ca\/wp-json\/wp\/v2\/types\/page"}],"author":[{"embeddable":true,"href":"https:\/\/progeo-cga.com\/ca\/wp-json\/wp\/v2\/users\/1"}],"replies":[{"embeddable":true,"href":"https:\/\/progeo-cga.com\/ca\/wp-json\/wp\/v2\/comments?post=837"}],"version-history":[{"count":2,"href":"https:\/\/progeo-cga.com\/ca\/wp-json\/wp\/v2\/pages\/837\/revisions"}],"predecessor-version":[{"id":926,"href":"https:\/\/progeo-cga.com\/ca\/wp-json\/wp\/v2\/pages\/837\/revisions\/926"}],"up":[{"embeddable":true,"href":"https:\/\/progeo-cga.com\/ca\/wp-json\/wp\/v2\/pages\/814"}],"wp:attachment":[{"href":"https:\/\/progeo-cga.com\/ca\/wp-json\/wp\/v2\/media?parent=837"}],"curies":[{"name":"wp","href":"https:\/\/api.w.org\/{rel}","templated":true}]}}