{"id":828,"date":"2017-01-09T09:43:43","date_gmt":"2017-01-09T09:43:43","guid":{"rendered":"http:\/\/progeo.winworldev.es\/serveis\/ingenieria-sismica\/"},"modified":"2017-06-15T07:36:06","modified_gmt":"2017-06-15T07:36:06","slug":"enginyeria-sismica","status":"publish","type":"page","link":"https:\/\/progeo-cga.com\/ca\/serveis\/enginyeria-sismica\/","title":{"rendered":"ENGINYERIA S\u00cdSMICA"},"content":{"rendered":"[vc_row][vc_column][vc_empty_space][\/vc_column][\/vc_row][vc_row][vc_column][vc_column_text]\n<h3>ENGINYERIA S\u00cdSMICA<\/h3>\n[\/vc_column_text][vc_separator][vc_column_text]<strong>L\u2019equip de<\/strong> <strong>PRO GEO <\/strong>t\u00e9 experi\u00e8ncia en els seg\u00fcents serveis relacionats amb el <strong>camp de l\u2019enginyeria s\u00edsmica<\/strong>:<\/p>\n<ul>\n<li>An\u00e0lisi determin\u00edstic de risc s\u00edsmic (DSHA).<\/li>\n<li>An\u00e0lisi probabil\u00edstic de risc s\u00edsmic (PSHA).<\/li>\n<li>Obtenci\u00f3 d\u2019 accelerogrames sint\u00e8tics a partir d\u2019un espectre de resposta.<\/li>\n<li>An\u00e0lisi de resposta en sols \u2013 propagaci\u00f3 d\u2019ones s\u00edsmiques.<\/li>\n<li>An\u00e0lisi de potencial de liq\u00fcefacci\u00f3.<\/li>\n<li>An\u00e0lisi d\u2019estabilitat de talussos sota condicions din\u00e0miques.<\/li>\n<li>An\u00e0lisi d\u2019estructures de contenci\u00f3 sota condicions din\u00e0miques.<\/li>\n<li>Disseny de fonamentacions sota condicions din\u00e0miques.<\/li>\n<li>Disseny del sosteniment de t\u00fanels sota condicions de sisme.<\/li>\n<li>Disseny de fonamentacions esmorte\u00efdores\u00a0de vibracions a instal\u00b7lacions industrials.<\/li>\n<\/ul>\n<p>Per aquests an\u00e0lisis es fa servir tant m\u00e8todes anal\u00edtics com num\u00e8rics (amb els programes\u00a0 Plaxis 2D, Plaxis 3D y Flac 3D).[\/vc_column_text][vc_empty_space height=&#8221;20px&#8221;][vc_row_inner][vc_column_inner width=&#8221;1\/6&#8243;][\/vc_column_inner][vc_column_inner width=&#8221;2\/3&#8243;][rev_slider_vc alias=&#8221;serv-6-cat&#8221;][\/vc_column_inner][vc_column_inner width=&#8221;1\/6&#8243;][\/vc_column_inner][\/vc_row_inner][\/vc_column][\/vc_row][vc_row][vc_column][vc_empty_space][\/vc_column][\/vc_row]\n","protected":false},"excerpt":{"rendered":"<p>[vc_row][vc_column][vc_empty_space][\/vc_column][\/vc_row][vc_row][vc_column][vc_column_text] ENGINYERIA S\u00cdSMICA [\/vc_column_text][vc_separator][vc_column_text]L\u2019equip de PRO GEO t\u00e9 experi\u00e8ncia en els seg\u00fcents serveis relacionats amb el camp de l\u2019enginyeria s\u00edsmica: An\u00e0lisi determin\u00edstic de risc s\u00edsmic (DSHA). An\u00e0lisi probabil\u00edstic de risc s\u00edsmic (PSHA). Obtenci\u00f3 d\u2019 accelerogrames sint\u00e8tics a partir d\u2019un espectre de resposta. An\u00e0lisi de resposta en sols \u2013 propagaci\u00f3 d\u2019ones s\u00edsmiques. An\u00e0lisi de potencial de liq\u00fcefacci\u00f3. An\u00e0lisi d\u2019estabilitat de talussos sota condicions din\u00e0miques. An\u00e0lisi d\u2019estructures&#8230; <\/p>\n<p><a class=\"readmore\" href=\"https:\/\/progeo-cga.com\/ca\/serveis\/enginyeria-sismica\/\">Read More<\/a><\/p>\n","protected":false},"author":1,"featured_media":0,"parent":814,"menu_order":6,"comment_status":"closed","ping_status":"closed","template":"","meta":{"footnotes":""},"class_list":["post-828","page","type-page","status-publish","hentry"],"yoast_head":"<!-- This site is optimized with the Yoast SEO plugin v24.0 - https:\/\/yoast.com\/wordpress\/plugins\/seo\/ -->\n<title>ENGINYERIA S\u00cdSMICA - PRO GEO<\/title>\n<meta name=\"robots\" content=\"index, follow, max-snippet:-1, max-image-preview:large, max-video-preview:-1\" \/>\n<link rel=\"canonical\" href=\"https:\/\/progeo-cga.com\/ca\/serveis\/enginyeria-sismica\/\" \/>\n<meta property=\"og:locale\" content=\"ca_ES\" \/>\n<meta property=\"og:type\" content=\"article\" \/>\n<meta property=\"og:title\" content=\"ENGINYERIA S\u00cdSMICA - PRO GEO\" \/>\n<meta property=\"og:description\" content=\"[vc_row][vc_column][vc_empty_space][\/vc_column][\/vc_row][vc_row][vc_column][vc_column_text] ENGINYERIA S\u00cdSMICA [\/vc_column_text][vc_separator][vc_column_text]L\u2019equip de PRO GEO t\u00e9 experi\u00e8ncia en els seg\u00fcents serveis relacionats amb el camp de l\u2019enginyeria s\u00edsmica: An\u00e0lisi determin\u00edstic de risc s\u00edsmic (DSHA). An\u00e0lisi probabil\u00edstic de risc s\u00edsmic (PSHA). Obtenci\u00f3 d\u2019 accelerogrames sint\u00e8tics a partir d\u2019un espectre de resposta. An\u00e0lisi de resposta en sols \u2013 propagaci\u00f3 d\u2019ones s\u00edsmiques. An\u00e0lisi de potencial de liq\u00fcefacci\u00f3. An\u00e0lisi d\u2019estabilitat de talussos sota condicions din\u00e0miques. An\u00e0lisi d\u2019estructures... Read More\" \/>\n<meta property=\"og:url\" content=\"https:\/\/progeo-cga.com\/ca\/serveis\/enginyeria-sismica\/\" \/>\n<meta property=\"og:site_name\" content=\"PRO GEO\" \/>\n<meta property=\"article:modified_time\" content=\"2017-06-15T07:36:06+00:00\" \/>\n<meta name=\"twitter:card\" content=\"summary_large_image\" \/>\n<meta name=\"twitter:label1\" content=\"Temps estimat de lectura\" \/>\n\t<meta name=\"twitter:data1\" content=\"1 minut\" \/>\n<script type=\"application\/ld+json\" class=\"yoast-schema-graph\">{\"@context\":\"https:\/\/schema.org\",\"@graph\":[{\"@type\":\"WebPage\",\"@id\":\"https:\/\/progeo-cga.com\/ca\/serveis\/enginyeria-sismica\/\",\"url\":\"https:\/\/progeo-cga.com\/ca\/serveis\/enginyeria-sismica\/\",\"name\":\"ENGINYERIA S\u00cdSMICA - PRO GEO\",\"isPartOf\":{\"@id\":\"https:\/\/progeo-cga.com\/#website\"},\"datePublished\":\"2017-01-09T09:43:43+00:00\",\"dateModified\":\"2017-06-15T07:36:06+00:00\",\"breadcrumb\":{\"@id\":\"https:\/\/progeo-cga.com\/ca\/serveis\/enginyeria-sismica\/#breadcrumb\"},\"inLanguage\":\"ca\",\"potentialAction\":[{\"@type\":\"ReadAction\",\"target\":[\"https:\/\/progeo-cga.com\/ca\/serveis\/enginyeria-sismica\/\"]}]},{\"@type\":\"BreadcrumbList\",\"@id\":\"https:\/\/progeo-cga.com\/ca\/serveis\/enginyeria-sismica\/#breadcrumb\",\"itemListElement\":[{\"@type\":\"ListItem\",\"position\":1,\"name\":\"Home\",\"item\":\"https:\/\/progeo-cga.com\/ca\/\"},{\"@type\":\"ListItem\",\"position\":2,\"name\":\"Serveis\",\"item\":\"https:\/\/progeo-cga.com\/ca\/serveis\/\"},{\"@type\":\"ListItem\",\"position\":3,\"name\":\"ENGINYERIA S\u00cdSMICA\"}]},{\"@type\":\"WebSite\",\"@id\":\"https:\/\/progeo-cga.com\/#website\",\"url\":\"https:\/\/progeo-cga.com\/\",\"name\":\"PRO GEO\",\"description\":\"GEOTECHNICAL CONSULTANTS\",\"potentialAction\":[{\"@type\":\"SearchAction\",\"target\":{\"@type\":\"EntryPoint\",\"urlTemplate\":\"https:\/\/progeo-cga.com\/?s={search_term_string}\"},\"query-input\":{\"@type\":\"PropertyValueSpecification\",\"valueRequired\":true,\"valueName\":\"search_term_string\"}}],\"inLanguage\":\"ca\"}]}<\/script>\n<!-- \/ Yoast SEO plugin. -->","yoast_head_json":{"title":"ENGINYERIA S\u00cdSMICA - PRO GEO","robots":{"index":"index","follow":"follow","max-snippet":"max-snippet:-1","max-image-preview":"max-image-preview:large","max-video-preview":"max-video-preview:-1"},"canonical":"https:\/\/progeo-cga.com\/ca\/serveis\/enginyeria-sismica\/","og_locale":"ca_ES","og_type":"article","og_title":"ENGINYERIA S\u00cdSMICA - PRO GEO","og_description":"[vc_row][vc_column][vc_empty_space][\/vc_column][\/vc_row][vc_row][vc_column][vc_column_text] ENGINYERIA S\u00cdSMICA [\/vc_column_text][vc_separator][vc_column_text]L\u2019equip de PRO GEO t\u00e9 experi\u00e8ncia en els seg\u00fcents serveis relacionats amb el camp de l\u2019enginyeria s\u00edsmica: An\u00e0lisi determin\u00edstic de risc s\u00edsmic (DSHA). An\u00e0lisi probabil\u00edstic de risc s\u00edsmic (PSHA). Obtenci\u00f3 d\u2019 accelerogrames sint\u00e8tics a partir d\u2019un espectre de resposta. An\u00e0lisi de resposta en sols \u2013 propagaci\u00f3 d\u2019ones s\u00edsmiques. An\u00e0lisi de potencial de liq\u00fcefacci\u00f3. An\u00e0lisi d\u2019estabilitat de talussos sota condicions din\u00e0miques. An\u00e0lisi d\u2019estructures... Read More","og_url":"https:\/\/progeo-cga.com\/ca\/serveis\/enginyeria-sismica\/","og_site_name":"PRO GEO","article_modified_time":"2017-06-15T07:36:06+00:00","twitter_card":"summary_large_image","twitter_misc":{"Temps estimat de lectura":"1 minut"},"schema":{"@context":"https:\/\/schema.org","@graph":[{"@type":"WebPage","@id":"https:\/\/progeo-cga.com\/ca\/serveis\/enginyeria-sismica\/","url":"https:\/\/progeo-cga.com\/ca\/serveis\/enginyeria-sismica\/","name":"ENGINYERIA S\u00cdSMICA - PRO GEO","isPartOf":{"@id":"https:\/\/progeo-cga.com\/#website"},"datePublished":"2017-01-09T09:43:43+00:00","dateModified":"2017-06-15T07:36:06+00:00","breadcrumb":{"@id":"https:\/\/progeo-cga.com\/ca\/serveis\/enginyeria-sismica\/#breadcrumb"},"inLanguage":"ca","potentialAction":[{"@type":"ReadAction","target":["https:\/\/progeo-cga.com\/ca\/serveis\/enginyeria-sismica\/"]}]},{"@type":"BreadcrumbList","@id":"https:\/\/progeo-cga.com\/ca\/serveis\/enginyeria-sismica\/#breadcrumb","itemListElement":[{"@type":"ListItem","position":1,"name":"Home","item":"https:\/\/progeo-cga.com\/ca\/"},{"@type":"ListItem","position":2,"name":"Serveis","item":"https:\/\/progeo-cga.com\/ca\/serveis\/"},{"@type":"ListItem","position":3,"name":"ENGINYERIA S\u00cdSMICA"}]},{"@type":"WebSite","@id":"https:\/\/progeo-cga.com\/#website","url":"https:\/\/progeo-cga.com\/","name":"PRO GEO","description":"GEOTECHNICAL CONSULTANTS","potentialAction":[{"@type":"SearchAction","target":{"@type":"EntryPoint","urlTemplate":"https:\/\/progeo-cga.com\/?s={search_term_string}"},"query-input":{"@type":"PropertyValueSpecification","valueRequired":true,"valueName":"search_term_string"}}],"inLanguage":"ca"}]}},"_links":{"self":[{"href":"https:\/\/progeo-cga.com\/ca\/wp-json\/wp\/v2\/pages\/828","targetHints":{"allow":["GET"]}}],"collection":[{"href":"https:\/\/progeo-cga.com\/ca\/wp-json\/wp\/v2\/pages"}],"about":[{"href":"https:\/\/progeo-cga.com\/ca\/wp-json\/wp\/v2\/types\/page"}],"author":[{"embeddable":true,"href":"https:\/\/progeo-cga.com\/ca\/wp-json\/wp\/v2\/users\/1"}],"replies":[{"embeddable":true,"href":"https:\/\/progeo-cga.com\/ca\/wp-json\/wp\/v2\/comments?post=828"}],"version-history":[{"count":6,"href":"https:\/\/progeo-cga.com\/ca\/wp-json\/wp\/v2\/pages\/828\/revisions"}],"predecessor-version":[{"id":1185,"href":"https:\/\/progeo-cga.com\/ca\/wp-json\/wp\/v2\/pages\/828\/revisions\/1185"}],"up":[{"embeddable":true,"href":"https:\/\/progeo-cga.com\/ca\/wp-json\/wp\/v2\/pages\/814"}],"wp:attachment":[{"href":"https:\/\/progeo-cga.com\/ca\/wp-json\/wp\/v2\/media?parent=828"}],"curies":[{"name":"wp","href":"https:\/\/api.w.org\/{rel}","templated":true}]}}