{"id":824,"date":"2017-01-04T12:19:04","date_gmt":"2017-01-04T12:19:04","guid":{"rendered":"http:\/\/progeo.winworldev.es\/serveis\/ingenieria-geotecnica-de-puertos\/"},"modified":"2017-01-30T08:02:34","modified_gmt":"2017-01-30T08:02:34","slug":"enginyeria-geotecnica-de-ports","status":"publish","type":"page","link":"https:\/\/progeo-cga.com\/ca\/serveis\/enginyeria-geotecnica-de-ports\/","title":{"rendered":"ENGINYERIA GEOT\u00c8CNICA DE PORTS"},"content":{"rendered":"[vc_row][vc_column][vc_empty_space][\/vc_column][\/vc_row][vc_row][vc_column][vc_column_text]\n<h3>ENGINYERIA GEOT\u00c8CNICA DE PORTS<\/h3>\n[\/vc_column_text][vc_separator][vc_column_text]<strong>PRO GEO Geotechnical<\/strong> Consultants compta amb una \u00e0mplia experi\u00e8ncia en el disseny geot\u00e8cnic de ports, sovint en <strong>condicions geot\u00e8cniques dif\u00edcils i tractant d&#8217;oferir solucions competitives<\/strong> als nostres clients a <strong>Europa<\/strong> (Port de Barcelona, Espanya), <strong>Am\u00e8rica Central<\/strong> (Puerto Quetzal, Guatemala i Puerto de Moin, Costa Rica) i <strong>Am\u00e8rica del Sud<\/strong> (Sao Jose Do Norte, Brasil).<\/p>\n<p>Les tecnologies avan\u00e7ades de l&#8217;estudi d&#8217;informaci\u00f3 geot\u00e8cnica, aix\u00ed com els m\u00e8todes avan\u00e7ats de disseny geot\u00e8cnic han perm\u00e8s l&#8217;obtenci\u00f3 de solucions competitives, que milloren les solucions inicialment plantejades.[\/vc_column_text][vc_empty_space height=&#8221;55px&#8221;][vc_row_inner][vc_column_inner width=&#8221;1\/6&#8243;][\/vc_column_inner][vc_column_inner width=&#8221;2\/3&#8243;][rev_slider_vc alias=&#8221;serv-2-cat&#8221;][\/vc_column_inner][vc_column_inner width=&#8221;1\/6&#8243;][\/vc_column_inner][\/vc_row_inner][\/vc_column][\/vc_row][vc_row][vc_column][vc_empty_space][\/vc_column][\/vc_row]\n","protected":false},"excerpt":{"rendered":"<p>[vc_row][vc_column][vc_empty_space][\/vc_column][\/vc_row][vc_row][vc_column][vc_column_text] ENGINYERIA GEOT\u00c8CNICA DE PORTS [\/vc_column_text][vc_separator][vc_column_text]PRO GEO Geotechnical Consultants compta amb una \u00e0mplia experi\u00e8ncia en el disseny geot\u00e8cnic de ports, sovint en condicions geot\u00e8cniques dif\u00edcils i tractant d&#8217;oferir solucions competitives als nostres clients a Europa (Port de Barcelona, Espanya), Am\u00e8rica Central (Puerto Quetzal, Guatemala i Puerto de Moin, Costa Rica) i Am\u00e8rica del Sud (Sao Jose Do Norte, Brasil). Les tecnologies avan\u00e7ades de l&#8217;estudi d&#8217;informaci\u00f3&#8230; <\/p>\n<p><a class=\"readmore\" href=\"https:\/\/progeo-cga.com\/ca\/serveis\/enginyeria-geotecnica-de-ports\/\">Read More<\/a><\/p>\n","protected":false},"author":1,"featured_media":0,"parent":814,"menu_order":2,"comment_status":"closed","ping_status":"closed","template":"","meta":{"footnotes":""},"class_list":["post-824","page","type-page","status-publish","hentry"],"yoast_head":"<!-- This site is optimized with the Yoast SEO plugin v24.0 - https:\/\/yoast.com\/wordpress\/plugins\/seo\/ -->\n<title>ENGINYERIA GEOT\u00c8CNICA DE PORTS - PRO GEO<\/title>\n<meta name=\"robots\" content=\"index, follow, max-snippet:-1, max-image-preview:large, max-video-preview:-1\" \/>\n<link rel=\"canonical\" href=\"https:\/\/progeo-cga.com\/ca\/serveis\/enginyeria-geotecnica-de-ports\/\" \/>\n<meta property=\"og:locale\" content=\"ca_ES\" \/>\n<meta property=\"og:type\" content=\"article\" \/>\n<meta property=\"og:title\" content=\"ENGINYERIA GEOT\u00c8CNICA DE PORTS - PRO GEO\" \/>\n<meta property=\"og:description\" content=\"[vc_row][vc_column][vc_empty_space][\/vc_column][\/vc_row][vc_row][vc_column][vc_column_text] ENGINYERIA GEOT\u00c8CNICA DE PORTS [\/vc_column_text][vc_separator][vc_column_text]PRO GEO Geotechnical Consultants compta amb una \u00e0mplia experi\u00e8ncia en el disseny geot\u00e8cnic de ports, sovint en condicions geot\u00e8cniques dif\u00edcils i tractant d&#8217;oferir solucions competitives als nostres clients a Europa (Port de Barcelona, Espanya), Am\u00e8rica Central (Puerto Quetzal, Guatemala i Puerto de Moin, Costa Rica) i Am\u00e8rica del Sud (Sao Jose Do Norte, Brasil). Les tecnologies avan\u00e7ades de l&#8217;estudi d&#8217;informaci\u00f3... Read More\" \/>\n<meta property=\"og:url\" content=\"https:\/\/progeo-cga.com\/ca\/serveis\/enginyeria-geotecnica-de-ports\/\" \/>\n<meta property=\"og:site_name\" content=\"PRO GEO\" \/>\n<meta property=\"article:modified_time\" content=\"2017-01-30T08:02:34+00:00\" \/>\n<meta name=\"twitter:card\" content=\"summary_large_image\" \/>\n<meta name=\"twitter:label1\" content=\"Temps estimat de lectura\" \/>\n\t<meta name=\"twitter:data1\" content=\"1 minut\" \/>\n<script type=\"application\/ld+json\" class=\"yoast-schema-graph\">{\"@context\":\"https:\/\/schema.org\",\"@graph\":[{\"@type\":\"WebPage\",\"@id\":\"https:\/\/progeo-cga.com\/ca\/serveis\/enginyeria-geotecnica-de-ports\/\",\"url\":\"https:\/\/progeo-cga.com\/ca\/serveis\/enginyeria-geotecnica-de-ports\/\",\"name\":\"ENGINYERIA GEOT\u00c8CNICA DE PORTS - PRO GEO\",\"isPartOf\":{\"@id\":\"https:\/\/progeo-cga.com\/#website\"},\"datePublished\":\"2017-01-04T12:19:04+00:00\",\"dateModified\":\"2017-01-30T08:02:34+00:00\",\"breadcrumb\":{\"@id\":\"https:\/\/progeo-cga.com\/ca\/serveis\/enginyeria-geotecnica-de-ports\/#breadcrumb\"},\"inLanguage\":\"ca\",\"potentialAction\":[{\"@type\":\"ReadAction\",\"target\":[\"https:\/\/progeo-cga.com\/ca\/serveis\/enginyeria-geotecnica-de-ports\/\"]}]},{\"@type\":\"BreadcrumbList\",\"@id\":\"https:\/\/progeo-cga.com\/ca\/serveis\/enginyeria-geotecnica-de-ports\/#breadcrumb\",\"itemListElement\":[{\"@type\":\"ListItem\",\"position\":1,\"name\":\"Home\",\"item\":\"https:\/\/progeo-cga.com\/ca\/\"},{\"@type\":\"ListItem\",\"position\":2,\"name\":\"Serveis\",\"item\":\"https:\/\/progeo-cga.com\/ca\/serveis\/\"},{\"@type\":\"ListItem\",\"position\":3,\"name\":\"ENGINYERIA GEOT\u00c8CNICA DE PORTS\"}]},{\"@type\":\"WebSite\",\"@id\":\"https:\/\/progeo-cga.com\/#website\",\"url\":\"https:\/\/progeo-cga.com\/\",\"name\":\"PRO GEO\",\"description\":\"GEOTECHNICAL CONSULTANTS\",\"potentialAction\":[{\"@type\":\"SearchAction\",\"target\":{\"@type\":\"EntryPoint\",\"urlTemplate\":\"https:\/\/progeo-cga.com\/?s={search_term_string}\"},\"query-input\":{\"@type\":\"PropertyValueSpecification\",\"valueRequired\":true,\"valueName\":\"search_term_string\"}}],\"inLanguage\":\"ca\"}]}<\/script>\n<!-- \/ Yoast SEO plugin. -->","yoast_head_json":{"title":"ENGINYERIA GEOT\u00c8CNICA DE PORTS - PRO GEO","robots":{"index":"index","follow":"follow","max-snippet":"max-snippet:-1","max-image-preview":"max-image-preview:large","max-video-preview":"max-video-preview:-1"},"canonical":"https:\/\/progeo-cga.com\/ca\/serveis\/enginyeria-geotecnica-de-ports\/","og_locale":"ca_ES","og_type":"article","og_title":"ENGINYERIA GEOT\u00c8CNICA DE PORTS - PRO GEO","og_description":"[vc_row][vc_column][vc_empty_space][\/vc_column][\/vc_row][vc_row][vc_column][vc_column_text] ENGINYERIA GEOT\u00c8CNICA DE PORTS [\/vc_column_text][vc_separator][vc_column_text]PRO GEO Geotechnical Consultants compta amb una \u00e0mplia experi\u00e8ncia en el disseny geot\u00e8cnic de ports, sovint en condicions geot\u00e8cniques dif\u00edcils i tractant d&#8217;oferir solucions competitives als nostres clients a Europa (Port de Barcelona, Espanya), Am\u00e8rica Central (Puerto Quetzal, Guatemala i Puerto de Moin, Costa Rica) i Am\u00e8rica del Sud (Sao Jose Do Norte, Brasil). Les tecnologies avan\u00e7ades de l&#8217;estudi d&#8217;informaci\u00f3... Read More","og_url":"https:\/\/progeo-cga.com\/ca\/serveis\/enginyeria-geotecnica-de-ports\/","og_site_name":"PRO GEO","article_modified_time":"2017-01-30T08:02:34+00:00","twitter_card":"summary_large_image","twitter_misc":{"Temps estimat de lectura":"1 minut"},"schema":{"@context":"https:\/\/schema.org","@graph":[{"@type":"WebPage","@id":"https:\/\/progeo-cga.com\/ca\/serveis\/enginyeria-geotecnica-de-ports\/","url":"https:\/\/progeo-cga.com\/ca\/serveis\/enginyeria-geotecnica-de-ports\/","name":"ENGINYERIA GEOT\u00c8CNICA DE PORTS - PRO GEO","isPartOf":{"@id":"https:\/\/progeo-cga.com\/#website"},"datePublished":"2017-01-04T12:19:04+00:00","dateModified":"2017-01-30T08:02:34+00:00","breadcrumb":{"@id":"https:\/\/progeo-cga.com\/ca\/serveis\/enginyeria-geotecnica-de-ports\/#breadcrumb"},"inLanguage":"ca","potentialAction":[{"@type":"ReadAction","target":["https:\/\/progeo-cga.com\/ca\/serveis\/enginyeria-geotecnica-de-ports\/"]}]},{"@type":"BreadcrumbList","@id":"https:\/\/progeo-cga.com\/ca\/serveis\/enginyeria-geotecnica-de-ports\/#breadcrumb","itemListElement":[{"@type":"ListItem","position":1,"name":"Home","item":"https:\/\/progeo-cga.com\/ca\/"},{"@type":"ListItem","position":2,"name":"Serveis","item":"https:\/\/progeo-cga.com\/ca\/serveis\/"},{"@type":"ListItem","position":3,"name":"ENGINYERIA GEOT\u00c8CNICA DE PORTS"}]},{"@type":"WebSite","@id":"https:\/\/progeo-cga.com\/#website","url":"https:\/\/progeo-cga.com\/","name":"PRO GEO","description":"GEOTECHNICAL CONSULTANTS","potentialAction":[{"@type":"SearchAction","target":{"@type":"EntryPoint","urlTemplate":"https:\/\/progeo-cga.com\/?s={search_term_string}"},"query-input":{"@type":"PropertyValueSpecification","valueRequired":true,"valueName":"search_term_string"}}],"inLanguage":"ca"}]}},"_links":{"self":[{"href":"https:\/\/progeo-cga.com\/ca\/wp-json\/wp\/v2\/pages\/824","targetHints":{"allow":["GET"]}}],"collection":[{"href":"https:\/\/progeo-cga.com\/ca\/wp-json\/wp\/v2\/pages"}],"about":[{"href":"https:\/\/progeo-cga.com\/ca\/wp-json\/wp\/v2\/types\/page"}],"author":[{"embeddable":true,"href":"https:\/\/progeo-cga.com\/ca\/wp-json\/wp\/v2\/users\/1"}],"replies":[{"embeddable":true,"href":"https:\/\/progeo-cga.com\/ca\/wp-json\/wp\/v2\/comments?post=824"}],"version-history":[{"count":2,"href":"https:\/\/progeo-cga.com\/ca\/wp-json\/wp\/v2\/pages\/824\/revisions"}],"predecessor-version":[{"id":925,"href":"https:\/\/progeo-cga.com\/ca\/wp-json\/wp\/v2\/pages\/824\/revisions\/925"}],"up":[{"embeddable":true,"href":"https:\/\/progeo-cga.com\/ca\/wp-json\/wp\/v2\/pages\/814"}],"wp:attachment":[{"href":"https:\/\/progeo-cga.com\/ca\/wp-json\/wp\/v2\/media?parent=824"}],"curies":[{"name":"wp","href":"https:\/\/api.w.org\/{rel}","templated":true}]}}