{"id":820,"date":"2017-01-04T12:18:47","date_gmt":"2017-01-04T12:18:47","guid":{"rendered":"http:\/\/progeo.winworldev.es\/serveis\/diseno-de-tuneles-y-obras-subterraneas\/"},"modified":"2021-04-27T15:49:16","modified_gmt":"2021-04-27T15:49:16","slug":"tunels-projectes-subterranis","status":"publish","type":"page","link":"https:\/\/progeo-cga.com\/ca\/serveis\/tunels-projectes-subterranis\/","title":{"rendered":"T\u00daNELS I PROJECTES SUBTERRANIS"},"content":{"rendered":"[vc_row][vc_column][vc_empty_space][\/vc_column][\/vc_row][vc_row][vc_column][vc_column_text]\n<h3>T\u00daNELS I PROJECTES SUBTERRANIS<\/h3>\n[\/vc_column_text][vc_separator][vc_column_text]<strong>PRO GEO Geotechnical Consultants<\/strong> compta amb una \u00e0mplia experi\u00e8ncia en el disseny de t\u00fanels. S&#8217;han resolt\u00a0abundants q\u00fcestions relacionades amb <strong>NATM<\/strong> (Nou M\u00e8tode Austr\u00edac), tuneladores tipus escuts en roca o<strong> EPB<\/strong>, aix\u00ed com les t\u00e8cniques de <strong><em>cut and cover<\/em><\/strong> (murs pantalla, ancoratges de fonamentaci\u00f3, etc.).<\/p>\n<p>PRO GEO ha\u00a0treballat a <strong>Toronto (Canad\u00e0)<\/strong> en l\u2019ampliaci\u00f3 del metro\u00a0<strong>Toronto York &#8211; Spadina<\/strong>, en el disseny del<strong> LRT Eglinton Crosstown <\/strong>i com a consultors per a la construcci\u00f3 del<strong> tramvia lleuger Finch Oest LRT.<\/strong>\u00a0Tamb\u00e9 ha participat en alguns t\u00fanels de les <strong>L\u00ednies d&#8217;Alta Velocitat a Espanya<\/strong>, en el disseny subterrani i supervisi\u00f3 de les <strong>l\u00ednies 3 i\u00a0 5 del metro de Riyadh (Ar\u00e0bia Saudita)<\/strong> i en <strong>l&#8217;autopista de Rodoanel Mario Covas (Sao Paulo, Brasil)<\/strong>. A m\u00e9s a m\u00e9s, ha treballat en altres projectes com el <strong>t\u00fanel viari de la Pla\u00e7a de Gl\u00f2ries<\/strong> <strong>(Barcelona, Espanya)<\/strong>, la galeria de connexi\u00f3 de la <strong>mina de S\u00faria (Espanya),<\/strong>\u00a0el redisseny del <strong>t\u00fanel de Bouira (Alg\u00e8ria)<\/strong>, aix\u00ed com en l&#8217;an\u00e0lisi del disseny del <strong>t\u00fanel de Silvertown (Londres, Anglaterra)<\/strong>, entre\u00a0 altres dissenys.<\/p>\n<p>Alguns d&#8217;aquests dissenys s&#8217;han dut a terme en <strong>entorns urbans complexos<\/strong>, en els que, a m\u00e9s del disseny del revestiment del t\u00fanel, tamb\u00e9 s&#8217;ha fet un <strong>control dels assentaments<\/strong> i dels afectes a tercers que juguen un paper important.\u00a0L&#8217;enfoc de PRO GEO\u00a0es basa sempre en un coneixement profund dels principis geomec\u00e0nics i en l&#8217;\u00fas de les t\u00e8cniques de disseny m\u00e9s avan\u00e7ades.[\/vc_column_text][vc_empty_space height=&#8221;55px&#8221;][vc_row_inner][vc_column_inner width=&#8221;1\/6&#8243;][\/vc_column_inner][vc_column_inner width=&#8221;2\/3&#8243;][rev_slider_vc alias=&#8221;serv-1-cat&#8221;][\/vc_column_inner][vc_column_inner width=&#8221;1\/6&#8243;][\/vc_column_inner][\/vc_row_inner][\/vc_column][\/vc_row][vc_row][vc_column][vc_empty_space][\/vc_column][\/vc_row]\n","protected":false},"excerpt":{"rendered":"<p>[vc_row][vc_column][vc_empty_space][\/vc_column][\/vc_row][vc_row][vc_column][vc_column_text] T\u00daNELS I PROJECTES SUBTERRANIS [\/vc_column_text][vc_separator][vc_column_text]PRO GEO Geotechnical Consultants compta amb una \u00e0mplia experi\u00e8ncia en el disseny de t\u00fanels. S&#8217;han resolt\u00a0abundants q\u00fcestions relacionades amb NATM (Nou M\u00e8tode Austr\u00edac), tuneladores tipus escuts en roca o EPB, aix\u00ed com les t\u00e8cniques de cut and cover (murs pantalla, ancoratges de fonamentaci\u00f3, etc.). PRO GEO ha\u00a0treballat a Toronto (Canad\u00e0) en l\u2019ampliaci\u00f3 del metro\u00a0Toronto York &#8211; Spadina, en el disseny&#8230; <\/p>\n<p><a class=\"readmore\" href=\"https:\/\/progeo-cga.com\/ca\/serveis\/tunels-projectes-subterranis\/\">Read More<\/a><\/p>\n","protected":false},"author":1,"featured_media":0,"parent":814,"menu_order":1,"comment_status":"closed","ping_status":"closed","template":"","meta":{"footnotes":""},"class_list":["post-820","page","type-page","status-publish","hentry"],"yoast_head":"<!-- This site is optimized with the Yoast SEO plugin v24.0 - https:\/\/yoast.com\/wordpress\/plugins\/seo\/ -->\n<title>T\u00daNELS I PROJECTES SUBTERRANIS - PRO GEO<\/title>\n<meta name=\"robots\" content=\"index, follow, max-snippet:-1, max-image-preview:large, max-video-preview:-1\" \/>\n<link rel=\"canonical\" href=\"https:\/\/progeo-cga.com\/ca\/serveis\/tunels-projectes-subterranis\/\" \/>\n<meta property=\"og:locale\" content=\"ca_ES\" \/>\n<meta property=\"og:type\" content=\"article\" \/>\n<meta property=\"og:title\" content=\"T\u00daNELS I PROJECTES SUBTERRANIS - PRO GEO\" \/>\n<meta property=\"og:description\" content=\"[vc_row][vc_column][vc_empty_space][\/vc_column][\/vc_row][vc_row][vc_column][vc_column_text] T\u00daNELS I PROJECTES SUBTERRANIS [\/vc_column_text][vc_separator][vc_column_text]PRO GEO Geotechnical Consultants compta amb una \u00e0mplia experi\u00e8ncia en el disseny de t\u00fanels. S&#8217;han resolt\u00a0abundants q\u00fcestions relacionades amb NATM (Nou M\u00e8tode Austr\u00edac), tuneladores tipus escuts en roca o EPB, aix\u00ed com les t\u00e8cniques de cut and cover (murs pantalla, ancoratges de fonamentaci\u00f3, etc.). PRO GEO ha\u00a0treballat a Toronto (Canad\u00e0) en l\u2019ampliaci\u00f3 del metro\u00a0Toronto York &#8211; Spadina, en el disseny... Read More\" \/>\n<meta property=\"og:url\" content=\"https:\/\/progeo-cga.com\/ca\/serveis\/tunels-projectes-subterranis\/\" \/>\n<meta property=\"og:site_name\" content=\"PRO GEO\" \/>\n<meta property=\"article:modified_time\" content=\"2021-04-27T15:49:16+00:00\" \/>\n<meta name=\"twitter:card\" content=\"summary_large_image\" \/>\n<meta name=\"twitter:label1\" content=\"Temps estimat de lectura\" \/>\n\t<meta name=\"twitter:data1\" content=\"2 minuts\" \/>\n<script type=\"application\/ld+json\" class=\"yoast-schema-graph\">{\"@context\":\"https:\/\/schema.org\",\"@graph\":[{\"@type\":\"WebPage\",\"@id\":\"https:\/\/progeo-cga.com\/ca\/serveis\/tunels-projectes-subterranis\/\",\"url\":\"https:\/\/progeo-cga.com\/ca\/serveis\/tunels-projectes-subterranis\/\",\"name\":\"T\u00daNELS I PROJECTES SUBTERRANIS - PRO GEO\",\"isPartOf\":{\"@id\":\"https:\/\/progeo-cga.com\/#website\"},\"datePublished\":\"2017-01-04T12:18:47+00:00\",\"dateModified\":\"2021-04-27T15:49:16+00:00\",\"breadcrumb\":{\"@id\":\"https:\/\/progeo-cga.com\/ca\/serveis\/tunels-projectes-subterranis\/#breadcrumb\"},\"inLanguage\":\"ca\",\"potentialAction\":[{\"@type\":\"ReadAction\",\"target\":[\"https:\/\/progeo-cga.com\/ca\/serveis\/tunels-projectes-subterranis\/\"]}]},{\"@type\":\"BreadcrumbList\",\"@id\":\"https:\/\/progeo-cga.com\/ca\/serveis\/tunels-projectes-subterranis\/#breadcrumb\",\"itemListElement\":[{\"@type\":\"ListItem\",\"position\":1,\"name\":\"Home\",\"item\":\"https:\/\/progeo-cga.com\/ca\/\"},{\"@type\":\"ListItem\",\"position\":2,\"name\":\"Serveis\",\"item\":\"https:\/\/progeo-cga.com\/ca\/serveis\/\"},{\"@type\":\"ListItem\",\"position\":3,\"name\":\"T\u00daNELS I PROJECTES SUBTERRANIS\"}]},{\"@type\":\"WebSite\",\"@id\":\"https:\/\/progeo-cga.com\/#website\",\"url\":\"https:\/\/progeo-cga.com\/\",\"name\":\"PRO GEO\",\"description\":\"GEOTECHNICAL CONSULTANTS\",\"potentialAction\":[{\"@type\":\"SearchAction\",\"target\":{\"@type\":\"EntryPoint\",\"urlTemplate\":\"https:\/\/progeo-cga.com\/?s={search_term_string}\"},\"query-input\":{\"@type\":\"PropertyValueSpecification\",\"valueRequired\":true,\"valueName\":\"search_term_string\"}}],\"inLanguage\":\"ca\"}]}<\/script>\n<!-- \/ Yoast SEO plugin. -->","yoast_head_json":{"title":"T\u00daNELS I PROJECTES SUBTERRANIS - PRO GEO","robots":{"index":"index","follow":"follow","max-snippet":"max-snippet:-1","max-image-preview":"max-image-preview:large","max-video-preview":"max-video-preview:-1"},"canonical":"https:\/\/progeo-cga.com\/ca\/serveis\/tunels-projectes-subterranis\/","og_locale":"ca_ES","og_type":"article","og_title":"T\u00daNELS I PROJECTES SUBTERRANIS - PRO GEO","og_description":"[vc_row][vc_column][vc_empty_space][\/vc_column][\/vc_row][vc_row][vc_column][vc_column_text] T\u00daNELS I PROJECTES SUBTERRANIS [\/vc_column_text][vc_separator][vc_column_text]PRO GEO Geotechnical Consultants compta amb una \u00e0mplia experi\u00e8ncia en el disseny de t\u00fanels. S&#8217;han resolt\u00a0abundants q\u00fcestions relacionades amb NATM (Nou M\u00e8tode Austr\u00edac), tuneladores tipus escuts en roca o EPB, aix\u00ed com les t\u00e8cniques de cut and cover (murs pantalla, ancoratges de fonamentaci\u00f3, etc.). PRO GEO ha\u00a0treballat a Toronto (Canad\u00e0) en l\u2019ampliaci\u00f3 del metro\u00a0Toronto York &#8211; Spadina, en el disseny... Read More","og_url":"https:\/\/progeo-cga.com\/ca\/serveis\/tunels-projectes-subterranis\/","og_site_name":"PRO GEO","article_modified_time":"2021-04-27T15:49:16+00:00","twitter_card":"summary_large_image","twitter_misc":{"Temps estimat de lectura":"2 minuts"},"schema":{"@context":"https:\/\/schema.org","@graph":[{"@type":"WebPage","@id":"https:\/\/progeo-cga.com\/ca\/serveis\/tunels-projectes-subterranis\/","url":"https:\/\/progeo-cga.com\/ca\/serveis\/tunels-projectes-subterranis\/","name":"T\u00daNELS I PROJECTES SUBTERRANIS - PRO GEO","isPartOf":{"@id":"https:\/\/progeo-cga.com\/#website"},"datePublished":"2017-01-04T12:18:47+00:00","dateModified":"2021-04-27T15:49:16+00:00","breadcrumb":{"@id":"https:\/\/progeo-cga.com\/ca\/serveis\/tunels-projectes-subterranis\/#breadcrumb"},"inLanguage":"ca","potentialAction":[{"@type":"ReadAction","target":["https:\/\/progeo-cga.com\/ca\/serveis\/tunels-projectes-subterranis\/"]}]},{"@type":"BreadcrumbList","@id":"https:\/\/progeo-cga.com\/ca\/serveis\/tunels-projectes-subterranis\/#breadcrumb","itemListElement":[{"@type":"ListItem","position":1,"name":"Home","item":"https:\/\/progeo-cga.com\/ca\/"},{"@type":"ListItem","position":2,"name":"Serveis","item":"https:\/\/progeo-cga.com\/ca\/serveis\/"},{"@type":"ListItem","position":3,"name":"T\u00daNELS I PROJECTES SUBTERRANIS"}]},{"@type":"WebSite","@id":"https:\/\/progeo-cga.com\/#website","url":"https:\/\/progeo-cga.com\/","name":"PRO GEO","description":"GEOTECHNICAL CONSULTANTS","potentialAction":[{"@type":"SearchAction","target":{"@type":"EntryPoint","urlTemplate":"https:\/\/progeo-cga.com\/?s={search_term_string}"},"query-input":{"@type":"PropertyValueSpecification","valueRequired":true,"valueName":"search_term_string"}}],"inLanguage":"ca"}]}},"_links":{"self":[{"href":"https:\/\/progeo-cga.com\/ca\/wp-json\/wp\/v2\/pages\/820","targetHints":{"allow":["GET"]}}],"collection":[{"href":"https:\/\/progeo-cga.com\/ca\/wp-json\/wp\/v2\/pages"}],"about":[{"href":"https:\/\/progeo-cga.com\/ca\/wp-json\/wp\/v2\/types\/page"}],"author":[{"embeddable":true,"href":"https:\/\/progeo-cga.com\/ca\/wp-json\/wp\/v2\/users\/1"}],"replies":[{"embeddable":true,"href":"https:\/\/progeo-cga.com\/ca\/wp-json\/wp\/v2\/comments?post=820"}],"version-history":[{"count":8,"href":"https:\/\/progeo-cga.com\/ca\/wp-json\/wp\/v2\/pages\/820\/revisions"}],"predecessor-version":[{"id":2736,"href":"https:\/\/progeo-cga.com\/ca\/wp-json\/wp\/v2\/pages\/820\/revisions\/2736"}],"up":[{"embeddable":true,"href":"https:\/\/progeo-cga.com\/ca\/wp-json\/wp\/v2\/pages\/814"}],"wp:attachment":[{"href":"https:\/\/progeo-cga.com\/ca\/wp-json\/wp\/v2\/media?parent=820"}],"curies":[{"name":"wp","href":"https:\/\/api.w.org\/{rel}","templated":true}]}}