{"id":807,"date":"2017-01-09T11:12:53","date_gmt":"2017-01-09T11:12:53","guid":{"rendered":"http:\/\/progeo.winworldev.es\/projectes\/vertedero-coll-cardus-a-vacarisses-espana-2016\/"},"modified":"2021-03-09T16:19:56","modified_gmt":"2021-03-09T16:19:56","slug":"abocador-coll-cardus","status":"publish","type":"page","link":"https:\/\/progeo-cga.com\/ca\/projectes\/abocadors-projectes\/abocador-coll-cardus\/","title":{"rendered":"ABOCADOR COLL CARD\u00daS A VACARISSES (ESPANYA, 2016)"},"content":{"rendered":"[\/vc_column_text][\/vc_column][\/vc_row][vc_row row_type=&#8221;3&#8243; blox_image=&#8221;2314&#8243; blox_dark=&#8221;true&#8221; row_pattern=&#8221;max-pat&#8221;][vc_column][vc_empty_space height=&#8221;260px&#8221;][vc_column_text]\n<p class=\"head-nosotros\">ABOCADOR COLL CARD\u00daS A VACARISSES (ESPANYA, 2016)<\/p>\n[\/vc_column_text][vc_empty_space height=&#8221;260px&#8221;][\/vc_column][\/vc_row][vc_row][vc_column][vc_empty_space height=&#8221;60px&#8221;][vc_row_inner][vc_column_inner width=&#8221;1\/2&#8243;][vc_column_text]Modificaci\u00f3 de la geometria de clausura de l\u2019abocador Coll Card\u00fas a Vacarisses (Vall\u00e8s Occidental) de residus urbans i industrials, actiu i controlat des del 1985.<\/p>\n<p><strong>La nostra experi\u00e8ncia ha perm\u00e8s una simulaci\u00f3 detallada del comportament de l\u2019abocador.<\/strong>[\/vc_column_text][\/vc_column_inner][vc_column_inner width=&#8221;1\/2&#8243;][vc_column_text]<strong>L&#8217;experi\u00e8ncia de\u00a0 PRO GEO<\/strong>\u00a0ha ajudat als nostres clients en els seg\u00fcents aspectes:<\/p>\n<ul>\n<li>Modelitzaci\u00f3 geomec\u00e0nica tridimensional de les geometries original i modificada de l\u2019abocador.<\/li>\n<li>Avaluaci\u00f3 d\u2019assentaments a llarg termini deguts a la consolidaci\u00f3 secund\u00e0ria dels residus.<\/li>\n<li>Avaluaci\u00f3 de l\u2019estabilitat global de l\u2019abocador.<\/li>\n<\/ul>\n[\/vc_column_text][\/vc_column_inner][\/vc_row_inner][\/vc_column][\/vc_row][vc_row][vc_column width=&#8221;1\/6&#8243;][\/vc_column][vc_column width=&#8221;2\/3&#8243;][vc_images_carousel images=&#8221;405,406,407,409&#8243; img_size=&#8221;full&#8221; autoplay=&#8221;yes&#8221; wrap=&#8221;yes&#8221;][\/vc_column][vc_column width=&#8221;1\/6&#8243;][\/vc_column][\/vc_row][vc_row][vc_column][vc_empty_space][\/vc_column][\/vc_row][vc_row][vc_column][vc_column_text][vc_row][vc_column width=&#8221;1\/1&#8243;][vc_column_text]\n[\/vc_column_text][\/vc_column][\/vc_row]\n","protected":false},"excerpt":{"rendered":"<p>[\/vc_column_text][\/vc_column][\/vc_row][vc_row row_type=&#8221;3&#8243; blox_image=&#8221;2314&#8243; blox_dark=&#8221;true&#8221; row_pattern=&#8221;max-pat&#8221;][vc_column][vc_empty_space height=&#8221;260px&#8221;][vc_column_text] ABOCADOR COLL CARD\u00daS A VACARISSES (ESPANYA, 2016) [\/vc_column_text][vc_empty_space height=&#8221;260px&#8221;][\/vc_column][\/vc_row][vc_row][vc_column][vc_empty_space height=&#8221;60px&#8221;][vc_row_inner][vc_column_inner width=&#8221;1\/2&#8243;][vc_column_text]Modificaci\u00f3 de la geometria de clausura de l\u2019abocador Coll Card\u00fas a Vacarisses (Vall\u00e8s Occidental) de residus urbans i industrials, actiu i controlat des del 1985. La nostra experi\u00e8ncia ha perm\u00e8s una simulaci\u00f3 detallada del comportament de l\u2019abocador.[\/vc_column_text][\/vc_column_inner][vc_column_inner width=&#8221;1\/2&#8243;][vc_column_text]L&#8217;experi\u00e8ncia de\u00a0 PRO GEO\u00a0ha ajudat als nostres clients en els seg\u00fcents aspectes:&#8230; <\/p>\n<p><a class=\"readmore\" href=\"https:\/\/progeo-cga.com\/ca\/projectes\/abocadors-projectes\/abocador-coll-cardus\/\">Read More<\/a><\/p>\n","protected":false},"author":1,"featured_media":0,"parent":1683,"menu_order":1,"comment_status":"closed","ping_status":"closed","template":"","meta":{"footnotes":""},"class_list":["post-807","page","type-page","status-publish","hentry"],"yoast_head":"<!-- This site is optimized with the Yoast SEO plugin v24.0 - https:\/\/yoast.com\/wordpress\/plugins\/seo\/ -->\n<title>Abocador Coll Card\u00fas a Vacarisses | PRO GEO Geotechnical Consultants<\/title>\n<meta name=\"description\" content=\"L&#039;experi\u00e8ncia de PRO GEO ha perm\u00e8s una simulaci\u00f3 detallada del comportament de l\u2019 abocador Coll Card\u00fas a Vacarisses (Vall\u00e8s Occidental).\" \/>\n<meta name=\"robots\" content=\"index, follow, max-snippet:-1, max-image-preview:large, max-video-preview:-1\" \/>\n<link rel=\"canonical\" href=\"https:\/\/progeo-cga.com\/ca\/projectes\/abocadors-projectes\/abocador-coll-cardus\/\" \/>\n<meta property=\"og:locale\" content=\"ca_ES\" \/>\n<meta property=\"og:type\" content=\"article\" \/>\n<meta property=\"og:title\" content=\"Abocador Coll Card\u00fas a Vacarisses | PRO GEO Geotechnical Consultants\" \/>\n<meta property=\"og:description\" content=\"L&#039;experi\u00e8ncia de PRO GEO ha perm\u00e8s una simulaci\u00f3 detallada del comportament de l\u2019 abocador Coll Card\u00fas a Vacarisses (Vall\u00e8s Occidental).\" \/>\n<meta property=\"og:url\" content=\"https:\/\/progeo-cga.com\/ca\/projectes\/abocadors-projectes\/abocador-coll-cardus\/\" \/>\n<meta property=\"og:site_name\" content=\"PRO GEO\" \/>\n<meta property=\"article:modified_time\" content=\"2021-03-09T16:19:56+00:00\" \/>\n<meta name=\"twitter:card\" content=\"summary_large_image\" \/>\n<meta name=\"twitter:label1\" content=\"Temps estimat de lectura\" \/>\n\t<meta name=\"twitter:data1\" content=\"1 minut\" \/>\n<script type=\"application\/ld+json\" class=\"yoast-schema-graph\">{\"@context\":\"https:\/\/schema.org\",\"@graph\":[{\"@type\":\"WebPage\",\"@id\":\"https:\/\/progeo-cga.com\/ca\/projectes\/abocadors-projectes\/abocador-coll-cardus\/\",\"url\":\"https:\/\/progeo-cga.com\/ca\/projectes\/abocadors-projectes\/abocador-coll-cardus\/\",\"name\":\"Abocador Coll Card\u00fas a Vacarisses | PRO GEO Geotechnical Consultants\",\"isPartOf\":{\"@id\":\"https:\/\/progeo-cga.com\/#website\"},\"datePublished\":\"2017-01-09T11:12:53+00:00\",\"dateModified\":\"2021-03-09T16:19:56+00:00\",\"description\":\"L'experi\u00e8ncia de PRO GEO ha perm\u00e8s una simulaci\u00f3 detallada del comportament de l\u2019 abocador Coll Card\u00fas a Vacarisses (Vall\u00e8s Occidental).\",\"breadcrumb\":{\"@id\":\"https:\/\/progeo-cga.com\/ca\/projectes\/abocadors-projectes\/abocador-coll-cardus\/#breadcrumb\"},\"inLanguage\":\"ca\",\"potentialAction\":[{\"@type\":\"ReadAction\",\"target\":[\"https:\/\/progeo-cga.com\/ca\/projectes\/abocadors-projectes\/abocador-coll-cardus\/\"]}]},{\"@type\":\"BreadcrumbList\",\"@id\":\"https:\/\/progeo-cga.com\/ca\/projectes\/abocadors-projectes\/abocador-coll-cardus\/#breadcrumb\",\"itemListElement\":[{\"@type\":\"ListItem\",\"position\":1,\"name\":\"Home\",\"item\":\"https:\/\/progeo-cga.com\/ca\/\"},{\"@type\":\"ListItem\",\"position\":2,\"name\":\"Projectes\",\"item\":\"https:\/\/progeo-cga.com\/ca\/projectes\/\"},{\"@type\":\"ListItem\",\"position\":3,\"name\":\"ABOCADORS &#8211; PROJECTES\",\"item\":\"https:\/\/progeo-cga.com\/ca\/projectes\/abocadors-projectes\/\"},{\"@type\":\"ListItem\",\"position\":4,\"name\":\"ABOCADOR COLL CARD\u00daS A VACARISSES (ESPANYA, 2016)\"}]},{\"@type\":\"WebSite\",\"@id\":\"https:\/\/progeo-cga.com\/#website\",\"url\":\"https:\/\/progeo-cga.com\/\",\"name\":\"PRO GEO\",\"description\":\"GEOTECHNICAL CONSULTANTS\",\"potentialAction\":[{\"@type\":\"SearchAction\",\"target\":{\"@type\":\"EntryPoint\",\"urlTemplate\":\"https:\/\/progeo-cga.com\/?s={search_term_string}\"},\"query-input\":{\"@type\":\"PropertyValueSpecification\",\"valueRequired\":true,\"valueName\":\"search_term_string\"}}],\"inLanguage\":\"ca\"}]}<\/script>\n<!-- \/ Yoast SEO plugin. -->","yoast_head_json":{"title":"Abocador Coll Card\u00fas a Vacarisses | PRO GEO Geotechnical Consultants","description":"L'experi\u00e8ncia de PRO GEO ha perm\u00e8s una simulaci\u00f3 detallada del comportament de l\u2019 abocador Coll Card\u00fas a Vacarisses (Vall\u00e8s Occidental).","robots":{"index":"index","follow":"follow","max-snippet":"max-snippet:-1","max-image-preview":"max-image-preview:large","max-video-preview":"max-video-preview:-1"},"canonical":"https:\/\/progeo-cga.com\/ca\/projectes\/abocadors-projectes\/abocador-coll-cardus\/","og_locale":"ca_ES","og_type":"article","og_title":"Abocador Coll Card\u00fas a Vacarisses | PRO GEO Geotechnical Consultants","og_description":"L'experi\u00e8ncia de PRO GEO ha perm\u00e8s una simulaci\u00f3 detallada del comportament de l\u2019 abocador Coll Card\u00fas a Vacarisses (Vall\u00e8s Occidental).","og_url":"https:\/\/progeo-cga.com\/ca\/projectes\/abocadors-projectes\/abocador-coll-cardus\/","og_site_name":"PRO GEO","article_modified_time":"2021-03-09T16:19:56+00:00","twitter_card":"summary_large_image","twitter_misc":{"Temps estimat de lectura":"1 minut"},"schema":{"@context":"https:\/\/schema.org","@graph":[{"@type":"WebPage","@id":"https:\/\/progeo-cga.com\/ca\/projectes\/abocadors-projectes\/abocador-coll-cardus\/","url":"https:\/\/progeo-cga.com\/ca\/projectes\/abocadors-projectes\/abocador-coll-cardus\/","name":"Abocador Coll Card\u00fas a Vacarisses | PRO GEO Geotechnical Consultants","isPartOf":{"@id":"https:\/\/progeo-cga.com\/#website"},"datePublished":"2017-01-09T11:12:53+00:00","dateModified":"2021-03-09T16:19:56+00:00","description":"L'experi\u00e8ncia de PRO GEO ha perm\u00e8s una simulaci\u00f3 detallada del comportament de l\u2019 abocador Coll Card\u00fas a Vacarisses (Vall\u00e8s Occidental).","breadcrumb":{"@id":"https:\/\/progeo-cga.com\/ca\/projectes\/abocadors-projectes\/abocador-coll-cardus\/#breadcrumb"},"inLanguage":"ca","potentialAction":[{"@type":"ReadAction","target":["https:\/\/progeo-cga.com\/ca\/projectes\/abocadors-projectes\/abocador-coll-cardus\/"]}]},{"@type":"BreadcrumbList","@id":"https:\/\/progeo-cga.com\/ca\/projectes\/abocadors-projectes\/abocador-coll-cardus\/#breadcrumb","itemListElement":[{"@type":"ListItem","position":1,"name":"Home","item":"https:\/\/progeo-cga.com\/ca\/"},{"@type":"ListItem","position":2,"name":"Projectes","item":"https:\/\/progeo-cga.com\/ca\/projectes\/"},{"@type":"ListItem","position":3,"name":"ABOCADORS &#8211; PROJECTES","item":"https:\/\/progeo-cga.com\/ca\/projectes\/abocadors-projectes\/"},{"@type":"ListItem","position":4,"name":"ABOCADOR COLL CARD\u00daS A VACARISSES (ESPANYA, 2016)"}]},{"@type":"WebSite","@id":"https:\/\/progeo-cga.com\/#website","url":"https:\/\/progeo-cga.com\/","name":"PRO GEO","description":"GEOTECHNICAL CONSULTANTS","potentialAction":[{"@type":"SearchAction","target":{"@type":"EntryPoint","urlTemplate":"https:\/\/progeo-cga.com\/?s={search_term_string}"},"query-input":{"@type":"PropertyValueSpecification","valueRequired":true,"valueName":"search_term_string"}}],"inLanguage":"ca"}]}},"_links":{"self":[{"href":"https:\/\/progeo-cga.com\/ca\/wp-json\/wp\/v2\/pages\/807","targetHints":{"allow":["GET"]}}],"collection":[{"href":"https:\/\/progeo-cga.com\/ca\/wp-json\/wp\/v2\/pages"}],"about":[{"href":"https:\/\/progeo-cga.com\/ca\/wp-json\/wp\/v2\/types\/page"}],"author":[{"embeddable":true,"href":"https:\/\/progeo-cga.com\/ca\/wp-json\/wp\/v2\/users\/1"}],"replies":[{"embeddable":true,"href":"https:\/\/progeo-cga.com\/ca\/wp-json\/wp\/v2\/comments?post=807"}],"version-history":[{"count":7,"href":"https:\/\/progeo-cga.com\/ca\/wp-json\/wp\/v2\/pages\/807\/revisions"}],"predecessor-version":[{"id":2316,"href":"https:\/\/progeo-cga.com\/ca\/wp-json\/wp\/v2\/pages\/807\/revisions\/2316"}],"up":[{"embeddable":true,"href":"https:\/\/progeo-cga.com\/ca\/wp-json\/wp\/v2\/pages\/1683"}],"wp:attachment":[{"href":"https:\/\/progeo-cga.com\/ca\/wp-json\/wp\/v2\/media?parent=807"}],"curies":[{"name":"wp","href":"https:\/\/api.w.org\/{rel}","templated":true}]}}