{"id":803,"date":"2017-01-09T10:16:05","date_gmt":"2017-01-09T10:16:05","guid":{"rendered":"http:\/\/progeo.winworldev.es\/projectes\/tunel-de-bouira-argelia-2016\/"},"modified":"2017-06-15T14:46:06","modified_gmt":"2017-06-15T14:46:06","slug":"tunel-de-bouira","status":"publish","type":"page","link":"https:\/\/progeo-cga.com\/ca\/projectes\/tunels-i-obres-subterranies-projectes\/tunel-de-bouira\/","title":{"rendered":"T\u00daNEL DE BOUIRA (ALG\u00c8RIA, 2016)"},"content":{"rendered":"[vc_row][vc_column][vc_empty_space height=&#8221;45px&#8221;][vc_column_text]\n<h3>T\u00daNEL DE BOUIRA (ALG\u00c8RIA, 2016)<\/h3>\n[\/vc_column_text][vc_separator][\/vc_column][\/vc_row][vc_row][vc_column][vc_row_inner][vc_column_inner width=&#8221;1\/2&#8243;][vc_empty_space height=&#8221;60px&#8221;][vc_column_text]El t\u00fanel de Bouira \u00e9s un\u00a0 doble t\u00fanel viari de 1.3 km de longitud i forma part de l\u2019autopista Est-Oest d\u2019Alg\u00e8ria. Cada t\u00fanel t\u00e9 17 m de di\u00e0metre i la separaci\u00f3 entre eixos \u00e9s de 40 m.<\/p>\n<p><strong>L&#8217;experi\u00e8ncia de\u00a0 PRO GEO<\/strong> ha ajudat a resoldre els seg\u00fcents aspectes:<\/p>\n<ul>\n<li>Verificaci\u00f3 del nou proc\u00e9s d\u2019excavaci\u00f3.<\/li>\n<li>Avaluaci\u00f3 de l\u2019estabilitat del front.<\/li>\n<li>Disseny i viabilitat del sosteniment.<\/li>\n<\/ul>\n<p>S\u2019ha realitzat una modelitzaci\u00f3 detallada tridimensional del proc\u00e9s d\u2019excavaci\u00f3 i del comportament del formig\u00f3 projectat al llarg del temps (flu\u00e8ncia i envelliment). Aquest estudi ha perm\u00e8s una <strong>optimitzaci\u00f3<\/strong> del proc\u00e9s constructiu.[\/vc_column_text][\/vc_column_inner][vc_column_inner width=&#8221;1\/2&#8243;][vc_single_image image=&#8221;370&#8243; img_size=&#8221;full&#8221;][vc_column_text]<em>Model geomec\u00e0nic durant l\u2019excavaci\u00f3 del t\u00fanel. El revestiment es mostra en negre, groc, verd, vermell i blau segons l\u2019edat del formig\u00f3 projectat<\/em>.[\/vc_column_text][\/vc_column_inner][\/vc_row_inner][vc_empty_space height=&#8221;60px&#8221;][vc_row_inner][vc_column_inner width=&#8221;1\/2&#8243;][vc_single_image image=&#8221;371&#8243; img_size=&#8221;full&#8221;][vc_column_text]<em>Estabilitat del front. Tensi\u00f3 desviadora.<\/em>[\/vc_column_text][\/vc_column_inner][vc_column_inner width=&#8221;1\/2&#8243;][vc_single_image image=&#8221;372&#8243; img_size=&#8221;full&#8221;][vc_column_text]<em>Despla\u00e7aments verticals a la fase final del proc\u00e9s constructiu. <\/em>[\/vc_column_text][\/vc_column_inner][\/vc_row_inner][\/vc_column][\/vc_row][vc_row][vc_column][vc_empty_space][\/vc_column][\/vc_row]\n","protected":false},"excerpt":{"rendered":"<p>[vc_row][vc_column][vc_empty_space height=&#8221;45px&#8221;][vc_column_text] T\u00daNEL DE BOUIRA (ALG\u00c8RIA, 2016) [\/vc_column_text][vc_separator][\/vc_column][\/vc_row][vc_row][vc_column][vc_row_inner][vc_column_inner width=&#8221;1\/2&#8243;][vc_empty_space height=&#8221;60px&#8221;][vc_column_text]El t\u00fanel de Bouira \u00e9s un\u00a0 doble t\u00fanel viari de 1.3 km de longitud i forma part de l\u2019autopista Est-Oest d\u2019Alg\u00e8ria. Cada t\u00fanel t\u00e9 17 m de di\u00e0metre i la separaci\u00f3 entre eixos \u00e9s de 40 m. L&#8217;experi\u00e8ncia de\u00a0 PRO GEO ha ajudat a resoldre els seg\u00fcents aspectes: Verificaci\u00f3 del nou proc\u00e9s d\u2019excavaci\u00f3. Avaluaci\u00f3 de l\u2019estabilitat&#8230; <\/p>\n<p><a class=\"readmore\" href=\"https:\/\/progeo-cga.com\/ca\/projectes\/tunels-i-obres-subterranies-projectes\/tunel-de-bouira\/\">Read More<\/a><\/p>\n","protected":false},"author":1,"featured_media":0,"parent":1681,"menu_order":7,"comment_status":"closed","ping_status":"closed","template":"","meta":{"footnotes":""},"class_list":["post-803","page","type-page","status-publish","hentry"],"yoast_head":"<!-- This site is optimized with the Yoast SEO plugin v24.0 - https:\/\/yoast.com\/wordpress\/plugins\/seo\/ -->\n<title>T\u00fanel de Bouira | PRO GEO Geotechnical Consultants<\/title>\n<meta name=\"description\" content=\"Es va realitzar una modelitzaci\u00f3 detallada del proc\u00e9s d&#039;excavaci\u00f3 i del comportament del formig\u00f3 projectat a llarg termini al T\u00fanel de Bouira.\" \/>\n<meta name=\"robots\" content=\"index, follow, max-snippet:-1, max-image-preview:large, max-video-preview:-1\" \/>\n<link rel=\"canonical\" href=\"https:\/\/progeo-cga.com\/ca\/projectes\/tunels-i-obres-subterranies-projectes\/tunel-de-bouira\/\" \/>\n<meta property=\"og:locale\" content=\"ca_ES\" \/>\n<meta property=\"og:type\" content=\"article\" \/>\n<meta property=\"og:title\" content=\"T\u00fanel de Bouira | PRO GEO Geotechnical Consultants\" \/>\n<meta property=\"og:description\" content=\"Es va realitzar una modelitzaci\u00f3 detallada del proc\u00e9s d&#039;excavaci\u00f3 i del comportament del formig\u00f3 projectat a llarg termini al T\u00fanel de Bouira.\" \/>\n<meta property=\"og:url\" content=\"https:\/\/progeo-cga.com\/ca\/projectes\/tunels-i-obres-subterranies-projectes\/tunel-de-bouira\/\" \/>\n<meta property=\"og:site_name\" content=\"PRO GEO\" \/>\n<meta property=\"article:modified_time\" content=\"2017-06-15T14:46:06+00:00\" \/>\n<meta name=\"twitter:card\" content=\"summary_large_image\" \/>\n<meta name=\"twitter:label1\" content=\"Temps estimat de lectura\" \/>\n\t<meta name=\"twitter:data1\" content=\"1 minut\" \/>\n<script type=\"application\/ld+json\" class=\"yoast-schema-graph\">{\"@context\":\"https:\/\/schema.org\",\"@graph\":[{\"@type\":\"WebPage\",\"@id\":\"https:\/\/progeo-cga.com\/ca\/projectes\/tunels-i-obres-subterranies-projectes\/tunel-de-bouira\/\",\"url\":\"https:\/\/progeo-cga.com\/ca\/projectes\/tunels-i-obres-subterranies-projectes\/tunel-de-bouira\/\",\"name\":\"T\u00fanel de Bouira | PRO GEO Geotechnical Consultants\",\"isPartOf\":{\"@id\":\"https:\/\/progeo-cga.com\/#website\"},\"datePublished\":\"2017-01-09T10:16:05+00:00\",\"dateModified\":\"2017-06-15T14:46:06+00:00\",\"description\":\"Es va realitzar una modelitzaci\u00f3 detallada del proc\u00e9s d'excavaci\u00f3 i del comportament del formig\u00f3 projectat a llarg termini al T\u00fanel de Bouira.\",\"breadcrumb\":{\"@id\":\"https:\/\/progeo-cga.com\/ca\/projectes\/tunels-i-obres-subterranies-projectes\/tunel-de-bouira\/#breadcrumb\"},\"inLanguage\":\"ca\",\"potentialAction\":[{\"@type\":\"ReadAction\",\"target\":[\"https:\/\/progeo-cga.com\/ca\/projectes\/tunels-i-obres-subterranies-projectes\/tunel-de-bouira\/\"]}]},{\"@type\":\"BreadcrumbList\",\"@id\":\"https:\/\/progeo-cga.com\/ca\/projectes\/tunels-i-obres-subterranies-projectes\/tunel-de-bouira\/#breadcrumb\",\"itemListElement\":[{\"@type\":\"ListItem\",\"position\":1,\"name\":\"Home\",\"item\":\"https:\/\/progeo-cga.com\/ca\/\"},{\"@type\":\"ListItem\",\"position\":2,\"name\":\"Projectes\",\"item\":\"https:\/\/progeo-cga.com\/ca\/projectes\/\"},{\"@type\":\"ListItem\",\"position\":3,\"name\":\"T\u00daNELS &#8211; PROJECTES\",\"item\":\"https:\/\/progeo-cga.com\/ca\/projectes\/tunels-i-obres-subterranies-projectes\/\"},{\"@type\":\"ListItem\",\"position\":4,\"name\":\"T\u00daNEL DE BOUIRA (ALG\u00c8RIA, 2016)\"}]},{\"@type\":\"WebSite\",\"@id\":\"https:\/\/progeo-cga.com\/#website\",\"url\":\"https:\/\/progeo-cga.com\/\",\"name\":\"PRO GEO\",\"description\":\"GEOTECHNICAL CONSULTANTS\",\"potentialAction\":[{\"@type\":\"SearchAction\",\"target\":{\"@type\":\"EntryPoint\",\"urlTemplate\":\"https:\/\/progeo-cga.com\/?s={search_term_string}\"},\"query-input\":{\"@type\":\"PropertyValueSpecification\",\"valueRequired\":true,\"valueName\":\"search_term_string\"}}],\"inLanguage\":\"ca\"}]}<\/script>\n<!-- \/ Yoast SEO plugin. -->","yoast_head_json":{"title":"T\u00fanel de Bouira | PRO GEO Geotechnical Consultants","description":"Es va realitzar una modelitzaci\u00f3 detallada del proc\u00e9s d'excavaci\u00f3 i del comportament del formig\u00f3 projectat a llarg termini al T\u00fanel de Bouira.","robots":{"index":"index","follow":"follow","max-snippet":"max-snippet:-1","max-image-preview":"max-image-preview:large","max-video-preview":"max-video-preview:-1"},"canonical":"https:\/\/progeo-cga.com\/ca\/projectes\/tunels-i-obres-subterranies-projectes\/tunel-de-bouira\/","og_locale":"ca_ES","og_type":"article","og_title":"T\u00fanel de Bouira | PRO GEO Geotechnical Consultants","og_description":"Es va realitzar una modelitzaci\u00f3 detallada del proc\u00e9s d'excavaci\u00f3 i del comportament del formig\u00f3 projectat a llarg termini al T\u00fanel de Bouira.","og_url":"https:\/\/progeo-cga.com\/ca\/projectes\/tunels-i-obres-subterranies-projectes\/tunel-de-bouira\/","og_site_name":"PRO GEO","article_modified_time":"2017-06-15T14:46:06+00:00","twitter_card":"summary_large_image","twitter_misc":{"Temps estimat de lectura":"1 minut"},"schema":{"@context":"https:\/\/schema.org","@graph":[{"@type":"WebPage","@id":"https:\/\/progeo-cga.com\/ca\/projectes\/tunels-i-obres-subterranies-projectes\/tunel-de-bouira\/","url":"https:\/\/progeo-cga.com\/ca\/projectes\/tunels-i-obres-subterranies-projectes\/tunel-de-bouira\/","name":"T\u00fanel de Bouira | PRO GEO Geotechnical Consultants","isPartOf":{"@id":"https:\/\/progeo-cga.com\/#website"},"datePublished":"2017-01-09T10:16:05+00:00","dateModified":"2017-06-15T14:46:06+00:00","description":"Es va realitzar una modelitzaci\u00f3 detallada del proc\u00e9s d'excavaci\u00f3 i del comportament del formig\u00f3 projectat a llarg termini al T\u00fanel de Bouira.","breadcrumb":{"@id":"https:\/\/progeo-cga.com\/ca\/projectes\/tunels-i-obres-subterranies-projectes\/tunel-de-bouira\/#breadcrumb"},"inLanguage":"ca","potentialAction":[{"@type":"ReadAction","target":["https:\/\/progeo-cga.com\/ca\/projectes\/tunels-i-obres-subterranies-projectes\/tunel-de-bouira\/"]}]},{"@type":"BreadcrumbList","@id":"https:\/\/progeo-cga.com\/ca\/projectes\/tunels-i-obres-subterranies-projectes\/tunel-de-bouira\/#breadcrumb","itemListElement":[{"@type":"ListItem","position":1,"name":"Home","item":"https:\/\/progeo-cga.com\/ca\/"},{"@type":"ListItem","position":2,"name":"Projectes","item":"https:\/\/progeo-cga.com\/ca\/projectes\/"},{"@type":"ListItem","position":3,"name":"T\u00daNELS &#8211; PROJECTES","item":"https:\/\/progeo-cga.com\/ca\/projectes\/tunels-i-obres-subterranies-projectes\/"},{"@type":"ListItem","position":4,"name":"T\u00daNEL DE BOUIRA (ALG\u00c8RIA, 2016)"}]},{"@type":"WebSite","@id":"https:\/\/progeo-cga.com\/#website","url":"https:\/\/progeo-cga.com\/","name":"PRO GEO","description":"GEOTECHNICAL CONSULTANTS","potentialAction":[{"@type":"SearchAction","target":{"@type":"EntryPoint","urlTemplate":"https:\/\/progeo-cga.com\/?s={search_term_string}"},"query-input":{"@type":"PropertyValueSpecification","valueRequired":true,"valueName":"search_term_string"}}],"inLanguage":"ca"}]}},"_links":{"self":[{"href":"https:\/\/progeo-cga.com\/ca\/wp-json\/wp\/v2\/pages\/803","targetHints":{"allow":["GET"]}}],"collection":[{"href":"https:\/\/progeo-cga.com\/ca\/wp-json\/wp\/v2\/pages"}],"about":[{"href":"https:\/\/progeo-cga.com\/ca\/wp-json\/wp\/v2\/types\/page"}],"author":[{"embeddable":true,"href":"https:\/\/progeo-cga.com\/ca\/wp-json\/wp\/v2\/users\/1"}],"replies":[{"embeddable":true,"href":"https:\/\/progeo-cga.com\/ca\/wp-json\/wp\/v2\/comments?post=803"}],"version-history":[{"count":4,"href":"https:\/\/progeo-cga.com\/ca\/wp-json\/wp\/v2\/pages\/803\/revisions"}],"predecessor-version":[{"id":1192,"href":"https:\/\/progeo-cga.com\/ca\/wp-json\/wp\/v2\/pages\/803\/revisions\/1192"}],"up":[{"embeddable":true,"href":"https:\/\/progeo-cga.com\/ca\/wp-json\/wp\/v2\/pages\/1681"}],"wp:attachment":[{"href":"https:\/\/progeo-cga.com\/ca\/wp-json\/wp\/v2\/media?parent=803"}],"curies":[{"name":"wp","href":"https:\/\/api.w.org\/{rel}","templated":true}]}}