{"id":797,"date":"2017-01-05T10:52:16","date_gmt":"2017-01-05T10:52:16","guid":{"rendered":"http:\/\/progeo.winworldev.es\/projectes\/tunel-de-bolanos-espana-2012-2015\/"},"modified":"2017-12-18T09:19:53","modified_gmt":"2017-12-18T09:19:53","slug":"tunel-de-bolanos","status":"publish","type":"page","link":"https:\/\/progeo-cga.com\/ca\/projectes\/tunels-i-obres-subterranies-projectes\/tunel-de-bolanos\/","title":{"rendered":"T\u00daNEL DE BOLA\u00d1OS (ESPANYA, 2012-2015)"},"content":{"rendered":"[vc_row row_type=&#8221;3&#8243; blox_image=&#8221;228&#8243; blox_dark=&#8221;true&#8221; row_pattern=&#8221;max-pat&#8221;][vc_column][vc_empty_space height=&#8221;260px&#8221;][vc_column_text]\n<p class=\"head-nosotros\">T\u00daNEL DE BOLA\u00d1OS (ESPANYA, 2012-2015)<\/p>\n[\/vc_column_text][vc_empty_space height=&#8221;260px&#8221;][\/vc_column][\/vc_row][vc_row][vc_column][vc_empty_space height=&#8221;60px&#8221;][vc_row_inner][vc_column_inner width=&#8221;1\/2&#8243;][vc_column_text]El t\u00fanel de Bola\u00f1os \u00e9s un t\u00fanel doble que forma part de la L\u00ednia d\u2019Alta Velocitat Madrid-Gal\u00edcia, tenint una longitud de \u00a06.8 quil\u00f2metres. Cada t\u00fanel t\u00e9 11 m de di\u00e0metre i s\u2019ha perforat amb una tuneladora d\u2019escut simple. La cobertora m\u00e0xima \u00e9s d&#8217;uns 200 m amb un nivell fre\u00e0tic situat 140 m per sobre de la clau del t\u00fanel.<\/p>\n<p><strong>Es va aconseguir una important millora en el disseny de dovelles.<\/strong><\/p>\n<p><strong><a href=\"https:\/\/www.youtube.com\/watch?v=ZS1S3A6Mvjw\" target=\"_blank\" rel=\"noopener noreferrer\">Aqu\u00ed<\/a><\/strong>\u00a0s&#8217;exposa un v\u00eddeo de la construcci\u00f3 del t\u00fanel de Bola\u00f1os realitzat per FCC (Fomento de Construcciones y Contratas).[\/vc_column_text][\/vc_column_inner][vc_column_inner width=&#8221;1\/2&#8243;][vc_column_text]<strong>L&#8217;experi\u00e8ncia de\u00a0 PRO GEO<\/strong> ha ajudat a resoldre els seg\u00fcents problemes:<\/p>\n<p>&#8211; Disseny geot\u00e8cnic de les dovelles del t\u00fanel. Problema d\u2019interacci\u00f3 mass\u00eds roc\u00f3s &#8211; estructura (excavaci\u00f3 TBM).<\/p>\n<p>&#8211; Disseny de galeries d&#8217;evacuaci\u00f3 (t\u00e8cnica d\u2019excavaci\u00f3: NATM).<\/p>\n<p>&#8211; Disseny geot\u00e8cnic dels abocadors.[\/vc_column_text][\/vc_column_inner][\/vc_row_inner][\/vc_column][\/vc_row][vc_row][vc_column width=&#8221;1\/6&#8243;][\/vc_column][vc_column width=&#8221;2\/3&#8243;][vc_images_carousel images=&#8221;229,230,231,232,233,234,235&#8243; img_size=&#8221;full&#8221; autoplay=&#8221;yes&#8221; wrap=&#8221;yes&#8221;][\/vc_column][vc_column width=&#8221;1\/6&#8243;][\/vc_column][\/vc_row][vc_row][vc_column][vc_empty_space][\/vc_column][\/vc_row]\n","protected":false},"excerpt":{"rendered":"<p>[vc_row row_type=&#8221;3&#8243; blox_image=&#8221;228&#8243; blox_dark=&#8221;true&#8221; row_pattern=&#8221;max-pat&#8221;][vc_column][vc_empty_space height=&#8221;260px&#8221;][vc_column_text] T\u00daNEL DE BOLA\u00d1OS (ESPANYA, 2012-2015) [\/vc_column_text][vc_empty_space height=&#8221;260px&#8221;][\/vc_column][\/vc_row][vc_row][vc_column][vc_empty_space height=&#8221;60px&#8221;][vc_row_inner][vc_column_inner width=&#8221;1\/2&#8243;][vc_column_text]El t\u00fanel de Bola\u00f1os \u00e9s un t\u00fanel doble que forma part de la L\u00ednia d\u2019Alta Velocitat Madrid-Gal\u00edcia, tenint una longitud de \u00a06.8 quil\u00f2metres. Cada t\u00fanel t\u00e9 11 m de di\u00e0metre i s\u2019ha perforat amb una tuneladora d\u2019escut simple. La cobertora m\u00e0xima \u00e9s d&#8217;uns 200 m amb un nivell fre\u00e0tic situat 140&#8230; <\/p>\n<p><a class=\"readmore\" href=\"https:\/\/progeo-cga.com\/ca\/projectes\/tunels-i-obres-subterranies-projectes\/tunel-de-bolanos\/\">Read More<\/a><\/p>\n","protected":false},"author":1,"featured_media":0,"parent":1681,"menu_order":3,"comment_status":"closed","ping_status":"closed","template":"","meta":{"footnotes":""},"class_list":["post-797","page","type-page","status-publish","hentry"],"yoast_head":"<!-- This site is optimized with the Yoast SEO plugin v24.0 - https:\/\/yoast.com\/wordpress\/plugins\/seo\/ -->\n<title>T\u00fanel de Bola\u00f1os | PRO GEO Geotechnical Consultants<\/title>\n<meta name=\"description\" content=\"PRO GEO Geotechnical Consultantsha aconseguit una important millora en el disseny de dovelles del T\u00fanel de Bola\u00f1os, Galicia.\" \/>\n<meta name=\"robots\" content=\"index, follow, max-snippet:-1, max-image-preview:large, max-video-preview:-1\" \/>\n<link rel=\"canonical\" href=\"https:\/\/progeo-cga.com\/ca\/projectes\/tunels-i-obres-subterranies-projectes\/tunel-de-bolanos\/\" \/>\n<meta property=\"og:locale\" content=\"ca_ES\" \/>\n<meta property=\"og:type\" content=\"article\" \/>\n<meta property=\"og:title\" content=\"T\u00fanel de Bola\u00f1os | PRO GEO Geotechnical Consultants\" \/>\n<meta property=\"og:description\" content=\"PRO GEO Geotechnical Consultantsha aconseguit una important millora en el disseny de dovelles del T\u00fanel de Bola\u00f1os, Galicia.\" \/>\n<meta property=\"og:url\" content=\"https:\/\/progeo-cga.com\/ca\/projectes\/tunels-i-obres-subterranies-projectes\/tunel-de-bolanos\/\" \/>\n<meta property=\"og:site_name\" content=\"PRO GEO\" \/>\n<meta property=\"article:modified_time\" content=\"2017-12-18T09:19:53+00:00\" \/>\n<meta name=\"twitter:card\" content=\"summary_large_image\" \/>\n<meta name=\"twitter:label1\" content=\"Temps estimat de lectura\" \/>\n\t<meta name=\"twitter:data1\" content=\"1 minut\" \/>\n<script type=\"application\/ld+json\" class=\"yoast-schema-graph\">{\"@context\":\"https:\/\/schema.org\",\"@graph\":[{\"@type\":\"WebPage\",\"@id\":\"https:\/\/progeo-cga.com\/ca\/projectes\/tunels-i-obres-subterranies-projectes\/tunel-de-bolanos\/\",\"url\":\"https:\/\/progeo-cga.com\/ca\/projectes\/tunels-i-obres-subterranies-projectes\/tunel-de-bolanos\/\",\"name\":\"T\u00fanel de Bola\u00f1os | PRO GEO Geotechnical Consultants\",\"isPartOf\":{\"@id\":\"https:\/\/progeo-cga.com\/#website\"},\"datePublished\":\"2017-01-05T10:52:16+00:00\",\"dateModified\":\"2017-12-18T09:19:53+00:00\",\"description\":\"PRO GEO Geotechnical Consultantsha aconseguit una important millora en el disseny de dovelles del T\u00fanel de Bola\u00f1os, Galicia.\",\"breadcrumb\":{\"@id\":\"https:\/\/progeo-cga.com\/ca\/projectes\/tunels-i-obres-subterranies-projectes\/tunel-de-bolanos\/#breadcrumb\"},\"inLanguage\":\"ca\",\"potentialAction\":[{\"@type\":\"ReadAction\",\"target\":[\"https:\/\/progeo-cga.com\/ca\/projectes\/tunels-i-obres-subterranies-projectes\/tunel-de-bolanos\/\"]}]},{\"@type\":\"BreadcrumbList\",\"@id\":\"https:\/\/progeo-cga.com\/ca\/projectes\/tunels-i-obres-subterranies-projectes\/tunel-de-bolanos\/#breadcrumb\",\"itemListElement\":[{\"@type\":\"ListItem\",\"position\":1,\"name\":\"Home\",\"item\":\"https:\/\/progeo-cga.com\/ca\/\"},{\"@type\":\"ListItem\",\"position\":2,\"name\":\"Projectes\",\"item\":\"https:\/\/progeo-cga.com\/ca\/projectes\/\"},{\"@type\":\"ListItem\",\"position\":3,\"name\":\"T\u00daNELS &#8211; PROJECTES\",\"item\":\"https:\/\/progeo-cga.com\/ca\/projectes\/tunels-i-obres-subterranies-projectes\/\"},{\"@type\":\"ListItem\",\"position\":4,\"name\":\"T\u00daNEL DE BOLA\u00d1OS (ESPANYA, 2012-2015)\"}]},{\"@type\":\"WebSite\",\"@id\":\"https:\/\/progeo-cga.com\/#website\",\"url\":\"https:\/\/progeo-cga.com\/\",\"name\":\"PRO GEO\",\"description\":\"GEOTECHNICAL CONSULTANTS\",\"potentialAction\":[{\"@type\":\"SearchAction\",\"target\":{\"@type\":\"EntryPoint\",\"urlTemplate\":\"https:\/\/progeo-cga.com\/?s={search_term_string}\"},\"query-input\":{\"@type\":\"PropertyValueSpecification\",\"valueRequired\":true,\"valueName\":\"search_term_string\"}}],\"inLanguage\":\"ca\"}]}<\/script>\n<!-- \/ Yoast SEO plugin. -->","yoast_head_json":{"title":"T\u00fanel de Bola\u00f1os | PRO GEO Geotechnical Consultants","description":"PRO GEO Geotechnical Consultantsha aconseguit una important millora en el disseny de dovelles del T\u00fanel de Bola\u00f1os, Galicia.","robots":{"index":"index","follow":"follow","max-snippet":"max-snippet:-1","max-image-preview":"max-image-preview:large","max-video-preview":"max-video-preview:-1"},"canonical":"https:\/\/progeo-cga.com\/ca\/projectes\/tunels-i-obres-subterranies-projectes\/tunel-de-bolanos\/","og_locale":"ca_ES","og_type":"article","og_title":"T\u00fanel de Bola\u00f1os | PRO GEO Geotechnical Consultants","og_description":"PRO GEO Geotechnical Consultantsha aconseguit una important millora en el disseny de dovelles del T\u00fanel de Bola\u00f1os, Galicia.","og_url":"https:\/\/progeo-cga.com\/ca\/projectes\/tunels-i-obres-subterranies-projectes\/tunel-de-bolanos\/","og_site_name":"PRO GEO","article_modified_time":"2017-12-18T09:19:53+00:00","twitter_card":"summary_large_image","twitter_misc":{"Temps estimat de lectura":"1 minut"},"schema":{"@context":"https:\/\/schema.org","@graph":[{"@type":"WebPage","@id":"https:\/\/progeo-cga.com\/ca\/projectes\/tunels-i-obres-subterranies-projectes\/tunel-de-bolanos\/","url":"https:\/\/progeo-cga.com\/ca\/projectes\/tunels-i-obres-subterranies-projectes\/tunel-de-bolanos\/","name":"T\u00fanel de Bola\u00f1os | PRO GEO Geotechnical Consultants","isPartOf":{"@id":"https:\/\/progeo-cga.com\/#website"},"datePublished":"2017-01-05T10:52:16+00:00","dateModified":"2017-12-18T09:19:53+00:00","description":"PRO GEO Geotechnical Consultantsha aconseguit una important millora en el disseny de dovelles del T\u00fanel de Bola\u00f1os, Galicia.","breadcrumb":{"@id":"https:\/\/progeo-cga.com\/ca\/projectes\/tunels-i-obres-subterranies-projectes\/tunel-de-bolanos\/#breadcrumb"},"inLanguage":"ca","potentialAction":[{"@type":"ReadAction","target":["https:\/\/progeo-cga.com\/ca\/projectes\/tunels-i-obres-subterranies-projectes\/tunel-de-bolanos\/"]}]},{"@type":"BreadcrumbList","@id":"https:\/\/progeo-cga.com\/ca\/projectes\/tunels-i-obres-subterranies-projectes\/tunel-de-bolanos\/#breadcrumb","itemListElement":[{"@type":"ListItem","position":1,"name":"Home","item":"https:\/\/progeo-cga.com\/ca\/"},{"@type":"ListItem","position":2,"name":"Projectes","item":"https:\/\/progeo-cga.com\/ca\/projectes\/"},{"@type":"ListItem","position":3,"name":"T\u00daNELS &#8211; PROJECTES","item":"https:\/\/progeo-cga.com\/ca\/projectes\/tunels-i-obres-subterranies-projectes\/"},{"@type":"ListItem","position":4,"name":"T\u00daNEL DE BOLA\u00d1OS (ESPANYA, 2012-2015)"}]},{"@type":"WebSite","@id":"https:\/\/progeo-cga.com\/#website","url":"https:\/\/progeo-cga.com\/","name":"PRO GEO","description":"GEOTECHNICAL CONSULTANTS","potentialAction":[{"@type":"SearchAction","target":{"@type":"EntryPoint","urlTemplate":"https:\/\/progeo-cga.com\/?s={search_term_string}"},"query-input":{"@type":"PropertyValueSpecification","valueRequired":true,"valueName":"search_term_string"}}],"inLanguage":"ca"}]}},"_links":{"self":[{"href":"https:\/\/progeo-cga.com\/ca\/wp-json\/wp\/v2\/pages\/797","targetHints":{"allow":["GET"]}}],"collection":[{"href":"https:\/\/progeo-cga.com\/ca\/wp-json\/wp\/v2\/pages"}],"about":[{"href":"https:\/\/progeo-cga.com\/ca\/wp-json\/wp\/v2\/types\/page"}],"author":[{"embeddable":true,"href":"https:\/\/progeo-cga.com\/ca\/wp-json\/wp\/v2\/users\/1"}],"replies":[{"embeddable":true,"href":"https:\/\/progeo-cga.com\/ca\/wp-json\/wp\/v2\/comments?post=797"}],"version-history":[{"count":5,"href":"https:\/\/progeo-cga.com\/ca\/wp-json\/wp\/v2\/pages\/797\/revisions"}],"predecessor-version":[{"id":1500,"href":"https:\/\/progeo-cga.com\/ca\/wp-json\/wp\/v2\/pages\/797\/revisions\/1500"}],"up":[{"embeddable":true,"href":"https:\/\/progeo-cga.com\/ca\/wp-json\/wp\/v2\/pages\/1681"}],"wp:attachment":[{"href":"https:\/\/progeo-cga.com\/ca\/wp-json\/wp\/v2\/media?parent=797"}],"curies":[{"name":"wp","href":"https:\/\/api.w.org\/{rel}","templated":true}]}}