{"id":793,"date":"2017-01-05T09:55:32","date_gmt":"2017-01-05T09:55:32","guid":{"rendered":"http:\/\/progeo.winworldev.es\/projectes\/toronto-ampliacion-de-la-linea-de-metro-york-spadina-canada-2011-2014\/"},"modified":"2017-12-18T09:12:59","modified_gmt":"2017-12-18T09:12:59","slug":"ampliacio-de-la-linia-de-metro-york-spadina","status":"publish","type":"page","link":"https:\/\/progeo-cga.com\/ca\/projectes\/tunels-i-obres-subterranies-projectes\/ampliacio-de-la-linia-de-metro-york-spadina\/","title":{"rendered":"TORONTO &#8211; AMPLIACI\u00d3 DE LA L\u00cdNIA DE METRO YORK SPADINA (CANAD\u00c0, 2011-2014)"},"content":{"rendered":"[vc_row row_type=&#8221;3&#8243; blox_image=&#8221;211&#8243; blox_dark=&#8221;true&#8221; row_pattern=&#8221;max-pat&#8221;][vc_column][vc_empty_space height=&#8221;260px&#8221;][vc_column_text]\n<p class=\"head-nosotros\">TORONTO &#8211; AMPLIACI\u00d3 DE LA L\u00cdNIA DE METRO YORK SPADINA (CANAD\u00c0, 2011-2014)<\/p>\n[\/vc_column_text][vc_empty_space height=&#8221;260px&#8221;][\/vc_column][\/vc_row][vc_row][vc_column][vc_empty_space height=&#8221;60px&#8221;][vc_row_inner][vc_column_inner width=&#8221;1\/2&#8243;][vc_column_text]Ampliaci\u00f3 del metro de Toronto des de la West Sheppard Station fins a la Vaughan Corporate Centre Station (<a href=\"http:\/\/www.ttc.ca\/Spadina\/index.jsp#\" target=\"_blank\" rel=\"noopener noreferrer\">York Spadina<\/a>). El disseny adoptat va ser un t\u00fanel doble amb dues tuneladores EPB de 6.05 m de di\u00e0metre. Les estacions van ser constru\u00efdes amb el procediment <em>cut and cover<\/em>.<\/p>\n<p>D&#8217;acord amb les mesures d\u2019auscultaci\u00f3, les nostres prediccions i procediments de disseny han demostrat ser correctes despr\u00e9s que s&#8217;hagin dut a terme les activitats de construcci\u00f3. <strong>S&#8217;han aconseguit importants millores t\u00e8cniques aix\u00ed com d\u2019estalvi de temps.<\/strong>[\/vc_column_text][\/vc_column_inner][vc_column_inner width=&#8221;1\/2&#8243;][vc_column_text]<strong>L&#8217;experi\u00e8ncia en disseny d\u2019obres subterr\u00e0nies de PRO GEO<\/strong> ha ajudat als nostres clients en els seg\u00fcents aspectes:<\/p>\n<ul>\n<li>Predicci\u00f3 d&#8217;assentaments i avaluaci\u00f3 dels resultats d\u2019auscultaci\u00f3 geot\u00e8cnica en el pas sota l&#8217;edifici Schulich Business School.<\/li>\n<li>Procediment d\u2019injecci\u00f3 de compensaci\u00f3 sota l\u2019edifici\u00a0Schulich Business School.<\/li>\n<li>Disseny geot\u00e8cnic de la York University Station.<\/li>\n<li>Disseny geot\u00e8cnic de la 407 Highway Station.<\/li>\n<li>Assessorament en el proc\u00e9s de perforaci\u00f3 de la EPB i en els problemes de <em>clay clogging.<\/em><\/li>\n<\/ul>\n[\/vc_column_text][\/vc_column_inner][\/vc_row_inner][\/vc_column][\/vc_row][vc_row][vc_column width=&#8221;1\/6&#8243;][\/vc_column][vc_column width=&#8221;2\/3&#8243;][vc_images_carousel images=&#8221;208,207,206,205,204,203,202,201,200,199,198&#8243; img_size=&#8221;full&#8221; autoplay=&#8221;yes&#8221; wrap=&#8221;yes&#8221;][\/vc_column][vc_column width=&#8221;1\/6&#8243;][\/vc_column][\/vc_row][vc_row][vc_column][vc_empty_space][\/vc_column][\/vc_row]\n","protected":false},"excerpt":{"rendered":"<p>[vc_row row_type=&#8221;3&#8243; blox_image=&#8221;211&#8243; blox_dark=&#8221;true&#8221; row_pattern=&#8221;max-pat&#8221;][vc_column][vc_empty_space height=&#8221;260px&#8221;][vc_column_text] TORONTO &#8211; AMPLIACI\u00d3 DE LA L\u00cdNIA DE METRO YORK SPADINA (CANAD\u00c0, 2011-2014) [\/vc_column_text][vc_empty_space height=&#8221;260px&#8221;][\/vc_column][\/vc_row][vc_row][vc_column][vc_empty_space height=&#8221;60px&#8221;][vc_row_inner][vc_column_inner width=&#8221;1\/2&#8243;][vc_column_text]Ampliaci\u00f3 del metro de Toronto des de la West Sheppard Station fins a la Vaughan Corporate Centre Station (York Spadina). El disseny adoptat va ser un t\u00fanel doble amb dues tuneladores EPB de 6.05 m de di\u00e0metre. Les estacions van ser constru\u00efdes amb el&#8230; <\/p>\n<p><a class=\"readmore\" href=\"https:\/\/progeo-cga.com\/ca\/projectes\/tunels-i-obres-subterranies-projectes\/ampliacio-de-la-linia-de-metro-york-spadina\/\">Read More<\/a><\/p>\n","protected":false},"author":1,"featured_media":0,"parent":1681,"menu_order":1,"comment_status":"closed","ping_status":"closed","template":"","meta":{"footnotes":""},"class_list":["post-793","page","type-page","status-publish","hentry"],"yoast_head":"<!-- This site is optimized with the Yoast SEO plugin v24.0 - https:\/\/yoast.com\/wordpress\/plugins\/seo\/ -->\n<title>Ampliaci\u00f3 de la l\u00ednia de metro York Spadina - Toronto | PRO GEO Geotechnical Consultants<\/title>\n<meta name=\"description\" content=\"A l&#039;ampliaci\u00f3 de la l\u00ednea de metro York Spadina (Toronto), PRO GEO ha aconseguit importants millores t\u00e8cniques i una apreciable reducci\u00f3 de terminis.\" \/>\n<meta name=\"robots\" content=\"index, follow, max-snippet:-1, max-image-preview:large, max-video-preview:-1\" \/>\n<link rel=\"canonical\" href=\"https:\/\/progeo-cga.com\/ca\/projectes\/tunels-i-obres-subterranies-projectes\/ampliacio-de-la-linia-de-metro-york-spadina\/\" \/>\n<meta property=\"og:locale\" content=\"ca_ES\" \/>\n<meta property=\"og:type\" content=\"article\" \/>\n<meta property=\"og:title\" content=\"Ampliaci\u00f3 de la l\u00ednia de metro York Spadina - Toronto | PRO GEO Geotechnical Consultants\" \/>\n<meta property=\"og:description\" content=\"A l&#039;ampliaci\u00f3 de la l\u00ednea de metro York Spadina (Toronto), PRO GEO ha aconseguit importants millores t\u00e8cniques i una apreciable reducci\u00f3 de terminis.\" \/>\n<meta property=\"og:url\" content=\"https:\/\/progeo-cga.com\/ca\/projectes\/tunels-i-obres-subterranies-projectes\/ampliacio-de-la-linia-de-metro-york-spadina\/\" \/>\n<meta property=\"og:site_name\" content=\"PRO GEO\" \/>\n<meta property=\"article:modified_time\" content=\"2017-12-18T09:12:59+00:00\" \/>\n<meta name=\"twitter:card\" content=\"summary_large_image\" \/>\n<meta name=\"twitter:label1\" content=\"Temps estimat de lectura\" \/>\n\t<meta name=\"twitter:data1\" content=\"2 minuts\" \/>\n<script type=\"application\/ld+json\" class=\"yoast-schema-graph\">{\"@context\":\"https:\/\/schema.org\",\"@graph\":[{\"@type\":\"WebPage\",\"@id\":\"https:\/\/progeo-cga.com\/ca\/projectes\/tunels-i-obres-subterranies-projectes\/ampliacio-de-la-linia-de-metro-york-spadina\/\",\"url\":\"https:\/\/progeo-cga.com\/ca\/projectes\/tunels-i-obres-subterranies-projectes\/ampliacio-de-la-linia-de-metro-york-spadina\/\",\"name\":\"Ampliaci\u00f3 de la l\u00ednia de metro York Spadina - Toronto | PRO GEO Geotechnical Consultants\",\"isPartOf\":{\"@id\":\"https:\/\/progeo-cga.com\/#website\"},\"datePublished\":\"2017-01-05T09:55:32+00:00\",\"dateModified\":\"2017-12-18T09:12:59+00:00\",\"description\":\"A l'ampliaci\u00f3 de la l\u00ednea de metro York Spadina (Toronto), PRO GEO ha aconseguit importants millores t\u00e8cniques i una apreciable reducci\u00f3 de terminis.\",\"breadcrumb\":{\"@id\":\"https:\/\/progeo-cga.com\/ca\/projectes\/tunels-i-obres-subterranies-projectes\/ampliacio-de-la-linia-de-metro-york-spadina\/#breadcrumb\"},\"inLanguage\":\"ca\",\"potentialAction\":[{\"@type\":\"ReadAction\",\"target\":[\"https:\/\/progeo-cga.com\/ca\/projectes\/tunels-i-obres-subterranies-projectes\/ampliacio-de-la-linia-de-metro-york-spadina\/\"]}]},{\"@type\":\"BreadcrumbList\",\"@id\":\"https:\/\/progeo-cga.com\/ca\/projectes\/tunels-i-obres-subterranies-projectes\/ampliacio-de-la-linia-de-metro-york-spadina\/#breadcrumb\",\"itemListElement\":[{\"@type\":\"ListItem\",\"position\":1,\"name\":\"Home\",\"item\":\"https:\/\/progeo-cga.com\/ca\/\"},{\"@type\":\"ListItem\",\"position\":2,\"name\":\"Projectes\",\"item\":\"https:\/\/progeo-cga.com\/ca\/projectes\/\"},{\"@type\":\"ListItem\",\"position\":3,\"name\":\"T\u00daNELS &#8211; PROJECTES\",\"item\":\"https:\/\/progeo-cga.com\/ca\/projectes\/tunels-i-obres-subterranies-projectes\/\"},{\"@type\":\"ListItem\",\"position\":4,\"name\":\"TORONTO &#8211; AMPLIACI\u00d3 DE LA L\u00cdNIA DE METRO YORK SPADINA (CANAD\u00c0, 2011-2014)\"}]},{\"@type\":\"WebSite\",\"@id\":\"https:\/\/progeo-cga.com\/#website\",\"url\":\"https:\/\/progeo-cga.com\/\",\"name\":\"PRO GEO\",\"description\":\"GEOTECHNICAL CONSULTANTS\",\"potentialAction\":[{\"@type\":\"SearchAction\",\"target\":{\"@type\":\"EntryPoint\",\"urlTemplate\":\"https:\/\/progeo-cga.com\/?s={search_term_string}\"},\"query-input\":{\"@type\":\"PropertyValueSpecification\",\"valueRequired\":true,\"valueName\":\"search_term_string\"}}],\"inLanguage\":\"ca\"}]}<\/script>\n<!-- \/ Yoast SEO plugin. -->","yoast_head_json":{"title":"Ampliaci\u00f3 de la l\u00ednia de metro York Spadina - Toronto | PRO GEO Geotechnical Consultants","description":"A l'ampliaci\u00f3 de la l\u00ednea de metro York Spadina (Toronto), PRO GEO ha aconseguit importants millores t\u00e8cniques i una apreciable reducci\u00f3 de terminis.","robots":{"index":"index","follow":"follow","max-snippet":"max-snippet:-1","max-image-preview":"max-image-preview:large","max-video-preview":"max-video-preview:-1"},"canonical":"https:\/\/progeo-cga.com\/ca\/projectes\/tunels-i-obres-subterranies-projectes\/ampliacio-de-la-linia-de-metro-york-spadina\/","og_locale":"ca_ES","og_type":"article","og_title":"Ampliaci\u00f3 de la l\u00ednia de metro York Spadina - Toronto | PRO GEO Geotechnical Consultants","og_description":"A l'ampliaci\u00f3 de la l\u00ednea de metro York Spadina (Toronto), PRO GEO ha aconseguit importants millores t\u00e8cniques i una apreciable reducci\u00f3 de terminis.","og_url":"https:\/\/progeo-cga.com\/ca\/projectes\/tunels-i-obres-subterranies-projectes\/ampliacio-de-la-linia-de-metro-york-spadina\/","og_site_name":"PRO GEO","article_modified_time":"2017-12-18T09:12:59+00:00","twitter_card":"summary_large_image","twitter_misc":{"Temps estimat de lectura":"2 minuts"},"schema":{"@context":"https:\/\/schema.org","@graph":[{"@type":"WebPage","@id":"https:\/\/progeo-cga.com\/ca\/projectes\/tunels-i-obres-subterranies-projectes\/ampliacio-de-la-linia-de-metro-york-spadina\/","url":"https:\/\/progeo-cga.com\/ca\/projectes\/tunels-i-obres-subterranies-projectes\/ampliacio-de-la-linia-de-metro-york-spadina\/","name":"Ampliaci\u00f3 de la l\u00ednia de metro York Spadina - Toronto | PRO GEO Geotechnical Consultants","isPartOf":{"@id":"https:\/\/progeo-cga.com\/#website"},"datePublished":"2017-01-05T09:55:32+00:00","dateModified":"2017-12-18T09:12:59+00:00","description":"A l'ampliaci\u00f3 de la l\u00ednea de metro York Spadina (Toronto), PRO GEO ha aconseguit importants millores t\u00e8cniques i una apreciable reducci\u00f3 de terminis.","breadcrumb":{"@id":"https:\/\/progeo-cga.com\/ca\/projectes\/tunels-i-obres-subterranies-projectes\/ampliacio-de-la-linia-de-metro-york-spadina\/#breadcrumb"},"inLanguage":"ca","potentialAction":[{"@type":"ReadAction","target":["https:\/\/progeo-cga.com\/ca\/projectes\/tunels-i-obres-subterranies-projectes\/ampliacio-de-la-linia-de-metro-york-spadina\/"]}]},{"@type":"BreadcrumbList","@id":"https:\/\/progeo-cga.com\/ca\/projectes\/tunels-i-obres-subterranies-projectes\/ampliacio-de-la-linia-de-metro-york-spadina\/#breadcrumb","itemListElement":[{"@type":"ListItem","position":1,"name":"Home","item":"https:\/\/progeo-cga.com\/ca\/"},{"@type":"ListItem","position":2,"name":"Projectes","item":"https:\/\/progeo-cga.com\/ca\/projectes\/"},{"@type":"ListItem","position":3,"name":"T\u00daNELS &#8211; PROJECTES","item":"https:\/\/progeo-cga.com\/ca\/projectes\/tunels-i-obres-subterranies-projectes\/"},{"@type":"ListItem","position":4,"name":"TORONTO &#8211; AMPLIACI\u00d3 DE LA L\u00cdNIA DE METRO YORK SPADINA (CANAD\u00c0, 2011-2014)"}]},{"@type":"WebSite","@id":"https:\/\/progeo-cga.com\/#website","url":"https:\/\/progeo-cga.com\/","name":"PRO GEO","description":"GEOTECHNICAL CONSULTANTS","potentialAction":[{"@type":"SearchAction","target":{"@type":"EntryPoint","urlTemplate":"https:\/\/progeo-cga.com\/?s={search_term_string}"},"query-input":{"@type":"PropertyValueSpecification","valueRequired":true,"valueName":"search_term_string"}}],"inLanguage":"ca"}]}},"_links":{"self":[{"href":"https:\/\/progeo-cga.com\/ca\/wp-json\/wp\/v2\/pages\/793","targetHints":{"allow":["GET"]}}],"collection":[{"href":"https:\/\/progeo-cga.com\/ca\/wp-json\/wp\/v2\/pages"}],"about":[{"href":"https:\/\/progeo-cga.com\/ca\/wp-json\/wp\/v2\/types\/page"}],"author":[{"embeddable":true,"href":"https:\/\/progeo-cga.com\/ca\/wp-json\/wp\/v2\/users\/1"}],"replies":[{"embeddable":true,"href":"https:\/\/progeo-cga.com\/ca\/wp-json\/wp\/v2\/comments?post=793"}],"version-history":[{"count":5,"href":"https:\/\/progeo-cga.com\/ca\/wp-json\/wp\/v2\/pages\/793\/revisions"}],"predecessor-version":[{"id":1495,"href":"https:\/\/progeo-cga.com\/ca\/wp-json\/wp\/v2\/pages\/793\/revisions\/1495"}],"up":[{"embeddable":true,"href":"https:\/\/progeo-cga.com\/ca\/wp-json\/wp\/v2\/pages\/1681"}],"wp:attachment":[{"href":"https:\/\/progeo-cga.com\/ca\/wp-json\/wp\/v2\/media?parent=793"}],"curies":[{"name":"wp","href":"https:\/\/api.w.org\/{rel}","templated":true}]}}