{"id":788,"date":"2017-01-09T11:07:27","date_gmt":"2017-01-09T11:07:27","guid":{"rendered":"http:\/\/progeo.winworldev.es\/projectes\/terminal-tramer-espana-2015-2016\/"},"modified":"2017-06-15T14:32:29","modified_gmt":"2017-06-15T14:32:29","slug":"terminal-tramer","status":"publish","type":"page","link":"https:\/\/progeo-cga.com\/ca\/projectes\/millora-del-terreny-i-fonamentacions-especials-projectes\/terminal-tramer\/","title":{"rendered":"TERMINAL TRAMER (ESPANYA, 2015-2016)"},"content":{"rendered":"[vc_row][vc_column][vc_empty_space height=&#8221;45px&#8221;][vc_column_text]\n<h3>TERMINAL TRAMER (ESPANYA, 2015-2016)<\/h3>\n[\/vc_column_text][vc_separator][\/vc_column][\/vc_row][vc_row][vc_column][vc_row_inner][vc_column_inner width=&#8221;1\/2&#8243;][vc_column_text]Construcci\u00f3 de la nova terminal Tramer de granel per a l\u2019emmagatzematge de sal al Port de Barcelona (moll \u00c1lvarez de la Campa). El disseny adoptat per l\u2019emmagatzematge de sal van ser dues naus de 14900 m<sup>2<\/sup> i 12300 m<sup>2<\/sup>, amb piles de material de fins a 21 m d\u2019al\u00e7ada.<\/p>\n<p>Entre altres q\u00fcestions, la nostra contribuci\u00f3 ha ajudat a <strong>optimitzar la fonamentaci\u00f3 <\/strong>i conseq\u00fcentment, <strong>s\u2019ha aconseguit un important estalvi econ\u00f2mic<\/strong>.[\/vc_column_text][\/vc_column_inner][vc_column_inner width=&#8221;1\/2&#8243;][vc_column_text]<strong>L&#8217;experi\u00e8ncia en disseny geot\u00e8cnic de PRO GEO<\/strong> ha ajudat a resoldre els seg\u00fcents aspectes:<\/p>\n<ul>\n<li>Optimitzaci\u00f3 de la fonamentaci\u00f3 pilotada de les lloses de les naus.<\/li>\n<li>Modelitzaci\u00f3 geomec\u00e0nica 2D i 3D de les diferents seccions de la terminal. Interacci\u00f3 s\u00f2l-estructura.<\/li>\n<li>Avaluaci\u00f3 de possibles afeccions al moll \u00c1lvarez de la Campa.<\/li>\n<li>Interpretaci\u00f3 i an\u00e0lisis de proves de c\u00e0rrega est\u00e0tiques i din\u00e0miques de pilons.<\/li>\n<\/ul>\n[\/vc_column_text][\/vc_column_inner][\/vc_row_inner][vc_empty_space height=&#8221;60px&#8221;][vc_row_inner][vc_column_inner width=&#8221;1\/2&#8243;][vc_single_image image=&#8221;397&#8243; img_size=&#8221;full&#8221;][vc_column_text]<em>Geometria de la llosa i dels pilons del model PLAXIS 3D.<\/em>[\/vc_column_text][\/vc_column_inner][vc_column_inner width=&#8221;1\/2&#8243;][vc_single_image image=&#8221;398&#8243; img_size=&#8221;full&#8221;][vc_column_text]<em>Geot\u00e8cnia, geometria de la llosa i hip\u00f2tesis de c\u00e0rrega del model Plaxis 3D. <\/em>[\/vc_column_text][\/vc_column_inner][\/vc_row_inner][vc_row_inner][vc_column_inner width=&#8221;1\/2&#8243;][vc_single_image image=&#8221;399&#8243; img_size=&#8221;full&#8221;][vc_column_text]<em>Model geomec\u00e0nic 2D d\u2019una secci\u00f3 transversal de la nova terminal del Port de Barcelona.<\/em>[\/vc_column_text][\/vc_column_inner][vc_column_inner width=&#8221;1\/2&#8243;][vc_single_image image=&#8221;400&#8243; img_size=&#8221;full&#8221;][vc_column_text]<em>Assentaments d\u2019una secci\u00f3 transversal de la nova terminal del Port de Barcelona. <\/em>[\/vc_column_text][\/vc_column_inner][\/vc_row_inner][\/vc_column][\/vc_row][vc_row][vc_column][vc_empty_space][\/vc_column][\/vc_row]\n","protected":false},"excerpt":{"rendered":"<p>[vc_row][vc_column][vc_empty_space height=&#8221;45px&#8221;][vc_column_text] TERMINAL TRAMER (ESPANYA, 2015-2016) [\/vc_column_text][vc_separator][\/vc_column][\/vc_row][vc_row][vc_column][vc_row_inner][vc_column_inner width=&#8221;1\/2&#8243;][vc_column_text]Construcci\u00f3 de la nova terminal Tramer de granel per a l\u2019emmagatzematge de sal al Port de Barcelona (moll \u00c1lvarez de la Campa). El disseny adoptat per l\u2019emmagatzematge de sal van ser dues naus de 14900 m2 i 12300 m2, amb piles de material de fins a 21 m d\u2019al\u00e7ada. Entre altres q\u00fcestions, la nostra contribuci\u00f3 ha ajudat a&#8230; <\/p>\n<p><a class=\"readmore\" href=\"https:\/\/progeo-cga.com\/ca\/projectes\/millora-del-terreny-i-fonamentacions-especials-projectes\/terminal-tramer\/\">Read More<\/a><\/p>\n","protected":false},"author":1,"featured_media":0,"parent":1675,"menu_order":1,"comment_status":"closed","ping_status":"closed","template":"","meta":{"footnotes":""},"class_list":["post-788","page","type-page","status-publish","hentry"],"yoast_head":"<!-- This site is optimized with the Yoast SEO plugin v24.0 - https:\/\/yoast.com\/wordpress\/plugins\/seo\/ -->\n<title>Terminal Tramer | PRO GEO Geotechnical Consultants<\/title>\n<meta name=\"description\" content=\"PRO GEO ha ajudat a optimitzar les fonamentacions profundes de la Terminal Tramer (Port de Barcelona) aconseguint aix\u00ed un important estalvi econ\u00f2mic.\" \/>\n<meta name=\"robots\" content=\"index, follow, max-snippet:-1, max-image-preview:large, max-video-preview:-1\" \/>\n<link rel=\"canonical\" href=\"https:\/\/progeo-cga.com\/ca\/projectes\/millora-del-terreny-i-fonamentacions-especials-projectes\/terminal-tramer\/\" \/>\n<meta property=\"og:locale\" content=\"ca_ES\" \/>\n<meta property=\"og:type\" content=\"article\" \/>\n<meta property=\"og:title\" content=\"Terminal Tramer | PRO GEO Geotechnical Consultants\" \/>\n<meta property=\"og:description\" content=\"PRO GEO ha ajudat a optimitzar les fonamentacions profundes de la Terminal Tramer (Port de Barcelona) aconseguint aix\u00ed un important estalvi econ\u00f2mic.\" \/>\n<meta property=\"og:url\" content=\"https:\/\/progeo-cga.com\/ca\/projectes\/millora-del-terreny-i-fonamentacions-especials-projectes\/terminal-tramer\/\" \/>\n<meta property=\"og:site_name\" content=\"PRO GEO\" \/>\n<meta property=\"article:modified_time\" content=\"2017-06-15T14:32:29+00:00\" \/>\n<meta name=\"twitter:card\" content=\"summary_large_image\" \/>\n<meta name=\"twitter:label1\" content=\"Temps estimat de lectura\" \/>\n\t<meta name=\"twitter:data1\" content=\"2 minuts\" \/>\n<script type=\"application\/ld+json\" class=\"yoast-schema-graph\">{\"@context\":\"https:\/\/schema.org\",\"@graph\":[{\"@type\":\"WebPage\",\"@id\":\"https:\/\/progeo-cga.com\/ca\/projectes\/millora-del-terreny-i-fonamentacions-especials-projectes\/terminal-tramer\/\",\"url\":\"https:\/\/progeo-cga.com\/ca\/projectes\/millora-del-terreny-i-fonamentacions-especials-projectes\/terminal-tramer\/\",\"name\":\"Terminal Tramer | PRO GEO Geotechnical Consultants\",\"isPartOf\":{\"@id\":\"https:\/\/progeo-cga.com\/#website\"},\"datePublished\":\"2017-01-09T11:07:27+00:00\",\"dateModified\":\"2017-06-15T14:32:29+00:00\",\"description\":\"PRO GEO ha ajudat a optimitzar les fonamentacions profundes de la Terminal Tramer (Port de Barcelona) aconseguint aix\u00ed un important estalvi econ\u00f2mic.\",\"breadcrumb\":{\"@id\":\"https:\/\/progeo-cga.com\/ca\/projectes\/millora-del-terreny-i-fonamentacions-especials-projectes\/terminal-tramer\/#breadcrumb\"},\"inLanguage\":\"ca\",\"potentialAction\":[{\"@type\":\"ReadAction\",\"target\":[\"https:\/\/progeo-cga.com\/ca\/projectes\/millora-del-terreny-i-fonamentacions-especials-projectes\/terminal-tramer\/\"]}]},{\"@type\":\"BreadcrumbList\",\"@id\":\"https:\/\/progeo-cga.com\/ca\/projectes\/millora-del-terreny-i-fonamentacions-especials-projectes\/terminal-tramer\/#breadcrumb\",\"itemListElement\":[{\"@type\":\"ListItem\",\"position\":1,\"name\":\"Home\",\"item\":\"https:\/\/progeo-cga.com\/ca\/\"},{\"@type\":\"ListItem\",\"position\":2,\"name\":\"Projectes\",\"item\":\"https:\/\/progeo-cga.com\/ca\/projectes\/\"},{\"@type\":\"ListItem\",\"position\":3,\"name\":\"MILLORA DEL TERRENY I FONAMENTACIONS ESPECIALS &#8211; PROJECTES\",\"item\":\"https:\/\/progeo-cga.com\/ca\/projectes\/millora-del-terreny-i-fonamentacions-especials-projectes\/\"},{\"@type\":\"ListItem\",\"position\":4,\"name\":\"TERMINAL TRAMER (ESPANYA, 2015-2016)\"}]},{\"@type\":\"WebSite\",\"@id\":\"https:\/\/progeo-cga.com\/#website\",\"url\":\"https:\/\/progeo-cga.com\/\",\"name\":\"PRO GEO\",\"description\":\"GEOTECHNICAL CONSULTANTS\",\"potentialAction\":[{\"@type\":\"SearchAction\",\"target\":{\"@type\":\"EntryPoint\",\"urlTemplate\":\"https:\/\/progeo-cga.com\/?s={search_term_string}\"},\"query-input\":{\"@type\":\"PropertyValueSpecification\",\"valueRequired\":true,\"valueName\":\"search_term_string\"}}],\"inLanguage\":\"ca\"}]}<\/script>\n<!-- \/ Yoast SEO plugin. -->","yoast_head_json":{"title":"Terminal Tramer | PRO GEO Geotechnical Consultants","description":"PRO GEO ha ajudat a optimitzar les fonamentacions profundes de la Terminal Tramer (Port de Barcelona) aconseguint aix\u00ed un important estalvi econ\u00f2mic.","robots":{"index":"index","follow":"follow","max-snippet":"max-snippet:-1","max-image-preview":"max-image-preview:large","max-video-preview":"max-video-preview:-1"},"canonical":"https:\/\/progeo-cga.com\/ca\/projectes\/millora-del-terreny-i-fonamentacions-especials-projectes\/terminal-tramer\/","og_locale":"ca_ES","og_type":"article","og_title":"Terminal Tramer | PRO GEO Geotechnical Consultants","og_description":"PRO GEO ha ajudat a optimitzar les fonamentacions profundes de la Terminal Tramer (Port de Barcelona) aconseguint aix\u00ed un important estalvi econ\u00f2mic.","og_url":"https:\/\/progeo-cga.com\/ca\/projectes\/millora-del-terreny-i-fonamentacions-especials-projectes\/terminal-tramer\/","og_site_name":"PRO GEO","article_modified_time":"2017-06-15T14:32:29+00:00","twitter_card":"summary_large_image","twitter_misc":{"Temps estimat de lectura":"2 minuts"},"schema":{"@context":"https:\/\/schema.org","@graph":[{"@type":"WebPage","@id":"https:\/\/progeo-cga.com\/ca\/projectes\/millora-del-terreny-i-fonamentacions-especials-projectes\/terminal-tramer\/","url":"https:\/\/progeo-cga.com\/ca\/projectes\/millora-del-terreny-i-fonamentacions-especials-projectes\/terminal-tramer\/","name":"Terminal Tramer | PRO GEO Geotechnical Consultants","isPartOf":{"@id":"https:\/\/progeo-cga.com\/#website"},"datePublished":"2017-01-09T11:07:27+00:00","dateModified":"2017-06-15T14:32:29+00:00","description":"PRO GEO ha ajudat a optimitzar les fonamentacions profundes de la Terminal Tramer (Port de Barcelona) aconseguint aix\u00ed un important estalvi econ\u00f2mic.","breadcrumb":{"@id":"https:\/\/progeo-cga.com\/ca\/projectes\/millora-del-terreny-i-fonamentacions-especials-projectes\/terminal-tramer\/#breadcrumb"},"inLanguage":"ca","potentialAction":[{"@type":"ReadAction","target":["https:\/\/progeo-cga.com\/ca\/projectes\/millora-del-terreny-i-fonamentacions-especials-projectes\/terminal-tramer\/"]}]},{"@type":"BreadcrumbList","@id":"https:\/\/progeo-cga.com\/ca\/projectes\/millora-del-terreny-i-fonamentacions-especials-projectes\/terminal-tramer\/#breadcrumb","itemListElement":[{"@type":"ListItem","position":1,"name":"Home","item":"https:\/\/progeo-cga.com\/ca\/"},{"@type":"ListItem","position":2,"name":"Projectes","item":"https:\/\/progeo-cga.com\/ca\/projectes\/"},{"@type":"ListItem","position":3,"name":"MILLORA DEL TERRENY I FONAMENTACIONS ESPECIALS &#8211; PROJECTES","item":"https:\/\/progeo-cga.com\/ca\/projectes\/millora-del-terreny-i-fonamentacions-especials-projectes\/"},{"@type":"ListItem","position":4,"name":"TERMINAL TRAMER (ESPANYA, 2015-2016)"}]},{"@type":"WebSite","@id":"https:\/\/progeo-cga.com\/#website","url":"https:\/\/progeo-cga.com\/","name":"PRO GEO","description":"GEOTECHNICAL CONSULTANTS","potentialAction":[{"@type":"SearchAction","target":{"@type":"EntryPoint","urlTemplate":"https:\/\/progeo-cga.com\/?s={search_term_string}"},"query-input":{"@type":"PropertyValueSpecification","valueRequired":true,"valueName":"search_term_string"}}],"inLanguage":"ca"}]}},"_links":{"self":[{"href":"https:\/\/progeo-cga.com\/ca\/wp-json\/wp\/v2\/pages\/788","targetHints":{"allow":["GET"]}}],"collection":[{"href":"https:\/\/progeo-cga.com\/ca\/wp-json\/wp\/v2\/pages"}],"about":[{"href":"https:\/\/progeo-cga.com\/ca\/wp-json\/wp\/v2\/types\/page"}],"author":[{"embeddable":true,"href":"https:\/\/progeo-cga.com\/ca\/wp-json\/wp\/v2\/users\/1"}],"replies":[{"embeddable":true,"href":"https:\/\/progeo-cga.com\/ca\/wp-json\/wp\/v2\/comments?post=788"}],"version-history":[{"count":4,"href":"https:\/\/progeo-cga.com\/ca\/wp-json\/wp\/v2\/pages\/788\/revisions"}],"predecessor-version":[{"id":1189,"href":"https:\/\/progeo-cga.com\/ca\/wp-json\/wp\/v2\/pages\/788\/revisions\/1189"}],"up":[{"embeddable":true,"href":"https:\/\/progeo-cga.com\/ca\/wp-json\/wp\/v2\/pages\/1675"}],"wp:attachment":[{"href":"https:\/\/progeo-cga.com\/ca\/wp-json\/wp\/v2\/media?parent=788"}],"curies":[{"name":"wp","href":"https:\/\/api.w.org\/{rel}","templated":true}]}}