{"id":784,"date":"2017-01-05T11:13:20","date_gmt":"2017-01-05T11:13:20","guid":{"rendered":"http:\/\/progeo.winworldev.es\/projectes\/reactor-nuclear-experimental-iter-francia-2013-2014\/"},"modified":"2017-12-18T09:16:35","modified_gmt":"2017-12-18T09:16:35","slug":"reactor-nuclear-experimental-iter","status":"publish","type":"page","link":"https:\/\/progeo-cga.com\/ca\/projectes\/talussos-i-lliscaments-projectes\/reactor-nuclear-experimental-iter\/","title":{"rendered":"REACTOR NUCLEAR EXPERIMENTAL &#8211; ITER (FRAN\u00c7A, 2013-2014)"},"content":{"rendered":"[vc_row row_type=&#8221;3&#8243; blox_image=&#8221;255&#8243; blox_dark=&#8221;true&#8221; row_pattern=&#8221;max-pat&#8221;][vc_column][vc_empty_space height=&#8221;260px&#8221;][vc_column_text]\n<p class=\"head-nosotros\">REACTOR NUCLEAR EXPERIMENTAL &#8211; ITER (FRAN\u00c7A, 2013-2014)<\/p>\n[\/vc_column_text][vc_empty_space height=&#8221;260px&#8221;][\/vc_column][\/vc_row][vc_row][vc_column][vc_empty_space height=&#8221;60px&#8221;][vc_row_inner][vc_column_inner][vc_column_text]<a href=\"https:\/\/www.iter.org\/\" target=\"_blank\" rel=\"noopener noreferrer\">ITER<\/a> \u00e9s una instal\u00b7laci\u00f3 nuclear localitzada a Cadarache (Fran\u00e7a). Es tracta d&#8217;un experiment cient\u00edfic a gran escala que t\u00e9 com a objectiu demostrar la viabilitat cient\u00edfica i tecnol\u00f2gica de la fusi\u00f3 nuclear com a font d\u2019energia. En el consorci internacional hi participen la Uni\u00f3 Europea, els EUA, R\u00fassia,\u00a0 Xina, Jap\u00f3, Corea del Sud i \u00cdndia.<\/p>\n<p>PRO GEO ha assistit a un dels principals contractistes en el disseny geot\u00e8cnic i en l&#8217;aplicaci\u00f3 dels principis de la Mec\u00e0nica de Roques amb la finalitat d&#8217;obtenir solucions simples i fiables.[\/vc_column_text][\/vc_column_inner][\/vc_row_inner][\/vc_column][\/vc_row][vc_row][vc_column width=&#8221;1\/6&#8243;][\/vc_column][vc_column width=&#8221;2\/3&#8243;][vc_images_carousel images=&#8221;249,251,250&#8243; img_size=&#8221;full&#8221; autoplay=&#8221;yes&#8221; wrap=&#8221;yes&#8221;][\/vc_column][vc_column width=&#8221;1\/6&#8243;][\/vc_column][\/vc_row][vc_row][vc_column][vc_empty_space][\/vc_column][\/vc_row]\n","protected":false},"excerpt":{"rendered":"<p>[vc_row row_type=&#8221;3&#8243; blox_image=&#8221;255&#8243; blox_dark=&#8221;true&#8221; row_pattern=&#8221;max-pat&#8221;][vc_column][vc_empty_space height=&#8221;260px&#8221;][vc_column_text] REACTOR NUCLEAR EXPERIMENTAL &#8211; ITER (FRAN\u00c7A, 2013-2014) [\/vc_column_text][vc_empty_space height=&#8221;260px&#8221;][\/vc_column][\/vc_row][vc_row][vc_column][vc_empty_space height=&#8221;60px&#8221;][vc_row_inner][vc_column_inner][vc_column_text]ITER \u00e9s una instal\u00b7laci\u00f3 nuclear localitzada a Cadarache (Fran\u00e7a). Es tracta d&#8217;un experiment cient\u00edfic a gran escala que t\u00e9 com a objectiu demostrar la viabilitat cient\u00edfica i tecnol\u00f2gica de la fusi\u00f3 nuclear com a font d\u2019energia. En el consorci internacional hi participen la Uni\u00f3 Europea, els EUA, R\u00fassia,\u00a0 Xina, Jap\u00f3,&#8230; <\/p>\n<p><a class=\"readmore\" href=\"https:\/\/progeo-cga.com\/ca\/projectes\/talussos-i-lliscaments-projectes\/reactor-nuclear-experimental-iter\/\">Read More<\/a><\/p>\n","protected":false},"author":1,"featured_media":0,"parent":1673,"menu_order":1,"comment_status":"closed","ping_status":"closed","template":"","meta":{"footnotes":""},"class_list":["post-784","page","type-page","status-publish","hentry"],"yoast_head":"<!-- This site is optimized with the Yoast SEO plugin v24.0 - https:\/\/yoast.com\/wordpress\/plugins\/seo\/ -->\n<title>Reactor nuclear experimental ITER | PRO GEO Goetechnical Consultants<\/title>\n<meta name=\"description\" content=\"PRO GEO ha assistit en el disseny geot\u00e8cnic, aplicant la Mec\u00e0nica de Roques, per obtenir solucions fiables al reactor nuclear experimental ITER, Fran\u00e7a.\" \/>\n<meta name=\"robots\" content=\"index, follow, max-snippet:-1, max-image-preview:large, max-video-preview:-1\" \/>\n<link rel=\"canonical\" href=\"https:\/\/progeo-cga.com\/ca\/projectes\/talussos-i-lliscaments-projectes\/reactor-nuclear-experimental-iter\/\" \/>\n<meta property=\"og:locale\" content=\"ca_ES\" \/>\n<meta property=\"og:type\" content=\"article\" \/>\n<meta property=\"og:title\" content=\"Reactor nuclear experimental ITER | PRO GEO Goetechnical Consultants\" \/>\n<meta property=\"og:description\" content=\"PRO GEO ha assistit en el disseny geot\u00e8cnic, aplicant la Mec\u00e0nica de Roques, per obtenir solucions fiables al reactor nuclear experimental ITER, Fran\u00e7a.\" \/>\n<meta property=\"og:url\" content=\"https:\/\/progeo-cga.com\/ca\/projectes\/talussos-i-lliscaments-projectes\/reactor-nuclear-experimental-iter\/\" \/>\n<meta property=\"og:site_name\" content=\"PRO GEO\" \/>\n<meta property=\"article:modified_time\" content=\"2017-12-18T09:16:35+00:00\" \/>\n<meta name=\"twitter:card\" content=\"summary_large_image\" \/>\n<meta name=\"twitter:label1\" content=\"Temps estimat de lectura\" \/>\n\t<meta name=\"twitter:data1\" content=\"1 minut\" \/>\n<script type=\"application\/ld+json\" class=\"yoast-schema-graph\">{\"@context\":\"https:\/\/schema.org\",\"@graph\":[{\"@type\":\"WebPage\",\"@id\":\"https:\/\/progeo-cga.com\/ca\/projectes\/talussos-i-lliscaments-projectes\/reactor-nuclear-experimental-iter\/\",\"url\":\"https:\/\/progeo-cga.com\/ca\/projectes\/talussos-i-lliscaments-projectes\/reactor-nuclear-experimental-iter\/\",\"name\":\"Reactor nuclear experimental ITER | PRO GEO Goetechnical Consultants\",\"isPartOf\":{\"@id\":\"https:\/\/progeo-cga.com\/#website\"},\"datePublished\":\"2017-01-05T11:13:20+00:00\",\"dateModified\":\"2017-12-18T09:16:35+00:00\",\"description\":\"PRO GEO ha assistit en el disseny geot\u00e8cnic, aplicant la Mec\u00e0nica de Roques, per obtenir solucions fiables al reactor nuclear experimental ITER, Fran\u00e7a.\",\"breadcrumb\":{\"@id\":\"https:\/\/progeo-cga.com\/ca\/projectes\/talussos-i-lliscaments-projectes\/reactor-nuclear-experimental-iter\/#breadcrumb\"},\"inLanguage\":\"ca\",\"potentialAction\":[{\"@type\":\"ReadAction\",\"target\":[\"https:\/\/progeo-cga.com\/ca\/projectes\/talussos-i-lliscaments-projectes\/reactor-nuclear-experimental-iter\/\"]}]},{\"@type\":\"BreadcrumbList\",\"@id\":\"https:\/\/progeo-cga.com\/ca\/projectes\/talussos-i-lliscaments-projectes\/reactor-nuclear-experimental-iter\/#breadcrumb\",\"itemListElement\":[{\"@type\":\"ListItem\",\"position\":1,\"name\":\"Home\",\"item\":\"https:\/\/progeo-cga.com\/ca\/\"},{\"@type\":\"ListItem\",\"position\":2,\"name\":\"Projectes\",\"item\":\"https:\/\/progeo-cga.com\/ca\/projectes\/\"},{\"@type\":\"ListItem\",\"position\":3,\"name\":\"TALUSSOS I LLISCAMENTS &#8211; PROJECTES\",\"item\":\"https:\/\/progeo-cga.com\/ca\/projectes\/talussos-i-lliscaments-projectes\/\"},{\"@type\":\"ListItem\",\"position\":4,\"name\":\"REACTOR NUCLEAR EXPERIMENTAL &#8211; ITER (FRAN\u00c7A, 2013-2014)\"}]},{\"@type\":\"WebSite\",\"@id\":\"https:\/\/progeo-cga.com\/#website\",\"url\":\"https:\/\/progeo-cga.com\/\",\"name\":\"PRO GEO\",\"description\":\"GEOTECHNICAL CONSULTANTS\",\"potentialAction\":[{\"@type\":\"SearchAction\",\"target\":{\"@type\":\"EntryPoint\",\"urlTemplate\":\"https:\/\/progeo-cga.com\/?s={search_term_string}\"},\"query-input\":{\"@type\":\"PropertyValueSpecification\",\"valueRequired\":true,\"valueName\":\"search_term_string\"}}],\"inLanguage\":\"ca\"}]}<\/script>\n<!-- \/ Yoast SEO plugin. -->","yoast_head_json":{"title":"Reactor nuclear experimental ITER | PRO GEO Goetechnical Consultants","description":"PRO GEO ha assistit en el disseny geot\u00e8cnic, aplicant la Mec\u00e0nica de Roques, per obtenir solucions fiables al reactor nuclear experimental ITER, Fran\u00e7a.","robots":{"index":"index","follow":"follow","max-snippet":"max-snippet:-1","max-image-preview":"max-image-preview:large","max-video-preview":"max-video-preview:-1"},"canonical":"https:\/\/progeo-cga.com\/ca\/projectes\/talussos-i-lliscaments-projectes\/reactor-nuclear-experimental-iter\/","og_locale":"ca_ES","og_type":"article","og_title":"Reactor nuclear experimental ITER | PRO GEO Goetechnical Consultants","og_description":"PRO GEO ha assistit en el disseny geot\u00e8cnic, aplicant la Mec\u00e0nica de Roques, per obtenir solucions fiables al reactor nuclear experimental ITER, Fran\u00e7a.","og_url":"https:\/\/progeo-cga.com\/ca\/projectes\/talussos-i-lliscaments-projectes\/reactor-nuclear-experimental-iter\/","og_site_name":"PRO GEO","article_modified_time":"2017-12-18T09:16:35+00:00","twitter_card":"summary_large_image","twitter_misc":{"Temps estimat de lectura":"1 minut"},"schema":{"@context":"https:\/\/schema.org","@graph":[{"@type":"WebPage","@id":"https:\/\/progeo-cga.com\/ca\/projectes\/talussos-i-lliscaments-projectes\/reactor-nuclear-experimental-iter\/","url":"https:\/\/progeo-cga.com\/ca\/projectes\/talussos-i-lliscaments-projectes\/reactor-nuclear-experimental-iter\/","name":"Reactor nuclear experimental ITER | PRO GEO Goetechnical Consultants","isPartOf":{"@id":"https:\/\/progeo-cga.com\/#website"},"datePublished":"2017-01-05T11:13:20+00:00","dateModified":"2017-12-18T09:16:35+00:00","description":"PRO GEO ha assistit en el disseny geot\u00e8cnic, aplicant la Mec\u00e0nica de Roques, per obtenir solucions fiables al reactor nuclear experimental ITER, Fran\u00e7a.","breadcrumb":{"@id":"https:\/\/progeo-cga.com\/ca\/projectes\/talussos-i-lliscaments-projectes\/reactor-nuclear-experimental-iter\/#breadcrumb"},"inLanguage":"ca","potentialAction":[{"@type":"ReadAction","target":["https:\/\/progeo-cga.com\/ca\/projectes\/talussos-i-lliscaments-projectes\/reactor-nuclear-experimental-iter\/"]}]},{"@type":"BreadcrumbList","@id":"https:\/\/progeo-cga.com\/ca\/projectes\/talussos-i-lliscaments-projectes\/reactor-nuclear-experimental-iter\/#breadcrumb","itemListElement":[{"@type":"ListItem","position":1,"name":"Home","item":"https:\/\/progeo-cga.com\/ca\/"},{"@type":"ListItem","position":2,"name":"Projectes","item":"https:\/\/progeo-cga.com\/ca\/projectes\/"},{"@type":"ListItem","position":3,"name":"TALUSSOS I LLISCAMENTS &#8211; PROJECTES","item":"https:\/\/progeo-cga.com\/ca\/projectes\/talussos-i-lliscaments-projectes\/"},{"@type":"ListItem","position":4,"name":"REACTOR NUCLEAR EXPERIMENTAL &#8211; ITER (FRAN\u00c7A, 2013-2014)"}]},{"@type":"WebSite","@id":"https:\/\/progeo-cga.com\/#website","url":"https:\/\/progeo-cga.com\/","name":"PRO GEO","description":"GEOTECHNICAL CONSULTANTS","potentialAction":[{"@type":"SearchAction","target":{"@type":"EntryPoint","urlTemplate":"https:\/\/progeo-cga.com\/?s={search_term_string}"},"query-input":{"@type":"PropertyValueSpecification","valueRequired":true,"valueName":"search_term_string"}}],"inLanguage":"ca"}]}},"_links":{"self":[{"href":"https:\/\/progeo-cga.com\/ca\/wp-json\/wp\/v2\/pages\/784","targetHints":{"allow":["GET"]}}],"collection":[{"href":"https:\/\/progeo-cga.com\/ca\/wp-json\/wp\/v2\/pages"}],"about":[{"href":"https:\/\/progeo-cga.com\/ca\/wp-json\/wp\/v2\/types\/page"}],"author":[{"embeddable":true,"href":"https:\/\/progeo-cga.com\/ca\/wp-json\/wp\/v2\/users\/1"}],"replies":[{"embeddable":true,"href":"https:\/\/progeo-cga.com\/ca\/wp-json\/wp\/v2\/comments?post=784"}],"version-history":[{"count":3,"href":"https:\/\/progeo-cga.com\/ca\/wp-json\/wp\/v2\/pages\/784\/revisions"}],"predecessor-version":[{"id":1496,"href":"https:\/\/progeo-cga.com\/ca\/wp-json\/wp\/v2\/pages\/784\/revisions\/1496"}],"up":[{"embeddable":true,"href":"https:\/\/progeo-cga.com\/ca\/wp-json\/wp\/v2\/pages\/1673"}],"wp:attachment":[{"href":"https:\/\/progeo-cga.com\/ca\/wp-json\/wp\/v2\/media?parent=784"}],"curies":[{"name":"wp","href":"https:\/\/api.w.org\/{rel}","templated":true}]}}