{"id":779,"date":"2017-01-05T11:16:03","date_gmt":"2017-01-05T11:16:03","guid":{"rendered":"http:\/\/progeo.winworldev.es\/projectes\/puerto-quetzal-guatemala-2014-2015\/"},"modified":"2017-12-18T09:07:51","modified_gmt":"2017-12-18T09:07:51","slug":"port-quetzal","status":"publish","type":"page","link":"https:\/\/progeo-cga.com\/ca\/projectes\/enginyeria-sismica-projectes\/port-quetzal\/","title":{"rendered":"PORT QUETZAL (GUATEMALA, 2014-2015)"},"content":{"rendered":"[vc_row row_type=&#8221;3&#8243; blox_image=&#8221;1487&#8243; blox_dark=&#8221;true&#8221; row_pattern=&#8221;max-pat&#8221;][vc_column][vc_empty_space height=&#8221;260px&#8221;][vc_column_text]\n<p class=\"head-nosotros\">PORT QUETZAL (GUATEMALA, 2014-2015)<\/p>\n[\/vc_column_text][vc_empty_space height=&#8221;260px&#8221;][\/vc_column][\/vc_row][vc_row][vc_column][vc_empty_space height=&#8221;60px&#8221;][vc_row_inner][vc_column_inner width=&#8221;1\/2&#8243;][vc_column_text]El moll del Port Quetzal (Escuintla, Guatemala) t\u00e9 \u00a0350 m de llarg i 37 m d&#8217;ample. El nivell de dragat \u00e9s de 16 m per sota de la superf\u00edcie del mar. Est\u00e0 destinat al transport de contenidors.<\/p>\n<p>\u00c9s un moll obert amb pilons de formig\u00f3. Un dels aspectes m\u00e9s rellevants d&#8217;aquest port \u00e9s l&#8217;alta sismicitat de l&#8217;empla\u00e7ament (acceleraci\u00f3 disseny pic: 0.56 g, magnitud: 7.5).<\/p>\n<p>Entre altres q\u00fcestions, la nostra contribuci\u00f3 ha ajudat a portar a terme una <strong>avaluaci\u00f3 detallada del comportament del moll en situacions de sisme<\/strong>. Aquest fet ha perm\u00e8s una <strong>millora important en el disseny de fonamentacions<\/strong>.[\/vc_column_text][\/vc_column_inner][vc_column_inner width=&#8221;1\/2&#8243;][vc_column_text]<strong>L&#8217;experi\u00e8ncia en el disseny geot\u00e8cnic de PRO GEO<\/strong> ha ajudat a resoldre els seg\u00fcents problemes:<\/p>\n<ul>\n<li>Definici\u00f3 de la campanya geot\u00e8cnica complement\u00e0ria i an\u00e0lisi dels resultats.<\/li>\n<li>Avaluaci\u00f3 de risc de liq\u00fcefacci\u00f3.<\/li>\n<li>Modelitzaci\u00f3 geomec\u00e0nica de les diferents seccions del moll. Interacci\u00f3 s\u00f2l-estructura.<\/li>\n<li>Modelitzaci\u00f3 dels episodis de sisme (an\u00e0lisi de s\u00e8ries temporals).<\/li>\n<li>An\u00e0lisis geot\u00e8cnics dels resultats d\u2019auscultaci\u00f3.<\/li>\n<li>Definici\u00f3 de proves de c\u00e0rrega est\u00e0tiques de pilons, predicci\u00f3 i an\u00e0lisi.<\/li>\n<\/ul>\n[\/vc_column_text][\/vc_column_inner][\/vc_row_inner][\/vc_column][\/vc_row][vc_row][vc_column width=&#8221;1\/6&#8243;][\/vc_column][vc_column width=&#8221;2\/3&#8243;][vc_images_carousel images=&#8221;259,260,261,262,263,264&#8243; img_size=&#8221;full&#8221; autoplay=&#8221;yes&#8221; wrap=&#8221;yes&#8221;][\/vc_column][vc_column width=&#8221;1\/6&#8243;][\/vc_column][\/vc_row][vc_row][vc_column][vc_empty_space][\/vc_column][\/vc_row]\n","protected":false},"excerpt":{"rendered":"<p>[vc_row row_type=&#8221;3&#8243; blox_image=&#8221;1487&#8243; blox_dark=&#8221;true&#8221; row_pattern=&#8221;max-pat&#8221;][vc_column][vc_empty_space height=&#8221;260px&#8221;][vc_column_text] PORT QUETZAL (GUATEMALA, 2014-2015) [\/vc_column_text][vc_empty_space height=&#8221;260px&#8221;][\/vc_column][\/vc_row][vc_row][vc_column][vc_empty_space height=&#8221;60px&#8221;][vc_row_inner][vc_column_inner width=&#8221;1\/2&#8243;][vc_column_text]El moll del Port Quetzal (Escuintla, Guatemala) t\u00e9 \u00a0350 m de llarg i 37 m d&#8217;ample. El nivell de dragat \u00e9s de 16 m per sota de la superf\u00edcie del mar. Est\u00e0 destinat al transport de contenidors. \u00c9s un moll obert amb pilons de formig\u00f3. Un dels aspectes m\u00e9s rellevants d&#8217;aquest port&#8230; <\/p>\n<p><a class=\"readmore\" href=\"https:\/\/progeo-cga.com\/ca\/projectes\/enginyeria-sismica-projectes\/port-quetzal\/\">Read More<\/a><\/p>\n","protected":false},"author":1,"featured_media":0,"parent":1671,"menu_order":1,"comment_status":"closed","ping_status":"closed","template":"","meta":{"footnotes":""},"class_list":["post-779","page","type-page","status-publish","hentry"],"yoast_head":"<!-- This site is optimized with the Yoast SEO plugin v24.0 - https:\/\/yoast.com\/wordpress\/plugins\/seo\/ -->\n<title>Port Quetzal - Guatemala | PRO GEO Geotechnical Consultants<\/title>\n<meta name=\"description\" content=\"Entre altres, PRO GEO ha ajudat a portar a terme una avaluaci\u00f3 detallada del comportament del moll en situacions de sisme al Port Quetzal de Guatemala.\" \/>\n<meta name=\"robots\" content=\"index, follow, max-snippet:-1, max-image-preview:large, max-video-preview:-1\" \/>\n<link rel=\"canonical\" href=\"https:\/\/progeo-cga.com\/ca\/projectes\/enginyeria-sismica-projectes\/port-quetzal\/\" \/>\n<meta property=\"og:locale\" content=\"ca_ES\" \/>\n<meta property=\"og:type\" content=\"article\" \/>\n<meta property=\"og:title\" content=\"Port Quetzal - Guatemala | PRO GEO Geotechnical Consultants\" \/>\n<meta property=\"og:description\" content=\"Entre altres, PRO GEO ha ajudat a portar a terme una avaluaci\u00f3 detallada del comportament del moll en situacions de sisme al Port Quetzal de Guatemala.\" \/>\n<meta property=\"og:url\" content=\"https:\/\/progeo-cga.com\/ca\/projectes\/enginyeria-sismica-projectes\/port-quetzal\/\" \/>\n<meta property=\"og:site_name\" content=\"PRO GEO\" \/>\n<meta property=\"article:modified_time\" content=\"2017-12-18T09:07:51+00:00\" \/>\n<meta name=\"twitter:card\" content=\"summary_large_image\" \/>\n<meta name=\"twitter:label1\" content=\"Temps estimat de lectura\" \/>\n\t<meta name=\"twitter:data1\" content=\"2 minuts\" \/>\n<script type=\"application\/ld+json\" class=\"yoast-schema-graph\">{\"@context\":\"https:\/\/schema.org\",\"@graph\":[{\"@type\":\"WebPage\",\"@id\":\"https:\/\/progeo-cga.com\/ca\/projectes\/enginyeria-sismica-projectes\/port-quetzal\/\",\"url\":\"https:\/\/progeo-cga.com\/ca\/projectes\/enginyeria-sismica-projectes\/port-quetzal\/\",\"name\":\"Port Quetzal - Guatemala | PRO GEO Geotechnical Consultants\",\"isPartOf\":{\"@id\":\"https:\/\/progeo-cga.com\/#website\"},\"datePublished\":\"2017-01-05T11:16:03+00:00\",\"dateModified\":\"2017-12-18T09:07:51+00:00\",\"description\":\"Entre altres, PRO GEO ha ajudat a portar a terme una avaluaci\u00f3 detallada del comportament del moll en situacions de sisme al Port Quetzal de Guatemala.\",\"breadcrumb\":{\"@id\":\"https:\/\/progeo-cga.com\/ca\/projectes\/enginyeria-sismica-projectes\/port-quetzal\/#breadcrumb\"},\"inLanguage\":\"ca\",\"potentialAction\":[{\"@type\":\"ReadAction\",\"target\":[\"https:\/\/progeo-cga.com\/ca\/projectes\/enginyeria-sismica-projectes\/port-quetzal\/\"]}]},{\"@type\":\"BreadcrumbList\",\"@id\":\"https:\/\/progeo-cga.com\/ca\/projectes\/enginyeria-sismica-projectes\/port-quetzal\/#breadcrumb\",\"itemListElement\":[{\"@type\":\"ListItem\",\"position\":1,\"name\":\"Home\",\"item\":\"https:\/\/progeo-cga.com\/ca\/\"},{\"@type\":\"ListItem\",\"position\":2,\"name\":\"Projectes\",\"item\":\"https:\/\/progeo-cga.com\/ca\/projectes\/\"},{\"@type\":\"ListItem\",\"position\":3,\"name\":\"ENGINYERIA S\u00cdSMICA &#8211; PROJECTES\",\"item\":\"https:\/\/progeo-cga.com\/ca\/projectes\/enginyeria-sismica-projectes\/\"},{\"@type\":\"ListItem\",\"position\":4,\"name\":\"PORT QUETZAL (GUATEMALA, 2014-2015)\"}]},{\"@type\":\"WebSite\",\"@id\":\"https:\/\/progeo-cga.com\/#website\",\"url\":\"https:\/\/progeo-cga.com\/\",\"name\":\"PRO GEO\",\"description\":\"GEOTECHNICAL CONSULTANTS\",\"potentialAction\":[{\"@type\":\"SearchAction\",\"target\":{\"@type\":\"EntryPoint\",\"urlTemplate\":\"https:\/\/progeo-cga.com\/?s={search_term_string}\"},\"query-input\":{\"@type\":\"PropertyValueSpecification\",\"valueRequired\":true,\"valueName\":\"search_term_string\"}}],\"inLanguage\":\"ca\"}]}<\/script>\n<!-- \/ Yoast SEO plugin. -->","yoast_head_json":{"title":"Port Quetzal - Guatemala | PRO GEO Geotechnical Consultants","description":"Entre altres, PRO GEO ha ajudat a portar a terme una avaluaci\u00f3 detallada del comportament del moll en situacions de sisme al Port Quetzal de Guatemala.","robots":{"index":"index","follow":"follow","max-snippet":"max-snippet:-1","max-image-preview":"max-image-preview:large","max-video-preview":"max-video-preview:-1"},"canonical":"https:\/\/progeo-cga.com\/ca\/projectes\/enginyeria-sismica-projectes\/port-quetzal\/","og_locale":"ca_ES","og_type":"article","og_title":"Port Quetzal - Guatemala | PRO GEO Geotechnical Consultants","og_description":"Entre altres, PRO GEO ha ajudat a portar a terme una avaluaci\u00f3 detallada del comportament del moll en situacions de sisme al Port Quetzal de Guatemala.","og_url":"https:\/\/progeo-cga.com\/ca\/projectes\/enginyeria-sismica-projectes\/port-quetzal\/","og_site_name":"PRO GEO","article_modified_time":"2017-12-18T09:07:51+00:00","twitter_card":"summary_large_image","twitter_misc":{"Temps estimat de lectura":"2 minuts"},"schema":{"@context":"https:\/\/schema.org","@graph":[{"@type":"WebPage","@id":"https:\/\/progeo-cga.com\/ca\/projectes\/enginyeria-sismica-projectes\/port-quetzal\/","url":"https:\/\/progeo-cga.com\/ca\/projectes\/enginyeria-sismica-projectes\/port-quetzal\/","name":"Port Quetzal - Guatemala | PRO GEO Geotechnical Consultants","isPartOf":{"@id":"https:\/\/progeo-cga.com\/#website"},"datePublished":"2017-01-05T11:16:03+00:00","dateModified":"2017-12-18T09:07:51+00:00","description":"Entre altres, PRO GEO ha ajudat a portar a terme una avaluaci\u00f3 detallada del comportament del moll en situacions de sisme al Port Quetzal de Guatemala.","breadcrumb":{"@id":"https:\/\/progeo-cga.com\/ca\/projectes\/enginyeria-sismica-projectes\/port-quetzal\/#breadcrumb"},"inLanguage":"ca","potentialAction":[{"@type":"ReadAction","target":["https:\/\/progeo-cga.com\/ca\/projectes\/enginyeria-sismica-projectes\/port-quetzal\/"]}]},{"@type":"BreadcrumbList","@id":"https:\/\/progeo-cga.com\/ca\/projectes\/enginyeria-sismica-projectes\/port-quetzal\/#breadcrumb","itemListElement":[{"@type":"ListItem","position":1,"name":"Home","item":"https:\/\/progeo-cga.com\/ca\/"},{"@type":"ListItem","position":2,"name":"Projectes","item":"https:\/\/progeo-cga.com\/ca\/projectes\/"},{"@type":"ListItem","position":3,"name":"ENGINYERIA S\u00cdSMICA &#8211; PROJECTES","item":"https:\/\/progeo-cga.com\/ca\/projectes\/enginyeria-sismica-projectes\/"},{"@type":"ListItem","position":4,"name":"PORT QUETZAL (GUATEMALA, 2014-2015)"}]},{"@type":"WebSite","@id":"https:\/\/progeo-cga.com\/#website","url":"https:\/\/progeo-cga.com\/","name":"PRO GEO","description":"GEOTECHNICAL CONSULTANTS","potentialAction":[{"@type":"SearchAction","target":{"@type":"EntryPoint","urlTemplate":"https:\/\/progeo-cga.com\/?s={search_term_string}"},"query-input":{"@type":"PropertyValueSpecification","valueRequired":true,"valueName":"search_term_string"}}],"inLanguage":"ca"}]}},"_links":{"self":[{"href":"https:\/\/progeo-cga.com\/ca\/wp-json\/wp\/v2\/pages\/779","targetHints":{"allow":["GET"]}}],"collection":[{"href":"https:\/\/progeo-cga.com\/ca\/wp-json\/wp\/v2\/pages"}],"about":[{"href":"https:\/\/progeo-cga.com\/ca\/wp-json\/wp\/v2\/types\/page"}],"author":[{"embeddable":true,"href":"https:\/\/progeo-cga.com\/ca\/wp-json\/wp\/v2\/users\/1"}],"replies":[{"embeddable":true,"href":"https:\/\/progeo-cga.com\/ca\/wp-json\/wp\/v2\/comments?post=779"}],"version-history":[{"count":2,"href":"https:\/\/progeo-cga.com\/ca\/wp-json\/wp\/v2\/pages\/779\/revisions"}],"predecessor-version":[{"id":1491,"href":"https:\/\/progeo-cga.com\/ca\/wp-json\/wp\/v2\/pages\/779\/revisions\/1491"}],"up":[{"embeddable":true,"href":"https:\/\/progeo-cga.com\/ca\/wp-json\/wp\/v2\/pages\/1671"}],"wp:attachment":[{"href":"https:\/\/progeo-cga.com\/ca\/wp-json\/wp\/v2\/media?parent=779"}],"curies":[{"name":"wp","href":"https:\/\/api.w.org\/{rel}","templated":true}]}}