{"id":768,"date":"2017-01-09T11:39:43","date_gmt":"2017-01-09T11:39:43","guid":{"rendered":"http:\/\/progeo.winworldev.es\/projectes\/paso-viario-subterraneo-en-la-plaza-de-las-glories-barcelona-espanya-2016\/"},"modified":"2017-06-16T10:40:07","modified_gmt":"2017-06-16T10:40:07","slug":"tunel-placa-de-les-glories","status":"publish","type":"page","link":"https:\/\/progeo-cga.com\/ca\/projectes\/tunels-i-obres-subterranies-projectes\/tunel-placa-de-les-glories\/","title":{"rendered":"T\u00daNEL PLA\u00c7A DE LES GL\u00d2RIES, BARCELONA (ESPA\u00d1A, 2016)"},"content":{"rendered":"[vc_row row_type=&#8221;3&#8243; blox_height=&#8221;600&#8243; blox_image=&#8221;702&#8243; blox_padding_top=&#8221;260&#8243; blox_padding_bottom=&#8221;70&#8243; blox_dark=&#8221;true&#8221; row_pattern=&#8221;max-pat&#8221;][vc_column][vc_column_text]\n<p class=\"head-nosotros\">T\u00daNEL PLA\u00c7A DE LES GL\u00d2RIES, BARCELONA (ESPANYA, 2016)<\/p>\n[\/vc_column_text][\/vc_column][\/vc_row][vc_row][vc_column][vc_empty_space][\/vc_column][\/vc_row][vc_row][vc_column][vc_row_inner][vc_column_inner width=&#8221;1\/2&#8243;][vc_column_text]El pas viari subterrani a la Pla\u00e7a de les Gl\u00f2ries es construeix a partir d\u2019excavaci\u00f3 entre pantalles (<em>cut and cover<\/em>) en una \u00e0rea urbana d\u2019alta densitat de poblaci\u00f3. Tanmateix, aquest soterrament inclou el pas per sota dels t\u00fanels de la L\u00ednia 1 del metro, dels t\u00fanels de rodalies Ma\u00e7anet &#8211; Massanes i Manresa &#8211; Puigcerd\u00e0 i del t\u00fanel Arag\u00f3 \u2013 Estaci\u00f3 de Fran\u00e7a, essent necess\u00e0ria l\u2019excavaci\u00f3 en mina dels passos esmentats.<\/p>\n<p>La nostra experi\u00e8ncia ha perm\u00e8s assumir els treballs de <strong>consultoria geot\u00e8cnica, hidrol\u00f2gica i estructural<\/strong> de les actuacions subterr\u00e0nies portades a terme a la Pla\u00e7a de les Gl\u00f2ries de Barcelona.[\/vc_column_text][\/vc_column_inner][vc_column_inner width=&#8221;1\/2&#8243;][vc_column_text]<strong>L&#8217;experi\u00e8ncia de\u00a0 PRO GEO<\/strong> ha ajudat als nostres clients en els seg\u00fcents aspectes:<\/p>\n<ul>\n<li>Definici\u00f3 de la campanya geot\u00e8cnica complement\u00e0ria i an\u00e0lisi dels resultats.<\/li>\n<li>Modelitzaci\u00f3 i disseny geomec\u00e0nic i interacci\u00f3 s\u00f2l-estructura de les pantalles laterals i centrals (<em>cut and cover<\/em>).<\/li>\n<li>Modelitzaci\u00f3 geot\u00e8cnica i disseny del col\u00b7lector Claper\u00f2s a partir de NATM (considerant paraig\u00fces de micropilons).<\/li>\n<li>Modelitzaci\u00f3 geomec\u00e0nica bidimensional i tridimensional de la construcci\u00f3 dels t\u00fanels en mina \u2013 calaix empentat (pas sota t\u00fanels de rodalies).<\/li>\n<li>Disseny del sistema de bombeig a partir de models tridimensionals.<\/li>\n<\/ul>\n[\/vc_column_text][\/vc_column_inner][\/vc_row_inner][vc_empty_space height=&#8221;60px&#8221;][vc_row_inner][vc_column_inner width=&#8221;1\/6&#8243;][\/vc_column_inner][vc_column_inner width=&#8221;2\/3&#8243;][vc_images_carousel images=&#8221;615,616,617,618,620,621,622,623,624,625,626,627,628,629,630,631&#8243; img_size=&#8221;full&#8221;][\/vc_column_inner][vc_column_inner width=&#8221;1\/6&#8243;][\/vc_column_inner][\/vc_row_inner][\/vc_column][\/vc_row][vc_row][vc_column][vc_empty_space][\/vc_column][\/vc_row]\n","protected":false},"excerpt":{"rendered":"<p>[vc_row row_type=&#8221;3&#8243; blox_height=&#8221;600&#8243; blox_image=&#8221;702&#8243; blox_padding_top=&#8221;260&#8243; blox_padding_bottom=&#8221;70&#8243; blox_dark=&#8221;true&#8221; row_pattern=&#8221;max-pat&#8221;][vc_column][vc_column_text] T\u00daNEL PLA\u00c7A DE LES GL\u00d2RIES, BARCELONA (ESPANYA, 2016) [\/vc_column_text][\/vc_column][\/vc_row][vc_row][vc_column][vc_empty_space][\/vc_column][\/vc_row][vc_row][vc_column][vc_row_inner][vc_column_inner width=&#8221;1\/2&#8243;][vc_column_text]El pas viari subterrani a la Pla\u00e7a de les Gl\u00f2ries es construeix a partir d\u2019excavaci\u00f3 entre pantalles (cut and cover) en una \u00e0rea urbana d\u2019alta densitat de poblaci\u00f3. Tanmateix, aquest soterrament inclou el pas per sota dels t\u00fanels de la L\u00ednia 1 del metro, dels t\u00fanels de rodalies&#8230; <\/p>\n<p><a class=\"readmore\" href=\"https:\/\/progeo-cga.com\/ca\/projectes\/tunels-i-obres-subterranies-projectes\/tunel-placa-de-les-glories\/\">Read More<\/a><\/p>\n","protected":false},"author":1,"featured_media":0,"parent":1681,"menu_order":5,"comment_status":"closed","ping_status":"closed","template":"","meta":{"footnotes":""},"class_list":["post-768","page","type-page","status-publish","hentry"],"yoast_head":"<!-- This site is optimized with the Yoast SEO plugin v24.0 - https:\/\/yoast.com\/wordpress\/plugins\/seo\/ -->\n<title>T\u00fanel de la Pla\u00e7a de les Gl\u00f2ries | PRO GEO Geotechnical Consultants<\/title>\n<meta name=\"description\" content=\"PRO GEO va assumir les feines de consultoria geot\u00e8cnica, hidrol\u00f2gica i estructural del t\u00fanel de la Pla\u00e7a de les Gl\u00f2ries de Barcelona.\" \/>\n<meta name=\"robots\" content=\"index, follow, max-snippet:-1, max-image-preview:large, max-video-preview:-1\" \/>\n<link rel=\"canonical\" href=\"https:\/\/progeo-cga.com\/ca\/projectes\/tunels-i-obres-subterranies-projectes\/tunel-placa-de-les-glories\/\" \/>\n<meta property=\"og:locale\" content=\"ca_ES\" \/>\n<meta property=\"og:type\" content=\"article\" \/>\n<meta property=\"og:title\" content=\"T\u00fanel de la Pla\u00e7a de les Gl\u00f2ries | PRO GEO Geotechnical Consultants\" \/>\n<meta property=\"og:description\" content=\"PRO GEO va assumir les feines de consultoria geot\u00e8cnica, hidrol\u00f2gica i estructural del t\u00fanel de la Pla\u00e7a de les Gl\u00f2ries de Barcelona.\" \/>\n<meta property=\"og:url\" content=\"https:\/\/progeo-cga.com\/ca\/projectes\/tunels-i-obres-subterranies-projectes\/tunel-placa-de-les-glories\/\" \/>\n<meta property=\"og:site_name\" content=\"PRO GEO\" \/>\n<meta property=\"article:modified_time\" content=\"2017-06-16T10:40:07+00:00\" \/>\n<meta name=\"twitter:card\" content=\"summary_large_image\" \/>\n<meta name=\"twitter:label1\" content=\"Temps estimat de lectura\" \/>\n\t<meta name=\"twitter:data1\" content=\"2 minuts\" \/>\n<script type=\"application\/ld+json\" class=\"yoast-schema-graph\">{\"@context\":\"https:\/\/schema.org\",\"@graph\":[{\"@type\":\"WebPage\",\"@id\":\"https:\/\/progeo-cga.com\/ca\/projectes\/tunels-i-obres-subterranies-projectes\/tunel-placa-de-les-glories\/\",\"url\":\"https:\/\/progeo-cga.com\/ca\/projectes\/tunels-i-obres-subterranies-projectes\/tunel-placa-de-les-glories\/\",\"name\":\"T\u00fanel de la Pla\u00e7a de les Gl\u00f2ries | PRO GEO Geotechnical Consultants\",\"isPartOf\":{\"@id\":\"https:\/\/progeo-cga.com\/#website\"},\"datePublished\":\"2017-01-09T11:39:43+00:00\",\"dateModified\":\"2017-06-16T10:40:07+00:00\",\"description\":\"PRO GEO va assumir les feines de consultoria geot\u00e8cnica, hidrol\u00f2gica i estructural del t\u00fanel de la Pla\u00e7a de les Gl\u00f2ries de Barcelona.\",\"breadcrumb\":{\"@id\":\"https:\/\/progeo-cga.com\/ca\/projectes\/tunels-i-obres-subterranies-projectes\/tunel-placa-de-les-glories\/#breadcrumb\"},\"inLanguage\":\"ca\",\"potentialAction\":[{\"@type\":\"ReadAction\",\"target\":[\"https:\/\/progeo-cga.com\/ca\/projectes\/tunels-i-obres-subterranies-projectes\/tunel-placa-de-les-glories\/\"]}]},{\"@type\":\"BreadcrumbList\",\"@id\":\"https:\/\/progeo-cga.com\/ca\/projectes\/tunels-i-obres-subterranies-projectes\/tunel-placa-de-les-glories\/#breadcrumb\",\"itemListElement\":[{\"@type\":\"ListItem\",\"position\":1,\"name\":\"Home\",\"item\":\"https:\/\/progeo-cga.com\/ca\/\"},{\"@type\":\"ListItem\",\"position\":2,\"name\":\"Projectes\",\"item\":\"https:\/\/progeo-cga.com\/ca\/projectes\/\"},{\"@type\":\"ListItem\",\"position\":3,\"name\":\"T\u00daNELS &#8211; PROJECTES\",\"item\":\"https:\/\/progeo-cga.com\/ca\/projectes\/tunels-i-obres-subterranies-projectes\/\"},{\"@type\":\"ListItem\",\"position\":4,\"name\":\"T\u00daNEL PLA\u00c7A DE LES GL\u00d2RIES, BARCELONA (ESPA\u00d1A, 2016)\"}]},{\"@type\":\"WebSite\",\"@id\":\"https:\/\/progeo-cga.com\/#website\",\"url\":\"https:\/\/progeo-cga.com\/\",\"name\":\"PRO GEO\",\"description\":\"GEOTECHNICAL CONSULTANTS\",\"potentialAction\":[{\"@type\":\"SearchAction\",\"target\":{\"@type\":\"EntryPoint\",\"urlTemplate\":\"https:\/\/progeo-cga.com\/?s={search_term_string}\"},\"query-input\":{\"@type\":\"PropertyValueSpecification\",\"valueRequired\":true,\"valueName\":\"search_term_string\"}}],\"inLanguage\":\"ca\"}]}<\/script>\n<!-- \/ Yoast SEO plugin. -->","yoast_head_json":{"title":"T\u00fanel de la Pla\u00e7a de les Gl\u00f2ries | PRO GEO Geotechnical Consultants","description":"PRO GEO va assumir les feines de consultoria geot\u00e8cnica, hidrol\u00f2gica i estructural del t\u00fanel de la Pla\u00e7a de les Gl\u00f2ries de Barcelona.","robots":{"index":"index","follow":"follow","max-snippet":"max-snippet:-1","max-image-preview":"max-image-preview:large","max-video-preview":"max-video-preview:-1"},"canonical":"https:\/\/progeo-cga.com\/ca\/projectes\/tunels-i-obres-subterranies-projectes\/tunel-placa-de-les-glories\/","og_locale":"ca_ES","og_type":"article","og_title":"T\u00fanel de la Pla\u00e7a de les Gl\u00f2ries | PRO GEO Geotechnical Consultants","og_description":"PRO GEO va assumir les feines de consultoria geot\u00e8cnica, hidrol\u00f2gica i estructural del t\u00fanel de la Pla\u00e7a de les Gl\u00f2ries de Barcelona.","og_url":"https:\/\/progeo-cga.com\/ca\/projectes\/tunels-i-obres-subterranies-projectes\/tunel-placa-de-les-glories\/","og_site_name":"PRO GEO","article_modified_time":"2017-06-16T10:40:07+00:00","twitter_card":"summary_large_image","twitter_misc":{"Temps estimat de lectura":"2 minuts"},"schema":{"@context":"https:\/\/schema.org","@graph":[{"@type":"WebPage","@id":"https:\/\/progeo-cga.com\/ca\/projectes\/tunels-i-obres-subterranies-projectes\/tunel-placa-de-les-glories\/","url":"https:\/\/progeo-cga.com\/ca\/projectes\/tunels-i-obres-subterranies-projectes\/tunel-placa-de-les-glories\/","name":"T\u00fanel de la Pla\u00e7a de les Gl\u00f2ries | PRO GEO Geotechnical Consultants","isPartOf":{"@id":"https:\/\/progeo-cga.com\/#website"},"datePublished":"2017-01-09T11:39:43+00:00","dateModified":"2017-06-16T10:40:07+00:00","description":"PRO GEO va assumir les feines de consultoria geot\u00e8cnica, hidrol\u00f2gica i estructural del t\u00fanel de la Pla\u00e7a de les Gl\u00f2ries de Barcelona.","breadcrumb":{"@id":"https:\/\/progeo-cga.com\/ca\/projectes\/tunels-i-obres-subterranies-projectes\/tunel-placa-de-les-glories\/#breadcrumb"},"inLanguage":"ca","potentialAction":[{"@type":"ReadAction","target":["https:\/\/progeo-cga.com\/ca\/projectes\/tunels-i-obres-subterranies-projectes\/tunel-placa-de-les-glories\/"]}]},{"@type":"BreadcrumbList","@id":"https:\/\/progeo-cga.com\/ca\/projectes\/tunels-i-obres-subterranies-projectes\/tunel-placa-de-les-glories\/#breadcrumb","itemListElement":[{"@type":"ListItem","position":1,"name":"Home","item":"https:\/\/progeo-cga.com\/ca\/"},{"@type":"ListItem","position":2,"name":"Projectes","item":"https:\/\/progeo-cga.com\/ca\/projectes\/"},{"@type":"ListItem","position":3,"name":"T\u00daNELS &#8211; PROJECTES","item":"https:\/\/progeo-cga.com\/ca\/projectes\/tunels-i-obres-subterranies-projectes\/"},{"@type":"ListItem","position":4,"name":"T\u00daNEL PLA\u00c7A DE LES GL\u00d2RIES, BARCELONA (ESPA\u00d1A, 2016)"}]},{"@type":"WebSite","@id":"https:\/\/progeo-cga.com\/#website","url":"https:\/\/progeo-cga.com\/","name":"PRO GEO","description":"GEOTECHNICAL CONSULTANTS","potentialAction":[{"@type":"SearchAction","target":{"@type":"EntryPoint","urlTemplate":"https:\/\/progeo-cga.com\/?s={search_term_string}"},"query-input":{"@type":"PropertyValueSpecification","valueRequired":true,"valueName":"search_term_string"}}],"inLanguage":"ca"}]}},"_links":{"self":[{"href":"https:\/\/progeo-cga.com\/ca\/wp-json\/wp\/v2\/pages\/768","targetHints":{"allow":["GET"]}}],"collection":[{"href":"https:\/\/progeo-cga.com\/ca\/wp-json\/wp\/v2\/pages"}],"about":[{"href":"https:\/\/progeo-cga.com\/ca\/wp-json\/wp\/v2\/types\/page"}],"author":[{"embeddable":true,"href":"https:\/\/progeo-cga.com\/ca\/wp-json\/wp\/v2\/users\/1"}],"replies":[{"embeddable":true,"href":"https:\/\/progeo-cga.com\/ca\/wp-json\/wp\/v2\/comments?post=768"}],"version-history":[{"count":7,"href":"https:\/\/progeo-cga.com\/ca\/wp-json\/wp\/v2\/pages\/768\/revisions"}],"predecessor-version":[{"id":1194,"href":"https:\/\/progeo-cga.com\/ca\/wp-json\/wp\/v2\/pages\/768\/revisions\/1194"}],"up":[{"embeddable":true,"href":"https:\/\/progeo-cga.com\/ca\/wp-json\/wp\/v2\/pages\/1681"}],"wp:attachment":[{"href":"https:\/\/progeo-cga.com\/ca\/wp-json\/wp\/v2\/media?parent=768"}],"curies":[{"name":"wp","href":"https:\/\/api.w.org\/{rel}","templated":true}]}}