{"id":763,"date":"2017-01-05T11:09:30","date_gmt":"2017-01-05T11:09:30","guid":{"rendered":"http:\/\/progeo.winworldev.es\/projectes\/muelle-de-sao-jose-do-norte-brasil-2013-2015\/"},"modified":"2017-12-18T09:23:21","modified_gmt":"2017-12-18T09:23:21","slug":"moll-de-sao-jose-do-norte","status":"publish","type":"page","link":"https:\/\/progeo-cga.com\/ca\/projectes\/ports-projectes\/moll-de-sao-jose-do-norte\/","title":{"rendered":"MOLL DE S\u00c3O JOS\u00c9 DO NORTE"},"content":{"rendered":"[vc_row row_type=&#8221;3&#8243; blox_image=&#8221;240&#8243; blox_dark=&#8221;true&#8221; row_pattern=&#8221;max-pat&#8221;][vc_column][vc_empty_space height=&#8221;260px&#8221;][vc_column_text]\n<p class=\"head-nosotros\">MOLL DE S\u00c3O JOS\u00c9 DO NORTE (BRASIL, 2013-2015)<\/p>\n[\/vc_column_text][vc_empty_space height=&#8221;260px&#8221;][\/vc_column][\/vc_row][vc_row][vc_column][vc_empty_space height=&#8221;60px&#8221;][vc_row_inner][vc_column_inner width=&#8221;1\/2&#8243;][vc_column_text]El moll de S\u00e3o Jos\u00e9 do Norte (Rio Grande do Sul, Brasil) t\u00e9 880 m de llarg i 25 m d&#8217;ample. La profunditat de dragat \u00e9s de 12 m per sota del nivell del mar i ha estat constru\u00eft com a element auxiliar per la construcci\u00f3 de plataformes petrol\u00edferes en alta mar.<\/p>\n<p>Es tracta d\u2019un moll tancat amb pilons excavats de formig\u00f3 i murs pantalla. Una de les caracter\u00edstiques m\u00e9s rellevants d&#8217;aquest disseny s\u00f3n les elevades c\u00e0rregues de disseny de grues (fins a 200 kPa).<\/p>\n<p><strong>La nostra experi\u00e8ncia ha perm\u00e8s una millora rellevant en el disseny anterior del moll.<\/strong>[\/vc_column_text][\/vc_column_inner][vc_column_inner width=&#8221;1\/2&#8243;][vc_column_text]<strong>L&#8217;experi\u00e8ncia en disseny geot\u00e8cnic de PRO GEO<\/strong> ha ajudat a resoldre els seg\u00fcents problemes:<\/p>\n<ul>\n<li>La coordinaci\u00f3 del projecte.<\/li>\n<li>Disseny de la campanya geot\u00e8cnica complement\u00e0ria.<\/li>\n<li>Avaluaci\u00f3 de les possibles t\u00e8cniques de millora del terreny.<\/li>\n<li>Modelitzaci\u00f3 geomec\u00e0nica de les diferents seccions del moll. Interacci\u00f3 s\u00f2l-estructura.<\/li>\n<li>An\u00e0lisi geot\u00e8cnic dels resultats de l\u2019auscultaci\u00f3 geot\u00e8cnica.<\/li>\n<li>Proves de c\u00e0rrega est\u00e0tiques de pilons, predicci\u00f3 i an\u00e0lisi.<\/li>\n<\/ul>\n[\/vc_column_text][\/vc_column_inner][\/vc_row_inner][\/vc_column][\/vc_row][vc_row][vc_column width=&#8221;1\/6&#8243;][\/vc_column][vc_column width=&#8221;2\/3&#8243;][vc_images_carousel images=&#8221;241,242,244,245&#8243; img_size=&#8221;full&#8221; autoplay=&#8221;yes&#8221; wrap=&#8221;yes&#8221;][\/vc_column][vc_column width=&#8221;1\/6&#8243;][\/vc_column][\/vc_row][vc_row][vc_column][vc_empty_space][\/vc_column][\/vc_row]\n","protected":false},"excerpt":{"rendered":"<p>[vc_row row_type=&#8221;3&#8243; blox_image=&#8221;240&#8243; blox_dark=&#8221;true&#8221; row_pattern=&#8221;max-pat&#8221;][vc_column][vc_empty_space height=&#8221;260px&#8221;][vc_column_text] MOLL DE S\u00c3O JOS\u00c9 DO NORTE (BRASIL, 2013-2015) [\/vc_column_text][vc_empty_space height=&#8221;260px&#8221;][\/vc_column][\/vc_row][vc_row][vc_column][vc_empty_space height=&#8221;60px&#8221;][vc_row_inner][vc_column_inner width=&#8221;1\/2&#8243;][vc_column_text]El moll de S\u00e3o Jos\u00e9 do Norte (Rio Grande do Sul, Brasil) t\u00e9 880 m de llarg i 25 m d&#8217;ample. La profunditat de dragat \u00e9s de 12 m per sota del nivell del mar i ha estat constru\u00eft com a element auxiliar per la construcci\u00f3 de plataformes&#8230; <\/p>\n<p><a class=\"readmore\" href=\"https:\/\/progeo-cga.com\/ca\/projectes\/ports-projectes\/moll-de-sao-jose-do-norte\/\">Read More<\/a><\/p>\n","protected":false},"author":1,"featured_media":0,"parent":1679,"menu_order":1,"comment_status":"closed","ping_status":"closed","template":"","meta":{"footnotes":""},"class_list":["post-763","page","type-page","status-publish","hentry"],"yoast_head":"<!-- This site is optimized with the Yoast SEO plugin v24.0 - https:\/\/yoast.com\/wordpress\/plugins\/seo\/ -->\n<title>Moll de Sao Jos\u00e9 Do Norte | PRO GEO Geotechnical Consultants<\/title>\n<meta name=\"description\" content=\"La nostra experi\u00e8ncia ha perm\u00e8s una millora rellevant en el disseny anterior del moll de Sao Jos\u00e9 do Norte, Rio Grande do Sul, Brasil.\" \/>\n<meta name=\"robots\" content=\"index, follow, max-snippet:-1, max-image-preview:large, max-video-preview:-1\" \/>\n<link rel=\"canonical\" href=\"https:\/\/progeo-cga.com\/ca\/projectes\/ports-projectes\/moll-de-sao-jose-do-norte\/\" \/>\n<meta property=\"og:locale\" content=\"ca_ES\" \/>\n<meta property=\"og:type\" content=\"article\" \/>\n<meta property=\"og:title\" content=\"Moll de Sao Jos\u00e9 Do Norte | PRO GEO Geotechnical Consultants\" \/>\n<meta property=\"og:description\" content=\"La nostra experi\u00e8ncia ha perm\u00e8s una millora rellevant en el disseny anterior del moll de Sao Jos\u00e9 do Norte, Rio Grande do Sul, Brasil.\" \/>\n<meta property=\"og:url\" content=\"https:\/\/progeo-cga.com\/ca\/projectes\/ports-projectes\/moll-de-sao-jose-do-norte\/\" \/>\n<meta property=\"og:site_name\" content=\"PRO GEO\" \/>\n<meta property=\"article:modified_time\" content=\"2017-12-18T09:23:21+00:00\" \/>\n<meta name=\"twitter:card\" content=\"summary_large_image\" \/>\n<meta name=\"twitter:label1\" content=\"Temps estimat de lectura\" \/>\n\t<meta name=\"twitter:data1\" content=\"2 minuts\" \/>\n<script type=\"application\/ld+json\" class=\"yoast-schema-graph\">{\"@context\":\"https:\/\/schema.org\",\"@graph\":[{\"@type\":\"WebPage\",\"@id\":\"https:\/\/progeo-cga.com\/ca\/projectes\/ports-projectes\/moll-de-sao-jose-do-norte\/\",\"url\":\"https:\/\/progeo-cga.com\/ca\/projectes\/ports-projectes\/moll-de-sao-jose-do-norte\/\",\"name\":\"Moll de Sao Jos\u00e9 Do Norte | PRO GEO Geotechnical Consultants\",\"isPartOf\":{\"@id\":\"https:\/\/progeo-cga.com\/#website\"},\"datePublished\":\"2017-01-05T11:09:30+00:00\",\"dateModified\":\"2017-12-18T09:23:21+00:00\",\"description\":\"La nostra experi\u00e8ncia ha perm\u00e8s una millora rellevant en el disseny anterior del moll de Sao Jos\u00e9 do Norte, Rio Grande do Sul, Brasil.\",\"breadcrumb\":{\"@id\":\"https:\/\/progeo-cga.com\/ca\/projectes\/ports-projectes\/moll-de-sao-jose-do-norte\/#breadcrumb\"},\"inLanguage\":\"ca\",\"potentialAction\":[{\"@type\":\"ReadAction\",\"target\":[\"https:\/\/progeo-cga.com\/ca\/projectes\/ports-projectes\/moll-de-sao-jose-do-norte\/\"]}]},{\"@type\":\"BreadcrumbList\",\"@id\":\"https:\/\/progeo-cga.com\/ca\/projectes\/ports-projectes\/moll-de-sao-jose-do-norte\/#breadcrumb\",\"itemListElement\":[{\"@type\":\"ListItem\",\"position\":1,\"name\":\"Home\",\"item\":\"https:\/\/progeo-cga.com\/ca\/\"},{\"@type\":\"ListItem\",\"position\":2,\"name\":\"Projectes\",\"item\":\"https:\/\/progeo-cga.com\/ca\/projectes\/\"},{\"@type\":\"ListItem\",\"position\":3,\"name\":\"PORTS &#8211; PROJECTES\",\"item\":\"https:\/\/progeo-cga.com\/ca\/projectes\/ports-projectes\/\"},{\"@type\":\"ListItem\",\"position\":4,\"name\":\"MOLL DE S\u00c3O JOS\u00c9 DO NORTE\"}]},{\"@type\":\"WebSite\",\"@id\":\"https:\/\/progeo-cga.com\/#website\",\"url\":\"https:\/\/progeo-cga.com\/\",\"name\":\"PRO GEO\",\"description\":\"GEOTECHNICAL CONSULTANTS\",\"potentialAction\":[{\"@type\":\"SearchAction\",\"target\":{\"@type\":\"EntryPoint\",\"urlTemplate\":\"https:\/\/progeo-cga.com\/?s={search_term_string}\"},\"query-input\":{\"@type\":\"PropertyValueSpecification\",\"valueRequired\":true,\"valueName\":\"search_term_string\"}}],\"inLanguage\":\"ca\"}]}<\/script>\n<!-- \/ Yoast SEO plugin. -->","yoast_head_json":{"title":"Moll de Sao Jos\u00e9 Do Norte | PRO GEO Geotechnical Consultants","description":"La nostra experi\u00e8ncia ha perm\u00e8s una millora rellevant en el disseny anterior del moll de Sao Jos\u00e9 do Norte, Rio Grande do Sul, Brasil.","robots":{"index":"index","follow":"follow","max-snippet":"max-snippet:-1","max-image-preview":"max-image-preview:large","max-video-preview":"max-video-preview:-1"},"canonical":"https:\/\/progeo-cga.com\/ca\/projectes\/ports-projectes\/moll-de-sao-jose-do-norte\/","og_locale":"ca_ES","og_type":"article","og_title":"Moll de Sao Jos\u00e9 Do Norte | PRO GEO Geotechnical Consultants","og_description":"La nostra experi\u00e8ncia ha perm\u00e8s una millora rellevant en el disseny anterior del moll de Sao Jos\u00e9 do Norte, Rio Grande do Sul, Brasil.","og_url":"https:\/\/progeo-cga.com\/ca\/projectes\/ports-projectes\/moll-de-sao-jose-do-norte\/","og_site_name":"PRO GEO","article_modified_time":"2017-12-18T09:23:21+00:00","twitter_card":"summary_large_image","twitter_misc":{"Temps estimat de lectura":"2 minuts"},"schema":{"@context":"https:\/\/schema.org","@graph":[{"@type":"WebPage","@id":"https:\/\/progeo-cga.com\/ca\/projectes\/ports-projectes\/moll-de-sao-jose-do-norte\/","url":"https:\/\/progeo-cga.com\/ca\/projectes\/ports-projectes\/moll-de-sao-jose-do-norte\/","name":"Moll de Sao Jos\u00e9 Do Norte | PRO GEO Geotechnical Consultants","isPartOf":{"@id":"https:\/\/progeo-cga.com\/#website"},"datePublished":"2017-01-05T11:09:30+00:00","dateModified":"2017-12-18T09:23:21+00:00","description":"La nostra experi\u00e8ncia ha perm\u00e8s una millora rellevant en el disseny anterior del moll de Sao Jos\u00e9 do Norte, Rio Grande do Sul, Brasil.","breadcrumb":{"@id":"https:\/\/progeo-cga.com\/ca\/projectes\/ports-projectes\/moll-de-sao-jose-do-norte\/#breadcrumb"},"inLanguage":"ca","potentialAction":[{"@type":"ReadAction","target":["https:\/\/progeo-cga.com\/ca\/projectes\/ports-projectes\/moll-de-sao-jose-do-norte\/"]}]},{"@type":"BreadcrumbList","@id":"https:\/\/progeo-cga.com\/ca\/projectes\/ports-projectes\/moll-de-sao-jose-do-norte\/#breadcrumb","itemListElement":[{"@type":"ListItem","position":1,"name":"Home","item":"https:\/\/progeo-cga.com\/ca\/"},{"@type":"ListItem","position":2,"name":"Projectes","item":"https:\/\/progeo-cga.com\/ca\/projectes\/"},{"@type":"ListItem","position":3,"name":"PORTS &#8211; PROJECTES","item":"https:\/\/progeo-cga.com\/ca\/projectes\/ports-projectes\/"},{"@type":"ListItem","position":4,"name":"MOLL DE S\u00c3O JOS\u00c9 DO NORTE"}]},{"@type":"WebSite","@id":"https:\/\/progeo-cga.com\/#website","url":"https:\/\/progeo-cga.com\/","name":"PRO GEO","description":"GEOTECHNICAL CONSULTANTS","potentialAction":[{"@type":"SearchAction","target":{"@type":"EntryPoint","urlTemplate":"https:\/\/progeo-cga.com\/?s={search_term_string}"},"query-input":{"@type":"PropertyValueSpecification","valueRequired":true,"valueName":"search_term_string"}}],"inLanguage":"ca"}]}},"_links":{"self":[{"href":"https:\/\/progeo-cga.com\/ca\/wp-json\/wp\/v2\/pages\/763","targetHints":{"allow":["GET"]}}],"collection":[{"href":"https:\/\/progeo-cga.com\/ca\/wp-json\/wp\/v2\/pages"}],"about":[{"href":"https:\/\/progeo-cga.com\/ca\/wp-json\/wp\/v2\/types\/page"}],"author":[{"embeddable":true,"href":"https:\/\/progeo-cga.com\/ca\/wp-json\/wp\/v2\/users\/1"}],"replies":[{"embeddable":true,"href":"https:\/\/progeo-cga.com\/ca\/wp-json\/wp\/v2\/comments?post=763"}],"version-history":[{"count":3,"href":"https:\/\/progeo-cga.com\/ca\/wp-json\/wp\/v2\/pages\/763\/revisions"}],"predecessor-version":[{"id":1503,"href":"https:\/\/progeo-cga.com\/ca\/wp-json\/wp\/v2\/pages\/763\/revisions\/1503"}],"up":[{"embeddable":true,"href":"https:\/\/progeo-cga.com\/ca\/wp-json\/wp\/v2\/pages\/1679"}],"wp:attachment":[{"href":"https:\/\/progeo-cga.com\/ca\/wp-json\/wp\/v2\/media?parent=763"}],"curies":[{"name":"wp","href":"https:\/\/api.w.org\/{rel}","templated":true}]}}