{"id":757,"date":"2017-01-09T10:05:01","date_gmt":"2017-01-09T10:05:01","guid":{"rendered":"http:\/\/progeo.winworldev.es\/projectes\/mina-de-suria\/"},"modified":"2017-12-18T10:28:31","modified_gmt":"2017-12-18T10:28:31","slug":"galeria-de-connexio-de-la-mina-de-suria","status":"publish","type":"page","link":"https:\/\/progeo-cga.com\/ca\/projectes\/tunels-i-obres-subterranies-projectes\/galeria-de-connexio-de-la-mina-de-suria\/","title":{"rendered":"MINA DE S\u00daRIA"},"content":{"rendered":"[vc_row row_type=&#8221;3&#8243; blox_image=&#8221;358&#8243; blox_dark=&#8221;true&#8221; row_pattern=&#8221;max-pat&#8221;][vc_column][vc_empty_space height=&#8221;260px&#8221;][vc_column_text]\n<p class=\"head-nosotros\">GALERIA DE CONNEXI\u00d3 DE LA MINA DE S\u00daRIA (ESPANYA, 2016)<\/p>\n[\/vc_column_text][vc_empty_space height=&#8221;260px&#8221;][\/vc_column][\/vc_row][vc_row][vc_column][vc_empty_space height=&#8221;60px&#8221;][vc_row_inner][vc_column_inner width=&#8221;1\/2&#8243;][vc_column_text]La galeria de connexi\u00f3 de la <a href=\"https:\/\/minasdesuria.wordpress.com\/\" target=\"_blank\" rel=\"noopener noreferrer\">Mina de S\u00faria<\/a> (Bages, Barcelona) connecta la Mina de Cabanasas fins les instal\u00b7lacions de tractament de material explotat. La galeria t\u00e9 4700 m de longitud i 800 m de desnivell.<\/p>\n<p>Entre altres q\u00fcestions, la nostra contribuci\u00f3 ha ajudat a la <strong>verificaci\u00f3 del sosteniment<\/strong> dissenyat pels diferents tipus de condicions geom\u00e8triques i geot\u00e8cniques.[\/vc_column_text][\/vc_column_inner][vc_column_inner width=&#8221;1\/2&#8243;][vc_column_text]<strong>L&#8217;experi\u00e8ncia en disseny d\u2019obres subterr\u00e0nies de PRO GEO<\/strong> ha ajudat als nostres clients en els seg\u00fcents aspectes:<\/p>\n<ul>\n<li>Avaluaci\u00f3 del disseny del sosteniment a curt i a llarg termini a partir de modelitzacions en 3D i 2D.<\/li>\n<li>Propostes en la millora dels dissenys pels diferents tipus de sosteniment.<\/li>\n<\/ul>\n[\/vc_column_text][\/vc_column_inner][\/vc_row_inner][\/vc_column][\/vc_row][vc_row][vc_column width=&#8221;1\/6&#8243;][\/vc_column][vc_column width=&#8221;2\/3&#8243;][vc_images_carousel images=&#8221;692,693,694,695,696&#8243; img_size=&#8221;full&#8221; onclick=&#8221;link_no&#8221;][\/vc_column][vc_column width=&#8221;1\/6&#8243;][\/vc_column][\/vc_row][vc_row][vc_column][vc_empty_space][\/vc_column][\/vc_row]\n","protected":false},"excerpt":{"rendered":"<p>[vc_row row_type=&#8221;3&#8243; blox_image=&#8221;358&#8243; blox_dark=&#8221;true&#8221; row_pattern=&#8221;max-pat&#8221;][vc_column][vc_empty_space height=&#8221;260px&#8221;][vc_column_text] GALERIA DE CONNEXI\u00d3 DE LA MINA DE S\u00daRIA (ESPANYA, 2016) [\/vc_column_text][vc_empty_space height=&#8221;260px&#8221;][\/vc_column][\/vc_row][vc_row][vc_column][vc_empty_space height=&#8221;60px&#8221;][vc_row_inner][vc_column_inner width=&#8221;1\/2&#8243;][vc_column_text]La galeria de connexi\u00f3 de la Mina de S\u00faria (Bages, Barcelona) connecta la Mina de Cabanasas fins les instal\u00b7lacions de tractament de material explotat. La galeria t\u00e9 4700 m de longitud i 800 m de desnivell. Entre altres q\u00fcestions, la nostra contribuci\u00f3 ha ajudat a la&#8230; <\/p>\n<p><a class=\"readmore\" href=\"https:\/\/progeo-cga.com\/ca\/projectes\/tunels-i-obres-subterranies-projectes\/galeria-de-connexio-de-la-mina-de-suria\/\">Read More<\/a><\/p>\n","protected":false},"author":1,"featured_media":0,"parent":1681,"menu_order":6,"comment_status":"closed","ping_status":"closed","template":"","meta":{"footnotes":""},"class_list":["post-757","page","type-page","status-publish","hentry"],"yoast_head":"<!-- This site is optimized with the Yoast SEO plugin v24.0 - https:\/\/yoast.com\/wordpress\/plugins\/seo\/ -->\n<title>Galeria de connexi\u00f3 de la mina de S\u00faria | PRO GEO Geotechnical Consultants<\/title>\n<meta name=\"description\" content=\"PRO GEO ha ajudat a la verificaci\u00f3 del sosteniment dissenyat pels diferents tipus de condicions de la galeria de connexi\u00f3 de la mina de S\u00faria.\" \/>\n<meta name=\"robots\" content=\"index, follow, max-snippet:-1, max-image-preview:large, max-video-preview:-1\" \/>\n<link rel=\"canonical\" href=\"https:\/\/progeo-cga.com\/ca\/projectes\/tunels-i-obres-subterranies-projectes\/galeria-de-connexio-de-la-mina-de-suria\/\" \/>\n<meta property=\"og:locale\" content=\"ca_ES\" \/>\n<meta property=\"og:type\" content=\"article\" \/>\n<meta property=\"og:title\" content=\"Galeria de connexi\u00f3 de la mina de S\u00faria | PRO GEO Geotechnical Consultants\" \/>\n<meta property=\"og:description\" content=\"PRO GEO ha ajudat a la verificaci\u00f3 del sosteniment dissenyat pels diferents tipus de condicions de la galeria de connexi\u00f3 de la mina de S\u00faria.\" \/>\n<meta property=\"og:url\" content=\"https:\/\/progeo-cga.com\/ca\/projectes\/tunels-i-obres-subterranies-projectes\/galeria-de-connexio-de-la-mina-de-suria\/\" \/>\n<meta property=\"og:site_name\" content=\"PRO GEO\" \/>\n<meta property=\"article:modified_time\" content=\"2017-12-18T10:28:31+00:00\" \/>\n<meta name=\"twitter:card\" content=\"summary_large_image\" \/>\n<meta name=\"twitter:label1\" content=\"Temps estimat de lectura\" \/>\n\t<meta name=\"twitter:data1\" content=\"1 minut\" \/>\n<script type=\"application\/ld+json\" class=\"yoast-schema-graph\">{\"@context\":\"https:\/\/schema.org\",\"@graph\":[{\"@type\":\"WebPage\",\"@id\":\"https:\/\/progeo-cga.com\/ca\/projectes\/tunels-i-obres-subterranies-projectes\/galeria-de-connexio-de-la-mina-de-suria\/\",\"url\":\"https:\/\/progeo-cga.com\/ca\/projectes\/tunels-i-obres-subterranies-projectes\/galeria-de-connexio-de-la-mina-de-suria\/\",\"name\":\"Galeria de connexi\u00f3 de la mina de S\u00faria | PRO GEO Geotechnical Consultants\",\"isPartOf\":{\"@id\":\"https:\/\/progeo-cga.com\/#website\"},\"datePublished\":\"2017-01-09T10:05:01+00:00\",\"dateModified\":\"2017-12-18T10:28:31+00:00\",\"description\":\"PRO GEO ha ajudat a la verificaci\u00f3 del sosteniment dissenyat pels diferents tipus de condicions de la galeria de connexi\u00f3 de la mina de S\u00faria.\",\"breadcrumb\":{\"@id\":\"https:\/\/progeo-cga.com\/ca\/projectes\/tunels-i-obres-subterranies-projectes\/galeria-de-connexio-de-la-mina-de-suria\/#breadcrumb\"},\"inLanguage\":\"ca\",\"potentialAction\":[{\"@type\":\"ReadAction\",\"target\":[\"https:\/\/progeo-cga.com\/ca\/projectes\/tunels-i-obres-subterranies-projectes\/galeria-de-connexio-de-la-mina-de-suria\/\"]}]},{\"@type\":\"BreadcrumbList\",\"@id\":\"https:\/\/progeo-cga.com\/ca\/projectes\/tunels-i-obres-subterranies-projectes\/galeria-de-connexio-de-la-mina-de-suria\/#breadcrumb\",\"itemListElement\":[{\"@type\":\"ListItem\",\"position\":1,\"name\":\"Home\",\"item\":\"https:\/\/progeo-cga.com\/ca\/\"},{\"@type\":\"ListItem\",\"position\":2,\"name\":\"Projectes\",\"item\":\"https:\/\/progeo-cga.com\/ca\/projectes\/\"},{\"@type\":\"ListItem\",\"position\":3,\"name\":\"T\u00daNELS &#8211; PROJECTES\",\"item\":\"https:\/\/progeo-cga.com\/ca\/projectes\/tunels-i-obres-subterranies-projectes\/\"},{\"@type\":\"ListItem\",\"position\":4,\"name\":\"MINA DE S\u00daRIA\"}]},{\"@type\":\"WebSite\",\"@id\":\"https:\/\/progeo-cga.com\/#website\",\"url\":\"https:\/\/progeo-cga.com\/\",\"name\":\"PRO GEO\",\"description\":\"GEOTECHNICAL CONSULTANTS\",\"potentialAction\":[{\"@type\":\"SearchAction\",\"target\":{\"@type\":\"EntryPoint\",\"urlTemplate\":\"https:\/\/progeo-cga.com\/?s={search_term_string}\"},\"query-input\":{\"@type\":\"PropertyValueSpecification\",\"valueRequired\":true,\"valueName\":\"search_term_string\"}}],\"inLanguage\":\"ca\"}]}<\/script>\n<!-- \/ Yoast SEO plugin. -->","yoast_head_json":{"title":"Galeria de connexi\u00f3 de la mina de S\u00faria | PRO GEO Geotechnical Consultants","description":"PRO GEO ha ajudat a la verificaci\u00f3 del sosteniment dissenyat pels diferents tipus de condicions de la galeria de connexi\u00f3 de la mina de S\u00faria.","robots":{"index":"index","follow":"follow","max-snippet":"max-snippet:-1","max-image-preview":"max-image-preview:large","max-video-preview":"max-video-preview:-1"},"canonical":"https:\/\/progeo-cga.com\/ca\/projectes\/tunels-i-obres-subterranies-projectes\/galeria-de-connexio-de-la-mina-de-suria\/","og_locale":"ca_ES","og_type":"article","og_title":"Galeria de connexi\u00f3 de la mina de S\u00faria | PRO GEO Geotechnical Consultants","og_description":"PRO GEO ha ajudat a la verificaci\u00f3 del sosteniment dissenyat pels diferents tipus de condicions de la galeria de connexi\u00f3 de la mina de S\u00faria.","og_url":"https:\/\/progeo-cga.com\/ca\/projectes\/tunels-i-obres-subterranies-projectes\/galeria-de-connexio-de-la-mina-de-suria\/","og_site_name":"PRO GEO","article_modified_time":"2017-12-18T10:28:31+00:00","twitter_card":"summary_large_image","twitter_misc":{"Temps estimat de lectura":"1 minut"},"schema":{"@context":"https:\/\/schema.org","@graph":[{"@type":"WebPage","@id":"https:\/\/progeo-cga.com\/ca\/projectes\/tunels-i-obres-subterranies-projectes\/galeria-de-connexio-de-la-mina-de-suria\/","url":"https:\/\/progeo-cga.com\/ca\/projectes\/tunels-i-obres-subterranies-projectes\/galeria-de-connexio-de-la-mina-de-suria\/","name":"Galeria de connexi\u00f3 de la mina de S\u00faria | PRO GEO Geotechnical Consultants","isPartOf":{"@id":"https:\/\/progeo-cga.com\/#website"},"datePublished":"2017-01-09T10:05:01+00:00","dateModified":"2017-12-18T10:28:31+00:00","description":"PRO GEO ha ajudat a la verificaci\u00f3 del sosteniment dissenyat pels diferents tipus de condicions de la galeria de connexi\u00f3 de la mina de S\u00faria.","breadcrumb":{"@id":"https:\/\/progeo-cga.com\/ca\/projectes\/tunels-i-obres-subterranies-projectes\/galeria-de-connexio-de-la-mina-de-suria\/#breadcrumb"},"inLanguage":"ca","potentialAction":[{"@type":"ReadAction","target":["https:\/\/progeo-cga.com\/ca\/projectes\/tunels-i-obres-subterranies-projectes\/galeria-de-connexio-de-la-mina-de-suria\/"]}]},{"@type":"BreadcrumbList","@id":"https:\/\/progeo-cga.com\/ca\/projectes\/tunels-i-obres-subterranies-projectes\/galeria-de-connexio-de-la-mina-de-suria\/#breadcrumb","itemListElement":[{"@type":"ListItem","position":1,"name":"Home","item":"https:\/\/progeo-cga.com\/ca\/"},{"@type":"ListItem","position":2,"name":"Projectes","item":"https:\/\/progeo-cga.com\/ca\/projectes\/"},{"@type":"ListItem","position":3,"name":"T\u00daNELS &#8211; PROJECTES","item":"https:\/\/progeo-cga.com\/ca\/projectes\/tunels-i-obres-subterranies-projectes\/"},{"@type":"ListItem","position":4,"name":"MINA DE S\u00daRIA"}]},{"@type":"WebSite","@id":"https:\/\/progeo-cga.com\/#website","url":"https:\/\/progeo-cga.com\/","name":"PRO GEO","description":"GEOTECHNICAL CONSULTANTS","potentialAction":[{"@type":"SearchAction","target":{"@type":"EntryPoint","urlTemplate":"https:\/\/progeo-cga.com\/?s={search_term_string}"},"query-input":{"@type":"PropertyValueSpecification","valueRequired":true,"valueName":"search_term_string"}}],"inLanguage":"ca"}]}},"_links":{"self":[{"href":"https:\/\/progeo-cga.com\/ca\/wp-json\/wp\/v2\/pages\/757","targetHints":{"allow":["GET"]}}],"collection":[{"href":"https:\/\/progeo-cga.com\/ca\/wp-json\/wp\/v2\/pages"}],"about":[{"href":"https:\/\/progeo-cga.com\/ca\/wp-json\/wp\/v2\/types\/page"}],"author":[{"embeddable":true,"href":"https:\/\/progeo-cga.com\/ca\/wp-json\/wp\/v2\/users\/1"}],"replies":[{"embeddable":true,"href":"https:\/\/progeo-cga.com\/ca\/wp-json\/wp\/v2\/comments?post=757"}],"version-history":[{"count":4,"href":"https:\/\/progeo-cga.com\/ca\/wp-json\/wp\/v2\/pages\/757\/revisions"}],"predecessor-version":[{"id":1510,"href":"https:\/\/progeo-cga.com\/ca\/wp-json\/wp\/v2\/pages\/757\/revisions\/1510"}],"up":[{"embeddable":true,"href":"https:\/\/progeo-cga.com\/ca\/wp-json\/wp\/v2\/pages\/1681"}],"wp:attachment":[{"href":"https:\/\/progeo-cga.com\/ca\/wp-json\/wp\/v2\/media?parent=757"}],"curies":[{"name":"wp","href":"https:\/\/api.w.org\/{rel}","templated":true}]}}