{"id":749,"date":"2017-01-09T11:50:39","date_gmt":"2017-01-09T11:50:39","guid":{"rendered":"http:\/\/progeo.winworldev.es\/projectes\/linea-3-del-metro-de-ruyadh-arabia-saudi-2014-2016\/"},"modified":"2017-06-15T11:26:07","modified_gmt":"2017-06-15T11:26:07","slug":"linia-3-del-metro-de-riyadh","status":"publish","type":"page","link":"https:\/\/progeo-cga.com\/ca\/projectes\/tunels-i-obres-subterranies-projectes\/linia-3-del-metro-de-riyadh\/","title":{"rendered":"L\u00cdNIA 3 DEL METRO DE RIYADH (AR\u00c0BIA SAUDITA, 2014 &#8211; 2016)"},"content":{"rendered":"[vc_row][vc_column][vc_empty_space height=&#8221;45px&#8221;][vc_column_text]\n<h3>L\u00cdNIA 3 DEL METRO DE RIYADH (AR\u00c0BIA SAUDITA, 2014 &#8211; 2016)<\/h3>\n[\/vc_column_text][vc_separator][\/vc_column][\/vc_row][vc_row][vc_column][vc_row_inner][vc_column_inner width=&#8221;1\/2&#8243;][vc_column_text]La l\u00ednia 3 del metro de Riyadh t\u00e9 una longitud de 41 km i est\u00e0 composada per un t\u00fanel TBM (EPB) i un tram elevat amb viaducte. Al llarg del t\u00fanel del TBM hi ha diverses estacions i altres elements com galeries que estan connectades a pous d\u2019evacuaci\u00f3 i de ventilaci\u00f3.<\/p>\n<p>Entre altres q\u00fcestions, la nostra contribuci\u00f3 ha ajudat al disseny de les fonamentacions del viaducte aix\u00ed com tamb\u00e9 al disseny de les connexions entre t\u00fanel i galeries.[\/vc_column_text][\/vc_column_inner][vc_column_inner width=&#8221;1\/2&#8243;][vc_column_text]<strong>L&#8217;experi\u00e8ncia en disseny d\u2019obres subterr\u00e0nies de PRO GEO<\/strong> ha ajudat als nostres clients en els seg\u00fcents aspectes:<\/p>\n<ul>\n<li>Dimensionament de les fonamentacions superficials i profundes del viaducte.<\/li>\n<li>Modelitzaci\u00f3 geomec\u00e0nica tridimensional detallada de la intersecci\u00f3 entre el t\u00fanel TBM i les galeries de connexi\u00f3 amb el corresponent proc\u00e9s d\u2019excavaci\u00f3 (PLAXIS 3D 2016).<\/li>\n<li>Modelitzacions geomec\u00e0niques bidimensionals de sistemes de bombeig i excavaci\u00f3 dels pous d\u2019evacuaci\u00f3.<\/li>\n<li>Modelitzacions geomec\u00e0niques bidimensionals de galeries de connexi\u00f3. Definici\u00f3 i verificaci\u00f3 del sosteniment.<\/li>\n<li>Modelitzaci\u00f3 geomec\u00e0nica de diversos trams entre pantalles (m\u00e8tode <em>cut and cover<\/em>).<\/li>\n<\/ul>\n[\/vc_column_text][\/vc_column_inner][\/vc_row_inner][vc_empty_space height=&#8221;60px&#8221;][vc_row_inner][vc_column_inner width=&#8221;1\/6&#8243;][\/vc_column_inner][vc_column_inner width=&#8221;2\/3&#8243;][vc_images_carousel images=&#8221;633,634,635,636,637,638,639,640,641,642&#8243; img_size=&#8221;full&#8221;][\/vc_column_inner][vc_column_inner width=&#8221;1\/6&#8243;][\/vc_column_inner][\/vc_row_inner][\/vc_column][\/vc_row][vc_row][vc_column][vc_empty_space][\/vc_column][\/vc_row]\n","protected":false},"excerpt":{"rendered":"<p>[vc_row][vc_column][vc_empty_space height=&#8221;45px&#8221;][vc_column_text] L\u00cdNIA 3 DEL METRO DE RIYADH (AR\u00c0BIA SAUDITA, 2014 &#8211; 2016) [\/vc_column_text][vc_separator][\/vc_column][\/vc_row][vc_row][vc_column][vc_row_inner][vc_column_inner width=&#8221;1\/2&#8243;][vc_column_text]La l\u00ednia 3 del metro de Riyadh t\u00e9 una longitud de 41 km i est\u00e0 composada per un t\u00fanel TBM (EPB) i un tram elevat amb viaducte. Al llarg del t\u00fanel del TBM hi ha diverses estacions i altres elements com galeries que estan connectades a pous d\u2019evacuaci\u00f3 i de ventilaci\u00f3&#8230;. <\/p>\n<p><a class=\"readmore\" href=\"https:\/\/progeo-cga.com\/ca\/projectes\/tunels-i-obres-subterranies-projectes\/linia-3-del-metro-de-riyadh\/\">Read More<\/a><\/p>\n","protected":false},"author":1,"featured_media":0,"parent":1681,"menu_order":4,"comment_status":"closed","ping_status":"closed","template":"","meta":{"footnotes":""},"class_list":["post-749","page","type-page","status-publish","hentry"],"yoast_head":"<!-- This site is optimized with the Yoast SEO plugin v24.0 - https:\/\/yoast.com\/wordpress\/plugins\/seo\/ -->\n<title>L\u00ednia 3 del metro de Riyadh | PRO GEO Geotechnical Consultants<\/title>\n<meta name=\"description\" content=\"PRO GEO ha ajudat al disseny de les fonamentacions del viaducte i tamb\u00e9 de les connexions entre t\u00fanel i galeries de la l\u00ednia 3 del metro de Riyadh.\" \/>\n<meta name=\"robots\" content=\"index, follow, max-snippet:-1, max-image-preview:large, max-video-preview:-1\" \/>\n<link rel=\"canonical\" href=\"https:\/\/progeo-cga.com\/ca\/projectes\/tunels-i-obres-subterranies-projectes\/linia-3-del-metro-de-riyadh\/\" \/>\n<meta property=\"og:locale\" content=\"ca_ES\" \/>\n<meta property=\"og:type\" content=\"article\" \/>\n<meta property=\"og:title\" content=\"L\u00ednia 3 del metro de Riyadh | PRO GEO Geotechnical Consultants\" \/>\n<meta property=\"og:description\" content=\"PRO GEO ha ajudat al disseny de les fonamentacions del viaducte i tamb\u00e9 de les connexions entre t\u00fanel i galeries de la l\u00ednia 3 del metro de Riyadh.\" \/>\n<meta property=\"og:url\" content=\"https:\/\/progeo-cga.com\/ca\/projectes\/tunels-i-obres-subterranies-projectes\/linia-3-del-metro-de-riyadh\/\" \/>\n<meta property=\"og:site_name\" content=\"PRO GEO\" \/>\n<meta property=\"article:modified_time\" content=\"2017-06-15T11:26:07+00:00\" \/>\n<meta name=\"twitter:card\" content=\"summary_large_image\" \/>\n<meta name=\"twitter:label1\" content=\"Temps estimat de lectura\" \/>\n\t<meta name=\"twitter:data1\" content=\"2 minuts\" \/>\n<script type=\"application\/ld+json\" class=\"yoast-schema-graph\">{\"@context\":\"https:\/\/schema.org\",\"@graph\":[{\"@type\":\"WebPage\",\"@id\":\"https:\/\/progeo-cga.com\/ca\/projectes\/tunels-i-obres-subterranies-projectes\/linia-3-del-metro-de-riyadh\/\",\"url\":\"https:\/\/progeo-cga.com\/ca\/projectes\/tunels-i-obres-subterranies-projectes\/linia-3-del-metro-de-riyadh\/\",\"name\":\"L\u00ednia 3 del metro de Riyadh | PRO GEO Geotechnical Consultants\",\"isPartOf\":{\"@id\":\"https:\/\/progeo-cga.com\/#website\"},\"datePublished\":\"2017-01-09T11:50:39+00:00\",\"dateModified\":\"2017-06-15T11:26:07+00:00\",\"description\":\"PRO GEO ha ajudat al disseny de les fonamentacions del viaducte i tamb\u00e9 de les connexions entre t\u00fanel i galeries de la l\u00ednia 3 del metro de Riyadh.\",\"breadcrumb\":{\"@id\":\"https:\/\/progeo-cga.com\/ca\/projectes\/tunels-i-obres-subterranies-projectes\/linia-3-del-metro-de-riyadh\/#breadcrumb\"},\"inLanguage\":\"ca\",\"potentialAction\":[{\"@type\":\"ReadAction\",\"target\":[\"https:\/\/progeo-cga.com\/ca\/projectes\/tunels-i-obres-subterranies-projectes\/linia-3-del-metro-de-riyadh\/\"]}]},{\"@type\":\"BreadcrumbList\",\"@id\":\"https:\/\/progeo-cga.com\/ca\/projectes\/tunels-i-obres-subterranies-projectes\/linia-3-del-metro-de-riyadh\/#breadcrumb\",\"itemListElement\":[{\"@type\":\"ListItem\",\"position\":1,\"name\":\"Home\",\"item\":\"https:\/\/progeo-cga.com\/ca\/\"},{\"@type\":\"ListItem\",\"position\":2,\"name\":\"Projectes\",\"item\":\"https:\/\/progeo-cga.com\/ca\/projectes\/\"},{\"@type\":\"ListItem\",\"position\":3,\"name\":\"T\u00daNELS &#8211; PROJECTES\",\"item\":\"https:\/\/progeo-cga.com\/ca\/projectes\/tunels-i-obres-subterranies-projectes\/\"},{\"@type\":\"ListItem\",\"position\":4,\"name\":\"L\u00cdNIA 3 DEL METRO DE RIYADH (AR\u00c0BIA SAUDITA, 2014 &#8211; 2016)\"}]},{\"@type\":\"WebSite\",\"@id\":\"https:\/\/progeo-cga.com\/#website\",\"url\":\"https:\/\/progeo-cga.com\/\",\"name\":\"PRO GEO\",\"description\":\"GEOTECHNICAL CONSULTANTS\",\"potentialAction\":[{\"@type\":\"SearchAction\",\"target\":{\"@type\":\"EntryPoint\",\"urlTemplate\":\"https:\/\/progeo-cga.com\/?s={search_term_string}\"},\"query-input\":{\"@type\":\"PropertyValueSpecification\",\"valueRequired\":true,\"valueName\":\"search_term_string\"}}],\"inLanguage\":\"ca\"}]}<\/script>\n<!-- \/ Yoast SEO plugin. -->","yoast_head_json":{"title":"L\u00ednia 3 del metro de Riyadh | PRO GEO Geotechnical Consultants","description":"PRO GEO ha ajudat al disseny de les fonamentacions del viaducte i tamb\u00e9 de les connexions entre t\u00fanel i galeries de la l\u00ednia 3 del metro de Riyadh.","robots":{"index":"index","follow":"follow","max-snippet":"max-snippet:-1","max-image-preview":"max-image-preview:large","max-video-preview":"max-video-preview:-1"},"canonical":"https:\/\/progeo-cga.com\/ca\/projectes\/tunels-i-obres-subterranies-projectes\/linia-3-del-metro-de-riyadh\/","og_locale":"ca_ES","og_type":"article","og_title":"L\u00ednia 3 del metro de Riyadh | PRO GEO Geotechnical Consultants","og_description":"PRO GEO ha ajudat al disseny de les fonamentacions del viaducte i tamb\u00e9 de les connexions entre t\u00fanel i galeries de la l\u00ednia 3 del metro de Riyadh.","og_url":"https:\/\/progeo-cga.com\/ca\/projectes\/tunels-i-obres-subterranies-projectes\/linia-3-del-metro-de-riyadh\/","og_site_name":"PRO GEO","article_modified_time":"2017-06-15T11:26:07+00:00","twitter_card":"summary_large_image","twitter_misc":{"Temps estimat de lectura":"2 minuts"},"schema":{"@context":"https:\/\/schema.org","@graph":[{"@type":"WebPage","@id":"https:\/\/progeo-cga.com\/ca\/projectes\/tunels-i-obres-subterranies-projectes\/linia-3-del-metro-de-riyadh\/","url":"https:\/\/progeo-cga.com\/ca\/projectes\/tunels-i-obres-subterranies-projectes\/linia-3-del-metro-de-riyadh\/","name":"L\u00ednia 3 del metro de Riyadh | PRO GEO Geotechnical Consultants","isPartOf":{"@id":"https:\/\/progeo-cga.com\/#website"},"datePublished":"2017-01-09T11:50:39+00:00","dateModified":"2017-06-15T11:26:07+00:00","description":"PRO GEO ha ajudat al disseny de les fonamentacions del viaducte i tamb\u00e9 de les connexions entre t\u00fanel i galeries de la l\u00ednia 3 del metro de Riyadh.","breadcrumb":{"@id":"https:\/\/progeo-cga.com\/ca\/projectes\/tunels-i-obres-subterranies-projectes\/linia-3-del-metro-de-riyadh\/#breadcrumb"},"inLanguage":"ca","potentialAction":[{"@type":"ReadAction","target":["https:\/\/progeo-cga.com\/ca\/projectes\/tunels-i-obres-subterranies-projectes\/linia-3-del-metro-de-riyadh\/"]}]},{"@type":"BreadcrumbList","@id":"https:\/\/progeo-cga.com\/ca\/projectes\/tunels-i-obres-subterranies-projectes\/linia-3-del-metro-de-riyadh\/#breadcrumb","itemListElement":[{"@type":"ListItem","position":1,"name":"Home","item":"https:\/\/progeo-cga.com\/ca\/"},{"@type":"ListItem","position":2,"name":"Projectes","item":"https:\/\/progeo-cga.com\/ca\/projectes\/"},{"@type":"ListItem","position":3,"name":"T\u00daNELS &#8211; PROJECTES","item":"https:\/\/progeo-cga.com\/ca\/projectes\/tunels-i-obres-subterranies-projectes\/"},{"@type":"ListItem","position":4,"name":"L\u00cdNIA 3 DEL METRO DE RIYADH (AR\u00c0BIA SAUDITA, 2014 &#8211; 2016)"}]},{"@type":"WebSite","@id":"https:\/\/progeo-cga.com\/#website","url":"https:\/\/progeo-cga.com\/","name":"PRO GEO","description":"GEOTECHNICAL CONSULTANTS","potentialAction":[{"@type":"SearchAction","target":{"@type":"EntryPoint","urlTemplate":"https:\/\/progeo-cga.com\/?s={search_term_string}"},"query-input":{"@type":"PropertyValueSpecification","valueRequired":true,"valueName":"search_term_string"}}],"inLanguage":"ca"}]}},"_links":{"self":[{"href":"https:\/\/progeo-cga.com\/ca\/wp-json\/wp\/v2\/pages\/749","targetHints":{"allow":["GET"]}}],"collection":[{"href":"https:\/\/progeo-cga.com\/ca\/wp-json\/wp\/v2\/pages"}],"about":[{"href":"https:\/\/progeo-cga.com\/ca\/wp-json\/wp\/v2\/types\/page"}],"author":[{"embeddable":true,"href":"https:\/\/progeo-cga.com\/ca\/wp-json\/wp\/v2\/users\/1"}],"replies":[{"embeddable":true,"href":"https:\/\/progeo-cga.com\/ca\/wp-json\/wp\/v2\/comments?post=749"}],"version-history":[{"count":1,"href":"https:\/\/progeo-cga.com\/ca\/wp-json\/wp\/v2\/pages\/749\/revisions"}],"predecessor-version":[{"id":751,"href":"https:\/\/progeo-cga.com\/ca\/wp-json\/wp\/v2\/pages\/749\/revisions\/751"}],"up":[{"embeddable":true,"href":"https:\/\/progeo-cga.com\/ca\/wp-json\/wp\/v2\/pages\/1681"}],"wp:attachment":[{"href":"https:\/\/progeo-cga.com\/ca\/wp-json\/wp\/v2\/media?parent=749"}],"curies":[{"name":"wp","href":"https:\/\/api.w.org\/{rel}","templated":true}]}}