{"id":731,"date":"2017-01-04T12:31:02","date_gmt":"2017-01-04T12:31:02","guid":{"rendered":"http:\/\/progeo.winworldev.es\/sobre-nosaltres\/colaboradores\/"},"modified":"2021-04-14T15:31:59","modified_gmt":"2021-04-14T15:31:59","slug":"col-laboradors","status":"publish","type":"page","link":"https:\/\/progeo-cga.com\/ca\/sobre-nosaltres\/col-laboradors\/","title":{"rendered":"Col\u00b7laboradors"},"content":{"rendered":"[vc_row][vc_column][vc_empty_space height=&#8221;80px&#8221;][vc_column_text]\n<h3>Col\u00b7laboradors<\/h3>\n[\/vc_column_text][vc_separator][vc_column_text]<strong>PRO GEO <\/strong>t\u00e9 una relaci\u00f3 de col\u00b7laboraci\u00f3 estable amb les seg\u00fcents empreses: [\/vc_column_text][vc_empty_space][vc_row_inner][vc_column_inner width=&#8221;1\/4&#8243;][vc_single_image image=&#8221;1855&#8243; img_size=&#8221;full&#8221; onclick=&#8221;custom_link&#8221; img_link_target=&#8221;_blank&#8221; link=&#8221;https:\/\/eweplus.ca\/inicio\/&#8221;][vc_empty_space][vc_column_text]<a href=\"https:\/\/eweplus.ca\/inicio\/\">Veure lloc web<\/a>[\/vc_column_text][\/vc_column_inner][vc_column_inner width=&#8221;3\/4&#8243;][vc_column_text]\n<h4>EWE+ GENERAL PARTNERSHIP<\/h4>\n<p>EWE+ GENERAL PARTNERSHIP \u00e9s un consorci de tres empreses consultores en enginyeria civil, que es dedica a les activitats de consultor\u00eda estructural i geot\u00e8cnica per tot Canad\u00e0.<br \/>\nEst\u00e0 formada per les seg\u00fcents empreses:[\/vc_column_text][\/vc_column_inner][\/vc_row_inner][vc_row_inner content_placement=&#8221;middle&#8221;][vc_column_inner width=&#8221;1\/6&#8243;][\/vc_column_inner][vc_column_inner width=&#8221;1\/6&#8243;][\/vc_column_inner][vc_column_inner width=&#8221;1\/6&#8243;][vc_single_image image=&#8221;1856&#8243; img_size=&#8221;full&#8221; onclick=&#8221;custom_link&#8221; img_link_target=&#8221;_blank&#8221; link=&#8221;http:\/\/www.ewe-engineering.com\/&#8221;][\/vc_column_inner][vc_column_inner width=&#8221;1\/2&#8243;][vc_separator][vc_column_text]EWE Edge of the World Engineering[\/vc_column_text][\/vc_column_inner][\/vc_row_inner][vc_empty_space][vc_row_inner content_placement=&#8221;middle&#8221;][vc_column_inner width=&#8221;1\/6&#8243;][\/vc_column_inner][vc_column_inner width=&#8221;1\/6&#8243;][\/vc_column_inner][vc_column_inner width=&#8221;1\/6&#8243;][vc_single_image image=&#8221;1804&#8243; img_size=&#8221;full&#8221; onclick=&#8221;custom_link&#8221; img_link_target=&#8221;_blank&#8221; link=&#8221;http:\/\/www.tbtechno.com\/&#8221;][\/vc_column_inner][vc_column_inner width=&#8221;1\/2&#8243;][vc_separator][vc_column_text]TBT Tunnel and Bridge Technologies<br \/>\nFilial canadenca de TBT Tunnel and Bridge Technologies[\/vc_column_text][\/vc_column_inner][\/vc_row_inner][vc_empty_space][vc_row_inner content_placement=&#8221;middle&#8221;][vc_column_inner width=&#8221;1\/6&#8243;][\/vc_column_inner][vc_column_inner width=&#8221;1\/6&#8243;][\/vc_column_inner][vc_column_inner width=&#8221;1\/6&#8243;][vc_single_image image=&#8221;19&#8243; img_size=&#8221;full&#8221; onclick=&#8221;custom_link&#8221; img_link_target=&#8221;_blank&#8221; link=&#8221;http:\/\/progeo-cga.com\/ca\/&#8221;][\/vc_column_inner][vc_column_inner width=&#8221;1\/2&#8243;][vc_separator][vc_column_text]PG Geotechnical Consultants Corporation<br \/>\nFilial canadenca de PROGEO\u00a0Geotechnical Consultants[\/vc_column_text][\/vc_column_inner][\/vc_row_inner][vc_empty_space height=&#8221;150px&#8221;][\/vc_column][\/vc_row]\n","protected":false},"excerpt":{"rendered":"<p>[vc_row][vc_column][vc_empty_space height=&#8221;80px&#8221;][vc_column_text] Col\u00b7laboradors [\/vc_column_text][vc_separator][vc_column_text]PRO GEO t\u00e9 una relaci\u00f3 de col\u00b7laboraci\u00f3 estable amb les seg\u00fcents empreses: [\/vc_column_text][vc_empty_space][vc_row_inner][vc_column_inner width=&#8221;1\/4&#8243;][vc_single_image image=&#8221;1855&#8243; img_size=&#8221;full&#8221; onclick=&#8221;custom_link&#8221; img_link_target=&#8221;_blank&#8221; link=&#8221;https:\/\/eweplus.ca\/inicio\/&#8221;][vc_empty_space][vc_column_text]Veure lloc web[\/vc_column_text][\/vc_column_inner][vc_column_inner width=&#8221;3\/4&#8243;][vc_column_text] EWE+ GENERAL PARTNERSHIP EWE+ GENERAL PARTNERSHIP \u00e9s un consorci de tres empreses consultores en enginyeria civil, que es dedica a les activitats de consultor\u00eda estructural i geot\u00e8cnica per tot Canad\u00e0. Est\u00e0 formada per les seg\u00fcents empreses:[\/vc_column_text][\/vc_column_inner][\/vc_row_inner][vc_row_inner content_placement=&#8221;middle&#8221;][vc_column_inner width=&#8221;1\/6&#8243;][\/vc_column_inner][vc_column_inner width=&#8221;1\/6&#8243;][\/vc_column_inner][vc_column_inner width=&#8221;1\/6&#8243;][vc_single_image&#8230; <\/p>\n<p><a class=\"readmore\" href=\"https:\/\/progeo-cga.com\/ca\/sobre-nosaltres\/col-laboradors\/\">Read More<\/a><\/p>\n","protected":false},"author":1,"featured_media":0,"parent":481,"menu_order":2,"comment_status":"closed","ping_status":"closed","template":"","meta":{"footnotes":""},"class_list":["post-731","page","type-page","status-publish","hentry"],"yoast_head":"<!-- This site is optimized with the Yoast SEO plugin v24.0 - https:\/\/yoast.com\/wordpress\/plugins\/seo\/ -->\n<title>Col\u00b7laboradors PRO GEO- Geotechnical Consultants SL<\/title>\n<meta name=\"description\" content=\"PRO GEO t\u00e9 una relaci\u00f3 de &quot;Col\u00b7laboradors PRO GEO&quot; estable amb l&#039;empresa EWE+ General Partnership, empresa d&#039;enginyeria civil a Canad\u00e0.\" \/>\n<meta name=\"robots\" content=\"index, follow, max-snippet:-1, max-image-preview:large, max-video-preview:-1\" \/>\n<link rel=\"canonical\" href=\"https:\/\/progeo-cga.com\/ca\/sobre-nosaltres\/col-laboradors\/\" \/>\n<meta property=\"og:locale\" content=\"ca_ES\" \/>\n<meta property=\"og:type\" content=\"article\" \/>\n<meta property=\"og:title\" content=\"Col\u00b7laboradors PRO GEO- Geotechnical Consultants SL\" \/>\n<meta property=\"og:description\" content=\"PRO GEO t\u00e9 una relaci\u00f3 de &quot;Col\u00b7laboradors PRO GEO&quot; estable amb l&#039;empresa EWE+ General Partnership, empresa d&#039;enginyeria civil a Canad\u00e0.\" \/>\n<meta property=\"og:url\" content=\"https:\/\/progeo-cga.com\/ca\/sobre-nosaltres\/col-laboradors\/\" \/>\n<meta property=\"og:site_name\" content=\"PRO GEO\" \/>\n<meta property=\"article:modified_time\" content=\"2021-04-14T15:31:59+00:00\" \/>\n<meta name=\"twitter:card\" content=\"summary_large_image\" \/>\n<meta name=\"twitter:label1\" content=\"Temps estimat de lectura\" \/>\n\t<meta name=\"twitter:data1\" content=\"2 minuts\" \/>\n<script type=\"application\/ld+json\" class=\"yoast-schema-graph\">{\"@context\":\"https:\/\/schema.org\",\"@graph\":[{\"@type\":\"WebPage\",\"@id\":\"https:\/\/progeo-cga.com\/ca\/sobre-nosaltres\/col-laboradors\/\",\"url\":\"https:\/\/progeo-cga.com\/ca\/sobre-nosaltres\/col-laboradors\/\",\"name\":\"Col\u00b7laboradors PRO GEO- Geotechnical Consultants SL\",\"isPartOf\":{\"@id\":\"https:\/\/progeo-cga.com\/#website\"},\"datePublished\":\"2017-01-04T12:31:02+00:00\",\"dateModified\":\"2021-04-14T15:31:59+00:00\",\"description\":\"PRO GEO t\u00e9 una relaci\u00f3 de \\\"Col\u00b7laboradors PRO GEO\\\" estable amb l'empresa EWE+ General Partnership, empresa d'enginyeria civil a Canad\u00e0.\",\"breadcrumb\":{\"@id\":\"https:\/\/progeo-cga.com\/ca\/sobre-nosaltres\/col-laboradors\/#breadcrumb\"},\"inLanguage\":\"ca\",\"potentialAction\":[{\"@type\":\"ReadAction\",\"target\":[\"https:\/\/progeo-cga.com\/ca\/sobre-nosaltres\/col-laboradors\/\"]}]},{\"@type\":\"BreadcrumbList\",\"@id\":\"https:\/\/progeo-cga.com\/ca\/sobre-nosaltres\/col-laboradors\/#breadcrumb\",\"itemListElement\":[{\"@type\":\"ListItem\",\"position\":1,\"name\":\"Home\",\"item\":\"https:\/\/progeo-cga.com\/ca\/\"},{\"@type\":\"ListItem\",\"position\":2,\"name\":\"NOSALTRES\",\"item\":\"https:\/\/progeo-cga.com\/ca\/sobre-nosaltres\/\"},{\"@type\":\"ListItem\",\"position\":3,\"name\":\"Col\u00b7laboradors\"}]},{\"@type\":\"WebSite\",\"@id\":\"https:\/\/progeo-cga.com\/#website\",\"url\":\"https:\/\/progeo-cga.com\/\",\"name\":\"PRO GEO\",\"description\":\"GEOTECHNICAL CONSULTANTS\",\"potentialAction\":[{\"@type\":\"SearchAction\",\"target\":{\"@type\":\"EntryPoint\",\"urlTemplate\":\"https:\/\/progeo-cga.com\/?s={search_term_string}\"},\"query-input\":{\"@type\":\"PropertyValueSpecification\",\"valueRequired\":true,\"valueName\":\"search_term_string\"}}],\"inLanguage\":\"ca\"}]}<\/script>\n<!-- \/ Yoast SEO plugin. -->","yoast_head_json":{"title":"Col\u00b7laboradors PRO GEO- Geotechnical Consultants SL","description":"PRO GEO t\u00e9 una relaci\u00f3 de \"Col\u00b7laboradors PRO GEO\" estable amb l'empresa EWE+ General Partnership, empresa d'enginyeria civil a Canad\u00e0.","robots":{"index":"index","follow":"follow","max-snippet":"max-snippet:-1","max-image-preview":"max-image-preview:large","max-video-preview":"max-video-preview:-1"},"canonical":"https:\/\/progeo-cga.com\/ca\/sobre-nosaltres\/col-laboradors\/","og_locale":"ca_ES","og_type":"article","og_title":"Col\u00b7laboradors PRO GEO- Geotechnical Consultants SL","og_description":"PRO GEO t\u00e9 una relaci\u00f3 de \"Col\u00b7laboradors PRO GEO\" estable amb l'empresa EWE+ General Partnership, empresa d'enginyeria civil a Canad\u00e0.","og_url":"https:\/\/progeo-cga.com\/ca\/sobre-nosaltres\/col-laboradors\/","og_site_name":"PRO GEO","article_modified_time":"2021-04-14T15:31:59+00:00","twitter_card":"summary_large_image","twitter_misc":{"Temps estimat de lectura":"2 minuts"},"schema":{"@context":"https:\/\/schema.org","@graph":[{"@type":"WebPage","@id":"https:\/\/progeo-cga.com\/ca\/sobre-nosaltres\/col-laboradors\/","url":"https:\/\/progeo-cga.com\/ca\/sobre-nosaltres\/col-laboradors\/","name":"Col\u00b7laboradors PRO GEO- Geotechnical Consultants SL","isPartOf":{"@id":"https:\/\/progeo-cga.com\/#website"},"datePublished":"2017-01-04T12:31:02+00:00","dateModified":"2021-04-14T15:31:59+00:00","description":"PRO GEO t\u00e9 una relaci\u00f3 de \"Col\u00b7laboradors PRO GEO\" estable amb l'empresa EWE+ General Partnership, empresa d'enginyeria civil a Canad\u00e0.","breadcrumb":{"@id":"https:\/\/progeo-cga.com\/ca\/sobre-nosaltres\/col-laboradors\/#breadcrumb"},"inLanguage":"ca","potentialAction":[{"@type":"ReadAction","target":["https:\/\/progeo-cga.com\/ca\/sobre-nosaltres\/col-laboradors\/"]}]},{"@type":"BreadcrumbList","@id":"https:\/\/progeo-cga.com\/ca\/sobre-nosaltres\/col-laboradors\/#breadcrumb","itemListElement":[{"@type":"ListItem","position":1,"name":"Home","item":"https:\/\/progeo-cga.com\/ca\/"},{"@type":"ListItem","position":2,"name":"NOSALTRES","item":"https:\/\/progeo-cga.com\/ca\/sobre-nosaltres\/"},{"@type":"ListItem","position":3,"name":"Col\u00b7laboradors"}]},{"@type":"WebSite","@id":"https:\/\/progeo-cga.com\/#website","url":"https:\/\/progeo-cga.com\/","name":"PRO GEO","description":"GEOTECHNICAL CONSULTANTS","potentialAction":[{"@type":"SearchAction","target":{"@type":"EntryPoint","urlTemplate":"https:\/\/progeo-cga.com\/?s={search_term_string}"},"query-input":{"@type":"PropertyValueSpecification","valueRequired":true,"valueName":"search_term_string"}}],"inLanguage":"ca"}]}},"_links":{"self":[{"href":"https:\/\/progeo-cga.com\/ca\/wp-json\/wp\/v2\/pages\/731","targetHints":{"allow":["GET"]}}],"collection":[{"href":"https:\/\/progeo-cga.com\/ca\/wp-json\/wp\/v2\/pages"}],"about":[{"href":"https:\/\/progeo-cga.com\/ca\/wp-json\/wp\/v2\/types\/page"}],"author":[{"embeddable":true,"href":"https:\/\/progeo-cga.com\/ca\/wp-json\/wp\/v2\/users\/1"}],"replies":[{"embeddable":true,"href":"https:\/\/progeo-cga.com\/ca\/wp-json\/wp\/v2\/comments?post=731"}],"version-history":[{"count":7,"href":"https:\/\/progeo-cga.com\/ca\/wp-json\/wp\/v2\/pages\/731\/revisions"}],"predecessor-version":[{"id":2724,"href":"https:\/\/progeo-cga.com\/ca\/wp-json\/wp\/v2\/pages\/731\/revisions\/2724"}],"up":[{"embeddable":true,"href":"https:\/\/progeo-cga.com\/ca\/wp-json\/wp\/v2\/pages\/481"}],"wp:attachment":[{"href":"https:\/\/progeo-cga.com\/ca\/wp-json\/wp\/v2\/media?parent=731"}],"curies":[{"name":"wp","href":"https:\/\/api.w.org\/{rel}","templated":true}]}}