{"id":721,"date":"2017-01-04T10:50:14","date_gmt":"2017-01-04T10:50:14","guid":{"rendered":"http:\/\/progeo.winworldev.es\/enlaces\/"},"modified":"2021-04-06T14:12:04","modified_gmt":"2021-04-06T14:12:04","slug":"enllacos","status":"publish","type":"page","link":"https:\/\/progeo-cga.com\/ca\/enllacos\/","title":{"rendered":"Enlla\u00e7os"},"content":{"rendered":"[vc_row][vc_column][vc_empty_space][\/vc_column][\/vc_row][vc_row][vc_column][vc_column_text]\n<h2>Enlla\u00e7os<\/h2>\n[\/vc_column_text][vc_separator][vc_column_text]\n<h3>Societats cient\u00edfiques i t\u00e8cniques<\/h3>\n[\/vc_column_text][vc_separator][vc_empty_space][vc_row_inner][vc_column_inner width=&#8221;1\/4&#8243;][vc_single_image image=&#8221;271&#8243; img_size=&#8221;full&#8221; alignment=&#8221;center&#8221; onclick=&#8221;custom_link&#8221; img_link_target=&#8221;_blank&#8221; link=&#8221;http:\/\/www.issmge.org\/&#8221;][vc_empty_space][vc_column_text]\n<p style=\"text-align: center;\">International society for Soil Mechanics and Geotechnical Engineering.<\/p>\n[\/vc_column_text][\/vc_column_inner][vc_column_inner width=&#8221;1\/4&#8243;][vc_single_image image=&#8221;272&#8243; img_size=&#8221;full&#8221; alignment=&#8221;center&#8221; onclick=&#8221;custom_link&#8221; img_link_target=&#8221;_blank&#8221; link=&#8221;https:\/\/www.isrm.net\/&#8221;][vc_empty_space][vc_column_text]\n<p style=\"text-align: center;\">International Society for Rock Mechanics.<\/p>\n[\/vc_column_text][\/vc_column_inner][vc_column_inner width=&#8221;1\/4&#8243;][vc_single_image image=&#8221;273&#8243; img_size=&#8221;full&#8221; alignment=&#8221;center&#8221; onclick=&#8221;custom_link&#8221; img_link_target=&#8221;_blank&#8221; link=&#8221;http:\/\/www.usgs.gov\/&#8221;][vc_empty_space][vc_column_text]\n<p style=\"text-align: center;\">US Geological Survey.<\/p>\n[\/vc_column_text][\/vc_column_inner][vc_column_inner width=&#8221;1\/4&#8243;][vc_single_image image=&#8221;274&#8243; img_size=&#8221;full&#8221; alignment=&#8221;center&#8221; onclick=&#8221;custom_link&#8221; img_link_target=&#8221;_blank&#8221; link=&#8221;http:\/\/sites.agu.org\/&#8221;][vc_empty_space][vc_column_text]\n<p style=\"text-align: center;\">American Geophysical Union.<\/p>\n[\/vc_column_text][\/vc_column_inner][\/vc_row_inner][vc_row_inner][vc_column_inner width=&#8221;1\/4&#8243;][vc_single_image image=&#8221;276&#8243; img_size=&#8221;full&#8221; alignment=&#8221;center&#8221; onclick=&#8221;custom_link&#8221; img_link_target=&#8221;_blank&#8221; link=&#8221;https:\/\/www.ita-aites.org\/en\/&#8221;][vc_empty_space][vc_column_text]\n<p style=\"text-align: center;\">International Tunneling and Underground Space Association.<\/p>\n[\/vc_column_text][\/vc_column_inner][vc_column_inner width=&#8221;1\/4&#8243;][vc_single_image image=&#8221;277&#8243; img_size=&#8221;full&#8221; alignment=&#8221;center&#8221; onclick=&#8221;custom_link&#8221; img_link_target=&#8221;_blank&#8221; link=&#8221;http:\/\/britishgeotech.org\/&#8221;][vc_empty_space][vc_column_text]\n<p style=\"text-align: center;\">British Geotechnical Association.<\/p>\n[\/vc_column_text][\/vc_column_inner][vc_column_inner width=&#8221;1\/4&#8243;][vc_single_image image=&#8221;278&#8243; img_size=&#8221;full&#8221; alignment=&#8221;center&#8221; onclick=&#8221;custom_link&#8221; img_link_target=&#8221;_blank&#8221; link=&#8221;http:\/\/www.cgs.ca\/&#8221;][vc_empty_space][vc_column_text]\n<p style=\"text-align: center;\">Canadian Geotechnical Society.<\/p>\n[\/vc_column_text][\/vc_column_inner][vc_column_inner width=&#8221;1\/4&#8243;][vc_single_image image=&#8221;279&#8243; img_size=&#8221;full&#8221; alignment=&#8221;center&#8221; onclick=&#8221;custom_link&#8221; img_link_target=&#8221;_blank&#8221; link=&#8221;http:\/\/www.semsig.org\/&#8221;][vc_empty_space][vc_column_text]\n<p style=\"text-align: center;\">Sociedad Espa\u00f1ola de Mec\u00e1nica de Suelo e Ingenier\u00eda Geot\u00e9cnica.<\/p>\n[\/vc_column_text][\/vc_column_inner][\/vc_row_inner][vc_row_inner][vc_column_inner width=&#8221;1\/4&#8243;][vc_single_image image=&#8221;281&#8243; img_size=&#8221;full&#8221; alignment=&#8221;center&#8221; onclick=&#8221;custom_link&#8221; img_link_target=&#8221;_blank&#8221; link=&#8221;https:\/\/www.geothermal-energy.org\/&#8221;][vc_empty_space][vc_column_text]\n<p style=\"text-align: center;\">International Geothermal Association.<\/p>\n[\/vc_column_text][\/vc_column_inner][vc_column_inner width=&#8221;1\/4&#8243;][vc_single_image image=&#8221;1032&#8243; img_size=&#8221;full&#8221; alignment=&#8221;center&#8221; onclick=&#8221;custom_link&#8221; img_link_target=&#8221;_blank&#8221; link=&#8221;https:\/\/www.britishtunnelling.org.uk\/&#8221;][vc_empty_space][vc_column_text]\n<p style=\"text-align: center;\">British Tunnelling Society<\/p>\n[\/vc_column_text][\/vc_column_inner][vc_column_inner width=&#8221;1\/4&#8243;][vc_single_image image=&#8221;282&#8243; img_size=&#8221;full&#8221; alignment=&#8221;center&#8221; onclick=&#8221;custom_link&#8221; img_link_target=&#8221;_blank&#8221; link=&#8221;http:\/\/iaeg.info\/&#8221;][vc_empty_space][vc_column_text]\n<p style=\"text-align: center;\">International Association for Engineering Geology and the Environment.<\/p>\n[\/vc_column_text][\/vc_column_inner][vc_column_inner width=&#8221;1\/4&#8243;][vc_single_image image=&#8221;283&#8243; img_size=&#8221;full&#8221; alignment=&#8221;center&#8221; onclick=&#8221;custom_link&#8221; img_link_target=&#8221;_blank&#8221; link=&#8221;https:\/\/royalsociety.org\/&#8221;][vc_empty_space][vc_column_text]\n<p style=\"text-align: center;\">The Royal Society.<\/p>\n[\/vc_column_text][\/vc_column_inner][\/vc_row_inner][vc_row_inner][vc_column_inner width=&#8221;1\/4&#8243;][vc_single_image image=&#8221;2711&#8243; img_size=&#8221;full&#8221; alignment=&#8221;center&#8221; onclick=&#8221;custom_link&#8221; img_link_target=&#8221;_blank&#8221; link=&#8221;https:\/\/www.tunnelcanada.ca\/&#8221;][vc_empty_space][vc_column_text]\n<p style=\"text-align: center;\">Tunnelling Association of Canada.<\/p>\n[\/vc_column_text][\/vc_column_inner][vc_column_inner width=&#8221;1\/4&#8243;][\/vc_column_inner][vc_column_inner width=&#8221;1\/4&#8243;][\/vc_column_inner][vc_column_inner width=&#8221;1\/4&#8243;][\/vc_column_inner][\/vc_row_inner][\/vc_column][\/vc_row][vc_row][vc_column][vc_separator][vc_column_text]\n<h3>Associacions professionals<\/h3>\n[\/vc_column_text][vc_separator][vc_empty_space][vc_row_inner][vc_column_inner width=&#8221;1\/4&#8243;][vc_single_image image=&#8221;284&#8243; img_size=&#8221;full&#8221; alignment=&#8221;center&#8221; onclick=&#8221;custom_link&#8221; img_link_target=&#8221;_blank&#8221; link=&#8221;http:\/\/www.asce.org\/&#8221;][vc_empty_space][vc_column_text]\n<p style=\"text-align: center;\">American Society of Civil Engineers.<\/p>\n[\/vc_column_text][\/vc_column_inner][vc_column_inner width=&#8221;1\/4&#8243;][vc_single_image image=&#8221;285&#8243; img_size=&#8221;full&#8221; alignment=&#8221;center&#8221; onclick=&#8221;custom_link&#8221; img_link_target=&#8221;_blank&#8221; link=&#8221;https:\/\/www.ice.org.uk\/&#8221;][vc_empty_space][vc_column_text]\n<p style=\"text-align: center;\">Institution of Civil Engineers.<\/p>\n[\/vc_column_text][\/vc_column_inner][vc_column_inner width=&#8221;1\/4&#8243;][vc_single_image image=&#8221;286&#8243; img_size=&#8221;full&#8221; alignment=&#8221;center&#8221; onclick=&#8221;custom_link&#8221; img_link_target=&#8221;_blank&#8221; link=&#8221;http:\/\/www.engc.org.uk\/&#8221;][vc_empty_space][vc_column_text]\n<p style=\"text-align: center;\">The Engineering Council.<\/p>\n[\/vc_column_text][\/vc_column_inner][vc_column_inner width=&#8221;1\/4&#8243;][vc_single_image image=&#8221;287&#8243; img_size=&#8221;full&#8221; alignment=&#8221;center&#8221; onclick=&#8221;custom_link&#8221; img_link_target=&#8221;_blank&#8221; link=&#8221;https:\/\/www.apega.ca\/&#8221;][vc_empty_space][vc_column_text]\n<p style=\"text-align: center;\">Association of Professional Engineers and Geoscientists of Alberta.<\/p>\n[\/vc_column_text][\/vc_column_inner][\/vc_row_inner][vc_row_inner][vc_column_inner width=&#8221;1\/4&#8243;][vc_single_image image=&#8221;288&#8243; img_size=&#8221;full&#8221; alignment=&#8221;center&#8221; onclick=&#8221;custom_link&#8221; img_link_target=&#8221;_blank&#8221; link=&#8221;https:\/\/csce.ca\/&#8221;][vc_empty_space][vc_column_text]\n<p style=\"text-align: center;\">Canadian Society for Civil Engineering.<\/p>\n[\/vc_column_text][\/vc_column_inner][vc_column_inner width=&#8221;1\/4&#8243;][vc_single_image image=&#8221;289&#8243; img_size=&#8221;full&#8221; alignment=&#8221;center&#8221; onclick=&#8221;custom_link&#8221; img_link_target=&#8221;_blank&#8221; link=&#8221;http:\/\/www2.ciccp.es\/&#8221;][vc_empty_space][vc_column_text]\n<p style=\"text-align: center;\">Colegio de Ingenieros de Caminos, Canales y Puertos.<\/p>\n[\/vc_column_text][\/vc_column_inner][vc_column_inner width=&#8221;1\/4&#8243;][vc_single_image image=&#8221;1730&#8243; img_size=&#8221;full&#8221; alignment=&#8221;center&#8221; onclick=&#8221;custom_link&#8221; img_link_target=&#8221;_blank&#8221; link=&#8221;https:\/\/www.peo.on.ca\/&#8221;][vc_empty_space][vc_column_text]\n<p style=\"text-align: center;\">Professional Engineers Ontario.<\/p>\n[\/vc_column_text][\/vc_column_inner][vc_column_inner width=&#8221;1\/4&#8243;][vc_single_image image=&#8221;2713&#8243; img_size=&#8221;full&#8221; alignment=&#8221;center&#8221; onclick=&#8221;custom_link&#8221; img_link_target=&#8221;_blank&#8221; link=&#8221;https:\/\/www.eic.cat\/&#8221;][vc_empty_space][vc_column_text]\n<p style=\"text-align: center;\">Enginyers Industrials de Catalunya.<\/p>\n[\/vc_column_text][\/vc_column_inner][\/vc_row_inner][\/vc_column][\/vc_row][vc_row][vc_column][vc_separator][vc_column_text]\n<h3>Altres<\/h3>\n[\/vc_column_text][vc_separator][vc_row_inner][vc_column_inner width=&#8221;1\/4&#8243;][vc_single_image image=&#8221;291&#8243; img_size=&#8221;full&#8221; alignment=&#8221;center&#8221; onclick=&#8221;custom_link&#8221; img_link_target=&#8221;_blank&#8221; link=&#8221;https:\/\/www.iter.org\/&#8221;][vc_empty_space][vc_column_text]\n<p style=\"text-align: center;\">ITER project.<\/p>\n[\/vc_column_text][\/vc_column_inner][vc_column_inner width=&#8221;1\/4&#8243;][vc_single_image image=&#8221;292&#8243; img_size=&#8221;full&#8221; alignment=&#8221;center&#8221; onclick=&#8221;custom_link&#8221; img_link_target=&#8221;_blank&#8221; link=&#8221;http:\/\/www.grimsel.com\/&#8221;][vc_empty_space][vc_column_text]\n<p style=\"text-align: center;\">Grimsel Test Site.<\/p>\n[\/vc_column_text][\/vc_column_inner][vc_column_inner width=&#8221;1\/4&#8243;][vc_single_image image=&#8221;293&#8243; img_size=&#8221;full&#8221; alignment=&#8221;center&#8221; onclick=&#8221;custom_link&#8221; img_link_target=&#8221;_blank&#8221; link=&#8221;http:\/\/www.thomastelford.com\/&#8221;][vc_empty_space][vc_column_text]\n<p style=\"text-align: center;\">Thomas Telford Publishing<strong>.<\/strong><\/p>\n[\/vc_column_text][\/vc_column_inner][vc_column_inner width=&#8221;1\/4&#8243;][\/vc_column_inner][\/vc_row_inner][\/vc_column][\/vc_row][vc_row][vc_column][vc_empty_space][\/vc_column][\/vc_row]\n","protected":false},"excerpt":{"rendered":"<p>[vc_row][vc_column][vc_empty_space][\/vc_column][\/vc_row][vc_row][vc_column][vc_column_text] Enlla\u00e7os [\/vc_column_text][vc_separator][vc_column_text] Societats cient\u00edfiques i t\u00e8cniques [\/vc_column_text][vc_separator][vc_empty_space][vc_row_inner][vc_column_inner width=&#8221;1\/4&#8243;][vc_single_image image=&#8221;271&#8243; img_size=&#8221;full&#8221; alignment=&#8221;center&#8221; onclick=&#8221;custom_link&#8221; img_link_target=&#8221;_blank&#8221; link=&#8221;http:\/\/www.issmge.org\/&#8221;][vc_empty_space][vc_column_text] International society for Soil Mechanics and Geotechnical Engineering. [\/vc_column_text][\/vc_column_inner][vc_column_inner width=&#8221;1\/4&#8243;][vc_single_image image=&#8221;272&#8243; img_size=&#8221;full&#8221; alignment=&#8221;center&#8221; onclick=&#8221;custom_link&#8221; img_link_target=&#8221;_blank&#8221; link=&#8221;https:\/\/www.isrm.net\/&#8221;][vc_empty_space][vc_column_text] International Society for Rock Mechanics. [\/vc_column_text][\/vc_column_inner][vc_column_inner width=&#8221;1\/4&#8243;][vc_single_image image=&#8221;273&#8243; img_size=&#8221;full&#8221; alignment=&#8221;center&#8221; onclick=&#8221;custom_link&#8221; img_link_target=&#8221;_blank&#8221; link=&#8221;http:\/\/www.usgs.gov\/&#8221;][vc_empty_space][vc_column_text] US Geological Survey. [\/vc_column_text][\/vc_column_inner][vc_column_inner width=&#8221;1\/4&#8243;][vc_single_image image=&#8221;274&#8243; img_size=&#8221;full&#8221; alignment=&#8221;center&#8221; onclick=&#8221;custom_link&#8221; img_link_target=&#8221;_blank&#8221; link=&#8221;http:\/\/sites.agu.org\/&#8221;][vc_empty_space][vc_column_text] American Geophysical Union. [\/vc_column_text][\/vc_column_inner][\/vc_row_inner][vc_row_inner][vc_column_inner width=&#8221;1\/4&#8243;][vc_single_image image=&#8221;276&#8243; img_size=&#8221;full&#8221; alignment=&#8221;center&#8221; onclick=&#8221;custom_link&#8221; img_link_target=&#8221;_blank&#8221;&#8230; <\/p>\n<p><a class=\"readmore\" href=\"https:\/\/progeo-cga.com\/ca\/enllacos\/\">Read More<\/a><\/p>\n","protected":false},"author":1,"featured_media":0,"parent":0,"menu_order":5,"comment_status":"closed","ping_status":"closed","template":"","meta":{"footnotes":""},"class_list":["post-721","page","type-page","status-publish","hentry"],"yoast_head":"<!-- This site is optimized with the Yoast SEO plugin v24.0 - https:\/\/yoast.com\/wordpress\/plugins\/seo\/ -->\n<title>Enlla\u00e7os PRO GEO - Geotechnical Consultants SL<\/title>\n<meta name=\"description\" content=\"Enlla\u00e7os PRO GEO Geotechnical Consultants: Societats cient\u00edfiques i t\u00e8cniques, Associacions professionals i d&#039;altres.\" \/>\n<meta name=\"robots\" content=\"index, follow, max-snippet:-1, max-image-preview:large, max-video-preview:-1\" \/>\n<link rel=\"canonical\" href=\"https:\/\/progeo-cga.com\/ca\/enllacos\/\" \/>\n<meta property=\"og:locale\" content=\"ca_ES\" \/>\n<meta property=\"og:type\" content=\"article\" \/>\n<meta property=\"og:title\" content=\"Enlla\u00e7os PRO GEO - Geotechnical Consultants SL\" \/>\n<meta property=\"og:description\" content=\"Enlla\u00e7os PRO GEO Geotechnical Consultants: Societats cient\u00edfiques i t\u00e8cniques, Associacions professionals i d&#039;altres.\" \/>\n<meta property=\"og:url\" content=\"https:\/\/progeo-cga.com\/ca\/enllacos\/\" \/>\n<meta property=\"og:site_name\" content=\"PRO GEO\" \/>\n<meta property=\"article:modified_time\" content=\"2021-04-06T14:12:04+00:00\" \/>\n<meta name=\"twitter:card\" content=\"summary_large_image\" \/>\n<meta name=\"twitter:label1\" content=\"Temps estimat de lectura\" \/>\n\t<meta name=\"twitter:data1\" content=\"6 minuts\" \/>\n<script type=\"application\/ld+json\" class=\"yoast-schema-graph\">{\"@context\":\"https:\/\/schema.org\",\"@graph\":[{\"@type\":\"WebPage\",\"@id\":\"https:\/\/progeo-cga.com\/ca\/enllacos\/\",\"url\":\"https:\/\/progeo-cga.com\/ca\/enllacos\/\",\"name\":\"Enlla\u00e7os PRO GEO - Geotechnical Consultants SL\",\"isPartOf\":{\"@id\":\"https:\/\/progeo-cga.com\/#website\"},\"datePublished\":\"2017-01-04T10:50:14+00:00\",\"dateModified\":\"2021-04-06T14:12:04+00:00\",\"description\":\"Enlla\u00e7os PRO GEO Geotechnical Consultants: Societats cient\u00edfiques i t\u00e8cniques, Associacions professionals i d'altres.\",\"breadcrumb\":{\"@id\":\"https:\/\/progeo-cga.com\/ca\/enllacos\/#breadcrumb\"},\"inLanguage\":\"ca\",\"potentialAction\":[{\"@type\":\"ReadAction\",\"target\":[\"https:\/\/progeo-cga.com\/ca\/enllacos\/\"]}]},{\"@type\":\"BreadcrumbList\",\"@id\":\"https:\/\/progeo-cga.com\/ca\/enllacos\/#breadcrumb\",\"itemListElement\":[{\"@type\":\"ListItem\",\"position\":1,\"name\":\"Home\",\"item\":\"https:\/\/progeo-cga.com\/ca\/\"},{\"@type\":\"ListItem\",\"position\":2,\"name\":\"Enlla\u00e7os\"}]},{\"@type\":\"WebSite\",\"@id\":\"https:\/\/progeo-cga.com\/#website\",\"url\":\"https:\/\/progeo-cga.com\/\",\"name\":\"PRO GEO\",\"description\":\"GEOTECHNICAL CONSULTANTS\",\"potentialAction\":[{\"@type\":\"SearchAction\",\"target\":{\"@type\":\"EntryPoint\",\"urlTemplate\":\"https:\/\/progeo-cga.com\/?s={search_term_string}\"},\"query-input\":{\"@type\":\"PropertyValueSpecification\",\"valueRequired\":true,\"valueName\":\"search_term_string\"}}],\"inLanguage\":\"ca\"}]}<\/script>\n<!-- \/ Yoast SEO plugin. -->","yoast_head_json":{"title":"Enlla\u00e7os PRO GEO - Geotechnical Consultants SL","description":"Enlla\u00e7os PRO GEO Geotechnical Consultants: Societats cient\u00edfiques i t\u00e8cniques, Associacions professionals i d'altres.","robots":{"index":"index","follow":"follow","max-snippet":"max-snippet:-1","max-image-preview":"max-image-preview:large","max-video-preview":"max-video-preview:-1"},"canonical":"https:\/\/progeo-cga.com\/ca\/enllacos\/","og_locale":"ca_ES","og_type":"article","og_title":"Enlla\u00e7os PRO GEO - Geotechnical Consultants SL","og_description":"Enlla\u00e7os PRO GEO Geotechnical Consultants: Societats cient\u00edfiques i t\u00e8cniques, Associacions professionals i d'altres.","og_url":"https:\/\/progeo-cga.com\/ca\/enllacos\/","og_site_name":"PRO GEO","article_modified_time":"2021-04-06T14:12:04+00:00","twitter_card":"summary_large_image","twitter_misc":{"Temps estimat de lectura":"6 minuts"},"schema":{"@context":"https:\/\/schema.org","@graph":[{"@type":"WebPage","@id":"https:\/\/progeo-cga.com\/ca\/enllacos\/","url":"https:\/\/progeo-cga.com\/ca\/enllacos\/","name":"Enlla\u00e7os PRO GEO - Geotechnical Consultants SL","isPartOf":{"@id":"https:\/\/progeo-cga.com\/#website"},"datePublished":"2017-01-04T10:50:14+00:00","dateModified":"2021-04-06T14:12:04+00:00","description":"Enlla\u00e7os PRO GEO Geotechnical Consultants: Societats cient\u00edfiques i t\u00e8cniques, Associacions professionals i d'altres.","breadcrumb":{"@id":"https:\/\/progeo-cga.com\/ca\/enllacos\/#breadcrumb"},"inLanguage":"ca","potentialAction":[{"@type":"ReadAction","target":["https:\/\/progeo-cga.com\/ca\/enllacos\/"]}]},{"@type":"BreadcrumbList","@id":"https:\/\/progeo-cga.com\/ca\/enllacos\/#breadcrumb","itemListElement":[{"@type":"ListItem","position":1,"name":"Home","item":"https:\/\/progeo-cga.com\/ca\/"},{"@type":"ListItem","position":2,"name":"Enlla\u00e7os"}]},{"@type":"WebSite","@id":"https:\/\/progeo-cga.com\/#website","url":"https:\/\/progeo-cga.com\/","name":"PRO GEO","description":"GEOTECHNICAL CONSULTANTS","potentialAction":[{"@type":"SearchAction","target":{"@type":"EntryPoint","urlTemplate":"https:\/\/progeo-cga.com\/?s={search_term_string}"},"query-input":{"@type":"PropertyValueSpecification","valueRequired":true,"valueName":"search_term_string"}}],"inLanguage":"ca"}]}},"_links":{"self":[{"href":"https:\/\/progeo-cga.com\/ca\/wp-json\/wp\/v2\/pages\/721","targetHints":{"allow":["GET"]}}],"collection":[{"href":"https:\/\/progeo-cga.com\/ca\/wp-json\/wp\/v2\/pages"}],"about":[{"href":"https:\/\/progeo-cga.com\/ca\/wp-json\/wp\/v2\/types\/page"}],"author":[{"embeddable":true,"href":"https:\/\/progeo-cga.com\/ca\/wp-json\/wp\/v2\/users\/1"}],"replies":[{"embeddable":true,"href":"https:\/\/progeo-cga.com\/ca\/wp-json\/wp\/v2\/comments?post=721"}],"version-history":[{"count":11,"href":"https:\/\/progeo-cga.com\/ca\/wp-json\/wp\/v2\/pages\/721\/revisions"}],"predecessor-version":[{"id":2715,"href":"https:\/\/progeo-cga.com\/ca\/wp-json\/wp\/v2\/pages\/721\/revisions\/2715"}],"wp:attachment":[{"href":"https:\/\/progeo-cga.com\/ca\/wp-json\/wp\/v2\/media?parent=721"}],"curies":[{"name":"wp","href":"https:\/\/api.w.org\/{rel}","templated":true}]}}