{"id":495,"date":"2017-01-04T14:44:54","date_gmt":"2017-01-04T14:44:54","guid":{"rendered":"http:\/\/progeo.winworldev.es\/sobre-nosaltres\/software-y-politica-de-calidad\/"},"modified":"2017-06-14T16:53:49","modified_gmt":"2017-06-14T16:53:49","slug":"software-i-politica-de-qualitat","status":"publish","type":"page","link":"https:\/\/progeo-cga.com\/ca\/sobre-nosaltres\/software-i-politica-de-qualitat\/","title":{"rendered":"Software i Pol\u00edtica de Qualitat"},"content":{"rendered":"[vc_row row_type=&#8221;3&#8243; blox_image=&#8221;131&#8243;][vc_column][vc_empty_space height=&#8221;260px&#8221;][vc_column_text]\n<p class=\"head-nosotros\">Software i Pol\u00edtica de Qualitat<\/p>\n[\/vc_column_text][vc_empty_space height=&#8221;260px&#8221;][\/vc_column][\/vc_row][vc_row][vc_column][vc_empty_space height=&#8221;50px&#8221;][vc_column_text]\n<div class=\"listado-nosotros\">\n<p>PRO GEO ha invertit el capital necessari per tal d&#8217;obtenir els millors programes geot\u00e8cnics disponibles actualment: Plaxis 2D i 3D, Mides GTS, CODE_BRIGHT, FLAC 3D o la fam\u00edlia de programes de la empresa canadenca Rocscience. Considerem aquests programes com a assistents importants en el nostre disseny diari. No obstant aix\u00f2, <strong>el criteri i l&#8217;experi\u00e8ncia<\/strong> del nostre equip \u00e9s considerat com l&#8217;actiu m\u00e9s important de la companyia.<\/p>\n<p>A m\u00e9s, PRO GEO t\u00e9 una pol\u00edtica de qualitat basada en <strong>la t\u00e8cnica de <em>double checking<\/em><\/strong>. Aquesta estrat\u00e8gia t\u00e9 com a objectiu obtenir dissenys fiables i minimitzar els errors.<\/p>\n<\/div>\n[\/vc_column_text][\/vc_column][\/vc_row][vc_row][vc_column][vc_empty_space][\/vc_column][\/vc_row]\n","protected":false},"excerpt":{"rendered":"<p>[vc_row row_type=&#8221;3&#8243; blox_image=&#8221;131&#8243;][vc_column][vc_empty_space height=&#8221;260px&#8221;][vc_column_text] Software i Pol\u00edtica de Qualitat [\/vc_column_text][vc_empty_space height=&#8221;260px&#8221;][\/vc_column][\/vc_row][vc_row][vc_column][vc_empty_space height=&#8221;50px&#8221;][vc_column_text] PRO GEO ha invertit el capital necessari per tal d&#8217;obtenir els millors programes geot\u00e8cnics disponibles actualment: Plaxis 2D i 3D, Mides GTS, CODE_BRIGHT, FLAC 3D o la fam\u00edlia de programes de la empresa canadenca Rocscience. Considerem aquests programes com a assistents importants en el nostre disseny diari. No obstant aix\u00f2, el criteri i&#8230; <\/p>\n<p><a class=\"readmore\" href=\"https:\/\/progeo-cga.com\/ca\/sobre-nosaltres\/software-i-politica-de-qualitat\/\">Read More<\/a><\/p>\n","protected":false},"author":1,"featured_media":0,"parent":481,"menu_order":5,"comment_status":"closed","ping_status":"closed","template":"","meta":{"footnotes":""},"class_list":["post-495","page","type-page","status-publish","hentry"],"yoast_head":"<!-- This site is optimized with the Yoast SEO plugin v24.0 - https:\/\/yoast.com\/wordpress\/plugins\/seo\/ -->\n<title>Software i Pol\u00edtica de Qualitat PRO GEO - Geotechnical Consultants<\/title>\n<meta name=\"description\" content=\"En termes de Software i Pol\u00edtica de Qualitat PRO GEO dispon dels programes geot\u00e8cnics: Plaxis 2D i 3D, Mides GTS, CODE_BRIGHT, FLAC 3D i Rocscience.\" \/>\n<meta name=\"robots\" content=\"index, follow, max-snippet:-1, max-image-preview:large, max-video-preview:-1\" \/>\n<link rel=\"canonical\" href=\"https:\/\/progeo-cga.com\/ca\/sobre-nosaltres\/software-i-politica-de-qualitat\/\" \/>\n<meta property=\"og:locale\" content=\"ca_ES\" \/>\n<meta property=\"og:type\" content=\"article\" \/>\n<meta property=\"og:title\" content=\"Software i Pol\u00edtica de Qualitat PRO GEO - Geotechnical Consultants\" \/>\n<meta property=\"og:description\" content=\"En termes de Software i Pol\u00edtica de Qualitat PRO GEO dispon dels programes geot\u00e8cnics: Plaxis 2D i 3D, Mides GTS, CODE_BRIGHT, FLAC 3D i Rocscience.\" \/>\n<meta property=\"og:url\" content=\"https:\/\/progeo-cga.com\/ca\/sobre-nosaltres\/software-i-politica-de-qualitat\/\" \/>\n<meta property=\"og:site_name\" content=\"PRO GEO\" \/>\n<meta property=\"article:modified_time\" content=\"2017-06-14T16:53:49+00:00\" \/>\n<meta name=\"twitter:card\" content=\"summary_large_image\" \/>\n<meta name=\"twitter:label1\" content=\"Temps estimat de lectura\" \/>\n\t<meta name=\"twitter:data1\" content=\"1 minut\" \/>\n<script type=\"application\/ld+json\" class=\"yoast-schema-graph\">{\"@context\":\"https:\/\/schema.org\",\"@graph\":[{\"@type\":\"WebPage\",\"@id\":\"https:\/\/progeo-cga.com\/ca\/sobre-nosaltres\/software-i-politica-de-qualitat\/\",\"url\":\"https:\/\/progeo-cga.com\/ca\/sobre-nosaltres\/software-i-politica-de-qualitat\/\",\"name\":\"Software i Pol\u00edtica de Qualitat PRO GEO - Geotechnical Consultants\",\"isPartOf\":{\"@id\":\"https:\/\/progeo-cga.com\/#website\"},\"datePublished\":\"2017-01-04T14:44:54+00:00\",\"dateModified\":\"2017-06-14T16:53:49+00:00\",\"description\":\"En termes de Software i Pol\u00edtica de Qualitat PRO GEO dispon dels programes geot\u00e8cnics: Plaxis 2D i 3D, Mides GTS, CODE_BRIGHT, FLAC 3D i Rocscience.\",\"breadcrumb\":{\"@id\":\"https:\/\/progeo-cga.com\/ca\/sobre-nosaltres\/software-i-politica-de-qualitat\/#breadcrumb\"},\"inLanguage\":\"ca\",\"potentialAction\":[{\"@type\":\"ReadAction\",\"target\":[\"https:\/\/progeo-cga.com\/ca\/sobre-nosaltres\/software-i-politica-de-qualitat\/\"]}]},{\"@type\":\"BreadcrumbList\",\"@id\":\"https:\/\/progeo-cga.com\/ca\/sobre-nosaltres\/software-i-politica-de-qualitat\/#breadcrumb\",\"itemListElement\":[{\"@type\":\"ListItem\",\"position\":1,\"name\":\"Home\",\"item\":\"https:\/\/progeo-cga.com\/ca\/\"},{\"@type\":\"ListItem\",\"position\":2,\"name\":\"NOSALTRES\",\"item\":\"https:\/\/progeo-cga.com\/ca\/sobre-nosaltres\/\"},{\"@type\":\"ListItem\",\"position\":3,\"name\":\"Software i Pol\u00edtica de Qualitat\"}]},{\"@type\":\"WebSite\",\"@id\":\"https:\/\/progeo-cga.com\/#website\",\"url\":\"https:\/\/progeo-cga.com\/\",\"name\":\"PRO GEO\",\"description\":\"GEOTECHNICAL CONSULTANTS\",\"potentialAction\":[{\"@type\":\"SearchAction\",\"target\":{\"@type\":\"EntryPoint\",\"urlTemplate\":\"https:\/\/progeo-cga.com\/?s={search_term_string}\"},\"query-input\":{\"@type\":\"PropertyValueSpecification\",\"valueRequired\":true,\"valueName\":\"search_term_string\"}}],\"inLanguage\":\"ca\"}]}<\/script>\n<!-- \/ Yoast SEO plugin. -->","yoast_head_json":{"title":"Software i Pol\u00edtica de Qualitat PRO GEO - Geotechnical Consultants","description":"En termes de Software i Pol\u00edtica de Qualitat PRO GEO dispon dels programes geot\u00e8cnics: Plaxis 2D i 3D, Mides GTS, CODE_BRIGHT, FLAC 3D i Rocscience.","robots":{"index":"index","follow":"follow","max-snippet":"max-snippet:-1","max-image-preview":"max-image-preview:large","max-video-preview":"max-video-preview:-1"},"canonical":"https:\/\/progeo-cga.com\/ca\/sobre-nosaltres\/software-i-politica-de-qualitat\/","og_locale":"ca_ES","og_type":"article","og_title":"Software i Pol\u00edtica de Qualitat PRO GEO - Geotechnical Consultants","og_description":"En termes de Software i Pol\u00edtica de Qualitat PRO GEO dispon dels programes geot\u00e8cnics: Plaxis 2D i 3D, Mides GTS, CODE_BRIGHT, FLAC 3D i Rocscience.","og_url":"https:\/\/progeo-cga.com\/ca\/sobre-nosaltres\/software-i-politica-de-qualitat\/","og_site_name":"PRO GEO","article_modified_time":"2017-06-14T16:53:49+00:00","twitter_card":"summary_large_image","twitter_misc":{"Temps estimat de lectura":"1 minut"},"schema":{"@context":"https:\/\/schema.org","@graph":[{"@type":"WebPage","@id":"https:\/\/progeo-cga.com\/ca\/sobre-nosaltres\/software-i-politica-de-qualitat\/","url":"https:\/\/progeo-cga.com\/ca\/sobre-nosaltres\/software-i-politica-de-qualitat\/","name":"Software i Pol\u00edtica de Qualitat PRO GEO - Geotechnical Consultants","isPartOf":{"@id":"https:\/\/progeo-cga.com\/#website"},"datePublished":"2017-01-04T14:44:54+00:00","dateModified":"2017-06-14T16:53:49+00:00","description":"En termes de Software i Pol\u00edtica de Qualitat PRO GEO dispon dels programes geot\u00e8cnics: Plaxis 2D i 3D, Mides GTS, CODE_BRIGHT, FLAC 3D i Rocscience.","breadcrumb":{"@id":"https:\/\/progeo-cga.com\/ca\/sobre-nosaltres\/software-i-politica-de-qualitat\/#breadcrumb"},"inLanguage":"ca","potentialAction":[{"@type":"ReadAction","target":["https:\/\/progeo-cga.com\/ca\/sobre-nosaltres\/software-i-politica-de-qualitat\/"]}]},{"@type":"BreadcrumbList","@id":"https:\/\/progeo-cga.com\/ca\/sobre-nosaltres\/software-i-politica-de-qualitat\/#breadcrumb","itemListElement":[{"@type":"ListItem","position":1,"name":"Home","item":"https:\/\/progeo-cga.com\/ca\/"},{"@type":"ListItem","position":2,"name":"NOSALTRES","item":"https:\/\/progeo-cga.com\/ca\/sobre-nosaltres\/"},{"@type":"ListItem","position":3,"name":"Software i Pol\u00edtica de Qualitat"}]},{"@type":"WebSite","@id":"https:\/\/progeo-cga.com\/#website","url":"https:\/\/progeo-cga.com\/","name":"PRO GEO","description":"GEOTECHNICAL CONSULTANTS","potentialAction":[{"@type":"SearchAction","target":{"@type":"EntryPoint","urlTemplate":"https:\/\/progeo-cga.com\/?s={search_term_string}"},"query-input":{"@type":"PropertyValueSpecification","valueRequired":true,"valueName":"search_term_string"}}],"inLanguage":"ca"}]}},"_links":{"self":[{"href":"https:\/\/progeo-cga.com\/ca\/wp-json\/wp\/v2\/pages\/495","targetHints":{"allow":["GET"]}}],"collection":[{"href":"https:\/\/progeo-cga.com\/ca\/wp-json\/wp\/v2\/pages"}],"about":[{"href":"https:\/\/progeo-cga.com\/ca\/wp-json\/wp\/v2\/types\/page"}],"author":[{"embeddable":true,"href":"https:\/\/progeo-cga.com\/ca\/wp-json\/wp\/v2\/users\/1"}],"replies":[{"embeddable":true,"href":"https:\/\/progeo-cga.com\/ca\/wp-json\/wp\/v2\/comments?post=495"}],"version-history":[{"count":2,"href":"https:\/\/progeo-cga.com\/ca\/wp-json\/wp\/v2\/pages\/495\/revisions"}],"predecessor-version":[{"id":497,"href":"https:\/\/progeo-cga.com\/ca\/wp-json\/wp\/v2\/pages\/495\/revisions\/497"}],"up":[{"embeddable":true,"href":"https:\/\/progeo-cga.com\/ca\/wp-json\/wp\/v2\/pages\/481"}],"wp:attachment":[{"href":"https:\/\/progeo-cga.com\/ca\/wp-json\/wp\/v2\/media?parent=495"}],"curies":[{"name":"wp","href":"https:\/\/api.w.org\/{rel}","templated":true}]}}