{"id":491,"date":"2017-01-04T12:31:15","date_gmt":"2017-01-04T12:31:15","guid":{"rendered":"http:\/\/progeo.winworldev.es\/sobre-nosaltres\/rdi\/"},"modified":"2021-03-02T10:23:35","modified_gmt":"2021-03-02T10:23:35","slug":"rdi","status":"publish","type":"page","link":"https:\/\/progeo-cga.com\/ca\/sobre-nosaltres\/rdi\/","title":{"rendered":"R+D+i"},"content":{"rendered":"[vc_row row_type=&#8221;3&#8243; blox_image=&#8221;123&#8243;][vc_column][vc_empty_space height=&#8221;260px&#8221;][vc_column_text]\n<p class=\"head-nosotros\">R+D+i<\/p>\n[\/vc_column_text][vc_empty_space height=&#8221;260px&#8221;][\/vc_column][\/vc_row][vc_row][vc_column][vc_empty_space height=&#8221;50px&#8221;][vc_column_text]\n<div class=\"listado-nosotros\">\n<p>PRO GEO ha participat en alguns consorcis dirigits al desenvolupament de R+D+I en geomec\u00e0nica i geoci\u00e8ncies.<\/p>\n<p>El nostre equip t\u00e8cnic va col\u00b7laborar en el <strong>projecte de recerca de CIMAVA<\/strong> (dirigit a desenvolupar un nou concepte de fonamentacions profundes), en el\u00a0<strong>projecte TUNEL<\/strong> (an\u00e0lisi del comportament s\u00edsmic d&#8217;estructures enterrades) i en el projecte <strong>ALBEPAV<\/strong>\u00a0(dirigit a estudiar el comportament t\u00e8rmic dels paviments i reduir l\u2019efecte \u201cilla de calor\u201d a les \u00e0rees urbanes).<\/p>\n<\/div>\n[\/vc_column_text][\/vc_column][\/vc_row][vc_row][vc_column][vc_empty_space][\/vc_column][\/vc_row]\n","protected":false},"excerpt":{"rendered":"<p>[vc_row row_type=&#8221;3&#8243; blox_image=&#8221;123&#8243;][vc_column][vc_empty_space height=&#8221;260px&#8221;][vc_column_text] R+D+i [\/vc_column_text][vc_empty_space height=&#8221;260px&#8221;][\/vc_column][\/vc_row][vc_row][vc_column][vc_empty_space height=&#8221;50px&#8221;][vc_column_text] PRO GEO ha participat en alguns consorcis dirigits al desenvolupament de R+D+I en geomec\u00e0nica i geoci\u00e8ncies. El nostre equip t\u00e8cnic va col\u00b7laborar en el projecte de recerca de CIMAVA (dirigit a desenvolupar un nou concepte de fonamentacions profundes), en el\u00a0projecte TUNEL (an\u00e0lisi del comportament s\u00edsmic d&#8217;estructures enterrades) i en el projecte ALBEPAV\u00a0(dirigit a estudiar el comportament t\u00e8rmic&#8230; <\/p>\n<p><a class=\"readmore\" href=\"https:\/\/progeo-cga.com\/ca\/sobre-nosaltres\/rdi\/\">Read More<\/a><\/p>\n","protected":false},"author":1,"featured_media":0,"parent":481,"menu_order":3,"comment_status":"closed","ping_status":"closed","template":"","meta":{"footnotes":""},"class_list":["post-491","page","type-page","status-publish","hentry"],"yoast_head":"<!-- This site is optimized with the Yoast SEO plugin v24.0 - https:\/\/yoast.com\/wordpress\/plugins\/seo\/ -->\n<title>R+D+I PRO GEO - Geotechnical Consultants S.L.<\/title>\n<meta name=\"description\" content=\"L&#039;equip de PRO GEO Geotechnical Consultants col\u00b7labora en els projectes de recerca (R+D+i PRO GEO) de CIMAVA, TUNEL i ALBEPAV.\" \/>\n<meta name=\"robots\" content=\"index, follow, max-snippet:-1, max-image-preview:large, max-video-preview:-1\" \/>\n<link rel=\"canonical\" href=\"https:\/\/progeo-cga.com\/ca\/sobre-nosaltres\/rdi\/\" \/>\n<meta property=\"og:locale\" content=\"ca_ES\" \/>\n<meta property=\"og:type\" content=\"article\" \/>\n<meta property=\"og:title\" content=\"R+D+I PRO GEO - Geotechnical Consultants S.L.\" \/>\n<meta property=\"og:description\" content=\"L&#039;equip de PRO GEO Geotechnical Consultants col\u00b7labora en els projectes de recerca (R+D+i PRO GEO) de CIMAVA, TUNEL i ALBEPAV.\" \/>\n<meta property=\"og:url\" content=\"https:\/\/progeo-cga.com\/ca\/sobre-nosaltres\/rdi\/\" \/>\n<meta property=\"og:site_name\" content=\"PRO GEO\" \/>\n<meta property=\"article:modified_time\" content=\"2021-03-02T10:23:35+00:00\" \/>\n<meta name=\"twitter:card\" content=\"summary_large_image\" \/>\n<meta name=\"twitter:label1\" content=\"Temps estimat de lectura\" \/>\n\t<meta name=\"twitter:data1\" content=\"1 minut\" \/>\n<script type=\"application\/ld+json\" class=\"yoast-schema-graph\">{\"@context\":\"https:\/\/schema.org\",\"@graph\":[{\"@type\":\"WebPage\",\"@id\":\"https:\/\/progeo-cga.com\/ca\/sobre-nosaltres\/rdi\/\",\"url\":\"https:\/\/progeo-cga.com\/ca\/sobre-nosaltres\/rdi\/\",\"name\":\"R+D+I PRO GEO - Geotechnical Consultants S.L.\",\"isPartOf\":{\"@id\":\"https:\/\/progeo-cga.com\/#website\"},\"datePublished\":\"2017-01-04T12:31:15+00:00\",\"dateModified\":\"2021-03-02T10:23:35+00:00\",\"description\":\"L'equip de PRO GEO Geotechnical Consultants col\u00b7labora en els projectes de recerca (R+D+i PRO GEO) de CIMAVA, TUNEL i ALBEPAV.\",\"breadcrumb\":{\"@id\":\"https:\/\/progeo-cga.com\/ca\/sobre-nosaltres\/rdi\/#breadcrumb\"},\"inLanguage\":\"ca\",\"potentialAction\":[{\"@type\":\"ReadAction\",\"target\":[\"https:\/\/progeo-cga.com\/ca\/sobre-nosaltres\/rdi\/\"]}]},{\"@type\":\"BreadcrumbList\",\"@id\":\"https:\/\/progeo-cga.com\/ca\/sobre-nosaltres\/rdi\/#breadcrumb\",\"itemListElement\":[{\"@type\":\"ListItem\",\"position\":1,\"name\":\"Home\",\"item\":\"https:\/\/progeo-cga.com\/ca\/\"},{\"@type\":\"ListItem\",\"position\":2,\"name\":\"NOSALTRES\",\"item\":\"https:\/\/progeo-cga.com\/ca\/sobre-nosaltres\/\"},{\"@type\":\"ListItem\",\"position\":3,\"name\":\"R+D+i\"}]},{\"@type\":\"WebSite\",\"@id\":\"https:\/\/progeo-cga.com\/#website\",\"url\":\"https:\/\/progeo-cga.com\/\",\"name\":\"PRO GEO\",\"description\":\"GEOTECHNICAL CONSULTANTS\",\"potentialAction\":[{\"@type\":\"SearchAction\",\"target\":{\"@type\":\"EntryPoint\",\"urlTemplate\":\"https:\/\/progeo-cga.com\/?s={search_term_string}\"},\"query-input\":{\"@type\":\"PropertyValueSpecification\",\"valueRequired\":true,\"valueName\":\"search_term_string\"}}],\"inLanguage\":\"ca\"}]}<\/script>\n<!-- \/ Yoast SEO plugin. -->","yoast_head_json":{"title":"R+D+I PRO GEO - Geotechnical Consultants S.L.","description":"L'equip de PRO GEO Geotechnical Consultants col\u00b7labora en els projectes de recerca (R+D+i PRO GEO) de CIMAVA, TUNEL i ALBEPAV.","robots":{"index":"index","follow":"follow","max-snippet":"max-snippet:-1","max-image-preview":"max-image-preview:large","max-video-preview":"max-video-preview:-1"},"canonical":"https:\/\/progeo-cga.com\/ca\/sobre-nosaltres\/rdi\/","og_locale":"ca_ES","og_type":"article","og_title":"R+D+I PRO GEO - Geotechnical Consultants S.L.","og_description":"L'equip de PRO GEO Geotechnical Consultants col\u00b7labora en els projectes de recerca (R+D+i PRO GEO) de CIMAVA, TUNEL i ALBEPAV.","og_url":"https:\/\/progeo-cga.com\/ca\/sobre-nosaltres\/rdi\/","og_site_name":"PRO GEO","article_modified_time":"2021-03-02T10:23:35+00:00","twitter_card":"summary_large_image","twitter_misc":{"Temps estimat de lectura":"1 minut"},"schema":{"@context":"https:\/\/schema.org","@graph":[{"@type":"WebPage","@id":"https:\/\/progeo-cga.com\/ca\/sobre-nosaltres\/rdi\/","url":"https:\/\/progeo-cga.com\/ca\/sobre-nosaltres\/rdi\/","name":"R+D+I PRO GEO - Geotechnical Consultants S.L.","isPartOf":{"@id":"https:\/\/progeo-cga.com\/#website"},"datePublished":"2017-01-04T12:31:15+00:00","dateModified":"2021-03-02T10:23:35+00:00","description":"L'equip de PRO GEO Geotechnical Consultants col\u00b7labora en els projectes de recerca (R+D+i PRO GEO) de CIMAVA, TUNEL i ALBEPAV.","breadcrumb":{"@id":"https:\/\/progeo-cga.com\/ca\/sobre-nosaltres\/rdi\/#breadcrumb"},"inLanguage":"ca","potentialAction":[{"@type":"ReadAction","target":["https:\/\/progeo-cga.com\/ca\/sobre-nosaltres\/rdi\/"]}]},{"@type":"BreadcrumbList","@id":"https:\/\/progeo-cga.com\/ca\/sobre-nosaltres\/rdi\/#breadcrumb","itemListElement":[{"@type":"ListItem","position":1,"name":"Home","item":"https:\/\/progeo-cga.com\/ca\/"},{"@type":"ListItem","position":2,"name":"NOSALTRES","item":"https:\/\/progeo-cga.com\/ca\/sobre-nosaltres\/"},{"@type":"ListItem","position":3,"name":"R+D+i"}]},{"@type":"WebSite","@id":"https:\/\/progeo-cga.com\/#website","url":"https:\/\/progeo-cga.com\/","name":"PRO GEO","description":"GEOTECHNICAL CONSULTANTS","potentialAction":[{"@type":"SearchAction","target":{"@type":"EntryPoint","urlTemplate":"https:\/\/progeo-cga.com\/?s={search_term_string}"},"query-input":{"@type":"PropertyValueSpecification","valueRequired":true,"valueName":"search_term_string"}}],"inLanguage":"ca"}]}},"_links":{"self":[{"href":"https:\/\/progeo-cga.com\/ca\/wp-json\/wp\/v2\/pages\/491","targetHints":{"allow":["GET"]}}],"collection":[{"href":"https:\/\/progeo-cga.com\/ca\/wp-json\/wp\/v2\/pages"}],"about":[{"href":"https:\/\/progeo-cga.com\/ca\/wp-json\/wp\/v2\/types\/page"}],"author":[{"embeddable":true,"href":"https:\/\/progeo-cga.com\/ca\/wp-json\/wp\/v2\/users\/1"}],"replies":[{"embeddable":true,"href":"https:\/\/progeo-cga.com\/ca\/wp-json\/wp\/v2\/comments?post=491"}],"version-history":[{"count":2,"href":"https:\/\/progeo-cga.com\/ca\/wp-json\/wp\/v2\/pages\/491\/revisions"}],"predecessor-version":[{"id":1722,"href":"https:\/\/progeo-cga.com\/ca\/wp-json\/wp\/v2\/pages\/491\/revisions\/1722"}],"up":[{"embeddable":true,"href":"https:\/\/progeo-cga.com\/ca\/wp-json\/wp\/v2\/pages\/481"}],"wp:attachment":[{"href":"https:\/\/progeo-cga.com\/ca\/wp-json\/wp\/v2\/media?parent=491"}],"curies":[{"name":"wp","href":"https:\/\/api.w.org\/{rel}","templated":true}]}}