{"id":485,"date":"2017-01-04T12:30:46","date_gmt":"2017-01-04T12:30:46","guid":{"rendered":"http:\/\/progeo.winworldev.es\/sobre-nosaltres\/equipo\/"},"modified":"2022-11-25T08:38:34","modified_gmt":"2022-11-25T08:38:34","slug":"equip","status":"publish","type":"page","link":"https:\/\/progeo-cga.com\/ca\/sobre-nosaltres\/equip\/","title":{"rendered":"Equip"},"content":{"rendered":"[vc_row row_type=&#8221;3&#8243; blox_image=&#8221;115&#8243;][vc_column][vc_empty_space height=&#8221;260px&#8221;][vc_column_text]\n<p class=\"head-nosotros\">EQUIP<\/p>\n[\/vc_column_text][vc_empty_space height=&#8221;260px&#8221;][\/vc_column][\/vc_row][vc_row][vc_column][vc_empty_space height=&#8221;50px&#8221;][vc_column_text]El nostre equip est\u00e0 motivat per resoldre problemes geot\u00e8cnics complexos.<\/p>\n<p>Est\u00e0 format per <strong>Enginyers de Camins, Canals i Ports<\/strong>,\u00a0<strong>Enginyers Ge\u00f2legs<\/strong>\u00a0i <strong>Delineants<\/strong> amb una experi\u00e8ncia rellevant en aquest camp.[\/vc_column_text][vc_column_text]\n<div class=\"listado-nosotros\">\n<p>La companyia est\u00e0 dirigida pel <strong>Dr. \u00c0ngel Garcia-Fontanet CEng PEng<\/strong>\u00a0que t\u00e9 m\u00e9s de 20 anys d&#8217;experi\u00e8ncia en <strong>Enginyeria Civil i en Geot\u00e8cnica<\/strong>. Va obtenir \u00a0un doctorat en Enginyeria Geot\u00e8cnica l\u2019any 1998. La seva tesi doctoral va tractar de la modelitzaci\u00f3 THM aplicada a l&#8217;eliminaci\u00f3 de residus nuclears. El Dr. Garcia-Fontanet est\u00e0 registrat al Regne Unit i al Canad\u00e0 (prov\u00edncies d&#8217;Alberta, Ontario i British Columbia) i tamb\u00e9 va treballar com a investigador en el Departament d&#8217;Enginyeria del Terreny, Cartogr\u00e0fica i Geof\u00edsica (UPC &#8211; Barcelona Tech).<\/p>\n<p style=\"text-align: justify;\">\n<\/div>\n[\/vc_column_text][\/vc_column][\/vc_row][vc_row][vc_column width=&#8221;1\/2&#8243;][vc_column_text]\n<div class=\"listado-nosotros\">\n<p>PRO GEO compta amb el seg\u00fcent equip t\u00e8cnic s\u00e8nior:<\/p>\n<ul>\n<li><strong>Claudia Matos Moquete<\/strong>:<\/li>\n<\/ul>\n<p>Enginyera Civil amb el M\u00e0ster d&#8217;Enginyeria del Terreny (UPC) amb 9 anys d&#8217;experi\u00e8ncia.<\/p>\n<ul>\n<li><strong>Pedro Jim\u00e9nez Jim\u00e9nez<\/strong>:<\/li>\n<\/ul>\n<p>Enginyer Civil amb el M\u00e0ster d&#8217;Enginyeria del Terreny (UPC) amb 5 anys d&#8217;experi\u00e8ncia.<\/p>\n<\/div>\n[\/vc_column_text][\/vc_column][vc_column width=&#8221;1\/2&#8243;][vc_column_text]\n<div class=\"listado-nosotros\">\n<p>PRO GEO compta amb la col\u00b7laboraci\u00f3 estable del\u00a0<strong>Professor<\/strong>\u00a0<strong>Dr.\u00a0Marcos Arroyo<\/strong>, membre del Departament d&#8217;Enginyeria\u00a0Civil de la Universitat Polit\u00e8cnica de Catalunya (UPC). El Professor Arroyo va obtenir el seu doctorat a la Universitat de Bristol i compta amb una \u00e0mplia experi\u00e8ncia d&#8217;investigaci\u00f3 en el camp de les obres subterr\u00e0nies, en el de la modelitzaci\u00f3 geomec\u00e0nica, en el dels assaigs <em>in situ<\/em>, aix\u00ed com\u00a0en el\u00a0camp de l&#8217;enginyeria geot\u00e8cnica <em>offshore<\/em>. Ha format\u00a0part del comit\u00e8 editorial de la revista\u00a0<a href=\"http:\/\/www.icevirtuallibrary.com\/toc\/jgeot\/current\" target=\"_blank\" rel=\"noopener noreferrer\">G\u00e9otechnique<\/a>, una de las m\u00e9s prestigioses en el seu camp, i participa al comit\u00e8\u00a0t\u00e8cnic de l&#8217;Eurocodi 7.<\/p>\n<\/div>\n[\/vc_column_text][\/vc_column][\/vc_row][vc_row][vc_column][vc_column_text]Un dels aspectes clau \u00e9s\u00a0<strong>la formaci\u00f3 cont\u00ednua del nostre equip<\/strong>\u00a0per tal d&#8217;oferir les\u00a0<strong>millors solucions t\u00e8cniques<\/strong>\u00a0als nostres clients.[\/vc_column_text][vc_separator][vc_column_text]\n<ul>\n<li>Per a descarregar el Curr\u00edculum de l&#8217;<strong>\u00c0ngel Garcia-Fontanet<\/strong> premeu aqu\u00ed: <a href=\"http:\/\/progeo-cga.com\/wp-content\/uploads\/2017\/01\/CV_Angel-Garcia-Fontanet_Castellano.pdf\" target=\"_blank\" rel=\"noopener noreferrer\">CV_Angel Garcia-Fontanet_Castellano<\/a>.<\/li>\n<li>Per a descarregar el Curr\u00edculum del <strong>Marcos Arroyo<\/strong>\u00a0premeu aqu\u00ed:\u00a0<a href=\"http:\/\/progeo-cga.com\/wp-content\/uploads\/2018\/01\/CV_Marcos-Arroyo_English.pdf\" target=\"_blank\" rel=\"noopener noreferrer\">CV_Marcos Arroyo_English<\/a>.<\/li>\n<\/ul>\n[\/vc_column_text][\/vc_column][\/vc_row][vc_row][vc_column][vc_empty_space][\/vc_column][\/vc_row]\n","protected":false},"excerpt":{"rendered":"<p>[vc_row row_type=&#8221;3&#8243; blox_image=&#8221;115&#8243;][vc_column][vc_empty_space height=&#8221;260px&#8221;][vc_column_text] EQUIP [\/vc_column_text][vc_empty_space height=&#8221;260px&#8221;][\/vc_column][\/vc_row][vc_row][vc_column][vc_empty_space height=&#8221;50px&#8221;][vc_column_text]El nostre equip est\u00e0 motivat per resoldre problemes geot\u00e8cnics complexos. Est\u00e0 format per Enginyers de Camins, Canals i Ports,\u00a0Enginyers Ge\u00f2legs\u00a0i Delineants amb una experi\u00e8ncia rellevant en aquest camp.[\/vc_column_text][vc_column_text] La companyia est\u00e0 dirigida pel Dr. \u00c0ngel Garcia-Fontanet CEng PEng\u00a0que t\u00e9 m\u00e9s de 20 anys d&#8217;experi\u00e8ncia en Enginyeria Civil i en Geot\u00e8cnica. Va obtenir \u00a0un doctorat en Enginyeria Geot\u00e8cnica l\u2019any&#8230; <\/p>\n<p><a class=\"readmore\" href=\"https:\/\/progeo-cga.com\/ca\/sobre-nosaltres\/equip\/\">Read More<\/a><\/p>\n","protected":false},"author":1,"featured_media":0,"parent":481,"menu_order":1,"comment_status":"closed","ping_status":"closed","template":"","meta":{"footnotes":""},"class_list":["post-485","page","type-page","status-publish","hentry"],"yoast_head":"<!-- This site is optimized with the Yoast SEO plugin v24.0 - https:\/\/yoast.com\/wordpress\/plugins\/seo\/ -->\n<title>Equip PRO GEO - Geotechnical Consultants S.L.<\/title>\n<meta name=\"description\" content=\"L&#039;equip PRO GEO est\u00e0 format per Enginyers de Camins, Canals i Ports i Enginyers Ge\u00f2legs amb una experi\u00e8ncia rellevant en aquest camp.\" \/>\n<meta name=\"robots\" content=\"index, follow, max-snippet:-1, max-image-preview:large, max-video-preview:-1\" \/>\n<link rel=\"canonical\" href=\"https:\/\/progeo-cga.com\/ca\/sobre-nosaltres\/equip\/\" \/>\n<meta property=\"og:locale\" content=\"ca_ES\" \/>\n<meta property=\"og:type\" content=\"article\" \/>\n<meta property=\"og:title\" content=\"Equip PRO GEO - Geotechnical Consultants S.L.\" \/>\n<meta property=\"og:description\" content=\"L&#039;equip PRO GEO est\u00e0 format per Enginyers de Camins, Canals i Ports i Enginyers Ge\u00f2legs amb una experi\u00e8ncia rellevant en aquest camp.\" \/>\n<meta property=\"og:url\" content=\"https:\/\/progeo-cga.com\/ca\/sobre-nosaltres\/equip\/\" \/>\n<meta property=\"og:site_name\" content=\"PRO GEO\" \/>\n<meta property=\"article:modified_time\" content=\"2022-11-25T08:38:34+00:00\" \/>\n<meta name=\"twitter:card\" content=\"summary_large_image\" \/>\n<meta name=\"twitter:label1\" content=\"Temps estimat de lectura\" \/>\n\t<meta name=\"twitter:data1\" content=\"2 minuts\" \/>\n<script type=\"application\/ld+json\" class=\"yoast-schema-graph\">{\"@context\":\"https:\/\/schema.org\",\"@graph\":[{\"@type\":\"WebPage\",\"@id\":\"https:\/\/progeo-cga.com\/ca\/sobre-nosaltres\/equip\/\",\"url\":\"https:\/\/progeo-cga.com\/ca\/sobre-nosaltres\/equip\/\",\"name\":\"Equip PRO GEO - Geotechnical Consultants S.L.\",\"isPartOf\":{\"@id\":\"https:\/\/progeo-cga.com\/#website\"},\"datePublished\":\"2017-01-04T12:30:46+00:00\",\"dateModified\":\"2022-11-25T08:38:34+00:00\",\"description\":\"L'equip PRO GEO est\u00e0 format per Enginyers de Camins, Canals i Ports i Enginyers Ge\u00f2legs amb una experi\u00e8ncia rellevant en aquest camp.\",\"breadcrumb\":{\"@id\":\"https:\/\/progeo-cga.com\/ca\/sobre-nosaltres\/equip\/#breadcrumb\"},\"inLanguage\":\"ca\",\"potentialAction\":[{\"@type\":\"ReadAction\",\"target\":[\"https:\/\/progeo-cga.com\/ca\/sobre-nosaltres\/equip\/\"]}]},{\"@type\":\"BreadcrumbList\",\"@id\":\"https:\/\/progeo-cga.com\/ca\/sobre-nosaltres\/equip\/#breadcrumb\",\"itemListElement\":[{\"@type\":\"ListItem\",\"position\":1,\"name\":\"Home\",\"item\":\"https:\/\/progeo-cga.com\/ca\/\"},{\"@type\":\"ListItem\",\"position\":2,\"name\":\"NOSALTRES\",\"item\":\"https:\/\/progeo-cga.com\/ca\/sobre-nosaltres\/\"},{\"@type\":\"ListItem\",\"position\":3,\"name\":\"Equip\"}]},{\"@type\":\"WebSite\",\"@id\":\"https:\/\/progeo-cga.com\/#website\",\"url\":\"https:\/\/progeo-cga.com\/\",\"name\":\"PRO GEO\",\"description\":\"GEOTECHNICAL CONSULTANTS\",\"potentialAction\":[{\"@type\":\"SearchAction\",\"target\":{\"@type\":\"EntryPoint\",\"urlTemplate\":\"https:\/\/progeo-cga.com\/?s={search_term_string}\"},\"query-input\":{\"@type\":\"PropertyValueSpecification\",\"valueRequired\":true,\"valueName\":\"search_term_string\"}}],\"inLanguage\":\"ca\"}]}<\/script>\n<!-- \/ Yoast SEO plugin. -->","yoast_head_json":{"title":"Equip PRO GEO - Geotechnical Consultants S.L.","description":"L'equip PRO GEO est\u00e0 format per Enginyers de Camins, Canals i Ports i Enginyers Ge\u00f2legs amb una experi\u00e8ncia rellevant en aquest camp.","robots":{"index":"index","follow":"follow","max-snippet":"max-snippet:-1","max-image-preview":"max-image-preview:large","max-video-preview":"max-video-preview:-1"},"canonical":"https:\/\/progeo-cga.com\/ca\/sobre-nosaltres\/equip\/","og_locale":"ca_ES","og_type":"article","og_title":"Equip PRO GEO - Geotechnical Consultants S.L.","og_description":"L'equip PRO GEO est\u00e0 format per Enginyers de Camins, Canals i Ports i Enginyers Ge\u00f2legs amb una experi\u00e8ncia rellevant en aquest camp.","og_url":"https:\/\/progeo-cga.com\/ca\/sobre-nosaltres\/equip\/","og_site_name":"PRO GEO","article_modified_time":"2022-11-25T08:38:34+00:00","twitter_card":"summary_large_image","twitter_misc":{"Temps estimat de lectura":"2 minuts"},"schema":{"@context":"https:\/\/schema.org","@graph":[{"@type":"WebPage","@id":"https:\/\/progeo-cga.com\/ca\/sobre-nosaltres\/equip\/","url":"https:\/\/progeo-cga.com\/ca\/sobre-nosaltres\/equip\/","name":"Equip PRO GEO - Geotechnical Consultants S.L.","isPartOf":{"@id":"https:\/\/progeo-cga.com\/#website"},"datePublished":"2017-01-04T12:30:46+00:00","dateModified":"2022-11-25T08:38:34+00:00","description":"L'equip PRO GEO est\u00e0 format per Enginyers de Camins, Canals i Ports i Enginyers Ge\u00f2legs amb una experi\u00e8ncia rellevant en aquest camp.","breadcrumb":{"@id":"https:\/\/progeo-cga.com\/ca\/sobre-nosaltres\/equip\/#breadcrumb"},"inLanguage":"ca","potentialAction":[{"@type":"ReadAction","target":["https:\/\/progeo-cga.com\/ca\/sobre-nosaltres\/equip\/"]}]},{"@type":"BreadcrumbList","@id":"https:\/\/progeo-cga.com\/ca\/sobre-nosaltres\/equip\/#breadcrumb","itemListElement":[{"@type":"ListItem","position":1,"name":"Home","item":"https:\/\/progeo-cga.com\/ca\/"},{"@type":"ListItem","position":2,"name":"NOSALTRES","item":"https:\/\/progeo-cga.com\/ca\/sobre-nosaltres\/"},{"@type":"ListItem","position":3,"name":"Equip"}]},{"@type":"WebSite","@id":"https:\/\/progeo-cga.com\/#website","url":"https:\/\/progeo-cga.com\/","name":"PRO GEO","description":"GEOTECHNICAL CONSULTANTS","potentialAction":[{"@type":"SearchAction","target":{"@type":"EntryPoint","urlTemplate":"https:\/\/progeo-cga.com\/?s={search_term_string}"},"query-input":{"@type":"PropertyValueSpecification","valueRequired":true,"valueName":"search_term_string"}}],"inLanguage":"ca"}]}},"_links":{"self":[{"href":"https:\/\/progeo-cga.com\/ca\/wp-json\/wp\/v2\/pages\/485","targetHints":{"allow":["GET"]}}],"collection":[{"href":"https:\/\/progeo-cga.com\/ca\/wp-json\/wp\/v2\/pages"}],"about":[{"href":"https:\/\/progeo-cga.com\/ca\/wp-json\/wp\/v2\/types\/page"}],"author":[{"embeddable":true,"href":"https:\/\/progeo-cga.com\/ca\/wp-json\/wp\/v2\/users\/1"}],"replies":[{"embeddable":true,"href":"https:\/\/progeo-cga.com\/ca\/wp-json\/wp\/v2\/comments?post=485"}],"version-history":[{"count":22,"href":"https:\/\/progeo-cga.com\/ca\/wp-json\/wp\/v2\/pages\/485\/revisions"}],"predecessor-version":[{"id":2769,"href":"https:\/\/progeo-cga.com\/ca\/wp-json\/wp\/v2\/pages\/485\/revisions\/2769"}],"up":[{"embeddable":true,"href":"https:\/\/progeo-cga.com\/ca\/wp-json\/wp\/v2\/pages\/481"}],"wp:attachment":[{"href":"https:\/\/progeo-cga.com\/ca\/wp-json\/wp\/v2\/media?parent=485"}],"curies":[{"name":"wp","href":"https:\/\/api.w.org\/{rel}","templated":true}]}}