{"id":481,"date":"2017-01-04T10:49:45","date_gmt":"2017-01-04T10:49:45","guid":{"rendered":"http:\/\/progeo.winworldev.es\/nosotros\/"},"modified":"2021-03-02T10:14:11","modified_gmt":"2021-03-02T10:14:11","slug":"sobre-nosaltres","status":"publish","type":"page","link":"https:\/\/progeo-cga.com\/ca\/sobre-nosaltres\/","title":{"rendered":"NOSALTRES"},"content":{"rendered":"[vc_row row_type=&#8221;3&#8243; blox_image=&#8221;96&#8243;][vc_column][vc_empty_space height=&#8221;260px&#8221;][vc_column_text]\n<p class=\"head-nosotros\"><strong>PRO GEO GEOTECHNICAL CONSULTANTS<\/strong> \u00e9s una empresa d&#8217;enginyeria especialitzada en l&#8217;an\u00e0lisi de problemes complexos en el camp de l\u2019enginyeria geot\u00e8cnica i de les ci\u00e8ncies de la Terra.<\/p>\n[\/vc_column_text][vc_empty_space height=&#8221;260px&#8221;][\/vc_column][\/vc_row][vc_row][vc_column][vc_empty_space height=&#8221;50px&#8221;][vc_column_text]\n<div class=\"listado-nosotros\">\n<p>Desenvolupem les nostres activitats de consultoria en els seg\u00fcents camps:<\/p>\n<ul>\n<li><strong>Disseny de projectes subterranis:<\/strong> t\u00fanels en roca i s\u00f2ls, t\u00e8cniques <em>cut and cover<\/em>.<\/li>\n<li><strong>Enginyeria geot\u00e8cnica s\u00edsmica<\/strong>. Interacci\u00f3 s\u00f2l-estructura sota condicions din\u00e0miques.<\/li>\n<li><strong>Enginyeria geot\u00e8cnica de ports<\/strong>.<\/li>\n<li>Disseny <strong>d\u2019auscultaci\u00f3 geot\u00e8cnica<\/strong> i an\u00e0lisi de dades.<\/li>\n<li>Disseny de fonamentacions d\u2019estructures especials.<\/li>\n<li><strong>T\u00e8cniques de millora del terreny.<\/strong><\/li>\n<li><strong>Enginyeria geoambiental<\/strong>: eliminaci\u00f3 de residus industrials i nuclears urbans. T\u00e8cniques de sanejament de s\u00f2ls.<\/li>\n<li>Modelitzaci\u00f3 de problemes acoblats de <strong>Termo-Hidro-Mec\u00e0nics<\/strong> (THM).<\/li>\n<\/ul>\n<\/div>\n[\/vc_column_text][vc_row_inner][vc_column_inner width=&#8221;1\/2&#8243;][vc_column_text]El nostre <strong>equip t\u00e8cnic<\/strong> est\u00e0 altament qualificat i compta amb m\u00e9s de 25 anys d&#8217;experi\u00e8ncia en aquests \u00e0mbits. Utilitzem les t\u00e8cniques m\u00e9s avan\u00e7ades de disseny i an\u00e0lisi per obtenir dissenys fiables i competitius.<\/p>\n<p>El nostre <strong>Director T\u00e8cnic<\/strong> t\u00e9 llic\u00e8ncia professional al <strong>Canad\u00e0<\/strong> (PEng a Alberta), al <strong>Regne Unit<\/strong> (CENG MICE) i a <strong>Espanya<\/strong> (Col\u00b7legi d&#8217;Enginyers de Camins, Canals i Ports).<\/p>\n<p>L&#8217;empresa \u00e9s membre de la\u00a0<strong><a href=\"https:\/\/www.tunnelcanada.ca\/\" target=\"_blank\" rel=\"noopener noreferrer\">Tunnelling Association of Canada<\/a>\u00a0<\/strong><strong>(TAC)<\/strong>.[\/vc_column_text][\/vc_column_inner][vc_column_inner width=&#8221;1\/2&#8243;][vc_column_text]<strong>L&#8217;activitat de PRO GEO t\u00e9 una notable dimensi\u00f3 internacional<\/strong>. Hem assessorat els nostres clients a la <strong>Uni\u00f3 Europea, Am\u00e8rica<\/strong> (Alberta i Ontario &#8211; Canad\u00e0, Brasil, Col\u00f2mbia, Per\u00fa, Bol\u00edvia, Guatemala, Costa Rica i Hondures), <strong>\u00c0frica<\/strong> (Alg\u00e8ria, Guinea Conakry i Mo\u00e7ambic), <strong>Orient Mitj\u00e0<\/strong> (Emirats \u00c0rabs Units i Ar\u00e0bia Saudita) i l&#8217;<strong>Extrem Orient <\/strong>\u00a0(Vietnam).[\/vc_column_text][vc_column_text]\n<div class=\"listado-nosotros\">\n<p><strong>PRO GEO t\u00e9 una filial canadenca<\/strong>\u00a0anomenada\u00a0<strong>PG Geotechnical Consultants Corporation<\/strong>\u00a0amb \u00e0mbit federal<\/p>\n<\/div>\n[\/vc_column_text][vc_btn title=&#8221;Contacte&#8221; link=&#8221;url:http%3A%2F%2Fprogeo-cga.com%2Fca%2Fcontacte%2F|||&#8221;][\/vc_column_inner][\/vc_row_inner][\/vc_column][\/vc_row][vc_row][vc_column][vc_empty_space][\/vc_column][\/vc_row]\n","protected":false},"excerpt":{"rendered":"<p>[vc_row row_type=&#8221;3&#8243; blox_image=&#8221;96&#8243;][vc_column][vc_empty_space height=&#8221;260px&#8221;][vc_column_text] PRO GEO GEOTECHNICAL CONSULTANTS \u00e9s una empresa d&#8217;enginyeria especialitzada en l&#8217;an\u00e0lisi de problemes complexos en el camp de l\u2019enginyeria geot\u00e8cnica i de les ci\u00e8ncies de la Terra. [\/vc_column_text][vc_empty_space height=&#8221;260px&#8221;][\/vc_column][\/vc_row][vc_row][vc_column][vc_empty_space height=&#8221;50px&#8221;][vc_column_text] Desenvolupem les nostres activitats de consultoria en els seg\u00fcents camps: Disseny de projectes subterranis: t\u00fanels en roca i s\u00f2ls, t\u00e8cniques cut and cover. Enginyeria geot\u00e8cnica s\u00edsmica. Interacci\u00f3 s\u00f2l-estructura sota condicions din\u00e0miques&#8230;. <\/p>\n<p><a class=\"readmore\" href=\"https:\/\/progeo-cga.com\/ca\/sobre-nosaltres\/\">Read More<\/a><\/p>\n","protected":false},"author":1,"featured_media":0,"parent":0,"menu_order":2,"comment_status":"closed","ping_status":"closed","template":"","meta":{"footnotes":""},"class_list":["post-481","page","type-page","status-publish","hentry"],"yoast_head":"<!-- This site is optimized with the Yoast SEO plugin v24.0 - https:\/\/yoast.com\/wordpress\/plugins\/seo\/ -->\n<title>Nosaltres PRO GEO - Geotechnical Consultants SL<\/title>\n<meta name=\"description\" content=\"Nosaltres PRO GEO: \u00e9s una empresa d&#039;enginyeria especialitzada en l&#039;an\u00e0lisi de problemes complexos en el camp de la geot\u00e8cnica i de les ci\u00e8ncies de la terra.\" \/>\n<meta name=\"robots\" content=\"index, follow, max-snippet:-1, max-image-preview:large, max-video-preview:-1\" \/>\n<link rel=\"canonical\" href=\"https:\/\/progeo-cga.com\/ca\/sobre-nosaltres\/\" \/>\n<meta property=\"og:locale\" content=\"ca_ES\" \/>\n<meta property=\"og:type\" content=\"article\" \/>\n<meta property=\"og:title\" content=\"Nosaltres PRO GEO - Geotechnical Consultants SL\" \/>\n<meta property=\"og:description\" content=\"Nosaltres PRO GEO: \u00e9s una empresa d&#039;enginyeria especialitzada en l&#039;an\u00e0lisi de problemes complexos en el camp de la geot\u00e8cnica i de les ci\u00e8ncies de la terra.\" \/>\n<meta property=\"og:url\" content=\"https:\/\/progeo-cga.com\/ca\/sobre-nosaltres\/\" \/>\n<meta property=\"og:site_name\" content=\"PRO GEO\" \/>\n<meta property=\"article:modified_time\" content=\"2021-03-02T10:14:11+00:00\" \/>\n<meta name=\"twitter:card\" content=\"summary_large_image\" \/>\n<meta name=\"twitter:label1\" content=\"Temps estimat de lectura\" \/>\n\t<meta name=\"twitter:data1\" content=\"2 minuts\" \/>\n<script type=\"application\/ld+json\" class=\"yoast-schema-graph\">{\"@context\":\"https:\/\/schema.org\",\"@graph\":[{\"@type\":\"WebPage\",\"@id\":\"https:\/\/progeo-cga.com\/ca\/sobre-nosaltres\/\",\"url\":\"https:\/\/progeo-cga.com\/ca\/sobre-nosaltres\/\",\"name\":\"Nosaltres PRO GEO - Geotechnical Consultants SL\",\"isPartOf\":{\"@id\":\"https:\/\/progeo-cga.com\/#website\"},\"datePublished\":\"2017-01-04T10:49:45+00:00\",\"dateModified\":\"2021-03-02T10:14:11+00:00\",\"description\":\"Nosaltres PRO GEO: \u00e9s una empresa d'enginyeria especialitzada en l'an\u00e0lisi de problemes complexos en el camp de la geot\u00e8cnica i de les ci\u00e8ncies de la terra.\",\"breadcrumb\":{\"@id\":\"https:\/\/progeo-cga.com\/ca\/sobre-nosaltres\/#breadcrumb\"},\"inLanguage\":\"ca\",\"potentialAction\":[{\"@type\":\"ReadAction\",\"target\":[\"https:\/\/progeo-cga.com\/ca\/sobre-nosaltres\/\"]}]},{\"@type\":\"BreadcrumbList\",\"@id\":\"https:\/\/progeo-cga.com\/ca\/sobre-nosaltres\/#breadcrumb\",\"itemListElement\":[{\"@type\":\"ListItem\",\"position\":1,\"name\":\"Home\",\"item\":\"https:\/\/progeo-cga.com\/ca\/\"},{\"@type\":\"ListItem\",\"position\":2,\"name\":\"NOSALTRES\"}]},{\"@type\":\"WebSite\",\"@id\":\"https:\/\/progeo-cga.com\/#website\",\"url\":\"https:\/\/progeo-cga.com\/\",\"name\":\"PRO GEO\",\"description\":\"GEOTECHNICAL CONSULTANTS\",\"potentialAction\":[{\"@type\":\"SearchAction\",\"target\":{\"@type\":\"EntryPoint\",\"urlTemplate\":\"https:\/\/progeo-cga.com\/?s={search_term_string}\"},\"query-input\":{\"@type\":\"PropertyValueSpecification\",\"valueRequired\":true,\"valueName\":\"search_term_string\"}}],\"inLanguage\":\"ca\"}]}<\/script>\n<!-- \/ Yoast SEO plugin. -->","yoast_head_json":{"title":"Nosaltres PRO GEO - Geotechnical Consultants SL","description":"Nosaltres PRO GEO: \u00e9s una empresa d'enginyeria especialitzada en l'an\u00e0lisi de problemes complexos en el camp de la geot\u00e8cnica i de les ci\u00e8ncies de la terra.","robots":{"index":"index","follow":"follow","max-snippet":"max-snippet:-1","max-image-preview":"max-image-preview:large","max-video-preview":"max-video-preview:-1"},"canonical":"https:\/\/progeo-cga.com\/ca\/sobre-nosaltres\/","og_locale":"ca_ES","og_type":"article","og_title":"Nosaltres PRO GEO - Geotechnical Consultants SL","og_description":"Nosaltres PRO GEO: \u00e9s una empresa d'enginyeria especialitzada en l'an\u00e0lisi de problemes complexos en el camp de la geot\u00e8cnica i de les ci\u00e8ncies de la terra.","og_url":"https:\/\/progeo-cga.com\/ca\/sobre-nosaltres\/","og_site_name":"PRO GEO","article_modified_time":"2021-03-02T10:14:11+00:00","twitter_card":"summary_large_image","twitter_misc":{"Temps estimat de lectura":"2 minuts"},"schema":{"@context":"https:\/\/schema.org","@graph":[{"@type":"WebPage","@id":"https:\/\/progeo-cga.com\/ca\/sobre-nosaltres\/","url":"https:\/\/progeo-cga.com\/ca\/sobre-nosaltres\/","name":"Nosaltres PRO GEO - Geotechnical Consultants SL","isPartOf":{"@id":"https:\/\/progeo-cga.com\/#website"},"datePublished":"2017-01-04T10:49:45+00:00","dateModified":"2021-03-02T10:14:11+00:00","description":"Nosaltres PRO GEO: \u00e9s una empresa d'enginyeria especialitzada en l'an\u00e0lisi de problemes complexos en el camp de la geot\u00e8cnica i de les ci\u00e8ncies de la terra.","breadcrumb":{"@id":"https:\/\/progeo-cga.com\/ca\/sobre-nosaltres\/#breadcrumb"},"inLanguage":"ca","potentialAction":[{"@type":"ReadAction","target":["https:\/\/progeo-cga.com\/ca\/sobre-nosaltres\/"]}]},{"@type":"BreadcrumbList","@id":"https:\/\/progeo-cga.com\/ca\/sobre-nosaltres\/#breadcrumb","itemListElement":[{"@type":"ListItem","position":1,"name":"Home","item":"https:\/\/progeo-cga.com\/ca\/"},{"@type":"ListItem","position":2,"name":"NOSALTRES"}]},{"@type":"WebSite","@id":"https:\/\/progeo-cga.com\/#website","url":"https:\/\/progeo-cga.com\/","name":"PRO GEO","description":"GEOTECHNICAL CONSULTANTS","potentialAction":[{"@type":"SearchAction","target":{"@type":"EntryPoint","urlTemplate":"https:\/\/progeo-cga.com\/?s={search_term_string}"},"query-input":{"@type":"PropertyValueSpecification","valueRequired":true,"valueName":"search_term_string"}}],"inLanguage":"ca"}]}},"_links":{"self":[{"href":"https:\/\/progeo-cga.com\/ca\/wp-json\/wp\/v2\/pages\/481","targetHints":{"allow":["GET"]}}],"collection":[{"href":"https:\/\/progeo-cga.com\/ca\/wp-json\/wp\/v2\/pages"}],"about":[{"href":"https:\/\/progeo-cga.com\/ca\/wp-json\/wp\/v2\/types\/page"}],"author":[{"embeddable":true,"href":"https:\/\/progeo-cga.com\/ca\/wp-json\/wp\/v2\/users\/1"}],"replies":[{"embeddable":true,"href":"https:\/\/progeo-cga.com\/ca\/wp-json\/wp\/v2\/comments?post=481"}],"version-history":[{"count":13,"href":"https:\/\/progeo-cga.com\/ca\/wp-json\/wp\/v2\/pages\/481\/revisions"}],"predecessor-version":[{"id":1718,"href":"https:\/\/progeo-cga.com\/ca\/wp-json\/wp\/v2\/pages\/481\/revisions\/1718"}],"wp:attachment":[{"href":"https:\/\/progeo-cga.com\/ca\/wp-json\/wp\/v2\/media?parent=481"}],"curies":[{"name":"wp","href":"https:\/\/api.w.org\/{rel}","templated":true}]}}