{"id":467,"date":"2017-01-04T10:22:56","date_gmt":"2017-01-04T10:22:56","guid":{"rendered":"http:\/\/progeo.winworldev.es\/inicio\/"},"modified":"2021-06-09T09:38:30","modified_gmt":"2021-06-09T09:38:30","slug":"inici","status":"publish","type":"page","link":"https:\/\/progeo-cga.com\/ca\/","title":{"rendered":"Inici"},"content":{"rendered":"[vc_row][vc_column][vc_empty_space height=&#8221;15px&#8221;][rev_slider_vc alias=&#8221;cat&#8221;][\/vc_column][\/vc_row][vc_row][vc_column][vc_empty_space][vc_column_text]\n<h2 style=\"text-align: center;\">PRO GEO GEOTECHNICAL CONSULTANTS<\/h2>\n[\/vc_column_text][vc_column_text]\n<p style=\"text-align: center;\"><strong>PRO GEO GEOTECHNICAL CONSULTANTS<\/strong> \u00e9s una empresa d&#8217;enginyeria especialitzada<br \/>\nen l&#8217;an\u00e0lisi de problemes complexos en el camp de l\u2019Enginyeria Geot\u00e8cnica i de les Ci\u00e8ncies de la Terra.<br \/>\nEmpresa de disseny geot\u00e8cnic de t\u00fanels.<\/p>\n[\/vc_column_text][vc_column_text]<strong>PRO GEO Geotechnical Consultants <\/strong>t\u00e9 una filial canadenca anomenada\u00a0<strong>PG Geotechnical Consultants Corporation<\/strong>\u00a0amb \u00e0mbit federal, i tamb\u00e9 forma part de l&#8217;empresa <strong>EWE+ GENERAL PARTNERSHIP<\/strong>\u00a0(<a href=\"https:\/\/eweplus.ca\/inicio\/\">veure lloc web<\/a>)<strong>.<\/strong>[\/vc_column_text][\/vc_column][\/vc_row][vc_row][vc_column][vc_text_separator title=&#8221;Serveis&#8221; title_align=&#8221;separator_align_left&#8221; align=&#8221;align_right&#8221;][vc_row_inner][vc_column_inner width=&#8221;1\/4&#8243;][vc_single_image image=&#8221;46&#8243; img_size=&#8221;full&#8221; onclick=&#8221;custom_link&#8221; css_animation=&#8221;left-to-right&#8221; link=&#8221;http:\/\/progeo-cga.com\/ca\/serveis\/tunels-projectes-subterranis\/&#8221;][vc_empty_space][vc_column_text]Disseny de t\u00fanels i obres subterr\u00e0nies.[\/vc_column_text][\/vc_column_inner][vc_column_inner width=&#8221;1\/4&#8243;][vc_single_image image=&#8221;47&#8243; img_size=&#8221;full&#8221; onclick=&#8221;custom_link&#8221; css_animation=&#8221;bottom-to-top&#8221; link=&#8221;http:\/\/progeo-cga.com\/ca\/serveis\/enginyeria-geotecnica-de-ports\/&#8221;][vc_empty_space][vc_column_text]Enginyeria geot\u00e8cnica de ports.[\/vc_column_text][\/vc_column_inner][vc_column_inner width=&#8221;1\/4&#8243;][vc_single_image image=&#8221;2086&#8243; img_size=&#8221;full&#8221; onclick=&#8221;custom_link&#8221; css_animation=&#8221;right-to-left&#8221; link=&#8221;http:\/\/progeo-cga.com\/ca\/serveis\/millora-del-terreny-i-disseny-de-fonamentacions-especials\/&#8221;][vc_empty_space][vc_column_text]Millora del terreny i disseny de fonamentacions especials.[\/vc_column_text][\/vc_column_inner][vc_column_inner width=&#8221;1\/4&#8243;][vc_single_image image=&#8221;48&#8243; img_size=&#8221;full&#8221; onclick=&#8221;custom_link&#8221; css_animation=&#8221;bottom-to-top&#8221; link=&#8221;http:\/\/progeo-cga.com\/ca\/serveis\/talussos-i-lliscaments\/&#8221;][vc_empty_space][vc_column_text]Estabilitzaci\u00f3 de talussos i lliscaments[\/vc_column_text][\/vc_column_inner][\/vc_row_inner][vc_row_inner][vc_column_inner width=&#8221;1\/4&#8243;][vc_single_image image=&#8221;50&#8243; img_size=&#8221;full&#8221; onclick=&#8221;custom_link&#8221; css_animation=&#8221;bottom-to-top&#8221; link=&#8221;http:\/\/progeo-cga.com\/ca\/serveis\/modelitzacio-thm\/&#8221;][vc_empty_space][vc_column_text]Modelitzaci\u00f3 THM.[\/vc_column_text][\/vc_column_inner][vc_column_inner width=&#8221;1\/4&#8243;][vc_single_image image=&#8221;475&#8243; img_size=&#8221;full&#8221; onclick=&#8221;custom_link&#8221; css_animation=&#8221;bottom-to-top&#8221; link=&#8221;http:\/\/progeo-cga.com\/ca\/serveis\/enginyeria-sismica\/&#8221;][vc_empty_space][vc_column_text]Enginyeria s\u00edsmica.[\/vc_column_text][\/vc_column_inner][vc_column_inner width=&#8221;1\/4&#8243;][vc_single_image image=&#8221;476&#8243; img_size=&#8221;full&#8221; onclick=&#8221;custom_link&#8221; css_animation=&#8221;bottom-to-top&#8221; link=&#8221;http:\/\/progeo-cga.com\/ca\/serveis\/abocadors\/&#8221;][vc_empty_space][vc_column_text]Abocadors.[\/vc_column_text][\/vc_column_inner][vc_column_inner width=&#8221;1\/4&#8243;][vc_single_image image=&#8221;1902&#8243; img_size=&#8221;full&#8221; onclick=&#8221;custom_link&#8221; css_animation=&#8221;bottom-to-top&#8221; link=&#8221;http:\/\/progeo-cga.com\/ca\/serveis\/hidraulia-i-hidrologia\/&#8221;][vc_empty_space][vc_column_text]Hidr\u00e0ulica i hidrologia.[\/vc_column_text][\/vc_column_inner][\/vc_row_inner][\/vc_column][\/vc_row][vc_row][vc_column][vc_separator][\/vc_column][\/vc_row][vc_row][vc_column][vc_empty_space][\/vc_column][\/vc_row]\n","protected":false},"excerpt":{"rendered":"<p>[vc_row][vc_column][vc_empty_space height=&#8221;15px&#8221;][rev_slider_vc alias=&#8221;cat&#8221;][\/vc_column][\/vc_row][vc_row][vc_column][vc_empty_space][vc_column_text] PRO GEO GEOTECHNICAL CONSULTANTS [\/vc_column_text][vc_column_text] PRO GEO GEOTECHNICAL CONSULTANTS \u00e9s una empresa d&#8217;enginyeria especialitzada en l&#8217;an\u00e0lisi de problemes complexos en el camp de l\u2019Enginyeria Geot\u00e8cnica i de les Ci\u00e8ncies de la Terra. Empresa de disseny geot\u00e8cnic de t\u00fanels. [\/vc_column_text][vc_column_text]PRO GEO Geotechnical Consultants t\u00e9 una filial canadenca anomenada\u00a0PG Geotechnical Consultants Corporation\u00a0amb \u00e0mbit federal, i tamb\u00e9 forma part de l&#8217;empresa EWE+ GENERAL PARTNERSHIP\u00a0(veure lloc&#8230; <\/p>\n<p><a class=\"readmore\" href=\"https:\/\/progeo-cga.com\/ca\/\">Read More<\/a><\/p>\n","protected":false},"author":1,"featured_media":0,"parent":0,"menu_order":1,"comment_status":"closed","ping_status":"closed","template":"","meta":{"footnotes":""},"class_list":["post-467","page","type-page","status-publish","hentry"],"yoast_head":"<!-- This site is optimized with the Yoast SEO plugin v24.0 - https:\/\/yoast.com\/wordpress\/plugins\/seo\/ -->\n<title>PRO GEO GEOT\u00c8CNIA | Empresa de disseny geot\u00e8cnic de t\u00fanels<\/title>\n<meta name=\"description\" content=\"PROGEO \u00e9s una empresa de disseny geot\u00e8cnic de t\u00fanels. Enginyeria especialitzada en l&#039;an\u00e0lisi de problemes geot\u00e8cnics complexos.\" \/>\n<meta name=\"robots\" content=\"index, follow, max-snippet:-1, max-image-preview:large, max-video-preview:-1\" \/>\n<link rel=\"canonical\" href=\"https:\/\/progeo-cga.com\/ca\/\" \/>\n<meta property=\"og:locale\" content=\"ca_ES\" \/>\n<meta property=\"og:type\" content=\"article\" \/>\n<meta property=\"og:title\" content=\"PRO GEO GEOT\u00c8CNIA | Empresa de disseny geot\u00e8cnic de t\u00fanels\" \/>\n<meta property=\"og:description\" content=\"PROGEO \u00e9s una empresa de disseny geot\u00e8cnic de t\u00fanels. Enginyeria especialitzada en l&#039;an\u00e0lisi de problemes geot\u00e8cnics complexos.\" \/>\n<meta property=\"og:url\" content=\"https:\/\/progeo-cga.com\/ca\/\" \/>\n<meta property=\"og:site_name\" content=\"PRO GEO\" \/>\n<meta property=\"article:modified_time\" content=\"2021-06-09T09:38:30+00:00\" \/>\n<meta name=\"twitter:card\" content=\"summary_large_image\" \/>\n<meta name=\"twitter:label1\" content=\"Temps estimat de lectura\" \/>\n\t<meta name=\"twitter:data1\" content=\"1 minut\" \/>\n<script type=\"application\/ld+json\" class=\"yoast-schema-graph\">{\"@context\":\"https:\/\/schema.org\",\"@graph\":[{\"@type\":\"WebPage\",\"@id\":\"https:\/\/progeo-cga.com\/ca\/\",\"url\":\"https:\/\/progeo-cga.com\/ca\/\",\"name\":\"PRO GEO GEOT\u00c8CNIA | Empresa de disseny geot\u00e8cnic de t\u00fanels\",\"isPartOf\":{\"@id\":\"https:\/\/progeo-cga.com\/#website\"},\"datePublished\":\"2017-01-04T10:22:56+00:00\",\"dateModified\":\"2021-06-09T09:38:30+00:00\",\"description\":\"PROGEO \u00e9s una empresa de disseny geot\u00e8cnic de t\u00fanels. Enginyeria especialitzada en l'an\u00e0lisi de problemes geot\u00e8cnics complexos.\",\"breadcrumb\":{\"@id\":\"https:\/\/progeo-cga.com\/ca\/#breadcrumb\"},\"inLanguage\":\"ca\",\"potentialAction\":[{\"@type\":\"ReadAction\",\"target\":[\"https:\/\/progeo-cga.com\/ca\/\"]}]},{\"@type\":\"BreadcrumbList\",\"@id\":\"https:\/\/progeo-cga.com\/ca\/#breadcrumb\",\"itemListElement\":[{\"@type\":\"ListItem\",\"position\":1,\"name\":\"Home\",\"item\":\"https:\/\/progeo-cga.com\/ca\/\"},{\"@type\":\"ListItem\",\"position\":2,\"name\":\"Inici\"}]},{\"@type\":\"WebSite\",\"@id\":\"https:\/\/progeo-cga.com\/#website\",\"url\":\"https:\/\/progeo-cga.com\/\",\"name\":\"PRO GEO\",\"description\":\"GEOTECHNICAL CONSULTANTS\",\"potentialAction\":[{\"@type\":\"SearchAction\",\"target\":{\"@type\":\"EntryPoint\",\"urlTemplate\":\"https:\/\/progeo-cga.com\/?s={search_term_string}\"},\"query-input\":{\"@type\":\"PropertyValueSpecification\",\"valueRequired\":true,\"valueName\":\"search_term_string\"}}],\"inLanguage\":\"ca\"}]}<\/script>\n<!-- \/ Yoast SEO plugin. -->","yoast_head_json":{"title":"PRO GEO GEOT\u00c8CNIA | Empresa de disseny geot\u00e8cnic de t\u00fanels","description":"PROGEO \u00e9s una empresa de disseny geot\u00e8cnic de t\u00fanels. Enginyeria especialitzada en l'an\u00e0lisi de problemes geot\u00e8cnics complexos.","robots":{"index":"index","follow":"follow","max-snippet":"max-snippet:-1","max-image-preview":"max-image-preview:large","max-video-preview":"max-video-preview:-1"},"canonical":"https:\/\/progeo-cga.com\/ca\/","og_locale":"ca_ES","og_type":"article","og_title":"PRO GEO GEOT\u00c8CNIA | Empresa de disseny geot\u00e8cnic de t\u00fanels","og_description":"PROGEO \u00e9s una empresa de disseny geot\u00e8cnic de t\u00fanels. Enginyeria especialitzada en l'an\u00e0lisi de problemes geot\u00e8cnics complexos.","og_url":"https:\/\/progeo-cga.com\/ca\/","og_site_name":"PRO GEO","article_modified_time":"2021-06-09T09:38:30+00:00","twitter_card":"summary_large_image","twitter_misc":{"Temps estimat de lectura":"1 minut"},"schema":{"@context":"https:\/\/schema.org","@graph":[{"@type":"WebPage","@id":"https:\/\/progeo-cga.com\/ca\/","url":"https:\/\/progeo-cga.com\/ca\/","name":"PRO GEO GEOT\u00c8CNIA | Empresa de disseny geot\u00e8cnic de t\u00fanels","isPartOf":{"@id":"https:\/\/progeo-cga.com\/#website"},"datePublished":"2017-01-04T10:22:56+00:00","dateModified":"2021-06-09T09:38:30+00:00","description":"PROGEO \u00e9s una empresa de disseny geot\u00e8cnic de t\u00fanels. Enginyeria especialitzada en l'an\u00e0lisi de problemes geot\u00e8cnics complexos.","breadcrumb":{"@id":"https:\/\/progeo-cga.com\/ca\/#breadcrumb"},"inLanguage":"ca","potentialAction":[{"@type":"ReadAction","target":["https:\/\/progeo-cga.com\/ca\/"]}]},{"@type":"BreadcrumbList","@id":"https:\/\/progeo-cga.com\/ca\/#breadcrumb","itemListElement":[{"@type":"ListItem","position":1,"name":"Home","item":"https:\/\/progeo-cga.com\/ca\/"},{"@type":"ListItem","position":2,"name":"Inici"}]},{"@type":"WebSite","@id":"https:\/\/progeo-cga.com\/#website","url":"https:\/\/progeo-cga.com\/","name":"PRO GEO","description":"GEOTECHNICAL CONSULTANTS","potentialAction":[{"@type":"SearchAction","target":{"@type":"EntryPoint","urlTemplate":"https:\/\/progeo-cga.com\/?s={search_term_string}"},"query-input":{"@type":"PropertyValueSpecification","valueRequired":true,"valueName":"search_term_string"}}],"inLanguage":"ca"}]}},"_links":{"self":[{"href":"https:\/\/progeo-cga.com\/ca\/wp-json\/wp\/v2\/pages\/467","targetHints":{"allow":["GET"]}}],"collection":[{"href":"https:\/\/progeo-cga.com\/ca\/wp-json\/wp\/v2\/pages"}],"about":[{"href":"https:\/\/progeo-cga.com\/ca\/wp-json\/wp\/v2\/types\/page"}],"author":[{"embeddable":true,"href":"https:\/\/progeo-cga.com\/ca\/wp-json\/wp\/v2\/users\/1"}],"replies":[{"embeddable":true,"href":"https:\/\/progeo-cga.com\/ca\/wp-json\/wp\/v2\/comments?post=467"}],"version-history":[{"count":27,"href":"https:\/\/progeo-cga.com\/ca\/wp-json\/wp\/v2\/pages\/467\/revisions"}],"predecessor-version":[{"id":2744,"href":"https:\/\/progeo-cga.com\/ca\/wp-json\/wp\/v2\/pages\/467\/revisions\/2744"}],"wp:attachment":[{"href":"https:\/\/progeo-cga.com\/ca\/wp-json\/wp\/v2\/media?parent=467"}],"curies":[{"name":"wp","href":"https:\/\/api.w.org\/{rel}","templated":true}]}}