{"id":2674,"date":"2021-03-18T16:27:34","date_gmt":"2021-03-18T16:27:34","guid":{"rendered":"http:\/\/progeo-cga.com\/?page_id=2674\/"},"modified":"2021-03-19T10:35:37","modified_gmt":"2021-03-19T10:35:37","slug":"soil-nailing-molins-rei-espanya-2019-2021","status":"publish","type":"page","link":"https:\/\/progeo-cga.com\/ca\/projectes\/talussos-i-lliscaments-projectes\/soil-nailing-molins-rei-espanya-2019-2021\/","title":{"rendered":"MOLINS DE REI, ESPANYA (2019-2021)"},"content":{"rendered":"[vc_row row_type=&#8221;3&#8243; blox_height=&#8221;600&#8243; blox_image=&#8221;2668&#8243; blox_padding_top=&#8221;260&#8243; blox_padding_bottom=&#8221;70&#8243; blox_dark=&#8221;true&#8221; row_pattern=&#8221;max-pat&#8221;][vc_column][vc_column_text]\n<p class=\"head-nosotros\">POL\u00cdGON INDUSTRIAL RIERA DEL MOL\u00cd, MOLINS DE REI (ESPANYA, 2019-2021)<\/p>\n[\/vc_column_text][\/vc_column][\/vc_row][vc_row][vc_column][vc_empty_space][\/vc_column][\/vc_row][vc_row][vc_column][vc_row_inner][vc_column_inner width=&#8221;1\/2&#8243;][vc_column_text]<strong>PROGEO Geotechnical Consultants<\/strong>\u00a0\u00e9s contractada per a realitzar un\u00a0<strong>an\u00e1lisi dels talussos<\/strong>\u00a0d&#8217;una plataforma log\u00edstica al Pol\u00edgon Industrial Riera del Mol\u00ed, Molins de Rei.<\/p>\n<p>Aquest an\u00e0lisi es realitza amb la finalitat d&#8217;evaluar l&#8217;estabilitat dels talussos d&#8217;excavacu\u00f3 proposats per als desmunts a executar a la zona d&#8217;estudo, i definir solucions de contenci\u00f3 mitjan\u00e7ant la t\u00e8cnica de soil nailing.[\/vc_column_text][\/vc_column_inner][vc_column_inner width=&#8221;1\/2&#8243;][vc_column_text]Els<strong> serveis oferts per PRO GEO\u00a0<\/strong>han consistit en el seg\u00fcent:<\/p>\n<ul>\n<li>Visites d&#8217;obra i evaluaci\u00f3 dels talussos i del terreny.<\/li>\n<li>Definici\u00f3 de la campanya geot\u00e8cnica complement\u00e0ria.<\/li>\n<li>An\u00e0lisi de la campanya geot\u00e8cnica complement\u00e0ria.<\/li>\n<li>Modelizaci\u00f3 geomec\u00e0nica 2D amb Slide\u00a0i Plaxis 2D per a evaludar l&#8217;estabilitat global i definir el mur de soil nailing com a mesura de contenci\u00f3.<\/li>\n<\/ul>\n[\/vc_column_text][\/vc_column_inner][\/vc_row_inner][vc_empty_space height=&#8221;60px&#8221;][vc_row_inner][vc_column_inner width=&#8221;1\/6&#8243;][\/vc_column_inner][vc_column_inner width=&#8221;2\/3&#8243;][vc_images_carousel images=&#8221;2657,2663,2666,2664,2665,2662,2661,2659,2660&#8243; img_size=&#8221;full&#8221;][\/vc_column_inner][vc_column_inner width=&#8221;1\/6&#8243;][\/vc_column_inner][\/vc_row_inner][\/vc_column][\/vc_row][vc_row][vc_column][vc_empty_space][\/vc_column][\/vc_row]\n","protected":false},"excerpt":{"rendered":"<p>[vc_row row_type=&#8221;3&#8243; blox_height=&#8221;600&#8243; blox_image=&#8221;2668&#8243; blox_padding_top=&#8221;260&#8243; blox_padding_bottom=&#8221;70&#8243; blox_dark=&#8221;true&#8221; row_pattern=&#8221;max-pat&#8221;][vc_column][vc_column_text] POL\u00cdGON INDUSTRIAL RIERA DEL MOL\u00cd, MOLINS DE REI (ESPANYA, 2019-2021) [\/vc_column_text][\/vc_column][\/vc_row][vc_row][vc_column][vc_empty_space][\/vc_column][\/vc_row][vc_row][vc_column][vc_row_inner][vc_column_inner width=&#8221;1\/2&#8243;][vc_column_text]PROGEO Geotechnical Consultants\u00a0\u00e9s contractada per a realitzar un\u00a0an\u00e1lisi dels talussos\u00a0d&#8217;una plataforma log\u00edstica al Pol\u00edgon Industrial Riera del Mol\u00ed, Molins de Rei. Aquest an\u00e0lisi es realitza amb la finalitat d&#8217;evaluar l&#8217;estabilitat dels talussos d&#8217;excavacu\u00f3 proposats per als desmunts a executar a la zona d&#8217;estudo, i definir solucions&#8230; <\/p>\n<p><a class=\"readmore\" href=\"https:\/\/progeo-cga.com\/ca\/projectes\/talussos-i-lliscaments-projectes\/soil-nailing-molins-rei-espanya-2019-2021\/\">Read More<\/a><\/p>\n","protected":false},"author":3,"featured_media":0,"parent":1673,"menu_order":8,"comment_status":"closed","ping_status":"closed","template":"","meta":{"footnotes":""},"class_list":["post-2674","page","type-page","status-publish","hentry"],"yoast_head":"<!-- This site is optimized with the Yoast SEO plugin v24.0 - https:\/\/yoast.com\/wordpress\/plugins\/seo\/ -->\n<title>MOLINS DE REI, ESPANYA (2019-2021) - PRO GEO<\/title>\n<meta name=\"robots\" content=\"index, follow, max-snippet:-1, max-image-preview:large, max-video-preview:-1\" \/>\n<link rel=\"canonical\" href=\"https:\/\/progeo-cga.com\/ca\/projectes\/talussos-i-lliscaments-projectes\/soil-nailing-molins-rei-espanya-2019-2021\/\" \/>\n<meta property=\"og:locale\" content=\"ca_ES\" \/>\n<meta property=\"og:type\" content=\"article\" \/>\n<meta property=\"og:title\" content=\"MOLINS DE REI, ESPANYA (2019-2021) - PRO GEO\" \/>\n<meta property=\"og:description\" content=\"[vc_row row_type=&#8221;3&#8243; blox_height=&#8221;600&#8243; blox_image=&#8221;2668&#8243; blox_padding_top=&#8221;260&#8243; blox_padding_bottom=&#8221;70&#8243; blox_dark=&#8221;true&#8221; row_pattern=&#8221;max-pat&#8221;][vc_column][vc_column_text] POL\u00cdGON INDUSTRIAL RIERA DEL MOL\u00cd, MOLINS DE REI (ESPANYA, 2019-2021) [\/vc_column_text][\/vc_column][\/vc_row][vc_row][vc_column][vc_empty_space][\/vc_column][\/vc_row][vc_row][vc_column][vc_row_inner][vc_column_inner width=&#8221;1\/2&#8243;][vc_column_text]PROGEO Geotechnical Consultants\u00a0\u00e9s contractada per a realitzar un\u00a0an\u00e1lisi dels talussos\u00a0d&#8217;una plataforma log\u00edstica al Pol\u00edgon Industrial Riera del Mol\u00ed, Molins de Rei. Aquest an\u00e0lisi es realitza amb la finalitat d&#8217;evaluar l&#8217;estabilitat dels talussos d&#8217;excavacu\u00f3 proposats per als desmunts a executar a la zona d&#8217;estudo, i definir solucions... Read More\" \/>\n<meta property=\"og:url\" content=\"https:\/\/progeo-cga.com\/ca\/projectes\/talussos-i-lliscaments-projectes\/soil-nailing-molins-rei-espanya-2019-2021\/\" \/>\n<meta property=\"og:site_name\" content=\"PRO GEO\" \/>\n<meta property=\"article:modified_time\" content=\"2021-03-19T10:35:37+00:00\" \/>\n<meta name=\"twitter:card\" content=\"summary_large_image\" \/>\n<meta name=\"twitter:label1\" content=\"Temps estimat de lectura\" \/>\n\t<meta name=\"twitter:data1\" content=\"1 minut\" \/>\n<script type=\"application\/ld+json\" class=\"yoast-schema-graph\">{\"@context\":\"https:\/\/schema.org\",\"@graph\":[{\"@type\":\"WebPage\",\"@id\":\"https:\/\/progeo-cga.com\/ca\/projectes\/talussos-i-lliscaments-projectes\/soil-nailing-molins-rei-espanya-2019-2021\/\",\"url\":\"https:\/\/progeo-cga.com\/ca\/projectes\/talussos-i-lliscaments-projectes\/soil-nailing-molins-rei-espanya-2019-2021\/\",\"name\":\"MOLINS DE REI, ESPANYA (2019-2021) - PRO GEO\",\"isPartOf\":{\"@id\":\"https:\/\/progeo-cga.com\/#website\"},\"datePublished\":\"2021-03-18T16:27:34+00:00\",\"dateModified\":\"2021-03-19T10:35:37+00:00\",\"breadcrumb\":{\"@id\":\"https:\/\/progeo-cga.com\/ca\/projectes\/talussos-i-lliscaments-projectes\/soil-nailing-molins-rei-espanya-2019-2021\/#breadcrumb\"},\"inLanguage\":\"ca\",\"potentialAction\":[{\"@type\":\"ReadAction\",\"target\":[\"https:\/\/progeo-cga.com\/ca\/projectes\/talussos-i-lliscaments-projectes\/soil-nailing-molins-rei-espanya-2019-2021\/\"]}]},{\"@type\":\"BreadcrumbList\",\"@id\":\"https:\/\/progeo-cga.com\/ca\/projectes\/talussos-i-lliscaments-projectes\/soil-nailing-molins-rei-espanya-2019-2021\/#breadcrumb\",\"itemListElement\":[{\"@type\":\"ListItem\",\"position\":1,\"name\":\"Home\",\"item\":\"https:\/\/progeo-cga.com\/ca\/\"},{\"@type\":\"ListItem\",\"position\":2,\"name\":\"Projectes\",\"item\":\"https:\/\/progeo-cga.com\/ca\/projectes\/\"},{\"@type\":\"ListItem\",\"position\":3,\"name\":\"TALUSSOS I LLISCAMENTS &#8211; PROJECTES\",\"item\":\"https:\/\/progeo-cga.com\/ca\/projectes\/talussos-i-lliscaments-projectes\/\"},{\"@type\":\"ListItem\",\"position\":4,\"name\":\"MOLINS DE REI, ESPANYA (2019-2021)\"}]},{\"@type\":\"WebSite\",\"@id\":\"https:\/\/progeo-cga.com\/#website\",\"url\":\"https:\/\/progeo-cga.com\/\",\"name\":\"PRO GEO\",\"description\":\"GEOTECHNICAL CONSULTANTS\",\"potentialAction\":[{\"@type\":\"SearchAction\",\"target\":{\"@type\":\"EntryPoint\",\"urlTemplate\":\"https:\/\/progeo-cga.com\/?s={search_term_string}\"},\"query-input\":{\"@type\":\"PropertyValueSpecification\",\"valueRequired\":true,\"valueName\":\"search_term_string\"}}],\"inLanguage\":\"ca\"}]}<\/script>\n<!-- \/ Yoast SEO plugin. -->","yoast_head_json":{"title":"MOLINS DE REI, ESPANYA (2019-2021) - PRO GEO","robots":{"index":"index","follow":"follow","max-snippet":"max-snippet:-1","max-image-preview":"max-image-preview:large","max-video-preview":"max-video-preview:-1"},"canonical":"https:\/\/progeo-cga.com\/ca\/projectes\/talussos-i-lliscaments-projectes\/soil-nailing-molins-rei-espanya-2019-2021\/","og_locale":"ca_ES","og_type":"article","og_title":"MOLINS DE REI, ESPANYA (2019-2021) - PRO GEO","og_description":"[vc_row row_type=&#8221;3&#8243; blox_height=&#8221;600&#8243; blox_image=&#8221;2668&#8243; blox_padding_top=&#8221;260&#8243; blox_padding_bottom=&#8221;70&#8243; blox_dark=&#8221;true&#8221; row_pattern=&#8221;max-pat&#8221;][vc_column][vc_column_text] POL\u00cdGON INDUSTRIAL RIERA DEL MOL\u00cd, MOLINS DE REI (ESPANYA, 2019-2021) [\/vc_column_text][\/vc_column][\/vc_row][vc_row][vc_column][vc_empty_space][\/vc_column][\/vc_row][vc_row][vc_column][vc_row_inner][vc_column_inner width=&#8221;1\/2&#8243;][vc_column_text]PROGEO Geotechnical Consultants\u00a0\u00e9s contractada per a realitzar un\u00a0an\u00e1lisi dels talussos\u00a0d&#8217;una plataforma log\u00edstica al Pol\u00edgon Industrial Riera del Mol\u00ed, Molins de Rei. Aquest an\u00e0lisi es realitza amb la finalitat d&#8217;evaluar l&#8217;estabilitat dels talussos d&#8217;excavacu\u00f3 proposats per als desmunts a executar a la zona d&#8217;estudo, i definir solucions... Read More","og_url":"https:\/\/progeo-cga.com\/ca\/projectes\/talussos-i-lliscaments-projectes\/soil-nailing-molins-rei-espanya-2019-2021\/","og_site_name":"PRO GEO","article_modified_time":"2021-03-19T10:35:37+00:00","twitter_card":"summary_large_image","twitter_misc":{"Temps estimat de lectura":"1 minut"},"schema":{"@context":"https:\/\/schema.org","@graph":[{"@type":"WebPage","@id":"https:\/\/progeo-cga.com\/ca\/projectes\/talussos-i-lliscaments-projectes\/soil-nailing-molins-rei-espanya-2019-2021\/","url":"https:\/\/progeo-cga.com\/ca\/projectes\/talussos-i-lliscaments-projectes\/soil-nailing-molins-rei-espanya-2019-2021\/","name":"MOLINS DE REI, ESPANYA (2019-2021) - PRO GEO","isPartOf":{"@id":"https:\/\/progeo-cga.com\/#website"},"datePublished":"2021-03-18T16:27:34+00:00","dateModified":"2021-03-19T10:35:37+00:00","breadcrumb":{"@id":"https:\/\/progeo-cga.com\/ca\/projectes\/talussos-i-lliscaments-projectes\/soil-nailing-molins-rei-espanya-2019-2021\/#breadcrumb"},"inLanguage":"ca","potentialAction":[{"@type":"ReadAction","target":["https:\/\/progeo-cga.com\/ca\/projectes\/talussos-i-lliscaments-projectes\/soil-nailing-molins-rei-espanya-2019-2021\/"]}]},{"@type":"BreadcrumbList","@id":"https:\/\/progeo-cga.com\/ca\/projectes\/talussos-i-lliscaments-projectes\/soil-nailing-molins-rei-espanya-2019-2021\/#breadcrumb","itemListElement":[{"@type":"ListItem","position":1,"name":"Home","item":"https:\/\/progeo-cga.com\/ca\/"},{"@type":"ListItem","position":2,"name":"Projectes","item":"https:\/\/progeo-cga.com\/ca\/projectes\/"},{"@type":"ListItem","position":3,"name":"TALUSSOS I LLISCAMENTS &#8211; PROJECTES","item":"https:\/\/progeo-cga.com\/ca\/projectes\/talussos-i-lliscaments-projectes\/"},{"@type":"ListItem","position":4,"name":"MOLINS DE REI, ESPANYA (2019-2021)"}]},{"@type":"WebSite","@id":"https:\/\/progeo-cga.com\/#website","url":"https:\/\/progeo-cga.com\/","name":"PRO GEO","description":"GEOTECHNICAL CONSULTANTS","potentialAction":[{"@type":"SearchAction","target":{"@type":"EntryPoint","urlTemplate":"https:\/\/progeo-cga.com\/?s={search_term_string}"},"query-input":{"@type":"PropertyValueSpecification","valueRequired":true,"valueName":"search_term_string"}}],"inLanguage":"ca"}]}},"_links":{"self":[{"href":"https:\/\/progeo-cga.com\/ca\/wp-json\/wp\/v2\/pages\/2674","targetHints":{"allow":["GET"]}}],"collection":[{"href":"https:\/\/progeo-cga.com\/ca\/wp-json\/wp\/v2\/pages"}],"about":[{"href":"https:\/\/progeo-cga.com\/ca\/wp-json\/wp\/v2\/types\/page"}],"author":[{"embeddable":true,"href":"https:\/\/progeo-cga.com\/ca\/wp-json\/wp\/v2\/users\/3"}],"replies":[{"embeddable":true,"href":"https:\/\/progeo-cga.com\/ca\/wp-json\/wp\/v2\/comments?post=2674"}],"version-history":[{"count":3,"href":"https:\/\/progeo-cga.com\/ca\/wp-json\/wp\/v2\/pages\/2674\/revisions"}],"predecessor-version":[{"id":2688,"href":"https:\/\/progeo-cga.com\/ca\/wp-json\/wp\/v2\/pages\/2674\/revisions\/2688"}],"up":[{"embeddable":true,"href":"https:\/\/progeo-cga.com\/ca\/wp-json\/wp\/v2\/pages\/1673"}],"wp:attachment":[{"href":"https:\/\/progeo-cga.com\/ca\/wp-json\/wp\/v2\/media?parent=2674"}],"curies":[{"name":"wp","href":"https:\/\/api.w.org\/{rel}","templated":true}]}}