{"id":2649,"date":"2021-03-16T17:13:41","date_gmt":"2021-03-16T17:13:41","guid":{"rendered":"http:\/\/progeo-cga.com\/?page_id=2649\/"},"modified":"2021-03-16T17:14:55","modified_gmt":"2021-03-16T17:14:55","slug":"finch-west-lrt-toronto-canada-2019-2020","status":"publish","type":"page","link":"https:\/\/progeo-cga.com\/ca\/projectes\/tunels-i-obres-subterranies-projectes\/finch-west-lrt-toronto-canada-2019-2020\/","title":{"rendered":"FINCH WEST LRT-TORONTO, CANAD\u00c0 (2019-2020)"},"content":{"rendered":"[vc_row][vc_column][vc_column_text]\n[\/vc_column_text][\/vc_column][\/vc_row][vc_row row_type=&#8221;3&#8243; blox_height=&#8221;600&#8243; blox_image=&#8221;2635&#8243; blox_padding_top=&#8221;260&#8243; blox_padding_bottom=&#8221;70&#8243; blox_dark=&#8221;true&#8221; row_pattern=&#8221;max-pat&#8221;][vc_column][vc_column_text]\n<p class=\"head-nosotros\">TRAMVIA LLEUGER DE FINCH OEST (LRT) &#8211; TORONTO, CANAD\u00c0 (2019-2020)<\/p>\n[\/vc_column_text][\/vc_column][\/vc_row][vc_row][vc_column][vc_empty_space][\/vc_column][\/vc_row][vc_row][vc_column][vc_row_inner][vc_column_inner width=&#8221;1\/2&#8243;][vc_column_text]El projecte del Tramvia Lleuger de Finch Oest (FWLRT) compr\u00e8n el disseny, construcci\u00f3 i manteniment d&#8217;una l\u00ednia de tramvia lleuger (LRT) de 11,5 km a Toronto. La l\u00ednia LRT se situa al llarg de l&#8217;actual Finch Avenue West en direcci\u00f3 est-oest entre les interseccions de l&#8217;autopista 27 i Keele Street, i anir\u00e0 cap al sud al llarg de l&#8217;autopista 27 cap a la intersecci\u00f3 de Humber College Boulevard.<\/p>\n<p><a href=\"http:\/\/progeo-cga.com\/ca\/sobre-nosaltres\/col-laboradors\/\"><strong>EWE+ General Partnership<\/strong><\/a>, la empresa en la\u00a0que\u00a0<a href=\"http:\/\/progeo-cga.com\/ca\/sobre-nosaltres\/\"><strong>PG Geotechnical Consultants<\/strong><\/a>\u00a0en forma part, va ser contractada per <strong>assistir a la constructora durant la fase de construcci\u00f3<\/strong>, desenvolupant una nova interpretaci\u00f3 de par\u00e0metres geot\u00e8cnics i avaluant diferents aspectes de el Projecte.[\/vc_column_text][\/vc_column_inner][vc_column_inner width=&#8221;1\/2&#8243;][vc_column_text]Les activitats de <strong>consultoria geot\u00e8cnica desenvolupades<\/strong> per<strong>\u00a0<a href=\"http:\/\/progeo-cga.com\/ca\/sobre-nosaltres\/col-laboradors\/\">PG\u00a0i EWE+ <\/a><\/strong>inclouen els seg\u00fcents aspectes:<\/p>\n<ul>\n<li>Interpretaci\u00f3 de par\u00e0metres geot\u00e8cnics.<\/li>\n<li>An\u00e0lisi geomec\u00e0nics 2D a les proximitats de t\u00fanel de metro (TTC) (Plaxis 2D).<\/li>\n<li>Disseny alternatiu d&#8217;esgotament de l&#8217;Estaci\u00f3 de Finch Oest utilitzant modelitzaci\u00f3 3D (Feflow).<\/li>\n<li>Estimaci\u00f3 d&#8217;assentaments de t\u00fanels TTC per esgotament mitjan\u00e7ant modelitzaci\u00f3 3D (Plaxis 3D).<\/li>\n<\/ul>\n[\/vc_column_text][\/vc_column_inner][\/vc_row_inner][vc_empty_space height=&#8221;60px&#8221;][vc_row_inner][vc_column_inner width=&#8221;1\/6&#8243;][\/vc_column_inner][vc_column_inner width=&#8221;2\/3&#8243;][vc_images_carousel images=&#8221;2617,2618,2619,2620,2621,2624,2622,2623,2627,2625,2626,2628&#8243; img_size=&#8221;full&#8221;][\/vc_column_inner][vc_column_inner width=&#8221;1\/6&#8243;][\/vc_column_inner][\/vc_row_inner][\/vc_column][\/vc_row][vc_row][vc_column][vc_empty_space][\/vc_column][\/vc_row][vc_row][vc_column][vc_column_text]\n[\/vc_column_text][\/vc_column][\/vc_row]\n","protected":false},"excerpt":{"rendered":"<p>[vc_row][vc_column][vc_column_text] [\/vc_column_text][\/vc_column][\/vc_row][vc_row row_type=&#8221;3&#8243; blox_height=&#8221;600&#8243; blox_image=&#8221;2635&#8243; blox_padding_top=&#8221;260&#8243; blox_padding_bottom=&#8221;70&#8243; blox_dark=&#8221;true&#8221; row_pattern=&#8221;max-pat&#8221;][vc_column][vc_column_text] TRAMVIA LLEUGER DE FINCH OEST (LRT) &#8211; TORONTO, CANAD\u00c0 (2019-2020) [\/vc_column_text][\/vc_column][\/vc_row][vc_row][vc_column][vc_empty_space][\/vc_column][\/vc_row][vc_row][vc_column][vc_row_inner][vc_column_inner width=&#8221;1\/2&#8243;][vc_column_text]El projecte del Tramvia Lleuger de Finch Oest (FWLRT) compr\u00e8n el disseny, construcci\u00f3 i manteniment d&#8217;una l\u00ednia de tramvia lleuger (LRT) de 11,5 km a Toronto. La l\u00ednia LRT se situa al llarg de l&#8217;actual Finch Avenue West en direcci\u00f3 est-oest entre les interseccions de&#8230; <\/p>\n<p><a class=\"readmore\" href=\"https:\/\/progeo-cga.com\/ca\/projectes\/tunels-i-obres-subterranies-projectes\/finch-west-lrt-toronto-canada-2019-2020\/\">Read More<\/a><\/p>\n","protected":false},"author":3,"featured_media":0,"parent":1681,"menu_order":11,"comment_status":"closed","ping_status":"closed","template":"","meta":{"footnotes":""},"class_list":["post-2649","page","type-page","status-publish","hentry"],"yoast_head":"<!-- This site is optimized with the Yoast SEO plugin v24.0 - https:\/\/yoast.com\/wordpress\/plugins\/seo\/ -->\n<title>FINCH WEST LRT-TORONTO, CANAD\u00c0 (2019-2020) - PRO GEO<\/title>\n<meta name=\"robots\" content=\"index, follow, max-snippet:-1, max-image-preview:large, max-video-preview:-1\" \/>\n<link rel=\"canonical\" href=\"https:\/\/progeo-cga.com\/ca\/projectes\/tunels-i-obres-subterranies-projectes\/finch-west-lrt-toronto-canada-2019-2020\/\" \/>\n<meta property=\"og:locale\" content=\"ca_ES\" \/>\n<meta property=\"og:type\" content=\"article\" \/>\n<meta property=\"og:title\" content=\"FINCH WEST LRT-TORONTO, CANAD\u00c0 (2019-2020) - PRO GEO\" \/>\n<meta property=\"og:description\" content=\"[vc_row][vc_column][vc_column_text] [\/vc_column_text][\/vc_column][\/vc_row][vc_row row_type=&#8221;3&#8243; blox_height=&#8221;600&#8243; blox_image=&#8221;2635&#8243; blox_padding_top=&#8221;260&#8243; blox_padding_bottom=&#8221;70&#8243; blox_dark=&#8221;true&#8221; row_pattern=&#8221;max-pat&#8221;][vc_column][vc_column_text] TRAMVIA LLEUGER DE FINCH OEST (LRT) &#8211; TORONTO, CANAD\u00c0 (2019-2020) [\/vc_column_text][\/vc_column][\/vc_row][vc_row][vc_column][vc_empty_space][\/vc_column][\/vc_row][vc_row][vc_column][vc_row_inner][vc_column_inner width=&#8221;1\/2&#8243;][vc_column_text]El projecte del Tramvia Lleuger de Finch Oest (FWLRT) compr\u00e8n el disseny, construcci\u00f3 i manteniment d&#8217;una l\u00ednia de tramvia lleuger (LRT) de 11,5 km a Toronto. La l\u00ednia LRT se situa al llarg de l&#8217;actual Finch Avenue West en direcci\u00f3 est-oest entre les interseccions de... Read More\" \/>\n<meta property=\"og:url\" content=\"https:\/\/progeo-cga.com\/ca\/projectes\/tunels-i-obres-subterranies-projectes\/finch-west-lrt-toronto-canada-2019-2020\/\" \/>\n<meta property=\"og:site_name\" content=\"PRO GEO\" \/>\n<meta property=\"article:modified_time\" content=\"2021-03-16T17:14:55+00:00\" \/>\n<meta name=\"twitter:card\" content=\"summary_large_image\" \/>\n<meta name=\"twitter:label1\" content=\"Temps estimat de lectura\" \/>\n\t<meta name=\"twitter:data1\" content=\"2 minuts\" \/>\n<script type=\"application\/ld+json\" class=\"yoast-schema-graph\">{\"@context\":\"https:\/\/schema.org\",\"@graph\":[{\"@type\":\"WebPage\",\"@id\":\"https:\/\/progeo-cga.com\/ca\/projectes\/tunels-i-obres-subterranies-projectes\/finch-west-lrt-toronto-canada-2019-2020\/\",\"url\":\"https:\/\/progeo-cga.com\/ca\/projectes\/tunels-i-obres-subterranies-projectes\/finch-west-lrt-toronto-canada-2019-2020\/\",\"name\":\"FINCH WEST LRT-TORONTO, CANAD\u00c0 (2019-2020) - PRO GEO\",\"isPartOf\":{\"@id\":\"https:\/\/progeo-cga.com\/#website\"},\"datePublished\":\"2021-03-16T17:13:41+00:00\",\"dateModified\":\"2021-03-16T17:14:55+00:00\",\"breadcrumb\":{\"@id\":\"https:\/\/progeo-cga.com\/ca\/projectes\/tunels-i-obres-subterranies-projectes\/finch-west-lrt-toronto-canada-2019-2020\/#breadcrumb\"},\"inLanguage\":\"ca\",\"potentialAction\":[{\"@type\":\"ReadAction\",\"target\":[\"https:\/\/progeo-cga.com\/ca\/projectes\/tunels-i-obres-subterranies-projectes\/finch-west-lrt-toronto-canada-2019-2020\/\"]}]},{\"@type\":\"BreadcrumbList\",\"@id\":\"https:\/\/progeo-cga.com\/ca\/projectes\/tunels-i-obres-subterranies-projectes\/finch-west-lrt-toronto-canada-2019-2020\/#breadcrumb\",\"itemListElement\":[{\"@type\":\"ListItem\",\"position\":1,\"name\":\"Home\",\"item\":\"https:\/\/progeo-cga.com\/ca\/\"},{\"@type\":\"ListItem\",\"position\":2,\"name\":\"Projectes\",\"item\":\"https:\/\/progeo-cga.com\/ca\/projectes\/\"},{\"@type\":\"ListItem\",\"position\":3,\"name\":\"T\u00daNELS &#8211; PROJECTES\",\"item\":\"https:\/\/progeo-cga.com\/ca\/projectes\/tunels-i-obres-subterranies-projectes\/\"},{\"@type\":\"ListItem\",\"position\":4,\"name\":\"FINCH WEST LRT-TORONTO, CANAD\u00c0 (2019-2020)\"}]},{\"@type\":\"WebSite\",\"@id\":\"https:\/\/progeo-cga.com\/#website\",\"url\":\"https:\/\/progeo-cga.com\/\",\"name\":\"PRO GEO\",\"description\":\"GEOTECHNICAL CONSULTANTS\",\"potentialAction\":[{\"@type\":\"SearchAction\",\"target\":{\"@type\":\"EntryPoint\",\"urlTemplate\":\"https:\/\/progeo-cga.com\/?s={search_term_string}\"},\"query-input\":{\"@type\":\"PropertyValueSpecification\",\"valueRequired\":true,\"valueName\":\"search_term_string\"}}],\"inLanguage\":\"ca\"}]}<\/script>\n<!-- \/ Yoast SEO plugin. -->","yoast_head_json":{"title":"FINCH WEST LRT-TORONTO, CANAD\u00c0 (2019-2020) - PRO GEO","robots":{"index":"index","follow":"follow","max-snippet":"max-snippet:-1","max-image-preview":"max-image-preview:large","max-video-preview":"max-video-preview:-1"},"canonical":"https:\/\/progeo-cga.com\/ca\/projectes\/tunels-i-obres-subterranies-projectes\/finch-west-lrt-toronto-canada-2019-2020\/","og_locale":"ca_ES","og_type":"article","og_title":"FINCH WEST LRT-TORONTO, CANAD\u00c0 (2019-2020) - PRO GEO","og_description":"[vc_row][vc_column][vc_column_text] [\/vc_column_text][\/vc_column][\/vc_row][vc_row row_type=&#8221;3&#8243; blox_height=&#8221;600&#8243; blox_image=&#8221;2635&#8243; blox_padding_top=&#8221;260&#8243; blox_padding_bottom=&#8221;70&#8243; blox_dark=&#8221;true&#8221; row_pattern=&#8221;max-pat&#8221;][vc_column][vc_column_text] TRAMVIA LLEUGER DE FINCH OEST (LRT) &#8211; TORONTO, CANAD\u00c0 (2019-2020) [\/vc_column_text][\/vc_column][\/vc_row][vc_row][vc_column][vc_empty_space][\/vc_column][\/vc_row][vc_row][vc_column][vc_row_inner][vc_column_inner width=&#8221;1\/2&#8243;][vc_column_text]El projecte del Tramvia Lleuger de Finch Oest (FWLRT) compr\u00e8n el disseny, construcci\u00f3 i manteniment d&#8217;una l\u00ednia de tramvia lleuger (LRT) de 11,5 km a Toronto. La l\u00ednia LRT se situa al llarg de l&#8217;actual Finch Avenue West en direcci\u00f3 est-oest entre les interseccions de... Read More","og_url":"https:\/\/progeo-cga.com\/ca\/projectes\/tunels-i-obres-subterranies-projectes\/finch-west-lrt-toronto-canada-2019-2020\/","og_site_name":"PRO GEO","article_modified_time":"2021-03-16T17:14:55+00:00","twitter_card":"summary_large_image","twitter_misc":{"Temps estimat de lectura":"2 minuts"},"schema":{"@context":"https:\/\/schema.org","@graph":[{"@type":"WebPage","@id":"https:\/\/progeo-cga.com\/ca\/projectes\/tunels-i-obres-subterranies-projectes\/finch-west-lrt-toronto-canada-2019-2020\/","url":"https:\/\/progeo-cga.com\/ca\/projectes\/tunels-i-obres-subterranies-projectes\/finch-west-lrt-toronto-canada-2019-2020\/","name":"FINCH WEST LRT-TORONTO, CANAD\u00c0 (2019-2020) - PRO GEO","isPartOf":{"@id":"https:\/\/progeo-cga.com\/#website"},"datePublished":"2021-03-16T17:13:41+00:00","dateModified":"2021-03-16T17:14:55+00:00","breadcrumb":{"@id":"https:\/\/progeo-cga.com\/ca\/projectes\/tunels-i-obres-subterranies-projectes\/finch-west-lrt-toronto-canada-2019-2020\/#breadcrumb"},"inLanguage":"ca","potentialAction":[{"@type":"ReadAction","target":["https:\/\/progeo-cga.com\/ca\/projectes\/tunels-i-obres-subterranies-projectes\/finch-west-lrt-toronto-canada-2019-2020\/"]}]},{"@type":"BreadcrumbList","@id":"https:\/\/progeo-cga.com\/ca\/projectes\/tunels-i-obres-subterranies-projectes\/finch-west-lrt-toronto-canada-2019-2020\/#breadcrumb","itemListElement":[{"@type":"ListItem","position":1,"name":"Home","item":"https:\/\/progeo-cga.com\/ca\/"},{"@type":"ListItem","position":2,"name":"Projectes","item":"https:\/\/progeo-cga.com\/ca\/projectes\/"},{"@type":"ListItem","position":3,"name":"T\u00daNELS &#8211; PROJECTES","item":"https:\/\/progeo-cga.com\/ca\/projectes\/tunels-i-obres-subterranies-projectes\/"},{"@type":"ListItem","position":4,"name":"FINCH WEST LRT-TORONTO, CANAD\u00c0 (2019-2020)"}]},{"@type":"WebSite","@id":"https:\/\/progeo-cga.com\/#website","url":"https:\/\/progeo-cga.com\/","name":"PRO GEO","description":"GEOTECHNICAL CONSULTANTS","potentialAction":[{"@type":"SearchAction","target":{"@type":"EntryPoint","urlTemplate":"https:\/\/progeo-cga.com\/?s={search_term_string}"},"query-input":{"@type":"PropertyValueSpecification","valueRequired":true,"valueName":"search_term_string"}}],"inLanguage":"ca"}]}},"_links":{"self":[{"href":"https:\/\/progeo-cga.com\/ca\/wp-json\/wp\/v2\/pages\/2649","targetHints":{"allow":["GET"]}}],"collection":[{"href":"https:\/\/progeo-cga.com\/ca\/wp-json\/wp\/v2\/pages"}],"about":[{"href":"https:\/\/progeo-cga.com\/ca\/wp-json\/wp\/v2\/types\/page"}],"author":[{"embeddable":true,"href":"https:\/\/progeo-cga.com\/ca\/wp-json\/wp\/v2\/users\/3"}],"replies":[{"embeddable":true,"href":"https:\/\/progeo-cga.com\/ca\/wp-json\/wp\/v2\/comments?post=2649"}],"version-history":[{"count":1,"href":"https:\/\/progeo-cga.com\/ca\/wp-json\/wp\/v2\/pages\/2649\/revisions"}],"predecessor-version":[{"id":2650,"href":"https:\/\/progeo-cga.com\/ca\/wp-json\/wp\/v2\/pages\/2649\/revisions\/2650"}],"up":[{"embeddable":true,"href":"https:\/\/progeo-cga.com\/ca\/wp-json\/wp\/v2\/pages\/1681"}],"wp:attachment":[{"href":"https:\/\/progeo-cga.com\/ca\/wp-json\/wp\/v2\/media?parent=2649"}],"curies":[{"name":"wp","href":"https:\/\/api.w.org\/{rel}","templated":true}]}}