{"id":2606,"date":"2021-03-15T16:25:26","date_gmt":"2021-03-15T16:25:26","guid":{"rendered":"http:\/\/progeo-cga.com\/?page_id=2606\/"},"modified":"2021-03-15T16:25:26","modified_gmt":"2021-03-15T16:25:26","slug":"moll-adossat-port-barcelona-espanya-2018-2020","status":"publish","type":"page","link":"https:\/\/progeo-cga.com\/ca\/projectes\/ports-projectes\/moll-adossat-port-barcelona-espanya-2018-2020\/","title":{"rendered":"MOLL ADOSSAT &#8211; PORT DE BARCELONA, ESPANYA (2018-2020)"},"content":{"rendered":"[vc_row row_type=&#8221;3&#8243; blox_image=&#8221;2588&#8243; blox_dark=&#8221;true&#8221; row_pattern=&#8221;max-pat&#8221;][vc_column][vc_empty_space height=&#8221;260px&#8221;][vc_column_text]\n<p class=\"head-nosotros\">AMPLIACI\u00d3 DEL MOLL ADOSSAT DEL PORT DE BARCELONA FASE 3 (ESPANYA, 2018-2020)<\/p>\n[\/vc_column_text][vc_empty_space height=&#8221;260px&#8221;][\/vc_column][\/vc_row][vc_row][vc_column][vc_empty_space height=&#8221;60px&#8221;][vc_row_inner][vc_column_inner width=&#8221;1\/2&#8243;][vc_column_text]El Pla Director del Port de Barcelona es desenvolupa en el marc del Pla Delta, i en\u00a0aquest\u00a0es contemplen un seguit d&#8217;actuacions en l&#8217;\u00e0mbit espacial. Una de les actuacions incloses en el Pla Director era el projecte constructiu de l&#8217;<strong>ampliaci\u00f3 de l&#8217;Moll Adossat 3\u00aa Fase<\/strong>. Aquesta ampliaci\u00f3 t\u00e9 com a objecte un nou tram d&#8217;uns 476 m de longitud i 12 m de profunditat del moll per a la reordenaci\u00f3 de les terminals de contenidors del port, aix\u00ed com\u00a0per a la construcci\u00f3 d&#8217;una nova terminal per a l&#8217;atracament de vaixells tipus creuers.<\/p>\n<p><strong>ProGEO Geotechnical Consultants<\/strong> \u00e9s contractada per a <strong>l&#8217;adaptaci\u00f3 dels processos constructius previstos al Projecte Constructiu a les necessitats que van sorgir durant la fase d&#8217;obra<\/strong>. Aquestes modificacions han tingut en compte processos de prec\u00e0rrega, la consolidaci\u00f3 del terreny, aix\u00ed com la planificaci\u00f3 de l&#8217;obra.[\/vc_column_text][\/vc_column_inner][vc_column_inner width=&#8221;1\/2&#8243;][vc_column_text]<strong>L&#8217;experi\u00e8ncia en disseny geot\u00e8cnic de PRO GEO<\/strong> ha perm\u00e8s realitzar els seg\u00fcents aspectes:<\/p>\n<ul>\n<li>An\u00e0lisi i interpretaci\u00f3 de la campanya geot\u00e8cnica.<\/li>\n<li>Modelitzaci\u00f3 geomec\u00e0nica 2D (Plaxis 2D) de la secci\u00f3 principal del moll, per a l&#8217;an\u00e0lisi d&#8217;estabilitat global amb canvis geom\u00e8trics i de proc\u00e9s constructiu.<\/li>\n<li>Modelitzaci\u00f3 geomec\u00e0nica 2D (Plaxis 2D) de la mota de tancament, per a l&#8217;an\u00e0lisi d&#8217;estabilitat global amb canvis de proc\u00e9s constructiu.<\/li>\n<li>Modelitzaci\u00f3 geomec\u00e0nica 2D i 3D (Plaxis 2D) per a l&#8217;assist\u00e8ncia t\u00e8cnica referida a l&#8217;auscultaci\u00f3.<\/li>\n<li>Modelitzaci\u00f3 geomec\u00e0nica 2D i 3D (Plaxis 2D \/ 3D) del Tal\u00f3 RoRo amb canvis de proc\u00e9s constructiu.<\/li>\n<\/ul>\n[\/vc_column_text][\/vc_column_inner][\/vc_row_inner][\/vc_column][\/vc_row][vc_row][vc_column width=&#8221;1\/6&#8243;][\/vc_column][vc_column width=&#8221;2\/3&#8243;][vc_images_carousel images=&#8221;2590,2589,2597,2591,2592,2593,2594,2596,2595&#8243; img_size=&#8221;full&#8221; autoplay=&#8221;yes&#8221; wrap=&#8221;yes&#8221;][\/vc_column][vc_column width=&#8221;1\/6&#8243;][\/vc_column][\/vc_row][vc_row][vc_column][vc_empty_space][\/vc_column][\/vc_row]\n","protected":false},"excerpt":{"rendered":"<p>[vc_row row_type=&#8221;3&#8243; blox_image=&#8221;2588&#8243; blox_dark=&#8221;true&#8221; row_pattern=&#8221;max-pat&#8221;][vc_column][vc_empty_space height=&#8221;260px&#8221;][vc_column_text] AMPLIACI\u00d3 DEL MOLL ADOSSAT DEL PORT DE BARCELONA FASE 3 (ESPANYA, 2018-2020) [\/vc_column_text][vc_empty_space height=&#8221;260px&#8221;][\/vc_column][\/vc_row][vc_row][vc_column][vc_empty_space height=&#8221;60px&#8221;][vc_row_inner][vc_column_inner width=&#8221;1\/2&#8243;][vc_column_text]El Pla Director del Port de Barcelona es desenvolupa en el marc del Pla Delta, i en\u00a0aquest\u00a0es contemplen un seguit d&#8217;actuacions en l&#8217;\u00e0mbit espacial. Una de les actuacions incloses en el Pla Director era el projecte constructiu de l&#8217;ampliaci\u00f3 de l&#8217;Moll Adossat 3\u00aa Fase&#8230;. <\/p>\n<p><a class=\"readmore\" href=\"https:\/\/progeo-cga.com\/ca\/projectes\/ports-projectes\/moll-adossat-port-barcelona-espanya-2018-2020\/\">Read More<\/a><\/p>\n","protected":false},"author":3,"featured_media":0,"parent":1679,"menu_order":2,"comment_status":"closed","ping_status":"closed","template":"","meta":{"footnotes":""},"class_list":["post-2606","page","type-page","status-publish","hentry"],"yoast_head":"<!-- This site is optimized with the Yoast SEO plugin v24.0 - https:\/\/yoast.com\/wordpress\/plugins\/seo\/ -->\n<title>MOLL ADOSSAT - PORT DE BARCELONA, ESPANYA (2018-2020) - PRO GEO<\/title>\n<meta name=\"robots\" content=\"index, follow, max-snippet:-1, max-image-preview:large, max-video-preview:-1\" \/>\n<link rel=\"canonical\" href=\"https:\/\/progeo-cga.com\/ca\/projectes\/ports-projectes\/moll-adossat-port-barcelona-espanya-2018-2020\/\" \/>\n<meta property=\"og:locale\" content=\"ca_ES\" \/>\n<meta property=\"og:type\" content=\"article\" \/>\n<meta property=\"og:title\" content=\"MOLL ADOSSAT - PORT DE BARCELONA, ESPANYA (2018-2020) - PRO GEO\" \/>\n<meta property=\"og:description\" content=\"[vc_row row_type=&#8221;3&#8243; blox_image=&#8221;2588&#8243; blox_dark=&#8221;true&#8221; row_pattern=&#8221;max-pat&#8221;][vc_column][vc_empty_space height=&#8221;260px&#8221;][vc_column_text] AMPLIACI\u00d3 DEL MOLL ADOSSAT DEL PORT DE BARCELONA FASE 3 (ESPANYA, 2018-2020) [\/vc_column_text][vc_empty_space height=&#8221;260px&#8221;][\/vc_column][\/vc_row][vc_row][vc_column][vc_empty_space height=&#8221;60px&#8221;][vc_row_inner][vc_column_inner width=&#8221;1\/2&#8243;][vc_column_text]El Pla Director del Port de Barcelona es desenvolupa en el marc del Pla Delta, i en\u00a0aquest\u00a0es contemplen un seguit d&#8217;actuacions en l&#8217;\u00e0mbit espacial. Una de les actuacions incloses en el Pla Director era el projecte constructiu de l&#8217;ampliaci\u00f3 de l&#8217;Moll Adossat 3\u00aa Fase.... Read More\" \/>\n<meta property=\"og:url\" content=\"https:\/\/progeo-cga.com\/ca\/projectes\/ports-projectes\/moll-adossat-port-barcelona-espanya-2018-2020\/\" \/>\n<meta property=\"og:site_name\" content=\"PRO GEO\" \/>\n<meta name=\"twitter:card\" content=\"summary_large_image\" \/>\n<meta name=\"twitter:label1\" content=\"Temps estimat de lectura\" \/>\n\t<meta name=\"twitter:data1\" content=\"2 minuts\" \/>\n<script type=\"application\/ld+json\" class=\"yoast-schema-graph\">{\"@context\":\"https:\/\/schema.org\",\"@graph\":[{\"@type\":\"WebPage\",\"@id\":\"https:\/\/progeo-cga.com\/ca\/projectes\/ports-projectes\/moll-adossat-port-barcelona-espanya-2018-2020\/\",\"url\":\"https:\/\/progeo-cga.com\/ca\/projectes\/ports-projectes\/moll-adossat-port-barcelona-espanya-2018-2020\/\",\"name\":\"MOLL ADOSSAT - PORT DE BARCELONA, ESPANYA (2018-2020) - PRO GEO\",\"isPartOf\":{\"@id\":\"https:\/\/progeo-cga.com\/#website\"},\"datePublished\":\"2021-03-15T16:25:26+00:00\",\"dateModified\":\"2021-03-15T16:25:26+00:00\",\"breadcrumb\":{\"@id\":\"https:\/\/progeo-cga.com\/ca\/projectes\/ports-projectes\/moll-adossat-port-barcelona-espanya-2018-2020\/#breadcrumb\"},\"inLanguage\":\"ca\",\"potentialAction\":[{\"@type\":\"ReadAction\",\"target\":[\"https:\/\/progeo-cga.com\/ca\/projectes\/ports-projectes\/moll-adossat-port-barcelona-espanya-2018-2020\/\"]}]},{\"@type\":\"BreadcrumbList\",\"@id\":\"https:\/\/progeo-cga.com\/ca\/projectes\/ports-projectes\/moll-adossat-port-barcelona-espanya-2018-2020\/#breadcrumb\",\"itemListElement\":[{\"@type\":\"ListItem\",\"position\":1,\"name\":\"Home\",\"item\":\"https:\/\/progeo-cga.com\/ca\/\"},{\"@type\":\"ListItem\",\"position\":2,\"name\":\"Projectes\",\"item\":\"https:\/\/progeo-cga.com\/ca\/projectes\/\"},{\"@type\":\"ListItem\",\"position\":3,\"name\":\"PORTS &#8211; PROJECTES\",\"item\":\"https:\/\/progeo-cga.com\/ca\/projectes\/ports-projectes\/\"},{\"@type\":\"ListItem\",\"position\":4,\"name\":\"MOLL ADOSSAT &#8211; PORT DE BARCELONA, ESPANYA (2018-2020)\"}]},{\"@type\":\"WebSite\",\"@id\":\"https:\/\/progeo-cga.com\/#website\",\"url\":\"https:\/\/progeo-cga.com\/\",\"name\":\"PRO GEO\",\"description\":\"GEOTECHNICAL CONSULTANTS\",\"potentialAction\":[{\"@type\":\"SearchAction\",\"target\":{\"@type\":\"EntryPoint\",\"urlTemplate\":\"https:\/\/progeo-cga.com\/?s={search_term_string}\"},\"query-input\":{\"@type\":\"PropertyValueSpecification\",\"valueRequired\":true,\"valueName\":\"search_term_string\"}}],\"inLanguage\":\"ca\"}]}<\/script>\n<!-- \/ Yoast SEO plugin. -->","yoast_head_json":{"title":"MOLL ADOSSAT - PORT DE BARCELONA, ESPANYA (2018-2020) - PRO GEO","robots":{"index":"index","follow":"follow","max-snippet":"max-snippet:-1","max-image-preview":"max-image-preview:large","max-video-preview":"max-video-preview:-1"},"canonical":"https:\/\/progeo-cga.com\/ca\/projectes\/ports-projectes\/moll-adossat-port-barcelona-espanya-2018-2020\/","og_locale":"ca_ES","og_type":"article","og_title":"MOLL ADOSSAT - PORT DE BARCELONA, ESPANYA (2018-2020) - PRO GEO","og_description":"[vc_row row_type=&#8221;3&#8243; blox_image=&#8221;2588&#8243; blox_dark=&#8221;true&#8221; row_pattern=&#8221;max-pat&#8221;][vc_column][vc_empty_space height=&#8221;260px&#8221;][vc_column_text] AMPLIACI\u00d3 DEL MOLL ADOSSAT DEL PORT DE BARCELONA FASE 3 (ESPANYA, 2018-2020) [\/vc_column_text][vc_empty_space height=&#8221;260px&#8221;][\/vc_column][\/vc_row][vc_row][vc_column][vc_empty_space height=&#8221;60px&#8221;][vc_row_inner][vc_column_inner width=&#8221;1\/2&#8243;][vc_column_text]El Pla Director del Port de Barcelona es desenvolupa en el marc del Pla Delta, i en\u00a0aquest\u00a0es contemplen un seguit d&#8217;actuacions en l&#8217;\u00e0mbit espacial. Una de les actuacions incloses en el Pla Director era el projecte constructiu de l&#8217;ampliaci\u00f3 de l&#8217;Moll Adossat 3\u00aa Fase.... Read More","og_url":"https:\/\/progeo-cga.com\/ca\/projectes\/ports-projectes\/moll-adossat-port-barcelona-espanya-2018-2020\/","og_site_name":"PRO GEO","twitter_card":"summary_large_image","twitter_misc":{"Temps estimat de lectura":"2 minuts"},"schema":{"@context":"https:\/\/schema.org","@graph":[{"@type":"WebPage","@id":"https:\/\/progeo-cga.com\/ca\/projectes\/ports-projectes\/moll-adossat-port-barcelona-espanya-2018-2020\/","url":"https:\/\/progeo-cga.com\/ca\/projectes\/ports-projectes\/moll-adossat-port-barcelona-espanya-2018-2020\/","name":"MOLL ADOSSAT - PORT DE BARCELONA, ESPANYA (2018-2020) - PRO GEO","isPartOf":{"@id":"https:\/\/progeo-cga.com\/#website"},"datePublished":"2021-03-15T16:25:26+00:00","dateModified":"2021-03-15T16:25:26+00:00","breadcrumb":{"@id":"https:\/\/progeo-cga.com\/ca\/projectes\/ports-projectes\/moll-adossat-port-barcelona-espanya-2018-2020\/#breadcrumb"},"inLanguage":"ca","potentialAction":[{"@type":"ReadAction","target":["https:\/\/progeo-cga.com\/ca\/projectes\/ports-projectes\/moll-adossat-port-barcelona-espanya-2018-2020\/"]}]},{"@type":"BreadcrumbList","@id":"https:\/\/progeo-cga.com\/ca\/projectes\/ports-projectes\/moll-adossat-port-barcelona-espanya-2018-2020\/#breadcrumb","itemListElement":[{"@type":"ListItem","position":1,"name":"Home","item":"https:\/\/progeo-cga.com\/ca\/"},{"@type":"ListItem","position":2,"name":"Projectes","item":"https:\/\/progeo-cga.com\/ca\/projectes\/"},{"@type":"ListItem","position":3,"name":"PORTS &#8211; PROJECTES","item":"https:\/\/progeo-cga.com\/ca\/projectes\/ports-projectes\/"},{"@type":"ListItem","position":4,"name":"MOLL ADOSSAT &#8211; PORT DE BARCELONA, ESPANYA (2018-2020)"}]},{"@type":"WebSite","@id":"https:\/\/progeo-cga.com\/#website","url":"https:\/\/progeo-cga.com\/","name":"PRO GEO","description":"GEOTECHNICAL CONSULTANTS","potentialAction":[{"@type":"SearchAction","target":{"@type":"EntryPoint","urlTemplate":"https:\/\/progeo-cga.com\/?s={search_term_string}"},"query-input":{"@type":"PropertyValueSpecification","valueRequired":true,"valueName":"search_term_string"}}],"inLanguage":"ca"}]}},"_links":{"self":[{"href":"https:\/\/progeo-cga.com\/ca\/wp-json\/wp\/v2\/pages\/2606","targetHints":{"allow":["GET"]}}],"collection":[{"href":"https:\/\/progeo-cga.com\/ca\/wp-json\/wp\/v2\/pages"}],"about":[{"href":"https:\/\/progeo-cga.com\/ca\/wp-json\/wp\/v2\/types\/page"}],"author":[{"embeddable":true,"href":"https:\/\/progeo-cga.com\/ca\/wp-json\/wp\/v2\/users\/3"}],"replies":[{"embeddable":true,"href":"https:\/\/progeo-cga.com\/ca\/wp-json\/wp\/v2\/comments?post=2606"}],"version-history":[{"count":1,"href":"https:\/\/progeo-cga.com\/ca\/wp-json\/wp\/v2\/pages\/2606\/revisions"}],"predecessor-version":[{"id":2607,"href":"https:\/\/progeo-cga.com\/ca\/wp-json\/wp\/v2\/pages\/2606\/revisions\/2607"}],"up":[{"embeddable":true,"href":"https:\/\/progeo-cga.com\/ca\/wp-json\/wp\/v2\/pages\/1679"}],"wp:attachment":[{"href":"https:\/\/progeo-cga.com\/ca\/wp-json\/wp\/v2\/media?parent=2606"}],"curies":[{"name":"wp","href":"https:\/\/api.w.org\/{rel}","templated":true}]}}