{"id":2566,"date":"2021-03-12T10:26:14","date_gmt":"2021-03-12T10:26:14","guid":{"rendered":"http:\/\/progeo-cga.com\/?page_id=2566\/"},"modified":"2021-03-12T11:43:06","modified_gmt":"2021-03-12T11:43:06","slug":"tunel-silvertown-londres-anglaterra-2020","status":"publish","type":"page","link":"https:\/\/progeo-cga.com\/ca\/projectes\/tunels-i-obres-subterranies-projectes\/tunel-silvertown-londres-anglaterra-2020\/","title":{"rendered":"T\u00daNEL DE SILVERTOWN-LONDRES, ANGLATERRA (2020)"},"content":{"rendered":"[vc_row row_type=&#8221;3&#8243; blox_height=&#8221;600&#8243; blox_image=&#8221;2552&#8243; blox_padding_top=&#8221;260&#8243; blox_padding_bottom=&#8221;70&#8243; blox_dark=&#8221;true&#8221; row_pattern=&#8221;max-pat&#8221;][vc_column][vc_column_text]\n<p class=\"head-nosotros\">T\u00daNEL DE SILVERTOWN &#8211; LONDRES,\u00a0ANGLATERRA (2020)<\/p>\n[\/vc_column_text][\/vc_column][\/vc_row][vc_row][vc_column][vc_empty_space][\/vc_column][\/vc_row][vc_row][vc_column][vc_column_text]El projecte del T\u00fanel de Silvertown consisteix en la construcci\u00f3 d&#8217;un t\u00fanel entre els districtes de Greenwich i Silvertown (Londres). El projecte inclou la construcci\u00f3 d&#8217;un t\u00fanel sota el riu T\u00e0mesi amb doble cal\u00e7ada de 1.4 km de longitud i 0.60 km de longitud de rampes d&#8217;acc\u00e9s. L&#8217;excavaci\u00f3 de t\u00fanel es fa amb dos m\u00e8todes d&#8217;excavaci\u00f3 de t\u00fanel: mitjan\u00e7ant tuneladora EPB i mitjan\u00e7ant la t\u00e8cnica de Cut and Cover, aquest \u00faltim emprat en les rampes d&#8217;acc\u00e9s al t\u00fanel.<\/p>\n[\/vc_column_text][vc_row_inner][vc_column_inner width=&#8221;1\/2&#8243;][vc_column_text]El projecte contempla la construcci\u00f3 de les seg\u00fcents estructures:<\/p>\n<ul>\n<li><em>Cut and Cover North<\/em>, que correspon a la rampa d&#8217;acc\u00e9s de districte de Silvertown (al costat del riu T\u00e0mesi).<\/li>\n<li><em>Cut and Cover South,<\/em> que correspon a la rampa d&#8217;acc\u00e9s de districte de Greenwich.<\/li>\n<\/ul>\n<p>Tamb\u00e9 contempla la construcci\u00f3 de diversos pous de control de l&#8217;excavaci\u00f3 de t\u00fanel, entre els quals es troben:<\/p>\n<ul>\n<li>Rotation Shaft, pou que es troba a Greenwich i connecta el t\u00fanel Silvertown i el Cut and Cover South.<\/li>\n<li>Launch Shaft (tamb\u00e9 conegut com Peanut Shaft), pou que es troba al districte Silvertown.<\/li>\n<li>Retrieval Shaft, pou que es troba al districte Silvertown i connecta el Launch Shaft amb el Cut and Cover North.<\/li>\n<\/ul>\n<p><strong>PRO GEO ha estat contractat per a l&#8217;an\u00e0lisi geot\u00e8cnic de l&#8217;Cut and Cover North, Rotation shaft, Launch shaft i Retrieval shaft.<\/strong>[\/vc_column_text][\/vc_column_inner][vc_column_inner width=&#8221;1\/2&#8243;][vc_column_text]<strong>L&#8217;experi\u00e8ncia de PRO GEO<\/strong> ha ajudat a resoldre els seg\u00fcents problemes:<\/p>\n<ul>\n<li>Modelitzaci\u00f3 geomec\u00e0nica tridimensional amb el Midas GTS NX i Plaxis 3D de la construcci\u00f3 del Rotation Shaft.<\/li>\n<li>Modelitzaci\u00f3 geomec\u00e0nica tridimensional en MIDAS GTS NX de la construcci\u00f3 del Launch and Retrieval Shaft.<\/li>\n<li>Modelitzaci\u00f3 geomec\u00e0nica bidimensional en Plaxis 2D de la construcci\u00f3 del Cut and Cover North.<\/li>\n<li>Estimaci\u00f3 dels moviments horitzontals de l&#8217;sosteniment temporal dels pous.<\/li>\n<li>Estudi d&#8217;alternatives de sosteniments del Rotation Shaft.<\/li>\n<li>Disseny de sistema d&#8217;esgotament per a la construcci\u00f3 del Rotation Launch and Retrieval Shaft.<\/li>\n<li>Optimitzaci\u00f3 dels ancoratges i puntals del sosteniment temporal del Cut and Cover North.<\/li>\n<\/ul>\n[\/vc_column_text][\/vc_column_inner][\/vc_row_inner][vc_empty_space height=&#8221;60px&#8221;][vc_row_inner][vc_column_inner width=&#8221;1\/6&#8243;][\/vc_column_inner][vc_column_inner width=&#8221;2\/3&#8243;][vc_images_carousel images=&#8221;2542,2543,2544,2545,2546,2547,2548,2549,2550,2551,2552,2553,2554,2555,2556&#8243; img_size=&#8221;full&#8221;][\/vc_column_inner][vc_column_inner width=&#8221;1\/6&#8243;][\/vc_column_inner][\/vc_row_inner][\/vc_column][\/vc_row][vc_row][vc_column][vc_empty_space][\/vc_column][\/vc_row]\n","protected":false},"excerpt":{"rendered":"<p>[vc_row row_type=&#8221;3&#8243; blox_height=&#8221;600&#8243; blox_image=&#8221;2552&#8243; blox_padding_top=&#8221;260&#8243; blox_padding_bottom=&#8221;70&#8243; blox_dark=&#8221;true&#8221; row_pattern=&#8221;max-pat&#8221;][vc_column][vc_column_text] T\u00daNEL DE SILVERTOWN &#8211; LONDRES,\u00a0ANGLATERRA (2020) [\/vc_column_text][\/vc_column][\/vc_row][vc_row][vc_column][vc_empty_space][\/vc_column][\/vc_row][vc_row][vc_column][vc_column_text]El projecte del T\u00fanel de Silvertown consisteix en la construcci\u00f3 d&#8217;un t\u00fanel entre els districtes de Greenwich i Silvertown (Londres). El projecte inclou la construcci\u00f3 d&#8217;un t\u00fanel sota el riu T\u00e0mesi amb doble cal\u00e7ada de 1.4 km de longitud i 0.60 km de longitud de rampes d&#8217;acc\u00e9s. L&#8217;excavaci\u00f3 de t\u00fanel es&#8230; <\/p>\n<p><a class=\"readmore\" href=\"https:\/\/progeo-cga.com\/ca\/projectes\/tunels-i-obres-subterranies-projectes\/tunel-silvertown-londres-anglaterra-2020\/\">Read More<\/a><\/p>\n","protected":false},"author":3,"featured_media":0,"parent":1681,"menu_order":10,"comment_status":"closed","ping_status":"closed","template":"","meta":{"footnotes":""},"class_list":["post-2566","page","type-page","status-publish","hentry"],"yoast_head":"<!-- This site is optimized with the Yoast SEO plugin v24.0 - https:\/\/yoast.com\/wordpress\/plugins\/seo\/ -->\n<title>T\u00daNEL DE SILVERTOWN-LONDRES, ANGLATERRA (2020) - PRO GEO<\/title>\n<meta name=\"robots\" content=\"index, follow, max-snippet:-1, max-image-preview:large, max-video-preview:-1\" \/>\n<link rel=\"canonical\" href=\"https:\/\/progeo-cga.com\/ca\/projectes\/tunels-i-obres-subterranies-projectes\/tunel-silvertown-londres-anglaterra-2020\/\" \/>\n<meta property=\"og:locale\" content=\"ca_ES\" \/>\n<meta property=\"og:type\" content=\"article\" \/>\n<meta property=\"og:title\" content=\"T\u00daNEL DE SILVERTOWN-LONDRES, ANGLATERRA (2020) - PRO GEO\" \/>\n<meta property=\"og:description\" content=\"[vc_row row_type=&#8221;3&#8243; blox_height=&#8221;600&#8243; blox_image=&#8221;2552&#8243; blox_padding_top=&#8221;260&#8243; blox_padding_bottom=&#8221;70&#8243; blox_dark=&#8221;true&#8221; row_pattern=&#8221;max-pat&#8221;][vc_column][vc_column_text] T\u00daNEL DE SILVERTOWN &#8211; LONDRES,\u00a0ANGLATERRA (2020) [\/vc_column_text][\/vc_column][\/vc_row][vc_row][vc_column][vc_empty_space][\/vc_column][\/vc_row][vc_row][vc_column][vc_column_text]El projecte del T\u00fanel de Silvertown consisteix en la construcci\u00f3 d&#8217;un t\u00fanel entre els districtes de Greenwich i Silvertown (Londres). El projecte inclou la construcci\u00f3 d&#8217;un t\u00fanel sota el riu T\u00e0mesi amb doble cal\u00e7ada de 1.4 km de longitud i 0.60 km de longitud de rampes d&#8217;acc\u00e9s. L&#8217;excavaci\u00f3 de t\u00fanel es... Read More\" \/>\n<meta property=\"og:url\" content=\"https:\/\/progeo-cga.com\/ca\/projectes\/tunels-i-obres-subterranies-projectes\/tunel-silvertown-londres-anglaterra-2020\/\" \/>\n<meta property=\"og:site_name\" content=\"PRO GEO\" \/>\n<meta property=\"article:modified_time\" content=\"2021-03-12T11:43:06+00:00\" \/>\n<meta name=\"twitter:card\" content=\"summary_large_image\" \/>\n<meta name=\"twitter:label1\" content=\"Temps estimat de lectura\" \/>\n\t<meta name=\"twitter:data1\" content=\"2 minuts\" \/>\n<script type=\"application\/ld+json\" class=\"yoast-schema-graph\">{\"@context\":\"https:\/\/schema.org\",\"@graph\":[{\"@type\":\"WebPage\",\"@id\":\"https:\/\/progeo-cga.com\/ca\/projectes\/tunels-i-obres-subterranies-projectes\/tunel-silvertown-londres-anglaterra-2020\/\",\"url\":\"https:\/\/progeo-cga.com\/ca\/projectes\/tunels-i-obres-subterranies-projectes\/tunel-silvertown-londres-anglaterra-2020\/\",\"name\":\"T\u00daNEL DE SILVERTOWN-LONDRES, ANGLATERRA (2020) - PRO GEO\",\"isPartOf\":{\"@id\":\"https:\/\/progeo-cga.com\/#website\"},\"datePublished\":\"2021-03-12T10:26:14+00:00\",\"dateModified\":\"2021-03-12T11:43:06+00:00\",\"breadcrumb\":{\"@id\":\"https:\/\/progeo-cga.com\/ca\/projectes\/tunels-i-obres-subterranies-projectes\/tunel-silvertown-londres-anglaterra-2020\/#breadcrumb\"},\"inLanguage\":\"ca\",\"potentialAction\":[{\"@type\":\"ReadAction\",\"target\":[\"https:\/\/progeo-cga.com\/ca\/projectes\/tunels-i-obres-subterranies-projectes\/tunel-silvertown-londres-anglaterra-2020\/\"]}]},{\"@type\":\"BreadcrumbList\",\"@id\":\"https:\/\/progeo-cga.com\/ca\/projectes\/tunels-i-obres-subterranies-projectes\/tunel-silvertown-londres-anglaterra-2020\/#breadcrumb\",\"itemListElement\":[{\"@type\":\"ListItem\",\"position\":1,\"name\":\"Home\",\"item\":\"https:\/\/progeo-cga.com\/ca\/\"},{\"@type\":\"ListItem\",\"position\":2,\"name\":\"Projectes\",\"item\":\"https:\/\/progeo-cga.com\/ca\/projectes\/\"},{\"@type\":\"ListItem\",\"position\":3,\"name\":\"T\u00daNELS &#8211; PROJECTES\",\"item\":\"https:\/\/progeo-cga.com\/ca\/projectes\/tunels-i-obres-subterranies-projectes\/\"},{\"@type\":\"ListItem\",\"position\":4,\"name\":\"T\u00daNEL DE SILVERTOWN-LONDRES, ANGLATERRA (2020)\"}]},{\"@type\":\"WebSite\",\"@id\":\"https:\/\/progeo-cga.com\/#website\",\"url\":\"https:\/\/progeo-cga.com\/\",\"name\":\"PRO GEO\",\"description\":\"GEOTECHNICAL CONSULTANTS\",\"potentialAction\":[{\"@type\":\"SearchAction\",\"target\":{\"@type\":\"EntryPoint\",\"urlTemplate\":\"https:\/\/progeo-cga.com\/?s={search_term_string}\"},\"query-input\":{\"@type\":\"PropertyValueSpecification\",\"valueRequired\":true,\"valueName\":\"search_term_string\"}}],\"inLanguage\":\"ca\"}]}<\/script>\n<!-- \/ Yoast SEO plugin. -->","yoast_head_json":{"title":"T\u00daNEL DE SILVERTOWN-LONDRES, ANGLATERRA (2020) - PRO GEO","robots":{"index":"index","follow":"follow","max-snippet":"max-snippet:-1","max-image-preview":"max-image-preview:large","max-video-preview":"max-video-preview:-1"},"canonical":"https:\/\/progeo-cga.com\/ca\/projectes\/tunels-i-obres-subterranies-projectes\/tunel-silvertown-londres-anglaterra-2020\/","og_locale":"ca_ES","og_type":"article","og_title":"T\u00daNEL DE SILVERTOWN-LONDRES, ANGLATERRA (2020) - PRO GEO","og_description":"[vc_row row_type=&#8221;3&#8243; blox_height=&#8221;600&#8243; blox_image=&#8221;2552&#8243; blox_padding_top=&#8221;260&#8243; blox_padding_bottom=&#8221;70&#8243; blox_dark=&#8221;true&#8221; row_pattern=&#8221;max-pat&#8221;][vc_column][vc_column_text] T\u00daNEL DE SILVERTOWN &#8211; LONDRES,\u00a0ANGLATERRA (2020) [\/vc_column_text][\/vc_column][\/vc_row][vc_row][vc_column][vc_empty_space][\/vc_column][\/vc_row][vc_row][vc_column][vc_column_text]El projecte del T\u00fanel de Silvertown consisteix en la construcci\u00f3 d&#8217;un t\u00fanel entre els districtes de Greenwich i Silvertown (Londres). El projecte inclou la construcci\u00f3 d&#8217;un t\u00fanel sota el riu T\u00e0mesi amb doble cal\u00e7ada de 1.4 km de longitud i 0.60 km de longitud de rampes d&#8217;acc\u00e9s. L&#8217;excavaci\u00f3 de t\u00fanel es... Read More","og_url":"https:\/\/progeo-cga.com\/ca\/projectes\/tunels-i-obres-subterranies-projectes\/tunel-silvertown-londres-anglaterra-2020\/","og_site_name":"PRO GEO","article_modified_time":"2021-03-12T11:43:06+00:00","twitter_card":"summary_large_image","twitter_misc":{"Temps estimat de lectura":"2 minuts"},"schema":{"@context":"https:\/\/schema.org","@graph":[{"@type":"WebPage","@id":"https:\/\/progeo-cga.com\/ca\/projectes\/tunels-i-obres-subterranies-projectes\/tunel-silvertown-londres-anglaterra-2020\/","url":"https:\/\/progeo-cga.com\/ca\/projectes\/tunels-i-obres-subterranies-projectes\/tunel-silvertown-londres-anglaterra-2020\/","name":"T\u00daNEL DE SILVERTOWN-LONDRES, ANGLATERRA (2020) - PRO GEO","isPartOf":{"@id":"https:\/\/progeo-cga.com\/#website"},"datePublished":"2021-03-12T10:26:14+00:00","dateModified":"2021-03-12T11:43:06+00:00","breadcrumb":{"@id":"https:\/\/progeo-cga.com\/ca\/projectes\/tunels-i-obres-subterranies-projectes\/tunel-silvertown-londres-anglaterra-2020\/#breadcrumb"},"inLanguage":"ca","potentialAction":[{"@type":"ReadAction","target":["https:\/\/progeo-cga.com\/ca\/projectes\/tunels-i-obres-subterranies-projectes\/tunel-silvertown-londres-anglaterra-2020\/"]}]},{"@type":"BreadcrumbList","@id":"https:\/\/progeo-cga.com\/ca\/projectes\/tunels-i-obres-subterranies-projectes\/tunel-silvertown-londres-anglaterra-2020\/#breadcrumb","itemListElement":[{"@type":"ListItem","position":1,"name":"Home","item":"https:\/\/progeo-cga.com\/ca\/"},{"@type":"ListItem","position":2,"name":"Projectes","item":"https:\/\/progeo-cga.com\/ca\/projectes\/"},{"@type":"ListItem","position":3,"name":"T\u00daNELS &#8211; PROJECTES","item":"https:\/\/progeo-cga.com\/ca\/projectes\/tunels-i-obres-subterranies-projectes\/"},{"@type":"ListItem","position":4,"name":"T\u00daNEL DE SILVERTOWN-LONDRES, ANGLATERRA (2020)"}]},{"@type":"WebSite","@id":"https:\/\/progeo-cga.com\/#website","url":"https:\/\/progeo-cga.com\/","name":"PRO GEO","description":"GEOTECHNICAL CONSULTANTS","potentialAction":[{"@type":"SearchAction","target":{"@type":"EntryPoint","urlTemplate":"https:\/\/progeo-cga.com\/?s={search_term_string}"},"query-input":{"@type":"PropertyValueSpecification","valueRequired":true,"valueName":"search_term_string"}}],"inLanguage":"ca"}]}},"_links":{"self":[{"href":"https:\/\/progeo-cga.com\/ca\/wp-json\/wp\/v2\/pages\/2566","targetHints":{"allow":["GET"]}}],"collection":[{"href":"https:\/\/progeo-cga.com\/ca\/wp-json\/wp\/v2\/pages"}],"about":[{"href":"https:\/\/progeo-cga.com\/ca\/wp-json\/wp\/v2\/types\/page"}],"author":[{"embeddable":true,"href":"https:\/\/progeo-cga.com\/ca\/wp-json\/wp\/v2\/users\/3"}],"replies":[{"embeddable":true,"href":"https:\/\/progeo-cga.com\/ca\/wp-json\/wp\/v2\/comments?post=2566"}],"version-history":[{"count":5,"href":"https:\/\/progeo-cga.com\/ca\/wp-json\/wp\/v2\/pages\/2566\/revisions"}],"predecessor-version":[{"id":2586,"href":"https:\/\/progeo-cga.com\/ca\/wp-json\/wp\/v2\/pages\/2566\/revisions\/2586"}],"up":[{"embeddable":true,"href":"https:\/\/progeo-cga.com\/ca\/wp-json\/wp\/v2\/pages\/1681"}],"wp:attachment":[{"href":"https:\/\/progeo-cga.com\/ca\/wp-json\/wp\/v2\/media?parent=2566"}],"curies":[{"name":"wp","href":"https:\/\/api.w.org\/{rel}","templated":true}]}}