{"id":2531,"date":"2021-03-11T16:57:14","date_gmt":"2021-03-11T16:57:14","guid":{"rendered":"http:\/\/progeo-cga.com\/?page_id=2531\/"},"modified":"2021-03-11T16:57:14","modified_gmt":"2021-03-11T16:57:14","slug":"mur-arenys-mar-espanya-2020","status":"publish","type":"page","link":"https:\/\/progeo-cga.com\/ca\/projectes\/talussos-i-lliscaments-projectes\/mur-arenys-mar-espanya-2020\/","title":{"rendered":"MUR ARENYS DE MAR, ESPANYA (2020)"},"content":{"rendered":"[vc_row row_type=&#8221;3&#8243; blox_image=&#8221;2506&#8243; blox_dark=&#8221;true&#8221; row_pattern=&#8221;max-pat&#8221;][vc_column][vc_empty_space height=&#8221;260px&#8221;][vc_column_text]\n<p class=\"head-nosotros\">ESTUDI PER A L&#8217;ESTABILITZACI\u00d3 DEL MUR DEL CAM\u00cd DE LA PIETAT\u00a0A ARENYS DE MAR, ESPANYA (2020)<\/p>\n[\/vc_column_text][vc_empty_space height=&#8221;260px&#8221;][\/vc_column][\/vc_row][vc_row][vc_column][vc_empty_space height=&#8221;60px&#8221;][vc_row_inner][vc_column_inner width=&#8221;1\/2&#8243;][vc_column_text]Al mes de juny de 2020, PROGEO \u00e9s contractada per la Diputaci\u00f3 de Barcelona per dur a terme un estudi de diagnosi i estabilitzaci\u00f3 d&#8217;un mur de blocs prefabricats que salva el desnivell existent entre el Cam\u00ed de la Pietat i la pla\u00e7a Sa Boada, a Arenys de Mar.<\/p>\n<p>Aquest estudi se centra en avaluar, des d&#8217;un punt de vista t\u00e8cnic i econ\u00f2mic, dues alternatives d&#8217;estabilitzaci\u00f3 i millora de l&#8217;estat actual. La primera alternativa proposa l&#8217;execuci\u00f3 d&#8217;un mur de &#8220;Soil Nailing&#8221; com a mesura de refor\u00e7 del mur, mentre que la segona alternativa proposa l&#8217;execuci\u00f3 d&#8217;un mur de micropilons amb el mateix objectiu, dotar de la capacitat resistent suficient i a llarg termini, el mur actual.[\/vc_column_text][\/vc_column_inner][vc_column_inner width=&#8221;1\/2&#8243;][vc_column_text]Les activitats de <strong>consultoria geot\u00e8cnica desenvolupades per PRO GEO<\/strong> comprenen els seg\u00fcents temes:<\/p>\n<ul>\n<li>Diagnosi i avaluaci\u00f3 de l&#8217;estat actual del mur amb l&#8217;objectiu d&#8217;exposar les seves patologies i defici\u00e8ncies.<\/li>\n<li>Visites de camp per al reconeixement del mur, aix\u00ed com la interfer\u00e8ncia amb les estructures de l&#8217;entorn.<\/li>\n<li>An\u00e0lisi, des d&#8217;un punt de vista t\u00e8cnic i econ\u00f2mic, de dues alternatives per a la millora de l&#8217;estat actual.<\/li>\n<li>Donar compliment als Objectius de Desenvolupament Sostenible (ODS) 3, 9 i 11.<\/li>\n<li>Redacci\u00f3 de l&#8217;estudi.<\/li>\n<\/ul>\n[\/vc_column_text][\/vc_column_inner][\/vc_row_inner][\/vc_column][\/vc_row][vc_row][vc_column width=&#8221;1\/6&#8243;][\/vc_column][vc_column width=&#8221;2\/3&#8243;][vc_images_carousel images=&#8221;2494,2495,2493,2488,2489,2497,2490,2498,2491,2499&#8243; img_size=&#8221;full&#8221; autoplay=&#8221;yes&#8221; wrap=&#8221;yes&#8221;][\/vc_column][vc_column width=&#8221;1\/6&#8243;][\/vc_column][\/vc_row][vc_row][vc_column][vc_empty_space][\/vc_column][\/vc_row]\n","protected":false},"excerpt":{"rendered":"<p>[vc_row row_type=&#8221;3&#8243; blox_image=&#8221;2506&#8243; blox_dark=&#8221;true&#8221; row_pattern=&#8221;max-pat&#8221;][vc_column][vc_empty_space height=&#8221;260px&#8221;][vc_column_text] ESTUDI PER A L&#8217;ESTABILITZACI\u00d3 DEL MUR DEL CAM\u00cd DE LA PIETAT\u00a0A ARENYS DE MAR, ESPANYA (2020) [\/vc_column_text][vc_empty_space height=&#8221;260px&#8221;][\/vc_column][\/vc_row][vc_row][vc_column][vc_empty_space height=&#8221;60px&#8221;][vc_row_inner][vc_column_inner width=&#8221;1\/2&#8243;][vc_column_text]Al mes de juny de 2020, PROGEO \u00e9s contractada per la Diputaci\u00f3 de Barcelona per dur a terme un estudi de diagnosi i estabilitzaci\u00f3 d&#8217;un mur de blocs prefabricats que salva el desnivell existent entre el Cam\u00ed de la Pietat&#8230; <\/p>\n<p><a class=\"readmore\" href=\"https:\/\/progeo-cga.com\/ca\/projectes\/talussos-i-lliscaments-projectes\/mur-arenys-mar-espanya-2020\/\">Read More<\/a><\/p>\n","protected":false},"author":3,"featured_media":0,"parent":1673,"menu_order":7,"comment_status":"closed","ping_status":"closed","template":"","meta":{"footnotes":""},"class_list":["post-2531","page","type-page","status-publish","hentry"],"yoast_head":"<!-- This site is optimized with the Yoast SEO plugin v24.0 - https:\/\/yoast.com\/wordpress\/plugins\/seo\/ -->\n<title>MUR ARENYS DE MAR, ESPANYA (2020) - PRO GEO<\/title>\n<meta name=\"robots\" content=\"index, follow, max-snippet:-1, max-image-preview:large, max-video-preview:-1\" \/>\n<link rel=\"canonical\" href=\"https:\/\/progeo-cga.com\/ca\/projectes\/talussos-i-lliscaments-projectes\/mur-arenys-mar-espanya-2020\/\" \/>\n<meta property=\"og:locale\" content=\"ca_ES\" \/>\n<meta property=\"og:type\" content=\"article\" \/>\n<meta property=\"og:title\" content=\"MUR ARENYS DE MAR, ESPANYA (2020) - PRO GEO\" \/>\n<meta property=\"og:description\" content=\"[vc_row row_type=&#8221;3&#8243; blox_image=&#8221;2506&#8243; blox_dark=&#8221;true&#8221; row_pattern=&#8221;max-pat&#8221;][vc_column][vc_empty_space height=&#8221;260px&#8221;][vc_column_text] ESTUDI PER A L&#8217;ESTABILITZACI\u00d3 DEL MUR DEL CAM\u00cd DE LA PIETAT\u00a0A ARENYS DE MAR, ESPANYA (2020) [\/vc_column_text][vc_empty_space height=&#8221;260px&#8221;][\/vc_column][\/vc_row][vc_row][vc_column][vc_empty_space height=&#8221;60px&#8221;][vc_row_inner][vc_column_inner width=&#8221;1\/2&#8243;][vc_column_text]Al mes de juny de 2020, PROGEO \u00e9s contractada per la Diputaci\u00f3 de Barcelona per dur a terme un estudi de diagnosi i estabilitzaci\u00f3 d&#8217;un mur de blocs prefabricats que salva el desnivell existent entre el Cam\u00ed de la Pietat... Read More\" \/>\n<meta property=\"og:url\" content=\"https:\/\/progeo-cga.com\/ca\/projectes\/talussos-i-lliscaments-projectes\/mur-arenys-mar-espanya-2020\/\" \/>\n<meta property=\"og:site_name\" content=\"PRO GEO\" \/>\n<meta name=\"twitter:card\" content=\"summary_large_image\" \/>\n<meta name=\"twitter:label1\" content=\"Temps estimat de lectura\" \/>\n\t<meta name=\"twitter:data1\" content=\"2 minuts\" \/>\n<script type=\"application\/ld+json\" class=\"yoast-schema-graph\">{\"@context\":\"https:\/\/schema.org\",\"@graph\":[{\"@type\":\"WebPage\",\"@id\":\"https:\/\/progeo-cga.com\/ca\/projectes\/talussos-i-lliscaments-projectes\/mur-arenys-mar-espanya-2020\/\",\"url\":\"https:\/\/progeo-cga.com\/ca\/projectes\/talussos-i-lliscaments-projectes\/mur-arenys-mar-espanya-2020\/\",\"name\":\"MUR ARENYS DE MAR, ESPANYA (2020) - PRO GEO\",\"isPartOf\":{\"@id\":\"https:\/\/progeo-cga.com\/#website\"},\"datePublished\":\"2021-03-11T16:57:14+00:00\",\"dateModified\":\"2021-03-11T16:57:14+00:00\",\"breadcrumb\":{\"@id\":\"https:\/\/progeo-cga.com\/ca\/projectes\/talussos-i-lliscaments-projectes\/mur-arenys-mar-espanya-2020\/#breadcrumb\"},\"inLanguage\":\"ca\",\"potentialAction\":[{\"@type\":\"ReadAction\",\"target\":[\"https:\/\/progeo-cga.com\/ca\/projectes\/talussos-i-lliscaments-projectes\/mur-arenys-mar-espanya-2020\/\"]}]},{\"@type\":\"BreadcrumbList\",\"@id\":\"https:\/\/progeo-cga.com\/ca\/projectes\/talussos-i-lliscaments-projectes\/mur-arenys-mar-espanya-2020\/#breadcrumb\",\"itemListElement\":[{\"@type\":\"ListItem\",\"position\":1,\"name\":\"Home\",\"item\":\"https:\/\/progeo-cga.com\/ca\/\"},{\"@type\":\"ListItem\",\"position\":2,\"name\":\"Projectes\",\"item\":\"https:\/\/progeo-cga.com\/ca\/projectes\/\"},{\"@type\":\"ListItem\",\"position\":3,\"name\":\"TALUSSOS I LLISCAMENTS &#8211; PROJECTES\",\"item\":\"https:\/\/progeo-cga.com\/ca\/projectes\/talussos-i-lliscaments-projectes\/\"},{\"@type\":\"ListItem\",\"position\":4,\"name\":\"MUR ARENYS DE MAR, ESPANYA (2020)\"}]},{\"@type\":\"WebSite\",\"@id\":\"https:\/\/progeo-cga.com\/#website\",\"url\":\"https:\/\/progeo-cga.com\/\",\"name\":\"PRO GEO\",\"description\":\"GEOTECHNICAL CONSULTANTS\",\"potentialAction\":[{\"@type\":\"SearchAction\",\"target\":{\"@type\":\"EntryPoint\",\"urlTemplate\":\"https:\/\/progeo-cga.com\/?s={search_term_string}\"},\"query-input\":{\"@type\":\"PropertyValueSpecification\",\"valueRequired\":true,\"valueName\":\"search_term_string\"}}],\"inLanguage\":\"ca\"}]}<\/script>\n<!-- \/ Yoast SEO plugin. -->","yoast_head_json":{"title":"MUR ARENYS DE MAR, ESPANYA (2020) - PRO GEO","robots":{"index":"index","follow":"follow","max-snippet":"max-snippet:-1","max-image-preview":"max-image-preview:large","max-video-preview":"max-video-preview:-1"},"canonical":"https:\/\/progeo-cga.com\/ca\/projectes\/talussos-i-lliscaments-projectes\/mur-arenys-mar-espanya-2020\/","og_locale":"ca_ES","og_type":"article","og_title":"MUR ARENYS DE MAR, ESPANYA (2020) - PRO GEO","og_description":"[vc_row row_type=&#8221;3&#8243; blox_image=&#8221;2506&#8243; blox_dark=&#8221;true&#8221; row_pattern=&#8221;max-pat&#8221;][vc_column][vc_empty_space height=&#8221;260px&#8221;][vc_column_text] ESTUDI PER A L&#8217;ESTABILITZACI\u00d3 DEL MUR DEL CAM\u00cd DE LA PIETAT\u00a0A ARENYS DE MAR, ESPANYA (2020) [\/vc_column_text][vc_empty_space height=&#8221;260px&#8221;][\/vc_column][\/vc_row][vc_row][vc_column][vc_empty_space height=&#8221;60px&#8221;][vc_row_inner][vc_column_inner width=&#8221;1\/2&#8243;][vc_column_text]Al mes de juny de 2020, PROGEO \u00e9s contractada per la Diputaci\u00f3 de Barcelona per dur a terme un estudi de diagnosi i estabilitzaci\u00f3 d&#8217;un mur de blocs prefabricats que salva el desnivell existent entre el Cam\u00ed de la Pietat... Read More","og_url":"https:\/\/progeo-cga.com\/ca\/projectes\/talussos-i-lliscaments-projectes\/mur-arenys-mar-espanya-2020\/","og_site_name":"PRO GEO","twitter_card":"summary_large_image","twitter_misc":{"Temps estimat de lectura":"2 minuts"},"schema":{"@context":"https:\/\/schema.org","@graph":[{"@type":"WebPage","@id":"https:\/\/progeo-cga.com\/ca\/projectes\/talussos-i-lliscaments-projectes\/mur-arenys-mar-espanya-2020\/","url":"https:\/\/progeo-cga.com\/ca\/projectes\/talussos-i-lliscaments-projectes\/mur-arenys-mar-espanya-2020\/","name":"MUR ARENYS DE MAR, ESPANYA (2020) - PRO GEO","isPartOf":{"@id":"https:\/\/progeo-cga.com\/#website"},"datePublished":"2021-03-11T16:57:14+00:00","dateModified":"2021-03-11T16:57:14+00:00","breadcrumb":{"@id":"https:\/\/progeo-cga.com\/ca\/projectes\/talussos-i-lliscaments-projectes\/mur-arenys-mar-espanya-2020\/#breadcrumb"},"inLanguage":"ca","potentialAction":[{"@type":"ReadAction","target":["https:\/\/progeo-cga.com\/ca\/projectes\/talussos-i-lliscaments-projectes\/mur-arenys-mar-espanya-2020\/"]}]},{"@type":"BreadcrumbList","@id":"https:\/\/progeo-cga.com\/ca\/projectes\/talussos-i-lliscaments-projectes\/mur-arenys-mar-espanya-2020\/#breadcrumb","itemListElement":[{"@type":"ListItem","position":1,"name":"Home","item":"https:\/\/progeo-cga.com\/ca\/"},{"@type":"ListItem","position":2,"name":"Projectes","item":"https:\/\/progeo-cga.com\/ca\/projectes\/"},{"@type":"ListItem","position":3,"name":"TALUSSOS I LLISCAMENTS &#8211; PROJECTES","item":"https:\/\/progeo-cga.com\/ca\/projectes\/talussos-i-lliscaments-projectes\/"},{"@type":"ListItem","position":4,"name":"MUR ARENYS DE MAR, ESPANYA (2020)"}]},{"@type":"WebSite","@id":"https:\/\/progeo-cga.com\/#website","url":"https:\/\/progeo-cga.com\/","name":"PRO GEO","description":"GEOTECHNICAL CONSULTANTS","potentialAction":[{"@type":"SearchAction","target":{"@type":"EntryPoint","urlTemplate":"https:\/\/progeo-cga.com\/?s={search_term_string}"},"query-input":{"@type":"PropertyValueSpecification","valueRequired":true,"valueName":"search_term_string"}}],"inLanguage":"ca"}]}},"_links":{"self":[{"href":"https:\/\/progeo-cga.com\/ca\/wp-json\/wp\/v2\/pages\/2531","targetHints":{"allow":["GET"]}}],"collection":[{"href":"https:\/\/progeo-cga.com\/ca\/wp-json\/wp\/v2\/pages"}],"about":[{"href":"https:\/\/progeo-cga.com\/ca\/wp-json\/wp\/v2\/types\/page"}],"author":[{"embeddable":true,"href":"https:\/\/progeo-cga.com\/ca\/wp-json\/wp\/v2\/users\/3"}],"replies":[{"embeddable":true,"href":"https:\/\/progeo-cga.com\/ca\/wp-json\/wp\/v2\/comments?post=2531"}],"version-history":[{"count":1,"href":"https:\/\/progeo-cga.com\/ca\/wp-json\/wp\/v2\/pages\/2531\/revisions"}],"predecessor-version":[{"id":2532,"href":"https:\/\/progeo-cga.com\/ca\/wp-json\/wp\/v2\/pages\/2531\/revisions\/2532"}],"up":[{"embeddable":true,"href":"https:\/\/progeo-cga.com\/ca\/wp-json\/wp\/v2\/pages\/1673"}],"wp:attachment":[{"href":"https:\/\/progeo-cga.com\/ca\/wp-json\/wp\/v2\/media?parent=2531"}],"curies":[{"name":"wp","href":"https:\/\/api.w.org\/{rel}","templated":true}]}}