{"id":2415,"date":"2021-03-10T14:25:24","date_gmt":"2021-03-10T14:25:24","guid":{"rendered":"http:\/\/progeo-cga.com\/?page_id=2415\/"},"modified":"2021-03-10T14:25:24","modified_gmt":"2021-03-10T14:25:24","slug":"pista-alta-velocitat-idiada-espanya-2020","status":"publish","type":"page","link":"https:\/\/progeo-cga.com\/ca\/projectes\/ferms-i-geotecnia-vial-projectes\/pista-alta-velocitat-idiada-espanya-2020\/","title":{"rendered":"PISTA ALTA VELOCITAT IDIADA, ESPANYA (2020)"},"content":{"rendered":"[vc_row row_type=&#8221;3&#8243; blox_image=&#8221;2403&#8243; blox_dark=&#8221;true&#8221; row_pattern=&#8221;max-pat&#8221;][vc_column][vc_empty_space height=&#8221;260px&#8221;][vc_column_text]\n<p class=\"head-nosotros\">ARGILES EXPANSIVES A LA PISTA D&#8217;ALTA VELOCITAT DE IDIADA, A SANTA OLIVA (ESPANYA, 2020)<\/p>\n[\/vc_column_text][vc_empty_space height=&#8221;260px&#8221;][\/vc_column][\/vc_row][vc_row][vc_column][vc_empty_space height=&#8221;60px&#8221;][vc_row_inner][vc_column_inner width=&#8221;1\/2&#8243;][vc_column_text]<strong>La pista d&#8217;alta velocitat d&#8217;IDIADA<\/strong> est\u00e0 ubicada a Santa Oliva, Tarragona. La corba oest de la pista va presentar problemes d&#8217;inflament superficial durant la seva construcci\u00f3 (per\u00edode 1989-1995). Aquests problemes, que van ser analitzats i solucionats en el seu moment, es devien a l&#8217;exist\u00e8ncia d&#8217;unes argiles d&#8217;alta plasticitat amb potencial expansiu. No obstant aix\u00f2, durant el per\u00edode 2019 &#8211; 2020, van esdevenir aixecaments superficials de petita magnitud.<\/p>\n<p>L&#8217;empresa <strong>PROGEO va ser contractada per a realitzar una auditoria de la problem\u00e0tica<\/strong>\u00a0en relaci\u00f3 a\u00a0la corba oest de la pista, tenint en compte tota la informaci\u00f3 existent fins a la data.[\/vc_column_text][\/vc_column_inner][vc_column_inner width=&#8221;1\/2&#8243;][vc_column_text]<strong>L&#8217;experi\u00e8ncia de PRO GEO<\/strong> ha perm\u00e8s realitzar els seg\u00fcents aspectes:<\/p>\n<ul>\n<li>An\u00e0lisi de la problem\u00e0tica, tenint en compte:\n<ul>\n<li>La documentaci\u00f3 de controls de qualitat fets fins a la data.<\/li>\n<li>Els efectes dels per\u00edodes plujosos a la zona.<\/li>\n<li>Els estudis previs.<\/li>\n<li>La identificaci\u00f3 dels inflaments superficials.<\/li>\n<\/ul>\n<\/li>\n<li>Explicaci\u00f3 de la causa de l&#8217;expansivitat.<\/li>\n<li>Recomanacions de noves actuacions per establir un seguiment del problema, mitjan\u00e7ant una campanya geot\u00e8cnica i d&#8217;auscultaci\u00f3.<\/li>\n<\/ul>\n[\/vc_column_text][\/vc_column_inner][\/vc_row_inner][\/vc_column][\/vc_row][vc_row][vc_column width=&#8221;1\/6&#8243;][\/vc_column][vc_column width=&#8221;2\/3&#8243;][vc_images_carousel images=&#8221;2404,2405,2406,2407&#8243; img_size=&#8221;full&#8221; autoplay=&#8221;yes&#8221; wrap=&#8221;yes&#8221;][\/vc_column][vc_column width=&#8221;1\/6&#8243;][\/vc_column][\/vc_row][vc_row][vc_column][vc_empty_space][\/vc_column][\/vc_row]\n","protected":false},"excerpt":{"rendered":"<p>[vc_row row_type=&#8221;3&#8243; blox_image=&#8221;2403&#8243; blox_dark=&#8221;true&#8221; row_pattern=&#8221;max-pat&#8221;][vc_column][vc_empty_space height=&#8221;260px&#8221;][vc_column_text] ARGILES EXPANSIVES A LA PISTA D&#8217;ALTA VELOCITAT DE IDIADA, A SANTA OLIVA (ESPANYA, 2020) [\/vc_column_text][vc_empty_space height=&#8221;260px&#8221;][\/vc_column][\/vc_row][vc_row][vc_column][vc_empty_space height=&#8221;60px&#8221;][vc_row_inner][vc_column_inner width=&#8221;1\/2&#8243;][vc_column_text]La pista d&#8217;alta velocitat d&#8217;IDIADA est\u00e0 ubicada a Santa Oliva, Tarragona. La corba oest de la pista va presentar problemes d&#8217;inflament superficial durant la seva construcci\u00f3 (per\u00edode 1989-1995). Aquests problemes, que van ser analitzats i solucionats en el seu moment, es devien&#8230; <\/p>\n<p><a class=\"readmore\" href=\"https:\/\/progeo-cga.com\/ca\/projectes\/ferms-i-geotecnia-vial-projectes\/pista-alta-velocitat-idiada-espanya-2020\/\">Read More<\/a><\/p>\n","protected":false},"author":3,"featured_media":0,"parent":2421,"menu_order":1,"comment_status":"closed","ping_status":"closed","template":"","meta":{"footnotes":""},"class_list":["post-2415","page","type-page","status-publish","hentry"],"yoast_head":"<!-- This site is optimized with the Yoast SEO plugin v24.0 - https:\/\/yoast.com\/wordpress\/plugins\/seo\/ -->\n<title>PISTA ALTA VELOCITAT IDIADA, ESPANYA (2020) - PRO GEO<\/title>\n<meta name=\"robots\" content=\"index, follow, max-snippet:-1, max-image-preview:large, max-video-preview:-1\" \/>\n<link rel=\"canonical\" href=\"https:\/\/progeo-cga.com\/ca\/projectes\/ferms-i-geotecnia-vial-projectes\/pista-alta-velocitat-idiada-espanya-2020\/\" \/>\n<meta property=\"og:locale\" content=\"ca_ES\" \/>\n<meta property=\"og:type\" content=\"article\" \/>\n<meta property=\"og:title\" content=\"PISTA ALTA VELOCITAT IDIADA, ESPANYA (2020) - PRO GEO\" \/>\n<meta property=\"og:description\" content=\"[vc_row row_type=&#8221;3&#8243; blox_image=&#8221;2403&#8243; blox_dark=&#8221;true&#8221; row_pattern=&#8221;max-pat&#8221;][vc_column][vc_empty_space height=&#8221;260px&#8221;][vc_column_text] ARGILES EXPANSIVES A LA PISTA D&#8217;ALTA VELOCITAT DE IDIADA, A SANTA OLIVA (ESPANYA, 2020) [\/vc_column_text][vc_empty_space height=&#8221;260px&#8221;][\/vc_column][\/vc_row][vc_row][vc_column][vc_empty_space height=&#8221;60px&#8221;][vc_row_inner][vc_column_inner width=&#8221;1\/2&#8243;][vc_column_text]La pista d&#8217;alta velocitat d&#8217;IDIADA est\u00e0 ubicada a Santa Oliva, Tarragona. La corba oest de la pista va presentar problemes d&#8217;inflament superficial durant la seva construcci\u00f3 (per\u00edode 1989-1995). Aquests problemes, que van ser analitzats i solucionats en el seu moment, es devien... Read More\" \/>\n<meta property=\"og:url\" content=\"https:\/\/progeo-cga.com\/ca\/projectes\/ferms-i-geotecnia-vial-projectes\/pista-alta-velocitat-idiada-espanya-2020\/\" \/>\n<meta property=\"og:site_name\" content=\"PRO GEO\" \/>\n<meta name=\"twitter:card\" content=\"summary_large_image\" \/>\n<meta name=\"twitter:label1\" content=\"Temps estimat de lectura\" \/>\n\t<meta name=\"twitter:data1\" content=\"2 minuts\" \/>\n<script type=\"application\/ld+json\" class=\"yoast-schema-graph\">{\"@context\":\"https:\/\/schema.org\",\"@graph\":[{\"@type\":\"WebPage\",\"@id\":\"https:\/\/progeo-cga.com\/ca\/projectes\/ferms-i-geotecnia-vial-projectes\/pista-alta-velocitat-idiada-espanya-2020\/\",\"url\":\"https:\/\/progeo-cga.com\/ca\/projectes\/ferms-i-geotecnia-vial-projectes\/pista-alta-velocitat-idiada-espanya-2020\/\",\"name\":\"PISTA ALTA VELOCITAT IDIADA, ESPANYA (2020) - PRO GEO\",\"isPartOf\":{\"@id\":\"https:\/\/progeo-cga.com\/#website\"},\"datePublished\":\"2021-03-10T14:25:24+00:00\",\"dateModified\":\"2021-03-10T14:25:24+00:00\",\"breadcrumb\":{\"@id\":\"https:\/\/progeo-cga.com\/ca\/projectes\/ferms-i-geotecnia-vial-projectes\/pista-alta-velocitat-idiada-espanya-2020\/#breadcrumb\"},\"inLanguage\":\"ca\",\"potentialAction\":[{\"@type\":\"ReadAction\",\"target\":[\"https:\/\/progeo-cga.com\/ca\/projectes\/ferms-i-geotecnia-vial-projectes\/pista-alta-velocitat-idiada-espanya-2020\/\"]}]},{\"@type\":\"BreadcrumbList\",\"@id\":\"https:\/\/progeo-cga.com\/ca\/projectes\/ferms-i-geotecnia-vial-projectes\/pista-alta-velocitat-idiada-espanya-2020\/#breadcrumb\",\"itemListElement\":[{\"@type\":\"ListItem\",\"position\":1,\"name\":\"Home\",\"item\":\"https:\/\/progeo-cga.com\/ca\/\"},{\"@type\":\"ListItem\",\"position\":2,\"name\":\"Projectes\",\"item\":\"https:\/\/progeo-cga.com\/ca\/projectes\/\"},{\"@type\":\"ListItem\",\"position\":3,\"name\":\"FERMS I GEOT\u00c8CNIA VIAL &#8211; PROJECTES\",\"item\":\"https:\/\/progeo-cga.com\/ca\/projectes\/ferms-i-geotecnia-vial-projectes\/\"},{\"@type\":\"ListItem\",\"position\":4,\"name\":\"PISTA ALTA VELOCITAT IDIADA, ESPANYA (2020)\"}]},{\"@type\":\"WebSite\",\"@id\":\"https:\/\/progeo-cga.com\/#website\",\"url\":\"https:\/\/progeo-cga.com\/\",\"name\":\"PRO GEO\",\"description\":\"GEOTECHNICAL CONSULTANTS\",\"potentialAction\":[{\"@type\":\"SearchAction\",\"target\":{\"@type\":\"EntryPoint\",\"urlTemplate\":\"https:\/\/progeo-cga.com\/?s={search_term_string}\"},\"query-input\":{\"@type\":\"PropertyValueSpecification\",\"valueRequired\":true,\"valueName\":\"search_term_string\"}}],\"inLanguage\":\"ca\"}]}<\/script>\n<!-- \/ Yoast SEO plugin. -->","yoast_head_json":{"title":"PISTA ALTA VELOCITAT IDIADA, ESPANYA (2020) - PRO GEO","robots":{"index":"index","follow":"follow","max-snippet":"max-snippet:-1","max-image-preview":"max-image-preview:large","max-video-preview":"max-video-preview:-1"},"canonical":"https:\/\/progeo-cga.com\/ca\/projectes\/ferms-i-geotecnia-vial-projectes\/pista-alta-velocitat-idiada-espanya-2020\/","og_locale":"ca_ES","og_type":"article","og_title":"PISTA ALTA VELOCITAT IDIADA, ESPANYA (2020) - PRO GEO","og_description":"[vc_row row_type=&#8221;3&#8243; blox_image=&#8221;2403&#8243; blox_dark=&#8221;true&#8221; row_pattern=&#8221;max-pat&#8221;][vc_column][vc_empty_space height=&#8221;260px&#8221;][vc_column_text] ARGILES EXPANSIVES A LA PISTA D&#8217;ALTA VELOCITAT DE IDIADA, A SANTA OLIVA (ESPANYA, 2020) [\/vc_column_text][vc_empty_space height=&#8221;260px&#8221;][\/vc_column][\/vc_row][vc_row][vc_column][vc_empty_space height=&#8221;60px&#8221;][vc_row_inner][vc_column_inner width=&#8221;1\/2&#8243;][vc_column_text]La pista d&#8217;alta velocitat d&#8217;IDIADA est\u00e0 ubicada a Santa Oliva, Tarragona. La corba oest de la pista va presentar problemes d&#8217;inflament superficial durant la seva construcci\u00f3 (per\u00edode 1989-1995). Aquests problemes, que van ser analitzats i solucionats en el seu moment, es devien... Read More","og_url":"https:\/\/progeo-cga.com\/ca\/projectes\/ferms-i-geotecnia-vial-projectes\/pista-alta-velocitat-idiada-espanya-2020\/","og_site_name":"PRO GEO","twitter_card":"summary_large_image","twitter_misc":{"Temps estimat de lectura":"2 minuts"},"schema":{"@context":"https:\/\/schema.org","@graph":[{"@type":"WebPage","@id":"https:\/\/progeo-cga.com\/ca\/projectes\/ferms-i-geotecnia-vial-projectes\/pista-alta-velocitat-idiada-espanya-2020\/","url":"https:\/\/progeo-cga.com\/ca\/projectes\/ferms-i-geotecnia-vial-projectes\/pista-alta-velocitat-idiada-espanya-2020\/","name":"PISTA ALTA VELOCITAT IDIADA, ESPANYA (2020) - PRO GEO","isPartOf":{"@id":"https:\/\/progeo-cga.com\/#website"},"datePublished":"2021-03-10T14:25:24+00:00","dateModified":"2021-03-10T14:25:24+00:00","breadcrumb":{"@id":"https:\/\/progeo-cga.com\/ca\/projectes\/ferms-i-geotecnia-vial-projectes\/pista-alta-velocitat-idiada-espanya-2020\/#breadcrumb"},"inLanguage":"ca","potentialAction":[{"@type":"ReadAction","target":["https:\/\/progeo-cga.com\/ca\/projectes\/ferms-i-geotecnia-vial-projectes\/pista-alta-velocitat-idiada-espanya-2020\/"]}]},{"@type":"BreadcrumbList","@id":"https:\/\/progeo-cga.com\/ca\/projectes\/ferms-i-geotecnia-vial-projectes\/pista-alta-velocitat-idiada-espanya-2020\/#breadcrumb","itemListElement":[{"@type":"ListItem","position":1,"name":"Home","item":"https:\/\/progeo-cga.com\/ca\/"},{"@type":"ListItem","position":2,"name":"Projectes","item":"https:\/\/progeo-cga.com\/ca\/projectes\/"},{"@type":"ListItem","position":3,"name":"FERMS I GEOT\u00c8CNIA VIAL &#8211; PROJECTES","item":"https:\/\/progeo-cga.com\/ca\/projectes\/ferms-i-geotecnia-vial-projectes\/"},{"@type":"ListItem","position":4,"name":"PISTA ALTA VELOCITAT IDIADA, ESPANYA (2020)"}]},{"@type":"WebSite","@id":"https:\/\/progeo-cga.com\/#website","url":"https:\/\/progeo-cga.com\/","name":"PRO GEO","description":"GEOTECHNICAL CONSULTANTS","potentialAction":[{"@type":"SearchAction","target":{"@type":"EntryPoint","urlTemplate":"https:\/\/progeo-cga.com\/?s={search_term_string}"},"query-input":{"@type":"PropertyValueSpecification","valueRequired":true,"valueName":"search_term_string"}}],"inLanguage":"ca"}]}},"_links":{"self":[{"href":"https:\/\/progeo-cga.com\/ca\/wp-json\/wp\/v2\/pages\/2415","targetHints":{"allow":["GET"]}}],"collection":[{"href":"https:\/\/progeo-cga.com\/ca\/wp-json\/wp\/v2\/pages"}],"about":[{"href":"https:\/\/progeo-cga.com\/ca\/wp-json\/wp\/v2\/types\/page"}],"author":[{"embeddable":true,"href":"https:\/\/progeo-cga.com\/ca\/wp-json\/wp\/v2\/users\/3"}],"replies":[{"embeddable":true,"href":"https:\/\/progeo-cga.com\/ca\/wp-json\/wp\/v2\/comments?post=2415"}],"version-history":[{"count":1,"href":"https:\/\/progeo-cga.com\/ca\/wp-json\/wp\/v2\/pages\/2415\/revisions"}],"predecessor-version":[{"id":2416,"href":"https:\/\/progeo-cga.com\/ca\/wp-json\/wp\/v2\/pages\/2415\/revisions\/2416"}],"up":[{"embeddable":true,"href":"https:\/\/progeo-cga.com\/ca\/wp-json\/wp\/v2\/pages\/2421"}],"wp:attachment":[{"href":"https:\/\/progeo-cga.com\/ca\/wp-json\/wp\/v2\/media?parent=2415"}],"curies":[{"name":"wp","href":"https:\/\/api.w.org\/{rel}","templated":true}]}}