{"id":2381,"date":"2021-03-10T07:52:41","date_gmt":"2021-03-10T07:52:41","guid":{"rendered":"http:\/\/progeo-cga.com\/?page_id=2381\/"},"modified":"2021-03-10T09:19:07","modified_gmt":"2021-03-10T09:19:07","slug":"sant-esteve-sesrovires-espanya","status":"publish","type":"page","link":"https:\/\/progeo-cga.com\/ca\/projectes\/talussos-i-lliscaments-projectes\/sant-esteve-sesrovires-espanya\/","title":{"rendered":"SANT ESTEVE SESROVIRES, ESPANYA"},"content":{"rendered":"[vc_row row_type=&#8221;3&#8243; blox_image=&#8221;2337&#8243; blox_dark=&#8221;true&#8221; row_pattern=&#8221;max-pat&#8221;][vc_column][vc_empty_space height=&#8221;260px&#8221;][vc_column_text]\n<p class=\"head-nosotros\">LLISCAMENT DE TERRES A SANT ESTEVE SESROVIRES, BAIX LLOBREGAT (ESPANYA, 2018-actualitat)<\/p>\n[\/vc_column_text][vc_empty_space height=&#8221;260px&#8221;][\/vc_column][\/vc_row][vc_row][vc_column][vc_empty_space height=&#8221;60px&#8221;][vc_row_inner][vc_column_inner width=&#8221;1\/2&#8243;][vc_column_text]Durant els mesos d&#8217;octubre i novembre de l&#8217;any 2018, i despr\u00e9s d&#8217;un intens episodi de pluges, es va desencadenar un\u00a0<strong>lliscament de terres en una part del carrer Merc\u00e8 Rodoreda<\/strong>, a Sant Esteve Sesrovires, causant l&#8217;aparici\u00f3 de <strong>grans moviments en el terreny i en els habitatges<\/strong>.<\/p>\n<p>Aquest\u00a0lliscament es va caracteritzar mitjan\u00e7ant la instal\u00b7laci\u00f3 d&#8217;auscultaci\u00f3 geot\u00e8cnica i estructural com ara inclin\u00f2metres, fisur\u00edmetros i visites de camp peri\u00f2diques.[\/vc_column_text][\/vc_column_inner][vc_column_inner width=&#8221;1\/2&#8243;][vc_column_text]Les activitats de <strong>consultoria geot\u00e8cnica desenvolupades per PRO GEO<\/strong> comprenen els seg\u00fcents temes:<\/p>\n<ul>\n<li>Diagn\u00f2stic i seguiment del lliscament determinant la seva extensi\u00f3 real aix\u00ed com l&#8217;evoluci\u00f3 dels moviments a origen.<\/li>\n<li>An\u00e0lisi dels antecedents previs.<\/li>\n<li>Disseny i supervisi\u00f3 de les diferents campanyes geot\u00e8cniques de reconeixement de el terreny: sondejos, piez\u00f2metres i inclin\u00f2metres.<\/li>\n<li>Interpretaci\u00f3 dels resultats de les campanyes geot\u00e8cniques per a la determinaci\u00f3 dels par\u00e0metres resistents de les unitats detectades, el nivell fre\u00e0tic i la superf\u00edcie de ruptura.<\/li>\n<li>Modelitzaci\u00f3 geomec\u00e0nica bidimensional amb Plaxis 2D per al disseny de la soluci\u00f3 de contenci\u00f3 mitjan\u00e7ant pantalles de pilons.<\/li>\n<li>Redacci\u00f3 del projecte constructiu.<\/li>\n<li>Direcci\u00f3 Facultativa de les obres.<\/li>\n<li>Seguiment i control dels moviments un cop finalitzades les obres.<\/li>\n<\/ul>\n[\/vc_column_text][\/vc_column_inner][\/vc_row_inner][\/vc_column][\/vc_row][vc_row][vc_column width=&#8221;1\/6&#8243;][\/vc_column][vc_column width=&#8221;2\/3&#8243;][vc_images_carousel images=&#8221;2342,2343,2344,2341,2345,2347,2348,2346,2330,2332,2334,2335,2336,2337,2338,2339,2340&#8243; img_size=&#8221;full&#8221; autoplay=&#8221;yes&#8221; wrap=&#8221;yes&#8221;][\/vc_column][vc_column width=&#8221;1\/6&#8243;][\/vc_column][\/vc_row][vc_row][vc_column][vc_empty_space][\/vc_column][\/vc_row]\n","protected":false},"excerpt":{"rendered":"<p>[vc_row row_type=&#8221;3&#8243; blox_image=&#8221;2337&#8243; blox_dark=&#8221;true&#8221; row_pattern=&#8221;max-pat&#8221;][vc_column][vc_empty_space height=&#8221;260px&#8221;][vc_column_text] LLISCAMENT DE TERRES A SANT ESTEVE SESROVIRES, BAIX LLOBREGAT (ESPANYA, 2018-actualitat) [\/vc_column_text][vc_empty_space height=&#8221;260px&#8221;][\/vc_column][\/vc_row][vc_row][vc_column][vc_empty_space height=&#8221;60px&#8221;][vc_row_inner][vc_column_inner width=&#8221;1\/2&#8243;][vc_column_text]Durant els mesos d&#8217;octubre i novembre de l&#8217;any 2018, i despr\u00e9s d&#8217;un intens episodi de pluges, es va desencadenar un\u00a0lliscament de terres en una part del carrer Merc\u00e8 Rodoreda, a Sant Esteve Sesrovires, causant l&#8217;aparici\u00f3 de grans moviments en el terreny i en els habitatges&#8230;. <\/p>\n<p><a class=\"readmore\" href=\"https:\/\/progeo-cga.com\/ca\/projectes\/talussos-i-lliscaments-projectes\/sant-esteve-sesrovires-espanya\/\">Read More<\/a><\/p>\n","protected":false},"author":3,"featured_media":0,"parent":1673,"menu_order":5,"comment_status":"closed","ping_status":"closed","template":"","meta":{"footnotes":""},"class_list":["post-2381","page","type-page","status-publish","hentry"],"yoast_head":"<!-- This site is optimized with the Yoast SEO plugin v24.0 - https:\/\/yoast.com\/wordpress\/plugins\/seo\/ -->\n<title>SANT ESTEVE SESROVIRES, ESPANYA - PRO GEO<\/title>\n<meta name=\"robots\" content=\"index, follow, max-snippet:-1, max-image-preview:large, max-video-preview:-1\" \/>\n<link rel=\"canonical\" href=\"https:\/\/progeo-cga.com\/ca\/projectes\/talussos-i-lliscaments-projectes\/sant-esteve-sesrovires-espanya\/\" \/>\n<meta property=\"og:locale\" content=\"ca_ES\" \/>\n<meta property=\"og:type\" content=\"article\" \/>\n<meta property=\"og:title\" content=\"SANT ESTEVE SESROVIRES, ESPANYA - PRO GEO\" \/>\n<meta property=\"og:description\" content=\"[vc_row row_type=&#8221;3&#8243; blox_image=&#8221;2337&#8243; blox_dark=&#8221;true&#8221; row_pattern=&#8221;max-pat&#8221;][vc_column][vc_empty_space height=&#8221;260px&#8221;][vc_column_text] LLISCAMENT DE TERRES A SANT ESTEVE SESROVIRES, BAIX LLOBREGAT (ESPANYA, 2018-actualitat) [\/vc_column_text][vc_empty_space height=&#8221;260px&#8221;][\/vc_column][\/vc_row][vc_row][vc_column][vc_empty_space height=&#8221;60px&#8221;][vc_row_inner][vc_column_inner width=&#8221;1\/2&#8243;][vc_column_text]Durant els mesos d&#8217;octubre i novembre de l&#8217;any 2018, i despr\u00e9s d&#8217;un intens episodi de pluges, es va desencadenar un\u00a0lliscament de terres en una part del carrer Merc\u00e8 Rodoreda, a Sant Esteve Sesrovires, causant l&#8217;aparici\u00f3 de grans moviments en el terreny i en els habitatges.... Read More\" \/>\n<meta property=\"og:url\" content=\"https:\/\/progeo-cga.com\/ca\/projectes\/talussos-i-lliscaments-projectes\/sant-esteve-sesrovires-espanya\/\" \/>\n<meta property=\"og:site_name\" content=\"PRO GEO\" \/>\n<meta property=\"article:modified_time\" content=\"2021-03-10T09:19:07+00:00\" \/>\n<meta name=\"twitter:card\" content=\"summary_large_image\" \/>\n<meta name=\"twitter:label1\" content=\"Temps estimat de lectura\" \/>\n\t<meta name=\"twitter:data1\" content=\"2 minuts\" \/>\n<script type=\"application\/ld+json\" class=\"yoast-schema-graph\">{\"@context\":\"https:\/\/schema.org\",\"@graph\":[{\"@type\":\"WebPage\",\"@id\":\"https:\/\/progeo-cga.com\/ca\/projectes\/talussos-i-lliscaments-projectes\/sant-esteve-sesrovires-espanya\/\",\"url\":\"https:\/\/progeo-cga.com\/ca\/projectes\/talussos-i-lliscaments-projectes\/sant-esteve-sesrovires-espanya\/\",\"name\":\"SANT ESTEVE SESROVIRES, ESPANYA - PRO GEO\",\"isPartOf\":{\"@id\":\"https:\/\/progeo-cga.com\/#website\"},\"datePublished\":\"2021-03-10T07:52:41+00:00\",\"dateModified\":\"2021-03-10T09:19:07+00:00\",\"breadcrumb\":{\"@id\":\"https:\/\/progeo-cga.com\/ca\/projectes\/talussos-i-lliscaments-projectes\/sant-esteve-sesrovires-espanya\/#breadcrumb\"},\"inLanguage\":\"ca\",\"potentialAction\":[{\"@type\":\"ReadAction\",\"target\":[\"https:\/\/progeo-cga.com\/ca\/projectes\/talussos-i-lliscaments-projectes\/sant-esteve-sesrovires-espanya\/\"]}]},{\"@type\":\"BreadcrumbList\",\"@id\":\"https:\/\/progeo-cga.com\/ca\/projectes\/talussos-i-lliscaments-projectes\/sant-esteve-sesrovires-espanya\/#breadcrumb\",\"itemListElement\":[{\"@type\":\"ListItem\",\"position\":1,\"name\":\"Home\",\"item\":\"https:\/\/progeo-cga.com\/ca\/\"},{\"@type\":\"ListItem\",\"position\":2,\"name\":\"Projectes\",\"item\":\"https:\/\/progeo-cga.com\/ca\/projectes\/\"},{\"@type\":\"ListItem\",\"position\":3,\"name\":\"TALUSSOS I LLISCAMENTS &#8211; PROJECTES\",\"item\":\"https:\/\/progeo-cga.com\/ca\/projectes\/talussos-i-lliscaments-projectes\/\"},{\"@type\":\"ListItem\",\"position\":4,\"name\":\"SANT ESTEVE SESROVIRES, ESPANYA\"}]},{\"@type\":\"WebSite\",\"@id\":\"https:\/\/progeo-cga.com\/#website\",\"url\":\"https:\/\/progeo-cga.com\/\",\"name\":\"PRO GEO\",\"description\":\"GEOTECHNICAL CONSULTANTS\",\"potentialAction\":[{\"@type\":\"SearchAction\",\"target\":{\"@type\":\"EntryPoint\",\"urlTemplate\":\"https:\/\/progeo-cga.com\/?s={search_term_string}\"},\"query-input\":{\"@type\":\"PropertyValueSpecification\",\"valueRequired\":true,\"valueName\":\"search_term_string\"}}],\"inLanguage\":\"ca\"}]}<\/script>\n<!-- \/ Yoast SEO plugin. -->","yoast_head_json":{"title":"SANT ESTEVE SESROVIRES, ESPANYA - PRO GEO","robots":{"index":"index","follow":"follow","max-snippet":"max-snippet:-1","max-image-preview":"max-image-preview:large","max-video-preview":"max-video-preview:-1"},"canonical":"https:\/\/progeo-cga.com\/ca\/projectes\/talussos-i-lliscaments-projectes\/sant-esteve-sesrovires-espanya\/","og_locale":"ca_ES","og_type":"article","og_title":"SANT ESTEVE SESROVIRES, ESPANYA - PRO GEO","og_description":"[vc_row row_type=&#8221;3&#8243; blox_image=&#8221;2337&#8243; blox_dark=&#8221;true&#8221; row_pattern=&#8221;max-pat&#8221;][vc_column][vc_empty_space height=&#8221;260px&#8221;][vc_column_text] LLISCAMENT DE TERRES A SANT ESTEVE SESROVIRES, BAIX LLOBREGAT (ESPANYA, 2018-actualitat) [\/vc_column_text][vc_empty_space height=&#8221;260px&#8221;][\/vc_column][\/vc_row][vc_row][vc_column][vc_empty_space height=&#8221;60px&#8221;][vc_row_inner][vc_column_inner width=&#8221;1\/2&#8243;][vc_column_text]Durant els mesos d&#8217;octubre i novembre de l&#8217;any 2018, i despr\u00e9s d&#8217;un intens episodi de pluges, es va desencadenar un\u00a0lliscament de terres en una part del carrer Merc\u00e8 Rodoreda, a Sant Esteve Sesrovires, causant l&#8217;aparici\u00f3 de grans moviments en el terreny i en els habitatges.... Read More","og_url":"https:\/\/progeo-cga.com\/ca\/projectes\/talussos-i-lliscaments-projectes\/sant-esteve-sesrovires-espanya\/","og_site_name":"PRO GEO","article_modified_time":"2021-03-10T09:19:07+00:00","twitter_card":"summary_large_image","twitter_misc":{"Temps estimat de lectura":"2 minuts"},"schema":{"@context":"https:\/\/schema.org","@graph":[{"@type":"WebPage","@id":"https:\/\/progeo-cga.com\/ca\/projectes\/talussos-i-lliscaments-projectes\/sant-esteve-sesrovires-espanya\/","url":"https:\/\/progeo-cga.com\/ca\/projectes\/talussos-i-lliscaments-projectes\/sant-esteve-sesrovires-espanya\/","name":"SANT ESTEVE SESROVIRES, ESPANYA - PRO GEO","isPartOf":{"@id":"https:\/\/progeo-cga.com\/#website"},"datePublished":"2021-03-10T07:52:41+00:00","dateModified":"2021-03-10T09:19:07+00:00","breadcrumb":{"@id":"https:\/\/progeo-cga.com\/ca\/projectes\/talussos-i-lliscaments-projectes\/sant-esteve-sesrovires-espanya\/#breadcrumb"},"inLanguage":"ca","potentialAction":[{"@type":"ReadAction","target":["https:\/\/progeo-cga.com\/ca\/projectes\/talussos-i-lliscaments-projectes\/sant-esteve-sesrovires-espanya\/"]}]},{"@type":"BreadcrumbList","@id":"https:\/\/progeo-cga.com\/ca\/projectes\/talussos-i-lliscaments-projectes\/sant-esteve-sesrovires-espanya\/#breadcrumb","itemListElement":[{"@type":"ListItem","position":1,"name":"Home","item":"https:\/\/progeo-cga.com\/ca\/"},{"@type":"ListItem","position":2,"name":"Projectes","item":"https:\/\/progeo-cga.com\/ca\/projectes\/"},{"@type":"ListItem","position":3,"name":"TALUSSOS I LLISCAMENTS &#8211; PROJECTES","item":"https:\/\/progeo-cga.com\/ca\/projectes\/talussos-i-lliscaments-projectes\/"},{"@type":"ListItem","position":4,"name":"SANT ESTEVE SESROVIRES, ESPANYA"}]},{"@type":"WebSite","@id":"https:\/\/progeo-cga.com\/#website","url":"https:\/\/progeo-cga.com\/","name":"PRO GEO","description":"GEOTECHNICAL CONSULTANTS","potentialAction":[{"@type":"SearchAction","target":{"@type":"EntryPoint","urlTemplate":"https:\/\/progeo-cga.com\/?s={search_term_string}"},"query-input":{"@type":"PropertyValueSpecification","valueRequired":true,"valueName":"search_term_string"}}],"inLanguage":"ca"}]}},"_links":{"self":[{"href":"https:\/\/progeo-cga.com\/ca\/wp-json\/wp\/v2\/pages\/2381","targetHints":{"allow":["GET"]}}],"collection":[{"href":"https:\/\/progeo-cga.com\/ca\/wp-json\/wp\/v2\/pages"}],"about":[{"href":"https:\/\/progeo-cga.com\/ca\/wp-json\/wp\/v2\/types\/page"}],"author":[{"embeddable":true,"href":"https:\/\/progeo-cga.com\/ca\/wp-json\/wp\/v2\/users\/3"}],"replies":[{"embeddable":true,"href":"https:\/\/progeo-cga.com\/ca\/wp-json\/wp\/v2\/comments?post=2381"}],"version-history":[{"count":3,"href":"https:\/\/progeo-cga.com\/ca\/wp-json\/wp\/v2\/pages\/2381\/revisions"}],"predecessor-version":[{"id":2384,"href":"https:\/\/progeo-cga.com\/ca\/wp-json\/wp\/v2\/pages\/2381\/revisions\/2384"}],"up":[{"embeddable":true,"href":"https:\/\/progeo-cga.com\/ca\/wp-json\/wp\/v2\/pages\/1673"}],"wp:attachment":[{"href":"https:\/\/progeo-cga.com\/ca\/wp-json\/wp\/v2\/media?parent=2381"}],"curies":[{"name":"wp","href":"https:\/\/api.w.org\/{rel}","templated":true}]}}