{"id":2264,"date":"2021-03-09T11:53:24","date_gmt":"2021-03-09T11:53:24","guid":{"rendered":"http:\/\/progeo-cga.com\/?page_id=2264\/"},"modified":"2021-03-09T14:09:07","modified_gmt":"2021-03-09T14:09:07","slug":"port-la-bonaigua-espanya","status":"publish","type":"page","link":"https:\/\/progeo-cga.com\/ca\/projectes\/talussos-i-lliscaments-projectes\/port-la-bonaigua-espanya\/","title":{"rendered":"PORT DE LA BONAIGUA, ESPANYA"},"content":{"rendered":"[vc_row row_type=&#8221;3&#8243; blox_image=&#8221;2258&#8243; blox_dark=&#8221;true&#8221; row_pattern=&#8221;max-pat&#8221;][vc_column][vc_empty_space height=&#8221;260px&#8221;][vc_column_text]\n<p class=\"head-nosotros\">PORT\u00a0DE LA BONAIGUA C-28, VAQUEIRA &#8211; FINAL DE COMARCA (ESPANYA, 2018-actualitat)<\/p>\n[\/vc_column_text][vc_empty_space height=&#8221;260px&#8221;][\/vc_column][\/vc_row][vc_row][vc_column][vc_empty_space height=&#8221;60px&#8221;][vc_row_inner][vc_column_inner width=&#8221;1\/2&#8243;][vc_column_text]El projecte constructiu per al refor\u00e7, ampliaci\u00f3 i millora de tra\u00e7at del Port de la Bonaigua C-28, entre Vaqueira i el l\u00edmit de comarca, proposa diferents actuacions.<\/p>\n<p><strong>PROGEO Geotechnical Consultants \u00e9s contractada per al redisseny i optimitzaci\u00f3 de les actuacions definides pel projecte constructiu inicial<\/strong>, tenint en compte els recursos i les limitacions de l&#8217;entorn. Tant per a desmunts com per a terraplens, es defineixen murs d&#8217;escullera, execuci\u00f3 de bulons i malles triple torsi\u00f3, terraplens amb geot\u00e8xtils i micropilots i estructures de contenci\u00f3 per lliscaments.[\/vc_column_text][\/vc_column_inner][vc_column_inner width=&#8221;1\/2&#8243;][vc_column_text]Les <strong>activitats de consultoria geot\u00e8cnica desenvolupades per PRO GEO<\/strong> comprenen els seg\u00fcents temes:<\/p>\n<p>&nbsp;<\/p>\n<ul>\n<li>Definici\u00f3 de noves <strong>campanyes geot\u00e8cniques complement\u00e0ries<\/strong> i an\u00e0lisi de les mateixes.<\/li>\n<li>Visites de camp amb obtenci\u00f3 de <strong>dades de discontinu\u00eftats<\/strong>, a partir d&#8217;estacions geomec\u00e0niques i cales.<\/li>\n<li>Estudi i disseny d&#8217;alternatives per als talussos, com <strong>murs d&#8217;escullera<\/strong> i l&#8217;execuci\u00f3 de <strong>bulons i malles de triple torsi\u00f3<\/strong>. Realitzaci\u00f3 d&#8217;an\u00e0lisis din\u00e0mics, cinem\u00e0tics i geomec\u00e0nics 2D (Plaxis i Slide).<\/li>\n<li>Estudi i disseny de l&#8217;execuci\u00f3 de <strong>terraplens amb geotsint\u00e8tics i micropilots<\/strong>. A partir de modelitzacions geomec\u00e0niques 2D (Plaxis 2D).<\/li>\n<li>Estudi i disseny d&#8217;alternatives de l&#8217;<strong>estructura de contenci\u00f3 situada en una zona de lliscament actiu<\/strong>: a partir de mesures d&#8217;auscultaci\u00f3, campanyes complement\u00e0ries i dissenys bidimensionals (Plaxis 2D) i estructurals.<\/li>\n<\/ul>\n[\/vc_column_text][\/vc_column_inner][\/vc_row_inner][\/vc_column][\/vc_row][vc_row][vc_column width=&#8221;1\/6&#8243;][\/vc_column][vc_column width=&#8221;2\/3&#8243;][vc_images_carousel images=&#8221;2237,2243,2244,2246,2245,2248,2249,2247,2238,2239,2240,2241,2242,2234,2235,2236,2254,2253,2251,2252&#8243; img_size=&#8221;full&#8221; autoplay=&#8221;yes&#8221; wrap=&#8221;yes&#8221;][\/vc_column][vc_column width=&#8221;1\/6&#8243;][\/vc_column][\/vc_row][vc_row][vc_column][vc_empty_space][\/vc_column][\/vc_row]\n","protected":false},"excerpt":{"rendered":"<p>[vc_row row_type=&#8221;3&#8243; blox_image=&#8221;2258&#8243; blox_dark=&#8221;true&#8221; row_pattern=&#8221;max-pat&#8221;][vc_column][vc_empty_space height=&#8221;260px&#8221;][vc_column_text] PORT\u00a0DE LA BONAIGUA C-28, VAQUEIRA &#8211; FINAL DE COMARCA (ESPANYA, 2018-actualitat) [\/vc_column_text][vc_empty_space height=&#8221;260px&#8221;][\/vc_column][\/vc_row][vc_row][vc_column][vc_empty_space height=&#8221;60px&#8221;][vc_row_inner][vc_column_inner width=&#8221;1\/2&#8243;][vc_column_text]El projecte constructiu per al refor\u00e7, ampliaci\u00f3 i millora de tra\u00e7at del Port de la Bonaigua C-28, entre Vaqueira i el l\u00edmit de comarca, proposa diferents actuacions. PROGEO Geotechnical Consultants \u00e9s contractada per al redisseny i optimitzaci\u00f3 de les actuacions definides pel projecte constructiu inicial,&#8230; <\/p>\n<p><a class=\"readmore\" href=\"https:\/\/progeo-cga.com\/ca\/projectes\/talussos-i-lliscaments-projectes\/port-la-bonaigua-espanya\/\">Read More<\/a><\/p>\n","protected":false},"author":3,"featured_media":0,"parent":1673,"menu_order":4,"comment_status":"closed","ping_status":"closed","template":"","meta":{"footnotes":""},"class_list":["post-2264","page","type-page","status-publish","hentry"],"yoast_head":"<!-- This site is optimized with the Yoast SEO plugin v24.0 - https:\/\/yoast.com\/wordpress\/plugins\/seo\/ -->\n<title>PORT DE LA BONAIGUA, ESPANYA - PRO GEO<\/title>\n<meta name=\"robots\" content=\"index, follow, max-snippet:-1, max-image-preview:large, max-video-preview:-1\" \/>\n<link rel=\"canonical\" href=\"https:\/\/progeo-cga.com\/ca\/projectes\/talussos-i-lliscaments-projectes\/port-la-bonaigua-espanya\/\" \/>\n<meta property=\"og:locale\" content=\"ca_ES\" \/>\n<meta property=\"og:type\" content=\"article\" \/>\n<meta property=\"og:title\" content=\"PORT DE LA BONAIGUA, ESPANYA - PRO GEO\" \/>\n<meta property=\"og:description\" content=\"[vc_row row_type=&#8221;3&#8243; blox_image=&#8221;2258&#8243; blox_dark=&#8221;true&#8221; row_pattern=&#8221;max-pat&#8221;][vc_column][vc_empty_space height=&#8221;260px&#8221;][vc_column_text] PORT\u00a0DE LA BONAIGUA C-28, VAQUEIRA &#8211; FINAL DE COMARCA (ESPANYA, 2018-actualitat) [\/vc_column_text][vc_empty_space height=&#8221;260px&#8221;][\/vc_column][\/vc_row][vc_row][vc_column][vc_empty_space height=&#8221;60px&#8221;][vc_row_inner][vc_column_inner width=&#8221;1\/2&#8243;][vc_column_text]El projecte constructiu per al refor\u00e7, ampliaci\u00f3 i millora de tra\u00e7at del Port de la Bonaigua C-28, entre Vaqueira i el l\u00edmit de comarca, proposa diferents actuacions. PROGEO Geotechnical Consultants \u00e9s contractada per al redisseny i optimitzaci\u00f3 de les actuacions definides pel projecte constructiu inicial,... Read More\" \/>\n<meta property=\"og:url\" content=\"https:\/\/progeo-cga.com\/ca\/projectes\/talussos-i-lliscaments-projectes\/port-la-bonaigua-espanya\/\" \/>\n<meta property=\"og:site_name\" content=\"PRO GEO\" \/>\n<meta property=\"article:modified_time\" content=\"2021-03-09T14:09:07+00:00\" \/>\n<meta name=\"twitter:card\" content=\"summary_large_image\" \/>\n<meta name=\"twitter:label1\" content=\"Temps estimat de lectura\" \/>\n\t<meta name=\"twitter:data1\" content=\"2 minuts\" \/>\n<script type=\"application\/ld+json\" class=\"yoast-schema-graph\">{\"@context\":\"https:\/\/schema.org\",\"@graph\":[{\"@type\":\"WebPage\",\"@id\":\"https:\/\/progeo-cga.com\/ca\/projectes\/talussos-i-lliscaments-projectes\/port-la-bonaigua-espanya\/\",\"url\":\"https:\/\/progeo-cga.com\/ca\/projectes\/talussos-i-lliscaments-projectes\/port-la-bonaigua-espanya\/\",\"name\":\"PORT DE LA BONAIGUA, ESPANYA - PRO GEO\",\"isPartOf\":{\"@id\":\"https:\/\/progeo-cga.com\/#website\"},\"datePublished\":\"2021-03-09T11:53:24+00:00\",\"dateModified\":\"2021-03-09T14:09:07+00:00\",\"breadcrumb\":{\"@id\":\"https:\/\/progeo-cga.com\/ca\/projectes\/talussos-i-lliscaments-projectes\/port-la-bonaigua-espanya\/#breadcrumb\"},\"inLanguage\":\"ca\",\"potentialAction\":[{\"@type\":\"ReadAction\",\"target\":[\"https:\/\/progeo-cga.com\/ca\/projectes\/talussos-i-lliscaments-projectes\/port-la-bonaigua-espanya\/\"]}]},{\"@type\":\"BreadcrumbList\",\"@id\":\"https:\/\/progeo-cga.com\/ca\/projectes\/talussos-i-lliscaments-projectes\/port-la-bonaigua-espanya\/#breadcrumb\",\"itemListElement\":[{\"@type\":\"ListItem\",\"position\":1,\"name\":\"Home\",\"item\":\"https:\/\/progeo-cga.com\/ca\/\"},{\"@type\":\"ListItem\",\"position\":2,\"name\":\"Projectes\",\"item\":\"https:\/\/progeo-cga.com\/ca\/projectes\/\"},{\"@type\":\"ListItem\",\"position\":3,\"name\":\"TALUSSOS I LLISCAMENTS &#8211; PROJECTES\",\"item\":\"https:\/\/progeo-cga.com\/ca\/projectes\/talussos-i-lliscaments-projectes\/\"},{\"@type\":\"ListItem\",\"position\":4,\"name\":\"PORT DE LA BONAIGUA, ESPANYA\"}]},{\"@type\":\"WebSite\",\"@id\":\"https:\/\/progeo-cga.com\/#website\",\"url\":\"https:\/\/progeo-cga.com\/\",\"name\":\"PRO GEO\",\"description\":\"GEOTECHNICAL CONSULTANTS\",\"potentialAction\":[{\"@type\":\"SearchAction\",\"target\":{\"@type\":\"EntryPoint\",\"urlTemplate\":\"https:\/\/progeo-cga.com\/?s={search_term_string}\"},\"query-input\":{\"@type\":\"PropertyValueSpecification\",\"valueRequired\":true,\"valueName\":\"search_term_string\"}}],\"inLanguage\":\"ca\"}]}<\/script>\n<!-- \/ Yoast SEO plugin. -->","yoast_head_json":{"title":"PORT DE LA BONAIGUA, ESPANYA - PRO GEO","robots":{"index":"index","follow":"follow","max-snippet":"max-snippet:-1","max-image-preview":"max-image-preview:large","max-video-preview":"max-video-preview:-1"},"canonical":"https:\/\/progeo-cga.com\/ca\/projectes\/talussos-i-lliscaments-projectes\/port-la-bonaigua-espanya\/","og_locale":"ca_ES","og_type":"article","og_title":"PORT DE LA BONAIGUA, ESPANYA - PRO GEO","og_description":"[vc_row row_type=&#8221;3&#8243; blox_image=&#8221;2258&#8243; blox_dark=&#8221;true&#8221; row_pattern=&#8221;max-pat&#8221;][vc_column][vc_empty_space height=&#8221;260px&#8221;][vc_column_text] PORT\u00a0DE LA BONAIGUA C-28, VAQUEIRA &#8211; FINAL DE COMARCA (ESPANYA, 2018-actualitat) [\/vc_column_text][vc_empty_space height=&#8221;260px&#8221;][\/vc_column][\/vc_row][vc_row][vc_column][vc_empty_space height=&#8221;60px&#8221;][vc_row_inner][vc_column_inner width=&#8221;1\/2&#8243;][vc_column_text]El projecte constructiu per al refor\u00e7, ampliaci\u00f3 i millora de tra\u00e7at del Port de la Bonaigua C-28, entre Vaqueira i el l\u00edmit de comarca, proposa diferents actuacions. PROGEO Geotechnical Consultants \u00e9s contractada per al redisseny i optimitzaci\u00f3 de les actuacions definides pel projecte constructiu inicial,... Read More","og_url":"https:\/\/progeo-cga.com\/ca\/projectes\/talussos-i-lliscaments-projectes\/port-la-bonaigua-espanya\/","og_site_name":"PRO GEO","article_modified_time":"2021-03-09T14:09:07+00:00","twitter_card":"summary_large_image","twitter_misc":{"Temps estimat de lectura":"2 minuts"},"schema":{"@context":"https:\/\/schema.org","@graph":[{"@type":"WebPage","@id":"https:\/\/progeo-cga.com\/ca\/projectes\/talussos-i-lliscaments-projectes\/port-la-bonaigua-espanya\/","url":"https:\/\/progeo-cga.com\/ca\/projectes\/talussos-i-lliscaments-projectes\/port-la-bonaigua-espanya\/","name":"PORT DE LA BONAIGUA, ESPANYA - PRO GEO","isPartOf":{"@id":"https:\/\/progeo-cga.com\/#website"},"datePublished":"2021-03-09T11:53:24+00:00","dateModified":"2021-03-09T14:09:07+00:00","breadcrumb":{"@id":"https:\/\/progeo-cga.com\/ca\/projectes\/talussos-i-lliscaments-projectes\/port-la-bonaigua-espanya\/#breadcrumb"},"inLanguage":"ca","potentialAction":[{"@type":"ReadAction","target":["https:\/\/progeo-cga.com\/ca\/projectes\/talussos-i-lliscaments-projectes\/port-la-bonaigua-espanya\/"]}]},{"@type":"BreadcrumbList","@id":"https:\/\/progeo-cga.com\/ca\/projectes\/talussos-i-lliscaments-projectes\/port-la-bonaigua-espanya\/#breadcrumb","itemListElement":[{"@type":"ListItem","position":1,"name":"Home","item":"https:\/\/progeo-cga.com\/ca\/"},{"@type":"ListItem","position":2,"name":"Projectes","item":"https:\/\/progeo-cga.com\/ca\/projectes\/"},{"@type":"ListItem","position":3,"name":"TALUSSOS I LLISCAMENTS &#8211; PROJECTES","item":"https:\/\/progeo-cga.com\/ca\/projectes\/talussos-i-lliscaments-projectes\/"},{"@type":"ListItem","position":4,"name":"PORT DE LA BONAIGUA, ESPANYA"}]},{"@type":"WebSite","@id":"https:\/\/progeo-cga.com\/#website","url":"https:\/\/progeo-cga.com\/","name":"PRO GEO","description":"GEOTECHNICAL CONSULTANTS","potentialAction":[{"@type":"SearchAction","target":{"@type":"EntryPoint","urlTemplate":"https:\/\/progeo-cga.com\/?s={search_term_string}"},"query-input":{"@type":"PropertyValueSpecification","valueRequired":true,"valueName":"search_term_string"}}],"inLanguage":"ca"}]}},"_links":{"self":[{"href":"https:\/\/progeo-cga.com\/ca\/wp-json\/wp\/v2\/pages\/2264","targetHints":{"allow":["GET"]}}],"collection":[{"href":"https:\/\/progeo-cga.com\/ca\/wp-json\/wp\/v2\/pages"}],"about":[{"href":"https:\/\/progeo-cga.com\/ca\/wp-json\/wp\/v2\/types\/page"}],"author":[{"embeddable":true,"href":"https:\/\/progeo-cga.com\/ca\/wp-json\/wp\/v2\/users\/3"}],"replies":[{"embeddable":true,"href":"https:\/\/progeo-cga.com\/ca\/wp-json\/wp\/v2\/comments?post=2264"}],"version-history":[{"count":2,"href":"https:\/\/progeo-cga.com\/ca\/wp-json\/wp\/v2\/pages\/2264\/revisions"}],"predecessor-version":[{"id":2278,"href":"https:\/\/progeo-cga.com\/ca\/wp-json\/wp\/v2\/pages\/2264\/revisions\/2278"}],"up":[{"embeddable":true,"href":"https:\/\/progeo-cga.com\/ca\/wp-json\/wp\/v2\/pages\/1673"}],"wp:attachment":[{"href":"https:\/\/progeo-cga.com\/ca\/wp-json\/wp\/v2\/media?parent=2264"}],"curies":[{"name":"wp","href":"https:\/\/api.w.org\/{rel}","templated":true}]}}