{"id":2222,"date":"2021-03-09T09:31:00","date_gmt":"2021-03-09T09:31:00","guid":{"rendered":"http:\/\/progeo-cga.com\/?page_id=2222\/"},"modified":"2021-03-09T16:59:03","modified_gmt":"2021-03-09T16:59:03","slug":"pantalla-contencio-monzon-espanya","status":"publish","type":"page","link":"https:\/\/progeo-cga.com\/ca\/projectes\/millora-del-terreny-i-fonamentacions-especials-projectes\/pantalla-contencio-monzon-espanya\/","title":{"rendered":"PANTALLA CONTENCI\u00d3 MONZ\u00d3N, ESPANYA"},"content":{"rendered":"[vc_row row_type=&#8221;3&#8243; blox_image=&#8221;2212&#8243; blox_dark=&#8221;true&#8221; row_pattern=&#8221;max-pat&#8221;][vc_column][vc_empty_space height=&#8221;260px&#8221;][vc_column_text]\n<p class=\"head-nosotros\">PANTALLA DE CONTENCI\u00d3 MONZ\u00d3N (ESPANYA, 2019-actualitat)<\/p>\n[\/vc_column_text][vc_empty_space height=&#8221;260px&#8221;][\/vc_column][\/vc_row][vc_row][vc_column][vc_empty_space height=&#8221;60px&#8221;][vc_row_inner][vc_column_inner width=&#8221;1\/2&#8243;][vc_column_text]A les instal\u00b7lacions de l&#8217;empresa qu\u00edmica CINCA SL s&#8217;ha proposat un pla de descontaminaci\u00f3 del s\u00f2l. Anteriorment, en aquesta zona, es van desenvolupar activitats industrials que van provocar la contaminaci\u00f3 de mercuri al subs\u00f2l i a les aig\u00fces subterr\u00e0nies.<\/p>\n<p><strong>PRO GEO ha realitzat el disseny de la pantalla perimetral de contenci\u00f3<\/strong> que permet realitzar les activitats de descontaminaci\u00f3 del s\u00f2l a les instal\u00b7lacions.[\/vc_column_text][\/vc_column_inner][vc_column_inner width=&#8221;1\/2&#8243;][vc_column_text]Les<strong> activitats de consultoria geot\u00e8cnica desenvolupades per PRO GEO<\/strong> comprenen els seg\u00fcents temes:<\/p>\n<ul>\n<li>Estimaci\u00f3 dels par\u00e0metres geot\u00e8cnics del terreny.<\/li>\n<li>Disseny de la pantalla perimetral de contenci\u00f3.<\/li>\n<li>Redacci\u00f3 de el projecte constructiu de l&#8217;obra.<\/li>\n<li>Direcci\u00f3 de l&#8217;obra.<\/li>\n<\/ul>\n[\/vc_column_text][\/vc_column_inner][\/vc_row_inner][\/vc_column][\/vc_row][vc_row][vc_column width=&#8221;1\/6&#8243;][\/vc_column][vc_column width=&#8221;2\/3&#8243;][vc_images_carousel images=&#8221;2324,2325,2217,2218,2209,2210,2211,2212,2213,2214&#8243; img_size=&#8221;full&#8221; autoplay=&#8221;yes&#8221; wrap=&#8221;yes&#8221;][\/vc_column][vc_column width=&#8221;1\/6&#8243;][\/vc_column][\/vc_row][vc_row][vc_column][vc_empty_space][\/vc_column][\/vc_row]\n","protected":false},"excerpt":{"rendered":"<p>[vc_row row_type=&#8221;3&#8243; blox_image=&#8221;2212&#8243; blox_dark=&#8221;true&#8221; row_pattern=&#8221;max-pat&#8221;][vc_column][vc_empty_space height=&#8221;260px&#8221;][vc_column_text] PANTALLA DE CONTENCI\u00d3 MONZ\u00d3N (ESPANYA, 2019-actualitat) [\/vc_column_text][vc_empty_space height=&#8221;260px&#8221;][\/vc_column][\/vc_row][vc_row][vc_column][vc_empty_space height=&#8221;60px&#8221;][vc_row_inner][vc_column_inner width=&#8221;1\/2&#8243;][vc_column_text]A les instal\u00b7lacions de l&#8217;empresa qu\u00edmica CINCA SL s&#8217;ha proposat un pla de descontaminaci\u00f3 del s\u00f2l. Anteriorment, en aquesta zona, es van desenvolupar activitats industrials que van provocar la contaminaci\u00f3 de mercuri al subs\u00f2l i a les aig\u00fces subterr\u00e0nies. PRO GEO ha realitzat el disseny de la pantalla perimetral de&#8230; <\/p>\n<p><a class=\"readmore\" href=\"https:\/\/progeo-cga.com\/ca\/projectes\/millora-del-terreny-i-fonamentacions-especials-projectes\/pantalla-contencio-monzon-espanya\/\">Read More<\/a><\/p>\n","protected":false},"author":3,"featured_media":0,"parent":1675,"menu_order":8,"comment_status":"closed","ping_status":"closed","template":"","meta":{"footnotes":""},"class_list":["post-2222","page","type-page","status-publish","hentry"],"yoast_head":"<!-- This site is optimized with the Yoast SEO plugin v24.0 - https:\/\/yoast.com\/wordpress\/plugins\/seo\/ -->\n<title>PANTALLA CONTENCI\u00d3 MONZ\u00d3N, ESPANYA - PRO GEO<\/title>\n<meta name=\"robots\" content=\"index, follow, max-snippet:-1, max-image-preview:large, max-video-preview:-1\" \/>\n<link rel=\"canonical\" href=\"https:\/\/progeo-cga.com\/ca\/projectes\/millora-del-terreny-i-fonamentacions-especials-projectes\/pantalla-contencio-monzon-espanya\/\" \/>\n<meta property=\"og:locale\" content=\"ca_ES\" \/>\n<meta property=\"og:type\" content=\"article\" \/>\n<meta property=\"og:title\" content=\"PANTALLA CONTENCI\u00d3 MONZ\u00d3N, ESPANYA - PRO GEO\" \/>\n<meta property=\"og:description\" content=\"[vc_row row_type=&#8221;3&#8243; blox_image=&#8221;2212&#8243; blox_dark=&#8221;true&#8221; row_pattern=&#8221;max-pat&#8221;][vc_column][vc_empty_space height=&#8221;260px&#8221;][vc_column_text] PANTALLA DE CONTENCI\u00d3 MONZ\u00d3N (ESPANYA, 2019-actualitat) [\/vc_column_text][vc_empty_space height=&#8221;260px&#8221;][\/vc_column][\/vc_row][vc_row][vc_column][vc_empty_space height=&#8221;60px&#8221;][vc_row_inner][vc_column_inner width=&#8221;1\/2&#8243;][vc_column_text]A les instal\u00b7lacions de l&#8217;empresa qu\u00edmica CINCA SL s&#8217;ha proposat un pla de descontaminaci\u00f3 del s\u00f2l. Anteriorment, en aquesta zona, es van desenvolupar activitats industrials que van provocar la contaminaci\u00f3 de mercuri al subs\u00f2l i a les aig\u00fces subterr\u00e0nies. PRO GEO ha realitzat el disseny de la pantalla perimetral de... Read More\" \/>\n<meta property=\"og:url\" content=\"https:\/\/progeo-cga.com\/ca\/projectes\/millora-del-terreny-i-fonamentacions-especials-projectes\/pantalla-contencio-monzon-espanya\/\" \/>\n<meta property=\"og:site_name\" content=\"PRO GEO\" \/>\n<meta property=\"article:modified_time\" content=\"2021-03-09T16:59:03+00:00\" \/>\n<meta name=\"twitter:card\" content=\"summary_large_image\" \/>\n<meta name=\"twitter:label1\" content=\"Temps estimat de lectura\" \/>\n\t<meta name=\"twitter:data1\" content=\"1 minut\" \/>\n<script type=\"application\/ld+json\" class=\"yoast-schema-graph\">{\"@context\":\"https:\/\/schema.org\",\"@graph\":[{\"@type\":\"WebPage\",\"@id\":\"https:\/\/progeo-cga.com\/ca\/projectes\/millora-del-terreny-i-fonamentacions-especials-projectes\/pantalla-contencio-monzon-espanya\/\",\"url\":\"https:\/\/progeo-cga.com\/ca\/projectes\/millora-del-terreny-i-fonamentacions-especials-projectes\/pantalla-contencio-monzon-espanya\/\",\"name\":\"PANTALLA CONTENCI\u00d3 MONZ\u00d3N, ESPANYA - PRO GEO\",\"isPartOf\":{\"@id\":\"https:\/\/progeo-cga.com\/#website\"},\"datePublished\":\"2021-03-09T09:31:00+00:00\",\"dateModified\":\"2021-03-09T16:59:03+00:00\",\"breadcrumb\":{\"@id\":\"https:\/\/progeo-cga.com\/ca\/projectes\/millora-del-terreny-i-fonamentacions-especials-projectes\/pantalla-contencio-monzon-espanya\/#breadcrumb\"},\"inLanguage\":\"ca\",\"potentialAction\":[{\"@type\":\"ReadAction\",\"target\":[\"https:\/\/progeo-cga.com\/ca\/projectes\/millora-del-terreny-i-fonamentacions-especials-projectes\/pantalla-contencio-monzon-espanya\/\"]}]},{\"@type\":\"BreadcrumbList\",\"@id\":\"https:\/\/progeo-cga.com\/ca\/projectes\/millora-del-terreny-i-fonamentacions-especials-projectes\/pantalla-contencio-monzon-espanya\/#breadcrumb\",\"itemListElement\":[{\"@type\":\"ListItem\",\"position\":1,\"name\":\"Home\",\"item\":\"https:\/\/progeo-cga.com\/ca\/\"},{\"@type\":\"ListItem\",\"position\":2,\"name\":\"Projectes\",\"item\":\"https:\/\/progeo-cga.com\/ca\/projectes\/\"},{\"@type\":\"ListItem\",\"position\":3,\"name\":\"MILLORA DEL TERRENY I FONAMENTACIONS ESPECIALS &#8211; PROJECTES\",\"item\":\"https:\/\/progeo-cga.com\/ca\/projectes\/millora-del-terreny-i-fonamentacions-especials-projectes\/\"},{\"@type\":\"ListItem\",\"position\":4,\"name\":\"PANTALLA CONTENCI\u00d3 MONZ\u00d3N, ESPANYA\"}]},{\"@type\":\"WebSite\",\"@id\":\"https:\/\/progeo-cga.com\/#website\",\"url\":\"https:\/\/progeo-cga.com\/\",\"name\":\"PRO GEO\",\"description\":\"GEOTECHNICAL CONSULTANTS\",\"potentialAction\":[{\"@type\":\"SearchAction\",\"target\":{\"@type\":\"EntryPoint\",\"urlTemplate\":\"https:\/\/progeo-cga.com\/?s={search_term_string}\"},\"query-input\":{\"@type\":\"PropertyValueSpecification\",\"valueRequired\":true,\"valueName\":\"search_term_string\"}}],\"inLanguage\":\"ca\"}]}<\/script>\n<!-- \/ Yoast SEO plugin. -->","yoast_head_json":{"title":"PANTALLA CONTENCI\u00d3 MONZ\u00d3N, ESPANYA - PRO GEO","robots":{"index":"index","follow":"follow","max-snippet":"max-snippet:-1","max-image-preview":"max-image-preview:large","max-video-preview":"max-video-preview:-1"},"canonical":"https:\/\/progeo-cga.com\/ca\/projectes\/millora-del-terreny-i-fonamentacions-especials-projectes\/pantalla-contencio-monzon-espanya\/","og_locale":"ca_ES","og_type":"article","og_title":"PANTALLA CONTENCI\u00d3 MONZ\u00d3N, ESPANYA - PRO GEO","og_description":"[vc_row row_type=&#8221;3&#8243; blox_image=&#8221;2212&#8243; blox_dark=&#8221;true&#8221; row_pattern=&#8221;max-pat&#8221;][vc_column][vc_empty_space height=&#8221;260px&#8221;][vc_column_text] PANTALLA DE CONTENCI\u00d3 MONZ\u00d3N (ESPANYA, 2019-actualitat) [\/vc_column_text][vc_empty_space height=&#8221;260px&#8221;][\/vc_column][\/vc_row][vc_row][vc_column][vc_empty_space height=&#8221;60px&#8221;][vc_row_inner][vc_column_inner width=&#8221;1\/2&#8243;][vc_column_text]A les instal\u00b7lacions de l&#8217;empresa qu\u00edmica CINCA SL s&#8217;ha proposat un pla de descontaminaci\u00f3 del s\u00f2l. Anteriorment, en aquesta zona, es van desenvolupar activitats industrials que van provocar la contaminaci\u00f3 de mercuri al subs\u00f2l i a les aig\u00fces subterr\u00e0nies. PRO GEO ha realitzat el disseny de la pantalla perimetral de... Read More","og_url":"https:\/\/progeo-cga.com\/ca\/projectes\/millora-del-terreny-i-fonamentacions-especials-projectes\/pantalla-contencio-monzon-espanya\/","og_site_name":"PRO GEO","article_modified_time":"2021-03-09T16:59:03+00:00","twitter_card":"summary_large_image","twitter_misc":{"Temps estimat de lectura":"1 minut"},"schema":{"@context":"https:\/\/schema.org","@graph":[{"@type":"WebPage","@id":"https:\/\/progeo-cga.com\/ca\/projectes\/millora-del-terreny-i-fonamentacions-especials-projectes\/pantalla-contencio-monzon-espanya\/","url":"https:\/\/progeo-cga.com\/ca\/projectes\/millora-del-terreny-i-fonamentacions-especials-projectes\/pantalla-contencio-monzon-espanya\/","name":"PANTALLA CONTENCI\u00d3 MONZ\u00d3N, ESPANYA - PRO GEO","isPartOf":{"@id":"https:\/\/progeo-cga.com\/#website"},"datePublished":"2021-03-09T09:31:00+00:00","dateModified":"2021-03-09T16:59:03+00:00","breadcrumb":{"@id":"https:\/\/progeo-cga.com\/ca\/projectes\/millora-del-terreny-i-fonamentacions-especials-projectes\/pantalla-contencio-monzon-espanya\/#breadcrumb"},"inLanguage":"ca","potentialAction":[{"@type":"ReadAction","target":["https:\/\/progeo-cga.com\/ca\/projectes\/millora-del-terreny-i-fonamentacions-especials-projectes\/pantalla-contencio-monzon-espanya\/"]}]},{"@type":"BreadcrumbList","@id":"https:\/\/progeo-cga.com\/ca\/projectes\/millora-del-terreny-i-fonamentacions-especials-projectes\/pantalla-contencio-monzon-espanya\/#breadcrumb","itemListElement":[{"@type":"ListItem","position":1,"name":"Home","item":"https:\/\/progeo-cga.com\/ca\/"},{"@type":"ListItem","position":2,"name":"Projectes","item":"https:\/\/progeo-cga.com\/ca\/projectes\/"},{"@type":"ListItem","position":3,"name":"MILLORA DEL TERRENY I FONAMENTACIONS ESPECIALS &#8211; PROJECTES","item":"https:\/\/progeo-cga.com\/ca\/projectes\/millora-del-terreny-i-fonamentacions-especials-projectes\/"},{"@type":"ListItem","position":4,"name":"PANTALLA CONTENCI\u00d3 MONZ\u00d3N, ESPANYA"}]},{"@type":"WebSite","@id":"https:\/\/progeo-cga.com\/#website","url":"https:\/\/progeo-cga.com\/","name":"PRO GEO","description":"GEOTECHNICAL CONSULTANTS","potentialAction":[{"@type":"SearchAction","target":{"@type":"EntryPoint","urlTemplate":"https:\/\/progeo-cga.com\/?s={search_term_string}"},"query-input":{"@type":"PropertyValueSpecification","valueRequired":true,"valueName":"search_term_string"}}],"inLanguage":"ca"}]}},"_links":{"self":[{"href":"https:\/\/progeo-cga.com\/ca\/wp-json\/wp\/v2\/pages\/2222","targetHints":{"allow":["GET"]}}],"collection":[{"href":"https:\/\/progeo-cga.com\/ca\/wp-json\/wp\/v2\/pages"}],"about":[{"href":"https:\/\/progeo-cga.com\/ca\/wp-json\/wp\/v2\/types\/page"}],"author":[{"embeddable":true,"href":"https:\/\/progeo-cga.com\/ca\/wp-json\/wp\/v2\/users\/3"}],"replies":[{"embeddable":true,"href":"https:\/\/progeo-cga.com\/ca\/wp-json\/wp\/v2\/comments?post=2222"}],"version-history":[{"count":2,"href":"https:\/\/progeo-cga.com\/ca\/wp-json\/wp\/v2\/pages\/2222\/revisions"}],"predecessor-version":[{"id":2327,"href":"https:\/\/progeo-cga.com\/ca\/wp-json\/wp\/v2\/pages\/2222\/revisions\/2327"}],"up":[{"embeddable":true,"href":"https:\/\/progeo-cga.com\/ca\/wp-json\/wp\/v2\/pages\/1675"}],"wp:attachment":[{"href":"https:\/\/progeo-cga.com\/ca\/wp-json\/wp\/v2\/media?parent=2222"}],"curies":[{"name":"wp","href":"https:\/\/api.w.org\/{rel}","templated":true}]}}