{"id":2163,"date":"2021-03-08T14:52:20","date_gmt":"2021-03-08T14:52:20","guid":{"rendered":"http:\/\/progeo-cga.com\/?page_id=2163\/"},"modified":"2021-03-08T14:52:20","modified_gmt":"2021-03-08T14:52:20","slug":"nou-funicular-tibidabo-bcn-espanya","status":"publish","type":"page","link":"https:\/\/progeo-cga.com\/ca\/projectes\/talussos-i-lliscaments-projectes\/nou-funicular-tibidabo-bcn-espanya\/","title":{"rendered":"NOU FUNICULAR TIBIDABO-BCN, ESPANYA"},"content":{"rendered":"[vc_row row_type=&#8221;3&#8243; blox_image=&#8221;2159&#8243; blox_dark=&#8221;true&#8221; row_pattern=&#8221;max-pat&#8221;][vc_column][vc_empty_space height=&#8221;260px&#8221;][vc_column_text]\n<p class=\"head-nosotros\">NOU FUNICULAR DEL TIBIDABO DE BARCELONA (ESPANYA, 2019-2020)<\/p>\n[\/vc_column_text][vc_empty_space height=&#8221;260px&#8221;][\/vc_column][\/vc_row][vc_row][vc_column][vc_empty_space height=&#8221;60px&#8221;][vc_row_inner][vc_column_inner width=&#8221;1\/2&#8243;][vc_column_text]A finals 2019, s&#8217;inicien les obres de la fase II de renovaci\u00f3 del\u00a0 Funicular del Tibidabo. Aquesta renovaci\u00f3 inclou la reforma completa de les estacions superior i inferior aix\u00ed com un conjunt d&#8217;actuacions de renovaci\u00f3 integral de la via. Aquestes actuacions impliquen excavacions als talussos existents, tant en la tra\u00e7a del funicular com a les estacions.<\/p>\n<p>El novembre de 2019, l&#8217;empresa <strong>PRO GEO \u00e9s contractada en fase d&#8217;obra<\/strong> per a tots els aspectes relacionats amb l&#8217;<strong>estabilitat de talussos i contenci\u00f3 dels mateixos<\/strong>, aix\u00ed com el disseny de la f<strong>onamentaci\u00f3 de<\/strong><strong>l nou ascensor<\/strong>.[\/vc_column_text][\/vc_column_inner][vc_column_inner width=&#8221;1\/2&#8243;][vc_column_text]Els <strong>serveis aportats per PRO GEO<\/strong> han estat els seg\u00fcents:<\/p>\n<ul>\n<li>Visites de camp incloent l&#8217;obtenci\u00f3 de mostres de roca i la realitzaci\u00f3 d&#8217;estacions geomec\u00e0niques.<\/li>\n<li>An\u00e0lisi cinem\u00e0tics i din\u00e0mics de les discontinu\u00eftats mesurades a les estacions geomec\u00e0niques.<\/li>\n<li>Disseny del sistema de contenci\u00f3 a partir de bulons per als talussos que presentin inestabilitats.<\/li>\n<li>Modelitzaci\u00f3 3D de l&#8217;estaci\u00f3 superior per estudiar la interfer\u00e8ncia de l&#8217;excavaci\u00f3, necess\u00e0ria per a la nova superestructura, amb els fonaments de la s\u00ednia existents.<\/li>\n<li>Disseny de la fonamentaci\u00f3 de el futur ascensor per a l&#8217;adaptaci\u00f3 de l&#8217;estaci\u00f3 superior a persones amb mobilitat redu\u00efda.<\/li>\n<\/ul>\n[\/vc_column_text][\/vc_column_inner][\/vc_row_inner][\/vc_column][\/vc_row][vc_row][vc_column width=&#8221;1\/6&#8243;][\/vc_column][vc_column width=&#8221;2\/3&#8243;][vc_images_carousel images=&#8221;2150,2151,2159,2152,2147,2146,2145&#8243; img_size=&#8221;full&#8221; autoplay=&#8221;yes&#8221; wrap=&#8221;yes&#8221;][\/vc_column][vc_column width=&#8221;1\/6&#8243;][\/vc_column][\/vc_row][vc_row][vc_column][vc_empty_space][\/vc_column][\/vc_row]\n","protected":false},"excerpt":{"rendered":"<p>[vc_row row_type=&#8221;3&#8243; blox_image=&#8221;2159&#8243; blox_dark=&#8221;true&#8221; row_pattern=&#8221;max-pat&#8221;][vc_column][vc_empty_space height=&#8221;260px&#8221;][vc_column_text] NOU FUNICULAR DEL TIBIDABO DE BARCELONA (ESPANYA, 2019-2020) [\/vc_column_text][vc_empty_space height=&#8221;260px&#8221;][\/vc_column][\/vc_row][vc_row][vc_column][vc_empty_space height=&#8221;60px&#8221;][vc_row_inner][vc_column_inner width=&#8221;1\/2&#8243;][vc_column_text]A finals 2019, s&#8217;inicien les obres de la fase II de renovaci\u00f3 del\u00a0 Funicular del Tibidabo. Aquesta renovaci\u00f3 inclou la reforma completa de les estacions superior i inferior aix\u00ed com un conjunt d&#8217;actuacions de renovaci\u00f3 integral de la via. Aquestes actuacions impliquen excavacions als talussos existents, tant en&#8230; <\/p>\n<p><a class=\"readmore\" href=\"https:\/\/progeo-cga.com\/ca\/projectes\/talussos-i-lliscaments-projectes\/nou-funicular-tibidabo-bcn-espanya\/\">Read More<\/a><\/p>\n","protected":false},"author":3,"featured_media":0,"parent":1673,"menu_order":3,"comment_status":"closed","ping_status":"closed","template":"","meta":{"footnotes":""},"class_list":["post-2163","page","type-page","status-publish","hentry"],"yoast_head":"<!-- This site is optimized with the Yoast SEO plugin v24.0 - https:\/\/yoast.com\/wordpress\/plugins\/seo\/ -->\n<title>NOU FUNICULAR TIBIDABO-BCN, ESPANYA - PRO GEO<\/title>\n<meta name=\"robots\" content=\"index, follow, max-snippet:-1, max-image-preview:large, max-video-preview:-1\" \/>\n<link rel=\"canonical\" href=\"https:\/\/progeo-cga.com\/ca\/projectes\/talussos-i-lliscaments-projectes\/nou-funicular-tibidabo-bcn-espanya\/\" \/>\n<meta property=\"og:locale\" content=\"ca_ES\" \/>\n<meta property=\"og:type\" content=\"article\" \/>\n<meta property=\"og:title\" content=\"NOU FUNICULAR TIBIDABO-BCN, ESPANYA - PRO GEO\" \/>\n<meta property=\"og:description\" content=\"[vc_row row_type=&#8221;3&#8243; blox_image=&#8221;2159&#8243; blox_dark=&#8221;true&#8221; row_pattern=&#8221;max-pat&#8221;][vc_column][vc_empty_space height=&#8221;260px&#8221;][vc_column_text] NOU FUNICULAR DEL TIBIDABO DE BARCELONA (ESPANYA, 2019-2020) [\/vc_column_text][vc_empty_space height=&#8221;260px&#8221;][\/vc_column][\/vc_row][vc_row][vc_column][vc_empty_space height=&#8221;60px&#8221;][vc_row_inner][vc_column_inner width=&#8221;1\/2&#8243;][vc_column_text]A finals 2019, s&#8217;inicien les obres de la fase II de renovaci\u00f3 del\u00a0 Funicular del Tibidabo. Aquesta renovaci\u00f3 inclou la reforma completa de les estacions superior i inferior aix\u00ed com un conjunt d&#8217;actuacions de renovaci\u00f3 integral de la via. Aquestes actuacions impliquen excavacions als talussos existents, tant en... Read More\" \/>\n<meta property=\"og:url\" content=\"https:\/\/progeo-cga.com\/ca\/projectes\/talussos-i-lliscaments-projectes\/nou-funicular-tibidabo-bcn-espanya\/\" \/>\n<meta property=\"og:site_name\" content=\"PRO GEO\" \/>\n<meta name=\"twitter:card\" content=\"summary_large_image\" \/>\n<meta name=\"twitter:label1\" content=\"Temps estimat de lectura\" \/>\n\t<meta name=\"twitter:data1\" content=\"2 minuts\" \/>\n<script type=\"application\/ld+json\" class=\"yoast-schema-graph\">{\"@context\":\"https:\/\/schema.org\",\"@graph\":[{\"@type\":\"WebPage\",\"@id\":\"https:\/\/progeo-cga.com\/ca\/projectes\/talussos-i-lliscaments-projectes\/nou-funicular-tibidabo-bcn-espanya\/\",\"url\":\"https:\/\/progeo-cga.com\/ca\/projectes\/talussos-i-lliscaments-projectes\/nou-funicular-tibidabo-bcn-espanya\/\",\"name\":\"NOU FUNICULAR TIBIDABO-BCN, ESPANYA - PRO GEO\",\"isPartOf\":{\"@id\":\"https:\/\/progeo-cga.com\/#website\"},\"datePublished\":\"2021-03-08T14:52:20+00:00\",\"dateModified\":\"2021-03-08T14:52:20+00:00\",\"breadcrumb\":{\"@id\":\"https:\/\/progeo-cga.com\/ca\/projectes\/talussos-i-lliscaments-projectes\/nou-funicular-tibidabo-bcn-espanya\/#breadcrumb\"},\"inLanguage\":\"ca\",\"potentialAction\":[{\"@type\":\"ReadAction\",\"target\":[\"https:\/\/progeo-cga.com\/ca\/projectes\/talussos-i-lliscaments-projectes\/nou-funicular-tibidabo-bcn-espanya\/\"]}]},{\"@type\":\"BreadcrumbList\",\"@id\":\"https:\/\/progeo-cga.com\/ca\/projectes\/talussos-i-lliscaments-projectes\/nou-funicular-tibidabo-bcn-espanya\/#breadcrumb\",\"itemListElement\":[{\"@type\":\"ListItem\",\"position\":1,\"name\":\"Home\",\"item\":\"https:\/\/progeo-cga.com\/ca\/\"},{\"@type\":\"ListItem\",\"position\":2,\"name\":\"Projectes\",\"item\":\"https:\/\/progeo-cga.com\/ca\/projectes\/\"},{\"@type\":\"ListItem\",\"position\":3,\"name\":\"TALUSSOS I LLISCAMENTS &#8211; PROJECTES\",\"item\":\"https:\/\/progeo-cga.com\/ca\/projectes\/talussos-i-lliscaments-projectes\/\"},{\"@type\":\"ListItem\",\"position\":4,\"name\":\"NOU FUNICULAR TIBIDABO-BCN, ESPANYA\"}]},{\"@type\":\"WebSite\",\"@id\":\"https:\/\/progeo-cga.com\/#website\",\"url\":\"https:\/\/progeo-cga.com\/\",\"name\":\"PRO GEO\",\"description\":\"GEOTECHNICAL CONSULTANTS\",\"potentialAction\":[{\"@type\":\"SearchAction\",\"target\":{\"@type\":\"EntryPoint\",\"urlTemplate\":\"https:\/\/progeo-cga.com\/?s={search_term_string}\"},\"query-input\":{\"@type\":\"PropertyValueSpecification\",\"valueRequired\":true,\"valueName\":\"search_term_string\"}}],\"inLanguage\":\"ca\"}]}<\/script>\n<!-- \/ Yoast SEO plugin. -->","yoast_head_json":{"title":"NOU FUNICULAR TIBIDABO-BCN, ESPANYA - PRO GEO","robots":{"index":"index","follow":"follow","max-snippet":"max-snippet:-1","max-image-preview":"max-image-preview:large","max-video-preview":"max-video-preview:-1"},"canonical":"https:\/\/progeo-cga.com\/ca\/projectes\/talussos-i-lliscaments-projectes\/nou-funicular-tibidabo-bcn-espanya\/","og_locale":"ca_ES","og_type":"article","og_title":"NOU FUNICULAR TIBIDABO-BCN, ESPANYA - PRO GEO","og_description":"[vc_row row_type=&#8221;3&#8243; blox_image=&#8221;2159&#8243; blox_dark=&#8221;true&#8221; row_pattern=&#8221;max-pat&#8221;][vc_column][vc_empty_space height=&#8221;260px&#8221;][vc_column_text] NOU FUNICULAR DEL TIBIDABO DE BARCELONA (ESPANYA, 2019-2020) [\/vc_column_text][vc_empty_space height=&#8221;260px&#8221;][\/vc_column][\/vc_row][vc_row][vc_column][vc_empty_space height=&#8221;60px&#8221;][vc_row_inner][vc_column_inner width=&#8221;1\/2&#8243;][vc_column_text]A finals 2019, s&#8217;inicien les obres de la fase II de renovaci\u00f3 del\u00a0 Funicular del Tibidabo. Aquesta renovaci\u00f3 inclou la reforma completa de les estacions superior i inferior aix\u00ed com un conjunt d&#8217;actuacions de renovaci\u00f3 integral de la via. Aquestes actuacions impliquen excavacions als talussos existents, tant en... Read More","og_url":"https:\/\/progeo-cga.com\/ca\/projectes\/talussos-i-lliscaments-projectes\/nou-funicular-tibidabo-bcn-espanya\/","og_site_name":"PRO GEO","twitter_card":"summary_large_image","twitter_misc":{"Temps estimat de lectura":"2 minuts"},"schema":{"@context":"https:\/\/schema.org","@graph":[{"@type":"WebPage","@id":"https:\/\/progeo-cga.com\/ca\/projectes\/talussos-i-lliscaments-projectes\/nou-funicular-tibidabo-bcn-espanya\/","url":"https:\/\/progeo-cga.com\/ca\/projectes\/talussos-i-lliscaments-projectes\/nou-funicular-tibidabo-bcn-espanya\/","name":"NOU FUNICULAR TIBIDABO-BCN, ESPANYA - PRO GEO","isPartOf":{"@id":"https:\/\/progeo-cga.com\/#website"},"datePublished":"2021-03-08T14:52:20+00:00","dateModified":"2021-03-08T14:52:20+00:00","breadcrumb":{"@id":"https:\/\/progeo-cga.com\/ca\/projectes\/talussos-i-lliscaments-projectes\/nou-funicular-tibidabo-bcn-espanya\/#breadcrumb"},"inLanguage":"ca","potentialAction":[{"@type":"ReadAction","target":["https:\/\/progeo-cga.com\/ca\/projectes\/talussos-i-lliscaments-projectes\/nou-funicular-tibidabo-bcn-espanya\/"]}]},{"@type":"BreadcrumbList","@id":"https:\/\/progeo-cga.com\/ca\/projectes\/talussos-i-lliscaments-projectes\/nou-funicular-tibidabo-bcn-espanya\/#breadcrumb","itemListElement":[{"@type":"ListItem","position":1,"name":"Home","item":"https:\/\/progeo-cga.com\/ca\/"},{"@type":"ListItem","position":2,"name":"Projectes","item":"https:\/\/progeo-cga.com\/ca\/projectes\/"},{"@type":"ListItem","position":3,"name":"TALUSSOS I LLISCAMENTS &#8211; PROJECTES","item":"https:\/\/progeo-cga.com\/ca\/projectes\/talussos-i-lliscaments-projectes\/"},{"@type":"ListItem","position":4,"name":"NOU FUNICULAR TIBIDABO-BCN, ESPANYA"}]},{"@type":"WebSite","@id":"https:\/\/progeo-cga.com\/#website","url":"https:\/\/progeo-cga.com\/","name":"PRO GEO","description":"GEOTECHNICAL CONSULTANTS","potentialAction":[{"@type":"SearchAction","target":{"@type":"EntryPoint","urlTemplate":"https:\/\/progeo-cga.com\/?s={search_term_string}"},"query-input":{"@type":"PropertyValueSpecification","valueRequired":true,"valueName":"search_term_string"}}],"inLanguage":"ca"}]}},"_links":{"self":[{"href":"https:\/\/progeo-cga.com\/ca\/wp-json\/wp\/v2\/pages\/2163","targetHints":{"allow":["GET"]}}],"collection":[{"href":"https:\/\/progeo-cga.com\/ca\/wp-json\/wp\/v2\/pages"}],"about":[{"href":"https:\/\/progeo-cga.com\/ca\/wp-json\/wp\/v2\/types\/page"}],"author":[{"embeddable":true,"href":"https:\/\/progeo-cga.com\/ca\/wp-json\/wp\/v2\/users\/3"}],"replies":[{"embeddable":true,"href":"https:\/\/progeo-cga.com\/ca\/wp-json\/wp\/v2\/comments?post=2163"}],"version-history":[{"count":1,"href":"https:\/\/progeo-cga.com\/ca\/wp-json\/wp\/v2\/pages\/2163\/revisions"}],"predecessor-version":[{"id":2164,"href":"https:\/\/progeo-cga.com\/ca\/wp-json\/wp\/v2\/pages\/2163\/revisions\/2164"}],"up":[{"embeddable":true,"href":"https:\/\/progeo-cga.com\/ca\/wp-json\/wp\/v2\/pages\/1673"}],"wp:attachment":[{"href":"https:\/\/progeo-cga.com\/ca\/wp-json\/wp\/v2\/media?parent=2163"}],"curies":[{"name":"wp","href":"https:\/\/api.w.org\/{rel}","templated":true}]}}