{"id":2112,"date":"2021-03-08T11:24:22","date_gmt":"2021-03-08T11:24:22","guid":{"rendered":"http:\/\/progeo-cga.com\/?page_id=2112\/"},"modified":"2021-03-08T11:24:22","modified_gmt":"2021-03-08T11:24:22","slug":"fonamentacions-offshore-golf-mexic","status":"publish","type":"page","link":"https:\/\/progeo-cga.com\/ca\/projectes\/millora-del-terreny-i-fonamentacions-especials-projectes\/fonamentacions-offshore-golf-mexic\/","title":{"rendered":"FONAMENTACIONS OFFSHORE, GOLF DE M\u00c8XIC"},"content":{"rendered":"[vc_row row_type=&#8221;3&#8243; blox_image=&#8221;2090&#8243; blox_dark=&#8221;true&#8221; row_pattern=&#8221;max-pat&#8221;][vc_column][vc_empty_space height=&#8221;260px&#8221;][vc_column_text]\n<p class=\"head-nosotros\">FONAMENTACIONS OFFSHORE DE LA SUBESTRUCTURA D&#8217;EXPLOTACI\u00d3 MAR\u00cdTIMA (GOLF DE M\u00c8XIC, 2018-2019)<\/p>\n[\/vc_column_text][vc_empty_space height=&#8221;260px&#8221;][\/vc_column][\/vc_row][vc_row][vc_column][vc_empty_space height=&#8221;60px&#8221;][vc_row_inner][vc_column_inner width=&#8221;1\/2&#8243;][vc_column_text]<strong>PRO GEO ha realitzat el disseny de les fonamentacions offshore temporals<\/strong> (Tipus Mudmat) de la subestructura d&#8217;explotaci\u00f3 mar\u00edtima al golf M\u00e8xic. Per a aix\u00f2, s&#8217;ha utilitzat el programa d&#8217;elements finits Plaxis 2D.<\/p>\n<p>El disseny s&#8217;ha realitzat per a diferents empla\u00e7aments i per tant, diferents perfils geot\u00e8cnics.[\/vc_column_text][\/vc_column_inner][vc_column_inner width=&#8221;1\/2&#8243;][vc_column_text]<strong>L&#8217;experi\u00e8ncia en disseny subterrani de PRO GEO<\/strong> ha ajudat als nostres clients als seg\u00fcents problemes:<\/p>\n<ul>\n<li>Estimaci\u00f3 de par\u00e0metres geot\u00e8cnics a partir d&#8217;assajos tipus CPTU.<\/li>\n<li>Modelitzaci\u00f3 geomec\u00e0nica bidimensional en Plaxis 2D de les fonamentacions.<\/li>\n<li>Desenvolupament de les envolvents de refer\u00e8ncia de ruptura per a fonamentacions en faixa, quadrades, rectangulars i triangulars.<\/li>\n<\/ul>\n[\/vc_column_text][\/vc_column_inner][\/vc_row_inner][\/vc_column][\/vc_row][vc_row][vc_column width=&#8221;1\/6&#8243;][\/vc_column][vc_column width=&#8221;2\/3&#8243;][vc_images_carousel images=&#8221;2066,2065,2067,2068,2069,2070&#8243; img_size=&#8221;full&#8221; autoplay=&#8221;yes&#8221; wrap=&#8221;yes&#8221;][\/vc_column][vc_column width=&#8221;1\/6&#8243;][\/vc_column][\/vc_row][vc_row][vc_column][vc_empty_space][\/vc_column][\/vc_row]\n","protected":false},"excerpt":{"rendered":"<p>[vc_row row_type=&#8221;3&#8243; blox_image=&#8221;2090&#8243; blox_dark=&#8221;true&#8221; row_pattern=&#8221;max-pat&#8221;][vc_column][vc_empty_space height=&#8221;260px&#8221;][vc_column_text] FONAMENTACIONS OFFSHORE DE LA SUBESTRUCTURA D&#8217;EXPLOTACI\u00d3 MAR\u00cdTIMA (GOLF DE M\u00c8XIC, 2018-2019) [\/vc_column_text][vc_empty_space height=&#8221;260px&#8221;][\/vc_column][\/vc_row][vc_row][vc_column][vc_empty_space height=&#8221;60px&#8221;][vc_row_inner][vc_column_inner width=&#8221;1\/2&#8243;][vc_column_text]PRO GEO ha realitzat el disseny de les fonamentacions offshore temporals (Tipus Mudmat) de la subestructura d&#8217;explotaci\u00f3 mar\u00edtima al golf M\u00e8xic. Per a aix\u00f2, s&#8217;ha utilitzat el programa d&#8217;elements finits Plaxis 2D. El disseny s&#8217;ha realitzat per a diferents empla\u00e7aments i per tant, diferents perfils&#8230; <\/p>\n<p><a class=\"readmore\" href=\"https:\/\/progeo-cga.com\/ca\/projectes\/millora-del-terreny-i-fonamentacions-especials-projectes\/fonamentacions-offshore-golf-mexic\/\">Read More<\/a><\/p>\n","protected":false},"author":3,"featured_media":0,"parent":1675,"menu_order":6,"comment_status":"closed","ping_status":"closed","template":"","meta":{"footnotes":""},"class_list":["post-2112","page","type-page","status-publish","hentry"],"yoast_head":"<!-- This site is optimized with the Yoast SEO plugin v24.0 - https:\/\/yoast.com\/wordpress\/plugins\/seo\/ -->\n<title>FONAMENTACIONS OFFSHORE, GOLF DE M\u00c8XIC - PRO GEO<\/title>\n<meta name=\"robots\" content=\"index, follow, max-snippet:-1, max-image-preview:large, max-video-preview:-1\" \/>\n<link rel=\"canonical\" href=\"https:\/\/progeo-cga.com\/ca\/projectes\/millora-del-terreny-i-fonamentacions-especials-projectes\/fonamentacions-offshore-golf-mexic\/\" \/>\n<meta property=\"og:locale\" content=\"ca_ES\" \/>\n<meta property=\"og:type\" content=\"article\" \/>\n<meta property=\"og:title\" content=\"FONAMENTACIONS OFFSHORE, GOLF DE M\u00c8XIC - PRO GEO\" \/>\n<meta property=\"og:description\" content=\"[vc_row row_type=&#8221;3&#8243; blox_image=&#8221;2090&#8243; blox_dark=&#8221;true&#8221; row_pattern=&#8221;max-pat&#8221;][vc_column][vc_empty_space height=&#8221;260px&#8221;][vc_column_text] FONAMENTACIONS OFFSHORE DE LA SUBESTRUCTURA D&#8217;EXPLOTACI\u00d3 MAR\u00cdTIMA (GOLF DE M\u00c8XIC, 2018-2019) [\/vc_column_text][vc_empty_space height=&#8221;260px&#8221;][\/vc_column][\/vc_row][vc_row][vc_column][vc_empty_space height=&#8221;60px&#8221;][vc_row_inner][vc_column_inner width=&#8221;1\/2&#8243;][vc_column_text]PRO GEO ha realitzat el disseny de les fonamentacions offshore temporals (Tipus Mudmat) de la subestructura d&#8217;explotaci\u00f3 mar\u00edtima al golf M\u00e8xic. Per a aix\u00f2, s&#8217;ha utilitzat el programa d&#8217;elements finits Plaxis 2D. El disseny s&#8217;ha realitzat per a diferents empla\u00e7aments i per tant, diferents perfils... Read More\" \/>\n<meta property=\"og:url\" content=\"https:\/\/progeo-cga.com\/ca\/projectes\/millora-del-terreny-i-fonamentacions-especials-projectes\/fonamentacions-offshore-golf-mexic\/\" \/>\n<meta property=\"og:site_name\" content=\"PRO GEO\" \/>\n<meta name=\"twitter:card\" content=\"summary_large_image\" \/>\n<meta name=\"twitter:label1\" content=\"Temps estimat de lectura\" \/>\n\t<meta name=\"twitter:data1\" content=\"1 minut\" \/>\n<script type=\"application\/ld+json\" class=\"yoast-schema-graph\">{\"@context\":\"https:\/\/schema.org\",\"@graph\":[{\"@type\":\"WebPage\",\"@id\":\"https:\/\/progeo-cga.com\/ca\/projectes\/millora-del-terreny-i-fonamentacions-especials-projectes\/fonamentacions-offshore-golf-mexic\/\",\"url\":\"https:\/\/progeo-cga.com\/ca\/projectes\/millora-del-terreny-i-fonamentacions-especials-projectes\/fonamentacions-offshore-golf-mexic\/\",\"name\":\"FONAMENTACIONS OFFSHORE, GOLF DE M\u00c8XIC - PRO GEO\",\"isPartOf\":{\"@id\":\"https:\/\/progeo-cga.com\/#website\"},\"datePublished\":\"2021-03-08T11:24:22+00:00\",\"dateModified\":\"2021-03-08T11:24:22+00:00\",\"breadcrumb\":{\"@id\":\"https:\/\/progeo-cga.com\/ca\/projectes\/millora-del-terreny-i-fonamentacions-especials-projectes\/fonamentacions-offshore-golf-mexic\/#breadcrumb\"},\"inLanguage\":\"ca\",\"potentialAction\":[{\"@type\":\"ReadAction\",\"target\":[\"https:\/\/progeo-cga.com\/ca\/projectes\/millora-del-terreny-i-fonamentacions-especials-projectes\/fonamentacions-offshore-golf-mexic\/\"]}]},{\"@type\":\"BreadcrumbList\",\"@id\":\"https:\/\/progeo-cga.com\/ca\/projectes\/millora-del-terreny-i-fonamentacions-especials-projectes\/fonamentacions-offshore-golf-mexic\/#breadcrumb\",\"itemListElement\":[{\"@type\":\"ListItem\",\"position\":1,\"name\":\"Home\",\"item\":\"https:\/\/progeo-cga.com\/ca\/\"},{\"@type\":\"ListItem\",\"position\":2,\"name\":\"Projectes\",\"item\":\"https:\/\/progeo-cga.com\/ca\/projectes\/\"},{\"@type\":\"ListItem\",\"position\":3,\"name\":\"MILLORA DEL TERRENY I FONAMENTACIONS ESPECIALS &#8211; PROJECTES\",\"item\":\"https:\/\/progeo-cga.com\/ca\/projectes\/millora-del-terreny-i-fonamentacions-especials-projectes\/\"},{\"@type\":\"ListItem\",\"position\":4,\"name\":\"FONAMENTACIONS OFFSHORE, GOLF DE M\u00c8XIC\"}]},{\"@type\":\"WebSite\",\"@id\":\"https:\/\/progeo-cga.com\/#website\",\"url\":\"https:\/\/progeo-cga.com\/\",\"name\":\"PRO GEO\",\"description\":\"GEOTECHNICAL CONSULTANTS\",\"potentialAction\":[{\"@type\":\"SearchAction\",\"target\":{\"@type\":\"EntryPoint\",\"urlTemplate\":\"https:\/\/progeo-cga.com\/?s={search_term_string}\"},\"query-input\":{\"@type\":\"PropertyValueSpecification\",\"valueRequired\":true,\"valueName\":\"search_term_string\"}}],\"inLanguage\":\"ca\"}]}<\/script>\n<!-- \/ Yoast SEO plugin. -->","yoast_head_json":{"title":"FONAMENTACIONS OFFSHORE, GOLF DE M\u00c8XIC - PRO GEO","robots":{"index":"index","follow":"follow","max-snippet":"max-snippet:-1","max-image-preview":"max-image-preview:large","max-video-preview":"max-video-preview:-1"},"canonical":"https:\/\/progeo-cga.com\/ca\/projectes\/millora-del-terreny-i-fonamentacions-especials-projectes\/fonamentacions-offshore-golf-mexic\/","og_locale":"ca_ES","og_type":"article","og_title":"FONAMENTACIONS OFFSHORE, GOLF DE M\u00c8XIC - PRO GEO","og_description":"[vc_row row_type=&#8221;3&#8243; blox_image=&#8221;2090&#8243; blox_dark=&#8221;true&#8221; row_pattern=&#8221;max-pat&#8221;][vc_column][vc_empty_space height=&#8221;260px&#8221;][vc_column_text] FONAMENTACIONS OFFSHORE DE LA SUBESTRUCTURA D&#8217;EXPLOTACI\u00d3 MAR\u00cdTIMA (GOLF DE M\u00c8XIC, 2018-2019) [\/vc_column_text][vc_empty_space height=&#8221;260px&#8221;][\/vc_column][\/vc_row][vc_row][vc_column][vc_empty_space height=&#8221;60px&#8221;][vc_row_inner][vc_column_inner width=&#8221;1\/2&#8243;][vc_column_text]PRO GEO ha realitzat el disseny de les fonamentacions offshore temporals (Tipus Mudmat) de la subestructura d&#8217;explotaci\u00f3 mar\u00edtima al golf M\u00e8xic. Per a aix\u00f2, s&#8217;ha utilitzat el programa d&#8217;elements finits Plaxis 2D. El disseny s&#8217;ha realitzat per a diferents empla\u00e7aments i per tant, diferents perfils... Read More","og_url":"https:\/\/progeo-cga.com\/ca\/projectes\/millora-del-terreny-i-fonamentacions-especials-projectes\/fonamentacions-offshore-golf-mexic\/","og_site_name":"PRO GEO","twitter_card":"summary_large_image","twitter_misc":{"Temps estimat de lectura":"1 minut"},"schema":{"@context":"https:\/\/schema.org","@graph":[{"@type":"WebPage","@id":"https:\/\/progeo-cga.com\/ca\/projectes\/millora-del-terreny-i-fonamentacions-especials-projectes\/fonamentacions-offshore-golf-mexic\/","url":"https:\/\/progeo-cga.com\/ca\/projectes\/millora-del-terreny-i-fonamentacions-especials-projectes\/fonamentacions-offshore-golf-mexic\/","name":"FONAMENTACIONS OFFSHORE, GOLF DE M\u00c8XIC - PRO GEO","isPartOf":{"@id":"https:\/\/progeo-cga.com\/#website"},"datePublished":"2021-03-08T11:24:22+00:00","dateModified":"2021-03-08T11:24:22+00:00","breadcrumb":{"@id":"https:\/\/progeo-cga.com\/ca\/projectes\/millora-del-terreny-i-fonamentacions-especials-projectes\/fonamentacions-offshore-golf-mexic\/#breadcrumb"},"inLanguage":"ca","potentialAction":[{"@type":"ReadAction","target":["https:\/\/progeo-cga.com\/ca\/projectes\/millora-del-terreny-i-fonamentacions-especials-projectes\/fonamentacions-offshore-golf-mexic\/"]}]},{"@type":"BreadcrumbList","@id":"https:\/\/progeo-cga.com\/ca\/projectes\/millora-del-terreny-i-fonamentacions-especials-projectes\/fonamentacions-offshore-golf-mexic\/#breadcrumb","itemListElement":[{"@type":"ListItem","position":1,"name":"Home","item":"https:\/\/progeo-cga.com\/ca\/"},{"@type":"ListItem","position":2,"name":"Projectes","item":"https:\/\/progeo-cga.com\/ca\/projectes\/"},{"@type":"ListItem","position":3,"name":"MILLORA DEL TERRENY I FONAMENTACIONS ESPECIALS &#8211; PROJECTES","item":"https:\/\/progeo-cga.com\/ca\/projectes\/millora-del-terreny-i-fonamentacions-especials-projectes\/"},{"@type":"ListItem","position":4,"name":"FONAMENTACIONS OFFSHORE, GOLF DE M\u00c8XIC"}]},{"@type":"WebSite","@id":"https:\/\/progeo-cga.com\/#website","url":"https:\/\/progeo-cga.com\/","name":"PRO GEO","description":"GEOTECHNICAL CONSULTANTS","potentialAction":[{"@type":"SearchAction","target":{"@type":"EntryPoint","urlTemplate":"https:\/\/progeo-cga.com\/?s={search_term_string}"},"query-input":{"@type":"PropertyValueSpecification","valueRequired":true,"valueName":"search_term_string"}}],"inLanguage":"ca"}]}},"_links":{"self":[{"href":"https:\/\/progeo-cga.com\/ca\/wp-json\/wp\/v2\/pages\/2112","targetHints":{"allow":["GET"]}}],"collection":[{"href":"https:\/\/progeo-cga.com\/ca\/wp-json\/wp\/v2\/pages"}],"about":[{"href":"https:\/\/progeo-cga.com\/ca\/wp-json\/wp\/v2\/types\/page"}],"author":[{"embeddable":true,"href":"https:\/\/progeo-cga.com\/ca\/wp-json\/wp\/v2\/users\/3"}],"replies":[{"embeddable":true,"href":"https:\/\/progeo-cga.com\/ca\/wp-json\/wp\/v2\/comments?post=2112"}],"version-history":[{"count":1,"href":"https:\/\/progeo-cga.com\/ca\/wp-json\/wp\/v2\/pages\/2112\/revisions"}],"predecessor-version":[{"id":2113,"href":"https:\/\/progeo-cga.com\/ca\/wp-json\/wp\/v2\/pages\/2112\/revisions\/2113"}],"up":[{"embeddable":true,"href":"https:\/\/progeo-cga.com\/ca\/wp-json\/wp\/v2\/pages\/1675"}],"wp:attachment":[{"href":"https:\/\/progeo-cga.com\/ca\/wp-json\/wp\/v2\/media?parent=2112"}],"curies":[{"name":"wp","href":"https:\/\/api.w.org\/{rel}","templated":true}]}}