{"id":2104,"date":"2021-03-08T11:05:01","date_gmt":"2021-03-08T11:05:01","guid":{"rendered":"http:\/\/progeo-cga.com\/?page_id=2104\/"},"modified":"2021-03-08T11:05:01","modified_gmt":"2021-03-08T11:05:01","slug":"nous-tunels-viaris-placa-les-glories-espanya","status":"publish","type":"page","link":"https:\/\/progeo-cga.com\/ca\/projectes\/tunels-i-obres-subterranies-projectes\/nous-tunels-viaris-placa-les-glories-espanya\/","title":{"rendered":"NOUS T\u00daNELS VIARIS PLA\u00c7A LES GL\u00d2RIES, ESPANYA"},"content":{"rendered":"[vc_row row_type=&#8221;3&#8243; blox_height=&#8221;600&#8243; blox_image=&#8221;2036&#8243; blox_padding_top=&#8221;260&#8243; blox_padding_bottom=&#8221;70&#8243; blox_dark=&#8221;true&#8221; row_pattern=&#8221;max-pat&#8221;][vc_column][vc_column_text]\n<p class=\"head-nosotros\">NOUS T\u00daNELS VIARIS (LOTS 2 I 3) PLA\u00c7A DE LES GL\u00d2RIES, BARCELONA (ESPANYA, 2018-2020)<\/p>\n[\/vc_column_text][\/vc_column][\/vc_row][vc_row][vc_column][vc_empty_space][\/vc_column][\/vc_row][vc_row][vc_column][vc_row_inner][vc_column_inner width=&#8221;1\/2&#8243;][vc_column_text]El pas viari subterrani a la Pla\u00e7a de les Gl\u00f2ries (T\u00fanel de la Pla\u00e7a de les Gl\u00f2ries) es construeix a partir d&#8217;excavaci\u00f3 entre pantalles i de tres passos inferiors dels t\u00fanels existents (anomenats Lots 1, 2 i 3). Aquests passos consisteixen en la construcci\u00f3 de t\u00fanels en mina a l&#8217;abric (tubs met\u00e0l\u00b7lics prefabricats, formigonats i pretensats a\u00a0la part superior i als\u00a0laterals). Posteriorment, s&#8217;executa un calaix unicel\u00b7lular de formig\u00f3 armat per fases.<\/p>\n<p><strong>PRO GEO ha estat contractat<\/strong> per a l&#8217;an\u00e0lisi geot\u00e8cnic de la seq\u00fc\u00e8ncia constructiva del Lot 2 (pas inferior de les l\u00ednies de rodalies R3 \/ R4 Manresa-Puigcerd\u00e0 i R1 Ma\u00e7anet-Massanes) i del Lot 3 (pas inferior de la l\u00ednia 1 de TMB).[\/vc_column_text][\/vc_column_inner][vc_column_inner width=&#8221;1\/2&#8243;][vc_column_text]<strong>L&#8217;experi\u00e8ncia de PRO GEO<\/strong> ha ajudat a resoldre els seg\u00fcents problemes:<\/p>\n<ul>\n<li>Modelitzaci\u00f3 geomec\u00e0nica tridimensional en Plaxis 3D de la seq\u00fc\u00e8ncia constructiva dels passos inferiors dels Lots 2 i 3.<\/li>\n<li>Estimaci\u00f3 dels assentaments i moviments horitzontals durant les fases de construcci\u00f3 dels passos inferiors i comparaci\u00f3 amb els resultats de l&#8217;auscultaci\u00f3.<\/li>\n<li>Per al Lot 3, s&#8217;ha estudiat la millora del s\u00f2l del front d&#8217;excavaci\u00f3 mitjan\u00e7ant injeccions.<\/li>\n<li>Per als Lots 2 i 3 s&#8217;han estudiat alternatives en la seq\u00fc\u00e8ncia constructiva.<\/li>\n<\/ul>\n[\/vc_column_text][\/vc_column_inner][\/vc_row_inner][vc_empty_space height=&#8221;60px&#8221;][vc_row_inner][vc_column_inner width=&#8221;1\/6&#8243;][\/vc_column_inner][vc_column_inner width=&#8221;2\/3&#8243;][vc_images_carousel images=&#8221;2019,2018,2017&#8243; img_size=&#8221;full&#8221;][\/vc_column_inner][vc_column_inner width=&#8221;1\/6&#8243;][\/vc_column_inner][\/vc_row_inner][\/vc_column][\/vc_row][vc_row][vc_column][vc_empty_space][\/vc_column][\/vc_row]\n","protected":false},"excerpt":{"rendered":"<p>[vc_row row_type=&#8221;3&#8243; blox_height=&#8221;600&#8243; blox_image=&#8221;2036&#8243; blox_padding_top=&#8221;260&#8243; blox_padding_bottom=&#8221;70&#8243; blox_dark=&#8221;true&#8221; row_pattern=&#8221;max-pat&#8221;][vc_column][vc_column_text] NOUS T\u00daNELS VIARIS (LOTS 2 I 3) PLA\u00c7A DE LES GL\u00d2RIES, BARCELONA (ESPANYA, 2018-2020) [\/vc_column_text][\/vc_column][\/vc_row][vc_row][vc_column][vc_empty_space][\/vc_column][\/vc_row][vc_row][vc_column][vc_row_inner][vc_column_inner width=&#8221;1\/2&#8243;][vc_column_text]El pas viari subterrani a la Pla\u00e7a de les Gl\u00f2ries (T\u00fanel de la Pla\u00e7a de les Gl\u00f2ries) es construeix a partir d&#8217;excavaci\u00f3 entre pantalles i de tres passos inferiors dels t\u00fanels existents (anomenats Lots 1, 2 i 3). Aquests passos consisteixen en&#8230; <\/p>\n<p><a class=\"readmore\" href=\"https:\/\/progeo-cga.com\/ca\/projectes\/tunels-i-obres-subterranies-projectes\/nous-tunels-viaris-placa-les-glories-espanya\/\">Read More<\/a><\/p>\n","protected":false},"author":3,"featured_media":0,"parent":1681,"menu_order":9,"comment_status":"closed","ping_status":"closed","template":"","meta":{"footnotes":""},"class_list":["post-2104","page","type-page","status-publish","hentry"],"yoast_head":"<!-- This site is optimized with the Yoast SEO plugin v24.0 - https:\/\/yoast.com\/wordpress\/plugins\/seo\/ -->\n<title>NOUS T\u00daNELS VIARIS PLA\u00c7A LES GL\u00d2RIES, ESPANYA - PRO GEO<\/title>\n<meta name=\"robots\" content=\"index, follow, max-snippet:-1, max-image-preview:large, max-video-preview:-1\" \/>\n<link rel=\"canonical\" href=\"https:\/\/progeo-cga.com\/ca\/projectes\/tunels-i-obres-subterranies-projectes\/nous-tunels-viaris-placa-les-glories-espanya\/\" \/>\n<meta property=\"og:locale\" content=\"ca_ES\" \/>\n<meta property=\"og:type\" content=\"article\" \/>\n<meta property=\"og:title\" content=\"NOUS T\u00daNELS VIARIS PLA\u00c7A LES GL\u00d2RIES, ESPANYA - PRO GEO\" \/>\n<meta property=\"og:description\" content=\"[vc_row row_type=&#8221;3&#8243; blox_height=&#8221;600&#8243; blox_image=&#8221;2036&#8243; blox_padding_top=&#8221;260&#8243; blox_padding_bottom=&#8221;70&#8243; blox_dark=&#8221;true&#8221; row_pattern=&#8221;max-pat&#8221;][vc_column][vc_column_text] NOUS T\u00daNELS VIARIS (LOTS 2 I 3) PLA\u00c7A DE LES GL\u00d2RIES, BARCELONA (ESPANYA, 2018-2020) [\/vc_column_text][\/vc_column][\/vc_row][vc_row][vc_column][vc_empty_space][\/vc_column][\/vc_row][vc_row][vc_column][vc_row_inner][vc_column_inner width=&#8221;1\/2&#8243;][vc_column_text]El pas viari subterrani a la Pla\u00e7a de les Gl\u00f2ries (T\u00fanel de la Pla\u00e7a de les Gl\u00f2ries) es construeix a partir d&#8217;excavaci\u00f3 entre pantalles i de tres passos inferiors dels t\u00fanels existents (anomenats Lots 1, 2 i 3). Aquests passos consisteixen en... Read More\" \/>\n<meta property=\"og:url\" content=\"https:\/\/progeo-cga.com\/ca\/projectes\/tunels-i-obres-subterranies-projectes\/nous-tunels-viaris-placa-les-glories-espanya\/\" \/>\n<meta property=\"og:site_name\" content=\"PRO GEO\" \/>\n<meta name=\"twitter:card\" content=\"summary_large_image\" \/>\n<meta name=\"twitter:label1\" content=\"Temps estimat de lectura\" \/>\n\t<meta name=\"twitter:data1\" content=\"2 minuts\" \/>\n<script type=\"application\/ld+json\" class=\"yoast-schema-graph\">{\"@context\":\"https:\/\/schema.org\",\"@graph\":[{\"@type\":\"WebPage\",\"@id\":\"https:\/\/progeo-cga.com\/ca\/projectes\/tunels-i-obres-subterranies-projectes\/nous-tunels-viaris-placa-les-glories-espanya\/\",\"url\":\"https:\/\/progeo-cga.com\/ca\/projectes\/tunels-i-obres-subterranies-projectes\/nous-tunels-viaris-placa-les-glories-espanya\/\",\"name\":\"NOUS T\u00daNELS VIARIS PLA\u00c7A LES GL\u00d2RIES, ESPANYA - PRO GEO\",\"isPartOf\":{\"@id\":\"https:\/\/progeo-cga.com\/#website\"},\"datePublished\":\"2021-03-08T11:05:01+00:00\",\"dateModified\":\"2021-03-08T11:05:01+00:00\",\"breadcrumb\":{\"@id\":\"https:\/\/progeo-cga.com\/ca\/projectes\/tunels-i-obres-subterranies-projectes\/nous-tunels-viaris-placa-les-glories-espanya\/#breadcrumb\"},\"inLanguage\":\"ca\",\"potentialAction\":[{\"@type\":\"ReadAction\",\"target\":[\"https:\/\/progeo-cga.com\/ca\/projectes\/tunels-i-obres-subterranies-projectes\/nous-tunels-viaris-placa-les-glories-espanya\/\"]}]},{\"@type\":\"BreadcrumbList\",\"@id\":\"https:\/\/progeo-cga.com\/ca\/projectes\/tunels-i-obres-subterranies-projectes\/nous-tunels-viaris-placa-les-glories-espanya\/#breadcrumb\",\"itemListElement\":[{\"@type\":\"ListItem\",\"position\":1,\"name\":\"Home\",\"item\":\"https:\/\/progeo-cga.com\/ca\/\"},{\"@type\":\"ListItem\",\"position\":2,\"name\":\"Projectes\",\"item\":\"https:\/\/progeo-cga.com\/ca\/projectes\/\"},{\"@type\":\"ListItem\",\"position\":3,\"name\":\"T\u00daNELS &#8211; PROJECTES\",\"item\":\"https:\/\/progeo-cga.com\/ca\/projectes\/tunels-i-obres-subterranies-projectes\/\"},{\"@type\":\"ListItem\",\"position\":4,\"name\":\"NOUS T\u00daNELS VIARIS PLA\u00c7A LES GL\u00d2RIES, ESPANYA\"}]},{\"@type\":\"WebSite\",\"@id\":\"https:\/\/progeo-cga.com\/#website\",\"url\":\"https:\/\/progeo-cga.com\/\",\"name\":\"PRO GEO\",\"description\":\"GEOTECHNICAL CONSULTANTS\",\"potentialAction\":[{\"@type\":\"SearchAction\",\"target\":{\"@type\":\"EntryPoint\",\"urlTemplate\":\"https:\/\/progeo-cga.com\/?s={search_term_string}\"},\"query-input\":{\"@type\":\"PropertyValueSpecification\",\"valueRequired\":true,\"valueName\":\"search_term_string\"}}],\"inLanguage\":\"ca\"}]}<\/script>\n<!-- \/ Yoast SEO plugin. -->","yoast_head_json":{"title":"NOUS T\u00daNELS VIARIS PLA\u00c7A LES GL\u00d2RIES, ESPANYA - PRO GEO","robots":{"index":"index","follow":"follow","max-snippet":"max-snippet:-1","max-image-preview":"max-image-preview:large","max-video-preview":"max-video-preview:-1"},"canonical":"https:\/\/progeo-cga.com\/ca\/projectes\/tunels-i-obres-subterranies-projectes\/nous-tunels-viaris-placa-les-glories-espanya\/","og_locale":"ca_ES","og_type":"article","og_title":"NOUS T\u00daNELS VIARIS PLA\u00c7A LES GL\u00d2RIES, ESPANYA - PRO GEO","og_description":"[vc_row row_type=&#8221;3&#8243; blox_height=&#8221;600&#8243; blox_image=&#8221;2036&#8243; blox_padding_top=&#8221;260&#8243; blox_padding_bottom=&#8221;70&#8243; blox_dark=&#8221;true&#8221; row_pattern=&#8221;max-pat&#8221;][vc_column][vc_column_text] NOUS T\u00daNELS VIARIS (LOTS 2 I 3) PLA\u00c7A DE LES GL\u00d2RIES, BARCELONA (ESPANYA, 2018-2020) [\/vc_column_text][\/vc_column][\/vc_row][vc_row][vc_column][vc_empty_space][\/vc_column][\/vc_row][vc_row][vc_column][vc_row_inner][vc_column_inner width=&#8221;1\/2&#8243;][vc_column_text]El pas viari subterrani a la Pla\u00e7a de les Gl\u00f2ries (T\u00fanel de la Pla\u00e7a de les Gl\u00f2ries) es construeix a partir d&#8217;excavaci\u00f3 entre pantalles i de tres passos inferiors dels t\u00fanels existents (anomenats Lots 1, 2 i 3). Aquests passos consisteixen en... Read More","og_url":"https:\/\/progeo-cga.com\/ca\/projectes\/tunels-i-obres-subterranies-projectes\/nous-tunels-viaris-placa-les-glories-espanya\/","og_site_name":"PRO GEO","twitter_card":"summary_large_image","twitter_misc":{"Temps estimat de lectura":"2 minuts"},"schema":{"@context":"https:\/\/schema.org","@graph":[{"@type":"WebPage","@id":"https:\/\/progeo-cga.com\/ca\/projectes\/tunels-i-obres-subterranies-projectes\/nous-tunels-viaris-placa-les-glories-espanya\/","url":"https:\/\/progeo-cga.com\/ca\/projectes\/tunels-i-obres-subterranies-projectes\/nous-tunels-viaris-placa-les-glories-espanya\/","name":"NOUS T\u00daNELS VIARIS PLA\u00c7A LES GL\u00d2RIES, ESPANYA - PRO GEO","isPartOf":{"@id":"https:\/\/progeo-cga.com\/#website"},"datePublished":"2021-03-08T11:05:01+00:00","dateModified":"2021-03-08T11:05:01+00:00","breadcrumb":{"@id":"https:\/\/progeo-cga.com\/ca\/projectes\/tunels-i-obres-subterranies-projectes\/nous-tunels-viaris-placa-les-glories-espanya\/#breadcrumb"},"inLanguage":"ca","potentialAction":[{"@type":"ReadAction","target":["https:\/\/progeo-cga.com\/ca\/projectes\/tunels-i-obres-subterranies-projectes\/nous-tunels-viaris-placa-les-glories-espanya\/"]}]},{"@type":"BreadcrumbList","@id":"https:\/\/progeo-cga.com\/ca\/projectes\/tunels-i-obres-subterranies-projectes\/nous-tunels-viaris-placa-les-glories-espanya\/#breadcrumb","itemListElement":[{"@type":"ListItem","position":1,"name":"Home","item":"https:\/\/progeo-cga.com\/ca\/"},{"@type":"ListItem","position":2,"name":"Projectes","item":"https:\/\/progeo-cga.com\/ca\/projectes\/"},{"@type":"ListItem","position":3,"name":"T\u00daNELS &#8211; PROJECTES","item":"https:\/\/progeo-cga.com\/ca\/projectes\/tunels-i-obres-subterranies-projectes\/"},{"@type":"ListItem","position":4,"name":"NOUS T\u00daNELS VIARIS PLA\u00c7A LES GL\u00d2RIES, ESPANYA"}]},{"@type":"WebSite","@id":"https:\/\/progeo-cga.com\/#website","url":"https:\/\/progeo-cga.com\/","name":"PRO GEO","description":"GEOTECHNICAL CONSULTANTS","potentialAction":[{"@type":"SearchAction","target":{"@type":"EntryPoint","urlTemplate":"https:\/\/progeo-cga.com\/?s={search_term_string}"},"query-input":{"@type":"PropertyValueSpecification","valueRequired":true,"valueName":"search_term_string"}}],"inLanguage":"ca"}]}},"_links":{"self":[{"href":"https:\/\/progeo-cga.com\/ca\/wp-json\/wp\/v2\/pages\/2104","targetHints":{"allow":["GET"]}}],"collection":[{"href":"https:\/\/progeo-cga.com\/ca\/wp-json\/wp\/v2\/pages"}],"about":[{"href":"https:\/\/progeo-cga.com\/ca\/wp-json\/wp\/v2\/types\/page"}],"author":[{"embeddable":true,"href":"https:\/\/progeo-cga.com\/ca\/wp-json\/wp\/v2\/users\/3"}],"replies":[{"embeddable":true,"href":"https:\/\/progeo-cga.com\/ca\/wp-json\/wp\/v2\/comments?post=2104"}],"version-history":[{"count":1,"href":"https:\/\/progeo-cga.com\/ca\/wp-json\/wp\/v2\/pages\/2104\/revisions"}],"predecessor-version":[{"id":2105,"href":"https:\/\/progeo-cga.com\/ca\/wp-json\/wp\/v2\/pages\/2104\/revisions\/2105"}],"up":[{"embeddable":true,"href":"https:\/\/progeo-cga.com\/ca\/wp-json\/wp\/v2\/pages\/1681"}],"wp:attachment":[{"href":"https:\/\/progeo-cga.com\/ca\/wp-json\/wp\/v2\/media?parent=2104"}],"curies":[{"name":"wp","href":"https:\/\/api.w.org\/{rel}","templated":true}]}}