{"id":2095,"date":"2021-03-05T12:16:09","date_gmt":"2021-03-05T12:16:09","guid":{"rendered":"http:\/\/progeo-cga.com\/?page_id=2095\/"},"modified":"2021-03-05T12:16:32","modified_gmt":"2021-03-05T12:16:32","slug":"fumanua-sud-figols-espanya","status":"publish","type":"page","link":"https:\/\/progeo-cga.com\/ca\/projectes\/talussos-i-lliscaments-projectes\/fumanua-sud-figols-espanya\/","title":{"rendered":"FUMANUA SUD &#8211; F\u00cdGOLS, ESPANYA"},"content":{"rendered":"[vc_row row_type=&#8221;3&#8243; blox_image=&#8221;2041&#8243; blox_dark=&#8221;true&#8221; row_pattern=&#8221;max-pat&#8221;][vc_column][vc_empty_space height=&#8221;260px&#8221;][vc_column_text]\n<p class=\"head-nosotros\">JACIMENT PALEONTOL\u00d2GIC FUMANYA SUD (F\u00cdGOLS &#8211; ESPANYA, 2019)<\/p>\n[\/vc_column_text][vc_empty_space height=&#8221;260px&#8221;][\/vc_column][\/vc_row][vc_row][vc_column][vc_empty_space height=&#8221;60px&#8221;][vc_row_inner][vc_column_inner width=&#8221;1\/2&#8243;][vc_column_text]<strong>PRO GEO<\/strong> rep l&#8217;enc\u00e0rrec, per part del Departament de Cultura de la Generalitat de Catalunya, de <strong>redactar el projecte constructiu<\/strong> per a la mitigaci\u00f3 dels moviments del mass\u00eds roc\u00f3s en l&#8217;\u00e0mbit del\u00a0<strong>jaciment paleontol\u00f2gic Fumanya Sud<\/strong>, amb actuacions globals i v\u00e0lides a llarg termini.<\/p>\n<p>La prioritat durant el proc\u00e9s de redacci\u00f3 del projecte ha estat la definici\u00f3 d<strong>&#8216;una soluci\u00f3 t\u00e8cnica que no generi danys en les icnites presents al tal\u00fas<\/strong>, ja que posseeixen un valor hist\u00f2ric i cultural molt elevat.[\/vc_column_text][\/vc_column_inner][vc_column_inner width=&#8221;1\/2&#8243;][vc_column_text]<strong>L&#8217;experi\u00e8ncia de PRO GEO<\/strong> ha perm\u00e8s realitzar els seg\u00fcents aspectes:<\/p>\n<ul>\n<li>Visites de camp incloent l&#8217;obtenci\u00f3 de mostres de roca i la realitzaci\u00f3 d&#8217;estacions geomec\u00e0niques.<\/li>\n<li>An\u00e0lisi cinem\u00e0tics i din\u00e0mics de les discontinu\u00eftats mesurades a les estacions geomec\u00e0niques.<\/li>\n<li>Modelitzaci\u00f3 geomec\u00e0nica bidimensional amb Plaxis 2D, per al disseny de sistema de drenatge a partir de drens californians distribu\u00efts de forma desigual en funci\u00f3 de la posici\u00f3 de les icnites.<\/li>\n<li>Modelitzaci\u00f3 geomec\u00e0nica bidimensional amb Rocfall per al disseny d&#8217;una barrera din\u00e0mica al tal\u00fas superior constitu\u00eft per un dip\u00f2sit quaternari cimentat.<\/li>\n<\/ul>\n[\/vc_column_text][\/vc_column_inner][\/vc_row_inner][\/vc_column][\/vc_row][vc_row][vc_column width=&#8221;1\/6&#8243;][\/vc_column][vc_column width=&#8221;2\/3&#8243;][vc_images_carousel images=&#8221;2042,2050,2043,2044,2045,2047,2046,2048,2049&#8243; img_size=&#8221;full&#8221; autoplay=&#8221;yes&#8221; wrap=&#8221;yes&#8221;][\/vc_column][vc_column width=&#8221;1\/6&#8243;][\/vc_column][\/vc_row][vc_row][vc_column][vc_empty_space][\/vc_column][\/vc_row]\n","protected":false},"excerpt":{"rendered":"<p>[vc_row row_type=&#8221;3&#8243; blox_image=&#8221;2041&#8243; blox_dark=&#8221;true&#8221; row_pattern=&#8221;max-pat&#8221;][vc_column][vc_empty_space height=&#8221;260px&#8221;][vc_column_text] JACIMENT PALEONTOL\u00d2GIC FUMANYA SUD (F\u00cdGOLS &#8211; ESPANYA, 2019) [\/vc_column_text][vc_empty_space height=&#8221;260px&#8221;][\/vc_column][\/vc_row][vc_row][vc_column][vc_empty_space height=&#8221;60px&#8221;][vc_row_inner][vc_column_inner width=&#8221;1\/2&#8243;][vc_column_text]PRO GEO rep l&#8217;enc\u00e0rrec, per part del Departament de Cultura de la Generalitat de Catalunya, de redactar el projecte constructiu per a la mitigaci\u00f3 dels moviments del mass\u00eds roc\u00f3s en l&#8217;\u00e0mbit del\u00a0jaciment paleontol\u00f2gic Fumanya Sud, amb actuacions globals i v\u00e0lides a llarg termini. La prioritat durant el proc\u00e9s&#8230; <\/p>\n<p><a class=\"readmore\" href=\"https:\/\/progeo-cga.com\/ca\/projectes\/talussos-i-lliscaments-projectes\/fumanua-sud-figols-espanya\/\">Read More<\/a><\/p>\n","protected":false},"author":3,"featured_media":0,"parent":1673,"menu_order":2,"comment_status":"closed","ping_status":"closed","template":"","meta":{"footnotes":""},"class_list":["post-2095","page","type-page","status-publish","hentry"],"yoast_head":"<!-- This site is optimized with the Yoast SEO plugin v24.0 - https:\/\/yoast.com\/wordpress\/plugins\/seo\/ -->\n<title>FUMANUA SUD - F\u00cdGOLS, ESPANYA - PRO GEO<\/title>\n<meta name=\"robots\" content=\"index, follow, max-snippet:-1, max-image-preview:large, max-video-preview:-1\" \/>\n<link rel=\"canonical\" href=\"https:\/\/progeo-cga.com\/ca\/projectes\/talussos-i-lliscaments-projectes\/fumanua-sud-figols-espanya\/\" \/>\n<meta property=\"og:locale\" content=\"ca_ES\" \/>\n<meta property=\"og:type\" content=\"article\" \/>\n<meta property=\"og:title\" content=\"FUMANUA SUD - F\u00cdGOLS, ESPANYA - PRO GEO\" \/>\n<meta property=\"og:description\" content=\"[vc_row row_type=&#8221;3&#8243; blox_image=&#8221;2041&#8243; blox_dark=&#8221;true&#8221; row_pattern=&#8221;max-pat&#8221;][vc_column][vc_empty_space height=&#8221;260px&#8221;][vc_column_text] JACIMENT PALEONTOL\u00d2GIC FUMANYA SUD (F\u00cdGOLS &#8211; ESPANYA, 2019) [\/vc_column_text][vc_empty_space height=&#8221;260px&#8221;][\/vc_column][\/vc_row][vc_row][vc_column][vc_empty_space height=&#8221;60px&#8221;][vc_row_inner][vc_column_inner width=&#8221;1\/2&#8243;][vc_column_text]PRO GEO rep l&#8217;enc\u00e0rrec, per part del Departament de Cultura de la Generalitat de Catalunya, de redactar el projecte constructiu per a la mitigaci\u00f3 dels moviments del mass\u00eds roc\u00f3s en l&#8217;\u00e0mbit del\u00a0jaciment paleontol\u00f2gic Fumanya Sud, amb actuacions globals i v\u00e0lides a llarg termini. La prioritat durant el proc\u00e9s... Read More\" \/>\n<meta property=\"og:url\" content=\"https:\/\/progeo-cga.com\/ca\/projectes\/talussos-i-lliscaments-projectes\/fumanua-sud-figols-espanya\/\" \/>\n<meta property=\"og:site_name\" content=\"PRO GEO\" \/>\n<meta property=\"article:modified_time\" content=\"2021-03-05T12:16:32+00:00\" \/>\n<meta name=\"twitter:card\" content=\"summary_large_image\" \/>\n<meta name=\"twitter:label1\" content=\"Temps estimat de lectura\" \/>\n\t<meta name=\"twitter:data1\" content=\"2 minuts\" \/>\n<script type=\"application\/ld+json\" class=\"yoast-schema-graph\">{\"@context\":\"https:\/\/schema.org\",\"@graph\":[{\"@type\":\"WebPage\",\"@id\":\"https:\/\/progeo-cga.com\/ca\/projectes\/talussos-i-lliscaments-projectes\/fumanua-sud-figols-espanya\/\",\"url\":\"https:\/\/progeo-cga.com\/ca\/projectes\/talussos-i-lliscaments-projectes\/fumanua-sud-figols-espanya\/\",\"name\":\"FUMANUA SUD - F\u00cdGOLS, ESPANYA - PRO GEO\",\"isPartOf\":{\"@id\":\"https:\/\/progeo-cga.com\/#website\"},\"datePublished\":\"2021-03-05T12:16:09+00:00\",\"dateModified\":\"2021-03-05T12:16:32+00:00\",\"breadcrumb\":{\"@id\":\"https:\/\/progeo-cga.com\/ca\/projectes\/talussos-i-lliscaments-projectes\/fumanua-sud-figols-espanya\/#breadcrumb\"},\"inLanguage\":\"ca\",\"potentialAction\":[{\"@type\":\"ReadAction\",\"target\":[\"https:\/\/progeo-cga.com\/ca\/projectes\/talussos-i-lliscaments-projectes\/fumanua-sud-figols-espanya\/\"]}]},{\"@type\":\"BreadcrumbList\",\"@id\":\"https:\/\/progeo-cga.com\/ca\/projectes\/talussos-i-lliscaments-projectes\/fumanua-sud-figols-espanya\/#breadcrumb\",\"itemListElement\":[{\"@type\":\"ListItem\",\"position\":1,\"name\":\"Home\",\"item\":\"https:\/\/progeo-cga.com\/ca\/\"},{\"@type\":\"ListItem\",\"position\":2,\"name\":\"Projectes\",\"item\":\"https:\/\/progeo-cga.com\/ca\/projectes\/\"},{\"@type\":\"ListItem\",\"position\":3,\"name\":\"TALUSSOS I LLISCAMENTS &#8211; PROJECTES\",\"item\":\"https:\/\/progeo-cga.com\/ca\/projectes\/talussos-i-lliscaments-projectes\/\"},{\"@type\":\"ListItem\",\"position\":4,\"name\":\"FUMANUA SUD &#8211; F\u00cdGOLS, ESPANYA\"}]},{\"@type\":\"WebSite\",\"@id\":\"https:\/\/progeo-cga.com\/#website\",\"url\":\"https:\/\/progeo-cga.com\/\",\"name\":\"PRO GEO\",\"description\":\"GEOTECHNICAL CONSULTANTS\",\"potentialAction\":[{\"@type\":\"SearchAction\",\"target\":{\"@type\":\"EntryPoint\",\"urlTemplate\":\"https:\/\/progeo-cga.com\/?s={search_term_string}\"},\"query-input\":{\"@type\":\"PropertyValueSpecification\",\"valueRequired\":true,\"valueName\":\"search_term_string\"}}],\"inLanguage\":\"ca\"}]}<\/script>\n<!-- \/ Yoast SEO plugin. -->","yoast_head_json":{"title":"FUMANUA SUD - F\u00cdGOLS, ESPANYA - PRO GEO","robots":{"index":"index","follow":"follow","max-snippet":"max-snippet:-1","max-image-preview":"max-image-preview:large","max-video-preview":"max-video-preview:-1"},"canonical":"https:\/\/progeo-cga.com\/ca\/projectes\/talussos-i-lliscaments-projectes\/fumanua-sud-figols-espanya\/","og_locale":"ca_ES","og_type":"article","og_title":"FUMANUA SUD - F\u00cdGOLS, ESPANYA - PRO GEO","og_description":"[vc_row row_type=&#8221;3&#8243; blox_image=&#8221;2041&#8243; blox_dark=&#8221;true&#8221; row_pattern=&#8221;max-pat&#8221;][vc_column][vc_empty_space height=&#8221;260px&#8221;][vc_column_text] JACIMENT PALEONTOL\u00d2GIC FUMANYA SUD (F\u00cdGOLS &#8211; ESPANYA, 2019) [\/vc_column_text][vc_empty_space height=&#8221;260px&#8221;][\/vc_column][\/vc_row][vc_row][vc_column][vc_empty_space height=&#8221;60px&#8221;][vc_row_inner][vc_column_inner width=&#8221;1\/2&#8243;][vc_column_text]PRO GEO rep l&#8217;enc\u00e0rrec, per part del Departament de Cultura de la Generalitat de Catalunya, de redactar el projecte constructiu per a la mitigaci\u00f3 dels moviments del mass\u00eds roc\u00f3s en l&#8217;\u00e0mbit del\u00a0jaciment paleontol\u00f2gic Fumanya Sud, amb actuacions globals i v\u00e0lides a llarg termini. La prioritat durant el proc\u00e9s... Read More","og_url":"https:\/\/progeo-cga.com\/ca\/projectes\/talussos-i-lliscaments-projectes\/fumanua-sud-figols-espanya\/","og_site_name":"PRO GEO","article_modified_time":"2021-03-05T12:16:32+00:00","twitter_card":"summary_large_image","twitter_misc":{"Temps estimat de lectura":"2 minuts"},"schema":{"@context":"https:\/\/schema.org","@graph":[{"@type":"WebPage","@id":"https:\/\/progeo-cga.com\/ca\/projectes\/talussos-i-lliscaments-projectes\/fumanua-sud-figols-espanya\/","url":"https:\/\/progeo-cga.com\/ca\/projectes\/talussos-i-lliscaments-projectes\/fumanua-sud-figols-espanya\/","name":"FUMANUA SUD - F\u00cdGOLS, ESPANYA - PRO GEO","isPartOf":{"@id":"https:\/\/progeo-cga.com\/#website"},"datePublished":"2021-03-05T12:16:09+00:00","dateModified":"2021-03-05T12:16:32+00:00","breadcrumb":{"@id":"https:\/\/progeo-cga.com\/ca\/projectes\/talussos-i-lliscaments-projectes\/fumanua-sud-figols-espanya\/#breadcrumb"},"inLanguage":"ca","potentialAction":[{"@type":"ReadAction","target":["https:\/\/progeo-cga.com\/ca\/projectes\/talussos-i-lliscaments-projectes\/fumanua-sud-figols-espanya\/"]}]},{"@type":"BreadcrumbList","@id":"https:\/\/progeo-cga.com\/ca\/projectes\/talussos-i-lliscaments-projectes\/fumanua-sud-figols-espanya\/#breadcrumb","itemListElement":[{"@type":"ListItem","position":1,"name":"Home","item":"https:\/\/progeo-cga.com\/ca\/"},{"@type":"ListItem","position":2,"name":"Projectes","item":"https:\/\/progeo-cga.com\/ca\/projectes\/"},{"@type":"ListItem","position":3,"name":"TALUSSOS I LLISCAMENTS &#8211; PROJECTES","item":"https:\/\/progeo-cga.com\/ca\/projectes\/talussos-i-lliscaments-projectes\/"},{"@type":"ListItem","position":4,"name":"FUMANUA SUD &#8211; F\u00cdGOLS, ESPANYA"}]},{"@type":"WebSite","@id":"https:\/\/progeo-cga.com\/#website","url":"https:\/\/progeo-cga.com\/","name":"PRO GEO","description":"GEOTECHNICAL CONSULTANTS","potentialAction":[{"@type":"SearchAction","target":{"@type":"EntryPoint","urlTemplate":"https:\/\/progeo-cga.com\/?s={search_term_string}"},"query-input":{"@type":"PropertyValueSpecification","valueRequired":true,"valueName":"search_term_string"}}],"inLanguage":"ca"}]}},"_links":{"self":[{"href":"https:\/\/progeo-cga.com\/ca\/wp-json\/wp\/v2\/pages\/2095","targetHints":{"allow":["GET"]}}],"collection":[{"href":"https:\/\/progeo-cga.com\/ca\/wp-json\/wp\/v2\/pages"}],"about":[{"href":"https:\/\/progeo-cga.com\/ca\/wp-json\/wp\/v2\/types\/page"}],"author":[{"embeddable":true,"href":"https:\/\/progeo-cga.com\/ca\/wp-json\/wp\/v2\/users\/3"}],"replies":[{"embeddable":true,"href":"https:\/\/progeo-cga.com\/ca\/wp-json\/wp\/v2\/comments?post=2095"}],"version-history":[{"count":1,"href":"https:\/\/progeo-cga.com\/ca\/wp-json\/wp\/v2\/pages\/2095\/revisions"}],"predecessor-version":[{"id":2096,"href":"https:\/\/progeo-cga.com\/ca\/wp-json\/wp\/v2\/pages\/2095\/revisions\/2096"}],"up":[{"embeddable":true,"href":"https:\/\/progeo-cga.com\/ca\/wp-json\/wp\/v2\/pages\/1673"}],"wp:attachment":[{"href":"https:\/\/progeo-cga.com\/ca\/wp-json\/wp\/v2\/media?parent=2095"}],"curies":[{"name":"wp","href":"https:\/\/api.w.org\/{rel}","templated":true}]}}