{"id":2008,"date":"2021-03-04T11:29:24","date_gmt":"2021-03-04T11:29:24","guid":{"rendered":"http:\/\/progeo-cga.com\/?page_id=2008\/"},"modified":"2021-03-15T16:46:25","modified_gmt":"2021-03-15T16:46:25","slug":"terrassa-riera-les-arenes","status":"publish","type":"page","link":"https:\/\/progeo-cga.com\/ca\/projectes\/hidraulica-i-hidrologia-projectes\/terrassa-riera-les-arenes\/","title":{"rendered":"TERRASSA-RIERA DE LES ARENES"},"content":{"rendered":"[vc_row row_type=&#8221;3&#8243; blox_image=&#8221;1901&#8243; blox_dark=&#8221;true&#8221; row_pattern=&#8221;max-pat&#8221;][vc_column][vc_empty_space height=&#8221;260px&#8221;][vc_column_text]\n<p class=\"head-nosotros\">TERRASSA \u2013 RIERA DE LES ARENES (ESPANYA, 2020)<\/p>\n[\/vc_column_text][vc_empty_space height=&#8221;260px&#8221;][\/vc_column][\/vc_row][vc_row][vc_column][vc_empty_space height=&#8221;60px&#8221;][vc_row_inner][vc_column_inner width=&#8221;1\/2&#8243;][vc_column_text]Al juny de 2020, l&#8217;<strong>Ajuntament de Terrassa<\/strong>, <strong>contracta a PRO GEO per a la redacci\u00f3 del projecte constructiu<\/strong> de l&#8217;estructura de canalitzaci\u00f3 entre el Carrer de l&#8217;Bisbe Sanahuja i el pont de la carretera de Rub\u00ed (BP-1503), a Terrassa, en un tram de 150 metres lineals.<\/p>\n<p>El projecte ve motivat per protegir aquest tram en cas d&#8217;avingudes.[\/vc_column_text][\/vc_column_inner][vc_column_inner width=&#8221;1\/2&#8243;][vc_column_text]<b>L&#8217;experi\u00e8ncia<\/b><b> de PRO GEO <\/b>ha perm\u00e8s realitzar els seg\u00fcents aspectes:<\/p>\n<ul>\n<li>An\u00e0lisi de la campanya geot\u00e8cnica.<\/li>\n<li>Modelitzaci\u00f3 hidr\u00e0ulica mitjan\u00e7ant HEC Ras de la llera de la riera de les Arenes.<\/li>\n<li>Disseny d&#8217;una estructura de canalitzaci\u00f3 d&#8217;escullera a partir dels resultats hidr\u00e0ulics del model.<\/li>\n<li>Disseny de la contenci\u00f3 dels talussos d&#8217;excavaci\u00f3 resultants per arribar a la fonamentaci\u00f3 de l&#8217;escullera.<\/li>\n<li>Redacci\u00f3 de el projecte constructiu.<\/li>\n<\/ul>\n[\/vc_column_text][\/vc_column_inner][\/vc_row_inner][\/vc_column][\/vc_row][vc_row][vc_column width=&#8221;1\/6&#8243;][\/vc_column][vc_column width=&#8221;2\/3&#8243;][vc_images_carousel images=&#8221;1902,1905,1904,1903,1901&#8243; img_size=&#8221;full&#8221; autoplay=&#8221;yes&#8221; wrap=&#8221;yes&#8221;][\/vc_column][vc_column width=&#8221;1\/6&#8243;][\/vc_column][\/vc_row][vc_row][vc_column][vc_empty_space][\/vc_column][\/vc_row]\n","protected":false},"excerpt":{"rendered":"<p>[vc_row row_type=&#8221;3&#8243; blox_image=&#8221;1901&#8243; blox_dark=&#8221;true&#8221; row_pattern=&#8221;max-pat&#8221;][vc_column][vc_empty_space height=&#8221;260px&#8221;][vc_column_text] TERRASSA \u2013 RIERA DE LES ARENES (ESPANYA, 2020) [\/vc_column_text][vc_empty_space height=&#8221;260px&#8221;][\/vc_column][\/vc_row][vc_row][vc_column][vc_empty_space height=&#8221;60px&#8221;][vc_row_inner][vc_column_inner width=&#8221;1\/2&#8243;][vc_column_text]Al juny de 2020, l&#8217;Ajuntament de Terrassa, contracta a PRO GEO per a la redacci\u00f3 del projecte constructiu de l&#8217;estructura de canalitzaci\u00f3 entre el Carrer de l&#8217;Bisbe Sanahuja i el pont de la carretera de Rub\u00ed (BP-1503), a Terrassa, en un tram de 150 metres lineals. El projecte&#8230; <\/p>\n<p><a class=\"readmore\" href=\"https:\/\/progeo-cga.com\/ca\/projectes\/hidraulica-i-hidrologia-projectes\/terrassa-riera-les-arenes\/\">Read More<\/a><\/p>\n","protected":false},"author":3,"featured_media":0,"parent":1924,"menu_order":1,"comment_status":"closed","ping_status":"closed","template":"","meta":{"footnotes":""},"class_list":["post-2008","page","type-page","status-publish","hentry"],"yoast_head":"<!-- This site is optimized with the Yoast SEO plugin v24.0 - https:\/\/yoast.com\/wordpress\/plugins\/seo\/ -->\n<title>TERRASSA-RIERA DE LES ARENES - PRO GEO<\/title>\n<meta name=\"robots\" content=\"index, follow, max-snippet:-1, max-image-preview:large, max-video-preview:-1\" \/>\n<link rel=\"canonical\" href=\"https:\/\/progeo-cga.com\/ca\/projectes\/hidraulica-i-hidrologia-projectes\/terrassa-riera-les-arenes\/\" \/>\n<meta property=\"og:locale\" content=\"ca_ES\" \/>\n<meta property=\"og:type\" content=\"article\" \/>\n<meta property=\"og:title\" content=\"TERRASSA-RIERA DE LES ARENES - PRO GEO\" \/>\n<meta property=\"og:description\" content=\"[vc_row row_type=&#8221;3&#8243; blox_image=&#8221;1901&#8243; blox_dark=&#8221;true&#8221; row_pattern=&#8221;max-pat&#8221;][vc_column][vc_empty_space height=&#8221;260px&#8221;][vc_column_text] TERRASSA \u2013 RIERA DE LES ARENES (ESPANYA, 2020) [\/vc_column_text][vc_empty_space height=&#8221;260px&#8221;][\/vc_column][\/vc_row][vc_row][vc_column][vc_empty_space height=&#8221;60px&#8221;][vc_row_inner][vc_column_inner width=&#8221;1\/2&#8243;][vc_column_text]Al juny de 2020, l&#8217;Ajuntament de Terrassa, contracta a PRO GEO per a la redacci\u00f3 del projecte constructiu de l&#8217;estructura de canalitzaci\u00f3 entre el Carrer de l&#8217;Bisbe Sanahuja i el pont de la carretera de Rub\u00ed (BP-1503), a Terrassa, en un tram de 150 metres lineals. El projecte... Read More\" \/>\n<meta property=\"og:url\" content=\"https:\/\/progeo-cga.com\/ca\/projectes\/hidraulica-i-hidrologia-projectes\/terrassa-riera-les-arenes\/\" \/>\n<meta property=\"og:site_name\" content=\"PRO GEO\" \/>\n<meta property=\"article:modified_time\" content=\"2021-03-15T16:46:25+00:00\" \/>\n<meta name=\"twitter:card\" content=\"summary_large_image\" \/>\n<meta name=\"twitter:label1\" content=\"Temps estimat de lectura\" \/>\n\t<meta name=\"twitter:data1\" content=\"1 minut\" \/>\n<script type=\"application\/ld+json\" class=\"yoast-schema-graph\">{\"@context\":\"https:\/\/schema.org\",\"@graph\":[{\"@type\":\"WebPage\",\"@id\":\"https:\/\/progeo-cga.com\/ca\/projectes\/hidraulica-i-hidrologia-projectes\/terrassa-riera-les-arenes\/\",\"url\":\"https:\/\/progeo-cga.com\/ca\/projectes\/hidraulica-i-hidrologia-projectes\/terrassa-riera-les-arenes\/\",\"name\":\"TERRASSA-RIERA DE LES ARENES - PRO GEO\",\"isPartOf\":{\"@id\":\"https:\/\/progeo-cga.com\/#website\"},\"datePublished\":\"2021-03-04T11:29:24+00:00\",\"dateModified\":\"2021-03-15T16:46:25+00:00\",\"breadcrumb\":{\"@id\":\"https:\/\/progeo-cga.com\/ca\/projectes\/hidraulica-i-hidrologia-projectes\/terrassa-riera-les-arenes\/#breadcrumb\"},\"inLanguage\":\"ca\",\"potentialAction\":[{\"@type\":\"ReadAction\",\"target\":[\"https:\/\/progeo-cga.com\/ca\/projectes\/hidraulica-i-hidrologia-projectes\/terrassa-riera-les-arenes\/\"]}]},{\"@type\":\"BreadcrumbList\",\"@id\":\"https:\/\/progeo-cga.com\/ca\/projectes\/hidraulica-i-hidrologia-projectes\/terrassa-riera-les-arenes\/#breadcrumb\",\"itemListElement\":[{\"@type\":\"ListItem\",\"position\":1,\"name\":\"Home\",\"item\":\"https:\/\/progeo-cga.com\/ca\/\"},{\"@type\":\"ListItem\",\"position\":2,\"name\":\"Projectes\",\"item\":\"https:\/\/progeo-cga.com\/ca\/projectes\/\"},{\"@type\":\"ListItem\",\"position\":3,\"name\":\"Hidr\u00e0ulica i hidrologia &#8211; PROJECTES\",\"item\":\"https:\/\/progeo-cga.com\/ca\/projectes\/hidraulica-i-hidrologia-projectes\/\"},{\"@type\":\"ListItem\",\"position\":4,\"name\":\"TERRASSA-RIERA DE LES ARENES\"}]},{\"@type\":\"WebSite\",\"@id\":\"https:\/\/progeo-cga.com\/#website\",\"url\":\"https:\/\/progeo-cga.com\/\",\"name\":\"PRO GEO\",\"description\":\"GEOTECHNICAL CONSULTANTS\",\"potentialAction\":[{\"@type\":\"SearchAction\",\"target\":{\"@type\":\"EntryPoint\",\"urlTemplate\":\"https:\/\/progeo-cga.com\/?s={search_term_string}\"},\"query-input\":{\"@type\":\"PropertyValueSpecification\",\"valueRequired\":true,\"valueName\":\"search_term_string\"}}],\"inLanguage\":\"ca\"}]}<\/script>\n<!-- \/ Yoast SEO plugin. -->","yoast_head_json":{"title":"TERRASSA-RIERA DE LES ARENES - PRO GEO","robots":{"index":"index","follow":"follow","max-snippet":"max-snippet:-1","max-image-preview":"max-image-preview:large","max-video-preview":"max-video-preview:-1"},"canonical":"https:\/\/progeo-cga.com\/ca\/projectes\/hidraulica-i-hidrologia-projectes\/terrassa-riera-les-arenes\/","og_locale":"ca_ES","og_type":"article","og_title":"TERRASSA-RIERA DE LES ARENES - PRO GEO","og_description":"[vc_row row_type=&#8221;3&#8243; blox_image=&#8221;1901&#8243; blox_dark=&#8221;true&#8221; row_pattern=&#8221;max-pat&#8221;][vc_column][vc_empty_space height=&#8221;260px&#8221;][vc_column_text] TERRASSA \u2013 RIERA DE LES ARENES (ESPANYA, 2020) [\/vc_column_text][vc_empty_space height=&#8221;260px&#8221;][\/vc_column][\/vc_row][vc_row][vc_column][vc_empty_space height=&#8221;60px&#8221;][vc_row_inner][vc_column_inner width=&#8221;1\/2&#8243;][vc_column_text]Al juny de 2020, l&#8217;Ajuntament de Terrassa, contracta a PRO GEO per a la redacci\u00f3 del projecte constructiu de l&#8217;estructura de canalitzaci\u00f3 entre el Carrer de l&#8217;Bisbe Sanahuja i el pont de la carretera de Rub\u00ed (BP-1503), a Terrassa, en un tram de 150 metres lineals. El projecte... Read More","og_url":"https:\/\/progeo-cga.com\/ca\/projectes\/hidraulica-i-hidrologia-projectes\/terrassa-riera-les-arenes\/","og_site_name":"PRO GEO","article_modified_time":"2021-03-15T16:46:25+00:00","twitter_card":"summary_large_image","twitter_misc":{"Temps estimat de lectura":"1 minut"},"schema":{"@context":"https:\/\/schema.org","@graph":[{"@type":"WebPage","@id":"https:\/\/progeo-cga.com\/ca\/projectes\/hidraulica-i-hidrologia-projectes\/terrassa-riera-les-arenes\/","url":"https:\/\/progeo-cga.com\/ca\/projectes\/hidraulica-i-hidrologia-projectes\/terrassa-riera-les-arenes\/","name":"TERRASSA-RIERA DE LES ARENES - PRO GEO","isPartOf":{"@id":"https:\/\/progeo-cga.com\/#website"},"datePublished":"2021-03-04T11:29:24+00:00","dateModified":"2021-03-15T16:46:25+00:00","breadcrumb":{"@id":"https:\/\/progeo-cga.com\/ca\/projectes\/hidraulica-i-hidrologia-projectes\/terrassa-riera-les-arenes\/#breadcrumb"},"inLanguage":"ca","potentialAction":[{"@type":"ReadAction","target":["https:\/\/progeo-cga.com\/ca\/projectes\/hidraulica-i-hidrologia-projectes\/terrassa-riera-les-arenes\/"]}]},{"@type":"BreadcrumbList","@id":"https:\/\/progeo-cga.com\/ca\/projectes\/hidraulica-i-hidrologia-projectes\/terrassa-riera-les-arenes\/#breadcrumb","itemListElement":[{"@type":"ListItem","position":1,"name":"Home","item":"https:\/\/progeo-cga.com\/ca\/"},{"@type":"ListItem","position":2,"name":"Projectes","item":"https:\/\/progeo-cga.com\/ca\/projectes\/"},{"@type":"ListItem","position":3,"name":"Hidr\u00e0ulica i hidrologia &#8211; PROJECTES","item":"https:\/\/progeo-cga.com\/ca\/projectes\/hidraulica-i-hidrologia-projectes\/"},{"@type":"ListItem","position":4,"name":"TERRASSA-RIERA DE LES ARENES"}]},{"@type":"WebSite","@id":"https:\/\/progeo-cga.com\/#website","url":"https:\/\/progeo-cga.com\/","name":"PRO GEO","description":"GEOTECHNICAL CONSULTANTS","potentialAction":[{"@type":"SearchAction","target":{"@type":"EntryPoint","urlTemplate":"https:\/\/progeo-cga.com\/?s={search_term_string}"},"query-input":{"@type":"PropertyValueSpecification","valueRequired":true,"valueName":"search_term_string"}}],"inLanguage":"ca"}]}},"_links":{"self":[{"href":"https:\/\/progeo-cga.com\/ca\/wp-json\/wp\/v2\/pages\/2008","targetHints":{"allow":["GET"]}}],"collection":[{"href":"https:\/\/progeo-cga.com\/ca\/wp-json\/wp\/v2\/pages"}],"about":[{"href":"https:\/\/progeo-cga.com\/ca\/wp-json\/wp\/v2\/types\/page"}],"author":[{"embeddable":true,"href":"https:\/\/progeo-cga.com\/ca\/wp-json\/wp\/v2\/users\/3"}],"replies":[{"embeddable":true,"href":"https:\/\/progeo-cga.com\/ca\/wp-json\/wp\/v2\/comments?post=2008"}],"version-history":[{"count":1,"href":"https:\/\/progeo-cga.com\/ca\/wp-json\/wp\/v2\/pages\/2008\/revisions"}],"predecessor-version":[{"id":2009,"href":"https:\/\/progeo-cga.com\/ca\/wp-json\/wp\/v2\/pages\/2008\/revisions\/2009"}],"up":[{"embeddable":true,"href":"https:\/\/progeo-cga.com\/ca\/wp-json\/wp\/v2\/pages\/1924"}],"wp:attachment":[{"href":"https:\/\/progeo-cga.com\/ca\/wp-json\/wp\/v2\/media?parent=2008"}],"curies":[{"name":"wp","href":"https:\/\/api.w.org\/{rel}","templated":true}]}}