{"id":1986,"date":"2021-03-04T09:23:23","date_gmt":"2021-03-04T09:23:23","guid":{"rendered":"http:\/\/progeo-cga.com\/?page_id=1986\/"},"modified":"2021-03-15T16:45:14","modified_gmt":"2021-03-15T16:45:14","slug":"albepav-espanya","status":"publish","type":"page","link":"https:\/\/progeo-cga.com\/ca\/projectes\/modelitzacio-thm-projectes\/albepav-espanya\/","title":{"rendered":"ALBEPAV &#8211; ESPANYA"},"content":{"rendered":"[vc_row row_type=&#8221;3&#8243; blox_image=&#8221;1954&#8243; blox_dark=&#8221;true&#8221; row_pattern=&#8221;max-pat&#8221;][vc_column][vc_empty_space height=&#8221;260px&#8221;][vc_column_text]\n<p class=\"head-nosotros\">BALAGUER \u2013 ALBEPAV (ESPANYA, 2017-2020)<br \/>\nPROJECTE D&#8217;INVESTIGACI\u00d3 I DESENVOLUPAMENT<\/p>\n[\/vc_column_text][vc_empty_space height=&#8221;260px&#8221;][\/vc_column][\/vc_row][vc_row][vc_column][vc_empty_space height=&#8221;60px&#8221;][vc_column_text]<strong>D<b>esenvolupament<\/b> <b>d&#8217;un<\/b> <b>paviment<\/b> <b>refrigerant<\/b><b> per a la <\/b><b>millora<\/b><b> de <\/b><b>l&#8217;efici\u00e8ncia<\/b> <b>energ\u00e8tica<\/b><b> urbana<\/b>.<\/strong>[\/vc_column_text][vc_row_inner][vc_column_inner width=&#8221;1\/2&#8243;][vc_column_text]<strong>PRO GEO<\/strong>, juntament amb les empreses <strong>COMSA<\/strong> i <strong>SORIGU\u00c9<\/strong> van executar un <strong>projecte d&#8217;investigaci\u00f3 i desenvolupament<\/strong>\u00a0amb la finalitat de <strong>desenvolupar un nou paviment sostenible i de major durabilitat<\/strong> mitjan\u00e7ant la incorporaci\u00f3 d&#8217;\u00e0rids reciclats de vidre de barreja asf\u00e0ltica reciclada (RAP) i mitjan\u00e7ant l&#8217;ocupaci\u00f3 de mescles asf\u00e0ltiques temperades, de baix consum energ\u00e8tic.<\/p>\n<p>Per aquest prop\u00f2sit es va construir un tram de prova i es va monitoritzar, durant un any, a trav\u00e9s d&#8217;una estaci\u00f3 meteorol\u00f2gica i auscultacions. Es va desenvolupar un programari per estimar la reducci\u00f3 de temperatura ambiental i es va realitzar una modelitzaci\u00f3 Termo-Hidr\u00e0ulica (THM) per calibrar els resultats.[\/vc_column_text][\/vc_column_inner][vc_column_inner width=&#8221;1\/2&#8243;][vc_column_text]<b>L&#8217;experi\u00e8ncia<\/b><b> de PRO GEO <\/b>ha perm\u00e8s realitzar els seg\u00fcents aspectes:<\/p>\n<ul>\n<li>Establir els requeriments que han de complir els nous materials i adaptar els nous assajos de caracteritzaci\u00f3 t\u00e9rmica de les mescles bituminoses.<\/li>\n<li>Dissenyar un tram de prova i un sistema de monitoratge.<\/li>\n<li>An\u00e0lisi dels resultats de la instrumentaci\u00f3.<\/li>\n<li>Modelitzaci\u00f3 THM per reproduir i calibrar els resultats obtinguts.<\/li>\n<li>Desenvolupar un programari que permeti estimar la reducci\u00f3 de la temperatura ambiental tenint en compte la composici\u00f3 de la mescla i les variables ambientals.<\/li>\n<\/ul>\n<p>Aquest projecte ha estat parcialment finan\u00e7at pel <a href=\"https:\/\/www.cdti.es\/index.asp?TR=C&amp;IDR=1687\">CDTI<\/a> (Centro para el Desarrollo Tecnol\u00f3gico Industrial)[\/vc_column_text][\/vc_column_inner][\/vc_row_inner][\/vc_column][\/vc_row][vc_row][vc_column width=&#8221;1\/6&#8243;][\/vc_column][vc_column width=&#8221;2\/3&#8243;][vc_images_carousel images=&#8221;1950,1952,1951,1953,1954,1949,1943,1944,1945,1946,1947,1948&#8243; img_size=&#8221;full&#8221; autoplay=&#8221;yes&#8221; wrap=&#8221;yes&#8221;][\/vc_column][vc_column width=&#8221;1\/6&#8243;][\/vc_column][\/vc_row][vc_row][vc_column][vc_empty_space][\/vc_column][\/vc_row]\n","protected":false},"excerpt":{"rendered":"<p>[vc_row row_type=&#8221;3&#8243; blox_image=&#8221;1954&#8243; blox_dark=&#8221;true&#8221; row_pattern=&#8221;max-pat&#8221;][vc_column][vc_empty_space height=&#8221;260px&#8221;][vc_column_text] BALAGUER \u2013 ALBEPAV (ESPANYA, 2017-2020) PROJECTE D&#8217;INVESTIGACI\u00d3 I DESENVOLUPAMENT [\/vc_column_text][vc_empty_space height=&#8221;260px&#8221;][\/vc_column][\/vc_row][vc_row][vc_column][vc_empty_space height=&#8221;60px&#8221;][vc_column_text]Desenvolupament d&#8217;un paviment refrigerant per a la millora de l&#8217;efici\u00e8ncia energ\u00e8tica urbana.[\/vc_column_text][vc_row_inner][vc_column_inner width=&#8221;1\/2&#8243;][vc_column_text]PRO GEO, juntament amb les empreses COMSA i SORIGU\u00c9 van executar un projecte d&#8217;investigaci\u00f3 i desenvolupament\u00a0amb la finalitat de desenvolupar un nou paviment sostenible i de major durabilitat mitjan\u00e7ant la incorporaci\u00f3 d&#8217;\u00e0rids reciclats de vidre de&#8230; <\/p>\n<p><a class=\"readmore\" href=\"https:\/\/progeo-cga.com\/ca\/projectes\/modelitzacio-thm-projectes\/albepav-espanya\/\">Read More<\/a><\/p>\n","protected":false},"author":3,"featured_media":0,"parent":1677,"menu_order":1,"comment_status":"closed","ping_status":"closed","template":"","meta":{"footnotes":""},"class_list":["post-1986","page","type-page","status-publish","hentry"],"yoast_head":"<!-- This site is optimized with the Yoast SEO plugin v24.0 - https:\/\/yoast.com\/wordpress\/plugins\/seo\/ -->\n<title>ALBEPAV - ESPANYA - PRO GEO<\/title>\n<meta name=\"robots\" content=\"index, follow, max-snippet:-1, max-image-preview:large, max-video-preview:-1\" \/>\n<link rel=\"canonical\" href=\"https:\/\/progeo-cga.com\/ca\/projectes\/modelitzacio-thm-projectes\/albepav-espanya\/\" \/>\n<meta property=\"og:locale\" content=\"ca_ES\" \/>\n<meta property=\"og:type\" content=\"article\" \/>\n<meta property=\"og:title\" content=\"ALBEPAV - ESPANYA - PRO GEO\" \/>\n<meta property=\"og:description\" content=\"[vc_row row_type=&#8221;3&#8243; blox_image=&#8221;1954&#8243; blox_dark=&#8221;true&#8221; row_pattern=&#8221;max-pat&#8221;][vc_column][vc_empty_space height=&#8221;260px&#8221;][vc_column_text] BALAGUER \u2013 ALBEPAV (ESPANYA, 2017-2020) PROJECTE D&#8217;INVESTIGACI\u00d3 I DESENVOLUPAMENT [\/vc_column_text][vc_empty_space height=&#8221;260px&#8221;][\/vc_column][\/vc_row][vc_row][vc_column][vc_empty_space height=&#8221;60px&#8221;][vc_column_text]Desenvolupament d&#8217;un paviment refrigerant per a la millora de l&#8217;efici\u00e8ncia energ\u00e8tica urbana.[\/vc_column_text][vc_row_inner][vc_column_inner width=&#8221;1\/2&#8243;][vc_column_text]PRO GEO, juntament amb les empreses COMSA i SORIGU\u00c9 van executar un projecte d&#8217;investigaci\u00f3 i desenvolupament\u00a0amb la finalitat de desenvolupar un nou paviment sostenible i de major durabilitat mitjan\u00e7ant la incorporaci\u00f3 d&#8217;\u00e0rids reciclats de vidre de... Read More\" \/>\n<meta property=\"og:url\" content=\"https:\/\/progeo-cga.com\/ca\/projectes\/modelitzacio-thm-projectes\/albepav-espanya\/\" \/>\n<meta property=\"og:site_name\" content=\"PRO GEO\" \/>\n<meta property=\"article:modified_time\" content=\"2021-03-15T16:45:14+00:00\" \/>\n<meta name=\"twitter:card\" content=\"summary_large_image\" \/>\n<meta name=\"twitter:label1\" content=\"Temps estimat de lectura\" \/>\n\t<meta name=\"twitter:data1\" content=\"2 minuts\" \/>\n<script type=\"application\/ld+json\" class=\"yoast-schema-graph\">{\"@context\":\"https:\/\/schema.org\",\"@graph\":[{\"@type\":\"WebPage\",\"@id\":\"https:\/\/progeo-cga.com\/ca\/projectes\/modelitzacio-thm-projectes\/albepav-espanya\/\",\"url\":\"https:\/\/progeo-cga.com\/ca\/projectes\/modelitzacio-thm-projectes\/albepav-espanya\/\",\"name\":\"ALBEPAV - ESPANYA - PRO GEO\",\"isPartOf\":{\"@id\":\"https:\/\/progeo-cga.com\/#website\"},\"datePublished\":\"2021-03-04T09:23:23+00:00\",\"dateModified\":\"2021-03-15T16:45:14+00:00\",\"breadcrumb\":{\"@id\":\"https:\/\/progeo-cga.com\/ca\/projectes\/modelitzacio-thm-projectes\/albepav-espanya\/#breadcrumb\"},\"inLanguage\":\"ca\",\"potentialAction\":[{\"@type\":\"ReadAction\",\"target\":[\"https:\/\/progeo-cga.com\/ca\/projectes\/modelitzacio-thm-projectes\/albepav-espanya\/\"]}]},{\"@type\":\"BreadcrumbList\",\"@id\":\"https:\/\/progeo-cga.com\/ca\/projectes\/modelitzacio-thm-projectes\/albepav-espanya\/#breadcrumb\",\"itemListElement\":[{\"@type\":\"ListItem\",\"position\":1,\"name\":\"Home\",\"item\":\"https:\/\/progeo-cga.com\/ca\/\"},{\"@type\":\"ListItem\",\"position\":2,\"name\":\"Projectes\",\"item\":\"https:\/\/progeo-cga.com\/ca\/projectes\/\"},{\"@type\":\"ListItem\",\"position\":3,\"name\":\"MODELITZACI\u00d3 THM &#8211; PROJECTES\",\"item\":\"https:\/\/progeo-cga.com\/ca\/projectes\/modelitzacio-thm-projectes\/\"},{\"@type\":\"ListItem\",\"position\":4,\"name\":\"ALBEPAV &#8211; ESPANYA\"}]},{\"@type\":\"WebSite\",\"@id\":\"https:\/\/progeo-cga.com\/#website\",\"url\":\"https:\/\/progeo-cga.com\/\",\"name\":\"PRO GEO\",\"description\":\"GEOTECHNICAL CONSULTANTS\",\"potentialAction\":[{\"@type\":\"SearchAction\",\"target\":{\"@type\":\"EntryPoint\",\"urlTemplate\":\"https:\/\/progeo-cga.com\/?s={search_term_string}\"},\"query-input\":{\"@type\":\"PropertyValueSpecification\",\"valueRequired\":true,\"valueName\":\"search_term_string\"}}],\"inLanguage\":\"ca\"}]}<\/script>\n<!-- \/ Yoast SEO plugin. -->","yoast_head_json":{"title":"ALBEPAV - ESPANYA - PRO GEO","robots":{"index":"index","follow":"follow","max-snippet":"max-snippet:-1","max-image-preview":"max-image-preview:large","max-video-preview":"max-video-preview:-1"},"canonical":"https:\/\/progeo-cga.com\/ca\/projectes\/modelitzacio-thm-projectes\/albepav-espanya\/","og_locale":"ca_ES","og_type":"article","og_title":"ALBEPAV - ESPANYA - PRO GEO","og_description":"[vc_row row_type=&#8221;3&#8243; blox_image=&#8221;1954&#8243; blox_dark=&#8221;true&#8221; row_pattern=&#8221;max-pat&#8221;][vc_column][vc_empty_space height=&#8221;260px&#8221;][vc_column_text] BALAGUER \u2013 ALBEPAV (ESPANYA, 2017-2020) PROJECTE D&#8217;INVESTIGACI\u00d3 I DESENVOLUPAMENT [\/vc_column_text][vc_empty_space height=&#8221;260px&#8221;][\/vc_column][\/vc_row][vc_row][vc_column][vc_empty_space height=&#8221;60px&#8221;][vc_column_text]Desenvolupament d&#8217;un paviment refrigerant per a la millora de l&#8217;efici\u00e8ncia energ\u00e8tica urbana.[\/vc_column_text][vc_row_inner][vc_column_inner width=&#8221;1\/2&#8243;][vc_column_text]PRO GEO, juntament amb les empreses COMSA i SORIGU\u00c9 van executar un projecte d&#8217;investigaci\u00f3 i desenvolupament\u00a0amb la finalitat de desenvolupar un nou paviment sostenible i de major durabilitat mitjan\u00e7ant la incorporaci\u00f3 d&#8217;\u00e0rids reciclats de vidre de... Read More","og_url":"https:\/\/progeo-cga.com\/ca\/projectes\/modelitzacio-thm-projectes\/albepav-espanya\/","og_site_name":"PRO GEO","article_modified_time":"2021-03-15T16:45:14+00:00","twitter_card":"summary_large_image","twitter_misc":{"Temps estimat de lectura":"2 minuts"},"schema":{"@context":"https:\/\/schema.org","@graph":[{"@type":"WebPage","@id":"https:\/\/progeo-cga.com\/ca\/projectes\/modelitzacio-thm-projectes\/albepav-espanya\/","url":"https:\/\/progeo-cga.com\/ca\/projectes\/modelitzacio-thm-projectes\/albepav-espanya\/","name":"ALBEPAV - ESPANYA - PRO GEO","isPartOf":{"@id":"https:\/\/progeo-cga.com\/#website"},"datePublished":"2021-03-04T09:23:23+00:00","dateModified":"2021-03-15T16:45:14+00:00","breadcrumb":{"@id":"https:\/\/progeo-cga.com\/ca\/projectes\/modelitzacio-thm-projectes\/albepav-espanya\/#breadcrumb"},"inLanguage":"ca","potentialAction":[{"@type":"ReadAction","target":["https:\/\/progeo-cga.com\/ca\/projectes\/modelitzacio-thm-projectes\/albepav-espanya\/"]}]},{"@type":"BreadcrumbList","@id":"https:\/\/progeo-cga.com\/ca\/projectes\/modelitzacio-thm-projectes\/albepav-espanya\/#breadcrumb","itemListElement":[{"@type":"ListItem","position":1,"name":"Home","item":"https:\/\/progeo-cga.com\/ca\/"},{"@type":"ListItem","position":2,"name":"Projectes","item":"https:\/\/progeo-cga.com\/ca\/projectes\/"},{"@type":"ListItem","position":3,"name":"MODELITZACI\u00d3 THM &#8211; PROJECTES","item":"https:\/\/progeo-cga.com\/ca\/projectes\/modelitzacio-thm-projectes\/"},{"@type":"ListItem","position":4,"name":"ALBEPAV &#8211; ESPANYA"}]},{"@type":"WebSite","@id":"https:\/\/progeo-cga.com\/#website","url":"https:\/\/progeo-cga.com\/","name":"PRO GEO","description":"GEOTECHNICAL CONSULTANTS","potentialAction":[{"@type":"SearchAction","target":{"@type":"EntryPoint","urlTemplate":"https:\/\/progeo-cga.com\/?s={search_term_string}"},"query-input":{"@type":"PropertyValueSpecification","valueRequired":true,"valueName":"search_term_string"}}],"inLanguage":"ca"}]}},"_links":{"self":[{"href":"https:\/\/progeo-cga.com\/ca\/wp-json\/wp\/v2\/pages\/1986","targetHints":{"allow":["GET"]}}],"collection":[{"href":"https:\/\/progeo-cga.com\/ca\/wp-json\/wp\/v2\/pages"}],"about":[{"href":"https:\/\/progeo-cga.com\/ca\/wp-json\/wp\/v2\/types\/page"}],"author":[{"embeddable":true,"href":"https:\/\/progeo-cga.com\/ca\/wp-json\/wp\/v2\/users\/3"}],"replies":[{"embeddable":true,"href":"https:\/\/progeo-cga.com\/ca\/wp-json\/wp\/v2\/comments?post=1986"}],"version-history":[{"count":5,"href":"https:\/\/progeo-cga.com\/ca\/wp-json\/wp\/v2\/pages\/1986\/revisions"}],"predecessor-version":[{"id":1999,"href":"https:\/\/progeo-cga.com\/ca\/wp-json\/wp\/v2\/pages\/1986\/revisions\/1999"}],"up":[{"embeddable":true,"href":"https:\/\/progeo-cga.com\/ca\/wp-json\/wp\/v2\/pages\/1677"}],"wp:attachment":[{"href":"https:\/\/progeo-cga.com\/ca\/wp-json\/wp\/v2\/media?parent=1986"}],"curies":[{"name":"wp","href":"https:\/\/api.w.org\/{rel}","templated":true}]}}