{"id":1681,"date":"2021-03-01T11:40:51","date_gmt":"2021-03-01T11:40:51","guid":{"rendered":"http:\/\/progeo-cga.com\/?page_id=1681\/"},"modified":"2021-04-27T15:45:06","modified_gmt":"2021-04-27T15:45:06","slug":"tunels-i-obres-subterranies-projectes","status":"publish","type":"page","link":"https:\/\/progeo-cga.com\/ca\/projectes\/tunels-i-obres-subterranies-projectes\/","title":{"rendered":"T\u00daNELS &#8211; PROJECTES"},"content":{"rendered":"[vc_row][vc_column][vc_empty_space height=&#8221;45px&#8221;][vc_column_text]\n<h2>T\u00fanels i obres subterr\u00e0nies &#8211; PROJECTES<\/h2>\n[\/vc_column_text][vc_separator][\/vc_column][\/vc_row][vc_row][vc_column][vc_row_inner][vc_column_inner width=&#8221;1\/3&#8243;][vc_column_text]\n<div class=\"proyect_title\">\n<p><a href=\"http:\/\/progeo-cga.com\/ca\/projectes\/toronto-ampliacio-de-la-linia-de-metro-york-spadina\/\"><img loading=\"lazy\" decoding=\"async\" class=\"previa-proyecto alignnone\" src=\"http:\/\/progeo-cga.com\/wp-content\/uploads\/2017\/01\/proyecto-1.jpg\" width=\"304\" height=\"178\" \/><\/a><\/p>\n<p class=\"title-proyect\">TORONTO, CANAD\u00c0<\/p>\n<p class=\"subtitle-proyect\">AMPLIACI\u00d3 DE LA L\u00cdNIA DE METRO YORK SPADINA<\/p>\n<p class=\"subtitle-proyect\">2011-2014<\/p>\n<p><a class=\"proyect-link\" href=\"http:\/\/progeo-cga.com\/ca\/projectes\/toronto-ampliacio-de-la-linia-de-metro-york-spadina\/\">Veure projecte<\/a><\/p>\n<\/div>\n[\/vc_column_text][\/vc_column_inner][vc_column_inner width=&#8221;1\/3&#8243;][vc_column_text]\n<div class=\"proyect_title\">\n<p><a href=\"http:\/\/progeo-cga.com\/ca\/projectes\/tunel-de-bolanos\/\"><img loading=\"lazy\" decoding=\"async\" class=\"previa-proyecto alignnone\" src=\"http:\/\/progeo-cga.com\/wp-content\/uploads\/2017\/01\/proyecto-2.jpg\" width=\"304\" height=\"178\" \/><\/a><\/p>\n<p class=\"title-proyect\">GALICIA, ESPANYA<\/p>\n<p class=\"subtitle-proyect\">T\u00daNEL DE BOLA\u00d1OS<\/p>\n<p class=\"subtitle-proyect\">2012-2015<\/p>\n<p><a class=\"proyect-link\" href=\"http:\/\/progeo-cga.com\/ca\/projectes\/tunel-de-bolanos\/\">Veure projecte<\/a><\/p>\n<\/div>\n[\/vc_column_text][\/vc_column_inner][vc_column_inner width=&#8221;1\/3&#8243;][vc_column_text]\n<div class=\"proyect_title\">\n<p><a href=\"http:\/\/progeo-cga.com\/ca\/projectes\/linia-5-del-metro-de-riyadh\/\"><img decoding=\"async\" class=\"previa-proyecto\" src=\"http:\/\/progeo-cga.com\/wp-content\/uploads\/2017\/01\/proyecto-12.jpg\" alt=\"\" \/><\/a><\/p>\n<p class=\"title-proyect\">RIYADH, AR\u00c0BIA SAUDITA<\/p>\n<p class=\"subtitle-proyect\">L\u00cdNIA 3 DEL METRO DE RIYADH<\/p>\n<p class=\"subtitle-proyect\">2014-2016<\/p>\n<p><a class=\"proyect-link\" href=\"http:\/\/progeo-cga.com\/ca\/projectes\/linia-5-del-metro-de-riyadh\/\">Veure projecte<\/a><\/p>\n<\/div>\n[\/vc_column_text][\/vc_column_inner][\/vc_row_inner][vc_row_inner][vc_column_inner width=&#8221;1\/3&#8243;][vc_column_text]\n<div class=\"proyect_title\">\n<p><a href=\"http:\/\/progeo-cga.com\/ca\/projectes\/tunel-placa-de-les-glories\/\"><img decoding=\"async\" class=\"previa-proyecto\" src=\"http:\/\/progeo-cga.com\/wp-content\/uploads\/2017\/01\/proyecto-11.jpg\" alt=\"\" \/><\/a><\/p>\n<p class=\"title-proyect\">BARCELONA, ESPANYA<\/p>\n<p class=\"subtitle-proyect\">T\u00daNEL PLA\u00c7A DE LES GL\u00d2RIES<\/p>\n<p class=\"subtitle-proyect\">2016<\/p>\n<p><a class=\"proyect-link\" href=\"http:\/\/progeo-cga.com\/ca\/projectes\/tunel-placa-de-les-glories\/\">Veure projecte<\/a><\/p>\n<\/div>\n[\/vc_column_text][\/vc_column_inner][vc_column_inner width=&#8221;1\/3&#8243;][vc_column_text]\n<div class=\"proyect_title\">\n<p><a href=\"http:\/\/progeo-cga.com\/ca\/projectes\/galeria-de-connexio-de-la-mina-de-suria\/\"><img decoding=\"async\" class=\"previa-proyecto\" src=\"http:\/\/progeo-cga.com\/wp-content\/uploads\/2017\/01\/proyecto-6.jpg\" alt=\"\" \/><\/a><\/p>\n<p class=\"title-proyect\">CATALUNYA, ESPANYA<\/p>\n<p class=\"subtitle-proyect\">CONEXI\u00d3 DE LA MINA DE S\u00daRIA<\/p>\n<p class=\"subtitle-proyect\">2016<\/p>\n<p><a class=\"proyect-link\" href=\"http:\/\/progeo-cga.com\/ca\/projectes\/galeria-de-connexio-de-la-mina-de-suria\/\">Veure projecte<\/a><\/p>\n<\/div>\n[\/vc_column_text][\/vc_column_inner][vc_column_inner width=&#8221;1\/3&#8243;][vc_column_text]\n<div class=\"proyect_title\">\n<p><a href=\"http:\/\/progeo-cga.com\/ca\/projectes\/tunel-de-bouira\/\"><img decoding=\"async\" class=\"previa-proyecto\" src=\"http:\/\/progeo-cga.com\/wp-content\/uploads\/2017\/01\/proyecto-7.jpg\" alt=\"\" \/><\/a><\/p>\n<p class=\"title-proyect\">BOUIRA, ARGELIA<\/p>\n<p class=\"subtitle-proyect\">T\u00daNEL DE BOUIRA<\/p>\n<p class=\"subtitle-proyect\">2016<\/p>\n<p><a class=\"proyect-link\" href=\"http:\/\/progeo-cga.com\/ca\/projectes\/tunel-de-bouira\/\">Veure projecte<\/a><\/p>\n<\/div>\n[\/vc_column_text][\/vc_column_inner][\/vc_row_inner][vc_row_inner][vc_column_inner width=&#8221;1\/3&#8243;][vc_column_text]\n<div class=\"proyect_title\">\n<p><a href=\"http:\/\/progeo-cga.com\/ca\/projectes\/linia-5-del-metro-de-riyadh\/\"><img decoding=\"async\" class=\"previa-proyecto\" src=\"http:\/\/progeo-cga.com\/wp-content\/uploads\/2017\/01\/proyecto-10.jpg\" alt=\"\" \/><\/a><\/p>\n<p class=\"title-proyect\">RIYADH, AR\u00c0BIA SAUDITA<\/p>\n<p class=\"subtitle-proyect\">L\u00cdNIA 5 DEL METRO DE RIYADH<\/p>\n<p class=\"subtitle-proyect\">2016<\/p>\n<p><a class=\"proyect-link\" href=\"http:\/\/progeo-cga.com\/ca\/projectes\/linia-5-del-metro-de-riyadh\/\">Veure projecte<\/a><\/p>\n<\/div>\n[\/vc_column_text][\/vc_column_inner][vc_column_inner width=&#8221;1\/3&#8243;][vc_column_text]\n<div class=\"proyect_title\">\n<p><a href=\"http:\/\/progeo-cga.com\/ca\/projectes\/lrt-eglinton-crosstown-toronto\/\"><img loading=\"lazy\" decoding=\"async\" class=\"size-medium wp-image-1231\" src=\"http:\/\/progeo-cga.com\/wp-content\/uploads\/2017\/08\/Eglinton-line-300x174.png\" alt=\"Eglinton crosstown LRT LRT Eglinton crosstown\" width=\"300\" height=\"174\" \/><\/a><\/p>\n<p class=\"title-proyect\">TORONTO, CANAD\u00c0<\/p>\n<p class=\"subtitle-proyect\">LRT EGLINTON CROSSTOWN<\/p>\n<p class=\"subtitle-proyect\">2016-2017<\/p>\n<p><a class=\"proyect-link\" href=\"http:\/\/progeo-cga.com\/ca\/projectes\/lrt-eglinton-crosstown-toronto\/\">Veure projecte<\/a><\/p>\n<\/div>\n[\/vc_column_text][\/vc_column_inner][vc_column_inner width=&#8221;1\/3&#8243;][vc_column_text]\n<div class=\"proyect_title\">\n<p><a href=\"http:\/\/progeo-cga.com\/ca\/projectes\/tunels-i-obres-subterranies-projectes\/nous-tunels-viaris-placa-les-glories-espanya\/\"><img loading=\"lazy\" decoding=\"async\" class=\"alignnone size-medium wp-image-2017\" src=\"http:\/\/progeo-cga.com\/wp-content\/uploads\/2021\/02\/Lote-2.-Gl\u00f2ries-PROGEO-300x198.png\" alt=\"\" width=\"300\" height=\"198\" srcset=\"https:\/\/progeo-cga.com\/wp-content\/uploads\/2021\/02\/Lote-2.-Gl\u00f2ries-PROGEO-300x198.png 300w, https:\/\/progeo-cga.com\/wp-content\/uploads\/2021\/02\/Lote-2.-Gl\u00f2ries-PROGEO.png 568w\" sizes=\"auto, (max-width: 300px) 100vw, 300px\" \/><\/a><\/p>\n<p class=\"title-proyect\">BARCELONA, ESPANYA<\/p>\n<p class=\"subtitle-proyect\">NOUS T\u00daNELS VIARIS DE LA PLA\u00c7A DE LES GL\u00d2RIES<\/p>\n<p class=\"subtitle-proyect\">2018-2020<\/p>\n<p><a class=\"proyect-link\" href=\"http:\/\/progeo-cga.com\/ca\/projectes\/tunels-i-obres-subterranies-projectes\/nous-tunels-viaris-placa-les-glories-espanya\/\">Veure Projecte<\/a><\/p>\n<\/div>\n[\/vc_column_text][\/vc_column_inner][\/vc_row_inner][vc_row_inner][vc_column_inner width=&#8221;1\/3&#8243;][vc_column_text]\n<div class=\"proyect_title\">\n<p><a href=\"http:\/\/progeo-cga.com\/ca\/projectes\/tunels-i-obres-subterranies-projectes\/tunel-silvertown-londres-anglaterra-2020\/\"><img loading=\"lazy\" decoding=\"async\" class=\"alignnone size-medium wp-image-2547\" src=\"http:\/\/progeo-cga.com\/wp-content\/uploads\/2021\/03\/silvertown-progeo-6-300x197.png\" alt=\"\" width=\"300\" height=\"197\" srcset=\"https:\/\/progeo-cga.com\/wp-content\/uploads\/2021\/03\/silvertown-progeo-6-300x197.png 300w, https:\/\/progeo-cga.com\/wp-content\/uploads\/2021\/03\/silvertown-progeo-6.png 522w\" sizes=\"auto, (max-width: 300px) 100vw, 300px\" \/><\/a><\/p>\n<p class=\"title-proyect\">LONDRES, ANGLATERRA<\/p>\n<p class=\"subtitle-proyect\">T\u00daNEL DE SILVERTOWN<\/p>\n<p class=\"subtitle-proyect\">2020<\/p>\n<p><a class=\"proyect-link\" href=\"http:\/\/progeo-cga.com\/ca\/projectes\/tunels-i-obres-subterranies-projectes\/tunel-silvertown-londres-anglaterra-2020\/\">Veure Projecte<\/a><\/p>\n<\/div>\n[\/vc_column_text][\/vc_column_inner][vc_column_inner width=&#8221;1\/3&#8243;][vc_column_text]\n<div class=\"proyect_title\">\n<p><a href=\"http:\/\/progeo-cga.com\/en\/projects\/tunnels-projects\/finch-west-LRT-toronto-canada-2019-2020\/\"><img loading=\"lazy\" decoding=\"async\" class=\"alignnone size-medium wp-image-2625\" src=\"http:\/\/progeo-cga.com\/wp-content\/uploads\/2021\/03\/finch-tunnel-progeo-7-300x164.png\" alt=\"\" width=\"300\" height=\"164\" srcset=\"https:\/\/progeo-cga.com\/wp-content\/uploads\/2021\/03\/finch-tunnel-progeo-7-300x164.png 300w, https:\/\/progeo-cga.com\/wp-content\/uploads\/2021\/03\/finch-tunnel-progeo-7-768x421.png 768w, https:\/\/progeo-cga.com\/wp-content\/uploads\/2021\/03\/finch-tunnel-progeo-7.png 911w\" sizes=\"auto, (max-width: 300px) 100vw, 300px\" \/><\/a><\/p>\n<p class=\"title-proyect\">TORONTO, CANAD\u00c0<\/p>\n<p class=\"subtitle-proyect\">FINCH WEST LIGHT RAIL TRANSIT (LRT)<\/p>\n<p class=\"subtitle-proyect\">2019-2020<\/p>\n<p><a class=\"proyect-link\" href=\"http:\/\/progeo-cga.com\/en\/projects\/tunnels-projects\/finch-west-LRT-toronto-canada-2019-2020\/\">Veure Projecte<\/a><\/p>\n<\/div>\n[\/vc_column_text][\/vc_column_inner][vc_column_inner width=&#8221;1\/3&#8243;][\/vc_column_inner][\/vc_row_inner][\/vc_column][\/vc_row][vc_row][vc_column][vc_empty_space height=&#8221;45px&#8221;][\/vc_column][\/vc_row]\n","protected":false},"excerpt":{"rendered":"<p>[vc_row][vc_column][vc_empty_space height=&#8221;45px&#8221;][vc_column_text] T\u00fanels i obres subterr\u00e0nies &#8211; PROJECTES [\/vc_column_text][vc_separator][\/vc_column][\/vc_row][vc_row][vc_column][vc_row_inner][vc_column_inner width=&#8221;1\/3&#8243;][vc_column_text] TORONTO, CANAD\u00c0 AMPLIACI\u00d3 DE LA L\u00cdNIA DE METRO YORK SPADINA 2011-2014 Veure projecte [\/vc_column_text][\/vc_column_inner][vc_column_inner width=&#8221;1\/3&#8243;][vc_column_text] GALICIA, ESPANYA T\u00daNEL DE BOLA\u00d1OS 2012-2015 Veure projecte [\/vc_column_text][\/vc_column_inner][vc_column_inner width=&#8221;1\/3&#8243;][vc_column_text] RIYADH, AR\u00c0BIA SAUDITA L\u00cdNIA 3 DEL METRO DE RIYADH 2014-2016 Veure projecte [\/vc_column_text][\/vc_column_inner][\/vc_row_inner][vc_row_inner][vc_column_inner width=&#8221;1\/3&#8243;][vc_column_text] BARCELONA, ESPANYA T\u00daNEL PLA\u00c7A DE LES GL\u00d2RIES 2016 Veure projecte [\/vc_column_text][\/vc_column_inner][vc_column_inner width=&#8221;1\/3&#8243;][vc_column_text] CATALUNYA, ESPANYA CONEXI\u00d3 DE&#8230; <\/p>\n<p><a class=\"readmore\" href=\"https:\/\/progeo-cga.com\/ca\/projectes\/tunels-i-obres-subterranies-projectes\/\">Read More<\/a><\/p>\n","protected":false},"author":3,"featured_media":0,"parent":1634,"menu_order":1,"comment_status":"closed","ping_status":"closed","template":"","meta":{"footnotes":""},"class_list":["post-1681","page","type-page","status-publish","hentry"],"yoast_head":"<!-- This site is optimized with the Yoast SEO plugin v24.0 - https:\/\/yoast.com\/wordpress\/plugins\/seo\/ -->\n<title>Projectes t\u00fanels i obres subterr\u00e0nies PRO GEO<\/title>\n<meta name=\"robots\" content=\"index, follow, max-snippet:-1, max-image-preview:large, max-video-preview:-1\" \/>\n<link rel=\"canonical\" href=\"https:\/\/progeo-cga.com\/ca\/projectes\/tunels-i-obres-subterranies-projectes\/\" \/>\n<meta property=\"og:locale\" content=\"ca_ES\" \/>\n<meta property=\"og:type\" content=\"article\" \/>\n<meta property=\"og:title\" content=\"Projectes t\u00fanels i obres subterr\u00e0nies PRO GEO\" \/>\n<meta property=\"og:description\" content=\"[vc_row][vc_column][vc_empty_space height=&#8221;45px&#8221;][vc_column_text] T\u00fanels i obres subterr\u00e0nies &#8211; PROJECTES [\/vc_column_text][vc_separator][\/vc_column][\/vc_row][vc_row][vc_column][vc_row_inner][vc_column_inner width=&#8221;1\/3&#8243;][vc_column_text] TORONTO, CANAD\u00c0 AMPLIACI\u00d3 DE LA L\u00cdNIA DE METRO YORK SPADINA 2011-2014 Veure projecte [\/vc_column_text][\/vc_column_inner][vc_column_inner width=&#8221;1\/3&#8243;][vc_column_text] GALICIA, ESPANYA T\u00daNEL DE BOLA\u00d1OS 2012-2015 Veure projecte [\/vc_column_text][\/vc_column_inner][vc_column_inner width=&#8221;1\/3&#8243;][vc_column_text] RIYADH, AR\u00c0BIA SAUDITA L\u00cdNIA 3 DEL METRO DE RIYADH 2014-2016 Veure projecte [\/vc_column_text][\/vc_column_inner][\/vc_row_inner][vc_row_inner][vc_column_inner width=&#8221;1\/3&#8243;][vc_column_text] BARCELONA, ESPANYA T\u00daNEL PLA\u00c7A DE LES GL\u00d2RIES 2016 Veure projecte [\/vc_column_text][\/vc_column_inner][vc_column_inner width=&#8221;1\/3&#8243;][vc_column_text] CATALUNYA, ESPANYA CONEXI\u00d3 DE... Read More\" \/>\n<meta property=\"og:url\" content=\"https:\/\/progeo-cga.com\/ca\/projectes\/tunels-i-obres-subterranies-projectes\/\" \/>\n<meta property=\"og:site_name\" content=\"PRO GEO\" \/>\n<meta property=\"article:modified_time\" content=\"2021-04-27T15:45:06+00:00\" \/>\n<meta property=\"og:image\" content=\"http:\/\/progeo-cga.com\/wp-content\/uploads\/2017\/01\/proyecto-1.jpg\" \/>\n<meta name=\"twitter:card\" content=\"summary_large_image\" \/>\n<meta name=\"twitter:label1\" content=\"Temps estimat de lectura\" \/>\n\t<meta name=\"twitter:data1\" content=\"2 minuts\" \/>\n<script type=\"application\/ld+json\" class=\"yoast-schema-graph\">{\"@context\":\"https:\/\/schema.org\",\"@graph\":[{\"@type\":\"WebPage\",\"@id\":\"https:\/\/progeo-cga.com\/ca\/projectes\/tunels-i-obres-subterranies-projectes\/\",\"url\":\"https:\/\/progeo-cga.com\/ca\/projectes\/tunels-i-obres-subterranies-projectes\/\",\"name\":\"Projectes t\u00fanels i obres subterr\u00e0nies PRO GEO\",\"isPartOf\":{\"@id\":\"https:\/\/progeo-cga.com\/#website\"},\"primaryImageOfPage\":{\"@id\":\"https:\/\/progeo-cga.com\/ca\/projectes\/tunels-i-obres-subterranies-projectes\/#primaryimage\"},\"image\":{\"@id\":\"https:\/\/progeo-cga.com\/ca\/projectes\/tunels-i-obres-subterranies-projectes\/#primaryimage\"},\"thumbnailUrl\":\"http:\/\/progeo-cga.com\/wp-content\/uploads\/2017\/01\/proyecto-1.jpg\",\"datePublished\":\"2021-03-01T11:40:51+00:00\",\"dateModified\":\"2021-04-27T15:45:06+00:00\",\"breadcrumb\":{\"@id\":\"https:\/\/progeo-cga.com\/ca\/projectes\/tunels-i-obres-subterranies-projectes\/#breadcrumb\"},\"inLanguage\":\"ca\",\"potentialAction\":[{\"@type\":\"ReadAction\",\"target\":[\"https:\/\/progeo-cga.com\/ca\/projectes\/tunels-i-obres-subterranies-projectes\/\"]}]},{\"@type\":\"ImageObject\",\"inLanguage\":\"ca\",\"@id\":\"https:\/\/progeo-cga.com\/ca\/projectes\/tunels-i-obres-subterranies-projectes\/#primaryimage\",\"url\":\"http:\/\/progeo-cga.com\/wp-content\/uploads\/2017\/01\/proyecto-1.jpg\",\"contentUrl\":\"http:\/\/progeo-cga.com\/wp-content\/uploads\/2017\/01\/proyecto-1.jpg\"},{\"@type\":\"BreadcrumbList\",\"@id\":\"https:\/\/progeo-cga.com\/ca\/projectes\/tunels-i-obres-subterranies-projectes\/#breadcrumb\",\"itemListElement\":[{\"@type\":\"ListItem\",\"position\":1,\"name\":\"Home\",\"item\":\"https:\/\/progeo-cga.com\/ca\/\"},{\"@type\":\"ListItem\",\"position\":2,\"name\":\"Projectes\",\"item\":\"https:\/\/progeo-cga.com\/ca\/projectes\/\"},{\"@type\":\"ListItem\",\"position\":3,\"name\":\"T\u00daNELS &#8211; PROJECTES\"}]},{\"@type\":\"WebSite\",\"@id\":\"https:\/\/progeo-cga.com\/#website\",\"url\":\"https:\/\/progeo-cga.com\/\",\"name\":\"PRO GEO\",\"description\":\"GEOTECHNICAL CONSULTANTS\",\"potentialAction\":[{\"@type\":\"SearchAction\",\"target\":{\"@type\":\"EntryPoint\",\"urlTemplate\":\"https:\/\/progeo-cga.com\/?s={search_term_string}\"},\"query-input\":{\"@type\":\"PropertyValueSpecification\",\"valueRequired\":true,\"valueName\":\"search_term_string\"}}],\"inLanguage\":\"ca\"}]}<\/script>\n<!-- \/ Yoast SEO plugin. -->","yoast_head_json":{"title":"Projectes t\u00fanels i obres subterr\u00e0nies PRO GEO","robots":{"index":"index","follow":"follow","max-snippet":"max-snippet:-1","max-image-preview":"max-image-preview:large","max-video-preview":"max-video-preview:-1"},"canonical":"https:\/\/progeo-cga.com\/ca\/projectes\/tunels-i-obres-subterranies-projectes\/","og_locale":"ca_ES","og_type":"article","og_title":"Projectes t\u00fanels i obres subterr\u00e0nies PRO GEO","og_description":"[vc_row][vc_column][vc_empty_space height=&#8221;45px&#8221;][vc_column_text] T\u00fanels i obres subterr\u00e0nies &#8211; PROJECTES [\/vc_column_text][vc_separator][\/vc_column][\/vc_row][vc_row][vc_column][vc_row_inner][vc_column_inner width=&#8221;1\/3&#8243;][vc_column_text] TORONTO, CANAD\u00c0 AMPLIACI\u00d3 DE LA L\u00cdNIA DE METRO YORK SPADINA 2011-2014 Veure projecte [\/vc_column_text][\/vc_column_inner][vc_column_inner width=&#8221;1\/3&#8243;][vc_column_text] GALICIA, ESPANYA T\u00daNEL DE BOLA\u00d1OS 2012-2015 Veure projecte [\/vc_column_text][\/vc_column_inner][vc_column_inner width=&#8221;1\/3&#8243;][vc_column_text] RIYADH, AR\u00c0BIA SAUDITA L\u00cdNIA 3 DEL METRO DE RIYADH 2014-2016 Veure projecte [\/vc_column_text][\/vc_column_inner][\/vc_row_inner][vc_row_inner][vc_column_inner width=&#8221;1\/3&#8243;][vc_column_text] BARCELONA, ESPANYA T\u00daNEL PLA\u00c7A DE LES GL\u00d2RIES 2016 Veure projecte [\/vc_column_text][\/vc_column_inner][vc_column_inner width=&#8221;1\/3&#8243;][vc_column_text] CATALUNYA, ESPANYA CONEXI\u00d3 DE... Read More","og_url":"https:\/\/progeo-cga.com\/ca\/projectes\/tunels-i-obres-subterranies-projectes\/","og_site_name":"PRO GEO","article_modified_time":"2021-04-27T15:45:06+00:00","og_image":[{"url":"http:\/\/progeo-cga.com\/wp-content\/uploads\/2017\/01\/proyecto-1.jpg","type":"","width":"","height":""}],"twitter_card":"summary_large_image","twitter_misc":{"Temps estimat de lectura":"2 minuts"},"schema":{"@context":"https:\/\/schema.org","@graph":[{"@type":"WebPage","@id":"https:\/\/progeo-cga.com\/ca\/projectes\/tunels-i-obres-subterranies-projectes\/","url":"https:\/\/progeo-cga.com\/ca\/projectes\/tunels-i-obres-subterranies-projectes\/","name":"Projectes t\u00fanels i obres subterr\u00e0nies PRO GEO","isPartOf":{"@id":"https:\/\/progeo-cga.com\/#website"},"primaryImageOfPage":{"@id":"https:\/\/progeo-cga.com\/ca\/projectes\/tunels-i-obres-subterranies-projectes\/#primaryimage"},"image":{"@id":"https:\/\/progeo-cga.com\/ca\/projectes\/tunels-i-obres-subterranies-projectes\/#primaryimage"},"thumbnailUrl":"http:\/\/progeo-cga.com\/wp-content\/uploads\/2017\/01\/proyecto-1.jpg","datePublished":"2021-03-01T11:40:51+00:00","dateModified":"2021-04-27T15:45:06+00:00","breadcrumb":{"@id":"https:\/\/progeo-cga.com\/ca\/projectes\/tunels-i-obres-subterranies-projectes\/#breadcrumb"},"inLanguage":"ca","potentialAction":[{"@type":"ReadAction","target":["https:\/\/progeo-cga.com\/ca\/projectes\/tunels-i-obres-subterranies-projectes\/"]}]},{"@type":"ImageObject","inLanguage":"ca","@id":"https:\/\/progeo-cga.com\/ca\/projectes\/tunels-i-obres-subterranies-projectes\/#primaryimage","url":"http:\/\/progeo-cga.com\/wp-content\/uploads\/2017\/01\/proyecto-1.jpg","contentUrl":"http:\/\/progeo-cga.com\/wp-content\/uploads\/2017\/01\/proyecto-1.jpg"},{"@type":"BreadcrumbList","@id":"https:\/\/progeo-cga.com\/ca\/projectes\/tunels-i-obres-subterranies-projectes\/#breadcrumb","itemListElement":[{"@type":"ListItem","position":1,"name":"Home","item":"https:\/\/progeo-cga.com\/ca\/"},{"@type":"ListItem","position":2,"name":"Projectes","item":"https:\/\/progeo-cga.com\/ca\/projectes\/"},{"@type":"ListItem","position":3,"name":"T\u00daNELS &#8211; PROJECTES"}]},{"@type":"WebSite","@id":"https:\/\/progeo-cga.com\/#website","url":"https:\/\/progeo-cga.com\/","name":"PRO GEO","description":"GEOTECHNICAL CONSULTANTS","potentialAction":[{"@type":"SearchAction","target":{"@type":"EntryPoint","urlTemplate":"https:\/\/progeo-cga.com\/?s={search_term_string}"},"query-input":{"@type":"PropertyValueSpecification","valueRequired":true,"valueName":"search_term_string"}}],"inLanguage":"ca"}]}},"_links":{"self":[{"href":"https:\/\/progeo-cga.com\/ca\/wp-json\/wp\/v2\/pages\/1681","targetHints":{"allow":["GET"]}}],"collection":[{"href":"https:\/\/progeo-cga.com\/ca\/wp-json\/wp\/v2\/pages"}],"about":[{"href":"https:\/\/progeo-cga.com\/ca\/wp-json\/wp\/v2\/types\/page"}],"author":[{"embeddable":true,"href":"https:\/\/progeo-cga.com\/ca\/wp-json\/wp\/v2\/users\/3"}],"replies":[{"embeddable":true,"href":"https:\/\/progeo-cga.com\/ca\/wp-json\/wp\/v2\/comments?post=1681"}],"version-history":[{"count":12,"href":"https:\/\/progeo-cga.com\/ca\/wp-json\/wp\/v2\/pages\/1681\/revisions"}],"predecessor-version":[{"id":2735,"href":"https:\/\/progeo-cga.com\/ca\/wp-json\/wp\/v2\/pages\/1681\/revisions\/2735"}],"up":[{"embeddable":true,"href":"https:\/\/progeo-cga.com\/ca\/wp-json\/wp\/v2\/pages\/1634"}],"wp:attachment":[{"href":"https:\/\/progeo-cga.com\/ca\/wp-json\/wp\/v2\/media?parent=1681"}],"curies":[{"name":"wp","href":"https:\/\/api.w.org\/{rel}","templated":true}]}}