{"id":1675,"date":"2021-03-01T11:35:25","date_gmt":"2021-03-01T11:35:25","guid":{"rendered":"http:\/\/progeo-cga.com\/?page_id=1675\/"},"modified":"2021-03-10T17:03:22","modified_gmt":"2021-03-10T17:03:22","slug":"millora-del-terreny-i-fonamentacions-especials-projectes","status":"publish","type":"page","link":"https:\/\/progeo-cga.com\/ca\/projectes\/millora-del-terreny-i-fonamentacions-especials-projectes\/","title":{"rendered":"MILLORA DEL TERRENY I FONAMENTACIONS ESPECIALS &#8211; PROJECTES"},"content":{"rendered":"[vc_row][vc_column][vc_empty_space height=&#8221;45px&#8221;][vc_column_text]\n<h2>Millora del terreny i fonamentacions especials &#8211; PROJECTES<\/h2>\n[\/vc_column_text][vc_separator][\/vc_column][\/vc_row][vc_row][vc_column][vc_row_inner][vc_column_inner width=&#8221;1\/3&#8243;][vc_column_text]\n<div class=\"proyect_title\">\n<p><a href=\"http:\/\/progeo-cga.com\/ca\/projectes\/terminal-tramer\/\"><img decoding=\"async\" class=\"previa-proyecto\" src=\"http:\/\/progeo-cga.com\/wp-content\/uploads\/2017\/01\/proyecto-8.jpg\" alt=\"\" \/><\/a><\/p>\n<p class=\"title-proyect\">BARCELONA, ESPANYA<\/p>\n<p class=\"subtitle-proyect\">TERMINAL TRAMER<\/p>\n<p class=\"subtitle-proyect\">2015-2017<\/p>\n<p><a class=\"proyect-link\" href=\"http:\/\/progeo-cga.com\/ca\/projectes\/terminal-tramer\/\">Veure projecte<\/a><\/p>\n<\/div>\n[\/vc_column_text][\/vc_column_inner][vc_column_inner width=&#8221;1\/3&#8243;][vc_column_text]\n<div class=\"proyect_title\">\n<p><a href=\"http:\/\/progeo-cga.com\/ca\/fonamentacions-fabrica-damm-prat-llobregat\/\"><img loading=\"lazy\" decoding=\"async\" class=\"alignnone wp-image-1364 size-full\" src=\"http:\/\/progeo-cga.com\/wp-content\/uploads\/2017\/12\/damm7-1-e1513269212641.jpg\" alt=\"F\u00e1brica Damm F\u00e0brica Damm Damm facility\" width=\"451\" height=\"339\" \/><\/a><\/p>\n<p class=\"title-proyect\">EL PRAT DEL LLOBREGAT, ESPANYA<\/p>\n<p class=\"subtitle-proyect\">FONAMENTACIONS F\u00c0BRICA DAMM<\/p>\n<p class=\"subtitle-proyect\">2017<\/p>\n<p><a class=\"proyect-link\" href=\"http:\/\/progeo-cga.com\/ca\/fonamentacions-fabrica-damm-prat-llobregat\/\">Veure Projecte<\/a><\/p>\n<\/div>\n[\/vc_column_text][\/vc_column_inner][vc_column_inner width=&#8221;1\/3&#8243;][vc_column_text]\n<div class=\"proyect_title\">\n<p><a href=\"http:\/\/progeo-cga.com\/ca\/fonamentacions-nau-de-vestas-vilafranca\/\"><img loading=\"lazy\" decoding=\"async\" class=\"alignnone wp-image-1334 size-full\" src=\"http:\/\/progeo-cga.com\/wp-content\/uploads\/2017\/12\/vestas-e1513255568719.jpg\" alt=\"cimentaci\u00f3n nave de Vestas Fonamentaci\u00f3 nau de Vestas Vestas facility foundations\" width=\"897\" height=\"675\" \/><\/a><\/p>\n<p class=\"title-proyect\">VILAFRANCA DEL PENED\u00c8S, ESPANYA<\/p>\n<p class=\"subtitle-proyect\">FONAMENTACIONS NAU DE VESTAS<\/p>\n<p class=\"subtitle-proyect\">2017<\/p>\n<p><a class=\"proyect-link\" href=\"http:\/\/progeo-cga.com\/ca\/fonamentacions-nau-de-vestas-vilafranca\/\">Veure Projecte<\/a><\/p>\n<\/div>\n[\/vc_column_text][\/vc_column_inner][\/vc_row_inner][vc_row_inner][vc_column_inner width=&#8221;1\/3&#8243;][vc_column_text]\n<div class=\"proyect_title\">\n<p><a href=\"http:\/\/progeo-cga.com\/mina-de-tungste-barruecopardo\/\"><img loading=\"lazy\" decoding=\"async\" class=\"alignnone wp-image-1301 size-medium\" src=\"http:\/\/progeo-cga.com\/wp-content\/uploads\/2017\/12\/Zz_mina10-300x225.jpg\" alt=\"\" width=\"300\" height=\"225\" \/><\/a><\/p>\n<p class=\"title-proyect\">BARRUECOPARDO, ESPANYA<\/p>\n<p class=\"subtitle-proyect\">FONAMENTACIONS MINA DE TUNGST\u00c8<\/p>\n<p class=\"subtitle-proyect\">2017<\/p>\n<p><a class=\"proyect-link\" href=\"http:\/\/progeo-cga.com\/proyectos\/mina-de-tungste-barruecopardo\/\">Veure Projecte<\/a><\/p>\n<\/div>\n[\/vc_column_text][\/vc_column_inner][vc_column_inner width=&#8221;1\/3&#8243;][vc_column_text]\n<div class=\"proyect_title\">\n<p><a href=\"http:\/\/progeo-cga.com\/ca\/projectes\/millora-del-terreny-i-fonamentacions-especials-projectes\/fonamentacions-offshore-golf-mexic\/\"><img loading=\"lazy\" decoding=\"async\" class=\"alignnone size-medium wp-image-2066\" src=\"http:\/\/progeo-cga.com\/wp-content\/uploads\/2021\/02\/mudmat-2-progeo-300x217.png\" alt=\"\" width=\"300\" height=\"217\" srcset=\"https:\/\/progeo-cga.com\/wp-content\/uploads\/2021\/02\/mudmat-2-progeo-300x217.png 300w, https:\/\/progeo-cga.com\/wp-content\/uploads\/2021\/02\/mudmat-2-progeo.png 494w\" sizes=\"auto, (max-width: 300px) 100vw, 300px\" \/><\/a><\/p>\n<p class=\"title-proyect\">GOLF DE M\u00c8XIC<\/p>\n<p class=\"subtitle-proyect\">FONAMENTACIONS OFFSHORE D&#8217;EXPLOTACI\u00d3 MAR\u00cdTIMA<\/p>\n<p class=\"subtitle-proyect\">2018-2019<\/p>\n<p><a class=\"proyect-link\" href=\"http:\/\/progeo-cga.com\/ca\/projectes\/millora-del-terreny-i-fonamentacions-especials-projectes\/fonamentacions-offshore-golf-mexic\/\">Veure Projecte<\/a><\/p>\n<\/div>\n[\/vc_column_text][\/vc_column_inner][vc_column_inner width=&#8221;1\/3&#8243;][vc_column_text]\n<div class=\"proyect_title\">\n<p><a href=\"http:\/\/progeo-cga.com\/ca\/projectes\/millora-del-terreny-i-fonamentacions-especials-projectes\/refineria-kamsar-guinea-conakry\/\"><img loading=\"lazy\" decoding=\"async\" class=\"alignnone size-medium wp-image-2184\" src=\"http:\/\/progeo-cga.com\/wp-content\/uploads\/2021\/03\/kamsar-progeo-6-300x156.png\" alt=\"\" width=\"300\" height=\"156\" srcset=\"https:\/\/progeo-cga.com\/wp-content\/uploads\/2021\/03\/kamsar-progeo-6-300x156.png 300w, https:\/\/progeo-cga.com\/wp-content\/uploads\/2021\/03\/kamsar-progeo-6-768x399.png 768w, https:\/\/progeo-cga.com\/wp-content\/uploads\/2021\/03\/kamsar-progeo-6-1024x532.png 1024w, https:\/\/progeo-cga.com\/wp-content\/uploads\/2021\/03\/kamsar-progeo-6.png 1210w\" sizes=\"auto, (max-width: 300px) 100vw, 300px\" \/><\/a><\/p>\n<p class=\"title-proyect\">KAMSAR, GUINEA CONAKRY<\/p>\n<p class=\"subtitle-proyect\">FONAMENTACIONS I MILLORA DEL TERRENY REFINERIA KAMSAR<\/p>\n<p class=\"subtitle-proyect\">2019<\/p>\n<p><a class=\"proyect-link\" href=\"http:\/\/progeo-cga.com\/ca\/projectes\/millora-del-terreny-i-fonamentacions-especials-projectes\/refineria-kamsar-guinea-conakry\/\">Veure Projecte<\/a><\/p>\n<\/div>\n[\/vc_column_text][\/vc_column_inner][\/vc_row_inner][vc_row_inner][vc_column_inner width=&#8221;1\/3&#8243;][vc_column_text]\n<div class=\"proyect_title\">\n<p class=\"title-proyect\"><a href=\"http:\/\/progeo-cga.com\/ca\/projectes\/millora-del-terreny-i-fonamentacions-especials-projectes\/pantalla-contencio-monzon-espanya\/\"><img loading=\"lazy\" decoding=\"async\" class=\"alignnone size-medium wp-image-2213\" src=\"http:\/\/progeo-cga.com\/wp-content\/uploads\/2021\/03\/monzon-progeo-5-300x225.jpg\" alt=\"\" width=\"300\" height=\"225\" srcset=\"https:\/\/progeo-cga.com\/wp-content\/uploads\/2021\/03\/monzon-progeo-5-300x225.jpg 300w, https:\/\/progeo-cga.com\/wp-content\/uploads\/2021\/03\/monzon-progeo-5-768x576.jpg 768w, https:\/\/progeo-cga.com\/wp-content\/uploads\/2021\/03\/monzon-progeo-5-1024x768.jpg 1024w\" sizes=\"auto, (max-width: 300px) 100vw, 300px\" \/><\/a><\/p>\n<p class=\"title-proyect\">MONZ\u00d3N-ARAG\u00d3, ESPANYA<\/p>\n<p class=\"subtitle-proyect\">PANTALLA CONTENCI\u00d3 MONZ\u00d3N<\/p>\n<p class=\"subtitle-proyect\">2019-actualitat<\/p>\n<p><a class=\"proyect-link\" href=\"http:\/\/progeo-cga.com\/ca\/projectes\/millora-del-terreny-i-fonamentacions-especials-projectes\/pantalla-contencio-monzon-espanya\/\">Veure Projecte<\/a><\/p>\n<\/div>\n[\/vc_column_text][\/vc_column_inner][vc_column_inner width=&#8221;1\/3&#8243;][\/vc_column_inner][vc_column_inner width=&#8221;1\/3&#8243;][\/vc_column_inner][\/vc_row_inner][\/vc_column][\/vc_row][vc_row][vc_column][vc_empty_space height=&#8221;45px&#8221;][\/vc_column][\/vc_row]\n","protected":false},"excerpt":{"rendered":"<p>[vc_row][vc_column][vc_empty_space height=&#8221;45px&#8221;][vc_column_text] Millora del terreny i fonamentacions especials &#8211; PROJECTES [\/vc_column_text][vc_separator][\/vc_column][\/vc_row][vc_row][vc_column][vc_row_inner][vc_column_inner width=&#8221;1\/3&#8243;][vc_column_text] BARCELONA, ESPANYA TERMINAL TRAMER 2015-2017 Veure projecte [\/vc_column_text][\/vc_column_inner][vc_column_inner width=&#8221;1\/3&#8243;][vc_column_text] EL PRAT DEL LLOBREGAT, ESPANYA FONAMENTACIONS F\u00c0BRICA DAMM 2017 Veure Projecte [\/vc_column_text][\/vc_column_inner][vc_column_inner width=&#8221;1\/3&#8243;][vc_column_text] VILAFRANCA DEL PENED\u00c8S, ESPANYA FONAMENTACIONS NAU DE VESTAS 2017 Veure Projecte [\/vc_column_text][\/vc_column_inner][\/vc_row_inner][vc_row_inner][vc_column_inner width=&#8221;1\/3&#8243;][vc_column_text] BARRUECOPARDO, ESPANYA FONAMENTACIONS MINA DE TUNGST\u00c8 2017 Veure Projecte [\/vc_column_text][\/vc_column_inner][vc_column_inner width=&#8221;1\/3&#8243;][vc_column_text] GOLF DE M\u00c8XIC FONAMENTACIONS OFFSHORE D&#8217;EXPLOTACI\u00d3 MAR\u00cdTIMA&#8230; <\/p>\n<p><a class=\"readmore\" href=\"https:\/\/progeo-cga.com\/ca\/projectes\/millora-del-terreny-i-fonamentacions-especials-projectes\/\">Read More<\/a><\/p>\n","protected":false},"author":3,"featured_media":0,"parent":1634,"menu_order":3,"comment_status":"closed","ping_status":"closed","template":"","meta":{"footnotes":""},"class_list":["post-1675","page","type-page","status-publish","hentry"],"yoast_head":"<!-- This site is optimized with the Yoast SEO plugin v24.0 - https:\/\/yoast.com\/wordpress\/plugins\/seo\/ -->\n<title>MILLORA DEL TERRENY I FONAMENTACIONS ESPECIALS - PROJECTES - PRO GEO<\/title>\n<meta name=\"robots\" content=\"index, follow, max-snippet:-1, max-image-preview:large, max-video-preview:-1\" \/>\n<link rel=\"canonical\" href=\"https:\/\/progeo-cga.com\/ca\/projectes\/millora-del-terreny-i-fonamentacions-especials-projectes\/\" \/>\n<meta property=\"og:locale\" content=\"ca_ES\" \/>\n<meta property=\"og:type\" content=\"article\" \/>\n<meta property=\"og:title\" content=\"MILLORA DEL TERRENY I FONAMENTACIONS ESPECIALS - PROJECTES - PRO GEO\" \/>\n<meta property=\"og:description\" content=\"[vc_row][vc_column][vc_empty_space height=&#8221;45px&#8221;][vc_column_text] Millora del terreny i fonamentacions especials &#8211; PROJECTES [\/vc_column_text][vc_separator][\/vc_column][\/vc_row][vc_row][vc_column][vc_row_inner][vc_column_inner width=&#8221;1\/3&#8243;][vc_column_text] BARCELONA, ESPANYA TERMINAL TRAMER 2015-2017 Veure projecte [\/vc_column_text][\/vc_column_inner][vc_column_inner width=&#8221;1\/3&#8243;][vc_column_text] EL PRAT DEL LLOBREGAT, ESPANYA FONAMENTACIONS F\u00c0BRICA DAMM 2017 Veure Projecte [\/vc_column_text][\/vc_column_inner][vc_column_inner width=&#8221;1\/3&#8243;][vc_column_text] VILAFRANCA DEL PENED\u00c8S, ESPANYA FONAMENTACIONS NAU DE VESTAS 2017 Veure Projecte [\/vc_column_text][\/vc_column_inner][\/vc_row_inner][vc_row_inner][vc_column_inner width=&#8221;1\/3&#8243;][vc_column_text] BARRUECOPARDO, ESPANYA FONAMENTACIONS MINA DE TUNGST\u00c8 2017 Veure Projecte [\/vc_column_text][\/vc_column_inner][vc_column_inner width=&#8221;1\/3&#8243;][vc_column_text] GOLF DE M\u00c8XIC FONAMENTACIONS OFFSHORE D&#8217;EXPLOTACI\u00d3 MAR\u00cdTIMA... Read More\" \/>\n<meta property=\"og:url\" content=\"https:\/\/progeo-cga.com\/ca\/projectes\/millora-del-terreny-i-fonamentacions-especials-projectes\/\" \/>\n<meta property=\"og:site_name\" content=\"PRO GEO\" \/>\n<meta property=\"article:modified_time\" content=\"2021-03-10T17:03:22+00:00\" \/>\n<meta property=\"og:image\" content=\"http:\/\/progeo-cga.com\/wp-content\/uploads\/2017\/01\/proyecto-8.jpg\" \/>\n<meta name=\"twitter:card\" content=\"summary_large_image\" \/>\n<meta name=\"twitter:label1\" content=\"Temps estimat de lectura\" \/>\n\t<meta name=\"twitter:data1\" content=\"1 minut\" \/>\n<script type=\"application\/ld+json\" class=\"yoast-schema-graph\">{\"@context\":\"https:\/\/schema.org\",\"@graph\":[{\"@type\":\"WebPage\",\"@id\":\"https:\/\/progeo-cga.com\/ca\/projectes\/millora-del-terreny-i-fonamentacions-especials-projectes\/\",\"url\":\"https:\/\/progeo-cga.com\/ca\/projectes\/millora-del-terreny-i-fonamentacions-especials-projectes\/\",\"name\":\"MILLORA DEL TERRENY I FONAMENTACIONS ESPECIALS - PROJECTES - PRO GEO\",\"isPartOf\":{\"@id\":\"https:\/\/progeo-cga.com\/#website\"},\"primaryImageOfPage\":{\"@id\":\"https:\/\/progeo-cga.com\/ca\/projectes\/millora-del-terreny-i-fonamentacions-especials-projectes\/#primaryimage\"},\"image\":{\"@id\":\"https:\/\/progeo-cga.com\/ca\/projectes\/millora-del-terreny-i-fonamentacions-especials-projectes\/#primaryimage\"},\"thumbnailUrl\":\"http:\/\/progeo-cga.com\/wp-content\/uploads\/2017\/01\/proyecto-8.jpg\",\"datePublished\":\"2021-03-01T11:35:25+00:00\",\"dateModified\":\"2021-03-10T17:03:22+00:00\",\"breadcrumb\":{\"@id\":\"https:\/\/progeo-cga.com\/ca\/projectes\/millora-del-terreny-i-fonamentacions-especials-projectes\/#breadcrumb\"},\"inLanguage\":\"ca\",\"potentialAction\":[{\"@type\":\"ReadAction\",\"target\":[\"https:\/\/progeo-cga.com\/ca\/projectes\/millora-del-terreny-i-fonamentacions-especials-projectes\/\"]}]},{\"@type\":\"ImageObject\",\"inLanguage\":\"ca\",\"@id\":\"https:\/\/progeo-cga.com\/ca\/projectes\/millora-del-terreny-i-fonamentacions-especials-projectes\/#primaryimage\",\"url\":\"http:\/\/progeo-cga.com\/wp-content\/uploads\/2017\/01\/proyecto-8.jpg\",\"contentUrl\":\"http:\/\/progeo-cga.com\/wp-content\/uploads\/2017\/01\/proyecto-8.jpg\"},{\"@type\":\"BreadcrumbList\",\"@id\":\"https:\/\/progeo-cga.com\/ca\/projectes\/millora-del-terreny-i-fonamentacions-especials-projectes\/#breadcrumb\",\"itemListElement\":[{\"@type\":\"ListItem\",\"position\":1,\"name\":\"Home\",\"item\":\"https:\/\/progeo-cga.com\/ca\/\"},{\"@type\":\"ListItem\",\"position\":2,\"name\":\"Projectes\",\"item\":\"https:\/\/progeo-cga.com\/ca\/projectes\/\"},{\"@type\":\"ListItem\",\"position\":3,\"name\":\"MILLORA DEL TERRENY I FONAMENTACIONS ESPECIALS &#8211; PROJECTES\"}]},{\"@type\":\"WebSite\",\"@id\":\"https:\/\/progeo-cga.com\/#website\",\"url\":\"https:\/\/progeo-cga.com\/\",\"name\":\"PRO GEO\",\"description\":\"GEOTECHNICAL CONSULTANTS\",\"potentialAction\":[{\"@type\":\"SearchAction\",\"target\":{\"@type\":\"EntryPoint\",\"urlTemplate\":\"https:\/\/progeo-cga.com\/?s={search_term_string}\"},\"query-input\":{\"@type\":\"PropertyValueSpecification\",\"valueRequired\":true,\"valueName\":\"search_term_string\"}}],\"inLanguage\":\"ca\"}]}<\/script>\n<!-- \/ Yoast SEO plugin. -->","yoast_head_json":{"title":"MILLORA DEL TERRENY I FONAMENTACIONS ESPECIALS - PROJECTES - PRO GEO","robots":{"index":"index","follow":"follow","max-snippet":"max-snippet:-1","max-image-preview":"max-image-preview:large","max-video-preview":"max-video-preview:-1"},"canonical":"https:\/\/progeo-cga.com\/ca\/projectes\/millora-del-terreny-i-fonamentacions-especials-projectes\/","og_locale":"ca_ES","og_type":"article","og_title":"MILLORA DEL TERRENY I FONAMENTACIONS ESPECIALS - PROJECTES - PRO GEO","og_description":"[vc_row][vc_column][vc_empty_space height=&#8221;45px&#8221;][vc_column_text] Millora del terreny i fonamentacions especials &#8211; PROJECTES [\/vc_column_text][vc_separator][\/vc_column][\/vc_row][vc_row][vc_column][vc_row_inner][vc_column_inner width=&#8221;1\/3&#8243;][vc_column_text] BARCELONA, ESPANYA TERMINAL TRAMER 2015-2017 Veure projecte [\/vc_column_text][\/vc_column_inner][vc_column_inner width=&#8221;1\/3&#8243;][vc_column_text] EL PRAT DEL LLOBREGAT, ESPANYA FONAMENTACIONS F\u00c0BRICA DAMM 2017 Veure Projecte [\/vc_column_text][\/vc_column_inner][vc_column_inner width=&#8221;1\/3&#8243;][vc_column_text] VILAFRANCA DEL PENED\u00c8S, ESPANYA FONAMENTACIONS NAU DE VESTAS 2017 Veure Projecte [\/vc_column_text][\/vc_column_inner][\/vc_row_inner][vc_row_inner][vc_column_inner width=&#8221;1\/3&#8243;][vc_column_text] BARRUECOPARDO, ESPANYA FONAMENTACIONS MINA DE TUNGST\u00c8 2017 Veure Projecte [\/vc_column_text][\/vc_column_inner][vc_column_inner width=&#8221;1\/3&#8243;][vc_column_text] GOLF DE M\u00c8XIC FONAMENTACIONS OFFSHORE D&#8217;EXPLOTACI\u00d3 MAR\u00cdTIMA... Read More","og_url":"https:\/\/progeo-cga.com\/ca\/projectes\/millora-del-terreny-i-fonamentacions-especials-projectes\/","og_site_name":"PRO GEO","article_modified_time":"2021-03-10T17:03:22+00:00","og_image":[{"url":"http:\/\/progeo-cga.com\/wp-content\/uploads\/2017\/01\/proyecto-8.jpg","type":"","width":"","height":""}],"twitter_card":"summary_large_image","twitter_misc":{"Temps estimat de lectura":"1 minut"},"schema":{"@context":"https:\/\/schema.org","@graph":[{"@type":"WebPage","@id":"https:\/\/progeo-cga.com\/ca\/projectes\/millora-del-terreny-i-fonamentacions-especials-projectes\/","url":"https:\/\/progeo-cga.com\/ca\/projectes\/millora-del-terreny-i-fonamentacions-especials-projectes\/","name":"MILLORA DEL TERRENY I FONAMENTACIONS ESPECIALS - PROJECTES - PRO GEO","isPartOf":{"@id":"https:\/\/progeo-cga.com\/#website"},"primaryImageOfPage":{"@id":"https:\/\/progeo-cga.com\/ca\/projectes\/millora-del-terreny-i-fonamentacions-especials-projectes\/#primaryimage"},"image":{"@id":"https:\/\/progeo-cga.com\/ca\/projectes\/millora-del-terreny-i-fonamentacions-especials-projectes\/#primaryimage"},"thumbnailUrl":"http:\/\/progeo-cga.com\/wp-content\/uploads\/2017\/01\/proyecto-8.jpg","datePublished":"2021-03-01T11:35:25+00:00","dateModified":"2021-03-10T17:03:22+00:00","breadcrumb":{"@id":"https:\/\/progeo-cga.com\/ca\/projectes\/millora-del-terreny-i-fonamentacions-especials-projectes\/#breadcrumb"},"inLanguage":"ca","potentialAction":[{"@type":"ReadAction","target":["https:\/\/progeo-cga.com\/ca\/projectes\/millora-del-terreny-i-fonamentacions-especials-projectes\/"]}]},{"@type":"ImageObject","inLanguage":"ca","@id":"https:\/\/progeo-cga.com\/ca\/projectes\/millora-del-terreny-i-fonamentacions-especials-projectes\/#primaryimage","url":"http:\/\/progeo-cga.com\/wp-content\/uploads\/2017\/01\/proyecto-8.jpg","contentUrl":"http:\/\/progeo-cga.com\/wp-content\/uploads\/2017\/01\/proyecto-8.jpg"},{"@type":"BreadcrumbList","@id":"https:\/\/progeo-cga.com\/ca\/projectes\/millora-del-terreny-i-fonamentacions-especials-projectes\/#breadcrumb","itemListElement":[{"@type":"ListItem","position":1,"name":"Home","item":"https:\/\/progeo-cga.com\/ca\/"},{"@type":"ListItem","position":2,"name":"Projectes","item":"https:\/\/progeo-cga.com\/ca\/projectes\/"},{"@type":"ListItem","position":3,"name":"MILLORA DEL TERRENY I FONAMENTACIONS ESPECIALS &#8211; PROJECTES"}]},{"@type":"WebSite","@id":"https:\/\/progeo-cga.com\/#website","url":"https:\/\/progeo-cga.com\/","name":"PRO GEO","description":"GEOTECHNICAL CONSULTANTS","potentialAction":[{"@type":"SearchAction","target":{"@type":"EntryPoint","urlTemplate":"https:\/\/progeo-cga.com\/?s={search_term_string}"},"query-input":{"@type":"PropertyValueSpecification","valueRequired":true,"valueName":"search_term_string"}}],"inLanguage":"ca"}]}},"_links":{"self":[{"href":"https:\/\/progeo-cga.com\/ca\/wp-json\/wp\/v2\/pages\/1675","targetHints":{"allow":["GET"]}}],"collection":[{"href":"https:\/\/progeo-cga.com\/ca\/wp-json\/wp\/v2\/pages"}],"about":[{"href":"https:\/\/progeo-cga.com\/ca\/wp-json\/wp\/v2\/types\/page"}],"author":[{"embeddable":true,"href":"https:\/\/progeo-cga.com\/ca\/wp-json\/wp\/v2\/users\/3"}],"replies":[{"embeddable":true,"href":"https:\/\/progeo-cga.com\/ca\/wp-json\/wp\/v2\/comments?post=1675"}],"version-history":[{"count":7,"href":"https:\/\/progeo-cga.com\/ca\/wp-json\/wp\/v2\/pages\/1675\/revisions"}],"predecessor-version":[{"id":2472,"href":"https:\/\/progeo-cga.com\/ca\/wp-json\/wp\/v2\/pages\/1675\/revisions\/2472"}],"up":[{"embeddable":true,"href":"https:\/\/progeo-cga.com\/ca\/wp-json\/wp\/v2\/pages\/1634"}],"wp:attachment":[{"href":"https:\/\/progeo-cga.com\/ca\/wp-json\/wp\/v2\/media?parent=1675"}],"curies":[{"name":"wp","href":"https:\/\/api.w.org\/{rel}","templated":true}]}}