{"id":1673,"date":"2021-03-01T11:33:04","date_gmt":"2021-03-01T11:33:04","guid":{"rendered":"http:\/\/progeo-cga.com\/?page_id=1673\/"},"modified":"2021-03-19T10:44:12","modified_gmt":"2021-03-19T10:44:12","slug":"talussos-i-lliscaments-projectes","status":"publish","type":"page","link":"https:\/\/progeo-cga.com\/ca\/projectes\/talussos-i-lliscaments-projectes\/","title":{"rendered":"TALUSSOS I LLISCAMENTS &#8211; PROJECTES"},"content":{"rendered":"[vc_row][vc_column][vc_empty_space height=&#8221;45px&#8221;][vc_column_text]\n<h2>Estabilitzaci\u00f3 de talussos i\u00a0lliscaments &#8211; PROJECTES<\/h2>\n[\/vc_column_text][vc_separator][\/vc_column][\/vc_row][vc_row][vc_column][vc_row_inner][vc_column_inner width=&#8221;1\/3&#8243;][vc_column_text]\n<div class=\"proyect_title\">\n<p><a href=\"http:\/\/progeo-cga.com\/ca\/projectes\/reactor-nuclear-experimental-iter\/\"><img decoding=\"async\" class=\"previa-proyecto\" src=\"http:\/\/progeo-cga.com\/wp-content\/uploads\/2017\/01\/proyecto-4.jpg\" alt=\"\" \/><\/a><\/p>\n<p class=\"title-proyect\">PROVENZA-ALPES-COSTA AZUL, FRAN\u00c7A<\/p>\n<p class=\"subtitle-proyect\">REACTOR NUCLEAR EXPERIMENTAL &#8211; ITER<\/p>\n<p class=\"subtitle-proyect\">2013-2014<\/p>\n<p><a class=\"proyect-link\" href=\"http:\/\/progeo-cga.com\/ca\/projectes\/reactor-nuclear-experimental-iter\/\">Veure projecte<\/a><\/p>\n<\/div>\n[\/vc_column_text][\/vc_column_inner][vc_column_inner width=&#8221;1\/3&#8243;][vc_column_text]\n<div class=\"proyect_title\">\n<p><a href=\"http:\/\/progeo-cga.com\/ca\/projectes\/mecanica-roques-projectes\/fumanua-sud-figols-espanya\/\"><img loading=\"lazy\" decoding=\"async\" class=\"alignnone wp-image-2043 size-medium\" src=\"http:\/\/progeo-cga.com\/wp-content\/uploads\/2021\/02\/fumanya-3-progeo-e1615293895369-300x189.jpg\" alt=\"\" width=\"300\" height=\"189\" srcset=\"https:\/\/progeo-cga.com\/wp-content\/uploads\/2021\/02\/fumanya-3-progeo-e1615293895369-300x189.jpg 300w, https:\/\/progeo-cga.com\/wp-content\/uploads\/2021\/02\/fumanya-3-progeo-e1615293895369-768x484.jpg 768w, https:\/\/progeo-cga.com\/wp-content\/uploads\/2021\/02\/fumanya-3-progeo-e1615293895369-1024x645.jpg 1024w\" sizes=\"auto, (max-width: 300px) 100vw, 300px\" \/><\/a><\/p>\n<p class=\"title-proyect\">F\u00cdGOLS &#8211; BERGUED\u00c0, ESPANYA<\/p>\n<p class=\"subtitle-proyect\">JACIMENT PALEONTOL\u00d2GIC FUMANYA SUD<\/p>\n<p class=\"subtitle-proyect\">2019<\/p>\n<p><a class=\"proyect-link\" href=\"http:\/\/progeo-cga.com\/ca\/projectes\/mecanica-roques-projectes\/fumanua-sud-figols-espanya\/\">Veure Projecte<\/a><\/p>\n<\/div>\n[\/vc_column_text][\/vc_column_inner][vc_column_inner width=&#8221;1\/3&#8243;][vc_column_text]\n<div class=\"proyect_title\">\n<p><a href=\"http:\/\/progeo-cga.com\/ca\/projectes\/mecanica-roques-projectes\/nou-funicular-tibidabo-bcn-espanya\/\"><img loading=\"lazy\" decoding=\"async\" class=\"alignnone size-medium wp-image-2159\" src=\"http:\/\/progeo-cga.com\/wp-content\/uploads\/2021\/03\/tibidabo-progeo-foto-obra-1.1-300x198.jpg\" alt=\"\" width=\"300\" height=\"198\" srcset=\"https:\/\/progeo-cga.com\/wp-content\/uploads\/2021\/03\/tibidabo-progeo-foto-obra-1.1-300x198.jpg 300w, https:\/\/progeo-cga.com\/wp-content\/uploads\/2021\/03\/tibidabo-progeo-foto-obra-1.1-768x506.jpg 768w, https:\/\/progeo-cga.com\/wp-content\/uploads\/2021\/03\/tibidabo-progeo-foto-obra-1.1-1024x674.jpg 1024w\" sizes=\"auto, (max-width: 300px) 100vw, 300px\" \/><\/a><\/p>\n<p class=\"title-proyect\">BARCELONA, ESPANYA<\/p>\n<p class=\"subtitle-proyect\">NOU FUNICULAR DEL TIBIDABO<\/p>\n<p class=\"subtitle-proyect\">2019-2020<\/p>\n<p><a class=\"proyect-link\" href=\"http:\/\/progeo-cga.com\/ca\/projectes\/mecanica-roques-projectes\/nou-funicular-tibidabo-bcn-espanya\/\">Veure Projecte<\/a><\/p>\n<\/div>\n[\/vc_column_text][\/vc_column_inner][\/vc_row_inner][vc_row_inner][vc_column_inner width=&#8221;1\/3&#8243;][vc_column_text]\n<div class=\"proyect_title\">\n<p class=\"title-proyect\"><a href=\"http:\/\/progeo-cga.com\/ca\/projectes\/talussos-i-lliscaments-projectes\/mur-sant-pau-dordal-espanya-2020\/\"><img loading=\"lazy\" decoding=\"async\" class=\"alignnone size-medium wp-image-2439\" src=\"http:\/\/progeo-cga.com\/wp-content\/uploads\/2021\/03\/st-pau-dordal-progeo-3-secci\u00f3-escullera-300x183.jpg\" alt=\"\" width=\"300\" height=\"183\" srcset=\"https:\/\/progeo-cga.com\/wp-content\/uploads\/2021\/03\/st-pau-dordal-progeo-3-secci\u00f3-escullera-300x183.jpg 300w, https:\/\/progeo-cga.com\/wp-content\/uploads\/2021\/03\/st-pau-dordal-progeo-3-secci\u00f3-escullera-768x468.jpg 768w, https:\/\/progeo-cga.com\/wp-content\/uploads\/2021\/03\/st-pau-dordal-progeo-3-secci\u00f3-escullera-1024x624.jpg 1024w, https:\/\/progeo-cga.com\/wp-content\/uploads\/2021\/03\/st-pau-dordal-progeo-3-secci\u00f3-escullera.jpg 1398w\" sizes=\"auto, (max-width: 300px) 100vw, 300px\" \/><\/a><\/p>\n<p class=\"title-proyect\">SUBIRATS, ESPANYA<\/p>\n<p class=\"subtitle-proyect\">MUR A SANT PAU D&#8217;ORDAL<\/p>\n<p class=\"subtitle-proyect\">2020<\/p>\n<p><a class=\"proyect-link\" href=\"http:\/\/progeo-cga.com\/ca\/projectes\/talussos-i-lliscaments-projectes\/mur-sant-pau-dordal-espanya-2020\/\">Veure Projecte<\/a><\/p>\n<\/div>\n[\/vc_column_text][\/vc_column_inner][vc_column_inner width=&#8221;1\/3&#8243;][vc_column_text]\n<div class=\"proyect_title\">\n<p><a href=\"http:\/\/progeo-cga.com\/ca\/projectes\/talussos-i-lliscaments-projectes\/mur-arenys-mar-espanya-2020\/\"><img loading=\"lazy\" decoding=\"async\" class=\"alignnone wp-image-2508 size-medium\" src=\"http:\/\/progeo-cga.com\/wp-content\/uploads\/2021\/02\/arenys-progeo-secci\u00f3-bulons-e1615456038159-300x221.png\" alt=\"\" width=\"300\" height=\"221\" srcset=\"https:\/\/progeo-cga.com\/wp-content\/uploads\/2021\/02\/arenys-progeo-secci\u00f3-bulons-e1615456038159-300x221.png 300w, https:\/\/progeo-cga.com\/wp-content\/uploads\/2021\/02\/arenys-progeo-secci\u00f3-bulons-e1615456038159.png 765w\" sizes=\"auto, (max-width: 300px) 100vw, 300px\" \/><\/a><\/p>\n<p class=\"title-proyect\">ARENYS DE MAR, ESPANYA<\/p>\n<p class=\"subtitle-proyect\">MUR CAM\u00cd DE LA PIETAT<\/p>\n<p class=\"subtitle-proyect\">2020<\/p>\n<p><a class=\"proyect-link\" href=\"http:\/\/progeo-cga.com\/ca\/projectes\/talussos-i-lliscaments-projectes\/mur-arenys-mar-espanya-2020\/\">Veure Projecte<\/a><\/p>\n<\/div>\n[\/vc_column_text][\/vc_column_inner][vc_column_inner width=&#8221;1\/3&#8243;][vc_column_text]\n<div class=\"proyect_title\">\n<p><a href=\"http:\/\/progeo-cga.com\/ca\/projectes\/mecanica-roques-projectes\/port-la-bonaigua-espanya\/\"><img loading=\"lazy\" decoding=\"async\" class=\"alignnone wp-image-2250 size-medium\" src=\"http:\/\/progeo-cga.com\/wp-content\/uploads\/2021\/03\/IMG_9330-e1615293963191-300x171.jpeg\" alt=\"\" width=\"300\" height=\"171\" srcset=\"https:\/\/progeo-cga.com\/wp-content\/uploads\/2021\/03\/IMG_9330-e1615293963191-300x171.jpeg 300w, https:\/\/progeo-cga.com\/wp-content\/uploads\/2021\/03\/IMG_9330-e1615293963191-768x438.jpeg 768w, https:\/\/progeo-cga.com\/wp-content\/uploads\/2021\/03\/IMG_9330-e1615293963191-1024x584.jpeg 1024w, https:\/\/progeo-cga.com\/wp-content\/uploads\/2021\/03\/IMG_9330-e1615293963191.jpeg 2048w\" sizes=\"auto, (max-width: 300px) 100vw, 300px\" \/><\/a><\/p>\n<p class=\"title-proyect\">BONAIGUA, ESPANYA<\/p>\n<p class=\"subtitle-proyect\">MILLORA PORT DE LA\u00a0BONAIGUA C-28<\/p>\n<p class=\"subtitle-proyect\">2018-actualitat<\/p>\n<p><a class=\"proyect-link\" href=\"http:\/\/progeo-cga.com\/ca\/projectes\/mecanica-roques-projectes\/port-la-bonaigua-espanya\/\">Veure Projecte<\/a><\/p>\n<\/div>\n[\/vc_column_text][\/vc_column_inner][\/vc_row_inner][vc_row_inner][vc_column_inner width=&#8221;1\/3&#8243;][vc_column_text]\n<div class=\"proyect_title\">\n<p><a href=\"http:\/\/progeo-cga.com\/ca\/projectes\/talussos-i-lliscaments-projectes\/sant-esteve-sesrovires-espanya\/\"><img loading=\"lazy\" decoding=\"async\" class=\"alignnone size-medium wp-image-2337\" src=\"http:\/\/progeo-cga.com\/wp-content\/uploads\/2021\/03\/st-esteve-sesrovires-progeo-9-300x225.jpg\" alt=\"\" width=\"300\" height=\"225\" srcset=\"https:\/\/progeo-cga.com\/wp-content\/uploads\/2021\/03\/st-esteve-sesrovires-progeo-9-300x225.jpg 300w, https:\/\/progeo-cga.com\/wp-content\/uploads\/2021\/03\/st-esteve-sesrovires-progeo-9-768x576.jpg 768w, https:\/\/progeo-cga.com\/wp-content\/uploads\/2021\/03\/st-esteve-sesrovires-progeo-9-1024x768.jpg 1024w\" sizes=\"auto, (max-width: 300px) 100vw, 300px\" \/><\/a><\/p>\n<p class=\"title-proyect\">SANT ESTEVE SESROVIRES,\u00a0ESPANYA<\/p>\n<p class=\"subtitle-proyect\">LLISCAMENT CARRER MERC\u00c8 RODOREDA<\/p>\n<p class=\"subtitle-proyect\">2018-actualitat<\/p>\n<p><a class=\"proyect-link\" href=\"http:\/\/progeo-cga.com\/ca\/projectes\/talussos-i-lliscaments-projectes\/sant-esteve-sesrovires-espanya\/\">Veure Projecte<\/a><\/p>\n<\/div>\n[\/vc_column_text][\/vc_column_inner][vc_column_inner width=&#8221;1\/3&#8243;][vc_column_text]\n<div class=\"proyect_title\">\n<p><a href=\"http:\/\/progeo-cga.com\/ca\/projectes\/talussos-i-lliscaments-projectes\/soil-nailing-molins-rei-espanya-2019-2021\/\"><img loading=\"lazy\" decoding=\"async\" class=\"alignnone size-medium wp-image-2658\" src=\"http:\/\/progeo-cga.com\/wp-content\/uploads\/2021\/03\/molins-soilnailing-progeo-0.2-300x225.jpeg\" alt=\"\" width=\"300\" height=\"225\" srcset=\"https:\/\/progeo-cga.com\/wp-content\/uploads\/2021\/03\/molins-soilnailing-progeo-0.2-300x225.jpeg 300w, https:\/\/progeo-cga.com\/wp-content\/uploads\/2021\/03\/molins-soilnailing-progeo-0.2-768x576.jpeg 768w, https:\/\/progeo-cga.com\/wp-content\/uploads\/2021\/03\/molins-soilnailing-progeo-0.2-1024x768.jpeg 1024w, https:\/\/progeo-cga.com\/wp-content\/uploads\/2021\/03\/molins-soilnailing-progeo-0.2.jpeg 2048w\" sizes=\"auto, (max-width: 300px) 100vw, 300px\" \/><\/a><\/p>\n<p class=\"title-proyect\">MOLINS DE REI, ESPANYA<\/p>\n<p class=\"subtitle-proyect\">POL\u00cdGON INDUSTRIAL RIERA DEL MOL\u00cd<\/p>\n<p class=\"subtitle-proyect\">2019-2021<\/p>\n<p><a class=\"proyect-link\" href=\"http:\/\/progeo-cga.com\/ca\/projectes\/talussos-i-lliscaments-projectes\/soil-nailing-molins-rei-espanya-2019-2021\/\">Veure Projecte<\/a><\/p>\n<\/div>\n[\/vc_column_text][\/vc_column_inner][vc_column_inner width=&#8221;1\/3&#8243;][\/vc_column_inner][\/vc_row_inner][\/vc_column][\/vc_row][vc_row][vc_column][vc_empty_space height=&#8221;45px&#8221;][\/vc_column][\/vc_row]\n","protected":false},"excerpt":{"rendered":"<p>[vc_row][vc_column][vc_empty_space height=&#8221;45px&#8221;][vc_column_text] Estabilitzaci\u00f3 de talussos i\u00a0lliscaments &#8211; PROJECTES [\/vc_column_text][vc_separator][\/vc_column][\/vc_row][vc_row][vc_column][vc_row_inner][vc_column_inner width=&#8221;1\/3&#8243;][vc_column_text] PROVENZA-ALPES-COSTA AZUL, FRAN\u00c7A REACTOR NUCLEAR EXPERIMENTAL &#8211; ITER 2013-2014 Veure projecte [\/vc_column_text][\/vc_column_inner][vc_column_inner width=&#8221;1\/3&#8243;][vc_column_text] F\u00cdGOLS &#8211; BERGUED\u00c0, ESPANYA JACIMENT PALEONTOL\u00d2GIC FUMANYA SUD 2019 Veure Projecte [\/vc_column_text][\/vc_column_inner][vc_column_inner width=&#8221;1\/3&#8243;][vc_column_text] BARCELONA, ESPANYA NOU FUNICULAR DEL TIBIDABO 2019-2020 Veure Projecte [\/vc_column_text][\/vc_column_inner][\/vc_row_inner][vc_row_inner][vc_column_inner width=&#8221;1\/3&#8243;][vc_column_text] SUBIRATS, ESPANYA MUR A SANT PAU D&#8217;ORDAL 2020 Veure Projecte [\/vc_column_text][\/vc_column_inner][vc_column_inner width=&#8221;1\/3&#8243;][vc_column_text] ARENYS DE MAR, ESPANYA MUR CAM\u00cd&#8230; <\/p>\n<p><a class=\"readmore\" href=\"https:\/\/progeo-cga.com\/ca\/projectes\/talussos-i-lliscaments-projectes\/\">Read More<\/a><\/p>\n","protected":false},"author":3,"featured_media":0,"parent":1634,"menu_order":4,"comment_status":"closed","ping_status":"closed","template":"","meta":{"footnotes":""},"class_list":["post-1673","page","type-page","status-publish","hentry"],"yoast_head":"<!-- This site is optimized with the Yoast SEO plugin v24.0 - https:\/\/yoast.com\/wordpress\/plugins\/seo\/ -->\n<title>TALUSSOS I LLISCAMENTS - PROJECTES - PRO GEO<\/title>\n<meta name=\"robots\" content=\"index, follow, max-snippet:-1, max-image-preview:large, max-video-preview:-1\" \/>\n<link rel=\"canonical\" href=\"https:\/\/progeo-cga.com\/ca\/projectes\/talussos-i-lliscaments-projectes\/\" \/>\n<meta property=\"og:locale\" content=\"ca_ES\" \/>\n<meta property=\"og:type\" content=\"article\" \/>\n<meta property=\"og:title\" content=\"TALUSSOS I LLISCAMENTS - PROJECTES - PRO GEO\" \/>\n<meta property=\"og:description\" content=\"[vc_row][vc_column][vc_empty_space height=&#8221;45px&#8221;][vc_column_text] Estabilitzaci\u00f3 de talussos i\u00a0lliscaments &#8211; PROJECTES [\/vc_column_text][vc_separator][\/vc_column][\/vc_row][vc_row][vc_column][vc_row_inner][vc_column_inner width=&#8221;1\/3&#8243;][vc_column_text] PROVENZA-ALPES-COSTA AZUL, FRAN\u00c7A REACTOR NUCLEAR EXPERIMENTAL &#8211; ITER 2013-2014 Veure projecte [\/vc_column_text][\/vc_column_inner][vc_column_inner width=&#8221;1\/3&#8243;][vc_column_text] F\u00cdGOLS &#8211; BERGUED\u00c0, ESPANYA JACIMENT PALEONTOL\u00d2GIC FUMANYA SUD 2019 Veure Projecte [\/vc_column_text][\/vc_column_inner][vc_column_inner width=&#8221;1\/3&#8243;][vc_column_text] BARCELONA, ESPANYA NOU FUNICULAR DEL TIBIDABO 2019-2020 Veure Projecte [\/vc_column_text][\/vc_column_inner][\/vc_row_inner][vc_row_inner][vc_column_inner width=&#8221;1\/3&#8243;][vc_column_text] SUBIRATS, ESPANYA MUR A SANT PAU D&#8217;ORDAL 2020 Veure Projecte [\/vc_column_text][\/vc_column_inner][vc_column_inner width=&#8221;1\/3&#8243;][vc_column_text] ARENYS DE MAR, ESPANYA MUR CAM\u00cd... Read More\" \/>\n<meta property=\"og:url\" content=\"https:\/\/progeo-cga.com\/ca\/projectes\/talussos-i-lliscaments-projectes\/\" \/>\n<meta property=\"og:site_name\" content=\"PRO GEO\" \/>\n<meta property=\"article:modified_time\" content=\"2021-03-19T10:44:12+00:00\" \/>\n<meta property=\"og:image\" content=\"http:\/\/progeo-cga.com\/wp-content\/uploads\/2017\/01\/proyecto-4.jpg\" \/>\n<meta name=\"twitter:card\" content=\"summary_large_image\" \/>\n<meta name=\"twitter:label1\" content=\"Temps estimat de lectura\" \/>\n\t<meta name=\"twitter:data1\" content=\"1 minut\" \/>\n<script type=\"application\/ld+json\" class=\"yoast-schema-graph\">{\"@context\":\"https:\/\/schema.org\",\"@graph\":[{\"@type\":\"WebPage\",\"@id\":\"https:\/\/progeo-cga.com\/ca\/projectes\/talussos-i-lliscaments-projectes\/\",\"url\":\"https:\/\/progeo-cga.com\/ca\/projectes\/talussos-i-lliscaments-projectes\/\",\"name\":\"TALUSSOS I LLISCAMENTS - PROJECTES - PRO GEO\",\"isPartOf\":{\"@id\":\"https:\/\/progeo-cga.com\/#website\"},\"primaryImageOfPage\":{\"@id\":\"https:\/\/progeo-cga.com\/ca\/projectes\/talussos-i-lliscaments-projectes\/#primaryimage\"},\"image\":{\"@id\":\"https:\/\/progeo-cga.com\/ca\/projectes\/talussos-i-lliscaments-projectes\/#primaryimage\"},\"thumbnailUrl\":\"http:\/\/progeo-cga.com\/wp-content\/uploads\/2017\/01\/proyecto-4.jpg\",\"datePublished\":\"2021-03-01T11:33:04+00:00\",\"dateModified\":\"2021-03-19T10:44:12+00:00\",\"breadcrumb\":{\"@id\":\"https:\/\/progeo-cga.com\/ca\/projectes\/talussos-i-lliscaments-projectes\/#breadcrumb\"},\"inLanguage\":\"ca\",\"potentialAction\":[{\"@type\":\"ReadAction\",\"target\":[\"https:\/\/progeo-cga.com\/ca\/projectes\/talussos-i-lliscaments-projectes\/\"]}]},{\"@type\":\"ImageObject\",\"inLanguage\":\"ca\",\"@id\":\"https:\/\/progeo-cga.com\/ca\/projectes\/talussos-i-lliscaments-projectes\/#primaryimage\",\"url\":\"http:\/\/progeo-cga.com\/wp-content\/uploads\/2017\/01\/proyecto-4.jpg\",\"contentUrl\":\"http:\/\/progeo-cga.com\/wp-content\/uploads\/2017\/01\/proyecto-4.jpg\"},{\"@type\":\"BreadcrumbList\",\"@id\":\"https:\/\/progeo-cga.com\/ca\/projectes\/talussos-i-lliscaments-projectes\/#breadcrumb\",\"itemListElement\":[{\"@type\":\"ListItem\",\"position\":1,\"name\":\"Home\",\"item\":\"https:\/\/progeo-cga.com\/ca\/\"},{\"@type\":\"ListItem\",\"position\":2,\"name\":\"Projectes\",\"item\":\"https:\/\/progeo-cga.com\/ca\/projectes\/\"},{\"@type\":\"ListItem\",\"position\":3,\"name\":\"TALUSSOS I LLISCAMENTS &#8211; PROJECTES\"}]},{\"@type\":\"WebSite\",\"@id\":\"https:\/\/progeo-cga.com\/#website\",\"url\":\"https:\/\/progeo-cga.com\/\",\"name\":\"PRO GEO\",\"description\":\"GEOTECHNICAL CONSULTANTS\",\"potentialAction\":[{\"@type\":\"SearchAction\",\"target\":{\"@type\":\"EntryPoint\",\"urlTemplate\":\"https:\/\/progeo-cga.com\/?s={search_term_string}\"},\"query-input\":{\"@type\":\"PropertyValueSpecification\",\"valueRequired\":true,\"valueName\":\"search_term_string\"}}],\"inLanguage\":\"ca\"}]}<\/script>\n<!-- \/ Yoast SEO plugin. -->","yoast_head_json":{"title":"TALUSSOS I LLISCAMENTS - PROJECTES - PRO GEO","robots":{"index":"index","follow":"follow","max-snippet":"max-snippet:-1","max-image-preview":"max-image-preview:large","max-video-preview":"max-video-preview:-1"},"canonical":"https:\/\/progeo-cga.com\/ca\/projectes\/talussos-i-lliscaments-projectes\/","og_locale":"ca_ES","og_type":"article","og_title":"TALUSSOS I LLISCAMENTS - PROJECTES - PRO GEO","og_description":"[vc_row][vc_column][vc_empty_space height=&#8221;45px&#8221;][vc_column_text] Estabilitzaci\u00f3 de talussos i\u00a0lliscaments &#8211; PROJECTES [\/vc_column_text][vc_separator][\/vc_column][\/vc_row][vc_row][vc_column][vc_row_inner][vc_column_inner width=&#8221;1\/3&#8243;][vc_column_text] PROVENZA-ALPES-COSTA AZUL, FRAN\u00c7A REACTOR NUCLEAR EXPERIMENTAL &#8211; ITER 2013-2014 Veure projecte [\/vc_column_text][\/vc_column_inner][vc_column_inner width=&#8221;1\/3&#8243;][vc_column_text] F\u00cdGOLS &#8211; BERGUED\u00c0, ESPANYA JACIMENT PALEONTOL\u00d2GIC FUMANYA SUD 2019 Veure Projecte [\/vc_column_text][\/vc_column_inner][vc_column_inner width=&#8221;1\/3&#8243;][vc_column_text] BARCELONA, ESPANYA NOU FUNICULAR DEL TIBIDABO 2019-2020 Veure Projecte [\/vc_column_text][\/vc_column_inner][\/vc_row_inner][vc_row_inner][vc_column_inner width=&#8221;1\/3&#8243;][vc_column_text] SUBIRATS, ESPANYA MUR A SANT PAU D&#8217;ORDAL 2020 Veure Projecte [\/vc_column_text][\/vc_column_inner][vc_column_inner width=&#8221;1\/3&#8243;][vc_column_text] ARENYS DE MAR, ESPANYA MUR CAM\u00cd... Read More","og_url":"https:\/\/progeo-cga.com\/ca\/projectes\/talussos-i-lliscaments-projectes\/","og_site_name":"PRO GEO","article_modified_time":"2021-03-19T10:44:12+00:00","og_image":[{"url":"http:\/\/progeo-cga.com\/wp-content\/uploads\/2017\/01\/proyecto-4.jpg","type":"","width":"","height":""}],"twitter_card":"summary_large_image","twitter_misc":{"Temps estimat de lectura":"1 minut"},"schema":{"@context":"https:\/\/schema.org","@graph":[{"@type":"WebPage","@id":"https:\/\/progeo-cga.com\/ca\/projectes\/talussos-i-lliscaments-projectes\/","url":"https:\/\/progeo-cga.com\/ca\/projectes\/talussos-i-lliscaments-projectes\/","name":"TALUSSOS I LLISCAMENTS - PROJECTES - PRO GEO","isPartOf":{"@id":"https:\/\/progeo-cga.com\/#website"},"primaryImageOfPage":{"@id":"https:\/\/progeo-cga.com\/ca\/projectes\/talussos-i-lliscaments-projectes\/#primaryimage"},"image":{"@id":"https:\/\/progeo-cga.com\/ca\/projectes\/talussos-i-lliscaments-projectes\/#primaryimage"},"thumbnailUrl":"http:\/\/progeo-cga.com\/wp-content\/uploads\/2017\/01\/proyecto-4.jpg","datePublished":"2021-03-01T11:33:04+00:00","dateModified":"2021-03-19T10:44:12+00:00","breadcrumb":{"@id":"https:\/\/progeo-cga.com\/ca\/projectes\/talussos-i-lliscaments-projectes\/#breadcrumb"},"inLanguage":"ca","potentialAction":[{"@type":"ReadAction","target":["https:\/\/progeo-cga.com\/ca\/projectes\/talussos-i-lliscaments-projectes\/"]}]},{"@type":"ImageObject","inLanguage":"ca","@id":"https:\/\/progeo-cga.com\/ca\/projectes\/talussos-i-lliscaments-projectes\/#primaryimage","url":"http:\/\/progeo-cga.com\/wp-content\/uploads\/2017\/01\/proyecto-4.jpg","contentUrl":"http:\/\/progeo-cga.com\/wp-content\/uploads\/2017\/01\/proyecto-4.jpg"},{"@type":"BreadcrumbList","@id":"https:\/\/progeo-cga.com\/ca\/projectes\/talussos-i-lliscaments-projectes\/#breadcrumb","itemListElement":[{"@type":"ListItem","position":1,"name":"Home","item":"https:\/\/progeo-cga.com\/ca\/"},{"@type":"ListItem","position":2,"name":"Projectes","item":"https:\/\/progeo-cga.com\/ca\/projectes\/"},{"@type":"ListItem","position":3,"name":"TALUSSOS I LLISCAMENTS &#8211; PROJECTES"}]},{"@type":"WebSite","@id":"https:\/\/progeo-cga.com\/#website","url":"https:\/\/progeo-cga.com\/","name":"PRO GEO","description":"GEOTECHNICAL CONSULTANTS","potentialAction":[{"@type":"SearchAction","target":{"@type":"EntryPoint","urlTemplate":"https:\/\/progeo-cga.com\/?s={search_term_string}"},"query-input":{"@type":"PropertyValueSpecification","valueRequired":true,"valueName":"search_term_string"}}],"inLanguage":"ca"}]}},"_links":{"self":[{"href":"https:\/\/progeo-cga.com\/ca\/wp-json\/wp\/v2\/pages\/1673","targetHints":{"allow":["GET"]}}],"collection":[{"href":"https:\/\/progeo-cga.com\/ca\/wp-json\/wp\/v2\/pages"}],"about":[{"href":"https:\/\/progeo-cga.com\/ca\/wp-json\/wp\/v2\/types\/page"}],"author":[{"embeddable":true,"href":"https:\/\/progeo-cga.com\/ca\/wp-json\/wp\/v2\/users\/3"}],"replies":[{"embeddable":true,"href":"https:\/\/progeo-cga.com\/ca\/wp-json\/wp\/v2\/comments?post=1673"}],"version-history":[{"count":22,"href":"https:\/\/progeo-cga.com\/ca\/wp-json\/wp\/v2\/pages\/1673\/revisions"}],"predecessor-version":[{"id":2691,"href":"https:\/\/progeo-cga.com\/ca\/wp-json\/wp\/v2\/pages\/1673\/revisions\/2691"}],"up":[{"embeddable":true,"href":"https:\/\/progeo-cga.com\/ca\/wp-json\/wp\/v2\/pages\/1634"}],"wp:attachment":[{"href":"https:\/\/progeo-cga.com\/ca\/wp-json\/wp\/v2\/media?parent=1673"}],"curies":[{"name":"wp","href":"https:\/\/api.w.org\/{rel}","templated":true}]}}