{"id":1442,"date":"2017-12-14T16:40:12","date_gmt":"2017-12-14T16:40:12","guid":{"rendered":"http:\/\/progeo-cga.com\/cimentaciones-fabrica-damm-prat-llobregat\/"},"modified":"2017-12-18T08:43:49","modified_gmt":"2017-12-18T08:43:49","slug":"fonamentacions-fabrica-damm-prat-llobregat","status":"publish","type":"page","link":"https:\/\/progeo-cga.com\/ca\/projectes\/millora-del-terreny-i-fonamentacions-especials-projectes\/fonamentacions-fabrica-damm-prat-llobregat\/","title":{"rendered":"FONAMENTACIONS F\u00c0BRICA DAMM, ESPANYA"},"content":{"rendered":"[vc_row row_type=&#8221;3&#8243; blox_image=&#8221;1362&#8243; row_pattern=&#8221;max-pat&#8221;][vc_column][vc_empty_space height=&#8221;260px&#8221;][vc_column_text]\n<p class=\"head-nosotros\">FONAMENTACIONS F\u00c0BRICA DAMM DEL PRAT DE LLOBREGAT (ESPANYA, 2017)<\/p>\n[\/vc_column_text][vc_empty_space height=&#8221;260px&#8221;][\/vc_column][\/vc_row][vc_row][vc_column][vc_empty_space height=&#8221;60px&#8221;][vc_row_inner][vc_column_inner width=&#8221;1\/2&#8243;][vc_column_text]L&#8217;empresa DAMM S.A. amplia la seva planta de producci\u00f3 al Prat de Llobregat (Barcelona) mitjan\u00e7ant la construcci\u00f3 d&#8217;una s\u00e8rie de tancs i instal\u00b7lacions auxiliars. El disseny d&#8217;aquests tancs\u00a0recolza sobre una llosa pilotada amb m\u00f2duls pantalla en un entorn geot\u00e8cnic quaternari.[\/vc_column_text][\/vc_column_inner][vc_column_inner width=&#8221;1\/2&#8243;][vc_column_text]<strong>L&#8217;experi\u00e8ncia en el disseny de fonamentacions de PRO GEO<\/strong>, en colaboraci\u00f3 amb<a href=\"http:\/\/www.jgeotecnia.com\/\" target=\"_blank\" rel=\"noopener noreferrer\"><strong> JG Consultores<\/strong><\/a>,\u00a0ha perm\u00e8s realitzar les seg\u00fcents actuacions:<\/p>\n<ul>\n<li>An\u00e0lisi dels par\u00e0metres del terreny.<\/li>\n<li>An\u00e0lisi d&#8217;assentaments de la llosa pilotada.<\/li>\n<li>Estudi de possibles solucions alternatives.<\/li>\n<li>Disseny dels m\u00f2duls pantalla.<\/li>\n<\/ul>\n[\/vc_column_text][\/vc_column_inner][\/vc_row_inner][vc_empty_space height=&#8221;60px&#8221;][vc_row_inner][vc_column_inner width=&#8221;1\/6&#8243;][\/vc_column_inner][vc_column_inner width=&#8221;2\/3&#8243;][vc_images_carousel images=&#8221;1361,1362,1359,1353,1354,1355,1356,1357,1358&#8243; img_size=&#8221;full&#8221; autoplay=&#8221;yes&#8221;][\/vc_column_inner][vc_column_inner width=&#8221;1\/6&#8243;][\/vc_column_inner][\/vc_row_inner][\/vc_column][\/vc_row][vc_row][vc_column][vc_empty_space][\/vc_column][\/vc_row]\n","protected":false},"excerpt":{"rendered":"<p>[vc_row row_type=&#8221;3&#8243; blox_image=&#8221;1362&#8243; row_pattern=&#8221;max-pat&#8221;][vc_column][vc_empty_space height=&#8221;260px&#8221;][vc_column_text] FONAMENTACIONS F\u00c0BRICA DAMM DEL PRAT DE LLOBREGAT (ESPANYA, 2017) [\/vc_column_text][vc_empty_space height=&#8221;260px&#8221;][\/vc_column][\/vc_row][vc_row][vc_column][vc_empty_space height=&#8221;60px&#8221;][vc_row_inner][vc_column_inner width=&#8221;1\/2&#8243;][vc_column_text]L&#8217;empresa DAMM S.A. amplia la seva planta de producci\u00f3 al Prat de Llobregat (Barcelona) mitjan\u00e7ant la construcci\u00f3 d&#8217;una s\u00e8rie de tancs i instal\u00b7lacions auxiliars. El disseny d&#8217;aquests tancs\u00a0recolza sobre una llosa pilotada amb m\u00f2duls pantalla en un entorn geot\u00e8cnic quaternari.[\/vc_column_text][\/vc_column_inner][vc_column_inner width=&#8221;1\/2&#8243;][vc_column_text]L&#8217;experi\u00e8ncia en el disseny de fonamentacions de PRO&#8230; <\/p>\n<p><a class=\"readmore\" href=\"https:\/\/progeo-cga.com\/ca\/projectes\/millora-del-terreny-i-fonamentacions-especials-projectes\/fonamentacions-fabrica-damm-prat-llobregat\/\">Read More<\/a><\/p>\n","protected":false},"author":3,"featured_media":0,"parent":1675,"menu_order":2,"comment_status":"closed","ping_status":"closed","template":"","meta":{"footnotes":""},"class_list":["post-1442","page","type-page","status-publish","hentry"],"yoast_head":"<!-- This site is optimized with the Yoast SEO plugin v24.0 - https:\/\/yoast.com\/wordpress\/plugins\/seo\/ -->\n<title>FONAMENTACIONS F\u00c0BRICA DAMM | PRO GEO<\/title>\n<meta name=\"description\" content=\"PRO GEO Consultores Geot\u00e9cnicos realitza l&#039;an\u00e0lisi amb diferents opcions de la llosa de la F\u00e0brica Damm del Prat del LLobregat.\" \/>\n<meta name=\"robots\" content=\"index, follow, max-snippet:-1, max-image-preview:large, max-video-preview:-1\" \/>\n<link rel=\"canonical\" href=\"https:\/\/progeo-cga.com\/ca\/projectes\/millora-del-terreny-i-fonamentacions-especials-projectes\/fonamentacions-fabrica-damm-prat-llobregat\/\" \/>\n<meta property=\"og:locale\" content=\"ca_ES\" \/>\n<meta property=\"og:type\" content=\"article\" \/>\n<meta property=\"og:title\" content=\"FONAMENTACIONS F\u00c0BRICA DAMM | PRO GEO\" \/>\n<meta property=\"og:description\" content=\"PRO GEO Consultores Geot\u00e9cnicos realitza l&#039;an\u00e0lisi amb diferents opcions de la llosa de la F\u00e0brica Damm del Prat del LLobregat.\" \/>\n<meta property=\"og:url\" content=\"https:\/\/progeo-cga.com\/ca\/projectes\/millora-del-terreny-i-fonamentacions-especials-projectes\/fonamentacions-fabrica-damm-prat-llobregat\/\" \/>\n<meta property=\"og:site_name\" content=\"PRO GEO\" \/>\n<meta property=\"article:modified_time\" content=\"2017-12-18T08:43:49+00:00\" \/>\n<meta name=\"twitter:card\" content=\"summary_large_image\" \/>\n<meta name=\"twitter:label1\" content=\"Temps estimat de lectura\" \/>\n\t<meta name=\"twitter:data1\" content=\"1 minut\" \/>\n<script type=\"application\/ld+json\" class=\"yoast-schema-graph\">{\"@context\":\"https:\/\/schema.org\",\"@graph\":[{\"@type\":\"WebPage\",\"@id\":\"https:\/\/progeo-cga.com\/ca\/projectes\/millora-del-terreny-i-fonamentacions-especials-projectes\/fonamentacions-fabrica-damm-prat-llobregat\/\",\"url\":\"https:\/\/progeo-cga.com\/ca\/projectes\/millora-del-terreny-i-fonamentacions-especials-projectes\/fonamentacions-fabrica-damm-prat-llobregat\/\",\"name\":\"FONAMENTACIONS F\u00c0BRICA DAMM | PRO GEO\",\"isPartOf\":{\"@id\":\"https:\/\/progeo-cga.com\/#website\"},\"datePublished\":\"2017-12-14T16:40:12+00:00\",\"dateModified\":\"2017-12-18T08:43:49+00:00\",\"description\":\"PRO GEO Consultores Geot\u00e9cnicos realitza l'an\u00e0lisi amb diferents opcions de la llosa de la F\u00e0brica Damm del Prat del LLobregat.\",\"breadcrumb\":{\"@id\":\"https:\/\/progeo-cga.com\/ca\/projectes\/millora-del-terreny-i-fonamentacions-especials-projectes\/fonamentacions-fabrica-damm-prat-llobregat\/#breadcrumb\"},\"inLanguage\":\"ca\",\"potentialAction\":[{\"@type\":\"ReadAction\",\"target\":[\"https:\/\/progeo-cga.com\/ca\/projectes\/millora-del-terreny-i-fonamentacions-especials-projectes\/fonamentacions-fabrica-damm-prat-llobregat\/\"]}]},{\"@type\":\"BreadcrumbList\",\"@id\":\"https:\/\/progeo-cga.com\/ca\/projectes\/millora-del-terreny-i-fonamentacions-especials-projectes\/fonamentacions-fabrica-damm-prat-llobregat\/#breadcrumb\",\"itemListElement\":[{\"@type\":\"ListItem\",\"position\":1,\"name\":\"Home\",\"item\":\"https:\/\/progeo-cga.com\/ca\/\"},{\"@type\":\"ListItem\",\"position\":2,\"name\":\"Projectes\",\"item\":\"https:\/\/progeo-cga.com\/ca\/projectes\/\"},{\"@type\":\"ListItem\",\"position\":3,\"name\":\"MILLORA DEL TERRENY I FONAMENTACIONS ESPECIALS &#8211; PROJECTES\",\"item\":\"https:\/\/progeo-cga.com\/ca\/projectes\/millora-del-terreny-i-fonamentacions-especials-projectes\/\"},{\"@type\":\"ListItem\",\"position\":4,\"name\":\"FONAMENTACIONS F\u00c0BRICA DAMM, ESPANYA\"}]},{\"@type\":\"WebSite\",\"@id\":\"https:\/\/progeo-cga.com\/#website\",\"url\":\"https:\/\/progeo-cga.com\/\",\"name\":\"PRO GEO\",\"description\":\"GEOTECHNICAL CONSULTANTS\",\"potentialAction\":[{\"@type\":\"SearchAction\",\"target\":{\"@type\":\"EntryPoint\",\"urlTemplate\":\"https:\/\/progeo-cga.com\/?s={search_term_string}\"},\"query-input\":{\"@type\":\"PropertyValueSpecification\",\"valueRequired\":true,\"valueName\":\"search_term_string\"}}],\"inLanguage\":\"ca\"}]}<\/script>\n<!-- \/ Yoast SEO plugin. -->","yoast_head_json":{"title":"FONAMENTACIONS F\u00c0BRICA DAMM | PRO GEO","description":"PRO GEO Consultores Geot\u00e9cnicos realitza l'an\u00e0lisi amb diferents opcions de la llosa de la F\u00e0brica Damm del Prat del LLobregat.","robots":{"index":"index","follow":"follow","max-snippet":"max-snippet:-1","max-image-preview":"max-image-preview:large","max-video-preview":"max-video-preview:-1"},"canonical":"https:\/\/progeo-cga.com\/ca\/projectes\/millora-del-terreny-i-fonamentacions-especials-projectes\/fonamentacions-fabrica-damm-prat-llobregat\/","og_locale":"ca_ES","og_type":"article","og_title":"FONAMENTACIONS F\u00c0BRICA DAMM | PRO GEO","og_description":"PRO GEO Consultores Geot\u00e9cnicos realitza l'an\u00e0lisi amb diferents opcions de la llosa de la F\u00e0brica Damm del Prat del LLobregat.","og_url":"https:\/\/progeo-cga.com\/ca\/projectes\/millora-del-terreny-i-fonamentacions-especials-projectes\/fonamentacions-fabrica-damm-prat-llobregat\/","og_site_name":"PRO GEO","article_modified_time":"2017-12-18T08:43:49+00:00","twitter_card":"summary_large_image","twitter_misc":{"Temps estimat de lectura":"1 minut"},"schema":{"@context":"https:\/\/schema.org","@graph":[{"@type":"WebPage","@id":"https:\/\/progeo-cga.com\/ca\/projectes\/millora-del-terreny-i-fonamentacions-especials-projectes\/fonamentacions-fabrica-damm-prat-llobregat\/","url":"https:\/\/progeo-cga.com\/ca\/projectes\/millora-del-terreny-i-fonamentacions-especials-projectes\/fonamentacions-fabrica-damm-prat-llobregat\/","name":"FONAMENTACIONS F\u00c0BRICA DAMM | PRO GEO","isPartOf":{"@id":"https:\/\/progeo-cga.com\/#website"},"datePublished":"2017-12-14T16:40:12+00:00","dateModified":"2017-12-18T08:43:49+00:00","description":"PRO GEO Consultores Geot\u00e9cnicos realitza l'an\u00e0lisi amb diferents opcions de la llosa de la F\u00e0brica Damm del Prat del LLobregat.","breadcrumb":{"@id":"https:\/\/progeo-cga.com\/ca\/projectes\/millora-del-terreny-i-fonamentacions-especials-projectes\/fonamentacions-fabrica-damm-prat-llobregat\/#breadcrumb"},"inLanguage":"ca","potentialAction":[{"@type":"ReadAction","target":["https:\/\/progeo-cga.com\/ca\/projectes\/millora-del-terreny-i-fonamentacions-especials-projectes\/fonamentacions-fabrica-damm-prat-llobregat\/"]}]},{"@type":"BreadcrumbList","@id":"https:\/\/progeo-cga.com\/ca\/projectes\/millora-del-terreny-i-fonamentacions-especials-projectes\/fonamentacions-fabrica-damm-prat-llobregat\/#breadcrumb","itemListElement":[{"@type":"ListItem","position":1,"name":"Home","item":"https:\/\/progeo-cga.com\/ca\/"},{"@type":"ListItem","position":2,"name":"Projectes","item":"https:\/\/progeo-cga.com\/ca\/projectes\/"},{"@type":"ListItem","position":3,"name":"MILLORA DEL TERRENY I FONAMENTACIONS ESPECIALS &#8211; PROJECTES","item":"https:\/\/progeo-cga.com\/ca\/projectes\/millora-del-terreny-i-fonamentacions-especials-projectes\/"},{"@type":"ListItem","position":4,"name":"FONAMENTACIONS F\u00c0BRICA DAMM, ESPANYA"}]},{"@type":"WebSite","@id":"https:\/\/progeo-cga.com\/#website","url":"https:\/\/progeo-cga.com\/","name":"PRO GEO","description":"GEOTECHNICAL CONSULTANTS","potentialAction":[{"@type":"SearchAction","target":{"@type":"EntryPoint","urlTemplate":"https:\/\/progeo-cga.com\/?s={search_term_string}"},"query-input":{"@type":"PropertyValueSpecification","valueRequired":true,"valueName":"search_term_string"}}],"inLanguage":"ca"}]}},"_links":{"self":[{"href":"https:\/\/progeo-cga.com\/ca\/wp-json\/wp\/v2\/pages\/1442","targetHints":{"allow":["GET"]}}],"collection":[{"href":"https:\/\/progeo-cga.com\/ca\/wp-json\/wp\/v2\/pages"}],"about":[{"href":"https:\/\/progeo-cga.com\/ca\/wp-json\/wp\/v2\/types\/page"}],"author":[{"embeddable":true,"href":"https:\/\/progeo-cga.com\/ca\/wp-json\/wp\/v2\/users\/3"}],"replies":[{"embeddable":true,"href":"https:\/\/progeo-cga.com\/ca\/wp-json\/wp\/v2\/comments?post=1442"}],"version-history":[{"count":5,"href":"https:\/\/progeo-cga.com\/ca\/wp-json\/wp\/v2\/pages\/1442\/revisions"}],"predecessor-version":[{"id":1481,"href":"https:\/\/progeo-cga.com\/ca\/wp-json\/wp\/v2\/pages\/1442\/revisions\/1481"}],"up":[{"embeddable":true,"href":"https:\/\/progeo-cga.com\/ca\/wp-json\/wp\/v2\/pages\/1675"}],"wp:attachment":[{"href":"https:\/\/progeo-cga.com\/ca\/wp-json\/wp\/v2\/media?parent=1442"}],"curies":[{"name":"wp","href":"https:\/\/api.w.org\/{rel}","templated":true}]}}