{"id":1428,"date":"2017-12-15T13:10:00","date_gmt":"2017-12-15T13:10:00","guid":{"rendered":"http:\/\/progeo-cga.com\/?page_id=1428\/"},"modified":"2017-12-18T08:35:43","modified_gmt":"2017-12-18T08:35:43","slug":"fonamentacions-nau-de-vestas-vilafranca","status":"publish","type":"page","link":"https:\/\/progeo-cga.com\/ca\/projectes\/millora-del-terreny-i-fonamentacions-especials-projectes\/fonamentacions-nau-de-vestas-vilafranca\/","title":{"rendered":"FONAMENTACIONS NAU DE VESTAS, ESPANYA"},"content":{"rendered":"[vc_row row_type=&#8221;3&#8243; blox_image=&#8221;1344&#8243; row_pattern=&#8221;max-pat&#8221;][vc_column][vc_empty_space height=&#8221;260px&#8221;][vc_column_text]\n<p class=\"head-nosotros\">FONAMENTACIONS NAU DE VESTAS A VILAFRANCA DEL PENED\u00c8S (ESPANYA, 2017)<\/p>\n[\/vc_column_text][vc_empty_space height=&#8221;260px&#8221;][\/vc_column][\/vc_row][vc_row][vc_column][vc_empty_space height=&#8221;60px&#8221;][vc_row_inner][vc_column_inner width=&#8221;1\/2&#8243;][vc_column_text]L&#8217;empresa Vestas amplia la seva planta de producci\u00f3 situada a Vilafranca del Pened\u00e8s (Barcelona)\u00a0per a la instal\u00b7laci\u00f3 d&#8217;una m\u00e0quina de precisi\u00f3.<\/p>\n<p>Aquesta m\u00e0quina \u00e9s especialment sensible a les vibracions, de manera que va ser necessari dissenyar una fonamentaci\u00f3 especial que l&#8217;a\u00efll\u00e9s evitant que es vei\u00e9s afectada per les vibracions generades per la resta de maquinaria de la nau.[\/vc_column_text][\/vc_column_inner][vc_column_inner width=&#8221;1\/2&#8243;][vc_column_text]<strong>L&#8217;experi\u00e8ncia de PRO GEO<\/strong>\u00a0ha perm\u00e8s realitzar els seg\u00fcents aspectes:<\/p>\n<ul>\n<li>An\u00e0lisi de la campanya geot\u00e8cnica.<\/li>\n<li>Modelitzaci\u00f3 geomec\u00e0nica 2D i 3D de la planta amb diferents hip\u00f2tesis.<\/li>\n<li>Avaluaci\u00f3 de les vibracions a tots els punts de la planta.<\/li>\n<li>Disseny de la fonamentaci\u00f3 per a la m\u00e0quina de precisi\u00f3.<\/li>\n<li>Direcci\u00f3 facultativa de les obres.<\/li>\n<\/ul>\n[\/vc_column_text][\/vc_column_inner][\/vc_row_inner][vc_empty_space height=&#8221;60px&#8221;][vc_row_inner][vc_column_inner width=&#8221;1\/6&#8243;][\/vc_column_inner][vc_column_inner width=&#8221;2\/3&#8243;][vc_images_carousel images=&#8221;1328,1324,1325,1326,1327,1330,1331,1329&#8243; img_size=&#8221;full&#8221; autoplay=&#8221;yes&#8221;][\/vc_column_inner][vc_column_inner width=&#8221;1\/6&#8243;][\/vc_column_inner][\/vc_row_inner][\/vc_column][\/vc_row][vc_row][vc_column][vc_empty_space][\/vc_column][\/vc_row]\n","protected":false},"excerpt":{"rendered":"<p>[vc_row row_type=&#8221;3&#8243; blox_image=&#8221;1344&#8243; row_pattern=&#8221;max-pat&#8221;][vc_column][vc_empty_space height=&#8221;260px&#8221;][vc_column_text] FONAMENTACIONS NAU DE VESTAS A VILAFRANCA DEL PENED\u00c8S (ESPANYA, 2017) [\/vc_column_text][vc_empty_space height=&#8221;260px&#8221;][\/vc_column][\/vc_row][vc_row][vc_column][vc_empty_space height=&#8221;60px&#8221;][vc_row_inner][vc_column_inner width=&#8221;1\/2&#8243;][vc_column_text]L&#8217;empresa Vestas amplia la seva planta de producci\u00f3 situada a Vilafranca del Pened\u00e8s (Barcelona)\u00a0per a la instal\u00b7laci\u00f3 d&#8217;una m\u00e0quina de precisi\u00f3. Aquesta m\u00e0quina \u00e9s especialment sensible a les vibracions, de manera que va ser necessari dissenyar una fonamentaci\u00f3 especial que l&#8217;a\u00efll\u00e9s evitant que es vei\u00e9s afectada per&#8230; <\/p>\n<p><a class=\"readmore\" href=\"https:\/\/progeo-cga.com\/ca\/projectes\/millora-del-terreny-i-fonamentacions-especials-projectes\/fonamentacions-nau-de-vestas-vilafranca\/\">Read More<\/a><\/p>\n","protected":false},"author":3,"featured_media":0,"parent":1675,"menu_order":0,"comment_status":"closed","ping_status":"closed","template":"","meta":{"footnotes":""},"class_list":["post-1428","page","type-page","status-publish","hentry"],"yoast_head":"<!-- This site is optimized with the Yoast SEO plugin v24.0 - https:\/\/yoast.com\/wordpress\/plugins\/seo\/ -->\n<title>FONAMENTACIONS NAU DE VESTAS VILAFRANCA DEL PENED\u00c8S | PRO GEO<\/title>\n<meta name=\"description\" content=\"PRO GEO Geotechnical Consultants ha dissenyat les fonamentacions nau de Vestas a Vilafranca del Pened\u00e8s per a la instal\u00b7laci\u00f3 d&#039;una m\u00e0quina de precisi\u00f3.\" \/>\n<meta name=\"robots\" content=\"index, follow, max-snippet:-1, max-image-preview:large, max-video-preview:-1\" \/>\n<link rel=\"canonical\" href=\"https:\/\/progeo-cga.com\/ca\/projectes\/millora-del-terreny-i-fonamentacions-especials-projectes\/fonamentacions-nau-de-vestas-vilafranca\/\" \/>\n<meta property=\"og:locale\" content=\"ca_ES\" \/>\n<meta property=\"og:type\" content=\"article\" \/>\n<meta property=\"og:title\" content=\"FONAMENTACIONS NAU DE VESTAS VILAFRANCA DEL PENED\u00c8S | PRO GEO\" \/>\n<meta property=\"og:description\" content=\"PRO GEO Geotechnical Consultants ha dissenyat les fonamentacions nau de Vestas a Vilafranca del Pened\u00e8s per a la instal\u00b7laci\u00f3 d&#039;una m\u00e0quina de precisi\u00f3.\" \/>\n<meta property=\"og:url\" content=\"https:\/\/progeo-cga.com\/ca\/projectes\/millora-del-terreny-i-fonamentacions-especials-projectes\/fonamentacions-nau-de-vestas-vilafranca\/\" \/>\n<meta property=\"og:site_name\" content=\"PRO GEO\" \/>\n<meta property=\"article:modified_time\" content=\"2017-12-18T08:35:43+00:00\" \/>\n<meta name=\"twitter:card\" content=\"summary_large_image\" \/>\n<meta name=\"twitter:label1\" content=\"Temps estimat de lectura\" \/>\n\t<meta name=\"twitter:data1\" content=\"1 minut\" \/>\n<script type=\"application\/ld+json\" class=\"yoast-schema-graph\">{\"@context\":\"https:\/\/schema.org\",\"@graph\":[{\"@type\":\"WebPage\",\"@id\":\"https:\/\/progeo-cga.com\/ca\/projectes\/millora-del-terreny-i-fonamentacions-especials-projectes\/fonamentacions-nau-de-vestas-vilafranca\/\",\"url\":\"https:\/\/progeo-cga.com\/ca\/projectes\/millora-del-terreny-i-fonamentacions-especials-projectes\/fonamentacions-nau-de-vestas-vilafranca\/\",\"name\":\"FONAMENTACIONS NAU DE VESTAS VILAFRANCA DEL PENED\u00c8S | PRO GEO\",\"isPartOf\":{\"@id\":\"https:\/\/progeo-cga.com\/#website\"},\"datePublished\":\"2017-12-15T13:10:00+00:00\",\"dateModified\":\"2017-12-18T08:35:43+00:00\",\"description\":\"PRO GEO Geotechnical Consultants ha dissenyat les fonamentacions nau de Vestas a Vilafranca del Pened\u00e8s per a la instal\u00b7laci\u00f3 d'una m\u00e0quina de precisi\u00f3.\",\"breadcrumb\":{\"@id\":\"https:\/\/progeo-cga.com\/ca\/projectes\/millora-del-terreny-i-fonamentacions-especials-projectes\/fonamentacions-nau-de-vestas-vilafranca\/#breadcrumb\"},\"inLanguage\":\"ca\",\"potentialAction\":[{\"@type\":\"ReadAction\",\"target\":[\"https:\/\/progeo-cga.com\/ca\/projectes\/millora-del-terreny-i-fonamentacions-especials-projectes\/fonamentacions-nau-de-vestas-vilafranca\/\"]}]},{\"@type\":\"BreadcrumbList\",\"@id\":\"https:\/\/progeo-cga.com\/ca\/projectes\/millora-del-terreny-i-fonamentacions-especials-projectes\/fonamentacions-nau-de-vestas-vilafranca\/#breadcrumb\",\"itemListElement\":[{\"@type\":\"ListItem\",\"position\":1,\"name\":\"Home\",\"item\":\"https:\/\/progeo-cga.com\/ca\/\"},{\"@type\":\"ListItem\",\"position\":2,\"name\":\"Projectes\",\"item\":\"https:\/\/progeo-cga.com\/ca\/projectes\/\"},{\"@type\":\"ListItem\",\"position\":3,\"name\":\"MILLORA DEL TERRENY I FONAMENTACIONS ESPECIALS &#8211; PROJECTES\",\"item\":\"https:\/\/progeo-cga.com\/ca\/projectes\/millora-del-terreny-i-fonamentacions-especials-projectes\/\"},{\"@type\":\"ListItem\",\"position\":4,\"name\":\"FONAMENTACIONS NAU DE VESTAS, ESPANYA\"}]},{\"@type\":\"WebSite\",\"@id\":\"https:\/\/progeo-cga.com\/#website\",\"url\":\"https:\/\/progeo-cga.com\/\",\"name\":\"PRO GEO\",\"description\":\"GEOTECHNICAL CONSULTANTS\",\"potentialAction\":[{\"@type\":\"SearchAction\",\"target\":{\"@type\":\"EntryPoint\",\"urlTemplate\":\"https:\/\/progeo-cga.com\/?s={search_term_string}\"},\"query-input\":{\"@type\":\"PropertyValueSpecification\",\"valueRequired\":true,\"valueName\":\"search_term_string\"}}],\"inLanguage\":\"ca\"}]}<\/script>\n<!-- \/ Yoast SEO plugin. -->","yoast_head_json":{"title":"FONAMENTACIONS NAU DE VESTAS VILAFRANCA DEL PENED\u00c8S | PRO GEO","description":"PRO GEO Geotechnical Consultants ha dissenyat les fonamentacions nau de Vestas a Vilafranca del Pened\u00e8s per a la instal\u00b7laci\u00f3 d'una m\u00e0quina de precisi\u00f3.","robots":{"index":"index","follow":"follow","max-snippet":"max-snippet:-1","max-image-preview":"max-image-preview:large","max-video-preview":"max-video-preview:-1"},"canonical":"https:\/\/progeo-cga.com\/ca\/projectes\/millora-del-terreny-i-fonamentacions-especials-projectes\/fonamentacions-nau-de-vestas-vilafranca\/","og_locale":"ca_ES","og_type":"article","og_title":"FONAMENTACIONS NAU DE VESTAS VILAFRANCA DEL PENED\u00c8S | PRO GEO","og_description":"PRO GEO Geotechnical Consultants ha dissenyat les fonamentacions nau de Vestas a Vilafranca del Pened\u00e8s per a la instal\u00b7laci\u00f3 d'una m\u00e0quina de precisi\u00f3.","og_url":"https:\/\/progeo-cga.com\/ca\/projectes\/millora-del-terreny-i-fonamentacions-especials-projectes\/fonamentacions-nau-de-vestas-vilafranca\/","og_site_name":"PRO GEO","article_modified_time":"2017-12-18T08:35:43+00:00","twitter_card":"summary_large_image","twitter_misc":{"Temps estimat de lectura":"1 minut"},"schema":{"@context":"https:\/\/schema.org","@graph":[{"@type":"WebPage","@id":"https:\/\/progeo-cga.com\/ca\/projectes\/millora-del-terreny-i-fonamentacions-especials-projectes\/fonamentacions-nau-de-vestas-vilafranca\/","url":"https:\/\/progeo-cga.com\/ca\/projectes\/millora-del-terreny-i-fonamentacions-especials-projectes\/fonamentacions-nau-de-vestas-vilafranca\/","name":"FONAMENTACIONS NAU DE VESTAS VILAFRANCA DEL PENED\u00c8S | PRO GEO","isPartOf":{"@id":"https:\/\/progeo-cga.com\/#website"},"datePublished":"2017-12-15T13:10:00+00:00","dateModified":"2017-12-18T08:35:43+00:00","description":"PRO GEO Geotechnical Consultants ha dissenyat les fonamentacions nau de Vestas a Vilafranca del Pened\u00e8s per a la instal\u00b7laci\u00f3 d'una m\u00e0quina de precisi\u00f3.","breadcrumb":{"@id":"https:\/\/progeo-cga.com\/ca\/projectes\/millora-del-terreny-i-fonamentacions-especials-projectes\/fonamentacions-nau-de-vestas-vilafranca\/#breadcrumb"},"inLanguage":"ca","potentialAction":[{"@type":"ReadAction","target":["https:\/\/progeo-cga.com\/ca\/projectes\/millora-del-terreny-i-fonamentacions-especials-projectes\/fonamentacions-nau-de-vestas-vilafranca\/"]}]},{"@type":"BreadcrumbList","@id":"https:\/\/progeo-cga.com\/ca\/projectes\/millora-del-terreny-i-fonamentacions-especials-projectes\/fonamentacions-nau-de-vestas-vilafranca\/#breadcrumb","itemListElement":[{"@type":"ListItem","position":1,"name":"Home","item":"https:\/\/progeo-cga.com\/ca\/"},{"@type":"ListItem","position":2,"name":"Projectes","item":"https:\/\/progeo-cga.com\/ca\/projectes\/"},{"@type":"ListItem","position":3,"name":"MILLORA DEL TERRENY I FONAMENTACIONS ESPECIALS &#8211; PROJECTES","item":"https:\/\/progeo-cga.com\/ca\/projectes\/millora-del-terreny-i-fonamentacions-especials-projectes\/"},{"@type":"ListItem","position":4,"name":"FONAMENTACIONS NAU DE VESTAS, ESPANYA"}]},{"@type":"WebSite","@id":"https:\/\/progeo-cga.com\/#website","url":"https:\/\/progeo-cga.com\/","name":"PRO GEO","description":"GEOTECHNICAL CONSULTANTS","potentialAction":[{"@type":"SearchAction","target":{"@type":"EntryPoint","urlTemplate":"https:\/\/progeo-cga.com\/?s={search_term_string}"},"query-input":{"@type":"PropertyValueSpecification","valueRequired":true,"valueName":"search_term_string"}}],"inLanguage":"ca"}]}},"_links":{"self":[{"href":"https:\/\/progeo-cga.com\/ca\/wp-json\/wp\/v2\/pages\/1428","targetHints":{"allow":["GET"]}}],"collection":[{"href":"https:\/\/progeo-cga.com\/ca\/wp-json\/wp\/v2\/pages"}],"about":[{"href":"https:\/\/progeo-cga.com\/ca\/wp-json\/wp\/v2\/types\/page"}],"author":[{"embeddable":true,"href":"https:\/\/progeo-cga.com\/ca\/wp-json\/wp\/v2\/users\/3"}],"replies":[{"embeddable":true,"href":"https:\/\/progeo-cga.com\/ca\/wp-json\/wp\/v2\/comments?post=1428"}],"version-history":[{"count":5,"href":"https:\/\/progeo-cga.com\/ca\/wp-json\/wp\/v2\/pages\/1428\/revisions"}],"predecessor-version":[{"id":1477,"href":"https:\/\/progeo-cga.com\/ca\/wp-json\/wp\/v2\/pages\/1428\/revisions\/1477"}],"up":[{"embeddable":true,"href":"https:\/\/progeo-cga.com\/ca\/wp-json\/wp\/v2\/pages\/1675"}],"wp:attachment":[{"href":"https:\/\/progeo-cga.com\/ca\/wp-json\/wp\/v2\/media?parent=1428"}],"curies":[{"name":"wp","href":"https:\/\/api.w.org\/{rel}","templated":true}]}}