{"id":1412,"date":"2017-12-14T10:43:55","date_gmt":"2017-12-14T10:43:55","guid":{"rendered":"http:\/\/progeo-cga.com\/mina-de-tungsteno-barruecopardo\/"},"modified":"2017-12-18T08:50:48","modified_gmt":"2017-12-18T08:50:48","slug":"mina-de-tungste-barruecopardo","status":"publish","type":"page","link":"https:\/\/progeo-cga.com\/ca\/projectes\/millora-del-terreny-i-fonamentacions-especials-projectes\/mina-de-tungste-barruecopardo\/","title":{"rendered":"FONAMENTACIONS MINA TUNGST\u00c8, ESPANYA"},"content":{"rendered":"[vc_row row_type=&#8221;3&#8243; blox_image=&#8221;1347&#8243; row_pattern=&#8221;max-pat&#8221;][vc_column][vc_empty_space height=&#8221;260px&#8221;][vc_column_text]\n<p class=\"head-nosotros\">FONAMENTACIONS MINA DE TUNGST\u00c8 A BARRUECOPARDO (SALAMANCA &#8211; ESPANYA, 2017)<\/p>\n[\/vc_column_text][vc_empty_space height=&#8221;260px&#8221;][\/vc_column][\/vc_row][vc_row][vc_column][vc_empty_space height=&#8221;60px&#8221;][vc_row_inner][vc_column_inner width=&#8221;1\/2&#8243;][vc_column_text]La mina de tungst\u00e8 de Barruecopardo se situa al municipi de Barruecopardo, a la prov\u00edncia de Salamanca (Espanya). La mina se situa a 2.5 km al Sud de la poblaci\u00f3 en q\u00fcesti\u00f3.<\/p>\n<p>Es construir\u00e0 una nova instal\u00b7laci\u00f3 per a l&#8217;extracci\u00f3 del mineral. Aquesta instal\u00b7laci\u00f3 requereix la construcci\u00f3 d&#8217;unes instal\u00b7lacions d&#8217;extracci\u00f3 i tractament de materials.[\/vc_column_text][\/vc_column_inner][vc_column_inner width=&#8221;1\/2&#8243;][vc_column_text]<strong>L&#8217;experi\u00e8ncia de PRO GEO<\/strong>\u00a0ha ajudat al nostre client en el disseny geot\u00e8cnic i estructural de les fonamentacions d&#8217;una art del projecte de la mina. Concretament, PRO GEO ha dissenyat les sabates i les lloses de formig\u00f3 armat realitzant, entre altres, models geomec\u00e0nics tridimensionals. D&#8217;aquesta manera, PRO GEO, ha porta a terme el disseny i supervisi\u00f3 de la campanya geot\u00e8cnica complementaria.[\/vc_column_text][\/vc_column_inner][\/vc_row_inner][vc_empty_space height=&#8221;60px&#8221;][vc_row_inner][vc_column_inner width=&#8221;1\/6&#8243;][\/vc_column_inner][vc_column_inner width=&#8221;2\/3&#8243;][vc_images_carousel images=&#8221;1318,1301,1298,1297,1296,1313,1314,1317,1315,1316&#8243; img_size=&#8221;full&#8221; autoplay=&#8221;yes&#8221;][\/vc_column_inner][vc_column_inner width=&#8221;1\/6&#8243;][\/vc_column_inner][\/vc_row_inner][\/vc_column][\/vc_row][vc_row][vc_column][vc_empty_space][\/vc_column][\/vc_row]\n","protected":false},"excerpt":{"rendered":"<p>[vc_row row_type=&#8221;3&#8243; blox_image=&#8221;1347&#8243; row_pattern=&#8221;max-pat&#8221;][vc_column][vc_empty_space height=&#8221;260px&#8221;][vc_column_text] FONAMENTACIONS MINA DE TUNGST\u00c8 A BARRUECOPARDO (SALAMANCA &#8211; ESPANYA, 2017) [\/vc_column_text][vc_empty_space height=&#8221;260px&#8221;][\/vc_column][\/vc_row][vc_row][vc_column][vc_empty_space height=&#8221;60px&#8221;][vc_row_inner][vc_column_inner width=&#8221;1\/2&#8243;][vc_column_text]La mina de tungst\u00e8 de Barruecopardo se situa al municipi de Barruecopardo, a la prov\u00edncia de Salamanca (Espanya). La mina se situa a 2.5 km al Sud de la poblaci\u00f3 en q\u00fcesti\u00f3. Es construir\u00e0 una nova instal\u00b7laci\u00f3 per a l&#8217;extracci\u00f3 del mineral. Aquesta instal\u00b7laci\u00f3 requereix la construcci\u00f3&#8230; <\/p>\n<p><a class=\"readmore\" href=\"https:\/\/progeo-cga.com\/ca\/projectes\/millora-del-terreny-i-fonamentacions-especials-projectes\/mina-de-tungste-barruecopardo\/\">Read More<\/a><\/p>\n","protected":false},"author":3,"featured_media":0,"parent":1675,"menu_order":4,"comment_status":"closed","ping_status":"closed","template":"","meta":{"footnotes":""},"class_list":["post-1412","page","type-page","status-publish","hentry"],"yoast_head":"<!-- This site is optimized with the Yoast SEO plugin v24.0 - https:\/\/yoast.com\/wordpress\/plugins\/seo\/ -->\n<title>Fonamentacions mina de Tungst\u00e8 Barruecopardo, Espanya | PRO GEO<\/title>\n<meta name=\"description\" content=\"PRO GEO ha realitzat el disseny estructural i geot\u00e8cnic de les fonamentacions de la mina de tungst\u00e8 de Barruecopardo (Salamanca - Espanya)\" \/>\n<meta name=\"robots\" content=\"index, follow, max-snippet:-1, max-image-preview:large, max-video-preview:-1\" \/>\n<link rel=\"canonical\" href=\"https:\/\/progeo-cga.com\/ca\/projectes\/millora-del-terreny-i-fonamentacions-especials-projectes\/mina-de-tungste-barruecopardo\/\" \/>\n<meta property=\"og:locale\" content=\"ca_ES\" \/>\n<meta property=\"og:type\" content=\"article\" \/>\n<meta property=\"og:title\" content=\"Fonamentacions mina de Tungst\u00e8 Barruecopardo, Espanya | PRO GEO\" \/>\n<meta property=\"og:description\" content=\"PRO GEO ha realitzat el disseny estructural i geot\u00e8cnic de les fonamentacions de la mina de tungst\u00e8 de Barruecopardo (Salamanca - Espanya)\" \/>\n<meta property=\"og:url\" content=\"https:\/\/progeo-cga.com\/ca\/projectes\/millora-del-terreny-i-fonamentacions-especials-projectes\/mina-de-tungste-barruecopardo\/\" \/>\n<meta property=\"og:site_name\" content=\"PRO GEO\" \/>\n<meta property=\"article:modified_time\" content=\"2017-12-18T08:50:48+00:00\" \/>\n<meta name=\"twitter:card\" content=\"summary_large_image\" \/>\n<meta name=\"twitter:label1\" content=\"Temps estimat de lectura\" \/>\n\t<meta name=\"twitter:data1\" content=\"1 minut\" \/>\n<script type=\"application\/ld+json\" class=\"yoast-schema-graph\">{\"@context\":\"https:\/\/schema.org\",\"@graph\":[{\"@type\":\"WebPage\",\"@id\":\"https:\/\/progeo-cga.com\/ca\/projectes\/millora-del-terreny-i-fonamentacions-especials-projectes\/mina-de-tungste-barruecopardo\/\",\"url\":\"https:\/\/progeo-cga.com\/ca\/projectes\/millora-del-terreny-i-fonamentacions-especials-projectes\/mina-de-tungste-barruecopardo\/\",\"name\":\"Fonamentacions mina de Tungst\u00e8 Barruecopardo, Espanya | PRO GEO\",\"isPartOf\":{\"@id\":\"https:\/\/progeo-cga.com\/#website\"},\"datePublished\":\"2017-12-14T10:43:55+00:00\",\"dateModified\":\"2017-12-18T08:50:48+00:00\",\"description\":\"PRO GEO ha realitzat el disseny estructural i geot\u00e8cnic de les fonamentacions de la mina de tungst\u00e8 de Barruecopardo (Salamanca - Espanya)\",\"breadcrumb\":{\"@id\":\"https:\/\/progeo-cga.com\/ca\/projectes\/millora-del-terreny-i-fonamentacions-especials-projectes\/mina-de-tungste-barruecopardo\/#breadcrumb\"},\"inLanguage\":\"ca\",\"potentialAction\":[{\"@type\":\"ReadAction\",\"target\":[\"https:\/\/progeo-cga.com\/ca\/projectes\/millora-del-terreny-i-fonamentacions-especials-projectes\/mina-de-tungste-barruecopardo\/\"]}]},{\"@type\":\"BreadcrumbList\",\"@id\":\"https:\/\/progeo-cga.com\/ca\/projectes\/millora-del-terreny-i-fonamentacions-especials-projectes\/mina-de-tungste-barruecopardo\/#breadcrumb\",\"itemListElement\":[{\"@type\":\"ListItem\",\"position\":1,\"name\":\"Home\",\"item\":\"https:\/\/progeo-cga.com\/ca\/\"},{\"@type\":\"ListItem\",\"position\":2,\"name\":\"Projectes\",\"item\":\"https:\/\/progeo-cga.com\/ca\/projectes\/\"},{\"@type\":\"ListItem\",\"position\":3,\"name\":\"MILLORA DEL TERRENY I FONAMENTACIONS ESPECIALS &#8211; PROJECTES\",\"item\":\"https:\/\/progeo-cga.com\/ca\/projectes\/millora-del-terreny-i-fonamentacions-especials-projectes\/\"},{\"@type\":\"ListItem\",\"position\":4,\"name\":\"FONAMENTACIONS MINA TUNGST\u00c8, ESPANYA\"}]},{\"@type\":\"WebSite\",\"@id\":\"https:\/\/progeo-cga.com\/#website\",\"url\":\"https:\/\/progeo-cga.com\/\",\"name\":\"PRO GEO\",\"description\":\"GEOTECHNICAL CONSULTANTS\",\"potentialAction\":[{\"@type\":\"SearchAction\",\"target\":{\"@type\":\"EntryPoint\",\"urlTemplate\":\"https:\/\/progeo-cga.com\/?s={search_term_string}\"},\"query-input\":{\"@type\":\"PropertyValueSpecification\",\"valueRequired\":true,\"valueName\":\"search_term_string\"}}],\"inLanguage\":\"ca\"}]}<\/script>\n<!-- \/ Yoast SEO plugin. -->","yoast_head_json":{"title":"Fonamentacions mina de Tungst\u00e8 Barruecopardo, Espanya | PRO GEO","description":"PRO GEO ha realitzat el disseny estructural i geot\u00e8cnic de les fonamentacions de la mina de tungst\u00e8 de Barruecopardo (Salamanca - Espanya)","robots":{"index":"index","follow":"follow","max-snippet":"max-snippet:-1","max-image-preview":"max-image-preview:large","max-video-preview":"max-video-preview:-1"},"canonical":"https:\/\/progeo-cga.com\/ca\/projectes\/millora-del-terreny-i-fonamentacions-especials-projectes\/mina-de-tungste-barruecopardo\/","og_locale":"ca_ES","og_type":"article","og_title":"Fonamentacions mina de Tungst\u00e8 Barruecopardo, Espanya | PRO GEO","og_description":"PRO GEO ha realitzat el disseny estructural i geot\u00e8cnic de les fonamentacions de la mina de tungst\u00e8 de Barruecopardo (Salamanca - Espanya)","og_url":"https:\/\/progeo-cga.com\/ca\/projectes\/millora-del-terreny-i-fonamentacions-especials-projectes\/mina-de-tungste-barruecopardo\/","og_site_name":"PRO GEO","article_modified_time":"2017-12-18T08:50:48+00:00","twitter_card":"summary_large_image","twitter_misc":{"Temps estimat de lectura":"1 minut"},"schema":{"@context":"https:\/\/schema.org","@graph":[{"@type":"WebPage","@id":"https:\/\/progeo-cga.com\/ca\/projectes\/millora-del-terreny-i-fonamentacions-especials-projectes\/mina-de-tungste-barruecopardo\/","url":"https:\/\/progeo-cga.com\/ca\/projectes\/millora-del-terreny-i-fonamentacions-especials-projectes\/mina-de-tungste-barruecopardo\/","name":"Fonamentacions mina de Tungst\u00e8 Barruecopardo, Espanya | PRO GEO","isPartOf":{"@id":"https:\/\/progeo-cga.com\/#website"},"datePublished":"2017-12-14T10:43:55+00:00","dateModified":"2017-12-18T08:50:48+00:00","description":"PRO GEO ha realitzat el disseny estructural i geot\u00e8cnic de les fonamentacions de la mina de tungst\u00e8 de Barruecopardo (Salamanca - Espanya)","breadcrumb":{"@id":"https:\/\/progeo-cga.com\/ca\/projectes\/millora-del-terreny-i-fonamentacions-especials-projectes\/mina-de-tungste-barruecopardo\/#breadcrumb"},"inLanguage":"ca","potentialAction":[{"@type":"ReadAction","target":["https:\/\/progeo-cga.com\/ca\/projectes\/millora-del-terreny-i-fonamentacions-especials-projectes\/mina-de-tungste-barruecopardo\/"]}]},{"@type":"BreadcrumbList","@id":"https:\/\/progeo-cga.com\/ca\/projectes\/millora-del-terreny-i-fonamentacions-especials-projectes\/mina-de-tungste-barruecopardo\/#breadcrumb","itemListElement":[{"@type":"ListItem","position":1,"name":"Home","item":"https:\/\/progeo-cga.com\/ca\/"},{"@type":"ListItem","position":2,"name":"Projectes","item":"https:\/\/progeo-cga.com\/ca\/projectes\/"},{"@type":"ListItem","position":3,"name":"MILLORA DEL TERRENY I FONAMENTACIONS ESPECIALS &#8211; PROJECTES","item":"https:\/\/progeo-cga.com\/ca\/projectes\/millora-del-terreny-i-fonamentacions-especials-projectes\/"},{"@type":"ListItem","position":4,"name":"FONAMENTACIONS MINA TUNGST\u00c8, ESPANYA"}]},{"@type":"WebSite","@id":"https:\/\/progeo-cga.com\/#website","url":"https:\/\/progeo-cga.com\/","name":"PRO GEO","description":"GEOTECHNICAL CONSULTANTS","potentialAction":[{"@type":"SearchAction","target":{"@type":"EntryPoint","urlTemplate":"https:\/\/progeo-cga.com\/?s={search_term_string}"},"query-input":{"@type":"PropertyValueSpecification","valueRequired":true,"valueName":"search_term_string"}}],"inLanguage":"ca"}]}},"_links":{"self":[{"href":"https:\/\/progeo-cga.com\/ca\/wp-json\/wp\/v2\/pages\/1412","targetHints":{"allow":["GET"]}}],"collection":[{"href":"https:\/\/progeo-cga.com\/ca\/wp-json\/wp\/v2\/pages"}],"about":[{"href":"https:\/\/progeo-cga.com\/ca\/wp-json\/wp\/v2\/types\/page"}],"author":[{"embeddable":true,"href":"https:\/\/progeo-cga.com\/ca\/wp-json\/wp\/v2\/users\/3"}],"replies":[{"embeddable":true,"href":"https:\/\/progeo-cga.com\/ca\/wp-json\/wp\/v2\/comments?post=1412"}],"version-history":[{"count":3,"href":"https:\/\/progeo-cga.com\/ca\/wp-json\/wp\/v2\/pages\/1412\/revisions"}],"predecessor-version":[{"id":1483,"href":"https:\/\/progeo-cga.com\/ca\/wp-json\/wp\/v2\/pages\/1412\/revisions\/1483"}],"up":[{"embeddable":true,"href":"https:\/\/progeo-cga.com\/ca\/wp-json\/wp\/v2\/pages\/1675"}],"wp:attachment":[{"href":"https:\/\/progeo-cga.com\/ca\/wp-json\/wp\/v2\/media?parent=1412"}],"curies":[{"name":"wp","href":"https:\/\/api.w.org\/{rel}","templated":true}]}}