{"id":1235,"date":"2017-08-21T13:29:09","date_gmt":"2017-08-21T13:29:09","guid":{"rendered":"http:\/\/progeo-cga.com\/?page_id=1235\/"},"modified":"2017-08-21T15:30:51","modified_gmt":"2017-08-21T15:30:51","slug":"lrt-eglinton-crosstown-toronto","status":"publish","type":"page","link":"https:\/\/progeo-cga.com\/ca\/projectes\/tunels-i-obres-subterranies-projectes\/lrt-eglinton-crosstown-toronto\/","title":{"rendered":"LRT EGLINTON CROSSTOWN TORONTO, CANAD\u00c0"},"content":{"rendered":"[vc_row row_type=&#8221;3&#8243; blox_image=&#8221;1258&#8243; row_pattern=&#8221;max-pat&#8221;][vc_column][vc_empty_space height=&#8221;260px&#8221;][vc_column_text]\n<p class=\"head-nosotros\">LRT EGLINTON CROSSTOWN DE TORONTO (CANAD\u00c0, 2016-2017)<\/p>\n[\/vc_column_text][vc_empty_space height=&#8221;260px&#8221;][\/vc_column][\/vc_row][vc_row][vc_column][vc_empty_space height=&#8221;60px&#8221;][vc_row_inner][vc_column_inner width=&#8221;1\/2&#8243;][vc_column_text]LRT Eglinton Crosstown \u00e9s un tramvia lleuger que circular\u00e0 per l&#8217;avinguda Eglinton entre Mount Dennis (Weston Road) i Kennedy Station a Toronto, Canad\u00e0. Aquest corredor de 19 quil\u00f2metres inclour\u00e0 una part subterr\u00e0nia de 10 quil\u00f2metres entre Keele Street i Laird Drive.<\/p>\n<p>El Crosstown tindr\u00e0 fins a 25 estacions i parades. Vincular\u00e0 a 54 l\u00ednies d&#8217;autob\u00fas, tres estacions de metro i diverses l\u00ednies de GO Transit.[\/vc_column_text][\/vc_column_inner][vc_column_inner width=&#8221;1\/2&#8243;][vc_column_text]<strong>L&#8217;experi\u00e8ncia en el disseny subterrani de PRO GEO<\/strong> ha ajudat al nostre client en la modelitzaci\u00f3 geomec\u00e0nica de les seg\u00fcents estacions: Fairbank, Forest Hill, Chaplin i Mount Pleasant. Tamb\u00e9 hem cooperat en alguns aspectes relacionats amb l&#8217;\u00e0rea de East Portal i la Science Centre Station.[\/vc_column_text][\/vc_column_inner][\/vc_row_inner][vc_empty_space height=&#8221;60px&#8221;][vc_row_inner][vc_column_inner width=&#8221;1\/6&#8243;][\/vc_column_inner][vc_column_inner width=&#8221;2\/3&#8243;][vc_images_carousel images=&#8221;1231,1211,1212,1213,1214,1215,1216,1217,1218,1219,1220&#8243; img_size=&#8221;full&#8221; autoplay=&#8221;yes&#8221;][\/vc_column_inner][vc_column_inner width=&#8221;1\/6&#8243;][\/vc_column_inner][\/vc_row_inner][\/vc_column][\/vc_row][vc_row][vc_column][vc_empty_space][\/vc_column][\/vc_row]\n","protected":false},"excerpt":{"rendered":"<p>[vc_row row_type=&#8221;3&#8243; blox_image=&#8221;1258&#8243; row_pattern=&#8221;max-pat&#8221;][vc_column][vc_empty_space height=&#8221;260px&#8221;][vc_column_text] LRT EGLINTON CROSSTOWN DE TORONTO (CANAD\u00c0, 2016-2017) [\/vc_column_text][vc_empty_space height=&#8221;260px&#8221;][\/vc_column][\/vc_row][vc_row][vc_column][vc_empty_space height=&#8221;60px&#8221;][vc_row_inner][vc_column_inner width=&#8221;1\/2&#8243;][vc_column_text]LRT Eglinton Crosstown \u00e9s un tramvia lleuger que circular\u00e0 per l&#8217;avinguda Eglinton entre Mount Dennis (Weston Road) i Kennedy Station a Toronto, Canad\u00e0. Aquest corredor de 19 quil\u00f2metres inclour\u00e0 una part subterr\u00e0nia de 10 quil\u00f2metres entre Keele Street i Laird Drive. El Crosstown tindr\u00e0 fins a 25 estacions i parades&#8230;. <\/p>\n<p><a class=\"readmore\" href=\"https:\/\/progeo-cga.com\/ca\/projectes\/tunels-i-obres-subterranies-projectes\/lrt-eglinton-crosstown-toronto\/\">Read More<\/a><\/p>\n","protected":false},"author":3,"featured_media":0,"parent":1681,"menu_order":9,"comment_status":"closed","ping_status":"closed","template":"","meta":{"footnotes":""},"class_list":["post-1235","page","type-page","status-publish","hentry"],"yoast_head":"<!-- This site is optimized with the Yoast SEO plugin v24.0 - https:\/\/yoast.com\/wordpress\/plugins\/seo\/ -->\n<title>LRT Eglinton Crosstown Toronto, Canada | PRO GEO<\/title>\n<meta name=\"description\" content=\"PRO GEO ha modelitzat geomec\u00e0nicament les estacions Fairbank, Forest Hill, Chaplin i Mount Pleasant del LRT Eglinton crosstown, entre altres.\" \/>\n<meta name=\"robots\" content=\"index, follow, max-snippet:-1, max-image-preview:large, max-video-preview:-1\" \/>\n<link rel=\"canonical\" href=\"https:\/\/progeo-cga.com\/ca\/projectes\/tunels-i-obres-subterranies-projectes\/lrt-eglinton-crosstown-toronto\/\" \/>\n<meta property=\"og:locale\" content=\"ca_ES\" \/>\n<meta property=\"og:type\" content=\"article\" \/>\n<meta property=\"og:title\" content=\"LRT Eglinton Crosstown Toronto, Canada | PRO GEO\" \/>\n<meta property=\"og:description\" content=\"PRO GEO ha modelitzat geomec\u00e0nicament les estacions Fairbank, Forest Hill, Chaplin i Mount Pleasant del LRT Eglinton crosstown, entre altres.\" \/>\n<meta property=\"og:url\" content=\"https:\/\/progeo-cga.com\/ca\/projectes\/tunels-i-obres-subterranies-projectes\/lrt-eglinton-crosstown-toronto\/\" \/>\n<meta property=\"og:site_name\" content=\"PRO GEO\" \/>\n<meta property=\"article:modified_time\" content=\"2017-08-21T15:30:51+00:00\" \/>\n<meta name=\"twitter:card\" content=\"summary_large_image\" \/>\n<meta name=\"twitter:label1\" content=\"Temps estimat de lectura\" \/>\n\t<meta name=\"twitter:data1\" content=\"1 minut\" \/>\n<script type=\"application\/ld+json\" class=\"yoast-schema-graph\">{\"@context\":\"https:\/\/schema.org\",\"@graph\":[{\"@type\":\"WebPage\",\"@id\":\"https:\/\/progeo-cga.com\/ca\/projectes\/tunels-i-obres-subterranies-projectes\/lrt-eglinton-crosstown-toronto\/\",\"url\":\"https:\/\/progeo-cga.com\/ca\/projectes\/tunels-i-obres-subterranies-projectes\/lrt-eglinton-crosstown-toronto\/\",\"name\":\"LRT Eglinton Crosstown Toronto, Canada | PRO GEO\",\"isPartOf\":{\"@id\":\"https:\/\/progeo-cga.com\/#website\"},\"datePublished\":\"2017-08-21T13:29:09+00:00\",\"dateModified\":\"2017-08-21T15:30:51+00:00\",\"description\":\"PRO GEO ha modelitzat geomec\u00e0nicament les estacions Fairbank, Forest Hill, Chaplin i Mount Pleasant del LRT Eglinton crosstown, entre altres.\",\"breadcrumb\":{\"@id\":\"https:\/\/progeo-cga.com\/ca\/projectes\/tunels-i-obres-subterranies-projectes\/lrt-eglinton-crosstown-toronto\/#breadcrumb\"},\"inLanguage\":\"ca\",\"potentialAction\":[{\"@type\":\"ReadAction\",\"target\":[\"https:\/\/progeo-cga.com\/ca\/projectes\/tunels-i-obres-subterranies-projectes\/lrt-eglinton-crosstown-toronto\/\"]}]},{\"@type\":\"BreadcrumbList\",\"@id\":\"https:\/\/progeo-cga.com\/ca\/projectes\/tunels-i-obres-subterranies-projectes\/lrt-eglinton-crosstown-toronto\/#breadcrumb\",\"itemListElement\":[{\"@type\":\"ListItem\",\"position\":1,\"name\":\"Home\",\"item\":\"https:\/\/progeo-cga.com\/ca\/\"},{\"@type\":\"ListItem\",\"position\":2,\"name\":\"Projectes\",\"item\":\"https:\/\/progeo-cga.com\/ca\/projectes\/\"},{\"@type\":\"ListItem\",\"position\":3,\"name\":\"T\u00daNELS &#8211; PROJECTES\",\"item\":\"https:\/\/progeo-cga.com\/ca\/projectes\/tunels-i-obres-subterranies-projectes\/\"},{\"@type\":\"ListItem\",\"position\":4,\"name\":\"LRT EGLINTON CROSSTOWN TORONTO, CANAD\u00c0\"}]},{\"@type\":\"WebSite\",\"@id\":\"https:\/\/progeo-cga.com\/#website\",\"url\":\"https:\/\/progeo-cga.com\/\",\"name\":\"PRO GEO\",\"description\":\"GEOTECHNICAL CONSULTANTS\",\"potentialAction\":[{\"@type\":\"SearchAction\",\"target\":{\"@type\":\"EntryPoint\",\"urlTemplate\":\"https:\/\/progeo-cga.com\/?s={search_term_string}\"},\"query-input\":{\"@type\":\"PropertyValueSpecification\",\"valueRequired\":true,\"valueName\":\"search_term_string\"}}],\"inLanguage\":\"ca\"}]}<\/script>\n<!-- \/ Yoast SEO plugin. -->","yoast_head_json":{"title":"LRT Eglinton Crosstown Toronto, Canada | PRO GEO","description":"PRO GEO ha modelitzat geomec\u00e0nicament les estacions Fairbank, Forest Hill, Chaplin i Mount Pleasant del LRT Eglinton crosstown, entre altres.","robots":{"index":"index","follow":"follow","max-snippet":"max-snippet:-1","max-image-preview":"max-image-preview:large","max-video-preview":"max-video-preview:-1"},"canonical":"https:\/\/progeo-cga.com\/ca\/projectes\/tunels-i-obres-subterranies-projectes\/lrt-eglinton-crosstown-toronto\/","og_locale":"ca_ES","og_type":"article","og_title":"LRT Eglinton Crosstown Toronto, Canada | PRO GEO","og_description":"PRO GEO ha modelitzat geomec\u00e0nicament les estacions Fairbank, Forest Hill, Chaplin i Mount Pleasant del LRT Eglinton crosstown, entre altres.","og_url":"https:\/\/progeo-cga.com\/ca\/projectes\/tunels-i-obres-subterranies-projectes\/lrt-eglinton-crosstown-toronto\/","og_site_name":"PRO GEO","article_modified_time":"2017-08-21T15:30:51+00:00","twitter_card":"summary_large_image","twitter_misc":{"Temps estimat de lectura":"1 minut"},"schema":{"@context":"https:\/\/schema.org","@graph":[{"@type":"WebPage","@id":"https:\/\/progeo-cga.com\/ca\/projectes\/tunels-i-obres-subterranies-projectes\/lrt-eglinton-crosstown-toronto\/","url":"https:\/\/progeo-cga.com\/ca\/projectes\/tunels-i-obres-subterranies-projectes\/lrt-eglinton-crosstown-toronto\/","name":"LRT Eglinton Crosstown Toronto, Canada | PRO GEO","isPartOf":{"@id":"https:\/\/progeo-cga.com\/#website"},"datePublished":"2017-08-21T13:29:09+00:00","dateModified":"2017-08-21T15:30:51+00:00","description":"PRO GEO ha modelitzat geomec\u00e0nicament les estacions Fairbank, Forest Hill, Chaplin i Mount Pleasant del LRT Eglinton crosstown, entre altres.","breadcrumb":{"@id":"https:\/\/progeo-cga.com\/ca\/projectes\/tunels-i-obres-subterranies-projectes\/lrt-eglinton-crosstown-toronto\/#breadcrumb"},"inLanguage":"ca","potentialAction":[{"@type":"ReadAction","target":["https:\/\/progeo-cga.com\/ca\/projectes\/tunels-i-obres-subterranies-projectes\/lrt-eglinton-crosstown-toronto\/"]}]},{"@type":"BreadcrumbList","@id":"https:\/\/progeo-cga.com\/ca\/projectes\/tunels-i-obres-subterranies-projectes\/lrt-eglinton-crosstown-toronto\/#breadcrumb","itemListElement":[{"@type":"ListItem","position":1,"name":"Home","item":"https:\/\/progeo-cga.com\/ca\/"},{"@type":"ListItem","position":2,"name":"Projectes","item":"https:\/\/progeo-cga.com\/ca\/projectes\/"},{"@type":"ListItem","position":3,"name":"T\u00daNELS &#8211; PROJECTES","item":"https:\/\/progeo-cga.com\/ca\/projectes\/tunels-i-obres-subterranies-projectes\/"},{"@type":"ListItem","position":4,"name":"LRT EGLINTON CROSSTOWN TORONTO, CANAD\u00c0"}]},{"@type":"WebSite","@id":"https:\/\/progeo-cga.com\/#website","url":"https:\/\/progeo-cga.com\/","name":"PRO GEO","description":"GEOTECHNICAL CONSULTANTS","potentialAction":[{"@type":"SearchAction","target":{"@type":"EntryPoint","urlTemplate":"https:\/\/progeo-cga.com\/?s={search_term_string}"},"query-input":{"@type":"PropertyValueSpecification","valueRequired":true,"valueName":"search_term_string"}}],"inLanguage":"ca"}]}},"_links":{"self":[{"href":"https:\/\/progeo-cga.com\/ca\/wp-json\/wp\/v2\/pages\/1235","targetHints":{"allow":["GET"]}}],"collection":[{"href":"https:\/\/progeo-cga.com\/ca\/wp-json\/wp\/v2\/pages"}],"about":[{"href":"https:\/\/progeo-cga.com\/ca\/wp-json\/wp\/v2\/types\/page"}],"author":[{"embeddable":true,"href":"https:\/\/progeo-cga.com\/ca\/wp-json\/wp\/v2\/users\/3"}],"replies":[{"embeddable":true,"href":"https:\/\/progeo-cga.com\/ca\/wp-json\/wp\/v2\/comments?post=1235"}],"version-history":[{"count":6,"href":"https:\/\/progeo-cga.com\/ca\/wp-json\/wp\/v2\/pages\/1235\/revisions"}],"predecessor-version":[{"id":1263,"href":"https:\/\/progeo-cga.com\/ca\/wp-json\/wp\/v2\/pages\/1235\/revisions\/1263"}],"up":[{"embeddable":true,"href":"https:\/\/progeo-cga.com\/ca\/wp-json\/wp\/v2\/pages\/1681"}],"wp:attachment":[{"href":"https:\/\/progeo-cga.com\/ca\/wp-json\/wp\/v2\/media?parent=1235"}],"curies":[{"name":"wp","href":"https:\/\/api.w.org\/{rel}","templated":true}]}}